{"id":12172,"date":"2022-08-26T09:05:42","date_gmt":"2022-08-26T07:05:42","guid":{"rendered":"https:\/\/www.mbh.fr\/our-bases-location\/les-arcs\/helicopter-transfers-private-flights-les-arcs\/"},"modified":"2024-06-25T11:32:27","modified_gmt":"2024-06-25T09:32:27","slug":"helicopter-transfers-private-flights-les-arcs","status":"publish","type":"page","link":"https:\/\/www.mbh.fr\/en\/our-bases-location\/les-arcs\/helicopter-transfers-private-flights-les-arcs\/","title":{"rendered":"Helicopter transfers &amp; private flights Les Arcs"},"content":{"rendered":"<div class=\"wpb-content-wrapper\"><p>[vc_row bg_image=&#8221;9493&#8243; bg_repeat=&#8221;no-repeat&#8221; top_padding=&#8221;100&#8243; bottom_padding=&#8221;100&#8243;][vc_column width=&#8221;1\/2&#8243;][\/vc_column][vc_column bg_color=&#8221;rgba(0,0,0,0.5)&#8221; column_padding=&#8221;padding-5&#8243; column_center=&#8221;true&#8221; text_color=&#8221;light&#8221; width=&#8221;1\/2&#8243;][vc_column_text]<\/p>\n<h1 class=\"p1\">Helicopter transfers &amp; private flights <strong>Les Arcs<br \/>\n<\/strong><\/h1>\n<p>[\/vc_column_text][\/vc_column][\/vc_row][vc_row top_padding=&#8221;50&#8243; bottom_padding=&#8221;50&#8243;][vc_column width=&#8221;1\/6&#8243;][\/vc_column][vc_column width=&#8221;2\/3&#8243;][vc_btn title=&#8221;Back to Les Arcs base&#8221; style=&#8221;classic&#8221; shape=&#8221;square&#8221; color=&#8221;black&#8221; align=&#8221;center&#8221; i_icon_fontawesome=&#8221;fas fa-undo&#8221; add_icon=&#8221;true&#8221; link=&#8221;url:https%3A%2F%2Fwww.mbh.fr%2Fen%2Four-bases-location%2Fles-arcs%2F|title:LES%20ARCS|&#8221;][vc_column_text]<\/p>\n<p class=\"p1\" style=\"text-align: center;\">Mont Blanc H\u00e9licopt\u00e8res Les Arcs offers you a unique helicopter experience. Each flight can be adjusted according to your wishes. Ready to take off ?<\/p>\n<p>[\/vc_column_text][\/vc_column][vc_column width=&#8221;1\/6&#8243;][\/vc_column][\/vc_row][vc_row][vc_column width=&#8221;1\/1&#8243;][vc_column_text]<\/p>\n<h2 class=\"p1\" style=\"text-align: center;\"><strong>Helicopter transfers<\/strong> in Les Arcs<\/h2>\n<p>[\/vc_column_text]<div class=\"newdivider align-center\" style=\"border-bottom-style: solid; border-color: #eeeeee; border-bottom-width: 4px; margin-top: 25px; margin-bottom: 25px; width: 10%; \"><\/div><div class=\"clear\"><\/div>[vc_row_inner][vc_column_inner width=&#8221;1\/2&#8243;][vc_column_text]Our helicopters are available for all your private or business trips in France and Europe.<\/p>\n<p>Mont Blanc H\u00e9licopt\u00e8res Les Arcs holds an air carrier certificate CTA FR.AOC.0039.<\/p>\n<p>Our helicopters are available for all your private or business trips in France and Europe.<\/p>\n<p>Example destinations : Alpes d\u2019Huez, Val d\u2019Is\u00e8re, Annecy, Flaine, Les Arcs, Chamonix, Meg\u00e8ve, Courchevel, Gen\u00e8ve, Gstaad, Verbier, St Moritz, Cannes, Nice, Monaco, St Tropez, Milan, Courmayeur and many others\u2026<\/p>\n<p>We can land on your property, subject to compliance with the regulations in force!<\/p>\n<p><strong>Our helicopters are available for all your private or business trips in France and Europe. We can also land at your property or factory.<\/strong>[\/vc_column_text][vc_btn title=&#8221;Contact us&#8221; style=&#8221;classic&#8221; shape=&#8221;square&#8221; color=&#8221;black&#8221; align=&#8221;left&#8221; link=&#8221;url:https%3A%2F%2Fwww.mbh.fr%2Fen%2Fcontact%2F|title:CONTACT|&#8221; el_class=&#8221;btn-contact&#8221;][\/vc_column_inner][vc_column_inner width=&#8221;1\/2&#8243;][vc_single_image image=&#8221;9505&#8243; img_size=&#8221;medium&#8221; onclick=&#8221;link_image&#8221;][\/vc_column_inner][\/vc_row_inner][vc_empty_space height=&#8221;50px&#8221;][\/vc_column][\/vc_row][vc_row][vc_column width=&#8221;1\/1&#8243;][vc_column_text]<\/p>\n<h2 style=\"text-align: center;\"><strong>Flight Experiences<\/strong> in Les Arcs<\/h2>\n<p style=\"text-align: center;\">Mont Blanc Helicopter Les Arcs has listed for your pleasure many hotels and restaurants where it is possible to land by helicopter. Choose your region and let us be your guide!<\/p>\n<p>[\/vc_column_text]<div class=\"newdivider align-center\" style=\"border-bottom-style: solid; border-color: #eeeeee; border-bottom-width: 4px; margin-top: 50px; margin-bottom: 50px; width: 10%; \"><\/div><div class=\"clear\"><\/div>[vc_row_inner][vc_column_inner width=&#8221;1\/2&#8243;][vc_single_image image=&#8221;9487&#8243; img_size=&#8221;medium&#8221; onclick=&#8221;link_image&#8221;][vc_single_image image=&#8221;9475&#8243; img_size=&#8221;medium&#8221; onclick=&#8221;link_image&#8221;][\/vc_column_inner][vc_column_inner width=&#8221;1\/2&#8243;][vc_column_text]<\/p>\n<h2>Skiers Resume<\/h2>\n<p><strong>This activity is practiced in France only<\/strong><\/p>\n<p>For all the off-piste skiing and thrill seekers, come and enjoy our helicopters to pick you up after your run and bring you closer to your next destination.[\/vc_column_text][vc_column_text]<\/p>\n<h2>Heli-skiing<\/h2>\n<p><strong>This activity is practiced in Switzerland and Italy only<br \/>\n<\/strong><\/p>\n<p>For all the off-piste skiing and thrill seekers, come and enjoy our helicopters to pick you up after your run and bring you closer to your next destination.<i><\/i>[\/vc_column_text][vc_btn title=&#8221;Contact us&#8221; style=&#8221;classic&#8221; shape=&#8221;square&#8221; color=&#8221;black&#8221; align=&#8221;left&#8221; link=&#8221;url:https%3A%2F%2Fwww.mbh.fr%2Fen%2Fcontact%2F|title:CONTACT|&#8221; el_class=&#8221;btn-contact&#8221;][vc_btn title=&#8221;Our suggestions&#8221; style=&#8221;classic&#8221; shape=&#8221;square&#8221; color=&#8221;black&#8221; align=&#8221;left&#8221; link=&#8221;url:https%3A%2F%2Fwww.mbh.fr%2Fwp-content%2Fuploads%2F2022%2F02%2FFiche_DZ-Reprise-skieurs_Heliski.pdf|target:_blank|&#8221; el_class=&#8221;btn-contact&#8221;][\/vc_column_inner][\/vc_row_inner]<div class=\"newdivider align-center\" style=\"border-bottom-style: solid; border-color: #eeeeee; border-bottom-width: 4px; margin-top: 50px; margin-bottom: 50px; width: 10%; \"><\/div><div class=\"clear\"><\/div>[vc_row_inner][vc_column_inner width=&#8221;1\/2&#8243;][vc_column_text]<\/p>\n<h2>Heli-Gastronomy<\/h2>\n<h4>Want to escape to a restaurant?<\/h4>\n<p>A feast for the eyes and the taste buds. Enjoy an unforgettable getaway: we will drop you off by helicopter on the doorstep of a well-known establishment or a star-rated restaurant.<\/p>\n<p><em>Please do not hesitate to contact our team for any requests and we will provide you with a personalised quotation.<\/em>[\/vc_column_text][vc_btn title=&#8221;Contact us&#8221; style=&#8221;classic&#8221; shape=&#8221;square&#8221; color=&#8221;black&#8221; align=&#8221;left&#8221; link=&#8221;url:https%3A%2F%2Fwww.mbh.fr%2Fen%2Fcontact%2F|title:CONTACT|&#8221; el_class=&#8221;btn-contact&#8221;][\/vc_column_inner][vc_column_inner width=&#8221;1\/2&#8243;][vc_single_image image=&#8221;9481&#8243; img_size=&#8221;medium&#8221; onclick=&#8221;link_image&#8221;][\/vc_column_inner][\/vc_row_inner]<div class=\"newdivider align-center\" style=\"border-bottom-style: solid; border-color: #eeeeee; border-bottom-width: 4px; margin-top: 50px; margin-bottom: 50px; width: 10%; \"><\/div><div class=\"clear\"><\/div><div class=\"newdivider align-center\" style=\"border-bottom-style: solid; border-color: #eeeeee; border-bottom-width: 4px; margin-top: 50px; margin-bottom: 50px; width: 10%; \"><\/div><div class=\"clear\"><\/div>[vc_row_inner][vc_column_inner width=&#8221;1\/2&#8243;][vc_single_image image=&#8221;9490&#8243; img_size=&#8221;medium&#8221; onclick=&#8221;link_image&#8221;][\/vc_column_inner][vc_column_inner width=&#8221;1\/2&#8243;][vc_column_text]<\/p>\n<h2>Weddings<\/h2>\n<p><strong>Are you planning to get married and want to surprise your guests?<\/strong><\/p>\n<p>Arriving by helicopter will undoubtedly have that effect! Dazzle your family and friends on the best day of your life.<\/p>\n<p><em>Please do not hesitate to contact our team for any requests and we will provide you with a personalised quotation.<\/em>[\/vc_column_text][vc_btn title=&#8221;Contact us&#8221; style=&#8221;classic&#8221; shape=&#8221;square&#8221; color=&#8221;black&#8221; align=&#8221;left&#8221; link=&#8221;url:https%3A%2F%2Fwww.mbh.fr%2Fen%2Fcontact%2F|title:CONTACT|&#8221; el_class=&#8221;btn-contact&#8221;][\/vc_column_inner][\/vc_row_inner][vc_empty_space height=&#8221;50px&#8221;][\/vc_column][\/vc_row]<\/p>\n<\/div>","protected":false},"excerpt":{"rendered":"<p>[vc_row bg_image=&#8221;9493&#8243; bg_repeat=&#8221;no-repeat&#8221; top_padding=&#8221;100&#8243; bottom_padding=&#8221;100&#8243;][vc_column width=&#8221;1\/2&#8243;][\/vc_column][vc_column bg_color=&#8221;rgba(0,0,0,0.5)&#8221; column_padding=&#8221;padding-5&#8243; column_center=&#8221;true&#8221; text_color=&#8221;light&#8221; width=&#8221;1\/2&#8243;][vc_column_text] Helicopter transfers &amp; private flights Les Arcs [\/vc_column_text][\/vc_column][\/vc_row][vc_row top_padding=&#8221;50&#8243; bottom_padding=&#8221;50&#8243;][vc_column width=&#8221;1\/6&#8243;][\/vc_column][vc_column width=&#8221;2\/3&#8243;][vc_btn title=&#8221;Back to Les Arcs base&#8221; style=&#8221;classic&#8221; shape=&#8221;square&#8221; color=&#8221;black&#8221; align=&#8221;center&#8221; i_icon_fontawesome=&#8221;fas fa-undo&#8221; add_icon=&#8221;true&#8221; link=&#8221;url:https%3A%2F%2Fwww.mbh.fr%2Fen%2Four-bases-location%2Fles-arcs%2F|title:LES%20ARCS|&#8221;][vc_column_text] Mont Blanc H\u00e9licopt\u00e8res Les Arcs offers you a unique helicopter experience. Each flight can be adjusted according to your wishes. Ready to take off ? [\/vc_column_text][\/vc_column][vc_column width=&#8221;1\/6&#8243;][\/vc_column][\/vc_row][vc_row][vc_column width=&#8221;1\/1&#8243;][vc_column_text] Helicopter transfers in Les Arcs [\/vc_column_text][vc_row_inner][vc_column_inner width=&#8221;1\/2&#8243;][vc_column_text]Our helicopters are available for all your private or business trips in France and Europe. Mont Blanc H\u00e9licopt\u00e8res Les Arcs holds an air carrier certificate CTA FR.AOC.0039. Our helicopters are available for all your private or business trips in France and Europe. Example destinations : Alpes d\u2019Huez, Val d\u2019Is\u00e8re, Annecy, Flaine, Les Arcs, Chamonix, Meg\u00e8ve, Courchevel, Gen\u00e8ve, Gstaad, Verbier, St Moritz, Cannes, Nice, Monaco, St Tropez, Milan, Courmayeur and many others\u2026 We can land on your property, subject to compliance with the regulations in force! Our helicopters are available for all your private or business trips in France and Europe. We can also land at your property or factory.[\/vc_column_text][vc_btn title=&#8221;Contact us&#8221; style=&#8221;classic&#8221; shape=&#8221;square&#8221; color=&#8221;black&#8221; align=&#8221;left&#8221; link=&#8221;url:https%3A%2F%2Fwww.mbh.fr%2Fen%2Fcontact%2F|title:CONTACT|&#8221; el_class=&#8221;btn-contact&#8221;][\/vc_column_inner][vc_column_inner width=&#8221;1\/2&#8243;][vc_single_image image=&#8221;9505&#8243; img_size=&#8221;medium&#8221; onclick=&#8221;link_image&#8221;][\/vc_column_inner][\/vc_row_inner][vc_empty_space height=&#8221;50px&#8221;][\/vc_column][\/vc_row][vc_row][vc_column width=&#8221;1\/1&#8243;][vc_column_text] Flight Experiences in Les Arcs Mont Blanc [&hellip;]<\/p>\n","protected":false},"author":7,"featured_media":0,"parent":6990,"menu_order":0,"comment_status":"closed","ping_status":"closed","template":"page-base.php","meta":{"_acf_changed":false,"footnotes":""},"class_list":["post-12172","page","type-page","status-publish","hentry"],"acf":[],"yoast_head":"<!-- This site is optimized with the Yoast SEO plugin v26.9 - https:\/\/yoast.com\/product\/yoast-seo-wordpress\/ -->\n<title>Helicopter transfers &amp; private flights Les Arcs - Mont Blanc Helicopt\u00e8res<\/title>\n<meta name=\"robots\" content=\"index, follow, max-snippet:-1, max-image-preview:large, max-video-preview:-1\" \/>\n<link rel=\"canonical\" href=\"https:\/\/www.mbh.fr\/en\/our-bases-location\/les-arcs\/helicopter-transfers-private-flights-les-arcs\/\" \/>\n<meta property=\"og:locale\" content=\"en_US\" \/>\n<meta property=\"og:type\" content=\"article\" \/>\n<meta property=\"og:title\" content=\"Helicopter transfers &amp; private flights Les Arcs - Mont Blanc Helicopt\u00e8res\" \/>\n<meta property=\"og:description\" content=\"[vc_row bg_image=&#8221;9493&#8243; bg_repeat=&#8221;no-repeat&#8221; top_padding=&#8221;100&#8243; bottom_padding=&#8221;100&#8243;][vc_column width=&#8221;1\/2&#8243;][\/vc_column][vc_column bg_color=&#8221;rgba(0,0,0,0.5)&#8221; column_padding=&#8221;padding-5&#8243; column_center=&#8221;true&#8221; text_color=&#8221;light&#8221; width=&#8221;1\/2&#8243;][vc_column_text] Helicopter transfers &amp; private flights Les Arcs [\/vc_column_text][\/vc_column][\/vc_row][vc_row top_padding=&#8221;50&#8243; bottom_padding=&#8221;50&#8243;][vc_column width=&#8221;1\/6&#8243;][\/vc_column][vc_column width=&#8221;2\/3&#8243;][vc_btn title=&#8221;Back to Les Arcs base&#8221; style=&#8221;classic&#8221; shape=&#8221;square&#8221; color=&#8221;black&#8221; align=&#8221;center&#8221; i_icon_fontawesome=&#8221;fas fa-undo&#8221; add_icon=&#8221;true&#8221; link=&#8221;url:https%3A%2F%2Fwww.mbh.fr%2Fen%2Four-bases-location%2Fles-arcs%2F|title:LES%20ARCS|&#8221;][vc_column_text] Mont Blanc H\u00e9licopt\u00e8res Les Arcs offers you a unique helicopter experience. Each flight can be adjusted according to your wishes. Ready to take off ? [\/vc_column_text][\/vc_column][vc_column width=&#8221;1\/6&#8243;][\/vc_column][\/vc_row][vc_row][vc_column width=&#8221;1\/1&#8243;][vc_column_text] Helicopter transfers in Les Arcs [\/vc_column_text][vc_row_inner][vc_column_inner width=&#8221;1\/2&#8243;][vc_column_text]Our helicopters are available for all your private or business trips in France and Europe. Mont Blanc H\u00e9licopt\u00e8res Les Arcs holds an air carrier certificate CTA FR.AOC.0039. Our helicopters are available for all your private or business trips in France and Europe. Example destinations : Alpes d\u2019Huez, Val d\u2019Is\u00e8re, Annecy, Flaine, Les Arcs, Chamonix, Meg\u00e8ve, Courchevel, Gen\u00e8ve, Gstaad, Verbier, St Moritz, Cannes, Nice, Monaco, St Tropez, Milan, Courmayeur and many others\u2026 We can land on your property, subject to compliance with the regulations in force! Our helicopters are available for all your private or business trips in France and Europe. We can also land at your property or factory.[\/vc_column_text][vc_btn title=&#8221;Contact us&#8221; style=&#8221;classic&#8221; shape=&#8221;square&#8221; color=&#8221;black&#8221; align=&#8221;left&#8221; link=&#8221;url:https%3A%2F%2Fwww.mbh.fr%2Fen%2Fcontact%2F|title:CONTACT|&#8221; el_class=&#8221;btn-contact&#8221;][\/vc_column_inner][vc_column_inner width=&#8221;1\/2&#8243;][vc_single_image image=&#8221;9505&#8243; img_size=&#8221;medium&#8221; onclick=&#8221;link_image&#8221;][\/vc_column_inner][\/vc_row_inner][vc_empty_space height=&#8221;50px&#8221;][\/vc_column][\/vc_row][vc_row][vc_column width=&#8221;1\/1&#8243;][vc_column_text] Flight Experiences in Les Arcs Mont Blanc [&hellip;]\" \/>\n<meta property=\"og:url\" content=\"https:\/\/www.mbh.fr\/en\/our-bases-location\/les-arcs\/helicopter-transfers-private-flights-les-arcs\/\" \/>\n<meta property=\"og:site_name\" content=\"Mont Blanc Helicopt\u00e8res\" \/>\n<meta property=\"article:publisher\" content=\"https:\/\/www.facebook.com\/MontBlancHelicopteres\/\" \/>\n<meta property=\"article:modified_time\" content=\"2024-06-25T09:32:27+00:00\" \/>\n<meta name=\"twitter:card\" content=\"summary_large_image\" \/>\n<meta name=\"twitter:site\" content=\"@MBHelicopteres\" \/>\n<meta name=\"twitter:label1\" content=\"Est. reading time\" \/>\n\t<meta name=\"twitter:data1\" content=\"4 minutes\" \/>\n<script type=\"application\/ld+json\" class=\"yoast-schema-graph\">{\"@context\":\"https:\/\/schema.org\",\"@graph\":[{\"@type\":\"WebPage\",\"@id\":\"https:\/\/www.mbh.fr\/en\/our-bases-location\/les-arcs\/helicopter-transfers-private-flights-les-arcs\/\",\"url\":\"https:\/\/www.mbh.fr\/en\/our-bases-location\/les-arcs\/helicopter-transfers-private-flights-les-arcs\/\",\"name\":\"Helicopter transfers &amp; private flights Les Arcs - Mont Blanc Helicopt\u00e8res\",\"isPartOf\":{\"@id\":\"https:\/\/www.mbh.fr\/fr\/#website\"},\"datePublished\":\"2022-08-26T07:05:42+00:00\",\"dateModified\":\"2024-06-25T09:32:27+00:00\",\"breadcrumb\":{\"@id\":\"https:\/\/www.mbh.fr\/en\/our-bases-location\/les-arcs\/helicopter-transfers-private-flights-les-arcs\/#breadcrumb\"},\"inLanguage\":\"en-US\",\"potentialAction\":[{\"@type\":\"ReadAction\",\"target\":[\"https:\/\/www.mbh.fr\/en\/our-bases-location\/les-arcs\/helicopter-transfers-private-flights-les-arcs\/\"]}]},{\"@type\":\"BreadcrumbList\",\"@id\":\"https:\/\/www.mbh.fr\/en\/our-bases-location\/les-arcs\/helicopter-transfers-private-flights-les-arcs\/#breadcrumb\",\"itemListElement\":[{\"@type\":\"ListItem\",\"position\":1,\"name\":\"Accueil\",\"item\":\"https:\/\/www.mbh.fr\/en\/\"},{\"@type\":\"ListItem\",\"position\":2,\"name\":\"OUR BASES\",\"item\":\"https:\/\/www.mbh.fr\/en\/our-bases-location\/\"},{\"@type\":\"ListItem\",\"position\":3,\"name\":\"LES ARCS\",\"item\":\"https:\/\/www.mbh.fr\/en\/our-bases-location\/les-arcs\/\"},{\"@type\":\"ListItem\",\"position\":4,\"name\":\"Helicopter transfers &amp; private flights Les Arcs\"}]},{\"@type\":\"WebSite\",\"@id\":\"https:\/\/www.mbh.fr\/fr\/#website\",\"url\":\"https:\/\/www.mbh.fr\/fr\/\",\"name\":\"Mont Blanc Helicopt\u00e8res\",\"description\":\"\",\"publisher\":{\"@id\":\"https:\/\/www.mbh.fr\/fr\/#organization\"},\"potentialAction\":[{\"@type\":\"SearchAction\",\"target\":{\"@type\":\"EntryPoint\",\"urlTemplate\":\"https:\/\/www.mbh.fr\/fr\/?s={search_term_string}\"},\"query-input\":{\"@type\":\"PropertyValueSpecification\",\"valueRequired\":true,\"valueName\":\"search_term_string\"}}],\"inLanguage\":\"en-US\"},{\"@type\":\"Organization\",\"@id\":\"https:\/\/www.mbh.fr\/fr\/#organization\",\"name\":\"mont blanc h\u00e9licopt\u00e8res\",\"url\":\"https:\/\/www.mbh.fr\/fr\/\",\"logo\":{\"@type\":\"ImageObject\",\"inLanguage\":\"en-US\",\"@id\":\"https:\/\/www.mbh.fr\/fr\/#\/schema\/logo\/image\/\",\"url\":\"\",\"contentUrl\":\"\",\"caption\":\"mont blanc h\u00e9licopt\u00e8res\"},\"image\":{\"@id\":\"https:\/\/www.mbh.fr\/fr\/#\/schema\/logo\/image\/\"},\"sameAs\":[\"https:\/\/www.facebook.com\/MontBlancHelicopteres\/\",\"https:\/\/x.com\/MBHelicopteres\",\"https:\/\/www.instagram.com\/montblanchelicopteres\/\",\"https:\/\/www.linkedin.com\/company\/715290\/\"]}]}<\/script>\n<!-- \/ Yoast SEO plugin. -->","yoast_head_json":{"title":"Helicopter transfers &amp; private flights Les Arcs - Mont Blanc Helicopt\u00e8res","robots":{"index":"index","follow":"follow","max-snippet":"max-snippet:-1","max-image-preview":"max-image-preview:large","max-video-preview":"max-video-preview:-1"},"canonical":"https:\/\/www.mbh.fr\/en\/our-bases-location\/les-arcs\/helicopter-transfers-private-flights-les-arcs\/","og_locale":"en_US","og_type":"article","og_title":"Helicopter transfers &amp; private flights Les Arcs - Mont Blanc Helicopt\u00e8res","og_description":"[vc_row bg_image=&#8221;9493&#8243; bg_repeat=&#8221;no-repeat&#8221; top_padding=&#8221;100&#8243; bottom_padding=&#8221;100&#8243;][vc_column width=&#8221;1\/2&#8243;][\/vc_column][vc_column bg_color=&#8221;rgba(0,0,0,0.5)&#8221; column_padding=&#8221;padding-5&#8243; column_center=&#8221;true&#8221; text_color=&#8221;light&#8221; width=&#8221;1\/2&#8243;][vc_column_text] Helicopter transfers &amp; private flights Les Arcs [\/vc_column_text][\/vc_column][\/vc_row][vc_row top_padding=&#8221;50&#8243; bottom_padding=&#8221;50&#8243;][vc_column width=&#8221;1\/6&#8243;][\/vc_column][vc_column width=&#8221;2\/3&#8243;][vc_btn title=&#8221;Back to Les Arcs base&#8221; style=&#8221;classic&#8221; shape=&#8221;square&#8221; color=&#8221;black&#8221; align=&#8221;center&#8221; i_icon_fontawesome=&#8221;fas fa-undo&#8221; add_icon=&#8221;true&#8221; link=&#8221;url:https%3A%2F%2Fwww.mbh.fr%2Fen%2Four-bases-location%2Fles-arcs%2F|title:LES%20ARCS|&#8221;][vc_column_text] Mont Blanc H\u00e9licopt\u00e8res Les Arcs offers you a unique helicopter experience. Each flight can be adjusted according to your wishes. Ready to take off ? [\/vc_column_text][\/vc_column][vc_column width=&#8221;1\/6&#8243;][\/vc_column][\/vc_row][vc_row][vc_column width=&#8221;1\/1&#8243;][vc_column_text] Helicopter transfers in Les Arcs [\/vc_column_text][vc_row_inner][vc_column_inner width=&#8221;1\/2&#8243;][vc_column_text]Our helicopters are available for all your private or business trips in France and Europe. Mont Blanc H\u00e9licopt\u00e8res Les Arcs holds an air carrier certificate CTA FR.AOC.0039. Our helicopters are available for all your private or business trips in France and Europe. Example destinations : Alpes d\u2019Huez, Val d\u2019Is\u00e8re, Annecy, Flaine, Les Arcs, Chamonix, Meg\u00e8ve, Courchevel, Gen\u00e8ve, Gstaad, Verbier, St Moritz, Cannes, Nice, Monaco, St Tropez, Milan, Courmayeur and many others\u2026 We can land on your property, subject to compliance with the regulations in force! Our helicopters are available for all your private or business trips in France and Europe. We can also land at your property or factory.[\/vc_column_text][vc_btn title=&#8221;Contact us&#8221; style=&#8221;classic&#8221; shape=&#8221;square&#8221; color=&#8221;black&#8221; align=&#8221;left&#8221; link=&#8221;url:https%3A%2F%2Fwww.mbh.fr%2Fen%2Fcontact%2F|title:CONTACT|&#8221; el_class=&#8221;btn-contact&#8221;][\/vc_column_inner][vc_column_inner width=&#8221;1\/2&#8243;][vc_single_image image=&#8221;9505&#8243; img_size=&#8221;medium&#8221; onclick=&#8221;link_image&#8221;][\/vc_column_inner][\/vc_row_inner][vc_empty_space height=&#8221;50px&#8221;][\/vc_column][\/vc_row][vc_row][vc_column width=&#8221;1\/1&#8243;][vc_column_text] Flight Experiences in Les Arcs Mont Blanc [&hellip;]","og_url":"https:\/\/www.mbh.fr\/en\/our-bases-location\/les-arcs\/helicopter-transfers-private-flights-les-arcs\/","og_site_name":"Mont Blanc Helicopt\u00e8res","article_publisher":"https:\/\/www.facebook.com\/MontBlancHelicopteres\/","article_modified_time":"2024-06-25T09:32:27+00:00","twitter_card":"summary_large_image","twitter_site":"@MBHelicopteres","twitter_misc":{"Est. reading time":"4 minutes"},"schema":{"@context":"https:\/\/schema.org","@graph":[{"@type":"WebPage","@id":"https:\/\/www.mbh.fr\/en\/our-bases-location\/les-arcs\/helicopter-transfers-private-flights-les-arcs\/","url":"https:\/\/www.mbh.fr\/en\/our-bases-location\/les-arcs\/helicopter-transfers-private-flights-les-arcs\/","name":"Helicopter transfers &amp; private flights Les Arcs - Mont Blanc Helicopt\u00e8res","isPartOf":{"@id":"https:\/\/www.mbh.fr\/fr\/#website"},"datePublished":"2022-08-26T07:05:42+00:00","dateModified":"2024-06-25T09:32:27+00:00","breadcrumb":{"@id":"https:\/\/www.mbh.fr\/en\/our-bases-location\/les-arcs\/helicopter-transfers-private-flights-les-arcs\/#breadcrumb"},"inLanguage":"en-US","potentialAction":[{"@type":"ReadAction","target":["https:\/\/www.mbh.fr\/en\/our-bases-location\/les-arcs\/helicopter-transfers-private-flights-les-arcs\/"]}]},{"@type":"BreadcrumbList","@id":"https:\/\/www.mbh.fr\/en\/our-bases-location\/les-arcs\/helicopter-transfers-private-flights-les-arcs\/#breadcrumb","itemListElement":[{"@type":"ListItem","position":1,"name":"Accueil","item":"https:\/\/www.mbh.fr\/en\/"},{"@type":"ListItem","position":2,"name":"OUR BASES","item":"https:\/\/www.mbh.fr\/en\/our-bases-location\/"},{"@type":"ListItem","position":3,"name":"LES ARCS","item":"https:\/\/www.mbh.fr\/en\/our-bases-location\/les-arcs\/"},{"@type":"ListItem","position":4,"name":"Helicopter transfers &amp; private flights Les Arcs"}]},{"@type":"WebSite","@id":"https:\/\/www.mbh.fr\/fr\/#website","url":"https:\/\/www.mbh.fr\/fr\/","name":"Mont Blanc Helicopt\u00e8res","description":"","publisher":{"@id":"https:\/\/www.mbh.fr\/fr\/#organization"},"potentialAction":[{"@type":"SearchAction","target":{"@type":"EntryPoint","urlTemplate":"https:\/\/www.mbh.fr\/fr\/?s={search_term_string}"},"query-input":{"@type":"PropertyValueSpecification","valueRequired":true,"valueName":"search_term_string"}}],"inLanguage":"en-US"},{"@type":"Organization","@id":"https:\/\/www.mbh.fr\/fr\/#organization","name":"mont blanc h\u00e9licopt\u00e8res","url":"https:\/\/www.mbh.fr\/fr\/","logo":{"@type":"ImageObject","inLanguage":"en-US","@id":"https:\/\/www.mbh.fr\/fr\/#\/schema\/logo\/image\/","url":"","contentUrl":"","caption":"mont blanc h\u00e9licopt\u00e8res"},"image":{"@id":"https:\/\/www.mbh.fr\/fr\/#\/schema\/logo\/image\/"},"sameAs":["https:\/\/www.facebook.com\/MontBlancHelicopteres\/","https:\/\/x.com\/MBHelicopteres","https:\/\/www.instagram.com\/montblanchelicopteres\/","https:\/\/www.linkedin.com\/company\/715290\/"]}]}},"_links":{"self":[{"href":"https:\/\/www.mbh.fr\/en\/wp-json\/wp\/v2\/pages\/12172","targetHints":{"allow":["GET"]}}],"collection":[{"href":"https:\/\/www.mbh.fr\/en\/wp-json\/wp\/v2\/pages"}],"about":[{"href":"https:\/\/www.mbh.fr\/en\/wp-json\/wp\/v2\/types\/page"}],"author":[{"embeddable":true,"href":"https:\/\/www.mbh.fr\/en\/wp-json\/wp\/v2\/users\/7"}],"replies":[{"embeddable":true,"href":"https:\/\/www.mbh.fr\/en\/wp-json\/wp\/v2\/comments?post=12172"}],"version-history":[{"count":7,"href":"https:\/\/www.mbh.fr\/en\/wp-json\/wp\/v2\/pages\/12172\/revisions"}],"predecessor-version":[{"id":14075,"href":"https:\/\/www.mbh.fr\/en\/wp-json\/wp\/v2\/pages\/12172\/revisions\/14075"}],"up":[{"embeddable":true,"href":"https:\/\/www.mbh.fr\/en\/wp-json\/wp\/v2\/pages\/6990"}],"wp:attachment":[{"href":"https:\/\/www.mbh.fr\/en\/wp-json\/wp\/v2\/media?parent=12172"}],"curies":[{"name":"wp","href":"https:\/\/api.w.org\/{rel}","templated":true}]}}