{"id":12296,"date":"2022-08-30T09:43:13","date_gmt":"2022-08-30T07:43:13","guid":{"rendered":"https:\/\/www.mbh.fr\/our-bases-location\/paris\/"},"modified":"2025-06-20T11:16:09","modified_gmt":"2025-06-20T09:16:09","slug":"paris-saclay-versailles-2","status":"publish","type":"page","link":"https:\/\/www.mbh.fr\/en\/our-bases-location\/paris-saclay-versailles-2\/","title":{"rendered":"PARIS"},"content":{"rendered":"<div class=\"wpb-content-wrapper\"><p>[vc_row bg_image=&#8221;11081&#8243; top_padding=&#8221;200&#8243; bottom_padding=&#8221;200&#8243;][vc_column width=&#8221;1\/2&#8243;][\/vc_column][vc_column width=&#8221;1\/2&#8243;][\/vc_column][\/vc_row][vc_row top_padding=&#8221;50&#8243; bottom_padding=&#8221;50&#8243; class=&#8221;base-content&#8221;][vc_column width=&#8221;2\/3&#8243;][vc_column_text]<\/p>\n<h1 class=\"p1\">Helicopter flights <strong>from Paris<\/strong><\/h1>\n<p>[\/vc_column_text][vc_column_text]<\/p>\n<h2>Take a helicopter flight over the ch\u00e2teaux of Ile-de-France !<\/h2>\n<p>[\/vc_column_text]<div class=\"newdivider align-left\" style=\"border-bottom-style: solid; border-color: #eeeeee; border-bottom-width: 4px; margin-top: 25px; margin-bottom: 25px; width: 10%; \"><\/div><div class=\"clear\"><\/div>[vc_row_inner][vc_column_inner width=&#8221;2\/3&#8243;][vc_column_text]Take off from Paris-Saclay-Versailles airport in one of our helicopters for a panoramic flight. You&#8217;ll be able to admire some of the region&#8217;s most beautiful ch\u00e2teaux, including the Ch\u00e2teau de Versailles and the Ch\u00e2teau de la Vall\u00e9e de Chevreuse.<\/p>\n<p>You can also take advantage of our helicopter transfer services to and from the town of Toussus-le-Noble and reach your destination in complete safety. Let yourself be tempted by an extraordinary experience with our gastronomic flights to the region&#8217;s top Michelin-starred restaurants.<\/p>\n<p>Want to put yourself in the shoes of a pilot? Book an introductory flight with an instructor and experience a dream moment: take off, take control, fly and land near the capital ![\/vc_column_text][\/vc_column_inner][vc_column_inner width=&#8221;1\/3&#8243;][\/vc_column_inner][\/vc_row_inner][\/vc_column][vc_column width=&#8221;1\/3&#8243;]<div class=\"minti_boxedholder   clearfix\" style=\"padding: 20px; margin: 0px 0px 20px 0px; background-color: #f8f8f8; border-width: 1; border-color: #eeeeee; \">[vc_column_text]<strong>A\u00e9roport de Paris Saclay Versailles<\/strong><br \/>\nBat 113 ZONE EST<br \/>\n78117 Toussus-Le-Noble[\/vc_column_text][vc_btn title=&#8221;Google Map&#8221; style=&#8221;classic&#8221; shape=&#8221;square&#8221; color=&#8221;white&#8221; size=&#8221;sm&#8221; align=&#8221;left&#8221; i_icon_fontawesome=&#8221;far fa-map&#8221; css=&#8221;.vc_custom_1750410771318{margin-top: 10px !important;margin-bottom: 10px !important;}&#8221; add_icon=&#8221;true&#8221; link=&#8221;url:https%3A%2F%2Fgoo.gl%2Fmaps%2FmAh9xfQSFFCGNzzD8|target:_blank&#8221;][vc_btn title=&#8221;+33 6 01 39 80 81&#8243; style=&#8221;classic&#8221; shape=&#8221;square&#8221; color=&#8221;white&#8221; size=&#8221;sm&#8221; i_icon_fontawesome=&#8221;fas fa-mobile-alt&#8221; css=&#8221;.vc_custom_1594633855426{margin-bottom: 10px !important;}&#8221; add_icon=&#8221;true&#8221; link=&#8221;url:phone%3A0033601398060|&#8221;][vc_btn title=&#8221;paris@mbh.fr&#8221; style=&#8221;classic&#8221; shape=&#8221;square&#8221; color=&#8221;white&#8221; size=&#8221;sm&#8221; align=&#8221;left&#8221; i_icon_fontawesome=&#8221;far fa-envelope&#8221; css=&#8221;.vc_custom_1586181117642{margin-bottom: 0px !important;}&#8221; add_icon=&#8221;true&#8221; link=&#8221;url:mailto%3Aparis%40mbh.fr|&#8221;]<\/div><div class=\"minti_boxedholder specs color-light clearfix\" style=\"padding: 20px; margin: 50px 0 0 0; background-color: #0a0a0a; border-color: #f8f8f8; \">[vc_column_text]<\/p>\n<h3>Helicopters<\/h3>\n<p>[\/vc_column_text]<div class=\"minti_list wpb_content_element color-grey circlearrow show_separator\" style=\"\">\n<ul>\n<li><span class=\"s2\">Bi turbine : <a href=\"https:\/\/www.mbh.fr\/flotte\">AS355N<\/a>, <a href=\"https:\/\/www.mbh.fr\/flotte\">EC135<\/a><\/span><\/li>\n<\/ul>\n<\/div><\/div>[\/vc_column][\/vc_row][vc_row][vc_column width=&#8221;1\/1&#8243;]<a href=\"https:\/\/www.mbh.fr\/en\/our-bases-location\/paris-saclay-versailles\/tourist-flights-toussus-le-noble\/\" target=\"_self\" class=\"catimage wpb_content_element color-light\" style=\"height: 300px;;\">\n\t\t\t<span style=\"background-image: url(https:\/\/www.mbh.fr\/wp-content\/uploads\/2022\/03\/AdobeStock_162095217-scaled.jpeg); height: 300px;;\"><\/span>\n\t\t\t<div class=\"catimage-overlay clearfix\" style=\"height: 300px;;\">\n\t\t\t\t<div class=\"catimage-text\">Panoramic flights Paris<\/div>\n\t\t\t<\/div><\/a>[\/vc_column][\/vc_row][vc_row][vc_column width=&#8221;1\/1&#8243;][vc_empty_space height=&#8221;50px&#8221;]<div class=\"newdivider align-center\" style=\"border-bottom-style: solid; border-color: #eeeeee; border-bottom-width: 4px; margin-top: 25px; margin-bottom: 25px; width: 10%; \"><\/div><div class=\"clear\"><\/div>[vc_column_text]<\/p>\n<h2 style=\"text-align: center;\"><strong>Book your flight<\/strong> from Paris<\/h2>\n<p>[\/vc_column_text][vc_empty_space height=&#8221;25px&#8221;][vc_btn title=&#8221;Book on heligo.aero&#8221; shape=&#8221;square&#8221; color=&#8221;black&#8221; align=&#8221;center&#8221; i_align=&#8221;right&#8221; i_icon_fontawesome=&#8221;fas fa-sign-out-alt&#8221; add_icon=&#8221;true&#8221; link=&#8221;url:https%3A%2F%2Fheligo.aero%2Ffr%2Frecherche%3Fcontroller%3Dsearch%26s%3Dissy|target:_blank|&#8221;]<div class=\"newdivider align-center\" style=\"border-bottom-style: solid; border-color: #eeeeee; border-bottom-width: 4px; margin-top: 25px; margin-bottom: 25px; width: 10%; \"><\/div><div class=\"clear\"><\/div>[\/vc_column][\/vc_row][vc_row top_padding=&#8221;50&#8243; bottom_padding=&#8221;50&#8243;][vc_column width=&#8221;2\/3&#8243;][vc_gmaps link=&#8221;#E-8_JTNDaWZyYW1lJTIwc3JjJTNEJTIyaHR0cHMlM0ElMkYlMkZ3d3cuZ29vZ2xlLmNvbSUyRm1hcHMlMkZlbWJlZCUzRnBiJTNEJTIxMW0xOCUyMTFtMTIlMjExbTMlMjExZDI2MzAuNzE0OTU3OTAwMDI2NSUyMTJkMi4xMTYzMTAzMTU5ODcxNzYzJTIxM2Q0OC43NDkxNDE1MTYzNDYzMiUyMTJtMyUyMTFmMCUyMTJmMCUyMTNmMCUyMTNtMiUyMTFpMTAyNCUyMTJpNzY4JTIxNGYxMy4xJTIxM20zJTIxMW0yJTIxMXMweDQ3ZTY3ZjEwOTJkNDRiYzElMjUzQTB4Yzg2Mzk0YjdkMjhhZGM2ZSUyMTJzTW9udC1CbGFuYyUyNTIwSGVsaWNvcHQlMjVDMyUyNUE4cmVzJTI1MjBQYXJpcyUyMTVlMCUyMTNtMiUyMTFzZnIlMjEyc2ZyJTIxNHYxNjM5NDc0Mjg3Nzk0JTIxNW0yJTIxMXNmciUyMTJzZnIlMjIlMjB3aWR0aCUzRCUyMjYwMCUyMiUyMGhlaWdodCUzRCUyMjQ1MCUyMiUyMHN0eWxlJTNEJTIyYm9yZGVyJTNBMCUzQiUyMiUyMGFsbG93ZnVsbHNjcmVlbiUzRCUyMiUyMiUyMGxvYWRpbmclM0QlMjJsYXp5JTIyJTNFJTNDJTJGaWZyYW1lJTNF&#8221; size=&#8221;350&#8243; css=&#8221;&#8221;][\/vc_column][vc_column width=&#8221;1\/3&#8243;][vc_btn title=&#8221;Weather Paris&#8221; style=&#8221;classic&#8221; shape=&#8221;square&#8221; color=&#8221;white&#8221; size=&#8221;sm&#8221; align=&#8221;left&#8221; i_icon_fontawesome=&#8221;fas fa-sun&#8221; css=&#8221;.vc_custom_1586182125088{margin-bottom: 10px !important;}&#8221; button_block=&#8221;true&#8221; add_icon=&#8221;true&#8221; link=&#8221;url:http%3A%2F%2Fwww.meteofrance.com%2Fprevisions-meteo-france%2Fparis%2F75|target:%20_blank|&#8221;][vc_btn title=&#8221;Pilot Card&#8221; style=&#8221;classic&#8221; shape=&#8221;square&#8221; color=&#8221;white&#8221; size=&#8221;sm&#8221; align=&#8221;left&#8221; i_icon_fontawesome=&#8221;far fa-map&#8221; css=&#8221;.vc_custom_1586182137394{margin-bottom: 10px !important;}&#8221; button_block=&#8221;true&#8221; add_icon=&#8221;true&#8221; link=&#8221;url:http%3A%2F%2Fwww.mbh.fr%2Fwp-content%2Fuploads%2F2017%2F11%2FAD-3.LFPI-paris-heliport.pdf|target:%20_blank|&#8221;][vc_btn title=&#8221;Website A\u00e9roport&#8221; style=&#8221;classic&#8221; shape=&#8221;square&#8221; color=&#8221;white&#8221; size=&#8221;sm&#8221; align=&#8221;left&#8221; i_icon_fontawesome=&#8221;fas fa-plane-departure&#8221; css=&#8221;.vc_custom_1750410966726{margin-bottom: 10px !important;}&#8221; button_block=&#8221;true&#8221; add_icon=&#8221;true&#8221; link=&#8221;url:https%3A%2F%2Fwww.parisaeroport.fr%2Fentreprises%2Faviation-d-affaires%2Fpresentation-aerodromes-aviation-generale%2Ftoussus-le-noble|target:_blank&#8221;][vc_btn title=&#8221;Webcam Paris&#8221; style=&#8221;classic&#8221; shape=&#8221;square&#8221; color=&#8221;white&#8221; size=&#8221;sm&#8221; align=&#8221;left&#8221; i_icon_fontawesome=&#8221;fas fa-video&#8221; css=&#8221;.vc_custom_1586182160689{margin-bottom: 10px !important;}&#8221; button_block=&#8221;true&#8221; add_icon=&#8221;true&#8221; link=&#8221;url:https%3A%2F%2Fwww.viewsurf.com%2Funivers%2Fville%2Fvue%2F15810-france-ile-de-france-paris-la-tour-eiffel|target:%20_blank|&#8221;][\/vc_column][\/vc_row]<\/p>\n<\/div>","protected":false},"excerpt":{"rendered":"<p>[vc_row bg_image=&#8221;11081&#8243; top_padding=&#8221;200&#8243; bottom_padding=&#8221;200&#8243;][vc_column width=&#8221;1\/2&#8243;][\/vc_column][vc_column width=&#8221;1\/2&#8243;][\/vc_column][\/vc_row][vc_row top_padding=&#8221;50&#8243; bottom_padding=&#8221;50&#8243; class=&#8221;base-content&#8221;][vc_column width=&#8221;2\/3&#8243;][vc_column_text] Helicopter flights from Paris [\/vc_column_text][vc_column_text] Take a helicopter flight over the ch\u00e2teaux of Ile-de-France ! [\/vc_column_text][vc_row_inner][vc_column_inner width=&#8221;2\/3&#8243;][vc_column_text]Take off from Paris-Saclay-Versailles airport in one of our helicopters for a panoramic flight. You&#8217;ll be able to admire some of the region&#8217;s most beautiful ch\u00e2teaux, including the Ch\u00e2teau de Versailles and the Ch\u00e2teau de la Vall\u00e9e de Chevreuse. You can also take advantage of our helicopter transfer services to and from the town of Toussus-le-Noble and reach your destination in complete safety. Let yourself be tempted by an extraordinary experience with our gastronomic flights to the region&#8217;s top Michelin-starred restaurants. Want to put yourself in the shoes of a pilot? Book an introductory flight with an instructor and experience a dream moment: take off, take control, fly and land near the capital ![\/vc_column_text][\/vc_column_inner][vc_column_inner width=&#8221;1\/3&#8243;][\/vc_column_inner][\/vc_row_inner][\/vc_column][vc_column width=&#8221;1\/3&#8243;][\/vc_column][\/vc_row][vc_row][vc_column width=&#8221;1\/1&#8243;][\/vc_column][\/vc_row][vc_row][vc_column width=&#8221;1\/1&#8243;][vc_empty_space height=&#8221;50px&#8221;][vc_column_text] Book your flight from Paris [\/vc_column_text][vc_empty_space height=&#8221;25px&#8221;][vc_btn title=&#8221;Book on heligo.aero&#8221; shape=&#8221;square&#8221; color=&#8221;black&#8221; align=&#8221;center&#8221; i_align=&#8221;right&#8221; i_icon_fontawesome=&#8221;fas fa-sign-out-alt&#8221; add_icon=&#8221;true&#8221; link=&#8221;url:https%3A%2F%2Fheligo.aero%2Ffr%2Frecherche%3Fcontroller%3Dsearch%26s%3Dissy|target:_blank|&#8221;][\/vc_column][\/vc_row][vc_row top_padding=&#8221;50&#8243; bottom_padding=&#8221;50&#8243;][vc_column width=&#8221;2\/3&#8243;][vc_gmaps link=&#8221;#E-8_JTNDaWZyYW1lJTIwc3JjJTNEJTIyaHR0cHMlM0ElMkYlMkZ3d3cuZ29vZ2xlLmNvbSUyRm1hcHMlMkZlbWJlZCUzRnBiJTNEJTIxMW0xOCUyMTFtMTIlMjExbTMlMjExZDI2MzAuNzE0OTU3OTAwMDI2NSUyMTJkMi4xMTYzMTAzMTU5ODcxNzYzJTIxM2Q0OC43NDkxNDE1MTYzNDYzMiUyMTJtMyUyMTFmMCUyMTJmMCUyMTNmMCUyMTNtMiUyMTFpMTAyNCUyMTJpNzY4JTIxNGYxMy4xJTIxM20zJTIxMW0yJTIxMXMweDQ3ZTY3ZjEwOTJkNDRiYzElMjUzQTB4Yzg2Mzk0YjdkMjhhZGM2ZSUyMTJzTW9udC1CbGFuYyUyNTIwSGVsaWNvcHQlMjVDMyUyNUE4cmVzJTI1MjBQYXJpcyUyMTVlMCUyMTNtMiUyMTFzZnIlMjEyc2ZyJTIxNHYxNjM5NDc0Mjg3Nzk0JTIxNW0yJTIxMXNmciUyMTJzZnIlMjIlMjB3aWR0aCUzRCUyMjYwMCUyMiUyMGhlaWdodCUzRCUyMjQ1MCUyMiUyMHN0eWxlJTNEJTIyYm9yZGVyJTNBMCUzQiUyMiUyMGFsbG93ZnVsbHNjcmVlbiUzRCUyMiUyMiUyMGxvYWRpbmclM0QlMjJsYXp5JTIyJTNFJTNDJTJGaWZyYW1lJTNF&#8221; size=&#8221;350&#8243; css=&#8221;&#8221;][\/vc_column][vc_column width=&#8221;1\/3&#8243;][vc_btn title=&#8221;Weather Paris&#8221; style=&#8221;classic&#8221; shape=&#8221;square&#8221; color=&#8221;white&#8221; size=&#8221;sm&#8221; align=&#8221;left&#8221; i_icon_fontawesome=&#8221;fas fa-sun&#8221; css=&#8221;.vc_custom_1586182125088{margin-bottom: 10px !important;}&#8221; button_block=&#8221;true&#8221; add_icon=&#8221;true&#8221; link=&#8221;url:http%3A%2F%2Fwww.meteofrance.com%2Fprevisions-meteo-france%2Fparis%2F75|target:%20_blank|&#8221;][vc_btn title=&#8221;Pilot Card&#8221; style=&#8221;classic&#8221; shape=&#8221;square&#8221; color=&#8221;white&#8221; size=&#8221;sm&#8221; align=&#8221;left&#8221; i_icon_fontawesome=&#8221;far fa-map&#8221; css=&#8221;.vc_custom_1586182137394{margin-bottom: 10px !important;}&#8221; button_block=&#8221;true&#8221; add_icon=&#8221;true&#8221; link=&#8221;url:http%3A%2F%2Fwww.mbh.fr%2Fwp-content%2Fuploads%2F2017%2F11%2FAD-3.LFPI-paris-heliport.pdf|target:%20_blank|&#8221;][vc_btn [&hellip;]<\/p>\n","protected":false},"author":7,"featured_media":0,"parent":57,"menu_order":10,"comment_status":"closed","ping_status":"closed","template":"page-base.php","meta":{"_acf_changed":false,"footnotes":""},"class_list":["post-12296","page","type-page","status-publish","hentry"],"acf":[],"yoast_head":"<!-- This site is optimized with the Yoast SEO plugin v26.9 - https:\/\/yoast.com\/product\/yoast-seo-wordpress\/ -->\n<title>Paris base - Mont Blanc H\u00e9licopt\u00e8res<\/title>\n<meta name=\"description\" content=\"Treat yourself to an unforgettable helicopter flight around Paris! Discover the Ch\u00e2teau de Versailles and the landscapes of the Chevreuse Valley from the air.\" \/>\n<meta name=\"robots\" content=\"index, follow, max-snippet:-1, max-image-preview:large, max-video-preview:-1\" \/>\n<link rel=\"canonical\" href=\"https:\/\/www.mbh.fr\/en\/our-bases-location\/paris-saclay-versailles-2\/\" \/>\n<meta property=\"og:locale\" content=\"en_US\" \/>\n<meta property=\"og:type\" content=\"article\" \/>\n<meta property=\"og:title\" content=\"Paris base - Mont Blanc H\u00e9licopt\u00e8res\" \/>\n<meta property=\"og:description\" content=\"Treat yourself to an unforgettable helicopter flight around Paris! Discover the Ch\u00e2teau de Versailles and the landscapes of the Chevreuse Valley from the air.\" \/>\n<meta property=\"og:url\" content=\"https:\/\/www.mbh.fr\/en\/our-bases-location\/paris-saclay-versailles-2\/\" \/>\n<meta property=\"og:site_name\" content=\"Mont Blanc Helicopt\u00e8res\" \/>\n<meta property=\"article:publisher\" content=\"https:\/\/www.facebook.com\/MontBlancHelicopteres\/\" \/>\n<meta property=\"article:modified_time\" content=\"2025-06-20T09:16:09+00:00\" \/>\n<meta name=\"twitter:card\" content=\"summary_large_image\" \/>\n<meta name=\"twitter:site\" content=\"@MBHelicopteres\" \/>\n<meta name=\"twitter:label1\" content=\"Est. reading time\" \/>\n\t<meta name=\"twitter:data1\" content=\"2 minutes\" \/>\n<script type=\"application\/ld+json\" class=\"yoast-schema-graph\">{\"@context\":\"https:\/\/schema.org\",\"@graph\":[{\"@type\":\"WebPage\",\"@id\":\"https:\/\/www.mbh.fr\/en\/our-bases-location\/paris-saclay-versailles-2\/\",\"url\":\"https:\/\/www.mbh.fr\/en\/our-bases-location\/paris-saclay-versailles-2\/\",\"name\":\"Paris base - Mont Blanc H\u00e9licopt\u00e8res\",\"isPartOf\":{\"@id\":\"https:\/\/www.mbh.fr\/fr\/#website\"},\"datePublished\":\"2022-08-30T07:43:13+00:00\",\"dateModified\":\"2025-06-20T09:16:09+00:00\",\"description\":\"Treat yourself to an unforgettable helicopter flight around Paris! Discover the Ch\u00e2teau de Versailles and the landscapes of the Chevreuse Valley from the air.\",\"breadcrumb\":{\"@id\":\"https:\/\/www.mbh.fr\/en\/our-bases-location\/paris-saclay-versailles-2\/#breadcrumb\"},\"inLanguage\":\"en-US\",\"potentialAction\":[{\"@type\":\"ReadAction\",\"target\":[\"https:\/\/www.mbh.fr\/en\/our-bases-location\/paris-saclay-versailles-2\/\"]}]},{\"@type\":\"BreadcrumbList\",\"@id\":\"https:\/\/www.mbh.fr\/en\/our-bases-location\/paris-saclay-versailles-2\/#breadcrumb\",\"itemListElement\":[{\"@type\":\"ListItem\",\"position\":1,\"name\":\"Accueil\",\"item\":\"https:\/\/www.mbh.fr\/en\/\"},{\"@type\":\"ListItem\",\"position\":2,\"name\":\"OUR BASES\",\"item\":\"https:\/\/www.mbh.fr\/en\/our-bases-location\/\"},{\"@type\":\"ListItem\",\"position\":3,\"name\":\"PARIS\"}]},{\"@type\":\"WebSite\",\"@id\":\"https:\/\/www.mbh.fr\/fr\/#website\",\"url\":\"https:\/\/www.mbh.fr\/fr\/\",\"name\":\"Mont Blanc Helicopt\u00e8res\",\"description\":\"\",\"publisher\":{\"@id\":\"https:\/\/www.mbh.fr\/fr\/#organization\"},\"potentialAction\":[{\"@type\":\"SearchAction\",\"target\":{\"@type\":\"EntryPoint\",\"urlTemplate\":\"https:\/\/www.mbh.fr\/fr\/?s={search_term_string}\"},\"query-input\":{\"@type\":\"PropertyValueSpecification\",\"valueRequired\":true,\"valueName\":\"search_term_string\"}}],\"inLanguage\":\"en-US\"},{\"@type\":\"Organization\",\"@id\":\"https:\/\/www.mbh.fr\/fr\/#organization\",\"name\":\"mont blanc h\u00e9licopt\u00e8res\",\"url\":\"https:\/\/www.mbh.fr\/fr\/\",\"logo\":{\"@type\":\"ImageObject\",\"inLanguage\":\"en-US\",\"@id\":\"https:\/\/www.mbh.fr\/fr\/#\/schema\/logo\/image\/\",\"url\":\"\",\"contentUrl\":\"\",\"caption\":\"mont blanc h\u00e9licopt\u00e8res\"},\"image\":{\"@id\":\"https:\/\/www.mbh.fr\/fr\/#\/schema\/logo\/image\/\"},\"sameAs\":[\"https:\/\/www.facebook.com\/MontBlancHelicopteres\/\",\"https:\/\/x.com\/MBHelicopteres\",\"https:\/\/www.instagram.com\/montblanchelicopteres\/\",\"https:\/\/www.linkedin.com\/company\/715290\/\"]}]}<\/script>\n<!-- \/ Yoast SEO plugin. -->","yoast_head_json":{"title":"Paris base - Mont Blanc H\u00e9licopt\u00e8res","description":"Treat yourself to an unforgettable helicopter flight around Paris! Discover the Ch\u00e2teau de Versailles and the landscapes of the Chevreuse Valley from the air.","robots":{"index":"index","follow":"follow","max-snippet":"max-snippet:-1","max-image-preview":"max-image-preview:large","max-video-preview":"max-video-preview:-1"},"canonical":"https:\/\/www.mbh.fr\/en\/our-bases-location\/paris-saclay-versailles-2\/","og_locale":"en_US","og_type":"article","og_title":"Paris base - Mont Blanc H\u00e9licopt\u00e8res","og_description":"Treat yourself to an unforgettable helicopter flight around Paris! Discover the Ch\u00e2teau de Versailles and the landscapes of the Chevreuse Valley from the air.","og_url":"https:\/\/www.mbh.fr\/en\/our-bases-location\/paris-saclay-versailles-2\/","og_site_name":"Mont Blanc Helicopt\u00e8res","article_publisher":"https:\/\/www.facebook.com\/MontBlancHelicopteres\/","article_modified_time":"2025-06-20T09:16:09+00:00","twitter_card":"summary_large_image","twitter_site":"@MBHelicopteres","twitter_misc":{"Est. reading time":"2 minutes"},"schema":{"@context":"https:\/\/schema.org","@graph":[{"@type":"WebPage","@id":"https:\/\/www.mbh.fr\/en\/our-bases-location\/paris-saclay-versailles-2\/","url":"https:\/\/www.mbh.fr\/en\/our-bases-location\/paris-saclay-versailles-2\/","name":"Paris base - Mont Blanc H\u00e9licopt\u00e8res","isPartOf":{"@id":"https:\/\/www.mbh.fr\/fr\/#website"},"datePublished":"2022-08-30T07:43:13+00:00","dateModified":"2025-06-20T09:16:09+00:00","description":"Treat yourself to an unforgettable helicopter flight around Paris! Discover the Ch\u00e2teau de Versailles and the landscapes of the Chevreuse Valley from the air.","breadcrumb":{"@id":"https:\/\/www.mbh.fr\/en\/our-bases-location\/paris-saclay-versailles-2\/#breadcrumb"},"inLanguage":"en-US","potentialAction":[{"@type":"ReadAction","target":["https:\/\/www.mbh.fr\/en\/our-bases-location\/paris-saclay-versailles-2\/"]}]},{"@type":"BreadcrumbList","@id":"https:\/\/www.mbh.fr\/en\/our-bases-location\/paris-saclay-versailles-2\/#breadcrumb","itemListElement":[{"@type":"ListItem","position":1,"name":"Accueil","item":"https:\/\/www.mbh.fr\/en\/"},{"@type":"ListItem","position":2,"name":"OUR BASES","item":"https:\/\/www.mbh.fr\/en\/our-bases-location\/"},{"@type":"ListItem","position":3,"name":"PARIS"}]},{"@type":"WebSite","@id":"https:\/\/www.mbh.fr\/fr\/#website","url":"https:\/\/www.mbh.fr\/fr\/","name":"Mont Blanc Helicopt\u00e8res","description":"","publisher":{"@id":"https:\/\/www.mbh.fr\/fr\/#organization"},"potentialAction":[{"@type":"SearchAction","target":{"@type":"EntryPoint","urlTemplate":"https:\/\/www.mbh.fr\/fr\/?s={search_term_string}"},"query-input":{"@type":"PropertyValueSpecification","valueRequired":true,"valueName":"search_term_string"}}],"inLanguage":"en-US"},{"@type":"Organization","@id":"https:\/\/www.mbh.fr\/fr\/#organization","name":"mont blanc h\u00e9licopt\u00e8res","url":"https:\/\/www.mbh.fr\/fr\/","logo":{"@type":"ImageObject","inLanguage":"en-US","@id":"https:\/\/www.mbh.fr\/fr\/#\/schema\/logo\/image\/","url":"","contentUrl":"","caption":"mont blanc h\u00e9licopt\u00e8res"},"image":{"@id":"https:\/\/www.mbh.fr\/fr\/#\/schema\/logo\/image\/"},"sameAs":["https:\/\/www.facebook.com\/MontBlancHelicopteres\/","https:\/\/x.com\/MBHelicopteres","https:\/\/www.instagram.com\/montblanchelicopteres\/","https:\/\/www.linkedin.com\/company\/715290\/"]}]}},"_links":{"self":[{"href":"https:\/\/www.mbh.fr\/en\/wp-json\/wp\/v2\/pages\/12296","targetHints":{"allow":["GET"]}}],"collection":[{"href":"https:\/\/www.mbh.fr\/en\/wp-json\/wp\/v2\/pages"}],"about":[{"href":"https:\/\/www.mbh.fr\/en\/wp-json\/wp\/v2\/types\/page"}],"author":[{"embeddable":true,"href":"https:\/\/www.mbh.fr\/en\/wp-json\/wp\/v2\/users\/7"}],"replies":[{"embeddable":true,"href":"https:\/\/www.mbh.fr\/en\/wp-json\/wp\/v2\/comments?post=12296"}],"version-history":[{"count":22,"href":"https:\/\/www.mbh.fr\/en\/wp-json\/wp\/v2\/pages\/12296\/revisions"}],"predecessor-version":[{"id":14317,"href":"https:\/\/www.mbh.fr\/en\/wp-json\/wp\/v2\/pages\/12296\/revisions\/14317"}],"up":[{"embeddable":true,"href":"https:\/\/www.mbh.fr\/en\/wp-json\/wp\/v2\/pages\/57"}],"wp:attachment":[{"href":"https:\/\/www.mbh.fr\/en\/wp-json\/wp\/v2\/media?parent=12296"}],"curies":[{"name":"wp","href":"https:\/\/api.w.org\/{rel}","templated":true}]}}