{"id":12327,"date":"2022-08-30T10:41:05","date_gmt":"2022-08-30T08:41:05","guid":{"rendered":"https:\/\/www.mbh.fr\/our-bases-location\/annemasse-2\/helicopter-transfers-private-flights-annemasse\/"},"modified":"2022-09-02T14:23:41","modified_gmt":"2022-09-02T12:23:41","slug":"helicopter-transfers-private-flights-annemasse","status":"publish","type":"page","link":"https:\/\/www.mbh.fr\/en\/our-bases-location\/annemasse\/helicopter-transfers-private-flights-annemasse\/","title":{"rendered":"Helicopter transfers &amp; private flights Annemasse"},"content":{"rendered":"<div class=\"wpb-content-wrapper\"><p>[vc_row bg_image=&#8221;9467&#8243; bg_repeat=&#8221;no-repeat&#8221; top_padding=&#8221;100&#8243; bottom_padding=&#8221;100&#8243;][vc_column width=&#8221;1\/2&#8243;][\/vc_column][vc_column bg_color=&#8221;rgba(0,0,0,0.5)&#8221; column_padding=&#8221;padding-5&#8243; column_center=&#8221;true&#8221; text_color=&#8221;light&#8221; width=&#8221;1\/2&#8243;][vc_column_text]<\/p>\n<h1 class=\"p1\">Helicopter transfers &amp; private flights <strong>Annemasse<\/strong><\/h1>\n<p>[\/vc_column_text][\/vc_column][\/vc_row][vc_row top_padding=&#8221;50&#8243; bottom_padding=&#8221;50&#8243;][vc_column width=&#8221;1\/6&#8243;][\/vc_column][vc_column width=&#8221;2\/3&#8243;][vc_btn title=&#8221;Back to Annemasse base&#8221; style=&#8221;classic&#8221; shape=&#8221;square&#8221; color=&#8221;black&#8221; align=&#8221;center&#8221; i_icon_fontawesome=&#8221;fas fa-undo&#8221; add_icon=&#8221;true&#8221; link=&#8221;url:https%3A%2F%2Fwww.mbh.fr%2Fen%2Four-bases-location%2Fannemasse-2%2F|title:Annemasse|&#8221;][vc_column_text]<\/p>\n<p class=\"p1\" style=\"text-align: center;\">Mont Blanc Helicopters Annemasse offers you a unique helicopter experience. Each flight can be adjusted according to your wishes. Ready to take off ?<\/p>\n<p>[\/vc_column_text][\/vc_column][vc_column width=&#8221;1\/6&#8243;][\/vc_column][\/vc_row][vc_row][vc_column width=&#8221;1\/1&#8243;][vc_column_text]<\/p>\n<h2 class=\"p1\" style=\"text-align: center;\"><strong>Helicopter transfers<\/strong> to Annemasse<\/h2>\n<p>[\/vc_column_text]<div class=\"newdivider align-center\" style=\"border-bottom-style: solid; border-color: #eeeeee; border-bottom-width: 4px; margin-top: 25px; margin-bottom: 25px; width: 10%; \"><\/div><div class=\"clear\"><\/div>[vc_row_inner][vc_column_inner width=&#8221;1\/2&#8243;][vc_column_text]Our helicopters are available for all your private or business trips in France and Europe.<\/p>\n<p>Mont Blanc Helicopters Annemasse holds an Air Operator Certificate CTA FR.AOC.0039.<\/p>\n<p>Our helicopters are available for all your private or business trips in France and Europe.<\/p>\n<p>Example destinations: Meg\u00e8ve, Les Arcs, Courchevel, Lyon, Grenoble, Chamb\u00e9ry, Les 2 Alpes, L&#8217;alpes d&#8217;Huez, Val d&#8217;Is\u00e8re, Val Thorens, Paris, Geneva, Monaco, Cannes, Milan, Courmayeur&#8230;<\/p>\n<p><i>We can land on your property, subject to compliance with the regulations in force!<\/i><\/p>\n<p><b>Our helicopters are available for all your private or business trips in France and Europe. We can also land at your property or factory.<\/b>[\/vc_column_text][vc_btn title=&#8221;Contact us&#8221; style=&#8221;classic&#8221; shape=&#8221;square&#8221; color=&#8221;black&#8221; align=&#8221;left&#8221; link=&#8221;url:https%3A%2F%2Fwww.mbh.fr%2Fen%2Fcontact%2F|title:CONTACT|&#8221; el_class=&#8221;btn-contact&#8221; css=&#8221;.vc_custom_1645780839269{margin-top: 10px !important;}&#8221;][vc_btn title=&#8221;Our helicopters&#8221; style=&#8221;classic&#8221; shape=&#8221;square&#8221; color=&#8221;black&#8221; align=&#8221;left&#8221; el_class=&#8221;btn-booking&#8221; link=&#8221;url:https%3A%2F%2Fwww.mbh.fr%2Ffr%2Fflotte%2F|title:FLEET|&#8221;][\/vc_column_inner][vc_column_inner width=&#8221;1\/2&#8243;][vc_single_image image=&#8221;9460&#8243; img_size=&#8221;medium&#8221; onclick=&#8221;link_image&#8221;][\/vc_column_inner][\/vc_row_inner][vc_empty_space height=&#8221;50px&#8221;][\/vc_column][\/vc_row][vc_row][vc_column width=&#8221;1\/1&#8243;][vc_column_text]<\/p>\n<h2 style=\"text-align: center;\"><strong>Flights Experiences<\/strong> in Annemasse<\/h2>\n<p style=\"text-align: center;\">Mont Blanc Helicopter Annemasse has listed for your pleasure many hotels and restaurants where it is possible to land by helicopter. Choose your region and let us be your guide!<\/p>\n<p>[\/vc_column_text]<div class=\"newdivider align-center\" style=\"border-bottom-style: solid; border-color: #eeeeee; border-bottom-width: 4px; margin-top: 50px; margin-bottom: 50px; width: 10%; \"><\/div><div class=\"clear\"><\/div>[vc_row_inner][vc_column_inner width=&#8221;1\/2&#8243;][vc_single_image image=&#8221;9442&#8243; img_size=&#8221;medium&#8221; onclick=&#8221;link_image&#8221;][\/vc_column_inner][vc_column_inner width=&#8221;1\/2&#8243;][vc_column_text]<\/p>\n<h2>Heli-Gastronomy<\/h2>\n<h4>Want to escape to a restaurant?<\/h4>\n<p>A feast for the eyes and the taste buds. Enjoy an unforgettable getaway: we will drop you off by helicopter on the doorstep of a well-known establishment or a star-rated restaurant.<\/p>\n<p><i>Please do not hesitate to contact our team for any requests and we will provide you with a personalised quotation.<\/i>[\/vc_column_text][vc_btn title=&#8221;Contact us&#8221; style=&#8221;classic&#8221; shape=&#8221;square&#8221; color=&#8221;black&#8221; align=&#8221;left&#8221; link=&#8221;url:https%3A%2F%2Fwww.mbh.fr%2Fen%2Fcontact%2F|title:CONTACT|&#8221; el_class=&#8221;btn-contact&#8221; css=&#8221;.vc_custom_1645780844988{margin-top: 10px !important;}&#8221;][vc_btn title=&#8221;Our suggestions&#8221; style=&#8221;classic&#8221; shape=&#8221;square&#8221; color=&#8221;black&#8221; align=&#8221;left&#8221; el_class=&#8221;btn-booking&#8221;][\/vc_column_inner][\/vc_row_inner]<div class=\"newdivider align-center\" style=\"border-bottom-style: solid; border-color: #eeeeee; border-bottom-width: 4px; margin-top: 50px; margin-bottom: 50px; width: 10%; \"><\/div><div class=\"clear\"><\/div>[vc_row_inner][vc_column_inner width=&#8221;1\/2&#8243;][vc_column_text]<\/p>\n<h2>Weddings<\/h2>\n<p>Are you planning to get married and want to surprise your guests? Arriving by helicopter will undoubtedly have that effect! Dazzle your family and friends on the best day of your life.<\/p>\n<p><i>Please do not hesitate to contact our team for any requests and we will provide you with a personalised quotation.<\/i>[\/vc_column_text][vc_btn title=&#8221;Contact us&#8221; style=&#8221;classic&#8221; shape=&#8221;square&#8221; color=&#8221;black&#8221; align=&#8221;left&#8221; link=&#8221;url:https%3A%2F%2Fwww.mbh.fr%2Fen%2Fcontact%2F|title:CONTACT|&#8221; el_class=&#8221;btn-contact&#8221; css=&#8221;.vc_custom_1645780917900{margin-top: 10px !important;}&#8221;][\/vc_column_inner][vc_column_inner width=&#8221;1\/2&#8243;][vc_single_image image=&#8221;9451&#8243; img_size=&#8221;medium&#8221; onclick=&#8221;link_image&#8221;][\/vc_column_inner][\/vc_row_inner][vc_empty_space height=&#8221;50px&#8221;][\/vc_column][\/vc_row]<\/p>\n<\/div>","protected":false},"excerpt":{"rendered":"<p>[vc_row bg_image=&#8221;9467&#8243; bg_repeat=&#8221;no-repeat&#8221; top_padding=&#8221;100&#8243; bottom_padding=&#8221;100&#8243;][vc_column width=&#8221;1\/2&#8243;][\/vc_column][vc_column bg_color=&#8221;rgba(0,0,0,0.5)&#8221; column_padding=&#8221;padding-5&#8243; column_center=&#8221;true&#8221; text_color=&#8221;light&#8221; width=&#8221;1\/2&#8243;][vc_column_text] Helicopter transfers &amp; private flights Annemasse [\/vc_column_text][\/vc_column][\/vc_row][vc_row top_padding=&#8221;50&#8243; bottom_padding=&#8221;50&#8243;][vc_column width=&#8221;1\/6&#8243;][\/vc_column][vc_column width=&#8221;2\/3&#8243;][vc_btn title=&#8221;Back to Annemasse base&#8221; style=&#8221;classic&#8221; shape=&#8221;square&#8221; color=&#8221;black&#8221; align=&#8221;center&#8221; i_icon_fontawesome=&#8221;fas fa-undo&#8221; add_icon=&#8221;true&#8221; link=&#8221;url:https%3A%2F%2Fwww.mbh.fr%2Fen%2Four-bases-location%2Fannemasse-2%2F|title:Annemasse|&#8221;][vc_column_text] Mont Blanc Helicopters Annemasse offers you a unique helicopter experience. Each flight can be adjusted according to your wishes. Ready to take off ? [\/vc_column_text][\/vc_column][vc_column width=&#8221;1\/6&#8243;][\/vc_column][\/vc_row][vc_row][vc_column width=&#8221;1\/1&#8243;][vc_column_text] Helicopter transfers to Annemasse [\/vc_column_text][vc_row_inner][vc_column_inner width=&#8221;1\/2&#8243;][vc_column_text]Our helicopters are available for all your private or business trips in France and Europe. Mont Blanc Helicopters Annemasse holds an Air Operator Certificate CTA FR.AOC.0039. Our helicopters are available for all your private or business trips in France and Europe. Example destinations: Meg\u00e8ve, Les Arcs, Courchevel, Lyon, Grenoble, Chamb\u00e9ry, Les 2 Alpes, L&#8217;alpes d&#8217;Huez, Val d&#8217;Is\u00e8re, Val Thorens, Paris, Geneva, Monaco, Cannes, Milan, Courmayeur&#8230; We can land on your property, subject to compliance with the regulations in force! Our helicopters are available for all your private or business trips in France and Europe. We can also land at your property or factory.[\/vc_column_text][vc_btn title=&#8221;Contact us&#8221; style=&#8221;classic&#8221; shape=&#8221;square&#8221; color=&#8221;black&#8221; align=&#8221;left&#8221; link=&#8221;url:https%3A%2F%2Fwww.mbh.fr%2Fen%2Fcontact%2F|title:CONTACT|&#8221; el_class=&#8221;btn-contact&#8221; css=&#8221;.vc_custom_1645780839269{margin-top: 10px !important;}&#8221;][vc_btn title=&#8221;Our helicopters&#8221; style=&#8221;classic&#8221; shape=&#8221;square&#8221; color=&#8221;black&#8221; align=&#8221;left&#8221; el_class=&#8221;btn-booking&#8221; link=&#8221;url:https%3A%2F%2Fwww.mbh.fr%2Ffr%2Fflotte%2F|title:FLEET|&#8221;][\/vc_column_inner][vc_column_inner width=&#8221;1\/2&#8243;][vc_single_image image=&#8221;9460&#8243; img_size=&#8221;medium&#8221; onclick=&#8221;link_image&#8221;][\/vc_column_inner][\/vc_row_inner][vc_empty_space height=&#8221;50px&#8221;][\/vc_column][\/vc_row][vc_row][vc_column width=&#8221;1\/1&#8243;][vc_column_text] Flights Experiences in Annemasse Mont Blanc [&hellip;]<\/p>\n","protected":false},"author":7,"featured_media":0,"parent":12324,"menu_order":0,"comment_status":"closed","ping_status":"closed","template":"page-base.php","meta":{"_acf_changed":false,"footnotes":""},"class_list":["post-12327","page","type-page","status-publish","hentry"],"acf":[],"yoast_head":"<!-- This site is optimized with the Yoast SEO plugin v26.9 - https:\/\/yoast.com\/product\/yoast-seo-wordpress\/ -->\n<title>Helicopter transfers &amp; private flights Annemasse - Mont Blanc Helicopt\u00e8res<\/title>\n<meta name=\"robots\" content=\"index, follow, max-snippet:-1, max-image-preview:large, max-video-preview:-1\" \/>\n<link rel=\"canonical\" href=\"https:\/\/www.mbh.fr\/en\/our-bases-location\/annemasse\/helicopter-transfers-private-flights-annemasse\/\" \/>\n<meta property=\"og:locale\" content=\"en_US\" \/>\n<meta property=\"og:type\" content=\"article\" \/>\n<meta property=\"og:title\" content=\"Helicopter transfers &amp; private flights Annemasse - Mont Blanc Helicopt\u00e8res\" \/>\n<meta property=\"og:description\" content=\"[vc_row bg_image=&#8221;9467&#8243; bg_repeat=&#8221;no-repeat&#8221; top_padding=&#8221;100&#8243; bottom_padding=&#8221;100&#8243;][vc_column width=&#8221;1\/2&#8243;][\/vc_column][vc_column bg_color=&#8221;rgba(0,0,0,0.5)&#8221; column_padding=&#8221;padding-5&#8243; column_center=&#8221;true&#8221; text_color=&#8221;light&#8221; width=&#8221;1\/2&#8243;][vc_column_text] Helicopter transfers &amp; private flights Annemasse [\/vc_column_text][\/vc_column][\/vc_row][vc_row top_padding=&#8221;50&#8243; bottom_padding=&#8221;50&#8243;][vc_column width=&#8221;1\/6&#8243;][\/vc_column][vc_column width=&#8221;2\/3&#8243;][vc_btn title=&#8221;Back to Annemasse base&#8221; style=&#8221;classic&#8221; shape=&#8221;square&#8221; color=&#8221;black&#8221; align=&#8221;center&#8221; i_icon_fontawesome=&#8221;fas fa-undo&#8221; add_icon=&#8221;true&#8221; link=&#8221;url:https%3A%2F%2Fwww.mbh.fr%2Fen%2Four-bases-location%2Fannemasse-2%2F|title:Annemasse|&#8221;][vc_column_text] Mont Blanc Helicopters Annemasse offers you a unique helicopter experience. Each flight can be adjusted according to your wishes. Ready to take off ? [\/vc_column_text][\/vc_column][vc_column width=&#8221;1\/6&#8243;][\/vc_column][\/vc_row][vc_row][vc_column width=&#8221;1\/1&#8243;][vc_column_text] Helicopter transfers to Annemasse [\/vc_column_text][vc_row_inner][vc_column_inner width=&#8221;1\/2&#8243;][vc_column_text]Our helicopters are available for all your private or business trips in France and Europe. Mont Blanc Helicopters Annemasse holds an Air Operator Certificate CTA FR.AOC.0039. Our helicopters are available for all your private or business trips in France and Europe. Example destinations: Meg\u00e8ve, Les Arcs, Courchevel, Lyon, Grenoble, Chamb\u00e9ry, Les 2 Alpes, L&#8217;alpes d&#8217;Huez, Val d&#8217;Is\u00e8re, Val Thorens, Paris, Geneva, Monaco, Cannes, Milan, Courmayeur&#8230; We can land on your property, subject to compliance with the regulations in force! Our helicopters are available for all your private or business trips in France and Europe. We can also land at your property or factory.[\/vc_column_text][vc_btn title=&#8221;Contact us&#8221; style=&#8221;classic&#8221; shape=&#8221;square&#8221; color=&#8221;black&#8221; align=&#8221;left&#8221; link=&#8221;url:https%3A%2F%2Fwww.mbh.fr%2Fen%2Fcontact%2F|title:CONTACT|&#8221; el_class=&#8221;btn-contact&#8221; css=&#8221;.vc_custom_1645780839269{margin-top: 10px !important;}&#8221;][vc_btn title=&#8221;Our helicopters&#8221; style=&#8221;classic&#8221; shape=&#8221;square&#8221; color=&#8221;black&#8221; align=&#8221;left&#8221; el_class=&#8221;btn-booking&#8221; link=&#8221;url:https%3A%2F%2Fwww.mbh.fr%2Ffr%2Fflotte%2F|title:FLEET|&#8221;][\/vc_column_inner][vc_column_inner width=&#8221;1\/2&#8243;][vc_single_image image=&#8221;9460&#8243; img_size=&#8221;medium&#8221; onclick=&#8221;link_image&#8221;][\/vc_column_inner][\/vc_row_inner][vc_empty_space height=&#8221;50px&#8221;][\/vc_column][\/vc_row][vc_row][vc_column width=&#8221;1\/1&#8243;][vc_column_text] Flights Experiences in Annemasse Mont Blanc [&hellip;]\" \/>\n<meta property=\"og:url\" content=\"https:\/\/www.mbh.fr\/en\/our-bases-location\/annemasse\/helicopter-transfers-private-flights-annemasse\/\" \/>\n<meta property=\"og:site_name\" content=\"Mont Blanc Helicopt\u00e8res\" \/>\n<meta property=\"article:publisher\" content=\"https:\/\/www.facebook.com\/MontBlancHelicopteres\/\" \/>\n<meta property=\"article:modified_time\" content=\"2022-09-02T12:23:41+00:00\" \/>\n<meta name=\"twitter:card\" content=\"summary_large_image\" \/>\n<meta name=\"twitter:site\" content=\"@MBHelicopteres\" \/>\n<meta name=\"twitter:label1\" content=\"Est. reading time\" \/>\n\t<meta name=\"twitter:data1\" content=\"4 minutes\" \/>\n<script type=\"application\/ld+json\" class=\"yoast-schema-graph\">{\"@context\":\"https:\/\/schema.org\",\"@graph\":[{\"@type\":\"WebPage\",\"@id\":\"https:\/\/www.mbh.fr\/en\/our-bases-location\/annemasse\/helicopter-transfers-private-flights-annemasse\/\",\"url\":\"https:\/\/www.mbh.fr\/en\/our-bases-location\/annemasse\/helicopter-transfers-private-flights-annemasse\/\",\"name\":\"Helicopter transfers &amp; private flights Annemasse - Mont Blanc Helicopt\u00e8res\",\"isPartOf\":{\"@id\":\"https:\/\/www.mbh.fr\/fr\/#website\"},\"datePublished\":\"2022-08-30T08:41:05+00:00\",\"dateModified\":\"2022-09-02T12:23:41+00:00\",\"breadcrumb\":{\"@id\":\"https:\/\/www.mbh.fr\/en\/our-bases-location\/annemasse\/helicopter-transfers-private-flights-annemasse\/#breadcrumb\"},\"inLanguage\":\"en-US\",\"potentialAction\":[{\"@type\":\"ReadAction\",\"target\":[\"https:\/\/www.mbh.fr\/en\/our-bases-location\/annemasse\/helicopter-transfers-private-flights-annemasse\/\"]}]},{\"@type\":\"BreadcrumbList\",\"@id\":\"https:\/\/www.mbh.fr\/en\/our-bases-location\/annemasse\/helicopter-transfers-private-flights-annemasse\/#breadcrumb\",\"itemListElement\":[{\"@type\":\"ListItem\",\"position\":1,\"name\":\"Accueil\",\"item\":\"https:\/\/www.mbh.fr\/en\/\"},{\"@type\":\"ListItem\",\"position\":2,\"name\":\"OUR BASES\",\"item\":\"https:\/\/www.mbh.fr\/en\/our-bases-location\/\"},{\"@type\":\"ListItem\",\"position\":3,\"name\":\"ANNEMASSE\",\"item\":\"https:\/\/www.mbh.fr\/en\/our-bases-location\/annemasse\/\"},{\"@type\":\"ListItem\",\"position\":4,\"name\":\"Helicopter transfers &amp; private flights Annemasse\"}]},{\"@type\":\"WebSite\",\"@id\":\"https:\/\/www.mbh.fr\/fr\/#website\",\"url\":\"https:\/\/www.mbh.fr\/fr\/\",\"name\":\"Mont Blanc Helicopt\u00e8res\",\"description\":\"\",\"publisher\":{\"@id\":\"https:\/\/www.mbh.fr\/fr\/#organization\"},\"potentialAction\":[{\"@type\":\"SearchAction\",\"target\":{\"@type\":\"EntryPoint\",\"urlTemplate\":\"https:\/\/www.mbh.fr\/fr\/?s={search_term_string}\"},\"query-input\":{\"@type\":\"PropertyValueSpecification\",\"valueRequired\":true,\"valueName\":\"search_term_string\"}}],\"inLanguage\":\"en-US\"},{\"@type\":\"Organization\",\"@id\":\"https:\/\/www.mbh.fr\/fr\/#organization\",\"name\":\"mont blanc h\u00e9licopt\u00e8res\",\"url\":\"https:\/\/www.mbh.fr\/fr\/\",\"logo\":{\"@type\":\"ImageObject\",\"inLanguage\":\"en-US\",\"@id\":\"https:\/\/www.mbh.fr\/fr\/#\/schema\/logo\/image\/\",\"url\":\"\",\"contentUrl\":\"\",\"caption\":\"mont blanc h\u00e9licopt\u00e8res\"},\"image\":{\"@id\":\"https:\/\/www.mbh.fr\/fr\/#\/schema\/logo\/image\/\"},\"sameAs\":[\"https:\/\/www.facebook.com\/MontBlancHelicopteres\/\",\"https:\/\/x.com\/MBHelicopteres\",\"https:\/\/www.instagram.com\/montblanchelicopteres\/\",\"https:\/\/www.linkedin.com\/company\/715290\/\"]}]}<\/script>\n<!-- \/ Yoast SEO plugin. -->","yoast_head_json":{"title":"Helicopter transfers &amp; private flights Annemasse - Mont Blanc Helicopt\u00e8res","robots":{"index":"index","follow":"follow","max-snippet":"max-snippet:-1","max-image-preview":"max-image-preview:large","max-video-preview":"max-video-preview:-1"},"canonical":"https:\/\/www.mbh.fr\/en\/our-bases-location\/annemasse\/helicopter-transfers-private-flights-annemasse\/","og_locale":"en_US","og_type":"article","og_title":"Helicopter transfers &amp; private flights Annemasse - Mont Blanc Helicopt\u00e8res","og_description":"[vc_row bg_image=&#8221;9467&#8243; bg_repeat=&#8221;no-repeat&#8221; top_padding=&#8221;100&#8243; bottom_padding=&#8221;100&#8243;][vc_column width=&#8221;1\/2&#8243;][\/vc_column][vc_column bg_color=&#8221;rgba(0,0,0,0.5)&#8221; column_padding=&#8221;padding-5&#8243; column_center=&#8221;true&#8221; text_color=&#8221;light&#8221; width=&#8221;1\/2&#8243;][vc_column_text] Helicopter transfers &amp; private flights Annemasse [\/vc_column_text][\/vc_column][\/vc_row][vc_row top_padding=&#8221;50&#8243; bottom_padding=&#8221;50&#8243;][vc_column width=&#8221;1\/6&#8243;][\/vc_column][vc_column width=&#8221;2\/3&#8243;][vc_btn title=&#8221;Back to Annemasse base&#8221; style=&#8221;classic&#8221; shape=&#8221;square&#8221; color=&#8221;black&#8221; align=&#8221;center&#8221; i_icon_fontawesome=&#8221;fas fa-undo&#8221; add_icon=&#8221;true&#8221; link=&#8221;url:https%3A%2F%2Fwww.mbh.fr%2Fen%2Four-bases-location%2Fannemasse-2%2F|title:Annemasse|&#8221;][vc_column_text] Mont Blanc Helicopters Annemasse offers you a unique helicopter experience. Each flight can be adjusted according to your wishes. Ready to take off ? [\/vc_column_text][\/vc_column][vc_column width=&#8221;1\/6&#8243;][\/vc_column][\/vc_row][vc_row][vc_column width=&#8221;1\/1&#8243;][vc_column_text] Helicopter transfers to Annemasse [\/vc_column_text][vc_row_inner][vc_column_inner width=&#8221;1\/2&#8243;][vc_column_text]Our helicopters are available for all your private or business trips in France and Europe. Mont Blanc Helicopters Annemasse holds an Air Operator Certificate CTA FR.AOC.0039. Our helicopters are available for all your private or business trips in France and Europe. Example destinations: Meg\u00e8ve, Les Arcs, Courchevel, Lyon, Grenoble, Chamb\u00e9ry, Les 2 Alpes, L&#8217;alpes d&#8217;Huez, Val d&#8217;Is\u00e8re, Val Thorens, Paris, Geneva, Monaco, Cannes, Milan, Courmayeur&#8230; We can land on your property, subject to compliance with the regulations in force! Our helicopters are available for all your private or business trips in France and Europe. We can also land at your property or factory.[\/vc_column_text][vc_btn title=&#8221;Contact us&#8221; style=&#8221;classic&#8221; shape=&#8221;square&#8221; color=&#8221;black&#8221; align=&#8221;left&#8221; link=&#8221;url:https%3A%2F%2Fwww.mbh.fr%2Fen%2Fcontact%2F|title:CONTACT|&#8221; el_class=&#8221;btn-contact&#8221; css=&#8221;.vc_custom_1645780839269{margin-top: 10px !important;}&#8221;][vc_btn title=&#8221;Our helicopters&#8221; style=&#8221;classic&#8221; shape=&#8221;square&#8221; color=&#8221;black&#8221; align=&#8221;left&#8221; el_class=&#8221;btn-booking&#8221; link=&#8221;url:https%3A%2F%2Fwww.mbh.fr%2Ffr%2Fflotte%2F|title:FLEET|&#8221;][\/vc_column_inner][vc_column_inner width=&#8221;1\/2&#8243;][vc_single_image image=&#8221;9460&#8243; img_size=&#8221;medium&#8221; onclick=&#8221;link_image&#8221;][\/vc_column_inner][\/vc_row_inner][vc_empty_space height=&#8221;50px&#8221;][\/vc_column][\/vc_row][vc_row][vc_column width=&#8221;1\/1&#8243;][vc_column_text] Flights Experiences in Annemasse Mont Blanc [&hellip;]","og_url":"https:\/\/www.mbh.fr\/en\/our-bases-location\/annemasse\/helicopter-transfers-private-flights-annemasse\/","og_site_name":"Mont Blanc Helicopt\u00e8res","article_publisher":"https:\/\/www.facebook.com\/MontBlancHelicopteres\/","article_modified_time":"2022-09-02T12:23:41+00:00","twitter_card":"summary_large_image","twitter_site":"@MBHelicopteres","twitter_misc":{"Est. reading time":"4 minutes"},"schema":{"@context":"https:\/\/schema.org","@graph":[{"@type":"WebPage","@id":"https:\/\/www.mbh.fr\/en\/our-bases-location\/annemasse\/helicopter-transfers-private-flights-annemasse\/","url":"https:\/\/www.mbh.fr\/en\/our-bases-location\/annemasse\/helicopter-transfers-private-flights-annemasse\/","name":"Helicopter transfers &amp; private flights Annemasse - Mont Blanc Helicopt\u00e8res","isPartOf":{"@id":"https:\/\/www.mbh.fr\/fr\/#website"},"datePublished":"2022-08-30T08:41:05+00:00","dateModified":"2022-09-02T12:23:41+00:00","breadcrumb":{"@id":"https:\/\/www.mbh.fr\/en\/our-bases-location\/annemasse\/helicopter-transfers-private-flights-annemasse\/#breadcrumb"},"inLanguage":"en-US","potentialAction":[{"@type":"ReadAction","target":["https:\/\/www.mbh.fr\/en\/our-bases-location\/annemasse\/helicopter-transfers-private-flights-annemasse\/"]}]},{"@type":"BreadcrumbList","@id":"https:\/\/www.mbh.fr\/en\/our-bases-location\/annemasse\/helicopter-transfers-private-flights-annemasse\/#breadcrumb","itemListElement":[{"@type":"ListItem","position":1,"name":"Accueil","item":"https:\/\/www.mbh.fr\/en\/"},{"@type":"ListItem","position":2,"name":"OUR BASES","item":"https:\/\/www.mbh.fr\/en\/our-bases-location\/"},{"@type":"ListItem","position":3,"name":"ANNEMASSE","item":"https:\/\/www.mbh.fr\/en\/our-bases-location\/annemasse\/"},{"@type":"ListItem","position":4,"name":"Helicopter transfers &amp; private flights Annemasse"}]},{"@type":"WebSite","@id":"https:\/\/www.mbh.fr\/fr\/#website","url":"https:\/\/www.mbh.fr\/fr\/","name":"Mont Blanc Helicopt\u00e8res","description":"","publisher":{"@id":"https:\/\/www.mbh.fr\/fr\/#organization"},"potentialAction":[{"@type":"SearchAction","target":{"@type":"EntryPoint","urlTemplate":"https:\/\/www.mbh.fr\/fr\/?s={search_term_string}"},"query-input":{"@type":"PropertyValueSpecification","valueRequired":true,"valueName":"search_term_string"}}],"inLanguage":"en-US"},{"@type":"Organization","@id":"https:\/\/www.mbh.fr\/fr\/#organization","name":"mont blanc h\u00e9licopt\u00e8res","url":"https:\/\/www.mbh.fr\/fr\/","logo":{"@type":"ImageObject","inLanguage":"en-US","@id":"https:\/\/www.mbh.fr\/fr\/#\/schema\/logo\/image\/","url":"","contentUrl":"","caption":"mont blanc h\u00e9licopt\u00e8res"},"image":{"@id":"https:\/\/www.mbh.fr\/fr\/#\/schema\/logo\/image\/"},"sameAs":["https:\/\/www.facebook.com\/MontBlancHelicopteres\/","https:\/\/x.com\/MBHelicopteres","https:\/\/www.instagram.com\/montblanchelicopteres\/","https:\/\/www.linkedin.com\/company\/715290\/"]}]}},"_links":{"self":[{"href":"https:\/\/www.mbh.fr\/en\/wp-json\/wp\/v2\/pages\/12327","targetHints":{"allow":["GET"]}}],"collection":[{"href":"https:\/\/www.mbh.fr\/en\/wp-json\/wp\/v2\/pages"}],"about":[{"href":"https:\/\/www.mbh.fr\/en\/wp-json\/wp\/v2\/types\/page"}],"author":[{"embeddable":true,"href":"https:\/\/www.mbh.fr\/en\/wp-json\/wp\/v2\/users\/7"}],"replies":[{"embeddable":true,"href":"https:\/\/www.mbh.fr\/en\/wp-json\/wp\/v2\/comments?post=12327"}],"version-history":[{"count":6,"href":"https:\/\/www.mbh.fr\/en\/wp-json\/wp\/v2\/pages\/12327\/revisions"}],"predecessor-version":[{"id":12671,"href":"https:\/\/www.mbh.fr\/en\/wp-json\/wp\/v2\/pages\/12327\/revisions\/12671"}],"up":[{"embeddable":true,"href":"https:\/\/www.mbh.fr\/en\/wp-json\/wp\/v2\/pages\/12324"}],"wp:attachment":[{"href":"https:\/\/www.mbh.fr\/en\/wp-json\/wp\/v2\/media?parent=12327"}],"curies":[{"name":"wp","href":"https:\/\/api.w.org\/{rel}","templated":true}]}}