{"id":12442,"date":"2022-08-30T15:32:40","date_gmt":"2022-08-30T13:32:40","guid":{"rendered":"https:\/\/www.mbh.fr\/our-history\/"},"modified":"2025-06-05T16:01:07","modified_gmt":"2025-06-05T14:01:07","slug":"our-history","status":"publish","type":"page","link":"https:\/\/www.mbh.fr\/en\/our-history\/","title":{"rendered":"Our history"},"content":{"rendered":"<div class=\"wpb-content-wrapper\"><p>[vc_row type=&#8221;full_width_section&#8221; bg_image=&#8221;11534&#8243; top_padding=&#8221;200&#8243; bottom_padding=&#8221;200&#8243;][vc_column width=&#8221;1\/1&#8243;][\/vc_column][\/vc_row][vc_row top_padding=&#8221;50&#8243; bottom_padding=&#8221;0&#8243;][vc_column width=&#8221;1\/1&#8243;][vc_column_text]<\/p>\n<h1 style=\"text-align: center;\">A passion since 1980<\/h1>\n<h2 style=\"text-align: center;\">For the HBG Group, aeronautics is above all a passion and a family history.<br \/>\nIt is this passion that guides our activities and decisions every day.<\/h2>\n<p style=\"text-align: center;\">Eager to meet your needs anywhere, we put our knowledge and expertise at your disposal.<\/p>\n<p>[\/vc_column_text]<div class=\"newdivider align-center\" style=\"border-bottom-style: solid; border-color: #eeeeee; border-bottom-width: 4px; margin-top: 15px; margin-bottom: 25px; width: 10%; \"><\/div><div class=\"clear\"><\/div>[\/vc_column][\/vc_row][vc_row top_padding=&#8221;0&#8243; bottom_padding=&#8221;50&#8243;][vc_column width=&#8221;1\/6&#8243;][\/vc_column][vc_column width=&#8221;2\/3&#8243;][vc_column_text]<\/p>\n<p style=\"text-align: center;\"><strong>The most important thing for us? Your satisfaction and safety.<\/strong> It is with these two pillars that we prepare your flights to make them a unique experience.<br \/>\nIn a constantly changing environment, we must constantly adapt and innovate. This is why <strong>we are already working on tomorrow&#8217;s<\/strong> transportation to reduce our impact.<\/p>\n<h2 style=\"text-align: center;\">Our desire: to remain forward-looking while keeping our entrepreneurial spirit.<\/h2>\n<p>[\/vc_column_text][\/vc_column][vc_column width=&#8221;1\/6&#8243;][\/vc_column][\/vc_row][vc_row][vc_column width=&#8221;1\/2&#8243;][vc_empty_space height=&#8221;50px&#8221;][vc_column_text]<strong>Founded in 1980, Mont Blanc H\u00e9licopt\u00e8res is part of the HBG group<\/strong>, along with its subsidiaries <em>H\u00e9licopt\u00e8res de France<\/em>, <em>Fhato<\/em>, <em>Swiftcopters<\/em>, <em>Eagle Valais<\/em> and <em>Tahiti Nui H\u00e9licopt\u00e8res<\/em>.[\/vc_column_text][vc_single_image image=&#8221;14281&#8243; img_size=&#8221;large&#8221; alignment=&#8221;center&#8221; onclick=&#8221;link_image&#8221; css=&#8221;&#8221;][\/vc_column][vc_column width=&#8221;1\/2&#8243;][vc_single_image image=&#8221;11522&#8243; img_size=&#8221;large&#8221; alignment=&#8221;center&#8221; onclick=&#8221;link_image&#8221;][\/vc_column][\/vc_row][vc_row top_padding=&#8221;50&#8243; class=&#8221;kx-counter&#8221;][vc_column width=&#8221;1\/5&#8243;][vc_column_text el_class=&#8221;more-numbers&#8221;]<\/p>\n<p><span style=\"text-align: center;\">+ More than<\/span><\/p>\n<p>[\/vc_column_text]<div class=\"counter clearfix wpb_content_element\"><div class=\"counter-number\" style=\"color: #baa981 !important;\">80<\/div><span class=\"counter-title\">H\u00e9licopt\u00e8res<\/span><\/div>[\/vc_column][vc_column width=&#8221;1\/5&#8243;][vc_column_text el_class=&#8221;more-numbers&#8221;]<\/p>\n<p><span style=\"text-align: center;\">+ More than<\/span><\/p>\n<p>[\/vc_column_text]<div class=\"counter clearfix wpb_content_element\"><div class=\"counter-number\" style=\"color: #baa981 !important;\">150<\/div><span class=\"counter-title\">Pilotes<\/span><\/div>[\/vc_column][vc_column width=&#8221;1\/5&#8243;][vc_column_text el_class=&#8221;more-numbers&#8221;]<\/p>\n<p><span style=\"text-align: center;\">+ More than<\/span><\/p>\n<p>[\/vc_column_text]<div class=\"counter clearfix wpb_content_element\"><div class=\"counter-number\" style=\"color: #baa981 !important;\">80<\/div><span class=\"counter-title\">Techniciens<\/span><\/div>[\/vc_column][vc_column width=&#8221;1\/5&#8243;][vc_column_text el_class=&#8221;more-numbers&#8221;]<\/p>\n<p><span style=\"text-align: center;\">+ More than<\/span><\/p>\n<p>[\/vc_column_text]<div class=\"counter clearfix wpb_content_element\"><div class=\"counter-number\" style=\"color: #baa981 !important;\">35<\/div><span class=\"counter-title\">Bases<\/span><\/div>[\/vc_column][vc_column width=&#8221;1\/5&#8243;][vc_column_text el_class=&#8221;more-numbers&#8221;]<\/p>\n<p><span style=\"text-align: center;\">+ More than<\/span><\/p>\n<p>[\/vc_column_text]<div class=\"counter clearfix wpb_content_element\"><div class=\"counter-number\" style=\"color: #baa981 !important;\">4<\/div><span class=\"counter-title\">Continents<\/span><\/div>[\/vc_column][\/vc_row][vc_row top_padding=&#8221;50&#8243; bottom_padding=&#8221;50&#8243;][vc_column width=&#8221;1\/2&#8243;][vc_single_image image=&#8221;11525&#8243; img_size=&#8221;large&#8221; alignment=&#8221;center&#8221; onclick=&#8221;link_image&#8221;][\/vc_column][vc_column width=&#8221;1\/2&#8243;][vc_column_text]<strong>Our deployment allows us to cover a maximum of territory<\/strong> in order to meet your needs anywhere, wherever you are. Our <strong>efficient and professional teams<\/strong> will accompany you in all your projects.<\/p>\n<p><strong>Our customers are at the center of all our attentions<\/strong>, we put our knowledge at the service of their <strong>safety<\/strong> and <strong>comfort<\/strong> and are reactive to their needs. Our crews and aircraft fly 365 days a year and 24 hours a day in all regions of the world<\/p>\n<p>Our technical skills have been forged by <strong>more than 40 years of experience<\/strong> in the aeronautical field, which allows us to ensure a quality service.<\/p>\n<p>Covering a wide range of activities such as: passenger transport, <a href=\"https:\/\/www.mbh.fr\/fr\/travail-aerien\/\">aerial work<\/a>, <a href=\"https:\/\/www.mbh.fr\/fr\/services\/secours\/secours-en-montagne\/\">mountain rescue<\/a>, <a href=\"https:\/\/www.mbh.fr\/fr\/services\/secours\/mbh-samu\/\">EMS<\/a>, <a href=\"https:\/\/www.mbh.fr\/fr\/travail-aerien\/\">aerial photography<\/a>, <a href=\"https:\/\/www.mbh.fr\/fr\/services\/maintenance\/\">maintenance<\/a> or <a href=\"https:\/\/www.mbh.fr\/fr\/services\/formation\/\">training<\/a>, <strong>HBG is able to meet all types of requests<\/strong>.[\/vc_column_text][\/vc_column][\/vc_row][vc_row][vc_column width=&#8221;1\/1&#8243;][vc_column_text]<\/p>\n<h2 style=\"text-align: center;\">BOOK HBG DIGITAL<\/h2>\n<h4 style=\"text-align: center;\"><strong>Why a digital version ?\u00a0<\/strong><\/h4>\n<p style=\"text-align: center;\">We believe it is essential to provide our customers with up-to-date reliable information, so opting for a digital format seemed the most suitable way.<\/p>\n<p>[\/vc_column_text][\/vc_column][\/vc_row][vc_row][vc_column width=&#8221;1\/1&#8243;][vc_raw_html]JTVCZGZsaXAlMjBpZCUzRCUyMjgzOTYlMjIlMjAlNUQlNUIlMkZkZmxpcCU1RCUwQQ==[\/vc_raw_html][\/vc_column][\/vc_row]<\/p>\n<\/div>","protected":false},"excerpt":{"rendered":"<p>[vc_row type=&#8221;full_width_section&#8221; bg_image=&#8221;11534&#8243; top_padding=&#8221;200&#8243; bottom_padding=&#8221;200&#8243;][vc_column width=&#8221;1\/1&#8243;][\/vc_column][\/vc_row][vc_row top_padding=&#8221;50&#8243; bottom_padding=&#8221;0&#8243;][vc_column width=&#8221;1\/1&#8243;][vc_column_text] A passion since 1980 For the HBG Group, aeronautics is above all a passion and a family history. It is this passion that guides our activities and decisions every day. Eager to meet your needs anywhere, we put our knowledge and expertise at your disposal. [\/vc_column_text][\/vc_column][\/vc_row][vc_row top_padding=&#8221;0&#8243; bottom_padding=&#8221;50&#8243;][vc_column width=&#8221;1\/6&#8243;][\/vc_column][vc_column width=&#8221;2\/3&#8243;][vc_column_text] The most important thing for us? Your satisfaction and safety. It is with these two pillars that we prepare your flights to make them a unique experience. In a constantly changing environment, we must constantly adapt and innovate. This is why we are already working on tomorrow&#8217;s transportation to reduce our impact. Our desire: to remain forward-looking while keeping our entrepreneurial spirit. [\/vc_column_text][\/vc_column][vc_column width=&#8221;1\/6&#8243;][\/vc_column][\/vc_row][vc_row][vc_column width=&#8221;1\/2&#8243;][vc_empty_space height=&#8221;50px&#8221;][vc_column_text]Founded in 1980, Mont Blanc H\u00e9licopt\u00e8res is part of the HBG group, along with its subsidiaries H\u00e9licopt\u00e8res de France, Fhato, Swiftcopters, Eagle Valais and Tahiti Nui H\u00e9licopt\u00e8res.[\/vc_column_text][vc_single_image image=&#8221;14281&#8243; img_size=&#8221;large&#8221; alignment=&#8221;center&#8221; onclick=&#8221;link_image&#8221; css=&#8221;&#8221;][\/vc_column][vc_column width=&#8221;1\/2&#8243;][vc_single_image image=&#8221;11522&#8243; img_size=&#8221;large&#8221; alignment=&#8221;center&#8221; onclick=&#8221;link_image&#8221;][\/vc_column][\/vc_row][vc_row top_padding=&#8221;50&#8243; class=&#8221;kx-counter&#8221;][vc_column width=&#8221;1\/5&#8243;][vc_column_text el_class=&#8221;more-numbers&#8221;] + More than [\/vc_column_text][\/vc_column][vc_column width=&#8221;1\/5&#8243;][vc_column_text el_class=&#8221;more-numbers&#8221;] + More than [\/vc_column_text][\/vc_column][vc_column width=&#8221;1\/5&#8243;][vc_column_text el_class=&#8221;more-numbers&#8221;] + More than [\/vc_column_text][\/vc_column][vc_column width=&#8221;1\/5&#8243;][vc_column_text el_class=&#8221;more-numbers&#8221;] + More than [\/vc_column_text][\/vc_column][vc_column width=&#8221;1\/5&#8243;][vc_column_text el_class=&#8221;more-numbers&#8221;] + More than [\/vc_column_text][\/vc_column][\/vc_row][vc_row top_padding=&#8221;50&#8243; bottom_padding=&#8221;50&#8243;][vc_column width=&#8221;1\/2&#8243;][vc_single_image image=&#8221;11525&#8243; img_size=&#8221;large&#8221; alignment=&#8221;center&#8221; onclick=&#8221;link_image&#8221;][\/vc_column][vc_column [&hellip;]<\/p>\n","protected":false},"author":7,"featured_media":0,"parent":0,"menu_order":0,"comment_status":"closed","ping_status":"closed","template":"","meta":{"_acf_changed":false,"footnotes":""},"class_list":["post-12442","page","type-page","status-publish","hentry"],"acf":[],"yoast_head":"<!-- This site is optimized with the Yoast SEO plugin v26.9 - https:\/\/yoast.com\/product\/yoast-seo-wordpress\/ -->\n<title>Our history - Mont Blanc Helicopt\u00e8res<\/title>\n<meta name=\"robots\" content=\"index, follow, max-snippet:-1, max-image-preview:large, max-video-preview:-1\" \/>\n<link rel=\"canonical\" href=\"https:\/\/www.mbh.fr\/en\/our-history\/\" \/>\n<meta property=\"og:locale\" content=\"en_US\" \/>\n<meta property=\"og:type\" content=\"article\" \/>\n<meta property=\"og:title\" content=\"Our history - Mont Blanc Helicopt\u00e8res\" \/>\n<meta property=\"og:description\" content=\"[vc_row type=&#8221;full_width_section&#8221; bg_image=&#8221;11534&#8243; top_padding=&#8221;200&#8243; bottom_padding=&#8221;200&#8243;][vc_column width=&#8221;1\/1&#8243;][\/vc_column][\/vc_row][vc_row top_padding=&#8221;50&#8243; bottom_padding=&#8221;0&#8243;][vc_column width=&#8221;1\/1&#8243;][vc_column_text] A passion since 1980 For the HBG Group, aeronautics is above all a passion and a family history. It is this passion that guides our activities and decisions every day. Eager to meet your needs anywhere, we put our knowledge and expertise at your disposal. [\/vc_column_text][\/vc_column][\/vc_row][vc_row top_padding=&#8221;0&#8243; bottom_padding=&#8221;50&#8243;][vc_column width=&#8221;1\/6&#8243;][\/vc_column][vc_column width=&#8221;2\/3&#8243;][vc_column_text] The most important thing for us? Your satisfaction and safety. It is with these two pillars that we prepare your flights to make them a unique experience. In a constantly changing environment, we must constantly adapt and innovate. This is why we are already working on tomorrow&#8217;s transportation to reduce our impact. Our desire: to remain forward-looking while keeping our entrepreneurial spirit. [\/vc_column_text][\/vc_column][vc_column width=&#8221;1\/6&#8243;][\/vc_column][\/vc_row][vc_row][vc_column width=&#8221;1\/2&#8243;][vc_empty_space height=&#8221;50px&#8221;][vc_column_text]Founded in 1980, Mont Blanc H\u00e9licopt\u00e8res is part of the HBG group, along with its subsidiaries H\u00e9licopt\u00e8res de France, Fhato, Swiftcopters, Eagle Valais and Tahiti Nui H\u00e9licopt\u00e8res.[\/vc_column_text][vc_single_image image=&#8221;14281&#8243; img_size=&#8221;large&#8221; alignment=&#8221;center&#8221; onclick=&#8221;link_image&#8221; css=&#8221;&#8221;][\/vc_column][vc_column width=&#8221;1\/2&#8243;][vc_single_image image=&#8221;11522&#8243; img_size=&#8221;large&#8221; alignment=&#8221;center&#8221; onclick=&#8221;link_image&#8221;][\/vc_column][\/vc_row][vc_row top_padding=&#8221;50&#8243; class=&#8221;kx-counter&#8221;][vc_column width=&#8221;1\/5&#8243;][vc_column_text el_class=&#8221;more-numbers&#8221;] + More than [\/vc_column_text][\/vc_column][vc_column width=&#8221;1\/5&#8243;][vc_column_text el_class=&#8221;more-numbers&#8221;] + More than [\/vc_column_text][\/vc_column][vc_column width=&#8221;1\/5&#8243;][vc_column_text el_class=&#8221;more-numbers&#8221;] + More than [\/vc_column_text][\/vc_column][vc_column width=&#8221;1\/5&#8243;][vc_column_text el_class=&#8221;more-numbers&#8221;] + More than [\/vc_column_text][\/vc_column][vc_column width=&#8221;1\/5&#8243;][vc_column_text el_class=&#8221;more-numbers&#8221;] + More than [\/vc_column_text][\/vc_column][\/vc_row][vc_row top_padding=&#8221;50&#8243; bottom_padding=&#8221;50&#8243;][vc_column width=&#8221;1\/2&#8243;][vc_single_image image=&#8221;11525&#8243; img_size=&#8221;large&#8221; alignment=&#8221;center&#8221; onclick=&#8221;link_image&#8221;][\/vc_column][vc_column [&hellip;]\" \/>\n<meta property=\"og:url\" content=\"https:\/\/www.mbh.fr\/en\/our-history\/\" \/>\n<meta property=\"og:site_name\" content=\"Mont Blanc Helicopt\u00e8res\" \/>\n<meta property=\"article:publisher\" content=\"https:\/\/www.facebook.com\/MontBlancHelicopteres\/\" \/>\n<meta property=\"article:modified_time\" content=\"2025-06-05T14:01:07+00:00\" \/>\n<meta name=\"twitter:card\" content=\"summary_large_image\" \/>\n<meta name=\"twitter:site\" content=\"@MBHelicopteres\" \/>\n<meta name=\"twitter:label1\" content=\"Est. reading time\" \/>\n\t<meta name=\"twitter:data1\" content=\"3 minutes\" \/>\n<script type=\"application\/ld+json\" class=\"yoast-schema-graph\">{\"@context\":\"https:\/\/schema.org\",\"@graph\":[{\"@type\":\"WebPage\",\"@id\":\"https:\/\/www.mbh.fr\/en\/our-history\/\",\"url\":\"https:\/\/www.mbh.fr\/en\/our-history\/\",\"name\":\"Our history - Mont Blanc Helicopt\u00e8res\",\"isPartOf\":{\"@id\":\"https:\/\/www.mbh.fr\/fr\/#website\"},\"datePublished\":\"2022-08-30T13:32:40+00:00\",\"dateModified\":\"2025-06-05T14:01:07+00:00\",\"breadcrumb\":{\"@id\":\"https:\/\/www.mbh.fr\/en\/our-history\/#breadcrumb\"},\"inLanguage\":\"en-US\",\"potentialAction\":[{\"@type\":\"ReadAction\",\"target\":[\"https:\/\/www.mbh.fr\/en\/our-history\/\"]}]},{\"@type\":\"BreadcrumbList\",\"@id\":\"https:\/\/www.mbh.fr\/en\/our-history\/#breadcrumb\",\"itemListElement\":[{\"@type\":\"ListItem\",\"position\":1,\"name\":\"Accueil\",\"item\":\"https:\/\/www.mbh.fr\/en\/\"},{\"@type\":\"ListItem\",\"position\":2,\"name\":\"Our history\"}]},{\"@type\":\"WebSite\",\"@id\":\"https:\/\/www.mbh.fr\/fr\/#website\",\"url\":\"https:\/\/www.mbh.fr\/fr\/\",\"name\":\"Mont Blanc Helicopt\u00e8res\",\"description\":\"\",\"publisher\":{\"@id\":\"https:\/\/www.mbh.fr\/fr\/#organization\"},\"potentialAction\":[{\"@type\":\"SearchAction\",\"target\":{\"@type\":\"EntryPoint\",\"urlTemplate\":\"https:\/\/www.mbh.fr\/fr\/?s={search_term_string}\"},\"query-input\":{\"@type\":\"PropertyValueSpecification\",\"valueRequired\":true,\"valueName\":\"search_term_string\"}}],\"inLanguage\":\"en-US\"},{\"@type\":\"Organization\",\"@id\":\"https:\/\/www.mbh.fr\/fr\/#organization\",\"name\":\"mont blanc h\u00e9licopt\u00e8res\",\"url\":\"https:\/\/www.mbh.fr\/fr\/\",\"logo\":{\"@type\":\"ImageObject\",\"inLanguage\":\"en-US\",\"@id\":\"https:\/\/www.mbh.fr\/fr\/#\/schema\/logo\/image\/\",\"url\":\"\",\"contentUrl\":\"\",\"caption\":\"mont blanc h\u00e9licopt\u00e8res\"},\"image\":{\"@id\":\"https:\/\/www.mbh.fr\/fr\/#\/schema\/logo\/image\/\"},\"sameAs\":[\"https:\/\/www.facebook.com\/MontBlancHelicopteres\/\",\"https:\/\/x.com\/MBHelicopteres\",\"https:\/\/www.instagram.com\/montblanchelicopteres\/\",\"https:\/\/www.linkedin.com\/company\/715290\/\"]}]}<\/script>\n<!-- \/ Yoast SEO plugin. -->","yoast_head_json":{"title":"Our history - Mont Blanc Helicopt\u00e8res","robots":{"index":"index","follow":"follow","max-snippet":"max-snippet:-1","max-image-preview":"max-image-preview:large","max-video-preview":"max-video-preview:-1"},"canonical":"https:\/\/www.mbh.fr\/en\/our-history\/","og_locale":"en_US","og_type":"article","og_title":"Our history - Mont Blanc Helicopt\u00e8res","og_description":"[vc_row type=&#8221;full_width_section&#8221; bg_image=&#8221;11534&#8243; top_padding=&#8221;200&#8243; bottom_padding=&#8221;200&#8243;][vc_column width=&#8221;1\/1&#8243;][\/vc_column][\/vc_row][vc_row top_padding=&#8221;50&#8243; bottom_padding=&#8221;0&#8243;][vc_column width=&#8221;1\/1&#8243;][vc_column_text] A passion since 1980 For the HBG Group, aeronautics is above all a passion and a family history. It is this passion that guides our activities and decisions every day. Eager to meet your needs anywhere, we put our knowledge and expertise at your disposal. [\/vc_column_text][\/vc_column][\/vc_row][vc_row top_padding=&#8221;0&#8243; bottom_padding=&#8221;50&#8243;][vc_column width=&#8221;1\/6&#8243;][\/vc_column][vc_column width=&#8221;2\/3&#8243;][vc_column_text] The most important thing for us? Your satisfaction and safety. It is with these two pillars that we prepare your flights to make them a unique experience. In a constantly changing environment, we must constantly adapt and innovate. This is why we are already working on tomorrow&#8217;s transportation to reduce our impact. Our desire: to remain forward-looking while keeping our entrepreneurial spirit. [\/vc_column_text][\/vc_column][vc_column width=&#8221;1\/6&#8243;][\/vc_column][\/vc_row][vc_row][vc_column width=&#8221;1\/2&#8243;][vc_empty_space height=&#8221;50px&#8221;][vc_column_text]Founded in 1980, Mont Blanc H\u00e9licopt\u00e8res is part of the HBG group, along with its subsidiaries H\u00e9licopt\u00e8res de France, Fhato, Swiftcopters, Eagle Valais and Tahiti Nui H\u00e9licopt\u00e8res.[\/vc_column_text][vc_single_image image=&#8221;14281&#8243; img_size=&#8221;large&#8221; alignment=&#8221;center&#8221; onclick=&#8221;link_image&#8221; css=&#8221;&#8221;][\/vc_column][vc_column width=&#8221;1\/2&#8243;][vc_single_image image=&#8221;11522&#8243; img_size=&#8221;large&#8221; alignment=&#8221;center&#8221; onclick=&#8221;link_image&#8221;][\/vc_column][\/vc_row][vc_row top_padding=&#8221;50&#8243; class=&#8221;kx-counter&#8221;][vc_column width=&#8221;1\/5&#8243;][vc_column_text el_class=&#8221;more-numbers&#8221;] + More than [\/vc_column_text][\/vc_column][vc_column width=&#8221;1\/5&#8243;][vc_column_text el_class=&#8221;more-numbers&#8221;] + More than [\/vc_column_text][\/vc_column][vc_column width=&#8221;1\/5&#8243;][vc_column_text el_class=&#8221;more-numbers&#8221;] + More than [\/vc_column_text][\/vc_column][vc_column width=&#8221;1\/5&#8243;][vc_column_text el_class=&#8221;more-numbers&#8221;] + More than [\/vc_column_text][\/vc_column][vc_column width=&#8221;1\/5&#8243;][vc_column_text el_class=&#8221;more-numbers&#8221;] + More than [\/vc_column_text][\/vc_column][\/vc_row][vc_row top_padding=&#8221;50&#8243; bottom_padding=&#8221;50&#8243;][vc_column width=&#8221;1\/2&#8243;][vc_single_image image=&#8221;11525&#8243; img_size=&#8221;large&#8221; alignment=&#8221;center&#8221; onclick=&#8221;link_image&#8221;][\/vc_column][vc_column [&hellip;]","og_url":"https:\/\/www.mbh.fr\/en\/our-history\/","og_site_name":"Mont Blanc Helicopt\u00e8res","article_publisher":"https:\/\/www.facebook.com\/MontBlancHelicopteres\/","article_modified_time":"2025-06-05T14:01:07+00:00","twitter_card":"summary_large_image","twitter_site":"@MBHelicopteres","twitter_misc":{"Est. reading time":"3 minutes"},"schema":{"@context":"https:\/\/schema.org","@graph":[{"@type":"WebPage","@id":"https:\/\/www.mbh.fr\/en\/our-history\/","url":"https:\/\/www.mbh.fr\/en\/our-history\/","name":"Our history - Mont Blanc Helicopt\u00e8res","isPartOf":{"@id":"https:\/\/www.mbh.fr\/fr\/#website"},"datePublished":"2022-08-30T13:32:40+00:00","dateModified":"2025-06-05T14:01:07+00:00","breadcrumb":{"@id":"https:\/\/www.mbh.fr\/en\/our-history\/#breadcrumb"},"inLanguage":"en-US","potentialAction":[{"@type":"ReadAction","target":["https:\/\/www.mbh.fr\/en\/our-history\/"]}]},{"@type":"BreadcrumbList","@id":"https:\/\/www.mbh.fr\/en\/our-history\/#breadcrumb","itemListElement":[{"@type":"ListItem","position":1,"name":"Accueil","item":"https:\/\/www.mbh.fr\/en\/"},{"@type":"ListItem","position":2,"name":"Our history"}]},{"@type":"WebSite","@id":"https:\/\/www.mbh.fr\/fr\/#website","url":"https:\/\/www.mbh.fr\/fr\/","name":"Mont Blanc Helicopt\u00e8res","description":"","publisher":{"@id":"https:\/\/www.mbh.fr\/fr\/#organization"},"potentialAction":[{"@type":"SearchAction","target":{"@type":"EntryPoint","urlTemplate":"https:\/\/www.mbh.fr\/fr\/?s={search_term_string}"},"query-input":{"@type":"PropertyValueSpecification","valueRequired":true,"valueName":"search_term_string"}}],"inLanguage":"en-US"},{"@type":"Organization","@id":"https:\/\/www.mbh.fr\/fr\/#organization","name":"mont blanc h\u00e9licopt\u00e8res","url":"https:\/\/www.mbh.fr\/fr\/","logo":{"@type":"ImageObject","inLanguage":"en-US","@id":"https:\/\/www.mbh.fr\/fr\/#\/schema\/logo\/image\/","url":"","contentUrl":"","caption":"mont blanc h\u00e9licopt\u00e8res"},"image":{"@id":"https:\/\/www.mbh.fr\/fr\/#\/schema\/logo\/image\/"},"sameAs":["https:\/\/www.facebook.com\/MontBlancHelicopteres\/","https:\/\/x.com\/MBHelicopteres","https:\/\/www.instagram.com\/montblanchelicopteres\/","https:\/\/www.linkedin.com\/company\/715290\/"]}]}},"_links":{"self":[{"href":"https:\/\/www.mbh.fr\/en\/wp-json\/wp\/v2\/pages\/12442","targetHints":{"allow":["GET"]}}],"collection":[{"href":"https:\/\/www.mbh.fr\/en\/wp-json\/wp\/v2\/pages"}],"about":[{"href":"https:\/\/www.mbh.fr\/en\/wp-json\/wp\/v2\/types\/page"}],"author":[{"embeddable":true,"href":"https:\/\/www.mbh.fr\/en\/wp-json\/wp\/v2\/users\/7"}],"replies":[{"embeddable":true,"href":"https:\/\/www.mbh.fr\/en\/wp-json\/wp\/v2\/comments?post=12442"}],"version-history":[{"count":19,"href":"https:\/\/www.mbh.fr\/en\/wp-json\/wp\/v2\/pages\/12442\/revisions"}],"predecessor-version":[{"id":14283,"href":"https:\/\/www.mbh.fr\/en\/wp-json\/wp\/v2\/pages\/12442\/revisions\/14283"}],"wp:attachment":[{"href":"https:\/\/www.mbh.fr\/en\/wp-json\/wp\/v2\/media?parent=12442"}],"curies":[{"name":"wp","href":"https:\/\/api.w.org\/{rel}","templated":true}]}}