{"id":1569,"date":"2018-01-02T09:51:14","date_gmt":"2018-01-02T08:51:14","guid":{"rendered":"http:\/\/www.mbh.fr\/?page_id=1569"},"modified":"2024-03-04T14:34:12","modified_gmt":"2024-03-04T13:34:12","slug":"gourmet-flights","status":"publish","type":"page","link":"https:\/\/www.mbh.fr\/en\/services\/passengers-flight\/gourmet-flights\/","title":{"rendered":"Gourmet flight"},"content":{"rendered":"<div class=\"wpb-content-wrapper\"><p>[vc_row type=&#8221;full_width_section&#8221; bg_image=&#8221;4832&#8243; parallax_bg=&#8221;true&#8221; top_padding=&#8221;200&#8243; bottom_padding=&#8221;200&#8243;][vc_column width=&#8221;1\/1&#8243;][\/vc_column][\/vc_row][vc_row top_padding=&#8221;50&#8243; bottom_padding=&#8221;50&#8243;][vc_column el_class=&#8221;left-col-menu-presta&#8221; text_align=&#8221;center&#8221; width=&#8221;1\/4&#8243;][vc_column_text]<\/p>\n<h3>Our services<\/h3>\n<p>[\/vc_column_text][vc_wp_custommenu nav_menu=&#8221;861&#8243; el_id=&#8221;sticky-menu-prestations&#8221;][\/vc_column][vc_column text_align=&#8221;center&#8221; width=&#8221;3\/4&#8243;][vc_single_image image=&#8221;4473&#8243; img_size=&#8221;full&#8221; alignment=&#8221;center&#8221; el_class=&#8221;isotype&#8221;][vc_column_text]<\/p>\n<h2 style=\"text-align: center;\"><strong>Gourmet<\/strong> flight<\/h2>\n<p>[\/vc_column_text][vc_column_text]<\/p>\n<p style=\"text-align: center;\"><strong>Combine delight for the eyes with pleasure for the taste buds with this extraordinary getaway:<\/strong> we will drop you off directly at a well-known or star-rated restaurant.<\/p>\n<h3><strong>A gourmet escape to the skies<\/strong><\/h3>\n<p>At Mont Blanc H\u00e9licopt\u00e8res, we invite you on an exclusive aerial voyage, where every moment is a fusion between the magic of helicopter flight and the art of cooking.<\/p>\n<h3>Helicopter Flights: Where the Adventure Begins<\/h3>\n<p>Take to the skies for breathtaking panoramic views. Our helicopter tours offer much more than just transportation to your destination. It&#8217;s total immersion in the splendor of the sky, creating memories that last a lifetime.<\/p>\n<h3>A Gastronomic Odyssey in the Air<\/h3>\n<p>Arrive in style directly at the doors of the finest restaurants. Discover an exquisite selection of carefully chosen gourmet destinations. Each flight is a gastronomic odyssey, where delicate flavors compete with sensational views.<\/p>\n<h3>An original gift idea<\/h3>\n<p>Get ready to take off for an unforgettable airborne gourmet experience. Reserve your seats now to experience the perfect harmony between skies and flavors. An extraordinary activity to share with your partner or loved ones, a memorable gift that&#8217;s sure to create a sensation!<\/p>\n<p>The adventure begins where the sky meets the kitchen.<\/p>\n<p style=\"text-align: center;\"><strong>Departing from: <\/strong><a href=\"https:\/\/www.mbh.fr\/en\/our-bases-location\/bretagne\/\">Vannes,<\/a> <a href=\"https:\/\/www.mbh.fr\/en\/our-bases-location\/paris\/\">Paris<\/a>, <a href=\"https:\/\/www.mbh.fr\/en\/our-bases-location\/geneva-airport\/\">Geneva<\/a>,\u00a0<a href=\"https:\/\/www.mbh.fr\/en\/our-bases-location\/grenoble\/\">Grenoble<\/a><\/p>\n<p><a href=\"https:\/\/heligo.aero\/en\/17-gastronomic-flights\"><img loading=\"lazy\" decoding=\"async\" class=\"wp-image-13956 aligncenter\" src=\"https:\/\/www.mbh.fr\/wp-content\/uploads\/2024\/03\/HELIGO_LOGO_GRIS_CMJN-1-1000x305.webp\" alt=\"\" width=\"424\" height=\"129\" srcset=\"https:\/\/www.mbh.fr\/wp-content\/uploads\/2024\/03\/HELIGO_LOGO_GRIS_CMJN-1-1000x305.webp 1000w, https:\/\/www.mbh.fr\/wp-content\/uploads\/2024\/03\/HELIGO_LOGO_GRIS_CMJN-1-1500x458.webp 1500w, https:\/\/www.mbh.fr\/wp-content\/uploads\/2024\/03\/HELIGO_LOGO_GRIS_CMJN-1-768x234.webp 768w, https:\/\/www.mbh.fr\/wp-content\/uploads\/2024\/03\/HELIGO_LOGO_GRIS_CMJN-1-1536x469.webp 1536w, https:\/\/www.mbh.fr\/wp-content\/uploads\/2024\/03\/HELIGO_LOGO_GRIS_CMJN-1-jpg.webp 1609w\" sizes=\"auto, (max-width: 424px) 100vw, 424px\" \/><\/a>[\/vc_column_text][vc_btn title=&#8221;Book your gourmet flight&#8221; color=&#8221;black&#8221; size=&#8221;lg&#8221; align=&#8221;center&#8221; i_align=&#8221;right&#8221; i_icon_fontawesome=&#8221;&#8221; add_icon=&#8221;true&#8221; link=&#8221;url:https%3A%2F%2Fheligo.aero%2Fen%2F17-gastronomic-flights|target:_blank&#8221;][\/vc_column][\/vc_row][vc_row top_padding=&#8221;50&#8243; bottom_padding=&#8221;50&#8243;][vc_column text_align=&#8221;center&#8221; width=&#8221;1\/4&#8243;][\/vc_column][vc_column width=&#8221;3\/4&#8243;]<div class=\"gallery-style-2\">\n\t\t<style type=\"text\/css\">\n\t\t\t#gallery-1 {\n\t\t\t\tmargin: auto;\n\t\t\t}\n\t\t\t#gallery-1 .gallery-item {\n\t\t\t\tfloat: left;\n\t\t\t\tmargin-top: 10px;\n\t\t\t\ttext-align: center;\n\t\t\t\twidth: 50%;\n\t\t\t}\n\t\t\t#gallery-1 img {\n\t\t\t\tborder: 2px solid #cfcfcf;\n\t\t\t}\n\t\t\t#gallery-1 .gallery-caption {\n\t\t\t\tmargin-left: 0;\n\t\t\t}\n\t\t\t\/* see gallery_shortcode() in wp-includes\/media.php *\/\n\t\t<\/style>\n\t\t<div id='gallery-1' class='gallery galleryid-1569 gallery-columns-2 gallery-size-thumbnail'><dl class='gallery-item'>\n\t\t\t<dt class='gallery-icon landscape'>\n\t\t\t\t<a rel=\"prettyPhoto[pp_gal]\" href='https:\/\/www.mbh.fr\/wp-content\/uploads\/2019\/02\/gourmands-bottom-2.jpg'><img loading=\"lazy\" decoding=\"async\" width=\"600\" height=\"600\" src=\"https:\/\/www.mbh.fr\/wp-content\/uploads\/2019\/02\/gourmands-bottom-2-600x600.jpg\" class=\"attachment-thumbnail size-thumbnail\" alt=\"\" srcset=\"https:\/\/www.mbh.fr\/wp-content\/uploads\/2019\/02\/gourmands-bottom-2-600x600.jpg 600w, https:\/\/www.mbh.fr\/wp-content\/uploads\/2019\/02\/gourmands-bottom-2-80x80.jpg 80w, https:\/\/www.mbh.fr\/wp-content\/uploads\/2019\/02\/gourmands-bottom-2-500x500.jpg 500w\" sizes=\"auto, (max-width: 600px) 100vw, 600px\" \/><\/a>\n\t\t\t<\/dt><\/dl><dl class='gallery-item'>\n\t\t\t<dt class='gallery-icon landscape'>\n\t\t\t\t<a rel=\"prettyPhoto[pp_gal]\" href='https:\/\/www.mbh.fr\/wp-content\/uploads\/2019\/02\/gourmands-bottom-1.jpg'><img loading=\"lazy\" decoding=\"async\" width=\"600\" height=\"500\" src=\"https:\/\/www.mbh.fr\/wp-content\/uploads\/2019\/02\/gourmands-bottom-1-600x500.jpg\" class=\"attachment-thumbnail size-thumbnail\" alt=\"\" \/><\/a>\n\t\t\t<\/dt><\/dl><br style=\"clear: both\" \/>\n\t\t<\/div>\n<\/div>[vc_empty_space][vc_row_inner][vc_column_inner]<div class=\"newdivider align-center\" style=\"border-bottom-style: solid; border-color: #f8f8f8; border-bottom-width: 1px; margin-top: 0; margin-bottom: 0; width: 100%; \"><\/div><div class=\"clear\"><\/div>[vc_empty_space height=&#8221;10px&#8221;][vc_column_text]<\/p>\n<h2 style=\"text-align: center;\"><strong>Mont-Blanc Tour <\/strong><strong>30 or 50 min + Lunch at a refuge facing Mont Blanc<\/strong><\/h2>\n<p>[\/vc_column_text][vc_empty_space height=&#8221;10px&#8221;][\/vc_column_inner][\/vc_row_inner][vc_row_inner][vc_column_inner width=&#8221;1\/2&#8243;]<div class=\"newdivider align-center\" style=\"border-bottom-style: solid; border-color: #f8f8f8; border-bottom-width: 1px; margin-top: 0; margin-bottom: 0; width: 100%; \"><\/div><div class=\"clear\"><\/div>[vc_column_text]<b>Route<br \/>\n<\/b>Aiguille Croches,\u00a0Barrage de la Girotte,\u00a0T\u00eate Nord des Fours,\u00a0Mont Tondu,\u00a0Aiguille des Glaciers,\u00a0Aiguille de Tr\u00e9-la-T\u00eate,\u00a0Val Veni Italie,\u00a0Mont-Blanc versant italien,\u00a0Courmayeur,\u00a0Dent du G\u00e9ant,\u00a0Val Ferret,\u00a0Mont Dolent,\u00a0Aiguille d\u2019Argenti\u00e8re,\u00a0Aiguille Verte,\u00a0Les Grandes Jorasses,\u00a0Mer de Glace,\u00a0Aiguille du Midi,\u00a0Glacier des Bossons,\u00a0Mont-Blanc c\u00f4t\u00e9 fran\u00e7ais,\u00a0D\u00f4me du Go\u00fbter,\u00a0Mont d\u2019Arbois[\/vc_column_text]<div class=\"minti_list wpb_content_element color-accent circlearrow show_separator\" style=\"\">\n<ul>\n<li>Departure from Meg\u00e8ve (<a href=\"https:\/\/goo.gl\/maps\/jyTq8DoBaNw\" target=\"_blank\" rel=\"noopener noreferrer\">see on the map<\/a>)<\/li>\n<li>Prices for the rotation, for 1 to 5 passengers:\n<ul>\n<li>30 min<strong> :<\/strong> <strong>1400 \u20ac TTC\u00a0<\/strong><\/li>\n<li>50 min<strong> :<\/strong> <strong>2050 \u20ac TTC\u00a0<\/strong><\/li>\n<\/ul>\n<\/li>\n<li>The ticket remains valid for 2 years.<\/li>\n<\/ul>\n<\/div>[\/vc_column_inner][vc_column_inner width=&#8221;1\/2&#8243;]<div class=\"newdivider align-center\" style=\"border-bottom-style: solid; border-color: #f8f8f8; border-bottom-width: 1px; margin-top: 0; margin-bottom: 0; width: 100%; \"><\/div><div class=\"clear\"><\/div>[vc_column_text]<strong>Service details<\/strong><\/p>\n<p>Panoramic flight\u00a0<strong>30 min<\/strong>\u00a0and drop-off at the refuge + Return flight to Meg\u00e8ve: 7 min<br \/>\nor Panoramic Flight\u00a0<strong>50 min<\/strong>\u00a0and drop-off at the refuge + Return flight to Meg\u00e8ve: 7 min<\/p>\n<p><strong>Lunch<\/strong>\u00a0: Refuge de May\u00e8re on the heights of Sallanches\u00a0<span class=\"JLqJ4b ChMk0b\" data-language-for-alternatives=\"en\" data-language-to-translate-into=\"auto\" data-phrase-index=\"0\">(Open from May to October on reservation \u2013\u00a0<a href=\"http:\/\/www.refuge-mayeres.com\/\">see the website<\/a>).<\/span>\u00a0<span class=\"JLqJ4b ChMk0b\" data-language-for-alternatives=\"en\" data-language-to-translate-into=\"auto\" data-phrase-index=\"1\">You have 1h30 at the refuge for lunch.<\/span><\/p>\n<p><em><strong>Attention: The meal and the pilot\u2019s meal are at your expense and are not counted in the current price.\u00a0<\/strong><\/em><\/p>\n<p>Price from Annemasse : on request[\/vc_column_text][\/vc_column_inner][\/vc_row_inner][vc_row_inner][vc_column_inner][vc_empty_space height=&#8221;20px&#8221;][vc_single_image image=&#8221;8611&#8243; img_size=&#8221;medium&#8221; alignment=&#8221;center&#8221;][\/vc_column_inner][\/vc_row_inner][\/vc_column][\/vc_row]<\/p>\n<\/div>","protected":false},"excerpt":{"rendered":"<p>[vc_row type=&#8221;full_width_section&#8221; bg_image=&#8221;4832&#8243; parallax_bg=&#8221;true&#8221; top_padding=&#8221;200&#8243; bottom_padding=&#8221;200&#8243;][vc_column width=&#8221;1\/1&#8243;][\/vc_column][\/vc_row][vc_row top_padding=&#8221;50&#8243; bottom_padding=&#8221;50&#8243;][vc_column el_class=&#8221;left-col-menu-presta&#8221; text_align=&#8221;center&#8221; width=&#8221;1\/4&#8243;][vc_column_text] Our services [\/vc_column_text][vc_wp_custommenu nav_menu=&#8221;861&#8243; el_id=&#8221;sticky-menu-prestations&#8221;][\/vc_column][vc_column text_align=&#8221;center&#8221; width=&#8221;3\/4&#8243;][vc_single_image image=&#8221;4473&#8243; img_size=&#8221;full&#8221; alignment=&#8221;center&#8221; el_class=&#8221;isotype&#8221;][vc_column_text] Gourmet flight [\/vc_column_text][vc_column_text] Combine delight for the eyes with pleasure for the taste buds with this extraordinary getaway: we will drop you off directly at a well-known or star-rated restaurant. A gourmet escape to the skies At Mont Blanc H\u00e9licopt\u00e8res, we invite you on an exclusive aerial voyage, where every moment is a fusion between the magic of helicopter flight and the art of cooking. Helicopter Flights: Where the Adventure Begins Take to the skies for breathtaking panoramic views. Our helicopter tours offer much more than just transportation to your destination. It&#8217;s total immersion in the splendor of the sky, creating memories that last a lifetime. A Gastronomic Odyssey in the Air Arrive in style directly at the doors of the finest restaurants. Discover an exquisite selection of carefully chosen gourmet destinations. Each flight is a gastronomic odyssey, where delicate flavors compete with sensational views. An original gift idea Get ready to take off for an unforgettable airborne gourmet experience. Reserve your seats now to experience the perfect harmony between skies and flavors. An extraordinary activity to [&hellip;]<\/p>\n","protected":false},"author":7,"featured_media":0,"parent":260,"menu_order":0,"comment_status":"closed","ping_status":"closed","template":"","meta":{"_acf_changed":false,"footnotes":""},"class_list":["post-1569","page","type-page","status-publish","hentry"],"acf":[],"yoast_head":"<!-- This site is optimized with the Yoast SEO plugin v26.9 - https:\/\/yoast.com\/product\/yoast-seo-wordpress\/ -->\n<title>Gourmet flight - Mont Blanc Helicopt\u00e8res<\/title>\n<meta name=\"robots\" content=\"index, follow, max-snippet:-1, max-image-preview:large, max-video-preview:-1\" \/>\n<link rel=\"canonical\" href=\"https:\/\/www.mbh.fr\/en\/services\/passengers-flight\/gourmet-flights\/\" \/>\n<meta property=\"og:locale\" content=\"en_US\" \/>\n<meta property=\"og:type\" content=\"article\" \/>\n<meta property=\"og:title\" content=\"Gourmet flight - Mont Blanc Helicopt\u00e8res\" \/>\n<meta property=\"og:description\" content=\"[vc_row type=&#8221;full_width_section&#8221; bg_image=&#8221;4832&#8243; parallax_bg=&#8221;true&#8221; top_padding=&#8221;200&#8243; bottom_padding=&#8221;200&#8243;][vc_column width=&#8221;1\/1&#8243;][\/vc_column][\/vc_row][vc_row top_padding=&#8221;50&#8243; bottom_padding=&#8221;50&#8243;][vc_column el_class=&#8221;left-col-menu-presta&#8221; text_align=&#8221;center&#8221; width=&#8221;1\/4&#8243;][vc_column_text] Our services [\/vc_column_text][vc_wp_custommenu nav_menu=&#8221;861&#8243; el_id=&#8221;sticky-menu-prestations&#8221;][\/vc_column][vc_column text_align=&#8221;center&#8221; width=&#8221;3\/4&#8243;][vc_single_image image=&#8221;4473&#8243; img_size=&#8221;full&#8221; alignment=&#8221;center&#8221; el_class=&#8221;isotype&#8221;][vc_column_text] Gourmet flight [\/vc_column_text][vc_column_text] Combine delight for the eyes with pleasure for the taste buds with this extraordinary getaway: we will drop you off directly at a well-known or star-rated restaurant. A gourmet escape to the skies At Mont Blanc H\u00e9licopt\u00e8res, we invite you on an exclusive aerial voyage, where every moment is a fusion between the magic of helicopter flight and the art of cooking. Helicopter Flights: Where the Adventure Begins Take to the skies for breathtaking panoramic views. Our helicopter tours offer much more than just transportation to your destination. It&#8217;s total immersion in the splendor of the sky, creating memories that last a lifetime. A Gastronomic Odyssey in the Air Arrive in style directly at the doors of the finest restaurants. Discover an exquisite selection of carefully chosen gourmet destinations. Each flight is a gastronomic odyssey, where delicate flavors compete with sensational views. An original gift idea Get ready to take off for an unforgettable airborne gourmet experience. Reserve your seats now to experience the perfect harmony between skies and flavors. An extraordinary activity to [&hellip;]\" \/>\n<meta property=\"og:url\" content=\"https:\/\/www.mbh.fr\/en\/services\/passengers-flight\/gourmet-flights\/\" \/>\n<meta property=\"og:site_name\" content=\"Mont Blanc Helicopt\u00e8res\" \/>\n<meta property=\"article:publisher\" content=\"https:\/\/www.facebook.com\/MontBlancHelicopteres\/\" \/>\n<meta property=\"article:modified_time\" content=\"2024-03-04T13:34:12+00:00\" \/>\n<meta property=\"og:image\" content=\"https:\/\/www.mbh.fr\/wp-content\/uploads\/2024\/03\/HELIGO_LOGO_GRIS_CMJN-1-1000x305.webp\" \/>\n<meta name=\"twitter:card\" content=\"summary_large_image\" \/>\n<meta name=\"twitter:site\" content=\"@MBHelicopteres\" \/>\n<meta name=\"twitter:label1\" content=\"Est. reading time\" \/>\n\t<meta name=\"twitter:data1\" content=\"3 minutes\" \/>\n<script type=\"application\/ld+json\" class=\"yoast-schema-graph\">{\"@context\":\"https:\/\/schema.org\",\"@graph\":[{\"@type\":\"WebPage\",\"@id\":\"https:\/\/www.mbh.fr\/en\/services\/passengers-flight\/gourmet-flights\/\",\"url\":\"https:\/\/www.mbh.fr\/en\/services\/passengers-flight\/gourmet-flights\/\",\"name\":\"Gourmet flight - Mont Blanc Helicopt\u00e8res\",\"isPartOf\":{\"@id\":\"https:\/\/www.mbh.fr\/fr\/#website\"},\"primaryImageOfPage\":{\"@id\":\"https:\/\/www.mbh.fr\/en\/services\/passengers-flight\/gourmet-flights\/#primaryimage\"},\"image\":{\"@id\":\"https:\/\/www.mbh.fr\/en\/services\/passengers-flight\/gourmet-flights\/#primaryimage\"},\"thumbnailUrl\":\"https:\/\/www.mbh.fr\/wp-content\/uploads\/2024\/03\/HELIGO_LOGO_GRIS_CMJN-1-1000x305.webp\",\"datePublished\":\"2018-01-02T08:51:14+00:00\",\"dateModified\":\"2024-03-04T13:34:12+00:00\",\"breadcrumb\":{\"@id\":\"https:\/\/www.mbh.fr\/en\/services\/passengers-flight\/gourmet-flights\/#breadcrumb\"},\"inLanguage\":\"en-US\",\"potentialAction\":[{\"@type\":\"ReadAction\",\"target\":[\"https:\/\/www.mbh.fr\/en\/services\/passengers-flight\/gourmet-flights\/\"]}]},{\"@type\":\"ImageObject\",\"inLanguage\":\"en-US\",\"@id\":\"https:\/\/www.mbh.fr\/en\/services\/passengers-flight\/gourmet-flights\/#primaryimage\",\"url\":\"https:\/\/www.mbh.fr\/wp-content\/uploads\/2024\/03\/HELIGO_LOGO_GRIS_CMJN-1-1000x305.webp\",\"contentUrl\":\"https:\/\/www.mbh.fr\/wp-content\/uploads\/2024\/03\/HELIGO_LOGO_GRIS_CMJN-1-1000x305.webp\"},{\"@type\":\"BreadcrumbList\",\"@id\":\"https:\/\/www.mbh.fr\/en\/services\/passengers-flight\/gourmet-flights\/#breadcrumb\",\"itemListElement\":[{\"@type\":\"ListItem\",\"position\":1,\"name\":\"Accueil\",\"item\":\"https:\/\/www.mbh.fr\/en\/\"},{\"@type\":\"ListItem\",\"position\":2,\"name\":\"SERVICES\",\"item\":\"https:\/\/www.mbh.fr\/en\/services\/\"},{\"@type\":\"ListItem\",\"position\":3,\"name\":\"Passengers flight\",\"item\":\"https:\/\/www.mbh.fr\/en\/services\/passengers-flight\/\"},{\"@type\":\"ListItem\",\"position\":4,\"name\":\"Gourmet flight\"}]},{\"@type\":\"WebSite\",\"@id\":\"https:\/\/www.mbh.fr\/fr\/#website\",\"url\":\"https:\/\/www.mbh.fr\/fr\/\",\"name\":\"Mont Blanc Helicopt\u00e8res\",\"description\":\"\",\"publisher\":{\"@id\":\"https:\/\/www.mbh.fr\/fr\/#organization\"},\"potentialAction\":[{\"@type\":\"SearchAction\",\"target\":{\"@type\":\"EntryPoint\",\"urlTemplate\":\"https:\/\/www.mbh.fr\/fr\/?s={search_term_string}\"},\"query-input\":{\"@type\":\"PropertyValueSpecification\",\"valueRequired\":true,\"valueName\":\"search_term_string\"}}],\"inLanguage\":\"en-US\"},{\"@type\":\"Organization\",\"@id\":\"https:\/\/www.mbh.fr\/fr\/#organization\",\"name\":\"mont blanc h\u00e9licopt\u00e8res\",\"url\":\"https:\/\/www.mbh.fr\/fr\/\",\"logo\":{\"@type\":\"ImageObject\",\"inLanguage\":\"en-US\",\"@id\":\"https:\/\/www.mbh.fr\/fr\/#\/schema\/logo\/image\/\",\"url\":\"\",\"contentUrl\":\"\",\"caption\":\"mont blanc h\u00e9licopt\u00e8res\"},\"image\":{\"@id\":\"https:\/\/www.mbh.fr\/fr\/#\/schema\/logo\/image\/\"},\"sameAs\":[\"https:\/\/www.facebook.com\/MontBlancHelicopteres\/\",\"https:\/\/x.com\/MBHelicopteres\",\"https:\/\/www.instagram.com\/montblanchelicopteres\/\",\"https:\/\/www.linkedin.com\/company\/715290\/\"]}]}<\/script>\n<!-- \/ Yoast SEO plugin. -->","yoast_head_json":{"title":"Gourmet flight - Mont Blanc Helicopt\u00e8res","robots":{"index":"index","follow":"follow","max-snippet":"max-snippet:-1","max-image-preview":"max-image-preview:large","max-video-preview":"max-video-preview:-1"},"canonical":"https:\/\/www.mbh.fr\/en\/services\/passengers-flight\/gourmet-flights\/","og_locale":"en_US","og_type":"article","og_title":"Gourmet flight - Mont Blanc Helicopt\u00e8res","og_description":"[vc_row type=&#8221;full_width_section&#8221; bg_image=&#8221;4832&#8243; parallax_bg=&#8221;true&#8221; top_padding=&#8221;200&#8243; bottom_padding=&#8221;200&#8243;][vc_column width=&#8221;1\/1&#8243;][\/vc_column][\/vc_row][vc_row top_padding=&#8221;50&#8243; bottom_padding=&#8221;50&#8243;][vc_column el_class=&#8221;left-col-menu-presta&#8221; text_align=&#8221;center&#8221; width=&#8221;1\/4&#8243;][vc_column_text] Our services [\/vc_column_text][vc_wp_custommenu nav_menu=&#8221;861&#8243; el_id=&#8221;sticky-menu-prestations&#8221;][\/vc_column][vc_column text_align=&#8221;center&#8221; width=&#8221;3\/4&#8243;][vc_single_image image=&#8221;4473&#8243; img_size=&#8221;full&#8221; alignment=&#8221;center&#8221; el_class=&#8221;isotype&#8221;][vc_column_text] Gourmet flight [\/vc_column_text][vc_column_text] Combine delight for the eyes with pleasure for the taste buds with this extraordinary getaway: we will drop you off directly at a well-known or star-rated restaurant. A gourmet escape to the skies At Mont Blanc H\u00e9licopt\u00e8res, we invite you on an exclusive aerial voyage, where every moment is a fusion between the magic of helicopter flight and the art of cooking. Helicopter Flights: Where the Adventure Begins Take to the skies for breathtaking panoramic views. Our helicopter tours offer much more than just transportation to your destination. It&#8217;s total immersion in the splendor of the sky, creating memories that last a lifetime. A Gastronomic Odyssey in the Air Arrive in style directly at the doors of the finest restaurants. Discover an exquisite selection of carefully chosen gourmet destinations. Each flight is a gastronomic odyssey, where delicate flavors compete with sensational views. An original gift idea Get ready to take off for an unforgettable airborne gourmet experience. Reserve your seats now to experience the perfect harmony between skies and flavors. An extraordinary activity to [&hellip;]","og_url":"https:\/\/www.mbh.fr\/en\/services\/passengers-flight\/gourmet-flights\/","og_site_name":"Mont Blanc Helicopt\u00e8res","article_publisher":"https:\/\/www.facebook.com\/MontBlancHelicopteres\/","article_modified_time":"2024-03-04T13:34:12+00:00","og_image":[{"url":"https:\/\/www.mbh.fr\/wp-content\/uploads\/2024\/03\/HELIGO_LOGO_GRIS_CMJN-1-1000x305.webp","type":"","width":"","height":""}],"twitter_card":"summary_large_image","twitter_site":"@MBHelicopteres","twitter_misc":{"Est. reading time":"3 minutes"},"schema":{"@context":"https:\/\/schema.org","@graph":[{"@type":"WebPage","@id":"https:\/\/www.mbh.fr\/en\/services\/passengers-flight\/gourmet-flights\/","url":"https:\/\/www.mbh.fr\/en\/services\/passengers-flight\/gourmet-flights\/","name":"Gourmet flight - Mont Blanc Helicopt\u00e8res","isPartOf":{"@id":"https:\/\/www.mbh.fr\/fr\/#website"},"primaryImageOfPage":{"@id":"https:\/\/www.mbh.fr\/en\/services\/passengers-flight\/gourmet-flights\/#primaryimage"},"image":{"@id":"https:\/\/www.mbh.fr\/en\/services\/passengers-flight\/gourmet-flights\/#primaryimage"},"thumbnailUrl":"https:\/\/www.mbh.fr\/wp-content\/uploads\/2024\/03\/HELIGO_LOGO_GRIS_CMJN-1-1000x305.webp","datePublished":"2018-01-02T08:51:14+00:00","dateModified":"2024-03-04T13:34:12+00:00","breadcrumb":{"@id":"https:\/\/www.mbh.fr\/en\/services\/passengers-flight\/gourmet-flights\/#breadcrumb"},"inLanguage":"en-US","potentialAction":[{"@type":"ReadAction","target":["https:\/\/www.mbh.fr\/en\/services\/passengers-flight\/gourmet-flights\/"]}]},{"@type":"ImageObject","inLanguage":"en-US","@id":"https:\/\/www.mbh.fr\/en\/services\/passengers-flight\/gourmet-flights\/#primaryimage","url":"https:\/\/www.mbh.fr\/wp-content\/uploads\/2024\/03\/HELIGO_LOGO_GRIS_CMJN-1-1000x305.webp","contentUrl":"https:\/\/www.mbh.fr\/wp-content\/uploads\/2024\/03\/HELIGO_LOGO_GRIS_CMJN-1-1000x305.webp"},{"@type":"BreadcrumbList","@id":"https:\/\/www.mbh.fr\/en\/services\/passengers-flight\/gourmet-flights\/#breadcrumb","itemListElement":[{"@type":"ListItem","position":1,"name":"Accueil","item":"https:\/\/www.mbh.fr\/en\/"},{"@type":"ListItem","position":2,"name":"SERVICES","item":"https:\/\/www.mbh.fr\/en\/services\/"},{"@type":"ListItem","position":3,"name":"Passengers flight","item":"https:\/\/www.mbh.fr\/en\/services\/passengers-flight\/"},{"@type":"ListItem","position":4,"name":"Gourmet flight"}]},{"@type":"WebSite","@id":"https:\/\/www.mbh.fr\/fr\/#website","url":"https:\/\/www.mbh.fr\/fr\/","name":"Mont Blanc Helicopt\u00e8res","description":"","publisher":{"@id":"https:\/\/www.mbh.fr\/fr\/#organization"},"potentialAction":[{"@type":"SearchAction","target":{"@type":"EntryPoint","urlTemplate":"https:\/\/www.mbh.fr\/fr\/?s={search_term_string}"},"query-input":{"@type":"PropertyValueSpecification","valueRequired":true,"valueName":"search_term_string"}}],"inLanguage":"en-US"},{"@type":"Organization","@id":"https:\/\/www.mbh.fr\/fr\/#organization","name":"mont blanc h\u00e9licopt\u00e8res","url":"https:\/\/www.mbh.fr\/fr\/","logo":{"@type":"ImageObject","inLanguage":"en-US","@id":"https:\/\/www.mbh.fr\/fr\/#\/schema\/logo\/image\/","url":"","contentUrl":"","caption":"mont blanc h\u00e9licopt\u00e8res"},"image":{"@id":"https:\/\/www.mbh.fr\/fr\/#\/schema\/logo\/image\/"},"sameAs":["https:\/\/www.facebook.com\/MontBlancHelicopteres\/","https:\/\/x.com\/MBHelicopteres","https:\/\/www.instagram.com\/montblanchelicopteres\/","https:\/\/www.linkedin.com\/company\/715290\/"]}]}},"_links":{"self":[{"href":"https:\/\/www.mbh.fr\/en\/wp-json\/wp\/v2\/pages\/1569","targetHints":{"allow":["GET"]}}],"collection":[{"href":"https:\/\/www.mbh.fr\/en\/wp-json\/wp\/v2\/pages"}],"about":[{"href":"https:\/\/www.mbh.fr\/en\/wp-json\/wp\/v2\/types\/page"}],"author":[{"embeddable":true,"href":"https:\/\/www.mbh.fr\/en\/wp-json\/wp\/v2\/users\/7"}],"replies":[{"embeddable":true,"href":"https:\/\/www.mbh.fr\/en\/wp-json\/wp\/v2\/comments?post=1569"}],"version-history":[{"count":9,"href":"https:\/\/www.mbh.fr\/en\/wp-json\/wp\/v2\/pages\/1569\/revisions"}],"predecessor-version":[{"id":8617,"href":"https:\/\/www.mbh.fr\/en\/wp-json\/wp\/v2\/pages\/1569\/revisions\/8617"}],"up":[{"embeddable":true,"href":"https:\/\/www.mbh.fr\/en\/wp-json\/wp\/v2\/pages\/260"}],"wp:attachment":[{"href":"https:\/\/www.mbh.fr\/en\/wp-json\/wp\/v2\/media?parent=1569"}],"curies":[{"name":"wp","href":"https:\/\/api.w.org\/{rel}","templated":true}]}}