{"id":1571,"date":"2018-01-02T09:54:39","date_gmt":"2018-01-02T08:54:39","guid":{"rendered":"http:\/\/www.mbh.fr\/?page_id=1571"},"modified":"2026-03-13T15:02:42","modified_gmt":"2026-03-13T14:02:42","slug":"transport-vip-transfers-flights","status":"publish","type":"page","link":"https:\/\/www.mbh.fr\/en\/services\/passengers-flight\/transport-vip-transfers-flights\/","title":{"rendered":"VIP\/Taxi flights"},"content":{"rendered":"<div class=\"wpb-content-wrapper\"><p>[vc_row type=&#8221;full_width_section&#8221; bg_image=&#8221;4899&#8243; parallax_bg=&#8221;true&#8221; top_padding=&#8221;200&#8243; bottom_padding=&#8221;200&#8243;][vc_column width=&#8221;1\/1&#8243;][\/vc_column][\/vc_row][vc_row top_padding=&#8221;50&#8243; bottom_padding=&#8221;50&#8243;][vc_column el_class=&#8221;left-col-menu-presta&#8221; text_align=&#8221;center&#8221; width=&#8221;1\/4&#8243;][vc_column_text]<\/p>\n<h3>Our services<\/h3>\n<p>[\/vc_column_text][vc_wp_custommenu nav_menu=&#8221;861&#8243; el_id=&#8221;sticky-menu-prestations&#8221;][\/vc_column][vc_column text_align=&#8221;center&#8221; width=&#8221;3\/4&#8243;][vc_single_image image=&#8221;4473&#8243; img_size=&#8221;full&#8221; alignment=&#8221;center&#8221; el_class=&#8221;isotype&#8221;][vc_column_text]<\/p>\n<h2 style=\"text-align: center;\"><strong>VIP\/Taxi<\/strong> flights<\/h2>\n<p>[\/vc_column_text][vc_column_text]<\/p>\n<p style=\"text-align: center;\"><strong>Our business is here to take you where you want to go in complete safety and comfort.<\/strong><\/p>\n<p style=\"text-align: center;\">Take advantage of our versatile, high-performance and perfectly maintained aircraft. With the help of qualified and attentive staff, you will find a solution tailored to your needs and requirements.<\/p>\n<h2>Helicopter Transfer Flights<\/h2>\n<h3>Move with elegance and speed<\/h3>\n<p>Our helicopter transfers offer an exclusive and efficient way to reach your destination. Our helicopter transfers allow you to bypass traffic and reach your destination of choice with unrivalled efficiency. Enjoy exceptional panoramic views as we transport you in safety and comfort.<\/p>\n<h3>Combining comfort and convenience<\/h3>\n<p>Our helicopter cab flights offer you a personalized transportation solution, combining luxury, flexibility and convenience. Travel on your schedule, your way.<\/p>\n<p>Our VIP helicopter flights are designed to meet your specific needs. From urgent business trips to personal getaways, our fleet of helicopters offers the flexibility you need. Climb aboard and let us transport you to your destination with peace of mind.<\/p>\n<p><strong>Departing from: <\/strong> <a href=\"https:\/\/www.mbh.fr\/en\/our-bases-location\/paris\/\">Paris<\/a>, <a href=\"https:\/\/www.mbh.fr\/en\/our-bases-location\/geneva-airport\/\">Geneva<\/a>, <a href=\"https:\/\/www.mbh.fr\/en\/our-bases-location\/annemasse\/\">Annemasse<\/a>, <a href=\"https:\/\/www.mbh.fr\/en\/our-bases-location\/megeve\/\">Meg\u00e8ve<\/a>, M\u00e9ribel, Val d&#8217;Is\u00e8re, Val Thorens, <a href=\"https:\/\/www.mbh.fr\/en\/our-bases-location\/courchevel\/\">Courchevel<\/a>, <a href=\"https:\/\/www.mbh.fr\/en\/our-bases-location\/les-arcs\/\">Les Arcs<\/a>, <a href=\"https:\/\/www.mbh.fr\/en\/our-bases-location\/avoriaz\/\">Avoriaz<\/a>, <a href=\"https:\/\/www.mbh.fr\/en\/our-bases-location\/lyon-bron\/\">Lyon<\/a>, <a href=\"https:\/\/www.mbh.fr\/en\/our-bases-location\/gap\/\">Gap<\/a>, Prechac and <a href=\"https:\/\/www.mbh.fr\/en\/our-bases-location\/grenoble\/\">Grenoble<\/a><\/p>\n<p style=\"text-align: center;\"><strong>\u00a0<\/strong><\/p>\n<p>[\/vc_column_text][vc_btn title=&#8221;Book your flight&#8221; color=&#8221;black&#8221; size=&#8221;lg&#8221; i_align=&#8221;right&#8221; i_icon_fontawesome=&#8221;&#8221; css=&#8221;&#8221; add_icon=&#8221;true&#8221; link=&#8221;url:https%3A%2F%2Fwww.mbh.fr%2Fen%2Fcontact%2F|target:_blank&#8221;][\/vc_column][\/vc_row][vc_row top_padding=&#8221;50&#8243; bottom_padding=&#8221;50&#8243;][vc_column text_align=&#8221;center&#8221; width=&#8221;1\/4&#8243;][\/vc_column][vc_column width=&#8221;3\/4&#8243;]<div class=\"gallery-style-2\">\n\t\t<style type=\"text\/css\">\n\t\t\t#gallery-1 {\n\t\t\t\tmargin: auto;\n\t\t\t}\n\t\t\t#gallery-1 .gallery-item {\n\t\t\t\tfloat: left;\n\t\t\t\tmargin-top: 10px;\n\t\t\t\ttext-align: center;\n\t\t\t\twidth: 25%;\n\t\t\t}\n\t\t\t#gallery-1 img {\n\t\t\t\tborder: 2px solid #cfcfcf;\n\t\t\t}\n\t\t\t#gallery-1 .gallery-caption {\n\t\t\t\tmargin-left: 0;\n\t\t\t}\n\t\t\t\/* see gallery_shortcode() in wp-includes\/media.php *\/\n\t\t<\/style>\n\t\t<div id='gallery-1' class='gallery galleryid-1571 gallery-columns-4 gallery-size-thumbnail'><dl class='gallery-item'>\n\t\t\t<dt class='gallery-icon landscape'>\n\t\t\t\t<a rel=\"prettyPhoto[pp_gal]\" href='https:\/\/www.mbh.fr\/wp-content\/uploads\/2026\/03\/Tournage-laccident-du-piano-Megeve-photo-5-scaled.jpg'><img loading=\"lazy\" decoding=\"async\" width=\"600\" height=\"600\" src=\"https:\/\/www.mbh.fr\/wp-content\/uploads\/2026\/03\/Tournage-laccident-du-piano-Megeve-photo-5-600x600.jpg\" class=\"attachment-thumbnail size-thumbnail\" alt=\"\" srcset=\"https:\/\/www.mbh.fr\/wp-content\/uploads\/2026\/03\/Tournage-laccident-du-piano-Megeve-photo-5-600x600.jpg 600w, https:\/\/www.mbh.fr\/wp-content\/uploads\/2026\/03\/Tournage-laccident-du-piano-Megeve-photo-5-80x80.jpg 80w, https:\/\/www.mbh.fr\/wp-content\/uploads\/2026\/03\/Tournage-laccident-du-piano-Megeve-photo-5-500x500.jpg 500w, https:\/\/www.mbh.fr\/wp-content\/uploads\/2026\/03\/Tournage-laccident-du-piano-Megeve-photo-5-1000x1000.jpg 1000w\" sizes=\"auto, (max-width: 600px) 100vw, 600px\" \/><\/a>\n\t\t\t<\/dt><\/dl><dl class='gallery-item'>\n\t\t\t<dt class='gallery-icon landscape'>\n\t\t\t\t<a rel=\"prettyPhoto[pp_gal]\" href='https:\/\/www.mbh.fr\/wp-content\/uploads\/2026\/03\/ACH145_Interior_2-scaled.jpg'><img loading=\"lazy\" decoding=\"async\" width=\"600\" height=\"600\" src=\"https:\/\/www.mbh.fr\/wp-content\/uploads\/2026\/03\/ACH145_Interior_2-600x600.jpg\" class=\"attachment-thumbnail size-thumbnail\" alt=\"\" srcset=\"https:\/\/www.mbh.fr\/wp-content\/uploads\/2026\/03\/ACH145_Interior_2-600x600.jpg 600w, https:\/\/www.mbh.fr\/wp-content\/uploads\/2026\/03\/ACH145_Interior_2-80x80.jpg 80w, https:\/\/www.mbh.fr\/wp-content\/uploads\/2026\/03\/ACH145_Interior_2-500x500.jpg 500w, https:\/\/www.mbh.fr\/wp-content\/uploads\/2026\/03\/ACH145_Interior_2-1000x1000.jpg 1000w\" sizes=\"auto, (max-width: 600px) 100vw, 600px\" \/><\/a>\n\t\t\t<\/dt><\/dl><dl class='gallery-item'>\n\t\t\t<dt class='gallery-icon landscape'>\n\t\t\t\t<a rel=\"prettyPhoto[pp_gal]\" href='https:\/\/www.mbh.fr\/wp-content\/uploads\/2026\/03\/ACH145_Interior_4-scaled.jpg'><img loading=\"lazy\" decoding=\"async\" width=\"600\" height=\"600\" src=\"https:\/\/www.mbh.fr\/wp-content\/uploads\/2026\/03\/ACH145_Interior_4-600x600.jpg\" class=\"attachment-thumbnail size-thumbnail\" alt=\"\" srcset=\"https:\/\/www.mbh.fr\/wp-content\/uploads\/2026\/03\/ACH145_Interior_4-600x600.jpg 600w, https:\/\/www.mbh.fr\/wp-content\/uploads\/2026\/03\/ACH145_Interior_4-80x80.jpg 80w, https:\/\/www.mbh.fr\/wp-content\/uploads\/2026\/03\/ACH145_Interior_4-500x500.jpg 500w, https:\/\/www.mbh.fr\/wp-content\/uploads\/2026\/03\/ACH145_Interior_4-1000x1000.jpg 1000w\" sizes=\"auto, (max-width: 600px) 100vw, 600px\" \/><\/a>\n\t\t\t<\/dt><\/dl><dl class='gallery-item'>\n\t\t\t<dt class='gallery-icon landscape'>\n\t\t\t\t<a rel=\"prettyPhoto[pp_gal]\" href='https:\/\/www.mbh.fr\/wp-content\/uploads\/2026\/03\/ACH145_Interior_1-scaled.jpg'><img loading=\"lazy\" decoding=\"async\" width=\"600\" height=\"600\" src=\"https:\/\/www.mbh.fr\/wp-content\/uploads\/2026\/03\/ACH145_Interior_1-600x600.jpg\" class=\"attachment-thumbnail size-thumbnail\" alt=\"\" srcset=\"https:\/\/www.mbh.fr\/wp-content\/uploads\/2026\/03\/ACH145_Interior_1-600x600.jpg 600w, https:\/\/www.mbh.fr\/wp-content\/uploads\/2026\/03\/ACH145_Interior_1-80x80.jpg 80w, https:\/\/www.mbh.fr\/wp-content\/uploads\/2026\/03\/ACH145_Interior_1-500x500.jpg 500w, https:\/\/www.mbh.fr\/wp-content\/uploads\/2026\/03\/ACH145_Interior_1-1000x1000.jpg 1000w\" sizes=\"auto, (max-width: 600px) 100vw, 600px\" \/><\/a>\n\t\t\t<\/dt><\/dl><br style=\"clear: both\" \/>\n\t\t<\/div>\n<\/div>[\/vc_column][\/vc_row]<\/p>\n<\/div>","protected":false},"excerpt":{"rendered":"<p>[vc_row type=&#8221;full_width_section&#8221; bg_image=&#8221;4899&#8243; parallax_bg=&#8221;true&#8221; top_padding=&#8221;200&#8243; bottom_padding=&#8221;200&#8243;][vc_column width=&#8221;1\/1&#8243;][\/vc_column][\/vc_row][vc_row top_padding=&#8221;50&#8243; bottom_padding=&#8221;50&#8243;][vc_column el_class=&#8221;left-col-menu-presta&#8221; text_align=&#8221;center&#8221; width=&#8221;1\/4&#8243;][vc_column_text] Our services [\/vc_column_text][vc_wp_custommenu nav_menu=&#8221;861&#8243; el_id=&#8221;sticky-menu-prestations&#8221;][\/vc_column][vc_column text_align=&#8221;center&#8221; width=&#8221;3\/4&#8243;][vc_single_image image=&#8221;4473&#8243; img_size=&#8221;full&#8221; alignment=&#8221;center&#8221; el_class=&#8221;isotype&#8221;][vc_column_text] VIP\/Taxi flights [\/vc_column_text][vc_column_text] Our business is here to take you where you want to go in complete safety and comfort. Take advantage of our versatile, high-performance and perfectly maintained aircraft. With the help of qualified and attentive staff, you will find a solution tailored to your needs and requirements. Helicopter Transfer Flights Move with elegance and speed Our helicopter transfers offer an exclusive and efficient way to reach your destination. Our helicopter transfers allow you to bypass traffic and reach your destination of choice with unrivalled efficiency. Enjoy exceptional panoramic views as we transport you in safety and comfort. Combining comfort and convenience Our helicopter cab flights offer you a personalized transportation solution, combining luxury, flexibility and convenience. Travel on your schedule, your way. Our VIP helicopter flights are designed to meet your specific needs. From urgent business trips to personal getaways, our fleet of helicopters offers the flexibility you need. Climb aboard and let us transport you to your destination with peace of mind. Departing from: Paris, Geneva, Annemasse, Meg\u00e8ve, M\u00e9ribel, Val d&#8217;Is\u00e8re, Val Thorens, Courchevel, [&hellip;]<\/p>\n","protected":false},"author":7,"featured_media":0,"parent":260,"menu_order":0,"comment_status":"closed","ping_status":"closed","template":"","meta":{"_acf_changed":false,"footnotes":""},"class_list":["post-1571","page","type-page","status-publish","hentry"],"acf":[],"yoast_head":"<!-- This site is optimized with the Yoast SEO plugin v26.9 - https:\/\/yoast.com\/product\/yoast-seo-wordpress\/ -->\n<title>VIP\/Taxi flights - Mont Blanc Helicopt\u00e8res<\/title>\n<meta name=\"robots\" content=\"index, follow, max-snippet:-1, max-image-preview:large, max-video-preview:-1\" \/>\n<link rel=\"canonical\" href=\"https:\/\/www.mbh.fr\/en\/services\/passengers-flight\/transport-vip-transfers-flights\/\" \/>\n<meta property=\"og:locale\" content=\"en_US\" \/>\n<meta property=\"og:type\" content=\"article\" \/>\n<meta property=\"og:title\" content=\"VIP\/Taxi flights - Mont Blanc Helicopt\u00e8res\" \/>\n<meta property=\"og:description\" content=\"[vc_row type=&#8221;full_width_section&#8221; bg_image=&#8221;4899&#8243; parallax_bg=&#8221;true&#8221; top_padding=&#8221;200&#8243; bottom_padding=&#8221;200&#8243;][vc_column width=&#8221;1\/1&#8243;][\/vc_column][\/vc_row][vc_row top_padding=&#8221;50&#8243; bottom_padding=&#8221;50&#8243;][vc_column el_class=&#8221;left-col-menu-presta&#8221; text_align=&#8221;center&#8221; width=&#8221;1\/4&#8243;][vc_column_text] Our services [\/vc_column_text][vc_wp_custommenu nav_menu=&#8221;861&#8243; el_id=&#8221;sticky-menu-prestations&#8221;][\/vc_column][vc_column text_align=&#8221;center&#8221; width=&#8221;3\/4&#8243;][vc_single_image image=&#8221;4473&#8243; img_size=&#8221;full&#8221; alignment=&#8221;center&#8221; el_class=&#8221;isotype&#8221;][vc_column_text] VIP\/Taxi flights [\/vc_column_text][vc_column_text] Our business is here to take you where you want to go in complete safety and comfort. Take advantage of our versatile, high-performance and perfectly maintained aircraft. With the help of qualified and attentive staff, you will find a solution tailored to your needs and requirements. Helicopter Transfer Flights Move with elegance and speed Our helicopter transfers offer an exclusive and efficient way to reach your destination. Our helicopter transfers allow you to bypass traffic and reach your destination of choice with unrivalled efficiency. Enjoy exceptional panoramic views as we transport you in safety and comfort. Combining comfort and convenience Our helicopter cab flights offer you a personalized transportation solution, combining luxury, flexibility and convenience. Travel on your schedule, your way. Our VIP helicopter flights are designed to meet your specific needs. From urgent business trips to personal getaways, our fleet of helicopters offers the flexibility you need. Climb aboard and let us transport you to your destination with peace of mind. Departing from: Paris, Geneva, Annemasse, Meg\u00e8ve, M\u00e9ribel, Val d&#8217;Is\u00e8re, Val Thorens, Courchevel, [&hellip;]\" \/>\n<meta property=\"og:url\" content=\"https:\/\/www.mbh.fr\/en\/services\/passengers-flight\/transport-vip-transfers-flights\/\" \/>\n<meta property=\"og:site_name\" content=\"Mont Blanc Helicopt\u00e8res\" \/>\n<meta property=\"article:publisher\" content=\"https:\/\/www.facebook.com\/MontBlancHelicopteres\/\" \/>\n<meta property=\"article:modified_time\" content=\"2026-03-13T14:02:42+00:00\" \/>\n<meta name=\"twitter:card\" content=\"summary_large_image\" \/>\n<meta name=\"twitter:site\" content=\"@MBHelicopteres\" \/>\n<meta name=\"twitter:label1\" content=\"Est. reading time\" \/>\n\t<meta name=\"twitter:data1\" content=\"3 minutes\" \/>\n<script type=\"application\/ld+json\" class=\"yoast-schema-graph\">{\"@context\":\"https:\/\/schema.org\",\"@graph\":[{\"@type\":\"WebPage\",\"@id\":\"https:\/\/www.mbh.fr\/en\/services\/passengers-flight\/transport-vip-transfers-flights\/\",\"url\":\"https:\/\/www.mbh.fr\/en\/services\/passengers-flight\/transport-vip-transfers-flights\/\",\"name\":\"VIP\/Taxi flights - Mont Blanc Helicopt\u00e8res\",\"isPartOf\":{\"@id\":\"https:\/\/www.mbh.fr\/fr\/#website\"},\"datePublished\":\"2018-01-02T08:54:39+00:00\",\"dateModified\":\"2026-03-13T14:02:42+00:00\",\"breadcrumb\":{\"@id\":\"https:\/\/www.mbh.fr\/en\/services\/passengers-flight\/transport-vip-transfers-flights\/#breadcrumb\"},\"inLanguage\":\"en-US\",\"potentialAction\":[{\"@type\":\"ReadAction\",\"target\":[\"https:\/\/www.mbh.fr\/en\/services\/passengers-flight\/transport-vip-transfers-flights\/\"]}]},{\"@type\":\"BreadcrumbList\",\"@id\":\"https:\/\/www.mbh.fr\/en\/services\/passengers-flight\/transport-vip-transfers-flights\/#breadcrumb\",\"itemListElement\":[{\"@type\":\"ListItem\",\"position\":1,\"name\":\"Accueil\",\"item\":\"https:\/\/www.mbh.fr\/en\/\"},{\"@type\":\"ListItem\",\"position\":2,\"name\":\"SERVICES\",\"item\":\"https:\/\/www.mbh.fr\/en\/services\/\"},{\"@type\":\"ListItem\",\"position\":3,\"name\":\"Passengers flight\",\"item\":\"https:\/\/www.mbh.fr\/en\/services\/passengers-flight\/\"},{\"@type\":\"ListItem\",\"position\":4,\"name\":\"VIP\/Taxi flights\"}]},{\"@type\":\"WebSite\",\"@id\":\"https:\/\/www.mbh.fr\/fr\/#website\",\"url\":\"https:\/\/www.mbh.fr\/fr\/\",\"name\":\"Mont Blanc Helicopt\u00e8res\",\"description\":\"\",\"publisher\":{\"@id\":\"https:\/\/www.mbh.fr\/fr\/#organization\"},\"potentialAction\":[{\"@type\":\"SearchAction\",\"target\":{\"@type\":\"EntryPoint\",\"urlTemplate\":\"https:\/\/www.mbh.fr\/fr\/?s={search_term_string}\"},\"query-input\":{\"@type\":\"PropertyValueSpecification\",\"valueRequired\":true,\"valueName\":\"search_term_string\"}}],\"inLanguage\":\"en-US\"},{\"@type\":\"Organization\",\"@id\":\"https:\/\/www.mbh.fr\/fr\/#organization\",\"name\":\"mont blanc h\u00e9licopt\u00e8res\",\"url\":\"https:\/\/www.mbh.fr\/fr\/\",\"logo\":{\"@type\":\"ImageObject\",\"inLanguage\":\"en-US\",\"@id\":\"https:\/\/www.mbh.fr\/fr\/#\/schema\/logo\/image\/\",\"url\":\"\",\"contentUrl\":\"\",\"caption\":\"mont blanc h\u00e9licopt\u00e8res\"},\"image\":{\"@id\":\"https:\/\/www.mbh.fr\/fr\/#\/schema\/logo\/image\/\"},\"sameAs\":[\"https:\/\/www.facebook.com\/MontBlancHelicopteres\/\",\"https:\/\/x.com\/MBHelicopteres\",\"https:\/\/www.instagram.com\/montblanchelicopteres\/\",\"https:\/\/www.linkedin.com\/company\/715290\/\"]}]}<\/script>\n<!-- \/ Yoast SEO plugin. -->","yoast_head_json":{"title":"VIP\/Taxi flights - Mont Blanc Helicopt\u00e8res","robots":{"index":"index","follow":"follow","max-snippet":"max-snippet:-1","max-image-preview":"max-image-preview:large","max-video-preview":"max-video-preview:-1"},"canonical":"https:\/\/www.mbh.fr\/en\/services\/passengers-flight\/transport-vip-transfers-flights\/","og_locale":"en_US","og_type":"article","og_title":"VIP\/Taxi flights - Mont Blanc Helicopt\u00e8res","og_description":"[vc_row type=&#8221;full_width_section&#8221; bg_image=&#8221;4899&#8243; parallax_bg=&#8221;true&#8221; top_padding=&#8221;200&#8243; bottom_padding=&#8221;200&#8243;][vc_column width=&#8221;1\/1&#8243;][\/vc_column][\/vc_row][vc_row top_padding=&#8221;50&#8243; bottom_padding=&#8221;50&#8243;][vc_column el_class=&#8221;left-col-menu-presta&#8221; text_align=&#8221;center&#8221; width=&#8221;1\/4&#8243;][vc_column_text] Our services [\/vc_column_text][vc_wp_custommenu nav_menu=&#8221;861&#8243; el_id=&#8221;sticky-menu-prestations&#8221;][\/vc_column][vc_column text_align=&#8221;center&#8221; width=&#8221;3\/4&#8243;][vc_single_image image=&#8221;4473&#8243; img_size=&#8221;full&#8221; alignment=&#8221;center&#8221; el_class=&#8221;isotype&#8221;][vc_column_text] VIP\/Taxi flights [\/vc_column_text][vc_column_text] Our business is here to take you where you want to go in complete safety and comfort. Take advantage of our versatile, high-performance and perfectly maintained aircraft. With the help of qualified and attentive staff, you will find a solution tailored to your needs and requirements. Helicopter Transfer Flights Move with elegance and speed Our helicopter transfers offer an exclusive and efficient way to reach your destination. Our helicopter transfers allow you to bypass traffic and reach your destination of choice with unrivalled efficiency. Enjoy exceptional panoramic views as we transport you in safety and comfort. Combining comfort and convenience Our helicopter cab flights offer you a personalized transportation solution, combining luxury, flexibility and convenience. Travel on your schedule, your way. Our VIP helicopter flights are designed to meet your specific needs. From urgent business trips to personal getaways, our fleet of helicopters offers the flexibility you need. Climb aboard and let us transport you to your destination with peace of mind. Departing from: Paris, Geneva, Annemasse, Meg\u00e8ve, M\u00e9ribel, Val d&#8217;Is\u00e8re, Val Thorens, Courchevel, [&hellip;]","og_url":"https:\/\/www.mbh.fr\/en\/services\/passengers-flight\/transport-vip-transfers-flights\/","og_site_name":"Mont Blanc Helicopt\u00e8res","article_publisher":"https:\/\/www.facebook.com\/MontBlancHelicopteres\/","article_modified_time":"2026-03-13T14:02:42+00:00","twitter_card":"summary_large_image","twitter_site":"@MBHelicopteres","twitter_misc":{"Est. reading time":"3 minutes"},"schema":{"@context":"https:\/\/schema.org","@graph":[{"@type":"WebPage","@id":"https:\/\/www.mbh.fr\/en\/services\/passengers-flight\/transport-vip-transfers-flights\/","url":"https:\/\/www.mbh.fr\/en\/services\/passengers-flight\/transport-vip-transfers-flights\/","name":"VIP\/Taxi flights - Mont Blanc Helicopt\u00e8res","isPartOf":{"@id":"https:\/\/www.mbh.fr\/fr\/#website"},"datePublished":"2018-01-02T08:54:39+00:00","dateModified":"2026-03-13T14:02:42+00:00","breadcrumb":{"@id":"https:\/\/www.mbh.fr\/en\/services\/passengers-flight\/transport-vip-transfers-flights\/#breadcrumb"},"inLanguage":"en-US","potentialAction":[{"@type":"ReadAction","target":["https:\/\/www.mbh.fr\/en\/services\/passengers-flight\/transport-vip-transfers-flights\/"]}]},{"@type":"BreadcrumbList","@id":"https:\/\/www.mbh.fr\/en\/services\/passengers-flight\/transport-vip-transfers-flights\/#breadcrumb","itemListElement":[{"@type":"ListItem","position":1,"name":"Accueil","item":"https:\/\/www.mbh.fr\/en\/"},{"@type":"ListItem","position":2,"name":"SERVICES","item":"https:\/\/www.mbh.fr\/en\/services\/"},{"@type":"ListItem","position":3,"name":"Passengers flight","item":"https:\/\/www.mbh.fr\/en\/services\/passengers-flight\/"},{"@type":"ListItem","position":4,"name":"VIP\/Taxi flights"}]},{"@type":"WebSite","@id":"https:\/\/www.mbh.fr\/fr\/#website","url":"https:\/\/www.mbh.fr\/fr\/","name":"Mont Blanc Helicopt\u00e8res","description":"","publisher":{"@id":"https:\/\/www.mbh.fr\/fr\/#organization"},"potentialAction":[{"@type":"SearchAction","target":{"@type":"EntryPoint","urlTemplate":"https:\/\/www.mbh.fr\/fr\/?s={search_term_string}"},"query-input":{"@type":"PropertyValueSpecification","valueRequired":true,"valueName":"search_term_string"}}],"inLanguage":"en-US"},{"@type":"Organization","@id":"https:\/\/www.mbh.fr\/fr\/#organization","name":"mont blanc h\u00e9licopt\u00e8res","url":"https:\/\/www.mbh.fr\/fr\/","logo":{"@type":"ImageObject","inLanguage":"en-US","@id":"https:\/\/www.mbh.fr\/fr\/#\/schema\/logo\/image\/","url":"","contentUrl":"","caption":"mont blanc h\u00e9licopt\u00e8res"},"image":{"@id":"https:\/\/www.mbh.fr\/fr\/#\/schema\/logo\/image\/"},"sameAs":["https:\/\/www.facebook.com\/MontBlancHelicopteres\/","https:\/\/x.com\/MBHelicopteres","https:\/\/www.instagram.com\/montblanchelicopteres\/","https:\/\/www.linkedin.com\/company\/715290\/"]}]}},"_links":{"self":[{"href":"https:\/\/www.mbh.fr\/en\/wp-json\/wp\/v2\/pages\/1571","targetHints":{"allow":["GET"]}}],"collection":[{"href":"https:\/\/www.mbh.fr\/en\/wp-json\/wp\/v2\/pages"}],"about":[{"href":"https:\/\/www.mbh.fr\/en\/wp-json\/wp\/v2\/types\/page"}],"author":[{"embeddable":true,"href":"https:\/\/www.mbh.fr\/en\/wp-json\/wp\/v2\/users\/7"}],"replies":[{"embeddable":true,"href":"https:\/\/www.mbh.fr\/en\/wp-json\/wp\/v2\/comments?post=1571"}],"version-history":[{"count":10,"href":"https:\/\/www.mbh.fr\/en\/wp-json\/wp\/v2\/pages\/1571\/revisions"}],"predecessor-version":[{"id":14588,"href":"https:\/\/www.mbh.fr\/en\/wp-json\/wp\/v2\/pages\/1571\/revisions\/14588"}],"up":[{"embeddable":true,"href":"https:\/\/www.mbh.fr\/en\/wp-json\/wp\/v2\/pages\/260"}],"wp:attachment":[{"href":"https:\/\/www.mbh.fr\/en\/wp-json\/wp\/v2\/media?parent=1571"}],"curies":[{"name":"wp","href":"https:\/\/api.w.org\/{rel}","templated":true}]}}