{"id":7011,"date":"2020-03-30T10:12:11","date_gmt":"2020-03-30T08:12:11","guid":{"rendered":"https:\/\/www.mbh.fr\/?page_id=7011"},"modified":"2025-07-16T16:52:41","modified_gmt":"2025-07-16T14:52:41","slug":"avoriaz","status":"publish","type":"page","link":"https:\/\/www.mbh.fr\/en\/our-bases-location\/avoriaz\/","title":{"rendered":"AVORIAZ"},"content":{"rendered":"<div class=\"wpb-content-wrapper\"><p>[vc_row type=&#8221;full_width_section&#8221; bg_image=&#8221;11112&#8243; top_padding=&#8221;200&#8243; bottom_padding=&#8221;200&#8243;][vc_column width=&#8221;1\/1&#8243;][\/vc_column][\/vc_row][vc_row top_padding=&#8221;50&#8243; bottom_padding=&#8221;50&#8243; class=&#8221;base-content&#8221;][vc_column width=&#8221;2\/3&#8243;][vc_column_text]<\/p>\n<h1 class=\"p1\">Helicopter flights <strong>from Avoriaz<\/strong><\/h1>\n<p>[\/vc_column_text][vc_column_text]<\/p>\n<h2>Mountain rescue base<\/h2>\n<p>[\/vc_column_text]<div class=\"newdivider align-left\" style=\"border-bottom-style: solid; border-color: #eeeeee; border-bottom-width: 4px; margin-top: 25px; margin-bottom: 25px; width: 10%; \"><\/div><div class=\"clear\"><\/div>[vc_row_inner][vc_column_inner width=&#8221;2\/3&#8243;][vc_column_text el_class=&#8221;Notre base de secours \u00e0 Avoriaz, assure des interventions rapides et m\u00e9dicalis\u00e9es en montagne. Sp\u00e9cialis\u00e9e dans le sauvetage en altitude et la pr\u00e9vention des avalanches, elle garantit la s\u00e9curit\u00e9 des skieurs et snowboardeurs dans les domaines skiables des Portes du Soleil, du Grands Massif et du Chablais.&#8221;]Our rescue base in Avoriaz ensures rapid, medicalized interventions in the mountains. Specialized in high-altitude rescue and avalanche prevention, it guarantees the safety of skiers and snowboarders in the Portes du Soleil, Grands Massif and Chablais ski areas.[\/vc_column_text][\/vc_column_inner][vc_column_inner width=&#8221;1\/3&#8243;][vc_single_image image=&#8221;6178&#8243; img_size=&#8221;medium&#8221;][\/vc_column_inner][\/vc_row_inner][\/vc_column][vc_column width=&#8221;1\/3&#8243;]<div class=\"minti_boxedholder   clearfix\" style=\"padding: 20px; margin: 0px 0px 20px 0px; background-color: #f8f8f8; border-width: 1; border-color: #eeeeee; \">[vc_column_text]<strong>Avoriaz Altiport<br \/>\n<\/strong>Golf d&#8217;Avoriaz &#8211; Col de la Joux Verte<br \/>\nRoute d&#8217;Avoriaz, 74110 Morzine[\/vc_column_text][vc_btn title=&#8221;Google Map&#8221; style=&#8221;classic&#8221; shape=&#8221;square&#8221; color=&#8221;white&#8221; size=&#8221;sm&#8221; align=&#8221;left&#8221; i_icon_fontawesome=&#8221;far fa-map&#8221; css=&#8221;.vc_custom_1585570031524{margin-top: 10px !important;margin-bottom: 10px !important;}&#8221; add_icon=&#8221;true&#8221; link=&#8221;url:https%3A%2F%2Fgoo.gl%2Fmaps%2FxSupBycDobs|target:%20_blank|&#8221;][vc_btn title=&#8221;+33 4 50 92 78 00 (OPS)&#8221; style=&#8221;classic&#8221; shape=&#8221;square&#8221; color=&#8221;white&#8221; size=&#8221;sm&#8221; i_icon_fontawesome=&#8221;fas fa-phone&#8221; css=&#8221;.vc_custom_1585569825020{margin-bottom: 10px !important;}&#8221; add_icon=&#8221;true&#8221; link=&#8221;url:phone%3A0450927800|&#8221;][vc_btn title=&#8221;info@mbh.fr&#8221; style=&#8221;classic&#8221; shape=&#8221;square&#8221; color=&#8221;white&#8221; size=&#8221;sm&#8221; align=&#8221;left&#8221; i_icon_fontawesome=&#8221;far fa-envelope&#8221; css=&#8221;.vc_custom_1585572405975{margin-bottom: 0px !important;}&#8221; add_icon=&#8221;true&#8221; link=&#8221;url:mailto%3Ainfo%40mbh.fr|&#8221;]<\/div><div class=\"minti_boxedholder specs color-light clearfix\" style=\"padding: 20px; margin: 50px 0 0 0; background-color: #0a0a0a; border-color: #f8f8f8; \">[vc_column_text]<\/p>\n<h3>Helicopters<\/h3>\n<p>[\/vc_column_text]<div class=\"minti_list wpb_content_element color-grey circlearrow show_separator\" style=\"\">\n<ul>\n<li>Mono Turbine : <a href=\"https:\/\/www.mbh.fr\/fr\/flotte\/\">AS350<\/a><\/li>\n<li>Bi Turbine : <a href=\"https:\/\/www.mbh.fr\/fr\/flotte\/\">AS355N<\/a>, <a href=\"https:\/\/www.mbh.fr\/fr\/flotte\/\">EC135<\/a><\/li>\n<\/ul>\n<\/div><\/div>[\/vc_column][\/vc_row][vc_row][vc_column width=&#8221;1\/1&#8243;]<a href=\"https:\/\/www.mbh.fr\/en\/our-bases-location\/avoriaz\/mountain-rescue-avoriaz\/\" target=\"_self\" class=\"catimage wpb_content_element color-light\" style=\"height: 300px;;\">\n\t\t\t<span style=\"background-image: url(https:\/\/www.mbh.fr\/wp-content\/uploads\/2020\/03\/alt-helicoptere-avoriaz-secours-montagne-piste-ski-scaled.jpg); height: 300px;;\"><\/span>\n\t\t\t<div class=\"catimage-overlay clearfix\" style=\"height: 300px;;\">\n\t\t\t\t<div class=\"catimage-text\">Avoriaz Mountain Rescue<\/div>\n\t\t\t<\/div><\/a>[\/vc_column][\/vc_row][vc_row][vc_column width=&#8221;1\/1&#8243;][vc_empty_space height=&#8221;50px&#8221;]<div class=\"newdivider align-center\" style=\"border-bottom-style: solid; border-color: #eeeeee; border-bottom-width: 4px; margin-top: 25px; margin-bottom: 25px; width: 10%; \"><\/div><div class=\"clear\"><\/div>[vc_column_text]<\/p>\n<h2 style=\"text-align: center;\"><strong>Book your flight<\/strong> from Avoriaz<\/h2>\n<p>[\/vc_column_text][vc_empty_space height=&#8221;25px&#8221;][vc_btn title=&#8221;Contact us&#8221; shape=&#8221;square&#8221; color=&#8221;black&#8221; align=&#8221;center&#8221; i_align=&#8221;right&#8221; i_icon_fontawesome=&#8221;fas fa-sign-out-alt&#8221; add_icon=&#8221;true&#8221; link=&#8221;url:https%3A%2F%2Fwww.mbh.fr%2Fen%2Fcontact%2F%3Frecipient%3DAvoriaz|&#8221;]<div class=\"newdivider align-center\" style=\"border-bottom-style: solid; border-color: #eeeeee; border-bottom-width: 4px; margin-top: 25px; margin-bottom: 25px; width: 10%; \"><\/div><div class=\"clear\"><\/div>[\/vc_column][\/vc_row][vc_row top_padding=&#8221;50&#8243; bottom_padding=&#8221;50&#8243;][vc_column width=&#8221;2\/3&#8243;][vc_gmaps link=&#8221;#E-8_JTNDaWZyYW1lJTIwc3JjJTNEJTIyaHR0cHMlM0ElMkYlMkZ3d3cuZ29vZ2xlLmNvbSUyRm1hcHMlMkZlbWJlZCUzRnBiJTNEJTIxMW0xNCUyMTFtOCUyMTFtMyUyMTFkMTEwNDYuMDczMzEyODE3MDg3JTIxMmQ2Ljc1OTE0NTMlMjEzZDQ2LjIwMDE0MyUyMTNtMiUyMTFpMTAyNCUyMTJpNzY4JTIxNGYxMy4xJTIxM20zJTIxMW0yJTIxMXMweDAlMjUzQTB4MjViMGYwMGFjYTI0YmNlNyUyMTJzTW9udCUyNTIwQmxhbmMlMjUyMEglMjVDMyUyNUE5bGljb3B0JTI1QzMlMjVBOHJlcyUyMTVlMCUyMTNtMiUyMTFzZnIlMjEyc2ZyJTIxNHYxNTcxMjM3MTg5OTk0JTIxNW0yJTIxMXNmciUyMTJzZnIlMjIlMjB3aWR0aCUzRCUyMjYwMCUyMiUyMGhlaWdodCUzRCUyMjQ1MCUyMiUyMGZyYW1lYm9yZGVyJTNEJTIyMCUyMiUyMHN0eWxlJTNEJTIyYm9yZGVyJTNBMCUzQiUyMiUyMGFsbG93ZnVsbHNjcmVlbiUzRCUyMiUyMiUzRSUzQyUyRmlmcmFtZSUzRQ==&#8221; size=&#8221;350&#8243;][\/vc_column][vc_column width=&#8221;1\/3&#8243;][vc_btn title=&#8221;Weather Avoriaz&#8221; style=&#8221;classic&#8221; shape=&#8221;square&#8221; color=&#8221;white&#8221; size=&#8221;sm&#8221; align=&#8221;left&#8221; i_icon_fontawesome=&#8221;fas fa-sun&#8221; css=&#8221;.vc_custom_1585572423517{margin-bottom: 10px !important;}&#8221; add_icon=&#8221;true&#8221; link=&#8221;url:http%3A%2F%2Fwww.meteofrance.com%2Fprevisions-meteo-montagne%2Favoriaz%2F74110|target:%20_blank|&#8221;][vc_btn title=&#8221;Avoriaz Website&#8221; style=&#8221;classic&#8221; shape=&#8221;square&#8221; color=&#8221;white&#8221; size=&#8221;sm&#8221; align=&#8221;left&#8221; i_icon_fontawesome=&#8221;fas fa-external-link-alt&#8221; css=&#8221;.vc_custom_1585572435291{margin-bottom: 10px !important;}&#8221; add_icon=&#8221;true&#8221; link=&#8221;url:https%3A%2F%2Fwww.morzine-avoriaz.com%2F|target:%20_blank|&#8221;][vc_btn title=&#8221;Webcam&#8221; style=&#8221;classic&#8221; shape=&#8221;square&#8221; color=&#8221;white&#8221; size=&#8221;sm&#8221; align=&#8221;left&#8221; i_icon_fontawesome=&#8221;fas fa-video&#8221; css=&#8221;.vc_custom_1585569970484{margin-bottom: 10px !important;}&#8221; add_icon=&#8221;true&#8221; link=&#8221;url:https%3A%2F%2Fwww.avoriaz.com%2Ffr%2Flive%2Fwebcams|target:%20_blank|&#8221;][\/vc_column][\/vc_row]<\/p>\n<\/div>","protected":false},"excerpt":{"rendered":"<p>[vc_row type=&#8221;full_width_section&#8221; bg_image=&#8221;11112&#8243; top_padding=&#8221;200&#8243; bottom_padding=&#8221;200&#8243;][vc_column width=&#8221;1\/1&#8243;][\/vc_column][\/vc_row][vc_row top_padding=&#8221;50&#8243; bottom_padding=&#8221;50&#8243; class=&#8221;base-content&#8221;][vc_column width=&#8221;2\/3&#8243;][vc_column_text] Helicopter flights from Avoriaz [\/vc_column_text][vc_column_text] Mountain rescue base [\/vc_column_text][vc_row_inner][vc_column_inner width=&#8221;2\/3&#8243;][vc_column_text el_class=&#8221;Notre base de secours \u00e0 Avoriaz, assure des interventions rapides et m\u00e9dicalis\u00e9es en montagne. Sp\u00e9cialis\u00e9e dans le sauvetage en altitude et la pr\u00e9vention des avalanches, elle garantit la s\u00e9curit\u00e9 des skieurs et snowboardeurs dans les domaines skiables des Portes du Soleil, du Grands Massif et du Chablais.&#8221;]Our rescue base in Avoriaz ensures rapid, medicalized interventions in the mountains. Specialized in high-altitude rescue and avalanche prevention, it guarantees the safety of skiers and snowboarders in the Portes du Soleil, Grands Massif and Chablais ski areas.[\/vc_column_text][\/vc_column_inner][vc_column_inner width=&#8221;1\/3&#8243;][vc_single_image image=&#8221;6178&#8243; img_size=&#8221;medium&#8221;][\/vc_column_inner][\/vc_row_inner][\/vc_column][vc_column width=&#8221;1\/3&#8243;][\/vc_column][\/vc_row][vc_row][vc_column width=&#8221;1\/1&#8243;][\/vc_column][\/vc_row][vc_row][vc_column width=&#8221;1\/1&#8243;][vc_empty_space height=&#8221;50px&#8221;][vc_column_text] Book your flight from Avoriaz [\/vc_column_text][vc_empty_space height=&#8221;25px&#8221;][vc_btn title=&#8221;Contact us&#8221; shape=&#8221;square&#8221; color=&#8221;black&#8221; align=&#8221;center&#8221; i_align=&#8221;right&#8221; i_icon_fontawesome=&#8221;fas fa-sign-out-alt&#8221; add_icon=&#8221;true&#8221; link=&#8221;url:https%3A%2F%2Fwww.mbh.fr%2Fen%2Fcontact%2F%3Frecipient%3DAvoriaz|&#8221;][\/vc_column][\/vc_row][vc_row top_padding=&#8221;50&#8243; bottom_padding=&#8221;50&#8243;][vc_column width=&#8221;2\/3&#8243;][vc_gmaps link=&#8221;#E-8_JTNDaWZyYW1lJTIwc3JjJTNEJTIyaHR0cHMlM0ElMkYlMkZ3d3cuZ29vZ2xlLmNvbSUyRm1hcHMlMkZlbWJlZCUzRnBiJTNEJTIxMW0xNCUyMTFtOCUyMTFtMyUyMTFkMTEwNDYuMDczMzEyODE3MDg3JTIxMmQ2Ljc1OTE0NTMlMjEzZDQ2LjIwMDE0MyUyMTNtMiUyMTFpMTAyNCUyMTJpNzY4JTIxNGYxMy4xJTIxM20zJTIxMW0yJTIxMXMweDAlMjUzQTB4MjViMGYwMGFjYTI0YmNlNyUyMTJzTW9udCUyNTIwQmxhbmMlMjUyMEglMjVDMyUyNUE5bGljb3B0JTI1QzMlMjVBOHJlcyUyMTVlMCUyMTNtMiUyMTFzZnIlMjEyc2ZyJTIxNHYxNTcxMjM3MTg5OTk0JTIxNW0yJTIxMXNmciUyMTJzZnIlMjIlMjB3aWR0aCUzRCUyMjYwMCUyMiUyMGhlaWdodCUzRCUyMjQ1MCUyMiUyMGZyYW1lYm9yZGVyJTNEJTIyMCUyMiUyMHN0eWxlJTNEJTIyYm9yZGVyJTNBMCUzQiUyMiUyMGFsbG93ZnVsbHNjcmVlbiUzRCUyMiUyMiUzRSUzQyUyRmlmcmFtZSUzRQ==&#8221; size=&#8221;350&#8243;][\/vc_column][vc_column width=&#8221;1\/3&#8243;][vc_btn title=&#8221;Weather Avoriaz&#8221; style=&#8221;classic&#8221; shape=&#8221;square&#8221; color=&#8221;white&#8221; size=&#8221;sm&#8221; align=&#8221;left&#8221; i_icon_fontawesome=&#8221;fas fa-sun&#8221; css=&#8221;.vc_custom_1585572423517{margin-bottom: 10px !important;}&#8221; add_icon=&#8221;true&#8221; link=&#8221;url:http%3A%2F%2Fwww.meteofrance.com%2Fprevisions-meteo-montagne%2Favoriaz%2F74110|target:%20_blank|&#8221;][vc_btn title=&#8221;Avoriaz Website&#8221; style=&#8221;classic&#8221; shape=&#8221;square&#8221; color=&#8221;white&#8221; size=&#8221;sm&#8221; align=&#8221;left&#8221; i_icon_fontawesome=&#8221;fas fa-external-link-alt&#8221; css=&#8221;.vc_custom_1585572435291{margin-bottom: 10px !important;}&#8221; add_icon=&#8221;true&#8221; link=&#8221;url:https%3A%2F%2Fwww.morzine-avoriaz.com%2F|target:%20_blank|&#8221;][vc_btn title=&#8221;Webcam&#8221; style=&#8221;classic&#8221; shape=&#8221;square&#8221; color=&#8221;white&#8221; size=&#8221;sm&#8221; align=&#8221;left&#8221; i_icon_fontawesome=&#8221;fas fa-video&#8221; css=&#8221;.vc_custom_1585569970484{margin-bottom: 10px !important;}&#8221; add_icon=&#8221;true&#8221; link=&#8221;url:https%3A%2F%2Fwww.avoriaz.com%2Ffr%2Flive%2Fwebcams|target:%20_blank|&#8221;][\/vc_column][\/vc_row]<\/p>\n","protected":false},"author":5,"featured_media":0,"parent":57,"menu_order":0,"comment_status":"closed","ping_status":"closed","template":"page-base.php","meta":{"_acf_changed":false,"footnotes":""},"class_list":["post-7011","page","type-page","status-publish","hentry"],"acf":[],"yoast_head":"<!-- This site is optimized with the Yoast SEO plugin v26.9 - https:\/\/yoast.com\/product\/yoast-seo-wordpress\/ -->\n<title>Base d&#039;AVORIAZ - Mont Blanc Helicopt\u00e8res<\/title>\n<meta name=\"description\" content=\"Our mountain rescue base in Avoriaz operates in the Portes du Soleil, Grand Massif and Chablais ski areas.\" \/>\n<meta name=\"robots\" content=\"index, follow, max-snippet:-1, max-image-preview:large, max-video-preview:-1\" \/>\n<link rel=\"canonical\" href=\"https:\/\/www.mbh.fr\/en\/our-bases-location\/avoriaz\/\" \/>\n<meta property=\"og:locale\" content=\"en_US\" \/>\n<meta property=\"og:type\" content=\"article\" \/>\n<meta property=\"og:title\" content=\"Base d&#039;AVORIAZ - Mont Blanc Helicopt\u00e8res\" \/>\n<meta property=\"og:description\" content=\"Our mountain rescue base in Avoriaz operates in the Portes du Soleil, Grand Massif and Chablais ski areas.\" \/>\n<meta property=\"og:url\" content=\"https:\/\/www.mbh.fr\/en\/our-bases-location\/avoriaz\/\" \/>\n<meta property=\"og:site_name\" content=\"Mont Blanc Helicopt\u00e8res\" \/>\n<meta property=\"article:publisher\" content=\"https:\/\/www.facebook.com\/MontBlancHelicopteres\/\" \/>\n<meta property=\"article:modified_time\" content=\"2025-07-16T14:52:41+00:00\" \/>\n<meta name=\"twitter:card\" content=\"summary_large_image\" \/>\n<meta name=\"twitter:site\" content=\"@MBHelicopteres\" \/>\n<meta name=\"twitter:label1\" content=\"Est. reading time\" \/>\n\t<meta name=\"twitter:data1\" content=\"3 minutes\" \/>\n<script type=\"application\/ld+json\" class=\"yoast-schema-graph\">{\"@context\":\"https:\/\/schema.org\",\"@graph\":[{\"@type\":\"WebPage\",\"@id\":\"https:\/\/www.mbh.fr\/en\/our-bases-location\/avoriaz\/\",\"url\":\"https:\/\/www.mbh.fr\/en\/our-bases-location\/avoriaz\/\",\"name\":\"Base d'AVORIAZ - Mont Blanc Helicopt\u00e8res\",\"isPartOf\":{\"@id\":\"https:\/\/www.mbh.fr\/fr\/#website\"},\"datePublished\":\"2020-03-30T08:12:11+00:00\",\"dateModified\":\"2025-07-16T14:52:41+00:00\",\"description\":\"Our mountain rescue base in Avoriaz operates in the Portes du Soleil, Grand Massif and Chablais ski areas.\",\"breadcrumb\":{\"@id\":\"https:\/\/www.mbh.fr\/en\/our-bases-location\/avoriaz\/#breadcrumb\"},\"inLanguage\":\"en-US\",\"potentialAction\":[{\"@type\":\"ReadAction\",\"target\":[\"https:\/\/www.mbh.fr\/en\/our-bases-location\/avoriaz\/\"]}]},{\"@type\":\"BreadcrumbList\",\"@id\":\"https:\/\/www.mbh.fr\/en\/our-bases-location\/avoriaz\/#breadcrumb\",\"itemListElement\":[{\"@type\":\"ListItem\",\"position\":1,\"name\":\"Accueil\",\"item\":\"https:\/\/www.mbh.fr\/en\/\"},{\"@type\":\"ListItem\",\"position\":2,\"name\":\"OUR BASES\",\"item\":\"https:\/\/www.mbh.fr\/en\/our-bases-location\/\"},{\"@type\":\"ListItem\",\"position\":3,\"name\":\"AVORIAZ\"}]},{\"@type\":\"WebSite\",\"@id\":\"https:\/\/www.mbh.fr\/fr\/#website\",\"url\":\"https:\/\/www.mbh.fr\/fr\/\",\"name\":\"Mont Blanc Helicopt\u00e8res\",\"description\":\"\",\"publisher\":{\"@id\":\"https:\/\/www.mbh.fr\/fr\/#organization\"},\"potentialAction\":[{\"@type\":\"SearchAction\",\"target\":{\"@type\":\"EntryPoint\",\"urlTemplate\":\"https:\/\/www.mbh.fr\/fr\/?s={search_term_string}\"},\"query-input\":{\"@type\":\"PropertyValueSpecification\",\"valueRequired\":true,\"valueName\":\"search_term_string\"}}],\"inLanguage\":\"en-US\"},{\"@type\":\"Organization\",\"@id\":\"https:\/\/www.mbh.fr\/fr\/#organization\",\"name\":\"mont blanc h\u00e9licopt\u00e8res\",\"url\":\"https:\/\/www.mbh.fr\/fr\/\",\"logo\":{\"@type\":\"ImageObject\",\"inLanguage\":\"en-US\",\"@id\":\"https:\/\/www.mbh.fr\/fr\/#\/schema\/logo\/image\/\",\"url\":\"\",\"contentUrl\":\"\",\"caption\":\"mont blanc h\u00e9licopt\u00e8res\"},\"image\":{\"@id\":\"https:\/\/www.mbh.fr\/fr\/#\/schema\/logo\/image\/\"},\"sameAs\":[\"https:\/\/www.facebook.com\/MontBlancHelicopteres\/\",\"https:\/\/x.com\/MBHelicopteres\",\"https:\/\/www.instagram.com\/montblanchelicopteres\/\",\"https:\/\/www.linkedin.com\/company\/715290\/\"]}]}<\/script>\n<!-- \/ Yoast SEO plugin. -->","yoast_head_json":{"title":"Base d'AVORIAZ - Mont Blanc Helicopt\u00e8res","description":"Our mountain rescue base in Avoriaz operates in the Portes du Soleil, Grand Massif and Chablais ski areas.","robots":{"index":"index","follow":"follow","max-snippet":"max-snippet:-1","max-image-preview":"max-image-preview:large","max-video-preview":"max-video-preview:-1"},"canonical":"https:\/\/www.mbh.fr\/en\/our-bases-location\/avoriaz\/","og_locale":"en_US","og_type":"article","og_title":"Base d'AVORIAZ - Mont Blanc Helicopt\u00e8res","og_description":"Our mountain rescue base in Avoriaz operates in the Portes du Soleil, Grand Massif and Chablais ski areas.","og_url":"https:\/\/www.mbh.fr\/en\/our-bases-location\/avoriaz\/","og_site_name":"Mont Blanc Helicopt\u00e8res","article_publisher":"https:\/\/www.facebook.com\/MontBlancHelicopteres\/","article_modified_time":"2025-07-16T14:52:41+00:00","twitter_card":"summary_large_image","twitter_site":"@MBHelicopteres","twitter_misc":{"Est. reading time":"3 minutes"},"schema":{"@context":"https:\/\/schema.org","@graph":[{"@type":"WebPage","@id":"https:\/\/www.mbh.fr\/en\/our-bases-location\/avoriaz\/","url":"https:\/\/www.mbh.fr\/en\/our-bases-location\/avoriaz\/","name":"Base d'AVORIAZ - Mont Blanc Helicopt\u00e8res","isPartOf":{"@id":"https:\/\/www.mbh.fr\/fr\/#website"},"datePublished":"2020-03-30T08:12:11+00:00","dateModified":"2025-07-16T14:52:41+00:00","description":"Our mountain rescue base in Avoriaz operates in the Portes du Soleil, Grand Massif and Chablais ski areas.","breadcrumb":{"@id":"https:\/\/www.mbh.fr\/en\/our-bases-location\/avoriaz\/#breadcrumb"},"inLanguage":"en-US","potentialAction":[{"@type":"ReadAction","target":["https:\/\/www.mbh.fr\/en\/our-bases-location\/avoriaz\/"]}]},{"@type":"BreadcrumbList","@id":"https:\/\/www.mbh.fr\/en\/our-bases-location\/avoriaz\/#breadcrumb","itemListElement":[{"@type":"ListItem","position":1,"name":"Accueil","item":"https:\/\/www.mbh.fr\/en\/"},{"@type":"ListItem","position":2,"name":"OUR BASES","item":"https:\/\/www.mbh.fr\/en\/our-bases-location\/"},{"@type":"ListItem","position":3,"name":"AVORIAZ"}]},{"@type":"WebSite","@id":"https:\/\/www.mbh.fr\/fr\/#website","url":"https:\/\/www.mbh.fr\/fr\/","name":"Mont Blanc Helicopt\u00e8res","description":"","publisher":{"@id":"https:\/\/www.mbh.fr\/fr\/#organization"},"potentialAction":[{"@type":"SearchAction","target":{"@type":"EntryPoint","urlTemplate":"https:\/\/www.mbh.fr\/fr\/?s={search_term_string}"},"query-input":{"@type":"PropertyValueSpecification","valueRequired":true,"valueName":"search_term_string"}}],"inLanguage":"en-US"},{"@type":"Organization","@id":"https:\/\/www.mbh.fr\/fr\/#organization","name":"mont blanc h\u00e9licopt\u00e8res","url":"https:\/\/www.mbh.fr\/fr\/","logo":{"@type":"ImageObject","inLanguage":"en-US","@id":"https:\/\/www.mbh.fr\/fr\/#\/schema\/logo\/image\/","url":"","contentUrl":"","caption":"mont blanc h\u00e9licopt\u00e8res"},"image":{"@id":"https:\/\/www.mbh.fr\/fr\/#\/schema\/logo\/image\/"},"sameAs":["https:\/\/www.facebook.com\/MontBlancHelicopteres\/","https:\/\/x.com\/MBHelicopteres","https:\/\/www.instagram.com\/montblanchelicopteres\/","https:\/\/www.linkedin.com\/company\/715290\/"]}]}},"_links":{"self":[{"href":"https:\/\/www.mbh.fr\/en\/wp-json\/wp\/v2\/pages\/7011","targetHints":{"allow":["GET"]}}],"collection":[{"href":"https:\/\/www.mbh.fr\/en\/wp-json\/wp\/v2\/pages"}],"about":[{"href":"https:\/\/www.mbh.fr\/en\/wp-json\/wp\/v2\/types\/page"}],"author":[{"embeddable":true,"href":"https:\/\/www.mbh.fr\/en\/wp-json\/wp\/v2\/users\/5"}],"replies":[{"embeddable":true,"href":"https:\/\/www.mbh.fr\/en\/wp-json\/wp\/v2\/comments?post=7011"}],"version-history":[{"count":19,"href":"https:\/\/www.mbh.fr\/en\/wp-json\/wp\/v2\/pages\/7011\/revisions"}],"predecessor-version":[{"id":14350,"href":"https:\/\/www.mbh.fr\/en\/wp-json\/wp\/v2\/pages\/7011\/revisions\/14350"}],"up":[{"embeddable":true,"href":"https:\/\/www.mbh.fr\/en\/wp-json\/wp\/v2\/pages\/57"}],"wp:attachment":[{"href":"https:\/\/www.mbh.fr\/en\/wp-json\/wp\/v2\/media?parent=7011"}],"curies":[{"name":"wp","href":"https:\/\/api.w.org\/{rel}","templated":true}]}}