{"id":10687,"date":"2022-01-25T10:06:18","date_gmt":"2022-01-25T09:06:18","guid":{"rendered":"https:\/\/www.mbh.fr\/?page_id=10687"},"modified":"2023-10-10T15:02:32","modified_gmt":"2023-10-10T13:02:32","slug":"transferts-helicoptere-vols-prives-avoriaz","status":"publish","type":"page","link":"https:\/\/www.mbh.fr\/fr\/nos-bases\/avoriaz\/transferts-helicoptere-vols-prives-avoriaz\/","title":{"rendered":"Transferts h\u00e9licopt\u00e8re &#038; vols priv\u00e9s Avoriaz"},"content":{"rendered":"<div class=\"wpb-content-wrapper\"><p>[vc_row bg_image=\u00a0\u00bb9467&Prime; bg_repeat=\u00a0\u00bbno-repeat\u00a0\u00bb top_padding=\u00a0\u00bb100&Prime; bottom_padding=\u00a0\u00bb100&Prime;][vc_column width=\u00a0\u00bb1\/2&Prime;][\/vc_column][vc_column bg_color=\u00a0\u00bbrgba(0,0,0,0.5)\u00a0\u00bb column_padding=\u00a0\u00bbpadding-5&Prime; column_center=\u00a0\u00bbtrue\u00a0\u00bb text_color=\u00a0\u00bblight\u00a0\u00bb width=\u00a0\u00bb1\/2&Prime;][vc_column_text]<\/p>\n<h1 class=\"p1\">Transferts h\u00e9licopt\u00e8re &amp; vols priv\u00e9s <strong>Avoriaz<\/strong><\/h1>\n<p>[\/vc_column_text][\/vc_column][\/vc_row][vc_row top_padding=\u00a0\u00bb50&Prime; bottom_padding=\u00a0\u00bb50&Prime;][vc_column width=\u00a0\u00bb1\/6&Prime;][\/vc_column][vc_column width=\u00a0\u00bb2\/3&Prime;][vc_btn title=\u00a0\u00bbRetour \u00e0 la base Avoriaz\u00a0\u00bb style=\u00a0\u00bbclassic\u00a0\u00bb shape=\u00a0\u00bbsquare\u00a0\u00bb color=\u00a0\u00bbblack\u00a0\u00bb align=\u00a0\u00bbcenter\u00a0\u00bb i_icon_fontawesome=\u00a0\u00bbfas fa-undo\u00a0\u00bb add_icon=\u00a0\u00bbtrue\u00a0\u00bb link=\u00a0\u00bburl:https%3A%2F%2Fwww.mbh.fr%2Ffr%2Fnos-bases%2Favoriaz%2F|title:MEGEVE%202&Prime;][vc_column_text]<\/p>\n<p class=\"p1\" style=\"text-align: center;\">Mont Blanc H\u00e9licopt\u00e8res Avoriaz vous propose de vous faire vivre une exp\u00e9rience singuli\u00e8re en h\u00e9licopt\u00e8re. Privatisez un vol au gr\u00e9 de vos envies. Pr\u00eat au d\u00e9collage ?<\/p>\n<p>[\/vc_column_text][\/vc_column][vc_column width=\u00a0\u00bb1\/6&Prime;][\/vc_column][\/vc_row][vc_row][vc_column width=\u00a0\u00bb1\/1&Prime;][vc_column_text]<\/p>\n<h2 class=\"p1\" style=\"text-align: center;\"><strong>Transferts h\u00e9licopt\u00e8res<\/strong> \u00e0 Avoriaz<\/h2>\n<p>[\/vc_column_text]<div class=\"newdivider align-center\" style=\"border-bottom-style: solid; border-color: #eeeeee; border-bottom-width: 4px; margin-top: 25px; margin-bottom: 25px; width: 10%; \"><\/div><div class=\"clear\"><\/div>[vc_row_inner][vc_column_inner width=\u00a0\u00bb1\/2&Prime;][vc_column_text]Pour tous vos d\u00e9placements priv\u00e9s ou professionnels en France et en Europe, nos h\u00e9licopt\u00e8res sont \u00e0 votre disposition.<\/p>\n<p>Mont Blanc H\u00e9licopt\u00e8res Avoriaz est titulaire d\u2019un certificat de transporteur a\u00e9rien CTA FR.AOC.0039.<\/p>\n<p>Pour tous vos d\u00e9placements priv\u00e9s ou professionnels en France et en Europe, nos h\u00e9licopt\u00e8res sont \u00e0 votre disposition.<\/p>\n<p>Exemple destinations : Annemasse, Annecy, Les Arcs, Alpe d\u2019Huez, Avoriaz, Cannes, Chambery, Chamonix, Courchevel, Flaine, Grenoble, Gen\u00e8ve, Gap, Gstaad, Lyon, Meribel, Morillon, Nice, Tignes, Samoens, Sion, St Moritz, Paris, Val d\u2019Is\u00e8re, Verbier et bien d\u2019autres encore\u2026<\/p>\n<p><i>Sous r\u00e9serve du respect de la r\u00e9glementation en vigueur, nous pouvons atterrir au sein m\u00eame de votre propri\u00e9t\u00e9 !<\/i><\/p>\n<p><b>Pour vos prochains d\u00e9placements, n\u2019h\u00e9sitez pas \u00e0 nous contacter. Nous pouvons \u00e9galement atterrir au sein de votre propri\u00e9t\u00e9 ou de votre usine.<\/b>[\/vc_column_text][vc_btn title=\u00a0\u00bbContactez-nous\u00a0\u00bb style=\u00a0\u00bbclassic\u00a0\u00bb shape=\u00a0\u00bbsquare\u00a0\u00bb color=\u00a0\u00bbblack\u00a0\u00bb align=\u00a0\u00bbleft\u00a0\u00bb link=\u00a0\u00bburl:https%3A%2F%2Fwww.mbh.fr%2Ffr%2Fcontact%2F|title:CONTACT\u00a0\u00bb el_class=\u00a0\u00bbbtn-contact\u00a0\u00bb][vc_btn title=\u00a0\u00bbNos h\u00e9licopt\u00e8res\u00a0\u00bb style=\u00a0\u00bbclassic\u00a0\u00bb shape=\u00a0\u00bbsquare\u00a0\u00bb color=\u00a0\u00bbblack\u00a0\u00bb align=\u00a0\u00bbleft\u00a0\u00bb el_class=\u00a0\u00bbbtn-booking\u00a0\u00bb link=\u00a0\u00bburl:https%3A%2F%2Fwww.mbh.fr%2Ffr%2Fflotte%2F|title:FLOTTE\u00a0\u00bb][\/vc_column_inner][vc_column_inner width=\u00a0\u00bb1\/2&Prime;][vc_single_image image=\u00a0\u00bb9460&Prime; img_size=\u00a0\u00bbmedium\u00a0\u00bb onclick=\u00a0\u00bblink_image\u00a0\u00bb][\/vc_column_inner][\/vc_row_inner][vc_empty_space height=\u00a0\u00bb50px\u00a0\u00bb][\/vc_column][\/vc_row][vc_row][vc_column width=\u00a0\u00bb1\/1&Prime;][vc_column_text]<\/p>\n<h2 style=\"text-align: center;\"><strong>Vols Exp\u00e9riences<\/strong> \u00e0 Avoriaz<\/h2>\n<p style=\"text-align: center;\">Mont Blanc H\u00e9licopt\u00e8re Avoriaz a r\u00e9pertori\u00e9 pour votre plus grand plaisir de nombreux h\u00f4tels et restaurants o\u00f9 il est possible d&rsquo;atterrir en h\u00e9licopt\u00e8re. Choisissez votre r\u00e9gion et laissez-vous guider !<\/p>\n<p>[\/vc_column_text]<div class=\"newdivider align-center\" style=\"border-bottom-style: solid; border-color: #eeeeee; border-bottom-width: 4px; margin-top: 50px; margin-bottom: 50px; width: 10%; \"><\/div><div class=\"clear\"><\/div>[vc_row_inner][vc_column_inner width=\u00a0\u00bb1\/2&Prime;][vc_column_text]<\/p>\n<h2>Reprises Skieurs<\/h2>\n<p><strong>Cette activit\u00e9 se pratique en France uniquement<\/strong><\/p>\n<p>Pour tous les amateurs de ski hors-piste et de sensations fortes, venez profiter de nos h\u00e9licopt\u00e8res pour venir vous chercher apr\u00e8s votre descente et vous rapprocher de votre prochaine destination.[\/vc_column_text][vc_column_text]<\/p>\n<h2>H\u00e9liski<\/h2>\n<p><strong>Cette activit\u00e9 se pratique en Suisse et en Italie uniquement<\/strong><\/p>\n<p>Ski hors-piste pour des sensations hors-normes. Go\u00fbtez au bonheur indicible d\u2019imprimer votre trace sur les pentes majestueuses et fra\u00eeche des Alpes.<\/p>\n<p>D\u00e9pose en h\u00e9licopt\u00e8re au sommet d\u2019une montagne, vous acc\u00e9dez \u00e0 un immense terrain de jeu de poudreuse ou de glaciers. \u00c0 pratiquer avec un guide cette activit\u00e9 vous laisseras des souvenirs \u00e0 vie.<\/p>\n<p><i>Contacter nous pour l\u2019organisation de votre Heliski avec notre filiale Eagle Valais en Suisse.<\/i>[\/vc_column_text][vc_btn title=\u00a0\u00bbContactez-nous\u00a0\u00bb style=\u00a0\u00bbclassic\u00a0\u00bb shape=\u00a0\u00bbsquare\u00a0\u00bb color=\u00a0\u00bbblack\u00a0\u00bb align=\u00a0\u00bbleft\u00a0\u00bb link=\u00a0\u00bburl:https%3A%2F%2Fwww.mbh.fr%2Ffr%2Fcontact%2F|title:CONTACT\u00a0\u00bb el_class=\u00a0\u00bbbtn-contact\u00a0\u00bb][vc_btn title=\u00a0\u00bbNos suggestions\u00a0\u00bb style=\u00a0\u00bbclassic\u00a0\u00bb shape=\u00a0\u00bbsquare\u00a0\u00bb color=\u00a0\u00bbblack\u00a0\u00bb align=\u00a0\u00bbleft\u00a0\u00bb el_class=\u00a0\u00bbbtn-booking\u00a0\u00bb link=\u00a0\u00bburl:https%3A%2F%2Fwww.mbh.fr%2Fwp-content%2Fuploads%2F2022%2F02%2FFiche_DZ-Reprise-skieurs_Heliski.pdf|target:_blank\u00a0\u00bb][\/vc_column_inner][vc_column_inner width=\u00a0\u00bb1\/2&Prime;][vc_single_image image=\u00a0\u00bb9445&Prime; img_size=\u00a0\u00bbmedium\u00a0\u00bb onclick=\u00a0\u00bblink_image\u00a0\u00bb][vc_single_image image=\u00a0\u00bb9448&Prime; img_size=\u00a0\u00bbmedium\u00a0\u00bb onclick=\u00a0\u00bblink_image\u00a0\u00bb][\/vc_column_inner][\/vc_row_inner][vc_empty_space height=\u00a0\u00bb50px\u00a0\u00bb][\/vc_column][\/vc_row]<\/p>\n<\/div>","protected":false},"excerpt":{"rendered":"<p>[vc_row bg_image=\u00a0\u00bb9467&Prime; bg_repeat=\u00a0\u00bbno-repeat\u00a0\u00bb top_padding=\u00a0\u00bb100&Prime; bottom_padding=\u00a0\u00bb100&Prime;][vc_column width=\u00a0\u00bb1\/2&Prime;][\/vc_column][vc_column bg_color=\u00a0\u00bbrgba(0,0,0,0.5)\u00a0\u00bb column_padding=\u00a0\u00bbpadding-5&Prime; column_center=\u00a0\u00bbtrue\u00a0\u00bb text_color=\u00a0\u00bblight\u00a0\u00bb width=\u00a0\u00bb1\/2&Prime;][vc_column_text] Transferts h\u00e9licopt\u00e8re &amp; vols priv\u00e9s Avoriaz [\/vc_column_text][\/vc_column][\/vc_row][vc_row top_padding=\u00a0\u00bb50&Prime; bottom_padding=\u00a0\u00bb50&Prime;][vc_column width=\u00a0\u00bb1\/6&Prime;][\/vc_column][vc_column width=\u00a0\u00bb2\/3&Prime;][vc_btn title=\u00a0\u00bbRetour \u00e0 la base Avoriaz\u00a0\u00bb style=\u00a0\u00bbclassic\u00a0\u00bb shape=\u00a0\u00bbsquare\u00a0\u00bb color=\u00a0\u00bbblack\u00a0\u00bb align=\u00a0\u00bbcenter\u00a0\u00bb i_icon_fontawesome=\u00a0\u00bbfas fa-undo\u00a0\u00bb add_icon=\u00a0\u00bbtrue\u00a0\u00bb link=\u00a0\u00bburl:https%3A%2F%2Fwww.mbh.fr%2Ffr%2Fnos-bases%2Favoriaz%2F|title:MEGEVE%202&Prime;][vc_column_text] Mont Blanc H\u00e9licopt\u00e8res Avoriaz vous propose de vous faire vivre une exp\u00e9rience singuli\u00e8re en h\u00e9licopt\u00e8re. Privatisez un vol au gr\u00e9 de vos envies. Pr\u00eat au d\u00e9collage ? [\/vc_column_text][\/vc_column][vc_column width=\u00a0\u00bb1\/6&Prime;][\/vc_column][\/vc_row][vc_row][vc_column width=\u00a0\u00bb1\/1&Prime;][vc_column_text] Transferts h\u00e9licopt\u00e8res \u00e0 Avoriaz [\/vc_column_text][vc_row_inner][vc_column_inner width=\u00a0\u00bb1\/2&Prime;][vc_column_text]Pour tous vos d\u00e9placements priv\u00e9s ou professionnels en France et en Europe, nos h\u00e9licopt\u00e8res sont \u00e0 votre disposition. Mont Blanc H\u00e9licopt\u00e8res Avoriaz est titulaire d\u2019un certificat de transporteur a\u00e9rien CTA FR.AOC.0039. Pour tous vos d\u00e9placements priv\u00e9s ou professionnels en France et en Europe, nos h\u00e9licopt\u00e8res sont \u00e0 votre disposition. Exemple destinations : Annemasse, Annecy, Les Arcs, Alpe d\u2019Huez, Avoriaz, Cannes, Chambery, Chamonix, Courchevel, Flaine, Grenoble, Gen\u00e8ve, Gap, Gstaad, Lyon, Meribel, Morillon, Nice, Tignes, Samoens, Sion, St Moritz, Paris, Val d\u2019Is\u00e8re, Verbier et bien d\u2019autres encore\u2026 Sous r\u00e9serve du respect de la r\u00e9glementation en vigueur, nous pouvons atterrir au sein m\u00eame de votre propri\u00e9t\u00e9 ! Pour vos prochains d\u00e9placements, n\u2019h\u00e9sitez pas \u00e0 nous contacter. Nous pouvons \u00e9galement atterrir au sein de votre propri\u00e9t\u00e9 ou de votre usine.[\/vc_column_text][vc_btn title=\u00a0\u00bbContactez-nous\u00a0\u00bb style=\u00a0\u00bbclassic\u00a0\u00bb shape=\u00a0\u00bbsquare\u00a0\u00bb color=\u00a0\u00bbblack\u00a0\u00bb [&hellip;]<\/p>\n","protected":false},"author":7,"featured_media":0,"parent":5938,"menu_order":0,"comment_status":"closed","ping_status":"closed","template":"page-base.php","meta":{"_acf_changed":false,"footnotes":""},"class_list":["post-10687","page","type-page","status-publish","hentry"],"acf":[],"yoast_head":"<!-- This site is optimized with the Yoast SEO plugin v26.9 - https:\/\/yoast.com\/product\/yoast-seo-wordpress\/ -->\n<title>Transferts h\u00e9licopt\u00e8re &amp; vols priv\u00e9s Avoriaz - Mont-Blanc H\u00e9licopt\u00e8res<\/title>\n<meta name=\"robots\" content=\"index, follow, max-snippet:-1, max-image-preview:large, max-video-preview:-1\" \/>\n<link rel=\"canonical\" href=\"https:\/\/www.mbh.fr\/fr\/nos-bases\/avoriaz\/transferts-helicoptere-vols-prives-avoriaz\/\" \/>\n<meta property=\"og:locale\" content=\"fr_FR\" \/>\n<meta property=\"og:type\" content=\"article\" \/>\n<meta property=\"og:title\" content=\"Transferts h\u00e9licopt\u00e8re &amp; vols priv\u00e9s Avoriaz - Mont-Blanc H\u00e9licopt\u00e8res\" \/>\n<meta property=\"og:description\" content=\"[vc_row bg_image=\u00a0\u00bb9467&Prime; bg_repeat=\u00a0\u00bbno-repeat\u00a0\u00bb top_padding=\u00a0\u00bb100&Prime; bottom_padding=\u00a0\u00bb100&Prime;][vc_column width=\u00a0\u00bb1\/2&Prime;][\/vc_column][vc_column bg_color=\u00a0\u00bbrgba(0,0,0,0.5)\u00a0\u00bb column_padding=\u00a0\u00bbpadding-5&Prime; column_center=\u00a0\u00bbtrue\u00a0\u00bb text_color=\u00a0\u00bblight\u00a0\u00bb width=\u00a0\u00bb1\/2&Prime;][vc_column_text] Transferts h\u00e9licopt\u00e8re &amp; vols priv\u00e9s Avoriaz [\/vc_column_text][\/vc_column][\/vc_row][vc_row top_padding=\u00a0\u00bb50&Prime; bottom_padding=\u00a0\u00bb50&Prime;][vc_column width=\u00a0\u00bb1\/6&Prime;][\/vc_column][vc_column width=\u00a0\u00bb2\/3&Prime;][vc_btn title=\u00a0\u00bbRetour \u00e0 la base Avoriaz\u00a0\u00bb style=\u00a0\u00bbclassic\u00a0\u00bb shape=\u00a0\u00bbsquare\u00a0\u00bb color=\u00a0\u00bbblack\u00a0\u00bb align=\u00a0\u00bbcenter\u00a0\u00bb i_icon_fontawesome=\u00a0\u00bbfas fa-undo\u00a0\u00bb add_icon=\u00a0\u00bbtrue\u00a0\u00bb link=\u00a0\u00bburl:https%3A%2F%2Fwww.mbh.fr%2Ffr%2Fnos-bases%2Favoriaz%2F|title:MEGEVE%202&Prime;][vc_column_text] Mont Blanc H\u00e9licopt\u00e8res Avoriaz vous propose de vous faire vivre une exp\u00e9rience singuli\u00e8re en h\u00e9licopt\u00e8re. Privatisez un vol au gr\u00e9 de vos envies. Pr\u00eat au d\u00e9collage ? [\/vc_column_text][\/vc_column][vc_column width=\u00a0\u00bb1\/6&Prime;][\/vc_column][\/vc_row][vc_row][vc_column width=\u00a0\u00bb1\/1&Prime;][vc_column_text] Transferts h\u00e9licopt\u00e8res \u00e0 Avoriaz [\/vc_column_text][vc_row_inner][vc_column_inner width=\u00a0\u00bb1\/2&Prime;][vc_column_text]Pour tous vos d\u00e9placements priv\u00e9s ou professionnels en France et en Europe, nos h\u00e9licopt\u00e8res sont \u00e0 votre disposition. Mont Blanc H\u00e9licopt\u00e8res Avoriaz est titulaire d\u2019un certificat de transporteur a\u00e9rien CTA FR.AOC.0039. Pour tous vos d\u00e9placements priv\u00e9s ou professionnels en France et en Europe, nos h\u00e9licopt\u00e8res sont \u00e0 votre disposition. Exemple destinations : Annemasse, Annecy, Les Arcs, Alpe d\u2019Huez, Avoriaz, Cannes, Chambery, Chamonix, Courchevel, Flaine, Grenoble, Gen\u00e8ve, Gap, Gstaad, Lyon, Meribel, Morillon, Nice, Tignes, Samoens, Sion, St Moritz, Paris, Val d\u2019Is\u00e8re, Verbier et bien d\u2019autres encore\u2026 Sous r\u00e9serve du respect de la r\u00e9glementation en vigueur, nous pouvons atterrir au sein m\u00eame de votre propri\u00e9t\u00e9 ! Pour vos prochains d\u00e9placements, n\u2019h\u00e9sitez pas \u00e0 nous contacter. Nous pouvons \u00e9galement atterrir au sein de votre propri\u00e9t\u00e9 ou de votre usine.[\/vc_column_text][vc_btn title=\u00a0\u00bbContactez-nous\u00a0\u00bb style=\u00a0\u00bbclassic\u00a0\u00bb shape=\u00a0\u00bbsquare\u00a0\u00bb color=\u00a0\u00bbblack\u00a0\u00bb [&hellip;]\" \/>\n<meta property=\"og:url\" content=\"https:\/\/www.mbh.fr\/fr\/nos-bases\/avoriaz\/transferts-helicoptere-vols-prives-avoriaz\/\" \/>\n<meta property=\"og:site_name\" content=\"Mont-Blanc H\u00e9licopt\u00e8res\" \/>\n<meta property=\"article:publisher\" content=\"https:\/\/www.facebook.com\/MontBlancHelicopteres\/\" \/>\n<meta property=\"article:modified_time\" content=\"2023-10-10T13:02:32+00:00\" \/>\n<meta name=\"twitter:card\" content=\"summary_large_image\" \/>\n<meta name=\"twitter:site\" content=\"@MBHelicopteres\" \/>\n<meta name=\"twitter:label1\" content=\"Dur\u00e9e de lecture estim\u00e9e\" \/>\n\t<meta name=\"twitter:data1\" content=\"3 minutes\" \/>\n<script type=\"application\/ld+json\" class=\"yoast-schema-graph\">{\"@context\":\"https:\/\/schema.org\",\"@graph\":[{\"@type\":\"WebPage\",\"@id\":\"https:\/\/www.mbh.fr\/fr\/nos-bases\/avoriaz\/transferts-helicoptere-vols-prives-avoriaz\/\",\"url\":\"https:\/\/www.mbh.fr\/fr\/nos-bases\/avoriaz\/transferts-helicoptere-vols-prives-avoriaz\/\",\"name\":\"Transferts h\u00e9licopt\u00e8re & vols priv\u00e9s Avoriaz - Mont-Blanc H\u00e9licopt\u00e8res\",\"isPartOf\":{\"@id\":\"https:\/\/www.mbh.fr\/fr\/#website\"},\"datePublished\":\"2022-01-25T09:06:18+00:00\",\"dateModified\":\"2023-10-10T13:02:32+00:00\",\"breadcrumb\":{\"@id\":\"https:\/\/www.mbh.fr\/fr\/nos-bases\/avoriaz\/transferts-helicoptere-vols-prives-avoriaz\/#breadcrumb\"},\"inLanguage\":\"fr-FR\",\"potentialAction\":[{\"@type\":\"ReadAction\",\"target\":[\"https:\/\/www.mbh.fr\/fr\/nos-bases\/avoriaz\/transferts-helicoptere-vols-prives-avoriaz\/\"]}]},{\"@type\":\"BreadcrumbList\",\"@id\":\"https:\/\/www.mbh.fr\/fr\/nos-bases\/avoriaz\/transferts-helicoptere-vols-prives-avoriaz\/#breadcrumb\",\"itemListElement\":[{\"@type\":\"ListItem\",\"position\":1,\"name\":\"Accueil\",\"item\":\"https:\/\/www.mbh.fr\/fr\/\"},{\"@type\":\"ListItem\",\"position\":2,\"name\":\"NOS BASES\",\"item\":\"https:\/\/www.mbh.fr\/fr\/nos-bases\/\"},{\"@type\":\"ListItem\",\"position\":3,\"name\":\"AVORIAZ\",\"item\":\"https:\/\/www.mbh.fr\/fr\/nos-bases\/avoriaz\/\"},{\"@type\":\"ListItem\",\"position\":4,\"name\":\"Transferts h\u00e9licopt\u00e8re &#038; vols priv\u00e9s Avoriaz\"}]},{\"@type\":\"WebSite\",\"@id\":\"https:\/\/www.mbh.fr\/fr\/#website\",\"url\":\"https:\/\/www.mbh.fr\/fr\/\",\"name\":\"Mont-Blanc H\u00e9licopt\u00e8res\",\"description\":\"\",\"publisher\":{\"@id\":\"https:\/\/www.mbh.fr\/fr\/#organization\"},\"potentialAction\":[{\"@type\":\"SearchAction\",\"target\":{\"@type\":\"EntryPoint\",\"urlTemplate\":\"https:\/\/www.mbh.fr\/fr\/?s={search_term_string}\"},\"query-input\":{\"@type\":\"PropertyValueSpecification\",\"valueRequired\":true,\"valueName\":\"search_term_string\"}}],\"inLanguage\":\"fr-FR\"},{\"@type\":\"Organization\",\"@id\":\"https:\/\/www.mbh.fr\/fr\/#organization\",\"name\":\"mont blanc h\u00e9licopt\u00e8res\",\"url\":\"https:\/\/www.mbh.fr\/fr\/\",\"logo\":{\"@type\":\"ImageObject\",\"inLanguage\":\"fr-FR\",\"@id\":\"https:\/\/www.mbh.fr\/fr\/#\/schema\/logo\/image\/\",\"url\":\"\",\"contentUrl\":\"\",\"caption\":\"mont blanc h\u00e9licopt\u00e8res\"},\"image\":{\"@id\":\"https:\/\/www.mbh.fr\/fr\/#\/schema\/logo\/image\/\"},\"sameAs\":[\"https:\/\/www.facebook.com\/MontBlancHelicopteres\/\",\"https:\/\/x.com\/MBHelicopteres\",\"https:\/\/www.instagram.com\/montblanchelicopteres\/\",\"https:\/\/www.linkedin.com\/company\/715290\/\"]}]}<\/script>\n<!-- \/ Yoast SEO plugin. -->","yoast_head_json":{"title":"Transferts h\u00e9licopt\u00e8re & vols priv\u00e9s Avoriaz - Mont-Blanc H\u00e9licopt\u00e8res","robots":{"index":"index","follow":"follow","max-snippet":"max-snippet:-1","max-image-preview":"max-image-preview:large","max-video-preview":"max-video-preview:-1"},"canonical":"https:\/\/www.mbh.fr\/fr\/nos-bases\/avoriaz\/transferts-helicoptere-vols-prives-avoriaz\/","og_locale":"fr_FR","og_type":"article","og_title":"Transferts h\u00e9licopt\u00e8re & vols priv\u00e9s Avoriaz - Mont-Blanc H\u00e9licopt\u00e8res","og_description":"[vc_row bg_image=\u00a0\u00bb9467&Prime; bg_repeat=\u00a0\u00bbno-repeat\u00a0\u00bb top_padding=\u00a0\u00bb100&Prime; bottom_padding=\u00a0\u00bb100&Prime;][vc_column width=\u00a0\u00bb1\/2&Prime;][\/vc_column][vc_column bg_color=\u00a0\u00bbrgba(0,0,0,0.5)\u00a0\u00bb column_padding=\u00a0\u00bbpadding-5&Prime; column_center=\u00a0\u00bbtrue\u00a0\u00bb text_color=\u00a0\u00bblight\u00a0\u00bb width=\u00a0\u00bb1\/2&Prime;][vc_column_text] Transferts h\u00e9licopt\u00e8re &amp; vols priv\u00e9s Avoriaz [\/vc_column_text][\/vc_column][\/vc_row][vc_row top_padding=\u00a0\u00bb50&Prime; bottom_padding=\u00a0\u00bb50&Prime;][vc_column width=\u00a0\u00bb1\/6&Prime;][\/vc_column][vc_column width=\u00a0\u00bb2\/3&Prime;][vc_btn title=\u00a0\u00bbRetour \u00e0 la base Avoriaz\u00a0\u00bb style=\u00a0\u00bbclassic\u00a0\u00bb shape=\u00a0\u00bbsquare\u00a0\u00bb color=\u00a0\u00bbblack\u00a0\u00bb align=\u00a0\u00bbcenter\u00a0\u00bb i_icon_fontawesome=\u00a0\u00bbfas fa-undo\u00a0\u00bb add_icon=\u00a0\u00bbtrue\u00a0\u00bb link=\u00a0\u00bburl:https%3A%2F%2Fwww.mbh.fr%2Ffr%2Fnos-bases%2Favoriaz%2F|title:MEGEVE%202&Prime;][vc_column_text] Mont Blanc H\u00e9licopt\u00e8res Avoriaz vous propose de vous faire vivre une exp\u00e9rience singuli\u00e8re en h\u00e9licopt\u00e8re. Privatisez un vol au gr\u00e9 de vos envies. Pr\u00eat au d\u00e9collage ? [\/vc_column_text][\/vc_column][vc_column width=\u00a0\u00bb1\/6&Prime;][\/vc_column][\/vc_row][vc_row][vc_column width=\u00a0\u00bb1\/1&Prime;][vc_column_text] Transferts h\u00e9licopt\u00e8res \u00e0 Avoriaz [\/vc_column_text][vc_row_inner][vc_column_inner width=\u00a0\u00bb1\/2&Prime;][vc_column_text]Pour tous vos d\u00e9placements priv\u00e9s ou professionnels en France et en Europe, nos h\u00e9licopt\u00e8res sont \u00e0 votre disposition. Mont Blanc H\u00e9licopt\u00e8res Avoriaz est titulaire d\u2019un certificat de transporteur a\u00e9rien CTA FR.AOC.0039. Pour tous vos d\u00e9placements priv\u00e9s ou professionnels en France et en Europe, nos h\u00e9licopt\u00e8res sont \u00e0 votre disposition. Exemple destinations : Annemasse, Annecy, Les Arcs, Alpe d\u2019Huez, Avoriaz, Cannes, Chambery, Chamonix, Courchevel, Flaine, Grenoble, Gen\u00e8ve, Gap, Gstaad, Lyon, Meribel, Morillon, Nice, Tignes, Samoens, Sion, St Moritz, Paris, Val d\u2019Is\u00e8re, Verbier et bien d\u2019autres encore\u2026 Sous r\u00e9serve du respect de la r\u00e9glementation en vigueur, nous pouvons atterrir au sein m\u00eame de votre propri\u00e9t\u00e9 ! Pour vos prochains d\u00e9placements, n\u2019h\u00e9sitez pas \u00e0 nous contacter. Nous pouvons \u00e9galement atterrir au sein de votre propri\u00e9t\u00e9 ou de votre usine.[\/vc_column_text][vc_btn title=\u00a0\u00bbContactez-nous\u00a0\u00bb style=\u00a0\u00bbclassic\u00a0\u00bb shape=\u00a0\u00bbsquare\u00a0\u00bb color=\u00a0\u00bbblack\u00a0\u00bb [&hellip;]","og_url":"https:\/\/www.mbh.fr\/fr\/nos-bases\/avoriaz\/transferts-helicoptere-vols-prives-avoriaz\/","og_site_name":"Mont-Blanc H\u00e9licopt\u00e8res","article_publisher":"https:\/\/www.facebook.com\/MontBlancHelicopteres\/","article_modified_time":"2023-10-10T13:02:32+00:00","twitter_card":"summary_large_image","twitter_site":"@MBHelicopteres","twitter_misc":{"Dur\u00e9e de lecture estim\u00e9e":"3 minutes"},"schema":{"@context":"https:\/\/schema.org","@graph":[{"@type":"WebPage","@id":"https:\/\/www.mbh.fr\/fr\/nos-bases\/avoriaz\/transferts-helicoptere-vols-prives-avoriaz\/","url":"https:\/\/www.mbh.fr\/fr\/nos-bases\/avoriaz\/transferts-helicoptere-vols-prives-avoriaz\/","name":"Transferts h\u00e9licopt\u00e8re & vols priv\u00e9s Avoriaz - Mont-Blanc H\u00e9licopt\u00e8res","isPartOf":{"@id":"https:\/\/www.mbh.fr\/fr\/#website"},"datePublished":"2022-01-25T09:06:18+00:00","dateModified":"2023-10-10T13:02:32+00:00","breadcrumb":{"@id":"https:\/\/www.mbh.fr\/fr\/nos-bases\/avoriaz\/transferts-helicoptere-vols-prives-avoriaz\/#breadcrumb"},"inLanguage":"fr-FR","potentialAction":[{"@type":"ReadAction","target":["https:\/\/www.mbh.fr\/fr\/nos-bases\/avoriaz\/transferts-helicoptere-vols-prives-avoriaz\/"]}]},{"@type":"BreadcrumbList","@id":"https:\/\/www.mbh.fr\/fr\/nos-bases\/avoriaz\/transferts-helicoptere-vols-prives-avoriaz\/#breadcrumb","itemListElement":[{"@type":"ListItem","position":1,"name":"Accueil","item":"https:\/\/www.mbh.fr\/fr\/"},{"@type":"ListItem","position":2,"name":"NOS BASES","item":"https:\/\/www.mbh.fr\/fr\/nos-bases\/"},{"@type":"ListItem","position":3,"name":"AVORIAZ","item":"https:\/\/www.mbh.fr\/fr\/nos-bases\/avoriaz\/"},{"@type":"ListItem","position":4,"name":"Transferts h\u00e9licopt\u00e8re &#038; vols priv\u00e9s Avoriaz"}]},{"@type":"WebSite","@id":"https:\/\/www.mbh.fr\/fr\/#website","url":"https:\/\/www.mbh.fr\/fr\/","name":"Mont-Blanc H\u00e9licopt\u00e8res","description":"","publisher":{"@id":"https:\/\/www.mbh.fr\/fr\/#organization"},"potentialAction":[{"@type":"SearchAction","target":{"@type":"EntryPoint","urlTemplate":"https:\/\/www.mbh.fr\/fr\/?s={search_term_string}"},"query-input":{"@type":"PropertyValueSpecification","valueRequired":true,"valueName":"search_term_string"}}],"inLanguage":"fr-FR"},{"@type":"Organization","@id":"https:\/\/www.mbh.fr\/fr\/#organization","name":"mont blanc h\u00e9licopt\u00e8res","url":"https:\/\/www.mbh.fr\/fr\/","logo":{"@type":"ImageObject","inLanguage":"fr-FR","@id":"https:\/\/www.mbh.fr\/fr\/#\/schema\/logo\/image\/","url":"","contentUrl":"","caption":"mont blanc h\u00e9licopt\u00e8res"},"image":{"@id":"https:\/\/www.mbh.fr\/fr\/#\/schema\/logo\/image\/"},"sameAs":["https:\/\/www.facebook.com\/MontBlancHelicopteres\/","https:\/\/x.com\/MBHelicopteres","https:\/\/www.instagram.com\/montblanchelicopteres\/","https:\/\/www.linkedin.com\/company\/715290\/"]}]}},"_links":{"self":[{"href":"https:\/\/www.mbh.fr\/fr\/wp-json\/wp\/v2\/pages\/10687","targetHints":{"allow":["GET"]}}],"collection":[{"href":"https:\/\/www.mbh.fr\/fr\/wp-json\/wp\/v2\/pages"}],"about":[{"href":"https:\/\/www.mbh.fr\/fr\/wp-json\/wp\/v2\/types\/page"}],"author":[{"embeddable":true,"href":"https:\/\/www.mbh.fr\/fr\/wp-json\/wp\/v2\/users\/7"}],"replies":[{"embeddable":true,"href":"https:\/\/www.mbh.fr\/fr\/wp-json\/wp\/v2\/comments?post=10687"}],"version-history":[{"count":13,"href":"https:\/\/www.mbh.fr\/fr\/wp-json\/wp\/v2\/pages\/10687\/revisions"}],"predecessor-version":[{"id":13328,"href":"https:\/\/www.mbh.fr\/fr\/wp-json\/wp\/v2\/pages\/10687\/revisions\/13328"}],"up":[{"embeddable":true,"href":"https:\/\/www.mbh.fr\/fr\/wp-json\/wp\/v2\/pages\/5938"}],"wp:attachment":[{"href":"https:\/\/www.mbh.fr\/fr\/wp-json\/wp\/v2\/media?parent=10687"}],"curies":[{"name":"wp","href":"https:\/\/api.w.org\/{rel}","templated":true}]}}