{"id":10722,"date":"2022-01-25T11:09:00","date_gmt":"2022-01-25T10:09:00","guid":{"rendered":"https:\/\/www.mbh.fr\/?page_id=10722"},"modified":"2025-10-23T11:00:08","modified_gmt":"2025-10-23T09:00:08","slug":"vols-touristiques-prechac","status":"publish","type":"page","link":"https:\/\/www.mbh.fr\/fr\/nos-bases\/prechac\/vols-touristiques-prechac\/","title":{"rendered":"Vols touristiques Prechac"},"content":{"rendered":"<div class=\"wpb-content-wrapper\"><p>[vc_row bg_image=\u00a0\u00bb11106&Prime; top_padding=\u00a0\u00bb100&Prime; bottom_padding=\u00a0\u00bb100&Prime;][vc_column width=\u00a0\u00bb1\/2&Prime;][\/vc_column][vc_column bg_color=\u00a0\u00bbrgba(0,0,0,0.5)\u00a0\u00bb column_padding=\u00a0\u00bbpadding-5&Prime; column_center=\u00a0\u00bbtrue\u00a0\u00bb text_color=\u00a0\u00bblight\u00a0\u00bb width=\u00a0\u00bb1\/2&Prime;][vc_column_text]<\/p>\n<div class=\"wpb_text_column wpb_content_element \">\n<div class=\"wpb_wrapper\">\n<h1 class=\"p1\">Vols Touristiques en H\u00e9licopt\u00e8re <strong>Prechac<\/strong><\/h1>\n<\/div>\n<\/div>\n<p>[\/vc_column_text][\/vc_column][\/vc_row][vc_row top_padding=\u00a0\u00bb50&Prime; bottom_padding=\u00a0\u00bb50&Prime;][vc_column width=\u00a0\u00bb1\/6&Prime;][\/vc_column][vc_column width=\u00a0\u00bb2\/3&Prime;][vc_btn title=\u00a0\u00bbRetour \u00e0 la base Prechac\u00a0\u00bb style=\u00a0\u00bbclassic\u00a0\u00bb shape=\u00a0\u00bbsquare\u00a0\u00bb color=\u00a0\u00bbblack\u00a0\u00bb align=\u00a0\u00bbcenter\u00a0\u00bb i_icon_fontawesome=\u00a0\u00bbfas fa-undo\u00a0\u00bb add_icon=\u00a0\u00bbtrue\u00a0\u00bb link=\u00a0\u00bburl:https%3A%2F%2Fwww.mbh.fr%2Ffr%2Fnos-bases%2Fprechac|title:Prechac\u00a0\u00bb][vc_column_text]<\/p>\n<p class=\"p1\" style=\"text-align: center;\"><span class=\"s1\">Au d\u00e9part de notre base de l&rsquo;altiport de Prechac , prenez place \u00e0 bord d&rsquo;un h\u00e9licopt\u00e8re Ecureuil AS350 de 5 places passagers pour un vol panoramique de 20 minutes autour du Pic du Midi et des fabuleux massifs qui l&rsquo;entourent. Vous pourrez alors apercevoir les plus beaux sommets des Pyr\u00e9n\u00e9es , son observatoire, ses lacs et la faune environnante pour les plus chanceux. Une exp\u00e9rience inoubliable !<\/span><\/p>\n<p>[\/vc_column_text][\/vc_column][vc_column width=\u00a0\u00bb1\/6&Prime;][\/vc_column][\/vc_row][vc_row][vc_column width=\u00a0\u00bb1\/1&Prime;][vc_column_text]<\/p>\n<h2 class=\"p1\" style=\"text-align: center;\"><span class=\"s1\">Survol du Pic du midi depuis Prechac <b>20 min &#8211; Vol partag\u00e9<\/b><\/span><\/h2>\n<p>[\/vc_column_text]<div class=\"newdivider align-center\" style=\"border-bottom-style: solid; border-color: #eeeeee; border-bottom-width: 4px; margin-top: 25px; margin-bottom: 25px; width: 10%; \"><\/div><div class=\"clear\"><\/div>[vc_row_inner][vc_column_inner width=\u00a0\u00bb1\/2&Prime;][vc_column_text]D\u00e9couvrez un lieu magique et majestueux des Pyr\u00e9n\u00e9es : le Pic du Midi !<\/p>\n<ul>\n<li><b>Dur\u00e9e de l&rsquo;exp\u00e9rience : <\/b>20 minutes<\/li>\n<li><b>Tarif : <\/b>199\u20ac\/pers<\/li>\n<\/ul>\n<p><em>Remise sur la quantit\u00e9 : 5 personnes, 10% sur prix unitaire<br \/>\n<\/em><\/p>\n<p><strong>Les vols touristiques au d\u00e9part de Pr\u00e9chac sont momentan\u00e9ment suspendus. Nous vous tiendrons inform\u00e9s d\u00e8s leur reprise. Merci de votre compr\u00e9hension.<\/strong><\/p>\n<p><img loading=\"lazy\" decoding=\"async\" class=\"alignnone wp-image-14140\" src=\"https:\/\/www.mbh.fr\/wp-content\/uploads\/2025\/03\/HELIGO_LOGO_GRIS_CMJN_new-1000x280.png\" alt=\"\" width=\"304\" height=\"85\" srcset=\"https:\/\/www.mbh.fr\/wp-content\/uploads\/2025\/03\/HELIGO_LOGO_GRIS_CMJN_new-1000x280.png 1000w, https:\/\/www.mbh.fr\/wp-content\/uploads\/2025\/03\/HELIGO_LOGO_GRIS_CMJN_new-1500x420.png 1500w, https:\/\/www.mbh.fr\/wp-content\/uploads\/2025\/03\/HELIGO_LOGO_GRIS_CMJN_new-768x215.png 768w, https:\/\/www.mbh.fr\/wp-content\/uploads\/2025\/03\/HELIGO_LOGO_GRIS_CMJN_new-1536x430.png 1536w, https:\/\/www.mbh.fr\/wp-content\/uploads\/2025\/03\/HELIGO_LOGO_GRIS_CMJN_new-2048x573.png 2048w\" sizes=\"auto, (max-width: 304px) 100vw, 304px\" \/>[\/vc_column_text][vc_btn title=\u00a0\u00bbR\u00e9server sur notre boutique\u00a0\u00bb style=\u00a0\u00bbclassic\u00a0\u00bb shape=\u00a0\u00bbsquare\u00a0\u00bb color=\u00a0\u00bbblack\u00a0\u00bb align=\u00a0\u00bbleft\u00a0\u00bb css_animation=\u00a0\u00bbbounceIn\u00a0\u00bb el_class=\u00a0\u00bbbtn-booking\u00a0\u00bb link=\u00a0\u00bburl:https%3A%2F%2Fheligo.aero%2Ffr%2Fprechac%2F46-45-survol-du-pic-du-midi-20-min.html\u00a0\u00bb][vc_btn title=\u00a0\u00bbContactez-nous\u00a0\u00bb style=\u00a0\u00bbclassic\u00a0\u00bb shape=\u00a0\u00bbsquare\u00a0\u00bb color=\u00a0\u00bbblack\u00a0\u00bb align=\u00a0\u00bbleft\u00a0\u00bb link=\u00a0\u00bburl:https%3A%2F%2Fwww.mbh.fr%2Ffr%2Fcontact%2F|title:CONTACT\u00a0\u00bb el_class=\u00a0\u00bbbtn-contact\u00a0\u00bb][\/vc_column_inner][vc_column_inner width=\u00a0\u00bb1\/2&Prime;][vc_single_image image=\u00a0\u00bb9104&Prime; img_size=\u00a0\u00bbmedium\u00a0\u00bb onclick=\u00a0\u00bblink_image\u00a0\u00bb][\/vc_column_inner][\/vc_row_inner][vc_empty_space height=\u00a0\u00bb50px\u00a0\u00bb][\/vc_column][\/vc_row]<\/p>\n<\/div>","protected":false},"excerpt":{"rendered":"<p>[vc_row bg_image=\u00a0\u00bb11106&Prime; top_padding=\u00a0\u00bb100&Prime; bottom_padding=\u00a0\u00bb100&Prime;][vc_column width=\u00a0\u00bb1\/2&Prime;][\/vc_column][vc_column bg_color=\u00a0\u00bbrgba(0,0,0,0.5)\u00a0\u00bb column_padding=\u00a0\u00bbpadding-5&Prime; column_center=\u00a0\u00bbtrue\u00a0\u00bb text_color=\u00a0\u00bblight\u00a0\u00bb width=\u00a0\u00bb1\/2&Prime;][vc_column_text] Vols Touristiques en H\u00e9licopt\u00e8re Prechac [\/vc_column_text][\/vc_column][\/vc_row][vc_row top_padding=\u00a0\u00bb50&Prime; bottom_padding=\u00a0\u00bb50&Prime;][vc_column width=\u00a0\u00bb1\/6&Prime;][\/vc_column][vc_column width=\u00a0\u00bb2\/3&Prime;][vc_btn title=\u00a0\u00bbRetour \u00e0 la base Prechac\u00a0\u00bb style=\u00a0\u00bbclassic\u00a0\u00bb shape=\u00a0\u00bbsquare\u00a0\u00bb color=\u00a0\u00bbblack\u00a0\u00bb align=\u00a0\u00bbcenter\u00a0\u00bb i_icon_fontawesome=\u00a0\u00bbfas fa-undo\u00a0\u00bb add_icon=\u00a0\u00bbtrue\u00a0\u00bb link=\u00a0\u00bburl:https%3A%2F%2Fwww.mbh.fr%2Ffr%2Fnos-bases%2Fprechac|title:Prechac\u00a0\u00bb][vc_column_text] Au d\u00e9part de notre base de l&rsquo;altiport de Prechac , prenez place \u00e0 bord d&rsquo;un h\u00e9licopt\u00e8re Ecureuil AS350 de 5 places passagers pour un vol panoramique de 20 minutes autour du Pic du Midi et des fabuleux massifs qui l&rsquo;entourent. Vous pourrez alors apercevoir les plus beaux sommets des Pyr\u00e9n\u00e9es , son observatoire, ses lacs et la faune environnante pour les plus chanceux. Une exp\u00e9rience inoubliable ! [\/vc_column_text][\/vc_column][vc_column width=\u00a0\u00bb1\/6&Prime;][\/vc_column][\/vc_row][vc_row][vc_column width=\u00a0\u00bb1\/1&Prime;][vc_column_text] Survol du Pic du midi depuis Prechac 20 min &#8211; Vol partag\u00e9 [\/vc_column_text][vc_row_inner][vc_column_inner width=\u00a0\u00bb1\/2&Prime;][vc_column_text]D\u00e9couvrez un lieu magique et majestueux des Pyr\u00e9n\u00e9es : le Pic du Midi ! Dur\u00e9e de l&rsquo;exp\u00e9rience : 20 minutes Tarif : 199\u20ac\/pers Remise sur la quantit\u00e9 : 5 personnes, 10% sur prix unitaire Les vols touristiques au d\u00e9part de Pr\u00e9chac sont momentan\u00e9ment suspendus. Nous vous tiendrons inform\u00e9s d\u00e8s leur reprise. Merci de votre compr\u00e9hension. [\/vc_column_text][vc_btn title=\u00a0\u00bbR\u00e9server sur notre boutique\u00a0\u00bb style=\u00a0\u00bbclassic\u00a0\u00bb shape=\u00a0\u00bbsquare\u00a0\u00bb color=\u00a0\u00bbblack\u00a0\u00bb align=\u00a0\u00bbleft\u00a0\u00bb css_animation=\u00a0\u00bbbounceIn\u00a0\u00bb el_class=\u00a0\u00bbbtn-booking\u00a0\u00bb link=\u00a0\u00bburl:https%3A%2F%2Fheligo.aero%2Ffr%2Fprechac%2F46-45-survol-du-pic-du-midi-20-min.html\u00a0\u00bb][vc_btn title=\u00a0\u00bbContactez-nous\u00a0\u00bb style=\u00a0\u00bbclassic\u00a0\u00bb shape=\u00a0\u00bbsquare\u00a0\u00bb color=\u00a0\u00bbblack\u00a0\u00bb align=\u00a0\u00bbleft\u00a0\u00bb link=\u00a0\u00bburl:https%3A%2F%2Fwww.mbh.fr%2Ffr%2Fcontact%2F|title:CONTACT\u00a0\u00bb el_class=\u00a0\u00bbbtn-contact\u00a0\u00bb][\/vc_column_inner][vc_column_inner width=\u00a0\u00bb1\/2&Prime;][vc_single_image image=\u00a0\u00bb9104&Prime; img_size=\u00a0\u00bbmedium\u00a0\u00bb onclick=\u00a0\u00bblink_image\u00a0\u00bb][\/vc_column_inner][\/vc_row_inner][vc_empty_space height=\u00a0\u00bb50px\u00a0\u00bb][\/vc_column][\/vc_row]<\/p>\n","protected":false},"author":7,"featured_media":0,"parent":7382,"menu_order":0,"comment_status":"closed","ping_status":"closed","template":"page-base.php","meta":{"_acf_changed":false,"footnotes":""},"class_list":["post-10722","page","type-page","status-publish","hentry"],"acf":[],"yoast_head":"<!-- This site is optimized with the Yoast SEO plugin v26.9 - https:\/\/yoast.com\/product\/yoast-seo-wordpress\/ -->\n<title>Vols Touristiques Prechac - Survol du Pic du Midi en H\u00e9licopt\u00e8re<\/title>\n<meta name=\"robots\" content=\"index, follow, max-snippet:-1, max-image-preview:large, max-video-preview:-1\" \/>\n<link rel=\"canonical\" href=\"https:\/\/www.mbh.fr\/fr\/nos-bases\/prechac\/vols-touristiques-prechac\/\" \/>\n<meta property=\"og:locale\" content=\"fr_FR\" \/>\n<meta property=\"og:type\" content=\"article\" \/>\n<meta property=\"og:title\" content=\"Vols Touristiques Prechac - Survol du Pic du Midi en H\u00e9licopt\u00e8re\" \/>\n<meta property=\"og:description\" content=\"[vc_row bg_image=\u00a0\u00bb11106&Prime; top_padding=\u00a0\u00bb100&Prime; bottom_padding=\u00a0\u00bb100&Prime;][vc_column width=\u00a0\u00bb1\/2&Prime;][\/vc_column][vc_column bg_color=\u00a0\u00bbrgba(0,0,0,0.5)\u00a0\u00bb column_padding=\u00a0\u00bbpadding-5&Prime; column_center=\u00a0\u00bbtrue\u00a0\u00bb text_color=\u00a0\u00bblight\u00a0\u00bb width=\u00a0\u00bb1\/2&Prime;][vc_column_text] Vols Touristiques en H\u00e9licopt\u00e8re Prechac [\/vc_column_text][\/vc_column][\/vc_row][vc_row top_padding=\u00a0\u00bb50&Prime; bottom_padding=\u00a0\u00bb50&Prime;][vc_column width=\u00a0\u00bb1\/6&Prime;][\/vc_column][vc_column width=\u00a0\u00bb2\/3&Prime;][vc_btn title=\u00a0\u00bbRetour \u00e0 la base Prechac\u00a0\u00bb style=\u00a0\u00bbclassic\u00a0\u00bb shape=\u00a0\u00bbsquare\u00a0\u00bb color=\u00a0\u00bbblack\u00a0\u00bb align=\u00a0\u00bbcenter\u00a0\u00bb i_icon_fontawesome=\u00a0\u00bbfas fa-undo\u00a0\u00bb add_icon=\u00a0\u00bbtrue\u00a0\u00bb link=\u00a0\u00bburl:https%3A%2F%2Fwww.mbh.fr%2Ffr%2Fnos-bases%2Fprechac|title:Prechac\u00a0\u00bb][vc_column_text] Au d\u00e9part de notre base de l&rsquo;altiport de Prechac , prenez place \u00e0 bord d&rsquo;un h\u00e9licopt\u00e8re Ecureuil AS350 de 5 places passagers pour un vol panoramique de 20 minutes autour du Pic du Midi et des fabuleux massifs qui l&rsquo;entourent. Vous pourrez alors apercevoir les plus beaux sommets des Pyr\u00e9n\u00e9es , son observatoire, ses lacs et la faune environnante pour les plus chanceux. Une exp\u00e9rience inoubliable ! [\/vc_column_text][\/vc_column][vc_column width=\u00a0\u00bb1\/6&Prime;][\/vc_column][\/vc_row][vc_row][vc_column width=\u00a0\u00bb1\/1&Prime;][vc_column_text] Survol du Pic du midi depuis Prechac 20 min &#8211; Vol partag\u00e9 [\/vc_column_text][vc_row_inner][vc_column_inner width=\u00a0\u00bb1\/2&Prime;][vc_column_text]D\u00e9couvrez un lieu magique et majestueux des Pyr\u00e9n\u00e9es : le Pic du Midi ! Dur\u00e9e de l&rsquo;exp\u00e9rience : 20 minutes Tarif : 199\u20ac\/pers Remise sur la quantit\u00e9 : 5 personnes, 10% sur prix unitaire Les vols touristiques au d\u00e9part de Pr\u00e9chac sont momentan\u00e9ment suspendus. Nous vous tiendrons inform\u00e9s d\u00e8s leur reprise. Merci de votre compr\u00e9hension. [\/vc_column_text][vc_btn title=\u00a0\u00bbR\u00e9server sur notre boutique\u00a0\u00bb style=\u00a0\u00bbclassic\u00a0\u00bb shape=\u00a0\u00bbsquare\u00a0\u00bb color=\u00a0\u00bbblack\u00a0\u00bb align=\u00a0\u00bbleft\u00a0\u00bb css_animation=\u00a0\u00bbbounceIn\u00a0\u00bb el_class=\u00a0\u00bbbtn-booking\u00a0\u00bb link=\u00a0\u00bburl:https%3A%2F%2Fheligo.aero%2Ffr%2Fprechac%2F46-45-survol-du-pic-du-midi-20-min.html\u00a0\u00bb][vc_btn title=\u00a0\u00bbContactez-nous\u00a0\u00bb style=\u00a0\u00bbclassic\u00a0\u00bb shape=\u00a0\u00bbsquare\u00a0\u00bb color=\u00a0\u00bbblack\u00a0\u00bb align=\u00a0\u00bbleft\u00a0\u00bb link=\u00a0\u00bburl:https%3A%2F%2Fwww.mbh.fr%2Ffr%2Fcontact%2F|title:CONTACT\u00a0\u00bb el_class=\u00a0\u00bbbtn-contact\u00a0\u00bb][\/vc_column_inner][vc_column_inner width=\u00a0\u00bb1\/2&Prime;][vc_single_image image=\u00a0\u00bb9104&Prime; img_size=\u00a0\u00bbmedium\u00a0\u00bb onclick=\u00a0\u00bblink_image\u00a0\u00bb][\/vc_column_inner][\/vc_row_inner][vc_empty_space height=\u00a0\u00bb50px\u00a0\u00bb][\/vc_column][\/vc_row]\" \/>\n<meta property=\"og:url\" content=\"https:\/\/www.mbh.fr\/fr\/nos-bases\/prechac\/vols-touristiques-prechac\/\" \/>\n<meta property=\"og:site_name\" content=\"Mont-Blanc H\u00e9licopt\u00e8res\" \/>\n<meta property=\"article:publisher\" content=\"https:\/\/www.facebook.com\/MontBlancHelicopteres\/\" \/>\n<meta property=\"article:modified_time\" content=\"2025-10-23T09:00:08+00:00\" \/>\n<meta property=\"og:image\" content=\"https:\/\/www.mbh.fr\/wp-content\/uploads\/2025\/03\/HELIGO_LOGO_GRIS_CMJN_new.png\" \/>\n\t<meta property=\"og:image:width\" content=\"2560\" \/>\n\t<meta property=\"og:image:height\" content=\"717\" \/>\n\t<meta property=\"og:image:type\" content=\"image\/png\" \/>\n<meta name=\"twitter:card\" content=\"summary_large_image\" \/>\n<meta name=\"twitter:site\" content=\"@MBHelicopteres\" \/>\n<meta name=\"twitter:label1\" content=\"Dur\u00e9e de lecture estim\u00e9e\" \/>\n\t<meta name=\"twitter:data1\" content=\"2 minutes\" \/>\n<script type=\"application\/ld+json\" class=\"yoast-schema-graph\">{\"@context\":\"https:\/\/schema.org\",\"@graph\":[{\"@type\":\"WebPage\",\"@id\":\"https:\/\/www.mbh.fr\/fr\/nos-bases\/prechac\/vols-touristiques-prechac\/\",\"url\":\"https:\/\/www.mbh.fr\/fr\/nos-bases\/prechac\/vols-touristiques-prechac\/\",\"name\":\"Vols Touristiques Prechac - Survol du Pic du Midi en H\u00e9licopt\u00e8re\",\"isPartOf\":{\"@id\":\"https:\/\/www.mbh.fr\/fr\/#website\"},\"primaryImageOfPage\":{\"@id\":\"https:\/\/www.mbh.fr\/fr\/nos-bases\/prechac\/vols-touristiques-prechac\/#primaryimage\"},\"image\":{\"@id\":\"https:\/\/www.mbh.fr\/fr\/nos-bases\/prechac\/vols-touristiques-prechac\/#primaryimage\"},\"thumbnailUrl\":\"https:\/\/www.mbh.fr\/wp-content\/uploads\/2025\/03\/HELIGO_LOGO_GRIS_CMJN_new-1000x280.png\",\"datePublished\":\"2022-01-25T10:09:00+00:00\",\"dateModified\":\"2025-10-23T09:00:08+00:00\",\"breadcrumb\":{\"@id\":\"https:\/\/www.mbh.fr\/fr\/nos-bases\/prechac\/vols-touristiques-prechac\/#breadcrumb\"},\"inLanguage\":\"fr-FR\",\"potentialAction\":[{\"@type\":\"ReadAction\",\"target\":[\"https:\/\/www.mbh.fr\/fr\/nos-bases\/prechac\/vols-touristiques-prechac\/\"]}]},{\"@type\":\"ImageObject\",\"inLanguage\":\"fr-FR\",\"@id\":\"https:\/\/www.mbh.fr\/fr\/nos-bases\/prechac\/vols-touristiques-prechac\/#primaryimage\",\"url\":\"https:\/\/www.mbh.fr\/wp-content\/uploads\/2025\/03\/HELIGO_LOGO_GRIS_CMJN_new-1000x280.png\",\"contentUrl\":\"https:\/\/www.mbh.fr\/wp-content\/uploads\/2025\/03\/HELIGO_LOGO_GRIS_CMJN_new-1000x280.png\"},{\"@type\":\"BreadcrumbList\",\"@id\":\"https:\/\/www.mbh.fr\/fr\/nos-bases\/prechac\/vols-touristiques-prechac\/#breadcrumb\",\"itemListElement\":[{\"@type\":\"ListItem\",\"position\":1,\"name\":\"Accueil\",\"item\":\"https:\/\/www.mbh.fr\/fr\/\"},{\"@type\":\"ListItem\",\"position\":2,\"name\":\"NOS BASES\",\"item\":\"https:\/\/www.mbh.fr\/fr\/nos-bases\/\"},{\"@type\":\"ListItem\",\"position\":3,\"name\":\"PRECHAC\",\"item\":\"https:\/\/www.mbh.fr\/fr\/nos-bases\/prechac\/\"},{\"@type\":\"ListItem\",\"position\":4,\"name\":\"Vols touristiques Prechac\"}]},{\"@type\":\"WebSite\",\"@id\":\"https:\/\/www.mbh.fr\/fr\/#website\",\"url\":\"https:\/\/www.mbh.fr\/fr\/\",\"name\":\"Mont-Blanc H\u00e9licopt\u00e8res\",\"description\":\"\",\"publisher\":{\"@id\":\"https:\/\/www.mbh.fr\/fr\/#organization\"},\"potentialAction\":[{\"@type\":\"SearchAction\",\"target\":{\"@type\":\"EntryPoint\",\"urlTemplate\":\"https:\/\/www.mbh.fr\/fr\/?s={search_term_string}\"},\"query-input\":{\"@type\":\"PropertyValueSpecification\",\"valueRequired\":true,\"valueName\":\"search_term_string\"}}],\"inLanguage\":\"fr-FR\"},{\"@type\":\"Organization\",\"@id\":\"https:\/\/www.mbh.fr\/fr\/#organization\",\"name\":\"mont blanc h\u00e9licopt\u00e8res\",\"url\":\"https:\/\/www.mbh.fr\/fr\/\",\"logo\":{\"@type\":\"ImageObject\",\"inLanguage\":\"fr-FR\",\"@id\":\"https:\/\/www.mbh.fr\/fr\/#\/schema\/logo\/image\/\",\"url\":\"\",\"contentUrl\":\"\",\"caption\":\"mont blanc h\u00e9licopt\u00e8res\"},\"image\":{\"@id\":\"https:\/\/www.mbh.fr\/fr\/#\/schema\/logo\/image\/\"},\"sameAs\":[\"https:\/\/www.facebook.com\/MontBlancHelicopteres\/\",\"https:\/\/x.com\/MBHelicopteres\",\"https:\/\/www.instagram.com\/montblanchelicopteres\/\",\"https:\/\/www.linkedin.com\/company\/715290\/\"]}]}<\/script>\n<!-- \/ Yoast SEO plugin. -->","yoast_head_json":{"title":"Vols Touristiques Prechac - Survol du Pic du Midi en H\u00e9licopt\u00e8re","robots":{"index":"index","follow":"follow","max-snippet":"max-snippet:-1","max-image-preview":"max-image-preview:large","max-video-preview":"max-video-preview:-1"},"canonical":"https:\/\/www.mbh.fr\/fr\/nos-bases\/prechac\/vols-touristiques-prechac\/","og_locale":"fr_FR","og_type":"article","og_title":"Vols Touristiques Prechac - Survol du Pic du Midi en H\u00e9licopt\u00e8re","og_description":"[vc_row bg_image=\u00a0\u00bb11106&Prime; top_padding=\u00a0\u00bb100&Prime; bottom_padding=\u00a0\u00bb100&Prime;][vc_column width=\u00a0\u00bb1\/2&Prime;][\/vc_column][vc_column bg_color=\u00a0\u00bbrgba(0,0,0,0.5)\u00a0\u00bb column_padding=\u00a0\u00bbpadding-5&Prime; column_center=\u00a0\u00bbtrue\u00a0\u00bb text_color=\u00a0\u00bblight\u00a0\u00bb width=\u00a0\u00bb1\/2&Prime;][vc_column_text] Vols Touristiques en H\u00e9licopt\u00e8re Prechac [\/vc_column_text][\/vc_column][\/vc_row][vc_row top_padding=\u00a0\u00bb50&Prime; bottom_padding=\u00a0\u00bb50&Prime;][vc_column width=\u00a0\u00bb1\/6&Prime;][\/vc_column][vc_column width=\u00a0\u00bb2\/3&Prime;][vc_btn title=\u00a0\u00bbRetour \u00e0 la base Prechac\u00a0\u00bb style=\u00a0\u00bbclassic\u00a0\u00bb shape=\u00a0\u00bbsquare\u00a0\u00bb color=\u00a0\u00bbblack\u00a0\u00bb align=\u00a0\u00bbcenter\u00a0\u00bb i_icon_fontawesome=\u00a0\u00bbfas fa-undo\u00a0\u00bb add_icon=\u00a0\u00bbtrue\u00a0\u00bb link=\u00a0\u00bburl:https%3A%2F%2Fwww.mbh.fr%2Ffr%2Fnos-bases%2Fprechac|title:Prechac\u00a0\u00bb][vc_column_text] Au d\u00e9part de notre base de l&rsquo;altiport de Prechac , prenez place \u00e0 bord d&rsquo;un h\u00e9licopt\u00e8re Ecureuil AS350 de 5 places passagers pour un vol panoramique de 20 minutes autour du Pic du Midi et des fabuleux massifs qui l&rsquo;entourent. Vous pourrez alors apercevoir les plus beaux sommets des Pyr\u00e9n\u00e9es , son observatoire, ses lacs et la faune environnante pour les plus chanceux. Une exp\u00e9rience inoubliable ! [\/vc_column_text][\/vc_column][vc_column width=\u00a0\u00bb1\/6&Prime;][\/vc_column][\/vc_row][vc_row][vc_column width=\u00a0\u00bb1\/1&Prime;][vc_column_text] Survol du Pic du midi depuis Prechac 20 min &#8211; Vol partag\u00e9 [\/vc_column_text][vc_row_inner][vc_column_inner width=\u00a0\u00bb1\/2&Prime;][vc_column_text]D\u00e9couvrez un lieu magique et majestueux des Pyr\u00e9n\u00e9es : le Pic du Midi ! Dur\u00e9e de l&rsquo;exp\u00e9rience : 20 minutes Tarif : 199\u20ac\/pers Remise sur la quantit\u00e9 : 5 personnes, 10% sur prix unitaire Les vols touristiques au d\u00e9part de Pr\u00e9chac sont momentan\u00e9ment suspendus. Nous vous tiendrons inform\u00e9s d\u00e8s leur reprise. Merci de votre compr\u00e9hension. [\/vc_column_text][vc_btn title=\u00a0\u00bbR\u00e9server sur notre boutique\u00a0\u00bb style=\u00a0\u00bbclassic\u00a0\u00bb shape=\u00a0\u00bbsquare\u00a0\u00bb color=\u00a0\u00bbblack\u00a0\u00bb align=\u00a0\u00bbleft\u00a0\u00bb css_animation=\u00a0\u00bbbounceIn\u00a0\u00bb el_class=\u00a0\u00bbbtn-booking\u00a0\u00bb link=\u00a0\u00bburl:https%3A%2F%2Fheligo.aero%2Ffr%2Fprechac%2F46-45-survol-du-pic-du-midi-20-min.html\u00a0\u00bb][vc_btn title=\u00a0\u00bbContactez-nous\u00a0\u00bb style=\u00a0\u00bbclassic\u00a0\u00bb shape=\u00a0\u00bbsquare\u00a0\u00bb color=\u00a0\u00bbblack\u00a0\u00bb align=\u00a0\u00bbleft\u00a0\u00bb link=\u00a0\u00bburl:https%3A%2F%2Fwww.mbh.fr%2Ffr%2Fcontact%2F|title:CONTACT\u00a0\u00bb el_class=\u00a0\u00bbbtn-contact\u00a0\u00bb][\/vc_column_inner][vc_column_inner width=\u00a0\u00bb1\/2&Prime;][vc_single_image image=\u00a0\u00bb9104&Prime; img_size=\u00a0\u00bbmedium\u00a0\u00bb onclick=\u00a0\u00bblink_image\u00a0\u00bb][\/vc_column_inner][\/vc_row_inner][vc_empty_space height=\u00a0\u00bb50px\u00a0\u00bb][\/vc_column][\/vc_row]","og_url":"https:\/\/www.mbh.fr\/fr\/nos-bases\/prechac\/vols-touristiques-prechac\/","og_site_name":"Mont-Blanc H\u00e9licopt\u00e8res","article_publisher":"https:\/\/www.facebook.com\/MontBlancHelicopteres\/","article_modified_time":"2025-10-23T09:00:08+00:00","og_image":[{"width":2560,"height":717,"url":"https:\/\/www.mbh.fr\/wp-content\/uploads\/2025\/03\/HELIGO_LOGO_GRIS_CMJN_new.png","type":"image\/png"}],"twitter_card":"summary_large_image","twitter_site":"@MBHelicopteres","twitter_misc":{"Dur\u00e9e de lecture estim\u00e9e":"2 minutes"},"schema":{"@context":"https:\/\/schema.org","@graph":[{"@type":"WebPage","@id":"https:\/\/www.mbh.fr\/fr\/nos-bases\/prechac\/vols-touristiques-prechac\/","url":"https:\/\/www.mbh.fr\/fr\/nos-bases\/prechac\/vols-touristiques-prechac\/","name":"Vols Touristiques Prechac - Survol du Pic du Midi en H\u00e9licopt\u00e8re","isPartOf":{"@id":"https:\/\/www.mbh.fr\/fr\/#website"},"primaryImageOfPage":{"@id":"https:\/\/www.mbh.fr\/fr\/nos-bases\/prechac\/vols-touristiques-prechac\/#primaryimage"},"image":{"@id":"https:\/\/www.mbh.fr\/fr\/nos-bases\/prechac\/vols-touristiques-prechac\/#primaryimage"},"thumbnailUrl":"https:\/\/www.mbh.fr\/wp-content\/uploads\/2025\/03\/HELIGO_LOGO_GRIS_CMJN_new-1000x280.png","datePublished":"2022-01-25T10:09:00+00:00","dateModified":"2025-10-23T09:00:08+00:00","breadcrumb":{"@id":"https:\/\/www.mbh.fr\/fr\/nos-bases\/prechac\/vols-touristiques-prechac\/#breadcrumb"},"inLanguage":"fr-FR","potentialAction":[{"@type":"ReadAction","target":["https:\/\/www.mbh.fr\/fr\/nos-bases\/prechac\/vols-touristiques-prechac\/"]}]},{"@type":"ImageObject","inLanguage":"fr-FR","@id":"https:\/\/www.mbh.fr\/fr\/nos-bases\/prechac\/vols-touristiques-prechac\/#primaryimage","url":"https:\/\/www.mbh.fr\/wp-content\/uploads\/2025\/03\/HELIGO_LOGO_GRIS_CMJN_new-1000x280.png","contentUrl":"https:\/\/www.mbh.fr\/wp-content\/uploads\/2025\/03\/HELIGO_LOGO_GRIS_CMJN_new-1000x280.png"},{"@type":"BreadcrumbList","@id":"https:\/\/www.mbh.fr\/fr\/nos-bases\/prechac\/vols-touristiques-prechac\/#breadcrumb","itemListElement":[{"@type":"ListItem","position":1,"name":"Accueil","item":"https:\/\/www.mbh.fr\/fr\/"},{"@type":"ListItem","position":2,"name":"NOS BASES","item":"https:\/\/www.mbh.fr\/fr\/nos-bases\/"},{"@type":"ListItem","position":3,"name":"PRECHAC","item":"https:\/\/www.mbh.fr\/fr\/nos-bases\/prechac\/"},{"@type":"ListItem","position":4,"name":"Vols touristiques Prechac"}]},{"@type":"WebSite","@id":"https:\/\/www.mbh.fr\/fr\/#website","url":"https:\/\/www.mbh.fr\/fr\/","name":"Mont-Blanc H\u00e9licopt\u00e8res","description":"","publisher":{"@id":"https:\/\/www.mbh.fr\/fr\/#organization"},"potentialAction":[{"@type":"SearchAction","target":{"@type":"EntryPoint","urlTemplate":"https:\/\/www.mbh.fr\/fr\/?s={search_term_string}"},"query-input":{"@type":"PropertyValueSpecification","valueRequired":true,"valueName":"search_term_string"}}],"inLanguage":"fr-FR"},{"@type":"Organization","@id":"https:\/\/www.mbh.fr\/fr\/#organization","name":"mont blanc h\u00e9licopt\u00e8res","url":"https:\/\/www.mbh.fr\/fr\/","logo":{"@type":"ImageObject","inLanguage":"fr-FR","@id":"https:\/\/www.mbh.fr\/fr\/#\/schema\/logo\/image\/","url":"","contentUrl":"","caption":"mont blanc h\u00e9licopt\u00e8res"},"image":{"@id":"https:\/\/www.mbh.fr\/fr\/#\/schema\/logo\/image\/"},"sameAs":["https:\/\/www.facebook.com\/MontBlancHelicopteres\/","https:\/\/x.com\/MBHelicopteres","https:\/\/www.instagram.com\/montblanchelicopteres\/","https:\/\/www.linkedin.com\/company\/715290\/"]}]}},"_links":{"self":[{"href":"https:\/\/www.mbh.fr\/fr\/wp-json\/wp\/v2\/pages\/10722","targetHints":{"allow":["GET"]}}],"collection":[{"href":"https:\/\/www.mbh.fr\/fr\/wp-json\/wp\/v2\/pages"}],"about":[{"href":"https:\/\/www.mbh.fr\/fr\/wp-json\/wp\/v2\/types\/page"}],"author":[{"embeddable":true,"href":"https:\/\/www.mbh.fr\/fr\/wp-json\/wp\/v2\/users\/7"}],"replies":[{"embeddable":true,"href":"https:\/\/www.mbh.fr\/fr\/wp-json\/wp\/v2\/comments?post=10722"}],"version-history":[{"count":17,"href":"https:\/\/www.mbh.fr\/fr\/wp-json\/wp\/v2\/pages\/10722\/revisions"}],"predecessor-version":[{"id":14424,"href":"https:\/\/www.mbh.fr\/fr\/wp-json\/wp\/v2\/pages\/10722\/revisions\/14424"}],"up":[{"embeddable":true,"href":"https:\/\/www.mbh.fr\/fr\/wp-json\/wp\/v2\/pages\/7382"}],"wp:attachment":[{"href":"https:\/\/www.mbh.fr\/fr\/wp-json\/wp\/v2\/media?parent=10722"}],"curies":[{"name":"wp","href":"https:\/\/api.w.org\/{rel}","templated":true}]}}