{"id":10752,"date":"2022-01-27T12:04:04","date_gmt":"2022-01-27T11:04:04","guid":{"rendered":"https:\/\/www.mbh.fr\/?page_id=10752"},"modified":"2023-11-06T15:31:02","modified_gmt":"2023-11-06T14:31:02","slug":"transferts-helicoptere-vols-prives-annemasse","status":"publish","type":"page","link":"https:\/\/www.mbh.fr\/fr\/nos-bases\/annemasse\/transferts-helicoptere-vols-prives-annemasse\/","title":{"rendered":"Transferts h\u00e9licopt\u00e8re &#038; vols priv\u00e9s Annemasse"},"content":{"rendered":"<div class=\"wpb-content-wrapper\"><p>[vc_row bg_image=\u00a0\u00bb9467&Prime; bg_repeat=\u00a0\u00bbno-repeat\u00a0\u00bb top_padding=\u00a0\u00bb100&Prime; bottom_padding=\u00a0\u00bb100&Prime;][vc_column width=\u00a0\u00bb1\/2&Prime;][\/vc_column][vc_column bg_color=\u00a0\u00bbrgba(0,0,0,0.5)\u00a0\u00bb column_padding=\u00a0\u00bbpadding-5&Prime; column_center=\u00a0\u00bbtrue\u00a0\u00bb text_color=\u00a0\u00bblight\u00a0\u00bb width=\u00a0\u00bb1\/2&Prime;][vc_column_text]<\/p>\n<h1 class=\"p1\">Transferts h\u00e9licopt\u00e8re &amp; vols priv\u00e9s <strong>Annemasse<\/strong><\/h1>\n<p>[\/vc_column_text][\/vc_column][\/vc_row][vc_row top_padding=\u00a0\u00bb50&Prime; bottom_padding=\u00a0\u00bb50&Prime;][vc_column width=\u00a0\u00bb1\/6&Prime;][\/vc_column][vc_column width=\u00a0\u00bb2\/3&Prime;][vc_btn title=\u00a0\u00bbRetour \u00e0 la base Annemasse\u00a0\u00bb style=\u00a0\u00bbclassic\u00a0\u00bb shape=\u00a0\u00bbsquare\u00a0\u00bb color=\u00a0\u00bbblack\u00a0\u00bb align=\u00a0\u00bbcenter\u00a0\u00bb i_icon_fontawesome=\u00a0\u00bbfas fa-undo\u00a0\u00bb add_icon=\u00a0\u00bbtrue\u00a0\u00bb link=\u00a0\u00bburl:https%3A%2F%2Fwww.mbh.fr%2Ffr%2Fnos-bases%2Fannemasse%2F|title:Annemasse\u00a0\u00bb][vc_column_text]<\/p>\n<p class=\"p1\" style=\"text-align: center;\">Mont Blanc H\u00e9licopt\u00e8res Annemasse vous propose de vous faire vivre une exp\u00e9rience singuli\u00e8re en h\u00e9licopt\u00e8re. Privatisez un vol au gr\u00e9 de vos envies. Pr\u00eat au d\u00e9collage ?<\/p>\n<p>[\/vc_column_text][\/vc_column][vc_column width=\u00a0\u00bb1\/6&Prime;][\/vc_column][\/vc_row][vc_row][vc_column width=\u00a0\u00bb1\/1&Prime;][vc_column_text]<\/p>\n<h2 class=\"p1\" style=\"text-align: center;\"><strong>Transferts h\u00e9licopt\u00e8res<\/strong> \u00e0 Annemasse<\/h2>\n<p>[\/vc_column_text]<div class=\"newdivider align-center\" style=\"border-bottom-style: solid; border-color: #eeeeee; border-bottom-width: 4px; margin-top: 25px; margin-bottom: 25px; width: 10%; \"><\/div><div class=\"clear\"><\/div>[vc_row_inner][vc_column_inner width=\u00a0\u00bb1\/2&Prime;][vc_column_text]Pour tous vos d\u00e9placements priv\u00e9s ou professionnels en France et en Europe, nos h\u00e9licopt\u00e8res sont \u00e0 votre disposition.<\/p>\n<p>Mont Blanc H\u00e9licopt\u00e8res Annemasse est titulaire d\u2019un certificat de transporteur a\u00e9rien CTA FR.AOC.0039.<\/p>\n<p>Pour tous vos d\u00e9placements priv\u00e9s ou professionnels en France et en Europe, nos h\u00e9licopt\u00e8res sont \u00e0 votre disposition.<\/p>\n<p>Exemple destinations : Meg\u00e8ve, Les Arcs, Courchevel, Lyon, Grenoble, Chamb\u00e9ry, Les 2 Alpes, L&rsquo;alpes d&rsquo;Huez, Val d&rsquo;Is\u00e8re, Val Thorens, Paris, Gen\u00e8ve, Monaco, Cannes, Milan, Courmayeur\u2026<\/p>\n<p><i>Sous r\u00e9serve du respect de la r\u00e9glementation en vigueur, nous pouvons atterrir au sein m\u00eame de votre propri\u00e9t\u00e9 !<\/i><\/p>\n<p><b>Pour vos prochains d\u00e9placements, n\u2019h\u00e9sitez pas \u00e0 nous contacter. Nous pouvons \u00e9galement atterrir au sein de votre propri\u00e9t\u00e9 ou de votre usine.<\/b>[\/vc_column_text][vc_btn title=\u00a0\u00bbContactez-nous\u00a0\u00bb style=\u00a0\u00bbclassic\u00a0\u00bb shape=\u00a0\u00bbsquare\u00a0\u00bb color=\u00a0\u00bbblack\u00a0\u00bb align=\u00a0\u00bbleft\u00a0\u00bb link=\u00a0\u00bburl:https%3A%2F%2Fwww.mbh.fr%2Ffr%2Fcontact%2F|title:CONTACT\u00a0\u00bb el_class=\u00a0\u00bbbtn-contact\u00a0\u00bb css=\u00a0\u00bb.vc_custom_1645780839269{margin-top: 10px !important;}\u00a0\u00bb][vc_btn title=\u00a0\u00bbNos h\u00e9licopt\u00e8res\u00a0\u00bb style=\u00a0\u00bbclassic\u00a0\u00bb shape=\u00a0\u00bbsquare\u00a0\u00bb color=\u00a0\u00bbblack\u00a0\u00bb align=\u00a0\u00bbleft\u00a0\u00bb el_class=\u00a0\u00bbbtn-booking\u00a0\u00bb link=\u00a0\u00bburl:https%3A%2F%2Fwww.mbh.fr%2Ffr%2Fflotte%2F|title:FLOTTE\u00a0\u00bb][\/vc_column_inner][vc_column_inner width=\u00a0\u00bb1\/2&Prime;][vc_single_image image=\u00a0\u00bb9460&Prime; img_size=\u00a0\u00bbmedium\u00a0\u00bb onclick=\u00a0\u00bblink_image\u00a0\u00bb][\/vc_column_inner][\/vc_row_inner][vc_empty_space height=\u00a0\u00bb50px\u00a0\u00bb][\/vc_column][\/vc_row][vc_row][vc_column width=\u00a0\u00bb1\/1&Prime;][vc_column_text]<\/p>\n<h2 style=\"text-align: center;\"><strong>Vols Exp\u00e9riences<\/strong> \u00e0 Annemasse<\/h2>\n<p style=\"text-align: center;\">Mont Blanc H\u00e9licopt\u00e8re Annemasse a r\u00e9pertori\u00e9 pour votre plus grand plaisir de nombreux h\u00f4tels et restaurants o\u00f9 il est possible d&rsquo;atterrir en h\u00e9licopt\u00e8re. Choisissez votre r\u00e9gion et laissez-vous guider !<\/p>\n<p>[\/vc_column_text]<div class=\"newdivider align-center\" style=\"border-bottom-style: solid; border-color: #eeeeee; border-bottom-width: 4px; margin-top: 50px; margin-bottom: 50px; width: 10%; \"><\/div><div class=\"clear\"><\/div>[vc_row_inner][vc_column_inner width=\u00a0\u00bb1\/2&Prime;][vc_single_image image=\u00a0\u00bb9442&Prime; img_size=\u00a0\u00bbmedium\u00a0\u00bb onclick=\u00a0\u00bblink_image\u00a0\u00bb][\/vc_column_inner][vc_column_inner width=\u00a0\u00bb1\/2&Prime;][vc_column_text]<\/p>\n<h2>H\u00e9li-Gastronomie<\/h2>\n<h4>Envie de vous \u00e9vader dans un restaurant ?<\/h4>\n<p>Alliez le plaisir des yeux \u00e0 celui des papilles. Lors d\u2019une escapade hors du commun, nous vous d\u00e9posons en h\u00e9licopt\u00e8re directement dans un \u00e9tablissement renomm\u00e9 ou un restaurant \u00e9toil\u00e9.<\/p>\n<p><i>Pour toutes demandes n\u2019h\u00e9sitez pas \u00e0 contacter notre \u00e9quipe afin de personnaliser votre devis.<\/i>[\/vc_column_text][vc_btn title=\u00a0\u00bbContactez-nous\u00a0\u00bb style=\u00a0\u00bbclassic\u00a0\u00bb shape=\u00a0\u00bbsquare\u00a0\u00bb color=\u00a0\u00bbblack\u00a0\u00bb align=\u00a0\u00bbleft\u00a0\u00bb link=\u00a0\u00bburl:https%3A%2F%2Fwww.mbh.fr%2Ffr%2Fcontact%2F|title:CONTACT\u00a0\u00bb el_class=\u00a0\u00bbbtn-contact\u00a0\u00bb css=\u00a0\u00bb.vc_custom_1645780844988{margin-top: 10px !important;}\u00a0\u00bb][\/vc_column_inner][\/vc_row_inner]<div class=\"newdivider align-center\" style=\"border-bottom-style: solid; border-color: #eeeeee; border-bottom-width: 4px; margin-top: 50px; margin-bottom: 50px; width: 10%; \"><\/div><div class=\"clear\"><\/div>[vc_row_inner][vc_column_inner width=\u00a0\u00bb1\/2&Prime;][vc_column_text]<\/p>\n<h2>Mariages<\/h2>\n<p>Vous avez pr\u00e9vu de vous marier et vous souhaitez surprendre la future mari\u00e9e ou vos invit\u00e9s ? Une demande en mariage \u00e0 bord d\u2019un h\u00e9licopt\u00e8re ou une arriv\u00e9e en h\u00e9licopt\u00e8re aura son effet ! \u00c9blouissez votre entourage pour la plus belle journ\u00e9e de votre vie.<\/p>\n<p><i>Pour toutes demandes n\u2019h\u00e9sitez pas \u00e0 contacter notre \u00e9quipe afin de personnaliser votre devis.<\/i>[\/vc_column_text][vc_btn title=\u00a0\u00bbContactez-nous\u00a0\u00bb style=\u00a0\u00bbclassic\u00a0\u00bb shape=\u00a0\u00bbsquare\u00a0\u00bb color=\u00a0\u00bbblack\u00a0\u00bb align=\u00a0\u00bbleft\u00a0\u00bb link=\u00a0\u00bburl:https%3A%2F%2Fwww.mbh.fr%2Ffr%2Fcontact%2F|title:CONTACT\u00a0\u00bb el_class=\u00a0\u00bbbtn-contact\u00a0\u00bb css=\u00a0\u00bb.vc_custom_1645780917900{margin-top: 10px !important;}\u00a0\u00bb][\/vc_column_inner][vc_column_inner width=\u00a0\u00bb1\/2&Prime;][vc_single_image image=\u00a0\u00bb9451&Prime; img_size=\u00a0\u00bbmedium\u00a0\u00bb onclick=\u00a0\u00bblink_image\u00a0\u00bb][\/vc_column_inner][\/vc_row_inner][vc_empty_space height=\u00a0\u00bb50px\u00a0\u00bb][\/vc_column][\/vc_row]<\/p>\n<\/div>","protected":false},"excerpt":{"rendered":"<p>[vc_row bg_image=\u00a0\u00bb9467&Prime; bg_repeat=\u00a0\u00bbno-repeat\u00a0\u00bb top_padding=\u00a0\u00bb100&Prime; bottom_padding=\u00a0\u00bb100&Prime;][vc_column width=\u00a0\u00bb1\/2&Prime;][\/vc_column][vc_column bg_color=\u00a0\u00bbrgba(0,0,0,0.5)\u00a0\u00bb column_padding=\u00a0\u00bbpadding-5&Prime; column_center=\u00a0\u00bbtrue\u00a0\u00bb text_color=\u00a0\u00bblight\u00a0\u00bb width=\u00a0\u00bb1\/2&Prime;][vc_column_text] Transferts h\u00e9licopt\u00e8re &amp; vols priv\u00e9s Annemasse [\/vc_column_text][\/vc_column][\/vc_row][vc_row top_padding=\u00a0\u00bb50&Prime; bottom_padding=\u00a0\u00bb50&Prime;][vc_column width=\u00a0\u00bb1\/6&Prime;][\/vc_column][vc_column width=\u00a0\u00bb2\/3&Prime;][vc_btn title=\u00a0\u00bbRetour \u00e0 la base Annemasse\u00a0\u00bb style=\u00a0\u00bbclassic\u00a0\u00bb shape=\u00a0\u00bbsquare\u00a0\u00bb color=\u00a0\u00bbblack\u00a0\u00bb align=\u00a0\u00bbcenter\u00a0\u00bb i_icon_fontawesome=\u00a0\u00bbfas fa-undo\u00a0\u00bb add_icon=\u00a0\u00bbtrue\u00a0\u00bb link=\u00a0\u00bburl:https%3A%2F%2Fwww.mbh.fr%2Ffr%2Fnos-bases%2Fannemasse%2F|title:Annemasse\u00a0\u00bb][vc_column_text] Mont Blanc H\u00e9licopt\u00e8res Annemasse vous propose de vous faire vivre une exp\u00e9rience singuli\u00e8re en h\u00e9licopt\u00e8re. Privatisez un vol au gr\u00e9 de vos envies. Pr\u00eat au d\u00e9collage ? [\/vc_column_text][\/vc_column][vc_column width=\u00a0\u00bb1\/6&Prime;][\/vc_column][\/vc_row][vc_row][vc_column width=\u00a0\u00bb1\/1&Prime;][vc_column_text] Transferts h\u00e9licopt\u00e8res \u00e0 Annemasse [\/vc_column_text][vc_row_inner][vc_column_inner width=\u00a0\u00bb1\/2&Prime;][vc_column_text]Pour tous vos d\u00e9placements priv\u00e9s ou professionnels en France et en Europe, nos h\u00e9licopt\u00e8res sont \u00e0 votre disposition. Mont Blanc H\u00e9licopt\u00e8res Annemasse est titulaire d\u2019un certificat de transporteur a\u00e9rien CTA FR.AOC.0039. Pour tous vos d\u00e9placements priv\u00e9s ou professionnels en France et en Europe, nos h\u00e9licopt\u00e8res sont \u00e0 votre disposition. Exemple destinations : Meg\u00e8ve, Les Arcs, Courchevel, Lyon, Grenoble, Chamb\u00e9ry, Les 2 Alpes, L&rsquo;alpes d&rsquo;Huez, Val d&rsquo;Is\u00e8re, Val Thorens, Paris, Gen\u00e8ve, Monaco, Cannes, Milan, Courmayeur\u2026 Sous r\u00e9serve du respect de la r\u00e9glementation en vigueur, nous pouvons atterrir au sein m\u00eame de votre propri\u00e9t\u00e9 ! Pour vos prochains d\u00e9placements, n\u2019h\u00e9sitez pas \u00e0 nous contacter. Nous pouvons \u00e9galement atterrir au sein de votre propri\u00e9t\u00e9 ou de votre usine.[\/vc_column_text][vc_btn title=\u00a0\u00bbContactez-nous\u00a0\u00bb style=\u00a0\u00bbclassic\u00a0\u00bb shape=\u00a0\u00bbsquare\u00a0\u00bb color=\u00a0\u00bbblack\u00a0\u00bb align=\u00a0\u00bbleft\u00a0\u00bb link=\u00a0\u00bburl:https%3A%2F%2Fwww.mbh.fr%2Ffr%2Fcontact%2F|title:CONTACT\u00a0\u00bb el_class=\u00a0\u00bbbtn-contact\u00a0\u00bb css=\u00a0\u00bb.vc_custom_1645780839269{margin-top: 10px !important;}\u00a0\u00bb][vc_btn title=\u00a0\u00bbNos h\u00e9licopt\u00e8res\u00a0\u00bb style=\u00a0\u00bbclassic\u00a0\u00bb shape=\u00a0\u00bbsquare\u00a0\u00bb color=\u00a0\u00bbblack\u00a0\u00bb [&hellip;]<\/p>\n","protected":false},"author":7,"featured_media":0,"parent":11180,"menu_order":0,"comment_status":"closed","ping_status":"closed","template":"page-base.php","meta":{"_acf_changed":false,"footnotes":""},"class_list":["post-10752","page","type-page","status-publish","hentry"],"acf":[],"yoast_head":"<!-- This site is optimized with the Yoast SEO plugin v26.9 - https:\/\/yoast.com\/product\/yoast-seo-wordpress\/ -->\n<title>Transferts h\u00e9licopt\u00e8re &amp; vols priv\u00e9s Annemasse - Mont-Blanc H\u00e9licopt\u00e8res<\/title>\n<meta name=\"robots\" content=\"index, follow, max-snippet:-1, max-image-preview:large, max-video-preview:-1\" \/>\n<link rel=\"canonical\" href=\"https:\/\/www.mbh.fr\/fr\/nos-bases\/annemasse\/transferts-helicoptere-vols-prives-annemasse\/\" \/>\n<meta property=\"og:locale\" content=\"fr_FR\" \/>\n<meta property=\"og:type\" content=\"article\" \/>\n<meta property=\"og:title\" content=\"Transferts h\u00e9licopt\u00e8re &amp; vols priv\u00e9s Annemasse - Mont-Blanc H\u00e9licopt\u00e8res\" \/>\n<meta property=\"og:description\" content=\"[vc_row bg_image=\u00a0\u00bb9467&Prime; bg_repeat=\u00a0\u00bbno-repeat\u00a0\u00bb top_padding=\u00a0\u00bb100&Prime; bottom_padding=\u00a0\u00bb100&Prime;][vc_column width=\u00a0\u00bb1\/2&Prime;][\/vc_column][vc_column bg_color=\u00a0\u00bbrgba(0,0,0,0.5)\u00a0\u00bb column_padding=\u00a0\u00bbpadding-5&Prime; column_center=\u00a0\u00bbtrue\u00a0\u00bb text_color=\u00a0\u00bblight\u00a0\u00bb width=\u00a0\u00bb1\/2&Prime;][vc_column_text] Transferts h\u00e9licopt\u00e8re &amp; vols priv\u00e9s Annemasse [\/vc_column_text][\/vc_column][\/vc_row][vc_row top_padding=\u00a0\u00bb50&Prime; bottom_padding=\u00a0\u00bb50&Prime;][vc_column width=\u00a0\u00bb1\/6&Prime;][\/vc_column][vc_column width=\u00a0\u00bb2\/3&Prime;][vc_btn title=\u00a0\u00bbRetour \u00e0 la base Annemasse\u00a0\u00bb style=\u00a0\u00bbclassic\u00a0\u00bb shape=\u00a0\u00bbsquare\u00a0\u00bb color=\u00a0\u00bbblack\u00a0\u00bb align=\u00a0\u00bbcenter\u00a0\u00bb i_icon_fontawesome=\u00a0\u00bbfas fa-undo\u00a0\u00bb add_icon=\u00a0\u00bbtrue\u00a0\u00bb link=\u00a0\u00bburl:https%3A%2F%2Fwww.mbh.fr%2Ffr%2Fnos-bases%2Fannemasse%2F|title:Annemasse\u00a0\u00bb][vc_column_text] Mont Blanc H\u00e9licopt\u00e8res Annemasse vous propose de vous faire vivre une exp\u00e9rience singuli\u00e8re en h\u00e9licopt\u00e8re. Privatisez un vol au gr\u00e9 de vos envies. Pr\u00eat au d\u00e9collage ? [\/vc_column_text][\/vc_column][vc_column width=\u00a0\u00bb1\/6&Prime;][\/vc_column][\/vc_row][vc_row][vc_column width=\u00a0\u00bb1\/1&Prime;][vc_column_text] Transferts h\u00e9licopt\u00e8res \u00e0 Annemasse [\/vc_column_text][vc_row_inner][vc_column_inner width=\u00a0\u00bb1\/2&Prime;][vc_column_text]Pour tous vos d\u00e9placements priv\u00e9s ou professionnels en France et en Europe, nos h\u00e9licopt\u00e8res sont \u00e0 votre disposition. Mont Blanc H\u00e9licopt\u00e8res Annemasse est titulaire d\u2019un certificat de transporteur a\u00e9rien CTA FR.AOC.0039. Pour tous vos d\u00e9placements priv\u00e9s ou professionnels en France et en Europe, nos h\u00e9licopt\u00e8res sont \u00e0 votre disposition. Exemple destinations : Meg\u00e8ve, Les Arcs, Courchevel, Lyon, Grenoble, Chamb\u00e9ry, Les 2 Alpes, L&rsquo;alpes d&rsquo;Huez, Val d&rsquo;Is\u00e8re, Val Thorens, Paris, Gen\u00e8ve, Monaco, Cannes, Milan, Courmayeur\u2026 Sous r\u00e9serve du respect de la r\u00e9glementation en vigueur, nous pouvons atterrir au sein m\u00eame de votre propri\u00e9t\u00e9 ! Pour vos prochains d\u00e9placements, n\u2019h\u00e9sitez pas \u00e0 nous contacter. Nous pouvons \u00e9galement atterrir au sein de votre propri\u00e9t\u00e9 ou de votre usine.[\/vc_column_text][vc_btn title=\u00a0\u00bbContactez-nous\u00a0\u00bb style=\u00a0\u00bbclassic\u00a0\u00bb shape=\u00a0\u00bbsquare\u00a0\u00bb color=\u00a0\u00bbblack\u00a0\u00bb align=\u00a0\u00bbleft\u00a0\u00bb link=\u00a0\u00bburl:https%3A%2F%2Fwww.mbh.fr%2Ffr%2Fcontact%2F|title:CONTACT\u00a0\u00bb el_class=\u00a0\u00bbbtn-contact\u00a0\u00bb css=\u00a0\u00bb.vc_custom_1645780839269{margin-top: 10px !important;}\u00a0\u00bb][vc_btn title=\u00a0\u00bbNos h\u00e9licopt\u00e8res\u00a0\u00bb style=\u00a0\u00bbclassic\u00a0\u00bb shape=\u00a0\u00bbsquare\u00a0\u00bb color=\u00a0\u00bbblack\u00a0\u00bb [&hellip;]\" \/>\n<meta property=\"og:url\" content=\"https:\/\/www.mbh.fr\/fr\/nos-bases\/annemasse\/transferts-helicoptere-vols-prives-annemasse\/\" \/>\n<meta property=\"og:site_name\" content=\"Mont-Blanc H\u00e9licopt\u00e8res\" \/>\n<meta property=\"article:publisher\" content=\"https:\/\/www.facebook.com\/MontBlancHelicopteres\/\" \/>\n<meta property=\"article:modified_time\" content=\"2023-11-06T14:31:02+00:00\" \/>\n<meta name=\"twitter:card\" content=\"summary_large_image\" \/>\n<meta name=\"twitter:site\" content=\"@MBHelicopteres\" \/>\n<meta name=\"twitter:label1\" content=\"Dur\u00e9e de lecture estim\u00e9e\" \/>\n\t<meta name=\"twitter:data1\" content=\"3 minutes\" \/>\n<script type=\"application\/ld+json\" class=\"yoast-schema-graph\">{\"@context\":\"https:\/\/schema.org\",\"@graph\":[{\"@type\":\"WebPage\",\"@id\":\"https:\/\/www.mbh.fr\/fr\/nos-bases\/annemasse\/transferts-helicoptere-vols-prives-annemasse\/\",\"url\":\"https:\/\/www.mbh.fr\/fr\/nos-bases\/annemasse\/transferts-helicoptere-vols-prives-annemasse\/\",\"name\":\"Transferts h\u00e9licopt\u00e8re & vols priv\u00e9s Annemasse - Mont-Blanc H\u00e9licopt\u00e8res\",\"isPartOf\":{\"@id\":\"https:\/\/www.mbh.fr\/fr\/#website\"},\"datePublished\":\"2022-01-27T11:04:04+00:00\",\"dateModified\":\"2023-11-06T14:31:02+00:00\",\"breadcrumb\":{\"@id\":\"https:\/\/www.mbh.fr\/fr\/nos-bases\/annemasse\/transferts-helicoptere-vols-prives-annemasse\/#breadcrumb\"},\"inLanguage\":\"fr-FR\",\"potentialAction\":[{\"@type\":\"ReadAction\",\"target\":[\"https:\/\/www.mbh.fr\/fr\/nos-bases\/annemasse\/transferts-helicoptere-vols-prives-annemasse\/\"]}]},{\"@type\":\"BreadcrumbList\",\"@id\":\"https:\/\/www.mbh.fr\/fr\/nos-bases\/annemasse\/transferts-helicoptere-vols-prives-annemasse\/#breadcrumb\",\"itemListElement\":[{\"@type\":\"ListItem\",\"position\":1,\"name\":\"Accueil\",\"item\":\"https:\/\/www.mbh.fr\/fr\/\"},{\"@type\":\"ListItem\",\"position\":2,\"name\":\"NOS BASES\",\"item\":\"https:\/\/www.mbh.fr\/fr\/nos-bases\/\"},{\"@type\":\"ListItem\",\"position\":3,\"name\":\"ANNEMASSE\",\"item\":\"https:\/\/www.mbh.fr\/fr\/nos-bases\/annemasse\/\"},{\"@type\":\"ListItem\",\"position\":4,\"name\":\"Transferts h\u00e9licopt\u00e8re &#038; vols priv\u00e9s Annemasse\"}]},{\"@type\":\"WebSite\",\"@id\":\"https:\/\/www.mbh.fr\/fr\/#website\",\"url\":\"https:\/\/www.mbh.fr\/fr\/\",\"name\":\"Mont-Blanc H\u00e9licopt\u00e8res\",\"description\":\"\",\"publisher\":{\"@id\":\"https:\/\/www.mbh.fr\/fr\/#organization\"},\"potentialAction\":[{\"@type\":\"SearchAction\",\"target\":{\"@type\":\"EntryPoint\",\"urlTemplate\":\"https:\/\/www.mbh.fr\/fr\/?s={search_term_string}\"},\"query-input\":{\"@type\":\"PropertyValueSpecification\",\"valueRequired\":true,\"valueName\":\"search_term_string\"}}],\"inLanguage\":\"fr-FR\"},{\"@type\":\"Organization\",\"@id\":\"https:\/\/www.mbh.fr\/fr\/#organization\",\"name\":\"mont blanc h\u00e9licopt\u00e8res\",\"url\":\"https:\/\/www.mbh.fr\/fr\/\",\"logo\":{\"@type\":\"ImageObject\",\"inLanguage\":\"fr-FR\",\"@id\":\"https:\/\/www.mbh.fr\/fr\/#\/schema\/logo\/image\/\",\"url\":\"\",\"contentUrl\":\"\",\"caption\":\"mont blanc h\u00e9licopt\u00e8res\"},\"image\":{\"@id\":\"https:\/\/www.mbh.fr\/fr\/#\/schema\/logo\/image\/\"},\"sameAs\":[\"https:\/\/www.facebook.com\/MontBlancHelicopteres\/\",\"https:\/\/x.com\/MBHelicopteres\",\"https:\/\/www.instagram.com\/montblanchelicopteres\/\",\"https:\/\/www.linkedin.com\/company\/715290\/\"]}]}<\/script>\n<!-- \/ Yoast SEO plugin. -->","yoast_head_json":{"title":"Transferts h\u00e9licopt\u00e8re & vols priv\u00e9s Annemasse - Mont-Blanc H\u00e9licopt\u00e8res","robots":{"index":"index","follow":"follow","max-snippet":"max-snippet:-1","max-image-preview":"max-image-preview:large","max-video-preview":"max-video-preview:-1"},"canonical":"https:\/\/www.mbh.fr\/fr\/nos-bases\/annemasse\/transferts-helicoptere-vols-prives-annemasse\/","og_locale":"fr_FR","og_type":"article","og_title":"Transferts h\u00e9licopt\u00e8re & vols priv\u00e9s Annemasse - Mont-Blanc H\u00e9licopt\u00e8res","og_description":"[vc_row bg_image=\u00a0\u00bb9467&Prime; bg_repeat=\u00a0\u00bbno-repeat\u00a0\u00bb top_padding=\u00a0\u00bb100&Prime; bottom_padding=\u00a0\u00bb100&Prime;][vc_column width=\u00a0\u00bb1\/2&Prime;][\/vc_column][vc_column bg_color=\u00a0\u00bbrgba(0,0,0,0.5)\u00a0\u00bb column_padding=\u00a0\u00bbpadding-5&Prime; column_center=\u00a0\u00bbtrue\u00a0\u00bb text_color=\u00a0\u00bblight\u00a0\u00bb width=\u00a0\u00bb1\/2&Prime;][vc_column_text] Transferts h\u00e9licopt\u00e8re &amp; vols priv\u00e9s Annemasse [\/vc_column_text][\/vc_column][\/vc_row][vc_row top_padding=\u00a0\u00bb50&Prime; bottom_padding=\u00a0\u00bb50&Prime;][vc_column width=\u00a0\u00bb1\/6&Prime;][\/vc_column][vc_column width=\u00a0\u00bb2\/3&Prime;][vc_btn title=\u00a0\u00bbRetour \u00e0 la base Annemasse\u00a0\u00bb style=\u00a0\u00bbclassic\u00a0\u00bb shape=\u00a0\u00bbsquare\u00a0\u00bb color=\u00a0\u00bbblack\u00a0\u00bb align=\u00a0\u00bbcenter\u00a0\u00bb i_icon_fontawesome=\u00a0\u00bbfas fa-undo\u00a0\u00bb add_icon=\u00a0\u00bbtrue\u00a0\u00bb link=\u00a0\u00bburl:https%3A%2F%2Fwww.mbh.fr%2Ffr%2Fnos-bases%2Fannemasse%2F|title:Annemasse\u00a0\u00bb][vc_column_text] Mont Blanc H\u00e9licopt\u00e8res Annemasse vous propose de vous faire vivre une exp\u00e9rience singuli\u00e8re en h\u00e9licopt\u00e8re. Privatisez un vol au gr\u00e9 de vos envies. Pr\u00eat au d\u00e9collage ? [\/vc_column_text][\/vc_column][vc_column width=\u00a0\u00bb1\/6&Prime;][\/vc_column][\/vc_row][vc_row][vc_column width=\u00a0\u00bb1\/1&Prime;][vc_column_text] Transferts h\u00e9licopt\u00e8res \u00e0 Annemasse [\/vc_column_text][vc_row_inner][vc_column_inner width=\u00a0\u00bb1\/2&Prime;][vc_column_text]Pour tous vos d\u00e9placements priv\u00e9s ou professionnels en France et en Europe, nos h\u00e9licopt\u00e8res sont \u00e0 votre disposition. Mont Blanc H\u00e9licopt\u00e8res Annemasse est titulaire d\u2019un certificat de transporteur a\u00e9rien CTA FR.AOC.0039. Pour tous vos d\u00e9placements priv\u00e9s ou professionnels en France et en Europe, nos h\u00e9licopt\u00e8res sont \u00e0 votre disposition. Exemple destinations : Meg\u00e8ve, Les Arcs, Courchevel, Lyon, Grenoble, Chamb\u00e9ry, Les 2 Alpes, L&rsquo;alpes d&rsquo;Huez, Val d&rsquo;Is\u00e8re, Val Thorens, Paris, Gen\u00e8ve, Monaco, Cannes, Milan, Courmayeur\u2026 Sous r\u00e9serve du respect de la r\u00e9glementation en vigueur, nous pouvons atterrir au sein m\u00eame de votre propri\u00e9t\u00e9 ! Pour vos prochains d\u00e9placements, n\u2019h\u00e9sitez pas \u00e0 nous contacter. Nous pouvons \u00e9galement atterrir au sein de votre propri\u00e9t\u00e9 ou de votre usine.[\/vc_column_text][vc_btn title=\u00a0\u00bbContactez-nous\u00a0\u00bb style=\u00a0\u00bbclassic\u00a0\u00bb shape=\u00a0\u00bbsquare\u00a0\u00bb color=\u00a0\u00bbblack\u00a0\u00bb align=\u00a0\u00bbleft\u00a0\u00bb link=\u00a0\u00bburl:https%3A%2F%2Fwww.mbh.fr%2Ffr%2Fcontact%2F|title:CONTACT\u00a0\u00bb el_class=\u00a0\u00bbbtn-contact\u00a0\u00bb css=\u00a0\u00bb.vc_custom_1645780839269{margin-top: 10px !important;}\u00a0\u00bb][vc_btn title=\u00a0\u00bbNos h\u00e9licopt\u00e8res\u00a0\u00bb style=\u00a0\u00bbclassic\u00a0\u00bb shape=\u00a0\u00bbsquare\u00a0\u00bb color=\u00a0\u00bbblack\u00a0\u00bb [&hellip;]","og_url":"https:\/\/www.mbh.fr\/fr\/nos-bases\/annemasse\/transferts-helicoptere-vols-prives-annemasse\/","og_site_name":"Mont-Blanc H\u00e9licopt\u00e8res","article_publisher":"https:\/\/www.facebook.com\/MontBlancHelicopteres\/","article_modified_time":"2023-11-06T14:31:02+00:00","twitter_card":"summary_large_image","twitter_site":"@MBHelicopteres","twitter_misc":{"Dur\u00e9e de lecture estim\u00e9e":"3 minutes"},"schema":{"@context":"https:\/\/schema.org","@graph":[{"@type":"WebPage","@id":"https:\/\/www.mbh.fr\/fr\/nos-bases\/annemasse\/transferts-helicoptere-vols-prives-annemasse\/","url":"https:\/\/www.mbh.fr\/fr\/nos-bases\/annemasse\/transferts-helicoptere-vols-prives-annemasse\/","name":"Transferts h\u00e9licopt\u00e8re & vols priv\u00e9s Annemasse - Mont-Blanc H\u00e9licopt\u00e8res","isPartOf":{"@id":"https:\/\/www.mbh.fr\/fr\/#website"},"datePublished":"2022-01-27T11:04:04+00:00","dateModified":"2023-11-06T14:31:02+00:00","breadcrumb":{"@id":"https:\/\/www.mbh.fr\/fr\/nos-bases\/annemasse\/transferts-helicoptere-vols-prives-annemasse\/#breadcrumb"},"inLanguage":"fr-FR","potentialAction":[{"@type":"ReadAction","target":["https:\/\/www.mbh.fr\/fr\/nos-bases\/annemasse\/transferts-helicoptere-vols-prives-annemasse\/"]}]},{"@type":"BreadcrumbList","@id":"https:\/\/www.mbh.fr\/fr\/nos-bases\/annemasse\/transferts-helicoptere-vols-prives-annemasse\/#breadcrumb","itemListElement":[{"@type":"ListItem","position":1,"name":"Accueil","item":"https:\/\/www.mbh.fr\/fr\/"},{"@type":"ListItem","position":2,"name":"NOS BASES","item":"https:\/\/www.mbh.fr\/fr\/nos-bases\/"},{"@type":"ListItem","position":3,"name":"ANNEMASSE","item":"https:\/\/www.mbh.fr\/fr\/nos-bases\/annemasse\/"},{"@type":"ListItem","position":4,"name":"Transferts h\u00e9licopt\u00e8re &#038; vols priv\u00e9s Annemasse"}]},{"@type":"WebSite","@id":"https:\/\/www.mbh.fr\/fr\/#website","url":"https:\/\/www.mbh.fr\/fr\/","name":"Mont-Blanc H\u00e9licopt\u00e8res","description":"","publisher":{"@id":"https:\/\/www.mbh.fr\/fr\/#organization"},"potentialAction":[{"@type":"SearchAction","target":{"@type":"EntryPoint","urlTemplate":"https:\/\/www.mbh.fr\/fr\/?s={search_term_string}"},"query-input":{"@type":"PropertyValueSpecification","valueRequired":true,"valueName":"search_term_string"}}],"inLanguage":"fr-FR"},{"@type":"Organization","@id":"https:\/\/www.mbh.fr\/fr\/#organization","name":"mont blanc h\u00e9licopt\u00e8res","url":"https:\/\/www.mbh.fr\/fr\/","logo":{"@type":"ImageObject","inLanguage":"fr-FR","@id":"https:\/\/www.mbh.fr\/fr\/#\/schema\/logo\/image\/","url":"","contentUrl":"","caption":"mont blanc h\u00e9licopt\u00e8res"},"image":{"@id":"https:\/\/www.mbh.fr\/fr\/#\/schema\/logo\/image\/"},"sameAs":["https:\/\/www.facebook.com\/MontBlancHelicopteres\/","https:\/\/x.com\/MBHelicopteres","https:\/\/www.instagram.com\/montblanchelicopteres\/","https:\/\/www.linkedin.com\/company\/715290\/"]}]}},"_links":{"self":[{"href":"https:\/\/www.mbh.fr\/fr\/wp-json\/wp\/v2\/pages\/10752","targetHints":{"allow":["GET"]}}],"collection":[{"href":"https:\/\/www.mbh.fr\/fr\/wp-json\/wp\/v2\/pages"}],"about":[{"href":"https:\/\/www.mbh.fr\/fr\/wp-json\/wp\/v2\/types\/page"}],"author":[{"embeddable":true,"href":"https:\/\/www.mbh.fr\/fr\/wp-json\/wp\/v2\/users\/7"}],"replies":[{"embeddable":true,"href":"https:\/\/www.mbh.fr\/fr\/wp-json\/wp\/v2\/comments?post=10752"}],"version-history":[{"count":6,"href":"https:\/\/www.mbh.fr\/fr\/wp-json\/wp\/v2\/pages\/10752\/revisions"}],"predecessor-version":[{"id":13629,"href":"https:\/\/www.mbh.fr\/fr\/wp-json\/wp\/v2\/pages\/10752\/revisions\/13629"}],"up":[{"embeddable":true,"href":"https:\/\/www.mbh.fr\/fr\/wp-json\/wp\/v2\/pages\/11180"}],"wp:attachment":[{"href":"https:\/\/www.mbh.fr\/fr\/wp-json\/wp\/v2\/media?parent=10752"}],"curies":[{"name":"wp","href":"https:\/\/api.w.org\/{rel}","templated":true}]}}