{"id":10753,"date":"2022-01-27T12:04:04","date_gmt":"2022-01-27T11:04:04","guid":{"rendered":"https:\/\/www.mbh.fr\/?page_id=10753"},"modified":"2025-12-04T11:48:10","modified_gmt":"2025-12-04T10:48:10","slug":"vols-touristiques-annemasse","status":"publish","type":"page","link":"https:\/\/www.mbh.fr\/fr\/nos-bases\/annemasse\/vols-touristiques-annemasse\/","title":{"rendered":"Vols touristiques Annemasse"},"content":{"rendered":"<div class=\"wpb-content-wrapper\"><p>[vc_row bg_image=\u00a0\u00bb9409&Prime; bg_repeat=\u00a0\u00bbno-repeat\u00a0\u00bb top_padding=\u00a0\u00bb100&Prime; bottom_padding=\u00a0\u00bb100&Prime;][vc_column width=\u00a0\u00bb1\/2&Prime;][\/vc_column][vc_column bg_color=\u00a0\u00bbrgba(0,0,0,0.5)\u00a0\u00bb column_padding=\u00a0\u00bbpadding-5&Prime; column_center=\u00a0\u00bbtrue\u00a0\u00bb text_color=\u00a0\u00bblight\u00a0\u00bb width=\u00a0\u00bb1\/2&Prime;][vc_column_text]<\/p>\n<div class=\"wpb_text_column wpb_content_element \">\n<div class=\"wpb_wrapper\">\n<h1 class=\"p1\">Vols touristiques <strong>Annemasse<\/strong><\/h1>\n<\/div>\n<\/div>\n<p>[\/vc_column_text][\/vc_column][\/vc_row][vc_row top_padding=\u00a0\u00bb50&Prime; bottom_padding=\u00a0\u00bb50&Prime;][vc_column width=\u00a0\u00bb1\/6&Prime;][\/vc_column][vc_column width=\u00a0\u00bb2\/3&Prime;][vc_btn title=\u00a0\u00bbRetour \u00e0 la base Annemasse\u00a0\u00bb style=\u00a0\u00bbclassic\u00a0\u00bb shape=\u00a0\u00bbsquare\u00a0\u00bb color=\u00a0\u00bbblack\u00a0\u00bb align=\u00a0\u00bbcenter\u00a0\u00bb i_icon_fontawesome=\u00a0\u00bbfas fa-undo\u00a0\u00bb add_icon=\u00a0\u00bbtrue\u00a0\u00bb link=\u00a0\u00bburl:https%3A%2F%2Fwww.mbh.fr%2Ffr%2Fnos-bases%2Fannemasse%2F|title:Annemasse\u00a0\u00bb][vc_column_text]<\/p>\n<p class=\"p1\" style=\"text-align: center;\"><span class=\"s1\">Mont Blanc H\u00e9licopt\u00e8res Annemasse vous propose de d\u00e9couvrir la terre vue du ciel \u00e0 travers diff\u00e9rents circuits en h\u00e9licopt\u00e8re. Chaque vol peut \u00eatre adapt\u00e9 en fonction de vos envies.\u00a0<\/span><\/p>\n<p class=\"p1\" style=\"text-align: center;\"><span class=\"s1\"> Pr\u00eat au d\u00e9collage ?<\/span><\/p>\n<p>[\/vc_column_text][\/vc_column][vc_column width=\u00a0\u00bb1\/6&Prime;][\/vc_column][\/vc_row][vc_row][vc_column width=\u00a0\u00bb1\/1&Prime;][vc_column_text]<\/p>\n<h2 style=\"text-align: center;\"><strong>Vols panoramiques<\/strong> Annemasse<\/h2>\n<p>[\/vc_column_text]<div class=\"newdivider align-center\" style=\"border-bottom-style: solid; border-color: #eeeeee; border-bottom-width: 4px; margin-top: 25px; margin-bottom: 25px; width: 10%; \"><\/div><div class=\"clear\"><\/div>[vc_row_inner][vc_column_inner width=\u00a0\u00bb1\/2&Prime;][vc_single_image image=\u00a0\u00bb6955&Prime; img_size=\u00a0\u00bbmedium\u00a0\u00bb onclick=\u00a0\u00bblink_image\u00a0\u00bb][\/vc_column_inner][vc_column_inner width=\u00a0\u00bb1\/2&Prime;][vc_column_text]<strong data-start=\"168\" data-end=\"344\">Offrez-vous une exp\u00e9rience a\u00e9rienne exceptionnelle, embarquez pour un vol touristique en h\u00e9licopt\u00e8re d\u2019une heure autour du Mont Blanc au d\u00e9part de l\u2019a\u00e9rodrome d\u2019Annemasse.<\/strong><\/p>\n<p>Vivez une aventure inoubliable au c\u0153ur des Alpes et contemplez depuis le ciel les paysages les plus spectaculaires du massif du Mont Blanc : glaciers majestueux, sommets mythiques, vall\u00e9es verdoyantes et panoramas alpins \u00e0 couper le souffle.<\/p>\n<p data-start=\"963\" data-end=\"1212\">D\u00e9coller depuis <strong data-start=\"979\" data-end=\"992\">Annemasse<\/strong> vous permet de survoler rapidement les premiers reliefs, avant d\u2019approcher les g\u00e9ants alpins tels que l\u2019Aiguille du Midi, la Mer de Glace ou encore le sommet embl\u00e9matique du <strong data-start=\"1167\" data-end=\"1181\">Mont Blanc<\/strong>, toit de l\u2019Europe occidentale.<\/p>\n<p data-start=\"1214\" data-end=\"1584\">Que ce soit pour un cadeau, une activit\u00e9 en couple, un moment en famille ou une exp\u00e9rience \u00e0 vivre entre amis, ce vol en h\u00e9licopt\u00e8re autour du Mont Blanc est une aventure m\u00e9morable qui restera grav\u00e9e dans les esprits. Contactez nous pour r\u00e9server d\u00e8s maintenant votre vol touristique et profitez d\u2019une exp\u00e9rience a\u00e9rienne unique au-dessus de l\u2019un des plus beaux massifs montagneux du monde.<\/p>\n<p>[\/vc_column_text][vc_btn title=\u00a0\u00bbContactez-nous\u00a0\u00bb style=\u00a0\u00bbclassic\u00a0\u00bb shape=\u00a0\u00bbsquare\u00a0\u00bb color=\u00a0\u00bbblack\u00a0\u00bb align=\u00a0\u00bbleft\u00a0\u00bb el_class=\u00a0\u00bbbtn-booking\u00a0\u00bb link=\u00a0\u00bburl:https%3A%2F%2Fwww.mbh.fr%2Ffr%2Fcontact%2F|title:CONTACT|target:_blank\u00a0\u00bb][\/vc_column_inner][\/vc_row_inner][vc_empty_space height=\u00a0\u00bb50px\u00a0\u00bb][\/vc_column][\/vc_row]<\/p>\n<\/div>","protected":false},"excerpt":{"rendered":"<p>[vc_row bg_image=\u00a0\u00bb9409&Prime; bg_repeat=\u00a0\u00bbno-repeat\u00a0\u00bb top_padding=\u00a0\u00bb100&Prime; bottom_padding=\u00a0\u00bb100&Prime;][vc_column width=\u00a0\u00bb1\/2&Prime;][\/vc_column][vc_column bg_color=\u00a0\u00bbrgba(0,0,0,0.5)\u00a0\u00bb column_padding=\u00a0\u00bbpadding-5&Prime; column_center=\u00a0\u00bbtrue\u00a0\u00bb text_color=\u00a0\u00bblight\u00a0\u00bb width=\u00a0\u00bb1\/2&Prime;][vc_column_text] Vols touristiques Annemasse [\/vc_column_text][\/vc_column][\/vc_row][vc_row top_padding=\u00a0\u00bb50&Prime; bottom_padding=\u00a0\u00bb50&Prime;][vc_column width=\u00a0\u00bb1\/6&Prime;][\/vc_column][vc_column width=\u00a0\u00bb2\/3&Prime;][vc_btn title=\u00a0\u00bbRetour \u00e0 la base Annemasse\u00a0\u00bb style=\u00a0\u00bbclassic\u00a0\u00bb shape=\u00a0\u00bbsquare\u00a0\u00bb color=\u00a0\u00bbblack\u00a0\u00bb align=\u00a0\u00bbcenter\u00a0\u00bb i_icon_fontawesome=\u00a0\u00bbfas fa-undo\u00a0\u00bb add_icon=\u00a0\u00bbtrue\u00a0\u00bb link=\u00a0\u00bburl:https%3A%2F%2Fwww.mbh.fr%2Ffr%2Fnos-bases%2Fannemasse%2F|title:Annemasse\u00a0\u00bb][vc_column_text] Mont Blanc H\u00e9licopt\u00e8res Annemasse vous propose de d\u00e9couvrir la terre vue du ciel \u00e0 travers diff\u00e9rents circuits en h\u00e9licopt\u00e8re. Chaque vol peut \u00eatre adapt\u00e9 en fonction de vos envies.\u00a0 Pr\u00eat au d\u00e9collage ? [\/vc_column_text][\/vc_column][vc_column width=\u00a0\u00bb1\/6&Prime;][\/vc_column][\/vc_row][vc_row][vc_column width=\u00a0\u00bb1\/1&Prime;][vc_column_text] Vols panoramiques Annemasse [\/vc_column_text][vc_row_inner][vc_column_inner width=\u00a0\u00bb1\/2&Prime;][vc_single_image image=\u00a0\u00bb6955&Prime; img_size=\u00a0\u00bbmedium\u00a0\u00bb onclick=\u00a0\u00bblink_image\u00a0\u00bb][\/vc_column_inner][vc_column_inner width=\u00a0\u00bb1\/2&Prime;][vc_column_text]Offrez-vous une exp\u00e9rience a\u00e9rienne exceptionnelle, embarquez pour un vol touristique en h\u00e9licopt\u00e8re d\u2019une heure autour du Mont Blanc au d\u00e9part de l\u2019a\u00e9rodrome d\u2019Annemasse. Vivez une aventure inoubliable au c\u0153ur des Alpes et contemplez depuis le ciel les paysages les plus spectaculaires du massif du Mont Blanc : glaciers majestueux, sommets mythiques, vall\u00e9es verdoyantes et panoramas alpins \u00e0 couper le souffle. D\u00e9coller depuis Annemasse vous permet de survoler rapidement les premiers reliefs, avant d\u2019approcher les g\u00e9ants alpins tels que l\u2019Aiguille du Midi, la Mer de Glace ou encore le sommet embl\u00e9matique du Mont Blanc, toit de l\u2019Europe occidentale. Que ce soit pour un cadeau, une activit\u00e9 en couple, un moment en famille ou une exp\u00e9rience \u00e0 vivre entre amis, ce vol en h\u00e9licopt\u00e8re autour du [&hellip;]<\/p>\n","protected":false},"author":7,"featured_media":0,"parent":11180,"menu_order":0,"comment_status":"closed","ping_status":"closed","template":"page-base.php","meta":{"_acf_changed":false,"footnotes":""},"class_list":["post-10753","page","type-page","status-publish","hentry"],"acf":[],"yoast_head":"<!-- This site is optimized with the Yoast SEO plugin v26.9 - https:\/\/yoast.com\/product\/yoast-seo-wordpress\/ -->\n<title>Vols touristiques Annemasse - Mont-Blanc H\u00e9licopt\u00e8res<\/title>\n<meta name=\"robots\" content=\"index, follow, max-snippet:-1, max-image-preview:large, max-video-preview:-1\" \/>\n<link rel=\"canonical\" href=\"https:\/\/www.mbh.fr\/fr\/nos-bases\/annemasse\/vols-touristiques-annemasse\/\" \/>\n<meta property=\"og:locale\" content=\"fr_FR\" \/>\n<meta property=\"og:type\" content=\"article\" \/>\n<meta property=\"og:title\" content=\"Vols touristiques Annemasse - Mont-Blanc H\u00e9licopt\u00e8res\" \/>\n<meta property=\"og:description\" content=\"[vc_row bg_image=\u00a0\u00bb9409&Prime; bg_repeat=\u00a0\u00bbno-repeat\u00a0\u00bb top_padding=\u00a0\u00bb100&Prime; bottom_padding=\u00a0\u00bb100&Prime;][vc_column width=\u00a0\u00bb1\/2&Prime;][\/vc_column][vc_column bg_color=\u00a0\u00bbrgba(0,0,0,0.5)\u00a0\u00bb column_padding=\u00a0\u00bbpadding-5&Prime; column_center=\u00a0\u00bbtrue\u00a0\u00bb text_color=\u00a0\u00bblight\u00a0\u00bb width=\u00a0\u00bb1\/2&Prime;][vc_column_text] Vols touristiques Annemasse [\/vc_column_text][\/vc_column][\/vc_row][vc_row top_padding=\u00a0\u00bb50&Prime; bottom_padding=\u00a0\u00bb50&Prime;][vc_column width=\u00a0\u00bb1\/6&Prime;][\/vc_column][vc_column width=\u00a0\u00bb2\/3&Prime;][vc_btn title=\u00a0\u00bbRetour \u00e0 la base Annemasse\u00a0\u00bb style=\u00a0\u00bbclassic\u00a0\u00bb shape=\u00a0\u00bbsquare\u00a0\u00bb color=\u00a0\u00bbblack\u00a0\u00bb align=\u00a0\u00bbcenter\u00a0\u00bb i_icon_fontawesome=\u00a0\u00bbfas fa-undo\u00a0\u00bb add_icon=\u00a0\u00bbtrue\u00a0\u00bb link=\u00a0\u00bburl:https%3A%2F%2Fwww.mbh.fr%2Ffr%2Fnos-bases%2Fannemasse%2F|title:Annemasse\u00a0\u00bb][vc_column_text] Mont Blanc H\u00e9licopt\u00e8res Annemasse vous propose de d\u00e9couvrir la terre vue du ciel \u00e0 travers diff\u00e9rents circuits en h\u00e9licopt\u00e8re. Chaque vol peut \u00eatre adapt\u00e9 en fonction de vos envies.\u00a0 Pr\u00eat au d\u00e9collage ? [\/vc_column_text][\/vc_column][vc_column width=\u00a0\u00bb1\/6&Prime;][\/vc_column][\/vc_row][vc_row][vc_column width=\u00a0\u00bb1\/1&Prime;][vc_column_text] Vols panoramiques Annemasse [\/vc_column_text][vc_row_inner][vc_column_inner width=\u00a0\u00bb1\/2&Prime;][vc_single_image image=\u00a0\u00bb6955&Prime; img_size=\u00a0\u00bbmedium\u00a0\u00bb onclick=\u00a0\u00bblink_image\u00a0\u00bb][\/vc_column_inner][vc_column_inner width=\u00a0\u00bb1\/2&Prime;][vc_column_text]Offrez-vous une exp\u00e9rience a\u00e9rienne exceptionnelle, embarquez pour un vol touristique en h\u00e9licopt\u00e8re d\u2019une heure autour du Mont Blanc au d\u00e9part de l\u2019a\u00e9rodrome d\u2019Annemasse. Vivez une aventure inoubliable au c\u0153ur des Alpes et contemplez depuis le ciel les paysages les plus spectaculaires du massif du Mont Blanc : glaciers majestueux, sommets mythiques, vall\u00e9es verdoyantes et panoramas alpins \u00e0 couper le souffle. D\u00e9coller depuis Annemasse vous permet de survoler rapidement les premiers reliefs, avant d\u2019approcher les g\u00e9ants alpins tels que l\u2019Aiguille du Midi, la Mer de Glace ou encore le sommet embl\u00e9matique du Mont Blanc, toit de l\u2019Europe occidentale. Que ce soit pour un cadeau, une activit\u00e9 en couple, un moment en famille ou une exp\u00e9rience \u00e0 vivre entre amis, ce vol en h\u00e9licopt\u00e8re autour du [&hellip;]\" \/>\n<meta property=\"og:url\" content=\"https:\/\/www.mbh.fr\/fr\/nos-bases\/annemasse\/vols-touristiques-annemasse\/\" \/>\n<meta property=\"og:site_name\" content=\"Mont-Blanc H\u00e9licopt\u00e8res\" \/>\n<meta property=\"article:publisher\" content=\"https:\/\/www.facebook.com\/MontBlancHelicopteres\/\" \/>\n<meta property=\"article:modified_time\" content=\"2025-12-04T10:48:10+00:00\" \/>\n<meta name=\"twitter:card\" content=\"summary_large_image\" \/>\n<meta name=\"twitter:site\" content=\"@MBHelicopteres\" \/>\n<meta name=\"twitter:label1\" content=\"Dur\u00e9e de lecture estim\u00e9e\" \/>\n\t<meta name=\"twitter:data1\" content=\"2 minutes\" \/>\n<script type=\"application\/ld+json\" class=\"yoast-schema-graph\">{\"@context\":\"https:\/\/schema.org\",\"@graph\":[{\"@type\":\"WebPage\",\"@id\":\"https:\/\/www.mbh.fr\/fr\/nos-bases\/annemasse\/vols-touristiques-annemasse\/\",\"url\":\"https:\/\/www.mbh.fr\/fr\/nos-bases\/annemasse\/vols-touristiques-annemasse\/\",\"name\":\"Vols touristiques Annemasse - Mont-Blanc H\u00e9licopt\u00e8res\",\"isPartOf\":{\"@id\":\"https:\/\/www.mbh.fr\/fr\/#website\"},\"datePublished\":\"2022-01-27T11:04:04+00:00\",\"dateModified\":\"2025-12-04T10:48:10+00:00\",\"breadcrumb\":{\"@id\":\"https:\/\/www.mbh.fr\/fr\/nos-bases\/annemasse\/vols-touristiques-annemasse\/#breadcrumb\"},\"inLanguage\":\"fr-FR\",\"potentialAction\":[{\"@type\":\"ReadAction\",\"target\":[\"https:\/\/www.mbh.fr\/fr\/nos-bases\/annemasse\/vols-touristiques-annemasse\/\"]}]},{\"@type\":\"BreadcrumbList\",\"@id\":\"https:\/\/www.mbh.fr\/fr\/nos-bases\/annemasse\/vols-touristiques-annemasse\/#breadcrumb\",\"itemListElement\":[{\"@type\":\"ListItem\",\"position\":1,\"name\":\"Accueil\",\"item\":\"https:\/\/www.mbh.fr\/fr\/\"},{\"@type\":\"ListItem\",\"position\":2,\"name\":\"NOS BASES\",\"item\":\"https:\/\/www.mbh.fr\/fr\/nos-bases\/\"},{\"@type\":\"ListItem\",\"position\":3,\"name\":\"ANNEMASSE\",\"item\":\"https:\/\/www.mbh.fr\/fr\/nos-bases\/annemasse\/\"},{\"@type\":\"ListItem\",\"position\":4,\"name\":\"Vols touristiques Annemasse\"}]},{\"@type\":\"WebSite\",\"@id\":\"https:\/\/www.mbh.fr\/fr\/#website\",\"url\":\"https:\/\/www.mbh.fr\/fr\/\",\"name\":\"Mont-Blanc H\u00e9licopt\u00e8res\",\"description\":\"\",\"publisher\":{\"@id\":\"https:\/\/www.mbh.fr\/fr\/#organization\"},\"potentialAction\":[{\"@type\":\"SearchAction\",\"target\":{\"@type\":\"EntryPoint\",\"urlTemplate\":\"https:\/\/www.mbh.fr\/fr\/?s={search_term_string}\"},\"query-input\":{\"@type\":\"PropertyValueSpecification\",\"valueRequired\":true,\"valueName\":\"search_term_string\"}}],\"inLanguage\":\"fr-FR\"},{\"@type\":\"Organization\",\"@id\":\"https:\/\/www.mbh.fr\/fr\/#organization\",\"name\":\"mont blanc h\u00e9licopt\u00e8res\",\"url\":\"https:\/\/www.mbh.fr\/fr\/\",\"logo\":{\"@type\":\"ImageObject\",\"inLanguage\":\"fr-FR\",\"@id\":\"https:\/\/www.mbh.fr\/fr\/#\/schema\/logo\/image\/\",\"url\":\"\",\"contentUrl\":\"\",\"caption\":\"mont blanc h\u00e9licopt\u00e8res\"},\"image\":{\"@id\":\"https:\/\/www.mbh.fr\/fr\/#\/schema\/logo\/image\/\"},\"sameAs\":[\"https:\/\/www.facebook.com\/MontBlancHelicopteres\/\",\"https:\/\/x.com\/MBHelicopteres\",\"https:\/\/www.instagram.com\/montblanchelicopteres\/\",\"https:\/\/www.linkedin.com\/company\/715290\/\"]}]}<\/script>\n<!-- \/ Yoast SEO plugin. -->","yoast_head_json":{"title":"Vols touristiques Annemasse - Mont-Blanc H\u00e9licopt\u00e8res","robots":{"index":"index","follow":"follow","max-snippet":"max-snippet:-1","max-image-preview":"max-image-preview:large","max-video-preview":"max-video-preview:-1"},"canonical":"https:\/\/www.mbh.fr\/fr\/nos-bases\/annemasse\/vols-touristiques-annemasse\/","og_locale":"fr_FR","og_type":"article","og_title":"Vols touristiques Annemasse - Mont-Blanc H\u00e9licopt\u00e8res","og_description":"[vc_row bg_image=\u00a0\u00bb9409&Prime; bg_repeat=\u00a0\u00bbno-repeat\u00a0\u00bb top_padding=\u00a0\u00bb100&Prime; bottom_padding=\u00a0\u00bb100&Prime;][vc_column width=\u00a0\u00bb1\/2&Prime;][\/vc_column][vc_column bg_color=\u00a0\u00bbrgba(0,0,0,0.5)\u00a0\u00bb column_padding=\u00a0\u00bbpadding-5&Prime; column_center=\u00a0\u00bbtrue\u00a0\u00bb text_color=\u00a0\u00bblight\u00a0\u00bb width=\u00a0\u00bb1\/2&Prime;][vc_column_text] Vols touristiques Annemasse [\/vc_column_text][\/vc_column][\/vc_row][vc_row top_padding=\u00a0\u00bb50&Prime; bottom_padding=\u00a0\u00bb50&Prime;][vc_column width=\u00a0\u00bb1\/6&Prime;][\/vc_column][vc_column width=\u00a0\u00bb2\/3&Prime;][vc_btn title=\u00a0\u00bbRetour \u00e0 la base Annemasse\u00a0\u00bb style=\u00a0\u00bbclassic\u00a0\u00bb shape=\u00a0\u00bbsquare\u00a0\u00bb color=\u00a0\u00bbblack\u00a0\u00bb align=\u00a0\u00bbcenter\u00a0\u00bb i_icon_fontawesome=\u00a0\u00bbfas fa-undo\u00a0\u00bb add_icon=\u00a0\u00bbtrue\u00a0\u00bb link=\u00a0\u00bburl:https%3A%2F%2Fwww.mbh.fr%2Ffr%2Fnos-bases%2Fannemasse%2F|title:Annemasse\u00a0\u00bb][vc_column_text] Mont Blanc H\u00e9licopt\u00e8res Annemasse vous propose de d\u00e9couvrir la terre vue du ciel \u00e0 travers diff\u00e9rents circuits en h\u00e9licopt\u00e8re. Chaque vol peut \u00eatre adapt\u00e9 en fonction de vos envies.\u00a0 Pr\u00eat au d\u00e9collage ? [\/vc_column_text][\/vc_column][vc_column width=\u00a0\u00bb1\/6&Prime;][\/vc_column][\/vc_row][vc_row][vc_column width=\u00a0\u00bb1\/1&Prime;][vc_column_text] Vols panoramiques Annemasse [\/vc_column_text][vc_row_inner][vc_column_inner width=\u00a0\u00bb1\/2&Prime;][vc_single_image image=\u00a0\u00bb6955&Prime; img_size=\u00a0\u00bbmedium\u00a0\u00bb onclick=\u00a0\u00bblink_image\u00a0\u00bb][\/vc_column_inner][vc_column_inner width=\u00a0\u00bb1\/2&Prime;][vc_column_text]Offrez-vous une exp\u00e9rience a\u00e9rienne exceptionnelle, embarquez pour un vol touristique en h\u00e9licopt\u00e8re d\u2019une heure autour du Mont Blanc au d\u00e9part de l\u2019a\u00e9rodrome d\u2019Annemasse. Vivez une aventure inoubliable au c\u0153ur des Alpes et contemplez depuis le ciel les paysages les plus spectaculaires du massif du Mont Blanc : glaciers majestueux, sommets mythiques, vall\u00e9es verdoyantes et panoramas alpins \u00e0 couper le souffle. D\u00e9coller depuis Annemasse vous permet de survoler rapidement les premiers reliefs, avant d\u2019approcher les g\u00e9ants alpins tels que l\u2019Aiguille du Midi, la Mer de Glace ou encore le sommet embl\u00e9matique du Mont Blanc, toit de l\u2019Europe occidentale. Que ce soit pour un cadeau, une activit\u00e9 en couple, un moment en famille ou une exp\u00e9rience \u00e0 vivre entre amis, ce vol en h\u00e9licopt\u00e8re autour du [&hellip;]","og_url":"https:\/\/www.mbh.fr\/fr\/nos-bases\/annemasse\/vols-touristiques-annemasse\/","og_site_name":"Mont-Blanc H\u00e9licopt\u00e8res","article_publisher":"https:\/\/www.facebook.com\/MontBlancHelicopteres\/","article_modified_time":"2025-12-04T10:48:10+00:00","twitter_card":"summary_large_image","twitter_site":"@MBHelicopteres","twitter_misc":{"Dur\u00e9e de lecture estim\u00e9e":"2 minutes"},"schema":{"@context":"https:\/\/schema.org","@graph":[{"@type":"WebPage","@id":"https:\/\/www.mbh.fr\/fr\/nos-bases\/annemasse\/vols-touristiques-annemasse\/","url":"https:\/\/www.mbh.fr\/fr\/nos-bases\/annemasse\/vols-touristiques-annemasse\/","name":"Vols touristiques Annemasse - Mont-Blanc H\u00e9licopt\u00e8res","isPartOf":{"@id":"https:\/\/www.mbh.fr\/fr\/#website"},"datePublished":"2022-01-27T11:04:04+00:00","dateModified":"2025-12-04T10:48:10+00:00","breadcrumb":{"@id":"https:\/\/www.mbh.fr\/fr\/nos-bases\/annemasse\/vols-touristiques-annemasse\/#breadcrumb"},"inLanguage":"fr-FR","potentialAction":[{"@type":"ReadAction","target":["https:\/\/www.mbh.fr\/fr\/nos-bases\/annemasse\/vols-touristiques-annemasse\/"]}]},{"@type":"BreadcrumbList","@id":"https:\/\/www.mbh.fr\/fr\/nos-bases\/annemasse\/vols-touristiques-annemasse\/#breadcrumb","itemListElement":[{"@type":"ListItem","position":1,"name":"Accueil","item":"https:\/\/www.mbh.fr\/fr\/"},{"@type":"ListItem","position":2,"name":"NOS BASES","item":"https:\/\/www.mbh.fr\/fr\/nos-bases\/"},{"@type":"ListItem","position":3,"name":"ANNEMASSE","item":"https:\/\/www.mbh.fr\/fr\/nos-bases\/annemasse\/"},{"@type":"ListItem","position":4,"name":"Vols touristiques Annemasse"}]},{"@type":"WebSite","@id":"https:\/\/www.mbh.fr\/fr\/#website","url":"https:\/\/www.mbh.fr\/fr\/","name":"Mont-Blanc H\u00e9licopt\u00e8res","description":"","publisher":{"@id":"https:\/\/www.mbh.fr\/fr\/#organization"},"potentialAction":[{"@type":"SearchAction","target":{"@type":"EntryPoint","urlTemplate":"https:\/\/www.mbh.fr\/fr\/?s={search_term_string}"},"query-input":{"@type":"PropertyValueSpecification","valueRequired":true,"valueName":"search_term_string"}}],"inLanguage":"fr-FR"},{"@type":"Organization","@id":"https:\/\/www.mbh.fr\/fr\/#organization","name":"mont blanc h\u00e9licopt\u00e8res","url":"https:\/\/www.mbh.fr\/fr\/","logo":{"@type":"ImageObject","inLanguage":"fr-FR","@id":"https:\/\/www.mbh.fr\/fr\/#\/schema\/logo\/image\/","url":"","contentUrl":"","caption":"mont blanc h\u00e9licopt\u00e8res"},"image":{"@id":"https:\/\/www.mbh.fr\/fr\/#\/schema\/logo\/image\/"},"sameAs":["https:\/\/www.facebook.com\/MontBlancHelicopteres\/","https:\/\/x.com\/MBHelicopteres","https:\/\/www.instagram.com\/montblanchelicopteres\/","https:\/\/www.linkedin.com\/company\/715290\/"]}]}},"_links":{"self":[{"href":"https:\/\/www.mbh.fr\/fr\/wp-json\/wp\/v2\/pages\/10753","targetHints":{"allow":["GET"]}}],"collection":[{"href":"https:\/\/www.mbh.fr\/fr\/wp-json\/wp\/v2\/pages"}],"about":[{"href":"https:\/\/www.mbh.fr\/fr\/wp-json\/wp\/v2\/types\/page"}],"author":[{"embeddable":true,"href":"https:\/\/www.mbh.fr\/fr\/wp-json\/wp\/v2\/users\/7"}],"replies":[{"embeddable":true,"href":"https:\/\/www.mbh.fr\/fr\/wp-json\/wp\/v2\/comments?post=10753"}],"version-history":[{"count":5,"href":"https:\/\/www.mbh.fr\/fr\/wp-json\/wp\/v2\/pages\/10753\/revisions"}],"predecessor-version":[{"id":14479,"href":"https:\/\/www.mbh.fr\/fr\/wp-json\/wp\/v2\/pages\/10753\/revisions\/14479"}],"up":[{"embeddable":true,"href":"https:\/\/www.mbh.fr\/fr\/wp-json\/wp\/v2\/pages\/11180"}],"wp:attachment":[{"href":"https:\/\/www.mbh.fr\/fr\/wp-json\/wp\/v2\/media?parent=10753"}],"curies":[{"name":"wp","href":"https:\/\/api.w.org\/{rel}","templated":true}]}}