{"id":11262,"date":"2022-02-28T10:21:39","date_gmt":"2022-02-28T09:21:39","guid":{"rendered":"https:\/\/www.mbh.fr\/?page_id=11262"},"modified":"2023-08-07T10:37:00","modified_gmt":"2023-08-07T08:37:00","slug":"gap","status":"publish","type":"page","link":"https:\/\/www.mbh.fr\/fr\/nos-bases\/gap\/","title":{"rendered":"GAP"},"content":{"rendered":"<div class=\"wpb-content-wrapper\"><p>[vc_row type=\u00a0\u00bbfull_width_section\u00a0\u00bb bg_image=\u00a0\u00bb11007&Prime; top_padding=\u00a0\u00bb200&Prime; bottom_padding=\u00a0\u00bb200&Prime;][vc_column width=\u00a0\u00bb1\/1&Prime;][\/vc_column][\/vc_row][vc_row top_padding=\u00a0\u00bb50&Prime; bottom_padding=\u00a0\u00bb50&Prime; class=\u00a0\u00bbbase-content\u00a0\u00bb][vc_column width=\u00a0\u00bb2\/3&Prime;][vc_column_text]<\/p>\n<h1 class=\"p1\">Vols H\u00e9licopt\u00e8re <strong>au d\u00e9part de Gap<\/strong><\/h1>\n<p>[\/vc_column_text][vc_column_text]<\/p>\n<h2>Survolez le Lac de Serre-Pon\u00e7on et ses montagnes<\/h2>\n<p>[\/vc_column_text]<div class=\"newdivider align-left\" style=\"border-bottom-style: solid; border-color: #eeeeee; border-bottom-width: 4px; margin-top: 25px; margin-bottom: 25px; width: 10%; \"><\/div><div class=\"clear\"><\/div>[vc_row_inner][vc_column_inner width=\u00a0\u00bb2\/3&Prime;][vc_column_text]Au d\u00e9part de Gap, vivez une exp\u00e9rience inoubliable lors d&rsquo;un vol panoramique. D\u00e9couvrez l&rsquo;eau turquoise du lac de Serre-Pon\u00e7on depuis le ciel, entour\u00e9 du vert des arbres et du gris des sommets environnant.<\/p>\n<p>Profitez \u00e9galement de nos services de transferts en h\u00e9licopt\u00e8re vers ou depuis la ville de Gap.[\/vc_column_text][\/vc_column_inner][vc_column_inner width=\u00a0\u00bb1\/3&Prime;][vc_single_image image=\u00a0\u00bb7168&Prime; img_size=\u00a0\u00bbmedium\u00a0\u00bb alignment=\u00a0\u00bbcenter\u00a0\u00bb el_id=\u00a0\u00bbbase-logo\u00a0\u00bb][\/vc_column_inner][\/vc_row_inner][\/vc_column][vc_column width=\u00a0\u00bb1\/3&Prime;]<div class=\"minti_boxedholder   clearfix\" style=\"padding: 20px; margin: 0px 0px 20px 0px; background-color: #f8f8f8; border-width: 1; border-color: #eeeeee; \">[vc_column_text]<strong>A\u00e9rodrome GAP TALLARD<\/strong><br \/>\nA\u00e9ropole BP1 \u2013 05130 TALLARD[\/vc_column_text][vc_btn title=\u00a0\u00bbGoogle Map\u00a0\u00bb style=\u00a0\u00bbclassic\u00a0\u00bb shape=\u00a0\u00bbsquare\u00a0\u00bb color=\u00a0\u00bbwhite\u00a0\u00bb size=\u00a0\u00bbsm\u00a0\u00bb align=\u00a0\u00bbleft\u00a0\u00bb i_icon_fontawesome=\u00a0\u00bbfar fa-map\u00a0\u00bb add_icon=\u00a0\u00bbtrue\u00a0\u00bb link=\u00a0\u00bburl:https%3A%2F%2Fgoo.gl%2Fmaps%2FKkQ23eKzacp||target:%20_blank|\u00a0\u00bb css=\u00a0\u00bb.vc_custom_1585641123159{margin-bottom: 10px !important;}\u00a0\u00bb][vc_btn title=\u00a0\u00bb+33 4 92 54 09 00 ( Linda)\u00a0\u00bb style=\u00a0\u00bbclassic\u00a0\u00bb shape=\u00a0\u00bbsquare\u00a0\u00bb color=\u00a0\u00bbwhite\u00a0\u00bb size=\u00a0\u00bbsm\u00a0\u00bb i_icon_fontawesome=\u00a0\u00bbfas fa-phone\u00a0\u00bb add_icon=\u00a0\u00bbtrue\u00a0\u00bb link=\u00a0\u00bburl:tel%3A0492540900|||\u00a0\u00bb css=\u00a0\u00bb.vc_custom_1585641143932{margin-bottom: 10px !important;}\u00a0\u00bb][vc_btn title=\u00a0\u00bbgap@hdf.fr\u00a0\u00bb style=\u00a0\u00bbclassic\u00a0\u00bb shape=\u00a0\u00bbsquare\u00a0\u00bb color=\u00a0\u00bbwhite\u00a0\u00bb size=\u00a0\u00bbsm\u00a0\u00bb align=\u00a0\u00bbleft\u00a0\u00bb i_icon_fontawesome=\u00a0\u00bbfar fa-envelope\u00a0\u00bb add_icon=\u00a0\u00bbtrue\u00a0\u00bb link=\u00a0\u00bburl:mailto%3Agap%40hdf.fr|||\u00a0\u00bb css=\u00a0\u00bb.vc_custom_1599646079942{margin-bottom: 0px !important;}\u00a0\u00bb]<\/div><div class=\"minti_boxedholder specs color-light clearfix\" style=\"padding: 20px; margin: 50px 0 0 0; background-color: #0a0a0a; border-color: #f8f8f8; \">[vc_column_text]<\/p>\n<h3>H\u00e9licopt\u00e8res<\/h3>\n<p>[\/vc_column_text]<div class=\"minti_list wpb_content_element color-grey circlearrow show_separator\" style=\"\">\n<ul>\n<li class=\"\">Mono Turbine : <a href=\"https:\/\/www.mbh.fr\/flotte\">AS350<\/a><\/li>\n<li class=\"\">Bi Turbine : <a href=\"https:\/\/www.mbh.fr\/flotte\">AS355N<\/a>, <a href=\"https:\/\/www.mbh.fr\/flotte\">EC135<\/a><\/li>\n<\/ul>\n<\/div><\/div>[\/vc_column][\/vc_row][vc_row][vc_column width=\u00a0\u00bb1\/2&Prime;]<a href=\"https:\/\/www.mbh.fr\/fr\/nos-bases\/gap\/transferts-helicoptere-vols-prives-gap\/\" target=\"_self\" class=\"catimage wpb_content_element color-light\" style=\"height: 300px;;\">\n\t\t\t<span style=\"background-image: url(https:\/\/www.mbh.fr\/wp-content\/uploads\/2020\/03\/Couverture-alt-helicoptere-gap-tarmac-1-scaled.jpg); height: 300px;;\"><\/span>\n\t\t\t<div class=\"catimage-overlay clearfix\" style=\"height: 300px;;\">\n\t\t\t\t<div class=\"catimage-text\">Transferts h\u00e9licopt\u00e8re &amp; vols priv\u00e9s Gap<\/div>\n\t\t\t<\/div><\/a>[\/vc_column][vc_column width=\u00a0\u00bb1\/2&Prime;]<a href=\"https:\/\/www.mbh.fr\/fr\/nos-bases\/gap\/vols-touristiques-gap\/\" target=\"_self\" class=\"catimage wpb_content_element color-light\" style=\"height: 300px;;\">\n\t\t\t<span style=\"background-image: url(https:\/\/www.mbh.fr\/wp-content\/uploads\/2022\/03\/IMG_3619-scaled.jpg); height: 300px;;\"><\/span>\n\t\t\t<div class=\"catimage-overlay clearfix\" style=\"height: 300px;;\">\n\t\t\t\t<div class=\"catimage-text\">Vols panoramiques Gap<\/div>\n\t\t\t<\/div><\/a>[\/vc_column][\/vc_row][vc_row][vc_column width=\u00a0\u00bb1\/1&Prime;][vc_empty_space height=\u00a0\u00bb50px\u00a0\u00bb]<div class=\"newdivider align-center\" style=\"border-bottom-style: solid; border-color: #eeeeee; border-bottom-width: 4px; margin-top: 25px; margin-bottom: 25px; width: 10%; \"><\/div><div class=\"clear\"><\/div>[vc_column_text]<\/p>\n<h2 style=\"text-align: center;\"><strong>R\u00e9servez votre vol<\/strong> au d\u00e9part de Gap<\/h2>\n<p>[\/vc_column_text][vc_empty_space height=\u00a0\u00bb25px\u00a0\u00bb][vc_btn title=\u00a0\u00bbNous contacter\u00a0\u00bb shape=\u00a0\u00bbsquare\u00a0\u00bb color=\u00a0\u00bbblack\u00a0\u00bb align=\u00a0\u00bbcenter\u00a0\u00bb i_align=\u00a0\u00bbright\u00a0\u00bb i_icon_fontawesome=\u00a0\u00bbfas fa-sign-out-alt\u00a0\u00bb add_icon=\u00a0\u00bbtrue\u00a0\u00bb link=\u00a0\u00bburl:https%3A%2F%2Fwww.mbh.fr%2Ffr%2Fcontact%2F%3Frecipient%3DGap\u00a0\u00bb]<div class=\"newdivider align-center\" style=\"border-bottom-style: solid; border-color: #eeeeee; border-bottom-width: 4px; margin-top: 25px; margin-bottom: 25px; width: 10%; \"><\/div><div class=\"clear\"><\/div>[\/vc_column][\/vc_row][vc_row top_padding=\u00a0\u00bb50&Prime; bottom_padding=\u00a0\u00bb50&Prime;][vc_column width=\u00a0\u00bb2\/3&Prime;][vc_gmaps link=\u00a0\u00bb#E-8_JTNDaWZyYW1lJTIwc3JjJTNEJTIyaHR0cHMlM0ElMkYlMkZ3d3cuZ29vZ2xlLmNvbSUyRm1hcHMlMkZlbWJlZCUzRnBiJTNEJTIxMW0xNCUyMTFtOCUyMTFtMyUyMTFkMjg0Ny45Mzc5ODIyNzM5NDI1JTIxMmQ2LjAzMTY4NDklMjEzZDQ0LjQ1NDk0MjklMjEzbTIlMjExaTEwMjQlMjEyaTc2OCUyMTRmMTMuMSUyMTNtMyUyMTFtMiUyMTFzMHgxMmNiMTM3MDUxZDI3ZGNmJTI1M0EweDExZWJmMWE3YzE2NzlkOWElMjEyc0ElMjVDMyUyNUE5cm9kcm9tZSUyQmRlJTJCR2FwJTJCVGFsbGFyZCUyMTVlMCUyMTNtMiUyMTFzZnIlMjEyc2ZyJTIxNHYxNTYyNjYxMDI1NTQwJTIxNW0yJTIxMXNmciUyMTJzZnIlMjIlMjB3aWR0aCUzRCUyMjYwMCUyMiUyMGhlaWdodCUzRCUyMjQ1MCUyMiUyMGZyYW1lYm9yZGVyJTNEJTIyMCUyMiUyMHN0eWxlJTNEJTIyYm9yZGVyJTNBMCUyMiUyMGFsbG93ZnVsbHNjcmVlbiUzRSUzQyUyRmlmcmFtZSUzRQ==\u00a0\u00bb][\/vc_column][vc_column width=\u00a0\u00bb1\/3&Prime;][vc_btn title=\u00a0\u00bbMeteo\u00a0\u00bb style=\u00a0\u00bbclassic\u00a0\u00bb shape=\u00a0\u00bbsquare\u00a0\u00bb color=\u00a0\u00bbwhite\u00a0\u00bb size=\u00a0\u00bbsm\u00a0\u00bb align=\u00a0\u00bbleft\u00a0\u00bb i_icon_fontawesome=\u00a0\u00bbfas fa-sun\u00a0\u00bb button_block=\u00a0\u00bbtrue\u00a0\u00bb add_icon=\u00a0\u00bbtrue\u00a0\u00bb link=\u00a0\u00bburl:http%3A%2F%2Fwww.meteofrance.com%2Fprevisions-meteo-france%2Ftallard%2F05130||target:%20_blank|\u00a0\u00bb css=\u00a0\u00bb.vc_custom_1585643024828{margin-bottom: 10px !important;}\u00a0\u00bb][vc_btn title=\u00a0\u00bbPilot Map\u00a0\u00bb style=\u00a0\u00bbclassic\u00a0\u00bb shape=\u00a0\u00bbsquare\u00a0\u00bb color=\u00a0\u00bbwhite\u00a0\u00bb size=\u00a0\u00bbsm\u00a0\u00bb align=\u00a0\u00bbleft\u00a0\u00bb i_icon_fontawesome=\u00a0\u00bbfar fa-map\u00a0\u00bb button_block=\u00a0\u00bbtrue\u00a0\u00bb add_icon=\u00a0\u00bbtrue\u00a0\u00bb link=\u00a0\u00bburl:http%3A%2F%2Fwww.mbh.fr%2Fwp-content%2Fuploads%2F2017%2F11%2FAD-2.LFNA-gap-tallard.pdf||target:%20_blank|\u00a0\u00bb css=\u00a0\u00bb.vc_custom_1585643045761{margin-bottom: 10px !important;}\u00a0\u00bb][vc_btn title=\u00a0\u00bbWebsite\u00a0\u00bb style=\u00a0\u00bbclassic\u00a0\u00bb shape=\u00a0\u00bbsquare\u00a0\u00bb color=\u00a0\u00bbwhite\u00a0\u00bb size=\u00a0\u00bbsm\u00a0\u00bb align=\u00a0\u00bbleft\u00a0\u00bb i_icon_fontawesome=\u00a0\u00bbfas fa-external-link-alt\u00a0\u00bb button_block=\u00a0\u00bbtrue\u00a0\u00bb add_icon=\u00a0\u00bbtrue\u00a0\u00bb link=\u00a0\u00bburl:http%3A%2F%2Fwww.hdf.fr%2Ffr%2Fwelcome||target:%20_blank|\u00a0\u00bb css=\u00a0\u00bb.vc_custom_1585643059012{margin-bottom: 10px !important;}\u00a0\u00bb][\/vc_column][\/vc_row]<\/p>\n<\/div>","protected":false},"excerpt":{"rendered":"<p>[vc_row type=\u00a0\u00bbfull_width_section\u00a0\u00bb bg_image=\u00a0\u00bb11007&Prime; top_padding=\u00a0\u00bb200&Prime; bottom_padding=\u00a0\u00bb200&Prime;][vc_column width=\u00a0\u00bb1\/1&Prime;][\/vc_column][\/vc_row][vc_row top_padding=\u00a0\u00bb50&Prime; bottom_padding=\u00a0\u00bb50&Prime; class=\u00a0\u00bbbase-content\u00a0\u00bb][vc_column width=\u00a0\u00bb2\/3&Prime;][vc_column_text] Vols H\u00e9licopt\u00e8re au d\u00e9part de Gap [\/vc_column_text][vc_column_text] Survolez le Lac de Serre-Pon\u00e7on et ses montagnes [\/vc_column_text][vc_row_inner][vc_column_inner width=\u00a0\u00bb2\/3&Prime;][vc_column_text]Au d\u00e9part de Gap, vivez une exp\u00e9rience inoubliable lors d&rsquo;un vol panoramique. D\u00e9couvrez l&rsquo;eau turquoise du lac de Serre-Pon\u00e7on depuis le ciel, entour\u00e9 du vert des arbres et du gris des sommets environnant. Profitez \u00e9galement de nos services de transferts en h\u00e9licopt\u00e8re vers ou depuis la ville de Gap.[\/vc_column_text][\/vc_column_inner][vc_column_inner width=\u00a0\u00bb1\/3&Prime;][vc_single_image image=\u00a0\u00bb7168&Prime; img_size=\u00a0\u00bbmedium\u00a0\u00bb alignment=\u00a0\u00bbcenter\u00a0\u00bb el_id=\u00a0\u00bbbase-logo\u00a0\u00bb][\/vc_column_inner][\/vc_row_inner][\/vc_column][vc_column width=\u00a0\u00bb1\/3&Prime;][\/vc_column][\/vc_row][vc_row][vc_column width=\u00a0\u00bb1\/2&Prime;][\/vc_column][vc_column width=\u00a0\u00bb1\/2&Prime;][\/vc_column][\/vc_row][vc_row][vc_column width=\u00a0\u00bb1\/1&Prime;][vc_empty_space height=\u00a0\u00bb50px\u00a0\u00bb][vc_column_text] R\u00e9servez votre vol au d\u00e9part de Gap [\/vc_column_text][vc_empty_space height=\u00a0\u00bb25px\u00a0\u00bb][vc_btn title=\u00a0\u00bbNous contacter\u00a0\u00bb shape=\u00a0\u00bbsquare\u00a0\u00bb color=\u00a0\u00bbblack\u00a0\u00bb align=\u00a0\u00bbcenter\u00a0\u00bb i_align=\u00a0\u00bbright\u00a0\u00bb i_icon_fontawesome=\u00a0\u00bbfas fa-sign-out-alt\u00a0\u00bb add_icon=\u00a0\u00bbtrue\u00a0\u00bb link=\u00a0\u00bburl:https%3A%2F%2Fwww.mbh.fr%2Ffr%2Fcontact%2F%3Frecipient%3DGap\u00a0\u00bb][\/vc_column][\/vc_row][vc_row top_padding=\u00a0\u00bb50&Prime; bottom_padding=\u00a0\u00bb50&Prime;][vc_column width=\u00a0\u00bb2\/3&Prime;][vc_gmaps link=\u00a0\u00bb#E-8_JTNDaWZyYW1lJTIwc3JjJTNEJTIyaHR0cHMlM0ElMkYlMkZ3d3cuZ29vZ2xlLmNvbSUyRm1hcHMlMkZlbWJlZCUzRnBiJTNEJTIxMW0xNCUyMTFtOCUyMTFtMyUyMTFkMjg0Ny45Mzc5ODIyNzM5NDI1JTIxMmQ2LjAzMTY4NDklMjEzZDQ0LjQ1NDk0MjklMjEzbTIlMjExaTEwMjQlMjEyaTc2OCUyMTRmMTMuMSUyMTNtMyUyMTFtMiUyMTFzMHgxMmNiMTM3MDUxZDI3ZGNmJTI1M0EweDExZWJmMWE3YzE2NzlkOWElMjEyc0ElMjVDMyUyNUE5cm9kcm9tZSUyQmRlJTJCR2FwJTJCVGFsbGFyZCUyMTVlMCUyMTNtMiUyMTFzZnIlMjEyc2ZyJTIxNHYxNTYyNjYxMDI1NTQwJTIxNW0yJTIxMXNmciUyMTJzZnIlMjIlMjB3aWR0aCUzRCUyMjYwMCUyMiUyMGhlaWdodCUzRCUyMjQ1MCUyMiUyMGZyYW1lYm9yZGVyJTNEJTIyMCUyMiUyMHN0eWxlJTNEJTIyYm9yZGVyJTNBMCUyMiUyMGFsbG93ZnVsbHNjcmVlbiUzRSUzQyUyRmlmcmFtZSUzRQ==\u00a0\u00bb][\/vc_column][vc_column width=\u00a0\u00bb1\/3&Prime;][vc_btn title=\u00a0\u00bbMeteo\u00a0\u00bb style=\u00a0\u00bbclassic\u00a0\u00bb shape=\u00a0\u00bbsquare\u00a0\u00bb color=\u00a0\u00bbwhite\u00a0\u00bb size=\u00a0\u00bbsm\u00a0\u00bb align=\u00a0\u00bbleft\u00a0\u00bb i_icon_fontawesome=\u00a0\u00bbfas fa-sun\u00a0\u00bb button_block=\u00a0\u00bbtrue\u00a0\u00bb add_icon=\u00a0\u00bbtrue\u00a0\u00bb link=\u00a0\u00bburl:http%3A%2F%2Fwww.meteofrance.com%2Fprevisions-meteo-france%2Ftallard%2F05130||target:%20_blank|\u00a0\u00bb css=\u00a0\u00bb.vc_custom_1585643024828{margin-bottom: 10px !important;}\u00a0\u00bb][vc_btn title=\u00a0\u00bbPilot Map\u00a0\u00bb style=\u00a0\u00bbclassic\u00a0\u00bb shape=\u00a0\u00bbsquare\u00a0\u00bb color=\u00a0\u00bbwhite\u00a0\u00bb size=\u00a0\u00bbsm\u00a0\u00bb align=\u00a0\u00bbleft\u00a0\u00bb i_icon_fontawesome=\u00a0\u00bbfar fa-map\u00a0\u00bb button_block=\u00a0\u00bbtrue\u00a0\u00bb add_icon=\u00a0\u00bbtrue\u00a0\u00bb link=\u00a0\u00bburl:http%3A%2F%2Fwww.mbh.fr%2Fwp-content%2Fuploads%2F2017%2F11%2FAD-2.LFNA-gap-tallard.pdf||target:%20_blank|\u00a0\u00bb css=\u00a0\u00bb.vc_custom_1585643045761{margin-bottom: 10px !important;}\u00a0\u00bb][vc_btn title=\u00a0\u00bbWebsite\u00a0\u00bb style=\u00a0\u00bbclassic\u00a0\u00bb shape=\u00a0\u00bbsquare\u00a0\u00bb color=\u00a0\u00bbwhite\u00a0\u00bb size=\u00a0\u00bbsm\u00a0\u00bb align=\u00a0\u00bbleft\u00a0\u00bb i_icon_fontawesome=\u00a0\u00bbfas fa-external-link-alt\u00a0\u00bb button_block=\u00a0\u00bbtrue\u00a0\u00bb add_icon=\u00a0\u00bbtrue\u00a0\u00bb link=\u00a0\u00bburl:http%3A%2F%2Fwww.hdf.fr%2Ffr%2Fwelcome||target:%20_blank|\u00a0\u00bb css=\u00a0\u00bb.vc_custom_1585643059012{margin-bottom: 10px !important;}\u00a0\u00bb][\/vc_column][\/vc_row]<\/p>\n","protected":false},"author":7,"featured_media":0,"parent":2896,"menu_order":170,"comment_status":"closed","ping_status":"closed","template":"page-base.php","meta":{"_acf_changed":false,"footnotes":""},"class_list":["post-11262","page","type-page","status-publish","hentry"],"acf":[],"yoast_head":"<!-- This site is optimized with the Yoast SEO plugin v26.9 - https:\/\/yoast.com\/product\/yoast-seo-wordpress\/ -->\n<title>Base de GAP - Mont-Blanc H\u00e9licopt\u00e8res<\/title>\n<meta name=\"description\" content=\"Au d\u00e9part de Gap, vivez une exp\u00e9rience inoubliable lors d&#039;un vol panoramique. D\u00e9couvrez l&#039;eau turquoise du lac de Serre-Pon\u00e7on et du gris des sommets.\" \/>\n<meta name=\"robots\" content=\"index, follow, max-snippet:-1, max-image-preview:large, max-video-preview:-1\" \/>\n<link rel=\"canonical\" href=\"https:\/\/www.mbh.fr\/fr\/nos-bases\/gap\/\" \/>\n<meta property=\"og:locale\" content=\"fr_FR\" \/>\n<meta property=\"og:type\" content=\"article\" \/>\n<meta property=\"og:title\" content=\"Base de GAP - Mont-Blanc H\u00e9licopt\u00e8res\" \/>\n<meta property=\"og:description\" content=\"Au d\u00e9part de Gap, vivez une exp\u00e9rience inoubliable lors d&#039;un vol panoramique. D\u00e9couvrez l&#039;eau turquoise du lac de Serre-Pon\u00e7on et du gris des sommets.\" \/>\n<meta property=\"og:url\" content=\"https:\/\/www.mbh.fr\/fr\/nos-bases\/gap\/\" \/>\n<meta property=\"og:site_name\" content=\"Mont-Blanc H\u00e9licopt\u00e8res\" \/>\n<meta property=\"article:publisher\" content=\"https:\/\/www.facebook.com\/MontBlancHelicopteres\/\" \/>\n<meta property=\"article:modified_time\" content=\"2023-08-07T08:37:00+00:00\" \/>\n<meta name=\"twitter:card\" content=\"summary_large_image\" \/>\n<meta name=\"twitter:site\" content=\"@MBHelicopteres\" \/>\n<meta name=\"twitter:label1\" content=\"Dur\u00e9e de lecture estim\u00e9e\" \/>\n\t<meta name=\"twitter:data1\" content=\"2 minutes\" \/>\n<script type=\"application\/ld+json\" class=\"yoast-schema-graph\">{\"@context\":\"https:\/\/schema.org\",\"@graph\":[{\"@type\":\"WebPage\",\"@id\":\"https:\/\/www.mbh.fr\/fr\/nos-bases\/gap\/\",\"url\":\"https:\/\/www.mbh.fr\/fr\/nos-bases\/gap\/\",\"name\":\"Base de GAP - Mont-Blanc H\u00e9licopt\u00e8res\",\"isPartOf\":{\"@id\":\"https:\/\/www.mbh.fr\/fr\/#website\"},\"datePublished\":\"2022-02-28T09:21:39+00:00\",\"dateModified\":\"2023-08-07T08:37:00+00:00\",\"description\":\"Au d\u00e9part de Gap, vivez une exp\u00e9rience inoubliable lors d'un vol panoramique. D\u00e9couvrez l'eau turquoise du lac de Serre-Pon\u00e7on et du gris des sommets.\",\"breadcrumb\":{\"@id\":\"https:\/\/www.mbh.fr\/fr\/nos-bases\/gap\/#breadcrumb\"},\"inLanguage\":\"fr-FR\",\"potentialAction\":[{\"@type\":\"ReadAction\",\"target\":[\"https:\/\/www.mbh.fr\/fr\/nos-bases\/gap\/\"]}]},{\"@type\":\"BreadcrumbList\",\"@id\":\"https:\/\/www.mbh.fr\/fr\/nos-bases\/gap\/#breadcrumb\",\"itemListElement\":[{\"@type\":\"ListItem\",\"position\":1,\"name\":\"Accueil\",\"item\":\"https:\/\/www.mbh.fr\/fr\/\"},{\"@type\":\"ListItem\",\"position\":2,\"name\":\"NOS BASES\",\"item\":\"https:\/\/www.mbh.fr\/fr\/nos-bases\/\"},{\"@type\":\"ListItem\",\"position\":3,\"name\":\"GAP\"}]},{\"@type\":\"WebSite\",\"@id\":\"https:\/\/www.mbh.fr\/fr\/#website\",\"url\":\"https:\/\/www.mbh.fr\/fr\/\",\"name\":\"Mont-Blanc H\u00e9licopt\u00e8res\",\"description\":\"\",\"publisher\":{\"@id\":\"https:\/\/www.mbh.fr\/fr\/#organization\"},\"potentialAction\":[{\"@type\":\"SearchAction\",\"target\":{\"@type\":\"EntryPoint\",\"urlTemplate\":\"https:\/\/www.mbh.fr\/fr\/?s={search_term_string}\"},\"query-input\":{\"@type\":\"PropertyValueSpecification\",\"valueRequired\":true,\"valueName\":\"search_term_string\"}}],\"inLanguage\":\"fr-FR\"},{\"@type\":\"Organization\",\"@id\":\"https:\/\/www.mbh.fr\/fr\/#organization\",\"name\":\"mont blanc h\u00e9licopt\u00e8res\",\"url\":\"https:\/\/www.mbh.fr\/fr\/\",\"logo\":{\"@type\":\"ImageObject\",\"inLanguage\":\"fr-FR\",\"@id\":\"https:\/\/www.mbh.fr\/fr\/#\/schema\/logo\/image\/\",\"url\":\"\",\"contentUrl\":\"\",\"caption\":\"mont blanc h\u00e9licopt\u00e8res\"},\"image\":{\"@id\":\"https:\/\/www.mbh.fr\/fr\/#\/schema\/logo\/image\/\"},\"sameAs\":[\"https:\/\/www.facebook.com\/MontBlancHelicopteres\/\",\"https:\/\/x.com\/MBHelicopteres\",\"https:\/\/www.instagram.com\/montblanchelicopteres\/\",\"https:\/\/www.linkedin.com\/company\/715290\/\"]}]}<\/script>\n<!-- \/ Yoast SEO plugin. -->","yoast_head_json":{"title":"Base de GAP - Mont-Blanc H\u00e9licopt\u00e8res","description":"Au d\u00e9part de Gap, vivez une exp\u00e9rience inoubliable lors d'un vol panoramique. D\u00e9couvrez l'eau turquoise du lac de Serre-Pon\u00e7on et du gris des sommets.","robots":{"index":"index","follow":"follow","max-snippet":"max-snippet:-1","max-image-preview":"max-image-preview:large","max-video-preview":"max-video-preview:-1"},"canonical":"https:\/\/www.mbh.fr\/fr\/nos-bases\/gap\/","og_locale":"fr_FR","og_type":"article","og_title":"Base de GAP - Mont-Blanc H\u00e9licopt\u00e8res","og_description":"Au d\u00e9part de Gap, vivez une exp\u00e9rience inoubliable lors d'un vol panoramique. D\u00e9couvrez l'eau turquoise du lac de Serre-Pon\u00e7on et du gris des sommets.","og_url":"https:\/\/www.mbh.fr\/fr\/nos-bases\/gap\/","og_site_name":"Mont-Blanc H\u00e9licopt\u00e8res","article_publisher":"https:\/\/www.facebook.com\/MontBlancHelicopteres\/","article_modified_time":"2023-08-07T08:37:00+00:00","twitter_card":"summary_large_image","twitter_site":"@MBHelicopteres","twitter_misc":{"Dur\u00e9e de lecture estim\u00e9e":"2 minutes"},"schema":{"@context":"https:\/\/schema.org","@graph":[{"@type":"WebPage","@id":"https:\/\/www.mbh.fr\/fr\/nos-bases\/gap\/","url":"https:\/\/www.mbh.fr\/fr\/nos-bases\/gap\/","name":"Base de GAP - Mont-Blanc H\u00e9licopt\u00e8res","isPartOf":{"@id":"https:\/\/www.mbh.fr\/fr\/#website"},"datePublished":"2022-02-28T09:21:39+00:00","dateModified":"2023-08-07T08:37:00+00:00","description":"Au d\u00e9part de Gap, vivez une exp\u00e9rience inoubliable lors d'un vol panoramique. D\u00e9couvrez l'eau turquoise du lac de Serre-Pon\u00e7on et du gris des sommets.","breadcrumb":{"@id":"https:\/\/www.mbh.fr\/fr\/nos-bases\/gap\/#breadcrumb"},"inLanguage":"fr-FR","potentialAction":[{"@type":"ReadAction","target":["https:\/\/www.mbh.fr\/fr\/nos-bases\/gap\/"]}]},{"@type":"BreadcrumbList","@id":"https:\/\/www.mbh.fr\/fr\/nos-bases\/gap\/#breadcrumb","itemListElement":[{"@type":"ListItem","position":1,"name":"Accueil","item":"https:\/\/www.mbh.fr\/fr\/"},{"@type":"ListItem","position":2,"name":"NOS BASES","item":"https:\/\/www.mbh.fr\/fr\/nos-bases\/"},{"@type":"ListItem","position":3,"name":"GAP"}]},{"@type":"WebSite","@id":"https:\/\/www.mbh.fr\/fr\/#website","url":"https:\/\/www.mbh.fr\/fr\/","name":"Mont-Blanc H\u00e9licopt\u00e8res","description":"","publisher":{"@id":"https:\/\/www.mbh.fr\/fr\/#organization"},"potentialAction":[{"@type":"SearchAction","target":{"@type":"EntryPoint","urlTemplate":"https:\/\/www.mbh.fr\/fr\/?s={search_term_string}"},"query-input":{"@type":"PropertyValueSpecification","valueRequired":true,"valueName":"search_term_string"}}],"inLanguage":"fr-FR"},{"@type":"Organization","@id":"https:\/\/www.mbh.fr\/fr\/#organization","name":"mont blanc h\u00e9licopt\u00e8res","url":"https:\/\/www.mbh.fr\/fr\/","logo":{"@type":"ImageObject","inLanguage":"fr-FR","@id":"https:\/\/www.mbh.fr\/fr\/#\/schema\/logo\/image\/","url":"","contentUrl":"","caption":"mont blanc h\u00e9licopt\u00e8res"},"image":{"@id":"https:\/\/www.mbh.fr\/fr\/#\/schema\/logo\/image\/"},"sameAs":["https:\/\/www.facebook.com\/MontBlancHelicopteres\/","https:\/\/x.com\/MBHelicopteres","https:\/\/www.instagram.com\/montblanchelicopteres\/","https:\/\/www.linkedin.com\/company\/715290\/"]}]}},"_links":{"self":[{"href":"https:\/\/www.mbh.fr\/fr\/wp-json\/wp\/v2\/pages\/11262","targetHints":{"allow":["GET"]}}],"collection":[{"href":"https:\/\/www.mbh.fr\/fr\/wp-json\/wp\/v2\/pages"}],"about":[{"href":"https:\/\/www.mbh.fr\/fr\/wp-json\/wp\/v2\/types\/page"}],"author":[{"embeddable":true,"href":"https:\/\/www.mbh.fr\/fr\/wp-json\/wp\/v2\/users\/7"}],"replies":[{"embeddable":true,"href":"https:\/\/www.mbh.fr\/fr\/wp-json\/wp\/v2\/comments?post=11262"}],"version-history":[{"count":6,"href":"https:\/\/www.mbh.fr\/fr\/wp-json\/wp\/v2\/pages\/11262\/revisions"}],"predecessor-version":[{"id":13288,"href":"https:\/\/www.mbh.fr\/fr\/wp-json\/wp\/v2\/pages\/11262\/revisions\/13288"}],"up":[{"embeddable":true,"href":"https:\/\/www.mbh.fr\/fr\/wp-json\/wp\/v2\/pages\/2896"}],"wp:attachment":[{"href":"https:\/\/www.mbh.fr\/fr\/wp-json\/wp\/v2\/media?parent=11262"}],"curies":[{"name":"wp","href":"https:\/\/api.w.org\/{rel}","templated":true}]}}