{"id":11516,"date":"2022-05-04T11:33:27","date_gmt":"2022-05-04T09:33:27","guid":{"rendered":"https:\/\/www.mbh.fr\/?page_id=11516"},"modified":"2026-04-30T16:11:25","modified_gmt":"2026-04-30T14:11:25","slug":"notre-histoire","status":"publish","type":"page","link":"https:\/\/www.mbh.fr\/fr\/notre-histoire\/","title":{"rendered":"Notre histoire"},"content":{"rendered":"<div class=\"wpb-content-wrapper\"><p>[vc_row type=\u00a0\u00bbfull_width_section\u00a0\u00bb bg_image=\u00a0\u00bb11534&Prime; top_padding=\u00a0\u00bb200&Prime; bottom_padding=\u00a0\u00bb200&Prime;][vc_column width=\u00a0\u00bb1\/1&Prime;][\/vc_column][\/vc_row][vc_row top_padding=\u00a0\u00bb50&Prime; bottom_padding=\u00a0\u00bb0&Prime;][vc_column width=\u00a0\u00bb1\/1&Prime;][vc_column_text]<\/p>\n<h1 style=\"text-align: center;\">Une passion depuis 1980<\/h1>\n<h2 style=\"text-align: center;\">Pour le Groupe HBG, l\u2019a\u00e9ronautique est avant tout une passion et une histoire de famille.<br \/>\nC\u2019est cette passion qui, chaque jour, guide nos activit\u00e9s et nos d\u00e9cisions.<\/h2>\n<p style=\"text-align: center;\">D\u00e9sireux de r\u00e9pondre \u00e0 vos besoins en tout lieu, nous mettons \u00e0 votre disposition notre savoir faire et notre expertise.<\/p>\n<p>[\/vc_column_text]<div class=\"newdivider align-center\" style=\"border-bottom-style: solid; border-color: #eeeeee; border-bottom-width: 4px; margin-top: 15px; margin-bottom: 25px; width: 10%; \"><\/div><div class=\"clear\"><\/div>[\/vc_column][\/vc_row][vc_row top_padding=\u00a0\u00bb0&Prime; bottom_padding=\u00a0\u00bb50&Prime;][vc_column width=\u00a0\u00bb1\/6&Prime;][\/vc_column][vc_column width=\u00a0\u00bb2\/3&Prime;][vc_column_text]<\/p>\n<p style=\"text-align: center;\"><strong>Le plus important pour nous ? Votre satisfaction et votre s\u00e9curit\u00e9.<\/strong> C\u2019est avec ces deux piliers que nous pr\u00e9parons vos vols pour en faire une exp\u00e9rience unique.<br \/>\nDans un environnement en continuel mouvement, nous devons sans cesse nous adapter et redoubler d\u2019innovation. C\u2019est pourquoi <strong>nous travaillons d\u2019ores et d\u00e9j\u00e0 sur le transport de demain<\/strong> afin de r\u00e9duire notre impact.<\/p>\n<h2 style=\"text-align: center;\">Notre volont\u00e9 : rester tourn\u00e9s vers l\u2019avenir tout en gardant notre esprit d\u2019entreprise.<\/h2>\n<p>[\/vc_column_text][\/vc_column][vc_column width=\u00a0\u00bb1\/6&Prime;][\/vc_column][\/vc_row][vc_row][vc_column width=\u00a0\u00bb1\/2&Prime;][vc_empty_space height=\u00a0\u00bb50px\u00a0\u00bb][vc_column_text]<strong>Compagnie a\u00e9rienne cr\u00e9\u00e9e en 1980, Mont Blanc H\u00e9licopt\u00e8res<\/strong> fait partie du groupe HBG, ainsi que ses filiales <em>H\u00e9licopt\u00e8res de France<\/em>, <em>FHATO<\/em>, <em>Swiftcopters<\/em> et <em>Eagle Valais.<\/em>[\/vc_column_text][vc_single_image image=\u00a0\u00bb14280&Prime; img_size=\u00a0\u00bblarge\u00a0\u00bb alignment=\u00a0\u00bbcenter\u00a0\u00bb onclick=\u00a0\u00bblink_image\u00a0\u00bb css=\u00a0\u00bb\u00a0\u00bb][\/vc_column][vc_column width=\u00a0\u00bb1\/2&Prime;][vc_single_image image=\u00a0\u00bb11522&Prime; img_size=\u00a0\u00bblarge\u00a0\u00bb alignment=\u00a0\u00bbcenter\u00a0\u00bb onclick=\u00a0\u00bblink_image\u00a0\u00bb][\/vc_column][\/vc_row][vc_row top_padding=\u00a0\u00bb50&Prime; class=\u00a0\u00bbkx-counter\u00a0\u00bb][vc_column width=\u00a0\u00bb1\/5&Prime;][vc_column_text el_class=\u00a0\u00bbmore-numbers\u00a0\u00bb]<\/p>\n<p><span style=\"text-align: center;\">+ de<\/span><\/p>\n<p>[\/vc_column_text]<div class=\"counter clearfix wpb_content_element\"><div class=\"counter-number\" style=\"color: #baa981 !important;\">65<\/div><span class=\"counter-title\">H\u00e9licopt\u00e8res<\/span><\/div>[\/vc_column][vc_column width=\u00a0\u00bb1\/5&Prime;][vc_column_text el_class=\u00a0\u00bbmore-numbers\u00a0\u00bb]<\/p>\n<p><span style=\"text-align: center;\">+ de<\/span><\/p>\n<p>[\/vc_column_text]<div class=\"counter clearfix wpb_content_element\"><div class=\"counter-number\" style=\"color: #baa981 !important;\">150<\/div><span class=\"counter-title\">Pilotes<\/span><\/div>[\/vc_column][vc_column width=\u00a0\u00bb1\/5&Prime;][vc_column_text el_class=\u00a0\u00bbmore-numbers\u00a0\u00bb]<\/p>\n<p><span style=\"text-align: center;\">+ de<\/span><\/p>\n<p>[\/vc_column_text]<div class=\"counter clearfix wpb_content_element\"><div class=\"counter-number\" style=\"color: #baa981 !important;\">80<\/div><span class=\"counter-title\">Techniciens<\/span><\/div>[\/vc_column][vc_column width=\u00a0\u00bb1\/5&Prime;][vc_column_text el_class=\u00a0\u00bbmore-numbers\u00a0\u00bb]<\/p>\n<p><span style=\"text-align: center;\">+ de<\/span><\/p>\n<p>[\/vc_column_text]<div class=\"counter clearfix wpb_content_element\"><div class=\"counter-number\" style=\"color: #baa981 !important;\">35<\/div><span class=\"counter-title\">Bases<\/span><\/div>[\/vc_column][vc_column width=\u00a0\u00bb1\/5&Prime;][vc_column_text el_class=\u00a0\u00bbmore-numbers\u00a0\u00bb]<\/p>\n<p><span style=\"text-align: center;\">+ de<\/span><\/p>\n<p>[\/vc_column_text]<div class=\"counter clearfix wpb_content_element\"><div class=\"counter-number\" style=\"color: #baa981 !important;\">3<\/div><span class=\"counter-title\">Continents<\/span><\/div>[\/vc_column][\/vc_row][vc_row top_padding=\u00a0\u00bb50&Prime; bottom_padding=\u00a0\u00bb50&Prime;][vc_column width=\u00a0\u00bb1\/2&Prime;][vc_single_image image=\u00a0\u00bb11525&Prime; img_size=\u00a0\u00bblarge\u00a0\u00bb alignment=\u00a0\u00bbcenter\u00a0\u00bb onclick=\u00a0\u00bblink_image\u00a0\u00bb][\/vc_column][vc_column width=\u00a0\u00bb1\/2&Prime;][vc_column_text]<strong>Notre d\u00e9ploiement nous permet de couvrir un maximum de terrain<\/strong> afin de subvenir \u00e0 vos besoins n\u2019importe o\u00f9, o\u00f9 que vous soyez. Nos <strong>\u00e9quipes performantes et professionnelles<\/strong> vous accompagneront dans tous vos projets.<\/p>\n<p><strong>Nos clients sont au centre de toutes nos attentions<\/strong>, nous mettons notre savoir faire au service de leur <strong>s\u00e9curit\u00e9<\/strong> et de leur <strong>confort<\/strong> et sommes r\u00e9actifs face \u00e0 leurs besoins. Nos \u00e9quipages et nos appareils volent 365 jours par an et 24 h \/ 24 h dans toutes les r\u00e9gions du globe<\/p>\n<p>Nos comp\u00e9tences techniques ont \u00e9t\u00e9 forg\u00e9es par <strong>plus de 40 ans d&rsquo;exp\u00e9rience <\/strong>dans le milieu a\u00e9ronautique, cela nous permet de vous assurer un service de qualit\u00e9.<\/p>\n<p>Couvrant un large spectre d\u2019activit\u00e9s comme : le transport de passagers, le <a href=\"https:\/\/www.mbh.fr\/fr\/travail-aerien\/\">travail a\u00e9rien<\/a>, le <a href=\"https:\/\/www.mbh.fr\/fr\/services\/secours\/secours-en-montagne\/\">secours en montagne<\/a>, le <a href=\"https:\/\/www.mbh.fr\/fr\/services\/secours\/mbh-samu\/\">SAMU<\/a>, la <a href=\"https:\/\/www.mbh.fr\/fr\/travail-aerien\/\">prises de vues a\u00e9riennes<\/a>, la <a href=\"https:\/\/www.mbh.fr\/fr\/services\/maintenance\/\">maintenance<\/a> ou encore l&rsquo;<a href=\"https:\/\/www.mbh.fr\/fr\/services\/formation\/\">\u00e9colage<\/a>, <strong>HBG est capable de r\u00e9pondre \u00e0 tous types de demandes<\/strong>.[\/vc_column_text][\/vc_column][\/vc_row][vc_row][vc_column width=\u00a0\u00bb1\/1&Prime;][vc_column_text]<\/p>\n<h2 style=\"text-align: center;\">BOOK HBG DIGITAL<\/h2>\n<h4 style=\"text-align: center;\"><strong>Pourquoi une version digitale ?\u00a0<\/strong><\/h4>\n<p style=\"text-align: center;\">Il nous parait essentiel de communiquer \u00e0 nos clients des informations \u00e0 jour et fiable, de ce fait opter pour un format digital semblait \u00eatre le moyen le plus adapt\u00e9.<\/p>\n<p>[\/vc_column_text][\/vc_column][\/vc_row][vc_row][vc_column width=\u00a0\u00bb1\/1&Prime;][vc_raw_html]JTVCZGZsaXAlMjBpZCUzRCUyMjgzOTYlMjIlMjAlNUQlNUIlMkZkZmxpcCU1RCUwQQ==[\/vc_raw_html][\/vc_column][\/vc_row]<\/p>\n<\/div>","protected":false},"excerpt":{"rendered":"<p>[vc_row type=\u00a0\u00bbfull_width_section\u00a0\u00bb bg_image=\u00a0\u00bb11534&Prime; top_padding=\u00a0\u00bb200&Prime; bottom_padding=\u00a0\u00bb200&Prime;][vc_column width=\u00a0\u00bb1\/1&Prime;][\/vc_column][\/vc_row][vc_row top_padding=\u00a0\u00bb50&Prime; bottom_padding=\u00a0\u00bb0&Prime;][vc_column width=\u00a0\u00bb1\/1&Prime;][vc_column_text] Une passion depuis 1980 Pour le Groupe HBG, l\u2019a\u00e9ronautique est avant tout une passion et une histoire de famille. C\u2019est cette passion qui, chaque jour, guide nos activit\u00e9s et nos d\u00e9cisions. D\u00e9sireux de r\u00e9pondre \u00e0 vos besoins en tout lieu, nous mettons \u00e0 votre disposition notre savoir faire et notre expertise. [\/vc_column_text][\/vc_column][\/vc_row][vc_row top_padding=\u00a0\u00bb0&Prime; bottom_padding=\u00a0\u00bb50&Prime;][vc_column width=\u00a0\u00bb1\/6&Prime;][\/vc_column][vc_column width=\u00a0\u00bb2\/3&Prime;][vc_column_text] Le plus important pour nous ? Votre satisfaction et votre s\u00e9curit\u00e9. C\u2019est avec ces deux piliers que nous pr\u00e9parons vos vols pour en faire une exp\u00e9rience unique. Dans un environnement en continuel mouvement, nous devons sans cesse nous adapter et redoubler d\u2019innovation. C\u2019est pourquoi nous travaillons d\u2019ores et d\u00e9j\u00e0 sur le transport de demain afin de r\u00e9duire notre impact. Notre volont\u00e9 : rester tourn\u00e9s vers l\u2019avenir tout en gardant notre esprit d\u2019entreprise. [\/vc_column_text][\/vc_column][vc_column width=\u00a0\u00bb1\/6&Prime;][\/vc_column][\/vc_row][vc_row][vc_column width=\u00a0\u00bb1\/2&Prime;][vc_empty_space height=\u00a0\u00bb50px\u00a0\u00bb][vc_column_text]Compagnie a\u00e9rienne cr\u00e9\u00e9e en 1980, Mont Blanc H\u00e9licopt\u00e8res fait partie du groupe HBG, ainsi que ses filiales H\u00e9licopt\u00e8res de France, FHATO, Swiftcopters et Eagle Valais.[\/vc_column_text][vc_single_image image=\u00a0\u00bb14280&Prime; img_size=\u00a0\u00bblarge\u00a0\u00bb alignment=\u00a0\u00bbcenter\u00a0\u00bb onclick=\u00a0\u00bblink_image\u00a0\u00bb css=\u00a0\u00bb\u00a0\u00bb][\/vc_column][vc_column width=\u00a0\u00bb1\/2&Prime;][vc_single_image image=\u00a0\u00bb11522&Prime; img_size=\u00a0\u00bblarge\u00a0\u00bb alignment=\u00a0\u00bbcenter\u00a0\u00bb onclick=\u00a0\u00bblink_image\u00a0\u00bb][\/vc_column][\/vc_row][vc_row top_padding=\u00a0\u00bb50&Prime; class=\u00a0\u00bbkx-counter\u00a0\u00bb][vc_column width=\u00a0\u00bb1\/5&Prime;][vc_column_text el_class=\u00a0\u00bbmore-numbers\u00a0\u00bb] + de [\/vc_column_text][\/vc_column][vc_column width=\u00a0\u00bb1\/5&Prime;][vc_column_text el_class=\u00a0\u00bbmore-numbers\u00a0\u00bb] + de [\/vc_column_text][\/vc_column][vc_column width=\u00a0\u00bb1\/5&Prime;][vc_column_text el_class=\u00a0\u00bbmore-numbers\u00a0\u00bb] + de [\/vc_column_text][\/vc_column][vc_column width=\u00a0\u00bb1\/5&Prime;][vc_column_text el_class=\u00a0\u00bbmore-numbers\u00a0\u00bb] + de [\/vc_column_text][\/vc_column][vc_column width=\u00a0\u00bb1\/5&Prime;][vc_column_text el_class=\u00a0\u00bbmore-numbers\u00a0\u00bb] + [&hellip;]<\/p>\n","protected":false},"author":7,"featured_media":0,"parent":0,"menu_order":0,"comment_status":"closed","ping_status":"closed","template":"","meta":{"_acf_changed":false,"footnotes":""},"class_list":["post-11516","page","type-page","status-publish","hentry"],"acf":[],"yoast_head":"<!-- This site is optimized with the Yoast SEO plugin v26.9 - https:\/\/yoast.com\/product\/yoast-seo-wordpress\/ -->\n<title>Notre histoire - Mont-Blanc H\u00e9licopt\u00e8res<\/title>\n<meta name=\"description\" content=\"Cr\u00e9\u00e9e en 1980 en Haute-Savoie, Mont Blanc H\u00e9licopt\u00e8res fait partie du groupe HBG, Leader en France. Nous disposons de plus de 10 bases MBH.\" \/>\n<meta name=\"robots\" content=\"index, follow, max-snippet:-1, max-image-preview:large, max-video-preview:-1\" \/>\n<link rel=\"canonical\" href=\"https:\/\/www.mbh.fr\/fr\/notre-histoire\/\" \/>\n<meta property=\"og:locale\" content=\"fr_FR\" \/>\n<meta property=\"og:type\" content=\"article\" \/>\n<meta property=\"og:title\" content=\"Notre histoire - Mont-Blanc H\u00e9licopt\u00e8res\" \/>\n<meta property=\"og:description\" content=\"Cr\u00e9\u00e9e en 1980 en Haute-Savoie, Mont Blanc H\u00e9licopt\u00e8res fait partie du groupe HBG, Leader en France. Nous disposons de plus de 10 bases MBH.\" \/>\n<meta property=\"og:url\" content=\"https:\/\/www.mbh.fr\/fr\/notre-histoire\/\" \/>\n<meta property=\"og:site_name\" content=\"Mont-Blanc H\u00e9licopt\u00e8res\" \/>\n<meta property=\"article:publisher\" content=\"https:\/\/www.facebook.com\/MontBlancHelicopteres\/\" \/>\n<meta property=\"article:modified_time\" content=\"2026-04-30T14:11:25+00:00\" \/>\n<meta name=\"twitter:card\" content=\"summary_large_image\" \/>\n<meta name=\"twitter:site\" content=\"@MBHelicopteres\" \/>\n<meta name=\"twitter:label1\" content=\"Dur\u00e9e de lecture estim\u00e9e\" \/>\n\t<meta name=\"twitter:data1\" content=\"3 minutes\" \/>\n<script type=\"application\/ld+json\" class=\"yoast-schema-graph\">{\"@context\":\"https:\/\/schema.org\",\"@graph\":[{\"@type\":\"WebPage\",\"@id\":\"https:\/\/www.mbh.fr\/fr\/notre-histoire\/\",\"url\":\"https:\/\/www.mbh.fr\/fr\/notre-histoire\/\",\"name\":\"Notre histoire - Mont-Blanc H\u00e9licopt\u00e8res\",\"isPartOf\":{\"@id\":\"https:\/\/www.mbh.fr\/fr\/#website\"},\"datePublished\":\"2022-05-04T09:33:27+00:00\",\"dateModified\":\"2026-04-30T14:11:25+00:00\",\"description\":\"Cr\u00e9\u00e9e en 1980 en Haute-Savoie, Mont Blanc H\u00e9licopt\u00e8res fait partie du groupe HBG, Leader en France. Nous disposons de plus de 10 bases MBH.\",\"breadcrumb\":{\"@id\":\"https:\/\/www.mbh.fr\/fr\/notre-histoire\/#breadcrumb\"},\"inLanguage\":\"fr-FR\",\"potentialAction\":[{\"@type\":\"ReadAction\",\"target\":[\"https:\/\/www.mbh.fr\/fr\/notre-histoire\/\"]}]},{\"@type\":\"BreadcrumbList\",\"@id\":\"https:\/\/www.mbh.fr\/fr\/notre-histoire\/#breadcrumb\",\"itemListElement\":[{\"@type\":\"ListItem\",\"position\":1,\"name\":\"Accueil\",\"item\":\"https:\/\/www.mbh.fr\/fr\/\"},{\"@type\":\"ListItem\",\"position\":2,\"name\":\"Notre histoire\"}]},{\"@type\":\"WebSite\",\"@id\":\"https:\/\/www.mbh.fr\/fr\/#website\",\"url\":\"https:\/\/www.mbh.fr\/fr\/\",\"name\":\"Mont-Blanc H\u00e9licopt\u00e8res\",\"description\":\"\",\"publisher\":{\"@id\":\"https:\/\/www.mbh.fr\/fr\/#organization\"},\"potentialAction\":[{\"@type\":\"SearchAction\",\"target\":{\"@type\":\"EntryPoint\",\"urlTemplate\":\"https:\/\/www.mbh.fr\/fr\/?s={search_term_string}\"},\"query-input\":{\"@type\":\"PropertyValueSpecification\",\"valueRequired\":true,\"valueName\":\"search_term_string\"}}],\"inLanguage\":\"fr-FR\"},{\"@type\":\"Organization\",\"@id\":\"https:\/\/www.mbh.fr\/fr\/#organization\",\"name\":\"mont blanc h\u00e9licopt\u00e8res\",\"url\":\"https:\/\/www.mbh.fr\/fr\/\",\"logo\":{\"@type\":\"ImageObject\",\"inLanguage\":\"fr-FR\",\"@id\":\"https:\/\/www.mbh.fr\/fr\/#\/schema\/logo\/image\/\",\"url\":\"\",\"contentUrl\":\"\",\"caption\":\"mont blanc h\u00e9licopt\u00e8res\"},\"image\":{\"@id\":\"https:\/\/www.mbh.fr\/fr\/#\/schema\/logo\/image\/\"},\"sameAs\":[\"https:\/\/www.facebook.com\/MontBlancHelicopteres\/\",\"https:\/\/x.com\/MBHelicopteres\",\"https:\/\/www.instagram.com\/montblanchelicopteres\/\",\"https:\/\/www.linkedin.com\/company\/715290\/\"]}]}<\/script>\n<!-- \/ Yoast SEO plugin. -->","yoast_head_json":{"title":"Notre histoire - Mont-Blanc H\u00e9licopt\u00e8res","description":"Cr\u00e9\u00e9e en 1980 en Haute-Savoie, Mont Blanc H\u00e9licopt\u00e8res fait partie du groupe HBG, Leader en France. Nous disposons de plus de 10 bases MBH.","robots":{"index":"index","follow":"follow","max-snippet":"max-snippet:-1","max-image-preview":"max-image-preview:large","max-video-preview":"max-video-preview:-1"},"canonical":"https:\/\/www.mbh.fr\/fr\/notre-histoire\/","og_locale":"fr_FR","og_type":"article","og_title":"Notre histoire - Mont-Blanc H\u00e9licopt\u00e8res","og_description":"Cr\u00e9\u00e9e en 1980 en Haute-Savoie, Mont Blanc H\u00e9licopt\u00e8res fait partie du groupe HBG, Leader en France. Nous disposons de plus de 10 bases MBH.","og_url":"https:\/\/www.mbh.fr\/fr\/notre-histoire\/","og_site_name":"Mont-Blanc H\u00e9licopt\u00e8res","article_publisher":"https:\/\/www.facebook.com\/MontBlancHelicopteres\/","article_modified_time":"2026-04-30T14:11:25+00:00","twitter_card":"summary_large_image","twitter_site":"@MBHelicopteres","twitter_misc":{"Dur\u00e9e de lecture estim\u00e9e":"3 minutes"},"schema":{"@context":"https:\/\/schema.org","@graph":[{"@type":"WebPage","@id":"https:\/\/www.mbh.fr\/fr\/notre-histoire\/","url":"https:\/\/www.mbh.fr\/fr\/notre-histoire\/","name":"Notre histoire - Mont-Blanc H\u00e9licopt\u00e8res","isPartOf":{"@id":"https:\/\/www.mbh.fr\/fr\/#website"},"datePublished":"2022-05-04T09:33:27+00:00","dateModified":"2026-04-30T14:11:25+00:00","description":"Cr\u00e9\u00e9e en 1980 en Haute-Savoie, Mont Blanc H\u00e9licopt\u00e8res fait partie du groupe HBG, Leader en France. Nous disposons de plus de 10 bases MBH.","breadcrumb":{"@id":"https:\/\/www.mbh.fr\/fr\/notre-histoire\/#breadcrumb"},"inLanguage":"fr-FR","potentialAction":[{"@type":"ReadAction","target":["https:\/\/www.mbh.fr\/fr\/notre-histoire\/"]}]},{"@type":"BreadcrumbList","@id":"https:\/\/www.mbh.fr\/fr\/notre-histoire\/#breadcrumb","itemListElement":[{"@type":"ListItem","position":1,"name":"Accueil","item":"https:\/\/www.mbh.fr\/fr\/"},{"@type":"ListItem","position":2,"name":"Notre histoire"}]},{"@type":"WebSite","@id":"https:\/\/www.mbh.fr\/fr\/#website","url":"https:\/\/www.mbh.fr\/fr\/","name":"Mont-Blanc H\u00e9licopt\u00e8res","description":"","publisher":{"@id":"https:\/\/www.mbh.fr\/fr\/#organization"},"potentialAction":[{"@type":"SearchAction","target":{"@type":"EntryPoint","urlTemplate":"https:\/\/www.mbh.fr\/fr\/?s={search_term_string}"},"query-input":{"@type":"PropertyValueSpecification","valueRequired":true,"valueName":"search_term_string"}}],"inLanguage":"fr-FR"},{"@type":"Organization","@id":"https:\/\/www.mbh.fr\/fr\/#organization","name":"mont blanc h\u00e9licopt\u00e8res","url":"https:\/\/www.mbh.fr\/fr\/","logo":{"@type":"ImageObject","inLanguage":"fr-FR","@id":"https:\/\/www.mbh.fr\/fr\/#\/schema\/logo\/image\/","url":"","contentUrl":"","caption":"mont blanc h\u00e9licopt\u00e8res"},"image":{"@id":"https:\/\/www.mbh.fr\/fr\/#\/schema\/logo\/image\/"},"sameAs":["https:\/\/www.facebook.com\/MontBlancHelicopteres\/","https:\/\/x.com\/MBHelicopteres","https:\/\/www.instagram.com\/montblanchelicopteres\/","https:\/\/www.linkedin.com\/company\/715290\/"]}]}},"_links":{"self":[{"href":"https:\/\/www.mbh.fr\/fr\/wp-json\/wp\/v2\/pages\/11516","targetHints":{"allow":["GET"]}}],"collection":[{"href":"https:\/\/www.mbh.fr\/fr\/wp-json\/wp\/v2\/pages"}],"about":[{"href":"https:\/\/www.mbh.fr\/fr\/wp-json\/wp\/v2\/types\/page"}],"author":[{"embeddable":true,"href":"https:\/\/www.mbh.fr\/fr\/wp-json\/wp\/v2\/users\/7"}],"replies":[{"embeddable":true,"href":"https:\/\/www.mbh.fr\/fr\/wp-json\/wp\/v2\/comments?post=11516"}],"version-history":[{"count":31,"href":"https:\/\/www.mbh.fr\/fr\/wp-json\/wp\/v2\/pages\/11516\/revisions"}],"predecessor-version":[{"id":14600,"href":"https:\/\/www.mbh.fr\/fr\/wp-json\/wp\/v2\/pages\/11516\/revisions\/14600"}],"wp:attachment":[{"href":"https:\/\/www.mbh.fr\/fr\/wp-json\/wp\/v2\/media?parent=11516"}],"curies":[{"name":"wp","href":"https:\/\/api.w.org\/{rel}","templated":true}]}}