{"id":1602,"date":"2017-11-08T20:59:11","date_gmt":"2017-11-08T19:59:11","guid":{"rendered":"http:\/\/www.mbh.fr\/about-us\/careers\/"},"modified":"2020-10-02T14:45:46","modified_gmt":"2020-10-02T12:45:46","slug":"carrieres","status":"publish","type":"page","link":"https:\/\/www.mbh.fr\/fr\/a-propos\/carrieres\/","title":{"rendered":"CARRI\u00c8RES"},"content":{"rendered":"<div class=\"wpb-content-wrapper\"><p>[vc_row][vc_column width=\u00a0\u00bb1\/1&Prime;][vc_column_text]<\/p>\n<h2 style=\"text-align: center;\">Nos Offres Emplois<\/h2>\n<p class=\"p1\" style=\"text-align: center;\"><span class=\"s1\">Pour rejoindre le Groupe HBG, envoyez nous votre CV \u00e0 l&rsquo;adresse suivante : <a href=\"mailto:drh@hbg-group.aero\" target=\"_blank\" rel=\"noopener noreferrer\">drh@hbg-group.aero<\/a>\u00a0 . <\/span><\/p>\n<p class=\"p1\" style=\"text-align: center;\"><span class=\"s1\">Pour toute demande de stages veuillez vous adresser \u00e0 : <a href=\"mailto:stage@hbg-group.aero\" target=\"_blank\" rel=\"noopener noreferrer\">stage@hbg-group.aero<\/a>\u00a0<\/span><\/p>\n<p class=\"p1\" style=\"text-align: center;\"><span class=\"s1\">Venez d\u00e9couvrir nos offres d&#8217;emplois.\u00a0<\/span><\/p>\n<p>[\/vc_column_text][vc_separator][\/vc_column][\/vc_row][vc_row bg_color=\u00a0\u00bb#f8f8f8&Prime; section_arrow=\u00a0\u00bbfalse\u00a0\u00bb top_padding=\u00a0\u00bb10&Prime; bottom_padding=\u00a0\u00bb10&Prime;][vc_column width=\u00a0\u00bb1\/6&Prime;][vc_column_text][\/vc_column_text][\/vc_column][vc_column width=\u00a0\u00bb1\/6&Prime;][vc_column_text][\/vc_column_text][\/vc_column][vc_column width=\u00a0\u00bb1\/6&Prime;][vc_column_text][\/vc_column_text][\/vc_column][vc_column width=\u00a0\u00bb1\/2&Prime;][vc_column_text][\/vc_column_text][\/vc_column][\/vc_row]<\/p>\n<\/div>","protected":false},"excerpt":{"rendered":"<p>[vc_row][vc_column width=\u00a0\u00bb1\/1&Prime;][vc_column_text] Nos Offres Emplois Pour rejoindre le Groupe HBG, envoyez nous votre CV \u00e0 l&rsquo;adresse suivante : drh@hbg-group.aero\u00a0 . Pour toute demande de stages veuillez vous adresser \u00e0 : stage@hbg-group.aero\u00a0 Venez d\u00e9couvrir nos offres d&#8217;emplois.\u00a0 [\/vc_column_text][vc_separator][\/vc_column][\/vc_row][vc_row bg_color=\u00a0\u00bb#f8f8f8&Prime; section_arrow=\u00a0\u00bbfalse\u00a0\u00bb top_padding=\u00a0\u00bb10&Prime; bottom_padding=\u00a0\u00bb10&Prime;][vc_column width=\u00a0\u00bb1\/6&Prime;][vc_column_text][\/vc_column_text][\/vc_column][vc_column width=\u00a0\u00bb1\/6&Prime;][vc_column_text][\/vc_column_text][\/vc_column][vc_column width=\u00a0\u00bb1\/6&Prime;][vc_column_text][\/vc_column_text][\/vc_column][vc_column width=\u00a0\u00bb1\/2&Prime;][vc_column_text][\/vc_column_text][\/vc_column][\/vc_row]<\/p>\n","protected":false},"author":7,"featured_media":0,"parent":1315,"menu_order":40,"comment_status":"closed","ping_status":"closed","template":"","meta":{"_acf_changed":false,"footnotes":""},"class_list":["post-1602","page","type-page","status-publish","hentry"],"acf":[],"yoast_head":"<!-- This site is optimized with the Yoast SEO plugin v26.9 - https:\/\/yoast.com\/product\/yoast-seo-wordpress\/ -->\n<title>CARRI\u00c8RES - Mont-Blanc H\u00e9licopt\u00e8res<\/title>\n<meta name=\"robots\" content=\"index, follow, max-snippet:-1, max-image-preview:large, max-video-preview:-1\" \/>\n<link rel=\"canonical\" href=\"https:\/\/www.mbh.fr\/fr\/a-propos\/carrieres\/\" \/>\n<meta property=\"og:locale\" content=\"fr_FR\" \/>\n<meta property=\"og:type\" content=\"article\" \/>\n<meta property=\"og:title\" content=\"CARRI\u00c8RES - Mont-Blanc H\u00e9licopt\u00e8res\" \/>\n<meta property=\"og:description\" content=\"[vc_row][vc_column width=\u00a0\u00bb1\/1&Prime;][vc_column_text] Nos Offres Emplois Pour rejoindre le Groupe HBG, envoyez nous votre CV \u00e0 l&rsquo;adresse suivante : drh@hbg-group.aero\u00a0 . Pour toute demande de stages veuillez vous adresser \u00e0 : stage@hbg-group.aero\u00a0 Venez d\u00e9couvrir nos offres d&#8217;emplois.\u00a0 [\/vc_column_text][vc_separator][\/vc_column][\/vc_row][vc_row bg_color=\u00a0\u00bb#f8f8f8&Prime; section_arrow=\u00a0\u00bbfalse\u00a0\u00bb top_padding=\u00a0\u00bb10&Prime; bottom_padding=\u00a0\u00bb10&Prime;][vc_column width=\u00a0\u00bb1\/6&Prime;][vc_column_text][\/vc_column_text][\/vc_column][vc_column width=\u00a0\u00bb1\/6&Prime;][vc_column_text][\/vc_column_text][\/vc_column][vc_column width=\u00a0\u00bb1\/6&Prime;][vc_column_text][\/vc_column_text][\/vc_column][vc_column width=\u00a0\u00bb1\/2&Prime;][vc_column_text][\/vc_column_text][\/vc_column][\/vc_row]\" \/>\n<meta property=\"og:url\" content=\"https:\/\/www.mbh.fr\/fr\/a-propos\/carrieres\/\" \/>\n<meta property=\"og:site_name\" content=\"Mont-Blanc H\u00e9licopt\u00e8res\" \/>\n<meta property=\"article:publisher\" content=\"https:\/\/www.facebook.com\/MontBlancHelicopteres\/\" \/>\n<meta property=\"article:modified_time\" content=\"2020-10-02T12:45:46+00:00\" \/>\n<meta name=\"twitter:card\" content=\"summary_large_image\" \/>\n<meta name=\"twitter:site\" content=\"@MBHelicopteres\" \/>\n<meta name=\"twitter:label1\" content=\"Dur\u00e9e de lecture estim\u00e9e\" \/>\n\t<meta name=\"twitter:data1\" content=\"1 minute\" \/>\n<script type=\"application\/ld+json\" class=\"yoast-schema-graph\">{\"@context\":\"https:\/\/schema.org\",\"@graph\":[{\"@type\":\"WebPage\",\"@id\":\"https:\/\/www.mbh.fr\/fr\/a-propos\/carrieres\/\",\"url\":\"https:\/\/www.mbh.fr\/fr\/a-propos\/carrieres\/\",\"name\":\"CARRI\u00c8RES - Mont-Blanc H\u00e9licopt\u00e8res\",\"isPartOf\":{\"@id\":\"https:\/\/www.mbh.fr\/fr\/#website\"},\"datePublished\":\"2017-11-08T19:59:11+00:00\",\"dateModified\":\"2020-10-02T12:45:46+00:00\",\"breadcrumb\":{\"@id\":\"https:\/\/www.mbh.fr\/fr\/a-propos\/carrieres\/#breadcrumb\"},\"inLanguage\":\"fr-FR\",\"potentialAction\":[{\"@type\":\"ReadAction\",\"target\":[\"https:\/\/www.mbh.fr\/fr\/a-propos\/carrieres\/\"]}]},{\"@type\":\"BreadcrumbList\",\"@id\":\"https:\/\/www.mbh.fr\/fr\/a-propos\/carrieres\/#breadcrumb\",\"itemListElement\":[{\"@type\":\"ListItem\",\"position\":1,\"name\":\"Accueil\",\"item\":\"https:\/\/www.mbh.fr\/fr\/\"},{\"@type\":\"ListItem\",\"position\":2,\"name\":\"\u00c0 PROPOS\",\"item\":\"https:\/\/www.mbh.fr\/fr\/a-propos\/\"},{\"@type\":\"ListItem\",\"position\":3,\"name\":\"CARRI\u00c8RES\"}]},{\"@type\":\"WebSite\",\"@id\":\"https:\/\/www.mbh.fr\/fr\/#website\",\"url\":\"https:\/\/www.mbh.fr\/fr\/\",\"name\":\"Mont-Blanc H\u00e9licopt\u00e8res\",\"description\":\"\",\"publisher\":{\"@id\":\"https:\/\/www.mbh.fr\/fr\/#organization\"},\"potentialAction\":[{\"@type\":\"SearchAction\",\"target\":{\"@type\":\"EntryPoint\",\"urlTemplate\":\"https:\/\/www.mbh.fr\/fr\/?s={search_term_string}\"},\"query-input\":{\"@type\":\"PropertyValueSpecification\",\"valueRequired\":true,\"valueName\":\"search_term_string\"}}],\"inLanguage\":\"fr-FR\"},{\"@type\":\"Organization\",\"@id\":\"https:\/\/www.mbh.fr\/fr\/#organization\",\"name\":\"mont blanc h\u00e9licopt\u00e8res\",\"url\":\"https:\/\/www.mbh.fr\/fr\/\",\"logo\":{\"@type\":\"ImageObject\",\"inLanguage\":\"fr-FR\",\"@id\":\"https:\/\/www.mbh.fr\/fr\/#\/schema\/logo\/image\/\",\"url\":\"\",\"contentUrl\":\"\",\"caption\":\"mont blanc h\u00e9licopt\u00e8res\"},\"image\":{\"@id\":\"https:\/\/www.mbh.fr\/fr\/#\/schema\/logo\/image\/\"},\"sameAs\":[\"https:\/\/www.facebook.com\/MontBlancHelicopteres\/\",\"https:\/\/x.com\/MBHelicopteres\",\"https:\/\/www.instagram.com\/montblanchelicopteres\/\",\"https:\/\/www.linkedin.com\/company\/715290\/\"]}]}<\/script>\n<!-- \/ Yoast SEO plugin. -->","yoast_head_json":{"title":"CARRI\u00c8RES - Mont-Blanc H\u00e9licopt\u00e8res","robots":{"index":"index","follow":"follow","max-snippet":"max-snippet:-1","max-image-preview":"max-image-preview:large","max-video-preview":"max-video-preview:-1"},"canonical":"https:\/\/www.mbh.fr\/fr\/a-propos\/carrieres\/","og_locale":"fr_FR","og_type":"article","og_title":"CARRI\u00c8RES - Mont-Blanc H\u00e9licopt\u00e8res","og_description":"[vc_row][vc_column width=\u00a0\u00bb1\/1&Prime;][vc_column_text] Nos Offres Emplois Pour rejoindre le Groupe HBG, envoyez nous votre CV \u00e0 l&rsquo;adresse suivante : drh@hbg-group.aero\u00a0 . Pour toute demande de stages veuillez vous adresser \u00e0 : stage@hbg-group.aero\u00a0 Venez d\u00e9couvrir nos offres d&#8217;emplois.\u00a0 [\/vc_column_text][vc_separator][\/vc_column][\/vc_row][vc_row bg_color=\u00a0\u00bb#f8f8f8&Prime; section_arrow=\u00a0\u00bbfalse\u00a0\u00bb top_padding=\u00a0\u00bb10&Prime; bottom_padding=\u00a0\u00bb10&Prime;][vc_column width=\u00a0\u00bb1\/6&Prime;][vc_column_text][\/vc_column_text][\/vc_column][vc_column width=\u00a0\u00bb1\/6&Prime;][vc_column_text][\/vc_column_text][\/vc_column][vc_column width=\u00a0\u00bb1\/6&Prime;][vc_column_text][\/vc_column_text][\/vc_column][vc_column width=\u00a0\u00bb1\/2&Prime;][vc_column_text][\/vc_column_text][\/vc_column][\/vc_row]","og_url":"https:\/\/www.mbh.fr\/fr\/a-propos\/carrieres\/","og_site_name":"Mont-Blanc H\u00e9licopt\u00e8res","article_publisher":"https:\/\/www.facebook.com\/MontBlancHelicopteres\/","article_modified_time":"2020-10-02T12:45:46+00:00","twitter_card":"summary_large_image","twitter_site":"@MBHelicopteres","twitter_misc":{"Dur\u00e9e de lecture estim\u00e9e":"1 minute"},"schema":{"@context":"https:\/\/schema.org","@graph":[{"@type":"WebPage","@id":"https:\/\/www.mbh.fr\/fr\/a-propos\/carrieres\/","url":"https:\/\/www.mbh.fr\/fr\/a-propos\/carrieres\/","name":"CARRI\u00c8RES - Mont-Blanc H\u00e9licopt\u00e8res","isPartOf":{"@id":"https:\/\/www.mbh.fr\/fr\/#website"},"datePublished":"2017-11-08T19:59:11+00:00","dateModified":"2020-10-02T12:45:46+00:00","breadcrumb":{"@id":"https:\/\/www.mbh.fr\/fr\/a-propos\/carrieres\/#breadcrumb"},"inLanguage":"fr-FR","potentialAction":[{"@type":"ReadAction","target":["https:\/\/www.mbh.fr\/fr\/a-propos\/carrieres\/"]}]},{"@type":"BreadcrumbList","@id":"https:\/\/www.mbh.fr\/fr\/a-propos\/carrieres\/#breadcrumb","itemListElement":[{"@type":"ListItem","position":1,"name":"Accueil","item":"https:\/\/www.mbh.fr\/fr\/"},{"@type":"ListItem","position":2,"name":"\u00c0 PROPOS","item":"https:\/\/www.mbh.fr\/fr\/a-propos\/"},{"@type":"ListItem","position":3,"name":"CARRI\u00c8RES"}]},{"@type":"WebSite","@id":"https:\/\/www.mbh.fr\/fr\/#website","url":"https:\/\/www.mbh.fr\/fr\/","name":"Mont-Blanc H\u00e9licopt\u00e8res","description":"","publisher":{"@id":"https:\/\/www.mbh.fr\/fr\/#organization"},"potentialAction":[{"@type":"SearchAction","target":{"@type":"EntryPoint","urlTemplate":"https:\/\/www.mbh.fr\/fr\/?s={search_term_string}"},"query-input":{"@type":"PropertyValueSpecification","valueRequired":true,"valueName":"search_term_string"}}],"inLanguage":"fr-FR"},{"@type":"Organization","@id":"https:\/\/www.mbh.fr\/fr\/#organization","name":"mont blanc h\u00e9licopt\u00e8res","url":"https:\/\/www.mbh.fr\/fr\/","logo":{"@type":"ImageObject","inLanguage":"fr-FR","@id":"https:\/\/www.mbh.fr\/fr\/#\/schema\/logo\/image\/","url":"","contentUrl":"","caption":"mont blanc h\u00e9licopt\u00e8res"},"image":{"@id":"https:\/\/www.mbh.fr\/fr\/#\/schema\/logo\/image\/"},"sameAs":["https:\/\/www.facebook.com\/MontBlancHelicopteres\/","https:\/\/x.com\/MBHelicopteres","https:\/\/www.instagram.com\/montblanchelicopteres\/","https:\/\/www.linkedin.com\/company\/715290\/"]}]}},"_links":{"self":[{"href":"https:\/\/www.mbh.fr\/fr\/wp-json\/wp\/v2\/pages\/1602","targetHints":{"allow":["GET"]}}],"collection":[{"href":"https:\/\/www.mbh.fr\/fr\/wp-json\/wp\/v2\/pages"}],"about":[{"href":"https:\/\/www.mbh.fr\/fr\/wp-json\/wp\/v2\/types\/page"}],"author":[{"embeddable":true,"href":"https:\/\/www.mbh.fr\/fr\/wp-json\/wp\/v2\/users\/7"}],"replies":[{"embeddable":true,"href":"https:\/\/www.mbh.fr\/fr\/wp-json\/wp\/v2\/comments?post=1602"}],"version-history":[{"count":9,"href":"https:\/\/www.mbh.fr\/fr\/wp-json\/wp\/v2\/pages\/1602\/revisions"}],"predecessor-version":[{"id":8423,"href":"https:\/\/www.mbh.fr\/fr\/wp-json\/wp\/v2\/pages\/1602\/revisions\/8423"}],"up":[{"embeddable":true,"href":"https:\/\/www.mbh.fr\/fr\/wp-json\/wp\/v2\/pages\/1315"}],"wp:attachment":[{"href":"https:\/\/www.mbh.fr\/fr\/wp-json\/wp\/v2\/media?parent=1602"}],"curies":[{"name":"wp","href":"https:\/\/api.w.org\/{rel}","templated":true}]}}