{"id":2801,"date":"2018-01-25T10:13:32","date_gmt":"2018-01-25T09:13:32","guid":{"rendered":"http:\/\/www.mbh.fr\/?page_id=2801"},"modified":"2020-12-07T14:08:04","modified_gmt":"2020-12-07T13:08:04","slug":"vol-passagers","status":"publish","type":"page","link":"https:\/\/www.mbh.fr\/fr\/services\/vol-passagers\/","title":{"rendered":"VOL PASSAGERS"},"content":{"rendered":"<div class=\"wpb-content-wrapper\"><p>[vc_row type=\u00a0\u00bbfull_width_section\u00a0\u00bb bg_image=\u00a0\u00bb5011&Prime; parallax_bg=\u00a0\u00bbtrue\u00a0\u00bb top_padding=\u00a0\u00bb200&Prime; bottom_padding=\u00a0\u00bb200&Prime;][vc_column width=\u00a0\u00bb1\/1&Prime;][\/vc_column][\/vc_row][vc_row top_padding=\u00a0\u00bb30&Prime; bottom_padding=\u00a0\u00bb30&Prime;][vc_column width=\u00a0\u00bb1\/1&Prime;][vc_single_image image=\u00a0\u00bb4473&Prime; img_size=\u00a0\u00bbfull\u00a0\u00bb alignment=\u00a0\u00bbcenter\u00a0\u00bb el_class=\u00a0\u00bbisotype\u00a0\u00bb][vc_column_text]<\/p>\n<h2 style=\"text-align: center;\">Vols <strong>Passagers<\/strong><\/h2>\n<p>[\/vc_column_text][\/vc_column][\/vc_row][vc_row top_padding=\u00a0\u00bb25&Prime; bottom_padding=\u00a0\u00bb50&Prime;][vc_column width=\u00a0\u00bb2\/4&Prime;]<a href=\"\/fr\/services\/vol-passagers\/vols-touristiques\/tour-mont-blanc\" target=\"_self\" class=\"catimage wpb_content_element color-light\" style=\"height: 200px;\">\n\t\t\t<span style=\"background-image: url(https:\/\/www.mbh.fr\/wp-content\/uploads\/2019\/03\/vols-passagers-tour-du-mont-blanc.jpg); height: 200px;\"><\/span>\n\t\t\t<div class=\"catimage-overlay clearfix\" style=\"height: 200px;\">\n\t\t\t\t<div class=\"catimage-text\">TOUR DU MONT BLANC<\/div>\n\t\t\t<\/div><\/a>[vc_row_inner][vc_column_inner width=\u00a0\u00bb1\/2&Prime;]<a href=\"\/fr\/services\/vol-passagers\/vols-gourmands\" target=\"_self\" class=\"catimage wpb_content_element color-light\" style=\"height: 200px;\">\n\t\t\t<span style=\"background-image: url(https:\/\/www.mbh.fr\/wp-content\/uploads\/2020\/09\/goegres-blanc-1-scaled.jpg); height: 200px;\"><\/span>\n\t\t\t<div class=\"catimage-overlay clearfix\" style=\"height: 200px;\">\n\t\t\t\t<div class=\"catimage-text\">VOL GOURMAND<\/div>\n\t\t\t<\/div><\/a>[\/vc_column_inner][vc_column_inner width=\u00a0\u00bb1\/2&Prime;]<a href=\"\/fr\/services\/vol-passagers\/reprise-de-skieur\" target=\"_self\" class=\"catimage wpb_content_element color-light\" style=\"height: 200px;\">\n\t\t\t<span style=\"background-image: url(https:\/\/www.mbh.fr\/wp-content\/uploads\/2019\/03\/vols-passagers-reprise-skieur-1.jpg); height: 200px;\"><\/span>\n\t\t\t<div class=\"catimage-overlay clearfix\" style=\"height: 200px;\">\n\t\t\t\t<div class=\"catimage-text\">REPRISE SKIEURS<\/div>\n\t\t\t<\/div><\/a>[\/vc_column_inner][\/vc_row_inner][vc_row_inner][vc_column_inner width=\u00a0\u00bb1\/2&Prime;]<a href=\"\/fr\/services\/formation\" target=\"_self\" class=\"catimage wpb_content_element color-light\" style=\"height: 200px;\">\n\t\t\t<span style=\"background-image: url(https:\/\/www.mbh.fr\/wp-content\/uploads\/2019\/03\/vols-passagers-formation.jpg); height: 200px;\"><\/span>\n\t\t\t<div class=\"catimage-overlay clearfix\" style=\"height: 200px;\">\n\t\t\t\t<div class=\"catimage-text\">FORMATION<\/div>\n\t\t\t<\/div><\/a>[\/vc_column_inner][vc_column_inner width=\u00a0\u00bb1\/2&Prime;]<a href=\"\/fr\/services\/vol-passagers\/vols-initiation\" target=\"_self\" class=\"catimage wpb_content_element color-light\" style=\"height: 200px;\">\n\t\t\t<span style=\"background-image: url(https:\/\/www.mbh.fr\/wp-content\/uploads\/2019\/03\/vols-passagers-vol-initiation-1.jpg); height: 200px;\"><\/span>\n\t\t\t<div class=\"catimage-overlay clearfix\" style=\"height: 200px;\">\n\t\t\t\t<div class=\"catimage-text\">VOL INITIATION<\/div>\n\t\t\t<\/div><\/a>[\/vc_column_inner][\/vc_row_inner][\/vc_column][vc_column width=\u00a0\u00bb1\/4&Prime;]<a href=\"\/fr\/services\/vol-passagers\/vols-touristiques\" target=\"_self\" class=\"catimage wpb_content_element color-light\" style=\"height: 680px;\">\n\t\t\t<span style=\"background-image: url(https:\/\/www.mbh.fr\/wp-content\/uploads\/2020\/09\/HBG-Arcachon_\u252c\u00aePVerticale_T.Nalet-1319-scaled.jpg); height: 680px;\"><\/span>\n\t\t\t<div class=\"catimage-overlay clearfix\" style=\"height: 680px;\">\n\t\t\t\t<div class=\"catimage-text\">VOL TOURISTIQUES<\/div>\n\t\t\t<\/div><\/a>[\/vc_column][vc_column width=\u00a0\u00bb1\/4&Prime;]<a href=\"\/fr\/services\/vol-passagers\/vols-vip\" target=\"_self\" class=\"catimage wpb_content_element color-light\" style=\"height: 200px;\">\n\t\t\t<span style=\"background-image: url(https:\/\/www.mbh.fr\/wp-content\/uploads\/2020\/09\/AW169.jpg); height: 200px;\"><\/span>\n\t\t\t<div class=\"catimage-overlay clearfix\" style=\"height: 200px;\">\n\t\t\t\t<div class=\"catimage-text\">VOLS VIP \/ TAXI<\/div>\n\t\t\t<\/div><\/a><a href=\"\/fr\/services\/vol-passagers\/heliski\" target=\"_self\" class=\"catimage wpb_content_element color-light\" style=\"height: 200px;\">\n\t\t\t<span style=\"background-image: url(https:\/\/www.mbh.fr\/wp-content\/uploads\/2019\/03\/vols-passagers-heliski-1.jpg); height: 200px;\"><\/span>\n\t\t\t<div class=\"catimage-overlay clearfix\" style=\"height: 200px;\">\n\t\t\t\t<div class=\"catimage-text\">H\u00c9LISKI<\/div>\n\t\t\t<\/div><\/a><a href=\"\/fr\/services\/vol-passagers\/evenements\" target=\"_self\" class=\"catimage wpb_content_element color-light\" style=\"height: 200px;\">\n\t\t\t<span style=\"background-image: url(https:\/\/www.mbh.fr\/wp-content\/uploads\/2020\/09\/image00057.jpeg); height: 200px;\"><\/span>\n\t\t\t<div class=\"catimage-overlay clearfix\" style=\"height: 200px;\">\n\t\t\t\t<div class=\"catimage-text\">EVENEMENTS<\/div>\n\t\t\t<\/div><\/a>[\/vc_column][\/vc_row]<\/p>\n<\/div>","protected":false},"excerpt":{"rendered":"<p>[vc_row type=\u00a0\u00bbfull_width_section\u00a0\u00bb bg_image=\u00a0\u00bb5011&Prime; parallax_bg=\u00a0\u00bbtrue\u00a0\u00bb top_padding=\u00a0\u00bb200&Prime; bottom_padding=\u00a0\u00bb200&Prime;][vc_column width=\u00a0\u00bb1\/1&Prime;][\/vc_column][\/vc_row][vc_row top_padding=\u00a0\u00bb30&Prime; bottom_padding=\u00a0\u00bb30&Prime;][vc_column width=\u00a0\u00bb1\/1&Prime;][vc_single_image image=\u00a0\u00bb4473&Prime; img_size=\u00a0\u00bbfull\u00a0\u00bb alignment=\u00a0\u00bbcenter\u00a0\u00bb el_class=\u00a0\u00bbisotype\u00a0\u00bb][vc_column_text] Vols Passagers [\/vc_column_text][\/vc_column][\/vc_row][vc_row top_padding=\u00a0\u00bb25&Prime; bottom_padding=\u00a0\u00bb50&Prime;][vc_column width=\u00a0\u00bb2\/4&Prime;][vc_row_inner][vc_column_inner width=\u00a0\u00bb1\/2&Prime;][\/vc_column_inner][vc_column_inner width=\u00a0\u00bb1\/2&Prime;][\/vc_column_inner][\/vc_row_inner][vc_row_inner][vc_column_inner width=\u00a0\u00bb1\/2&Prime;][\/vc_column_inner][vc_column_inner width=\u00a0\u00bb1\/2&Prime;][\/vc_column_inner][\/vc_row_inner][\/vc_column][vc_column width=\u00a0\u00bb1\/4&Prime;][\/vc_column][vc_column width=\u00a0\u00bb1\/4&Prime;][\/vc_column][\/vc_row]<\/p>\n","protected":false},"author":7,"featured_media":0,"parent":1600,"menu_order":10,"comment_status":"closed","ping_status":"closed","template":"","meta":{"_acf_changed":false,"footnotes":""},"class_list":["post-2801","page","type-page","status-publish","hentry"],"acf":[],"yoast_head":"<!-- This site is optimized with the Yoast SEO plugin v26.9 - https:\/\/yoast.com\/product\/yoast-seo-wordpress\/ -->\n<title>Transport Passagers H\u00e9licopt\u00e8re - Exp\u00e9rience Mont Blanc H\u00e9licopt\u00e8res<\/title>\n<meta name=\"description\" content=\"Mont blanc H\u00e9licopt\u00e8res sp\u00e9cialis\u00e9 dans le transport passagers. Un service de qualit\u00e9 pour vos vols panoramique &amp; gastronomique, bapt\u00eames, vol VIP...\" \/>\n<meta name=\"robots\" content=\"index, follow, max-snippet:-1, max-image-preview:large, max-video-preview:-1\" \/>\n<link rel=\"canonical\" href=\"https:\/\/www.mbh.fr\/fr\/services\/vol-passagers\/\" \/>\n<meta property=\"og:locale\" content=\"fr_FR\" \/>\n<meta property=\"og:type\" content=\"article\" \/>\n<meta property=\"og:title\" content=\"Transport Passagers H\u00e9licopt\u00e8re - Exp\u00e9rience Mont Blanc H\u00e9licopt\u00e8res\" \/>\n<meta property=\"og:description\" content=\"Mont blanc H\u00e9licopt\u00e8res sp\u00e9cialis\u00e9 dans le transport passagers. Un service de qualit\u00e9 pour vos vols panoramique &amp; gastronomique, bapt\u00eames, vol VIP...\" \/>\n<meta property=\"og:url\" content=\"https:\/\/www.mbh.fr\/fr\/services\/vol-passagers\/\" \/>\n<meta property=\"og:site_name\" content=\"Mont-Blanc H\u00e9licopt\u00e8res\" \/>\n<meta property=\"article:publisher\" content=\"https:\/\/www.facebook.com\/MontBlancHelicopteres\/\" \/>\n<meta property=\"article:modified_time\" content=\"2020-12-07T13:08:04+00:00\" \/>\n<meta name=\"twitter:card\" content=\"summary_large_image\" \/>\n<meta name=\"twitter:site\" content=\"@MBHelicopteres\" \/>\n<meta name=\"twitter:label1\" content=\"Dur\u00e9e de lecture estim\u00e9e\" \/>\n\t<meta name=\"twitter:data1\" content=\"1 minute\" \/>\n<script type=\"application\/ld+json\" class=\"yoast-schema-graph\">{\"@context\":\"https:\/\/schema.org\",\"@graph\":[{\"@type\":\"WebPage\",\"@id\":\"https:\/\/www.mbh.fr\/fr\/services\/vol-passagers\/\",\"url\":\"https:\/\/www.mbh.fr\/fr\/services\/vol-passagers\/\",\"name\":\"Transport Passagers H\u00e9licopt\u00e8re - Exp\u00e9rience Mont Blanc H\u00e9licopt\u00e8res\",\"isPartOf\":{\"@id\":\"https:\/\/www.mbh.fr\/fr\/#website\"},\"datePublished\":\"2018-01-25T09:13:32+00:00\",\"dateModified\":\"2020-12-07T13:08:04+00:00\",\"description\":\"Mont blanc H\u00e9licopt\u00e8res sp\u00e9cialis\u00e9 dans le transport passagers. Un service de qualit\u00e9 pour vos vols panoramique & gastronomique, bapt\u00eames, vol VIP...\",\"breadcrumb\":{\"@id\":\"https:\/\/www.mbh.fr\/fr\/services\/vol-passagers\/#breadcrumb\"},\"inLanguage\":\"fr-FR\",\"potentialAction\":[{\"@type\":\"ReadAction\",\"target\":[\"https:\/\/www.mbh.fr\/fr\/services\/vol-passagers\/\"]}]},{\"@type\":\"BreadcrumbList\",\"@id\":\"https:\/\/www.mbh.fr\/fr\/services\/vol-passagers\/#breadcrumb\",\"itemListElement\":[{\"@type\":\"ListItem\",\"position\":1,\"name\":\"Accueil\",\"item\":\"https:\/\/www.mbh.fr\/fr\/\"},{\"@type\":\"ListItem\",\"position\":2,\"name\":\"PRESTATIONS\",\"item\":\"https:\/\/www.mbh.fr\/fr\/services\/\"},{\"@type\":\"ListItem\",\"position\":3,\"name\":\"VOL PASSAGERS\"}]},{\"@type\":\"WebSite\",\"@id\":\"https:\/\/www.mbh.fr\/fr\/#website\",\"url\":\"https:\/\/www.mbh.fr\/fr\/\",\"name\":\"Mont-Blanc H\u00e9licopt\u00e8res\",\"description\":\"\",\"publisher\":{\"@id\":\"https:\/\/www.mbh.fr\/fr\/#organization\"},\"potentialAction\":[{\"@type\":\"SearchAction\",\"target\":{\"@type\":\"EntryPoint\",\"urlTemplate\":\"https:\/\/www.mbh.fr\/fr\/?s={search_term_string}\"},\"query-input\":{\"@type\":\"PropertyValueSpecification\",\"valueRequired\":true,\"valueName\":\"search_term_string\"}}],\"inLanguage\":\"fr-FR\"},{\"@type\":\"Organization\",\"@id\":\"https:\/\/www.mbh.fr\/fr\/#organization\",\"name\":\"mont blanc h\u00e9licopt\u00e8res\",\"url\":\"https:\/\/www.mbh.fr\/fr\/\",\"logo\":{\"@type\":\"ImageObject\",\"inLanguage\":\"fr-FR\",\"@id\":\"https:\/\/www.mbh.fr\/fr\/#\/schema\/logo\/image\/\",\"url\":\"\",\"contentUrl\":\"\",\"caption\":\"mont blanc h\u00e9licopt\u00e8res\"},\"image\":{\"@id\":\"https:\/\/www.mbh.fr\/fr\/#\/schema\/logo\/image\/\"},\"sameAs\":[\"https:\/\/www.facebook.com\/MontBlancHelicopteres\/\",\"https:\/\/x.com\/MBHelicopteres\",\"https:\/\/www.instagram.com\/montblanchelicopteres\/\",\"https:\/\/www.linkedin.com\/company\/715290\/\"]}]}<\/script>\n<!-- \/ Yoast SEO plugin. -->","yoast_head_json":{"title":"Transport Passagers H\u00e9licopt\u00e8re - Exp\u00e9rience Mont Blanc H\u00e9licopt\u00e8res","description":"Mont blanc H\u00e9licopt\u00e8res sp\u00e9cialis\u00e9 dans le transport passagers. Un service de qualit\u00e9 pour vos vols panoramique & gastronomique, bapt\u00eames, vol VIP...","robots":{"index":"index","follow":"follow","max-snippet":"max-snippet:-1","max-image-preview":"max-image-preview:large","max-video-preview":"max-video-preview:-1"},"canonical":"https:\/\/www.mbh.fr\/fr\/services\/vol-passagers\/","og_locale":"fr_FR","og_type":"article","og_title":"Transport Passagers H\u00e9licopt\u00e8re - Exp\u00e9rience Mont Blanc H\u00e9licopt\u00e8res","og_description":"Mont blanc H\u00e9licopt\u00e8res sp\u00e9cialis\u00e9 dans le transport passagers. Un service de qualit\u00e9 pour vos vols panoramique & gastronomique, bapt\u00eames, vol VIP...","og_url":"https:\/\/www.mbh.fr\/fr\/services\/vol-passagers\/","og_site_name":"Mont-Blanc H\u00e9licopt\u00e8res","article_publisher":"https:\/\/www.facebook.com\/MontBlancHelicopteres\/","article_modified_time":"2020-12-07T13:08:04+00:00","twitter_card":"summary_large_image","twitter_site":"@MBHelicopteres","twitter_misc":{"Dur\u00e9e de lecture estim\u00e9e":"1 minute"},"schema":{"@context":"https:\/\/schema.org","@graph":[{"@type":"WebPage","@id":"https:\/\/www.mbh.fr\/fr\/services\/vol-passagers\/","url":"https:\/\/www.mbh.fr\/fr\/services\/vol-passagers\/","name":"Transport Passagers H\u00e9licopt\u00e8re - Exp\u00e9rience Mont Blanc H\u00e9licopt\u00e8res","isPartOf":{"@id":"https:\/\/www.mbh.fr\/fr\/#website"},"datePublished":"2018-01-25T09:13:32+00:00","dateModified":"2020-12-07T13:08:04+00:00","description":"Mont blanc H\u00e9licopt\u00e8res sp\u00e9cialis\u00e9 dans le transport passagers. Un service de qualit\u00e9 pour vos vols panoramique & gastronomique, bapt\u00eames, vol VIP...","breadcrumb":{"@id":"https:\/\/www.mbh.fr\/fr\/services\/vol-passagers\/#breadcrumb"},"inLanguage":"fr-FR","potentialAction":[{"@type":"ReadAction","target":["https:\/\/www.mbh.fr\/fr\/services\/vol-passagers\/"]}]},{"@type":"BreadcrumbList","@id":"https:\/\/www.mbh.fr\/fr\/services\/vol-passagers\/#breadcrumb","itemListElement":[{"@type":"ListItem","position":1,"name":"Accueil","item":"https:\/\/www.mbh.fr\/fr\/"},{"@type":"ListItem","position":2,"name":"PRESTATIONS","item":"https:\/\/www.mbh.fr\/fr\/services\/"},{"@type":"ListItem","position":3,"name":"VOL PASSAGERS"}]},{"@type":"WebSite","@id":"https:\/\/www.mbh.fr\/fr\/#website","url":"https:\/\/www.mbh.fr\/fr\/","name":"Mont-Blanc H\u00e9licopt\u00e8res","description":"","publisher":{"@id":"https:\/\/www.mbh.fr\/fr\/#organization"},"potentialAction":[{"@type":"SearchAction","target":{"@type":"EntryPoint","urlTemplate":"https:\/\/www.mbh.fr\/fr\/?s={search_term_string}"},"query-input":{"@type":"PropertyValueSpecification","valueRequired":true,"valueName":"search_term_string"}}],"inLanguage":"fr-FR"},{"@type":"Organization","@id":"https:\/\/www.mbh.fr\/fr\/#organization","name":"mont blanc h\u00e9licopt\u00e8res","url":"https:\/\/www.mbh.fr\/fr\/","logo":{"@type":"ImageObject","inLanguage":"fr-FR","@id":"https:\/\/www.mbh.fr\/fr\/#\/schema\/logo\/image\/","url":"","contentUrl":"","caption":"mont blanc h\u00e9licopt\u00e8res"},"image":{"@id":"https:\/\/www.mbh.fr\/fr\/#\/schema\/logo\/image\/"},"sameAs":["https:\/\/www.facebook.com\/MontBlancHelicopteres\/","https:\/\/x.com\/MBHelicopteres","https:\/\/www.instagram.com\/montblanchelicopteres\/","https:\/\/www.linkedin.com\/company\/715290\/"]}]}},"_links":{"self":[{"href":"https:\/\/www.mbh.fr\/fr\/wp-json\/wp\/v2\/pages\/2801","targetHints":{"allow":["GET"]}}],"collection":[{"href":"https:\/\/www.mbh.fr\/fr\/wp-json\/wp\/v2\/pages"}],"about":[{"href":"https:\/\/www.mbh.fr\/fr\/wp-json\/wp\/v2\/types\/page"}],"author":[{"embeddable":true,"href":"https:\/\/www.mbh.fr\/fr\/wp-json\/wp\/v2\/users\/7"}],"replies":[{"embeddable":true,"href":"https:\/\/www.mbh.fr\/fr\/wp-json\/wp\/v2\/comments?post=2801"}],"version-history":[{"count":6,"href":"https:\/\/www.mbh.fr\/fr\/wp-json\/wp\/v2\/pages\/2801\/revisions"}],"predecessor-version":[{"id":8574,"href":"https:\/\/www.mbh.fr\/fr\/wp-json\/wp\/v2\/pages\/2801\/revisions\/8574"}],"up":[{"embeddable":true,"href":"https:\/\/www.mbh.fr\/fr\/wp-json\/wp\/v2\/pages\/1600"}],"wp:attachment":[{"href":"https:\/\/www.mbh.fr\/fr\/wp-json\/wp\/v2\/media?parent=2801"}],"curies":[{"name":"wp","href":"https:\/\/api.w.org\/{rel}","templated":true}]}}