{"id":2807,"date":"2018-01-25T10:19:02","date_gmt":"2018-01-25T09:19:02","guid":{"rendered":"http:\/\/www.mbh.fr\/?page_id=2807"},"modified":"2025-02-06T15:32:12","modified_gmt":"2025-02-06T14:32:12","slug":"heliski","status":"publish","type":"page","link":"https:\/\/www.mbh.fr\/fr\/services\/vol-passagers\/heliski\/","title":{"rendered":"H\u00e9liski"},"content":{"rendered":"<div class=\"wpb-content-wrapper\"><p>[vc_row type=\u00a0\u00bbfull_width_section\u00a0\u00bb bg_image=\u00a0\u00bb4835&Prime; parallax_bg=\u00a0\u00bbtrue\u00a0\u00bb top_padding=\u00a0\u00bb200&Prime; bottom_padding=\u00a0\u00bb200&Prime;][vc_column width=\u00a0\u00bb1\/1&Prime;][\/vc_column][\/vc_row][vc_row top_padding=\u00a0\u00bb50&Prime; bottom_padding=\u00a0\u00bb50&Prime;][vc_column el_class=\u00a0\u00bbleft-col-menu-presta\u00a0\u00bb text_align=\u00a0\u00bbcenter\u00a0\u00bb width=\u00a0\u00bb1\/4&Prime;][vc_column_text]<\/p>\n<h3>Nos <strong>prestations<\/strong><\/h3>\n<p>[\/vc_column_text][vc_wp_custommenu nav_menu=\u00a0\u00bb861&Prime; el_id=\u00a0\u00bbsticky-menu-prestations\u00a0\u00bb][\/vc_column][vc_column text_align=\u00a0\u00bbcenter\u00a0\u00bb width=\u00a0\u00bb3\/4&Prime;][vc_single_image image=\u00a0\u00bb4473&Prime; img_size=\u00a0\u00bbfull\u00a0\u00bb alignment=\u00a0\u00bbcenter\u00a0\u00bb el_class=\u00a0\u00bbisotype\u00a0\u00bb][vc_column_text]<\/p>\n<h2 style=\"text-align: center;\"><strong>H\u00e9liski<\/strong><\/h2>\n<p>[\/vc_column_text][vc_column_text]<\/p>\n<p style=\"text-align: center;\"><img loading=\"lazy\" decoding=\"async\" class=\"wp-image-8582 alignnone\" src=\"https:\/\/www.mbh.fr\/wp-content\/uploads\/2020\/12\/ch.png\" alt=\"\" width=\"15\" height=\"15\" srcset=\"https:\/\/www.mbh.fr\/wp-content\/uploads\/2020\/12\/ch.png 580w, https:\/\/www.mbh.fr\/wp-content\/uploads\/2020\/12\/ch-80x80.png 80w, https:\/\/www.mbh.fr\/wp-content\/uploads\/2020\/12\/ch-500x500.png 500w\" sizes=\"auto, (max-width: 15px) 100vw, 15px\" \/> <img loading=\"lazy\" decoding=\"async\" class=\"alignnone wp-image-8596\" src=\"https:\/\/www.mbh.fr\/wp-content\/uploads\/2020\/08\/flag-400.png\" alt=\"\" width=\"23\" height=\"15\" \/> Cette activit\u00e9 se pratique en Suisse &amp; en Italie uniquement <img loading=\"lazy\" decoding=\"async\" class=\"wp-image-8582 alignnone\" src=\"https:\/\/www.mbh.fr\/wp-content\/uploads\/2020\/12\/ch.png\" alt=\"\" width=\"15\" height=\"15\" srcset=\"https:\/\/www.mbh.fr\/wp-content\/uploads\/2020\/12\/ch.png 580w, https:\/\/www.mbh.fr\/wp-content\/uploads\/2020\/12\/ch-80x80.png 80w, https:\/\/www.mbh.fr\/wp-content\/uploads\/2020\/12\/ch-500x500.png 500w\" sizes=\"auto, (max-width: 15px) 100vw, 15px\" \/> <img loading=\"lazy\" decoding=\"async\" class=\"alignnone wp-image-8596\" src=\"https:\/\/www.mbh.fr\/wp-content\/uploads\/2020\/08\/flag-400.png\" alt=\"\" width=\"23\" height=\"15\" \/><\/p>\n<p style=\"text-align: center;\"><strong>Ski hors-piste pour des sensations hors-normes. Go\u00fbtez au bonheur indicible d\u2019imprimer votre trace sur les pentes majestueuses et fra\u00eeche des Alpes.<\/strong><\/p>\n<p>En qu\u00eate de nouvelles sensations ? Laissez-vous tenter par le ski hors-pistes en compagnie d\u2019un guide, pour vous faire d\u00e9poser au sommet des montagnes en h\u00e9licopt\u00e8re et acc\u00e9der \u00e0 un immense terrain de jeu de poudreuse ou de glaciers. \u00c0 pratiquer avec un guide cette activit\u00e9 vous laisseras des souvenirs \u00e0 vie.<\/p>\n<p><strong>Informations pratiques &amp; logistiques\u00a0:<\/strong><\/p>\n<p>Cette activit\u00e9 se pratique uniquement en Suisse et en Italie, de ce fait \u00a0nous nous occupons d\u2019op\u00e9rer le transfert vers le point de d\u00e9part de notre filiales Suisse <a href=\"http:\/\/www.eaglevalais.ch\/Heliski\" target=\"_blank\" rel=\"noopener noreferrer\">Eagle Valais<\/a> (Sion) ou notre partenaire en Italie qui eux op\u00e9reront ensuite la d\u00e9pose H\u00e9liski. A titre informatif Mont Blanc H\u00e9licopt\u00e8res ne peut op\u00e9rer la d\u00e9pose H\u00e9liski \u00e9tant une compagnie a\u00e9rienne Fran\u00e7aise la r\u00e8glementation ne nous autorise uniquement le vol transfert de cette activit\u00e9.<\/p>\n<p>Nous contacter pour plus d\u2019informations<\/p>\n<p style=\"text-align: center;\"><strong>Au d\u00e9part de\u00a0:<\/strong>\u00a0 <a href=\"https:\/\/www.mbh.fr\/fr\/nos-bases\/les-arcs\/\">Les Arcs<\/a>, <a href=\"https:\/\/www.mbh.fr\/fr\/nos-bases\/courchevel\/\">Courchevel<\/a>, <a href=\"https:\/\/www.mbh.fr\/fr\/nos-bases\/megeve\/\">Meg\u00e8ve<\/a>, <a href=\"https:\/\/www.mbh.fr\/fr\/nos-bases\/avoriaz\/\">Avoriaz<\/a>, <a href=\"https:\/\/www.mbh.fr\/fr\/nos-bases\/sion\/\">Sion, <\/a><a href=\"https:\/\/www.mbh.fr\/fr\/nos-bases\/geneve-aeroport\/\">Gen\u00e8ve<\/a><\/p>\n<p>[\/vc_column_text][vc_btn title=\u00a0\u00bbContactez-nous\u00a0\u00bb color=\u00a0\u00bbblack\u00a0\u00bb size=\u00a0\u00bblg\u00a0\u00bb align=\u00a0\u00bbcenter\u00a0\u00bb i_align=\u00a0\u00bbright\u00a0\u00bb i_icon_fontawesome=\u00a0\u00bb\u00a0\u00bb add_icon=\u00a0\u00bbtrue\u00a0\u00bb link=\u00a0\u00bburl:http%3A%2F%2Fwww.eaglevalais.ch%2FContact||target:%20_blank|\u00a0\u00bb][\/vc_column][\/vc_row][vc_row top_padding=\u00a0\u00bb50&Prime; bottom_padding=\u00a0\u00bb50&Prime;][vc_column text_align=\u00a0\u00bbcenter\u00a0\u00bb width=\u00a0\u00bb1\/4&Prime;][\/vc_column][vc_column width=\u00a0\u00bb3\/4&Prime;]<div class=\"gallery-style-2\">\n\t\t<style type=\"text\/css\">\n\t\t\t#gallery-1 {\n\t\t\t\tmargin: auto;\n\t\t\t}\n\t\t\t#gallery-1 .gallery-item {\n\t\t\t\tfloat: left;\n\t\t\t\tmargin-top: 10px;\n\t\t\t\ttext-align: center;\n\t\t\t\twidth: 33%;\n\t\t\t}\n\t\t\t#gallery-1 img {\n\t\t\t\tborder: 2px solid #cfcfcf;\n\t\t\t}\n\t\t\t#gallery-1 .gallery-caption {\n\t\t\t\tmargin-left: 0;\n\t\t\t}\n\t\t\t\/* see gallery_shortcode() in wp-includes\/media.php *\/\n\t\t<\/style>\n\t\t<div id='gallery-1' class='gallery galleryid-2807 gallery-columns-3 gallery-size-thumbnail'><dl class='gallery-item'>\n\t\t\t<dt class='gallery-icon portrait'>\n\t\t\t\t<a rel=\"prettyPhoto[pp_gal]\" href='https:\/\/www.mbh.fr\/wp-content\/uploads\/2019\/02\/heliski-bottom-3.jpg'><img loading=\"lazy\" decoding=\"async\" width=\"600\" height=\"600\" src=\"https:\/\/www.mbh.fr\/wp-content\/uploads\/2019\/02\/heliski-bottom-3-600x600.jpg\" class=\"attachment-thumbnail size-thumbnail\" alt=\"\" srcset=\"https:\/\/www.mbh.fr\/wp-content\/uploads\/2019\/02\/heliski-bottom-3-600x600.jpg 600w, https:\/\/www.mbh.fr\/wp-content\/uploads\/2019\/02\/heliski-bottom-3-80x80.jpg 80w, https:\/\/www.mbh.fr\/wp-content\/uploads\/2019\/02\/heliski-bottom-3-500x500.jpg 500w, https:\/\/www.mbh.fr\/wp-content\/uploads\/2019\/02\/heliski-bottom-3-1000x1000.jpg 1000w\" sizes=\"auto, (max-width: 600px) 100vw, 600px\" \/><\/a>\n\t\t\t<\/dt><\/dl><dl class='gallery-item'>\n\t\t\t<dt class='gallery-icon landscape'>\n\t\t\t\t<a rel=\"prettyPhoto[pp_gal]\" href='https:\/\/www.mbh.fr\/wp-content\/uploads\/2019\/02\/heliski-bottom-2.jpg'><img loading=\"lazy\" decoding=\"async\" width=\"600\" height=\"600\" src=\"https:\/\/www.mbh.fr\/wp-content\/uploads\/2019\/02\/heliski-bottom-2-600x600.jpg\" class=\"attachment-thumbnail size-thumbnail\" alt=\"\" srcset=\"https:\/\/www.mbh.fr\/wp-content\/uploads\/2019\/02\/heliski-bottom-2-600x600.jpg 600w, https:\/\/www.mbh.fr\/wp-content\/uploads\/2019\/02\/heliski-bottom-2-80x80.jpg 80w, https:\/\/www.mbh.fr\/wp-content\/uploads\/2019\/02\/heliski-bottom-2-500x500.jpg 500w, https:\/\/www.mbh.fr\/wp-content\/uploads\/2019\/02\/heliski-bottom-2-1000x1000.jpg 1000w\" sizes=\"auto, (max-width: 600px) 100vw, 600px\" \/><\/a>\n\t\t\t<\/dt><\/dl><dl class='gallery-item'>\n\t\t\t<dt class='gallery-icon landscape'>\n\t\t\t\t<a rel=\"prettyPhoto[pp_gal]\" href='https:\/\/www.mbh.fr\/wp-content\/uploads\/2019\/02\/heliski-bottom-1.jpg'><img loading=\"lazy\" decoding=\"async\" width=\"600\" height=\"600\" src=\"https:\/\/www.mbh.fr\/wp-content\/uploads\/2019\/02\/heliski-bottom-1-600x600.jpg\" class=\"attachment-thumbnail size-thumbnail\" alt=\"helicoptere ski montagne\" srcset=\"https:\/\/www.mbh.fr\/wp-content\/uploads\/2019\/02\/heliski-bottom-1-600x600.jpg 600w, https:\/\/www.mbh.fr\/wp-content\/uploads\/2019\/02\/heliski-bottom-1-80x80.jpg 80w, https:\/\/www.mbh.fr\/wp-content\/uploads\/2019\/02\/heliski-bottom-1-500x500.jpg 500w, https:\/\/www.mbh.fr\/wp-content\/uploads\/2019\/02\/heliski-bottom-1-1000x1000.jpg 1000w\" sizes=\"auto, (max-width: 600px) 100vw, 600px\" \/><\/a>\n\t\t\t<\/dt><\/dl><br style=\"clear: both\" \/>\n\t\t<\/div>\n<\/div>[\/vc_column][\/vc_row]<\/p>\n<\/div>","protected":false},"excerpt":{"rendered":"<p>[vc_row type=\u00a0\u00bbfull_width_section\u00a0\u00bb bg_image=\u00a0\u00bb4835&Prime; parallax_bg=\u00a0\u00bbtrue\u00a0\u00bb top_padding=\u00a0\u00bb200&Prime; bottom_padding=\u00a0\u00bb200&Prime;][vc_column width=\u00a0\u00bb1\/1&Prime;][\/vc_column][\/vc_row][vc_row top_padding=\u00a0\u00bb50&Prime; bottom_padding=\u00a0\u00bb50&Prime;][vc_column el_class=\u00a0\u00bbleft-col-menu-presta\u00a0\u00bb text_align=\u00a0\u00bbcenter\u00a0\u00bb width=\u00a0\u00bb1\/4&Prime;][vc_column_text] Nos prestations [\/vc_column_text][vc_wp_custommenu nav_menu=\u00a0\u00bb861&Prime; el_id=\u00a0\u00bbsticky-menu-prestations\u00a0\u00bb][\/vc_column][vc_column text_align=\u00a0\u00bbcenter\u00a0\u00bb width=\u00a0\u00bb3\/4&Prime;][vc_single_image image=\u00a0\u00bb4473&Prime; img_size=\u00a0\u00bbfull\u00a0\u00bb alignment=\u00a0\u00bbcenter\u00a0\u00bb el_class=\u00a0\u00bbisotype\u00a0\u00bb][vc_column_text] H\u00e9liski [\/vc_column_text][vc_column_text] Cette activit\u00e9 se pratique en Suisse &amp; en Italie uniquement Ski hors-piste pour des sensations hors-normes. Go\u00fbtez au bonheur indicible d\u2019imprimer votre trace sur les pentes majestueuses et fra\u00eeche des Alpes. En qu\u00eate de nouvelles sensations ? Laissez-vous tenter par le ski hors-pistes en compagnie d\u2019un guide, pour vous faire d\u00e9poser au sommet des montagnes en h\u00e9licopt\u00e8re et acc\u00e9der \u00e0 un immense terrain de jeu de poudreuse ou de glaciers. \u00c0 pratiquer avec un guide cette activit\u00e9 vous laisseras des souvenirs \u00e0 vie. Informations pratiques &amp; logistiques\u00a0: Cette activit\u00e9 se pratique uniquement en Suisse et en Italie, de ce fait \u00a0nous nous occupons d\u2019op\u00e9rer le transfert vers le point de d\u00e9part de notre filiales Suisse Eagle Valais (Sion) ou notre partenaire en Italie qui eux op\u00e9reront ensuite la d\u00e9pose H\u00e9liski. A titre informatif Mont Blanc H\u00e9licopt\u00e8res ne peut op\u00e9rer la d\u00e9pose H\u00e9liski \u00e9tant une compagnie a\u00e9rienne Fran\u00e7aise la r\u00e8glementation ne nous autorise uniquement le vol transfert de cette activit\u00e9. Nous contacter pour plus d\u2019informations Au d\u00e9part de\u00a0:\u00a0 Les Arcs, Courchevel, Meg\u00e8ve, Avoriaz, Sion, Gen\u00e8ve [\/vc_column_text][vc_btn [&hellip;]<\/p>\n","protected":false},"author":7,"featured_media":0,"parent":2801,"menu_order":0,"comment_status":"closed","ping_status":"closed","template":"","meta":{"_acf_changed":false,"footnotes":""},"class_list":["post-2807","page","type-page","status-publish","hentry"],"acf":[],"yoast_head":"<!-- This site is optimized with the Yoast SEO plugin v26.9 - https:\/\/yoast.com\/product\/yoast-seo-wordpress\/ -->\n<title>H\u00e9liski - Mont-Blanc H\u00e9licopt\u00e8res<\/title>\n<meta name=\"robots\" content=\"index, follow, max-snippet:-1, max-image-preview:large, max-video-preview:-1\" \/>\n<link rel=\"canonical\" href=\"https:\/\/www.mbh.fr\/fr\/services\/vol-passagers\/heliski\/\" \/>\n<meta property=\"og:locale\" content=\"fr_FR\" \/>\n<meta property=\"og:type\" content=\"article\" \/>\n<meta property=\"og:title\" content=\"H\u00e9liski - Mont-Blanc H\u00e9licopt\u00e8res\" \/>\n<meta property=\"og:description\" content=\"[vc_row type=\u00a0\u00bbfull_width_section\u00a0\u00bb bg_image=\u00a0\u00bb4835&Prime; parallax_bg=\u00a0\u00bbtrue\u00a0\u00bb top_padding=\u00a0\u00bb200&Prime; bottom_padding=\u00a0\u00bb200&Prime;][vc_column width=\u00a0\u00bb1\/1&Prime;][\/vc_column][\/vc_row][vc_row top_padding=\u00a0\u00bb50&Prime; bottom_padding=\u00a0\u00bb50&Prime;][vc_column el_class=\u00a0\u00bbleft-col-menu-presta\u00a0\u00bb text_align=\u00a0\u00bbcenter\u00a0\u00bb width=\u00a0\u00bb1\/4&Prime;][vc_column_text] Nos prestations [\/vc_column_text][vc_wp_custommenu nav_menu=\u00a0\u00bb861&Prime; el_id=\u00a0\u00bbsticky-menu-prestations\u00a0\u00bb][\/vc_column][vc_column text_align=\u00a0\u00bbcenter\u00a0\u00bb width=\u00a0\u00bb3\/4&Prime;][vc_single_image image=\u00a0\u00bb4473&Prime; img_size=\u00a0\u00bbfull\u00a0\u00bb alignment=\u00a0\u00bbcenter\u00a0\u00bb el_class=\u00a0\u00bbisotype\u00a0\u00bb][vc_column_text] H\u00e9liski [\/vc_column_text][vc_column_text] Cette activit\u00e9 se pratique en Suisse &amp; en Italie uniquement Ski hors-piste pour des sensations hors-normes. Go\u00fbtez au bonheur indicible d\u2019imprimer votre trace sur les pentes majestueuses et fra\u00eeche des Alpes. En qu\u00eate de nouvelles sensations ? Laissez-vous tenter par le ski hors-pistes en compagnie d\u2019un guide, pour vous faire d\u00e9poser au sommet des montagnes en h\u00e9licopt\u00e8re et acc\u00e9der \u00e0 un immense terrain de jeu de poudreuse ou de glaciers. \u00c0 pratiquer avec un guide cette activit\u00e9 vous laisseras des souvenirs \u00e0 vie. Informations pratiques &amp; logistiques\u00a0: Cette activit\u00e9 se pratique uniquement en Suisse et en Italie, de ce fait \u00a0nous nous occupons d\u2019op\u00e9rer le transfert vers le point de d\u00e9part de notre filiales Suisse Eagle Valais (Sion) ou notre partenaire en Italie qui eux op\u00e9reront ensuite la d\u00e9pose H\u00e9liski. A titre informatif Mont Blanc H\u00e9licopt\u00e8res ne peut op\u00e9rer la d\u00e9pose H\u00e9liski \u00e9tant une compagnie a\u00e9rienne Fran\u00e7aise la r\u00e8glementation ne nous autorise uniquement le vol transfert de cette activit\u00e9. Nous contacter pour plus d\u2019informations Au d\u00e9part de\u00a0:\u00a0 Les Arcs, Courchevel, Meg\u00e8ve, Avoriaz, Sion, Gen\u00e8ve [\/vc_column_text][vc_btn [&hellip;]\" \/>\n<meta property=\"og:url\" content=\"https:\/\/www.mbh.fr\/fr\/services\/vol-passagers\/heliski\/\" \/>\n<meta property=\"og:site_name\" content=\"Mont-Blanc H\u00e9licopt\u00e8res\" \/>\n<meta property=\"article:publisher\" content=\"https:\/\/www.facebook.com\/MontBlancHelicopteres\/\" \/>\n<meta property=\"article:modified_time\" content=\"2025-02-06T14:32:12+00:00\" \/>\n<meta property=\"og:image\" content=\"https:\/\/www.mbh.fr\/wp-content\/uploads\/2020\/12\/ch.png\" \/>\n<meta name=\"twitter:card\" content=\"summary_large_image\" \/>\n<meta name=\"twitter:site\" content=\"@MBHelicopteres\" \/>\n<meta name=\"twitter:label1\" content=\"Dur\u00e9e de lecture estim\u00e9e\" \/>\n\t<meta name=\"twitter:data1\" content=\"2 minutes\" \/>\n<script type=\"application\/ld+json\" class=\"yoast-schema-graph\">{\"@context\":\"https:\/\/schema.org\",\"@graph\":[{\"@type\":\"WebPage\",\"@id\":\"https:\/\/www.mbh.fr\/fr\/services\/vol-passagers\/heliski\/\",\"url\":\"https:\/\/www.mbh.fr\/fr\/services\/vol-passagers\/heliski\/\",\"name\":\"H\u00e9liski - Mont-Blanc H\u00e9licopt\u00e8res\",\"isPartOf\":{\"@id\":\"https:\/\/www.mbh.fr\/fr\/#website\"},\"primaryImageOfPage\":{\"@id\":\"https:\/\/www.mbh.fr\/fr\/services\/vol-passagers\/heliski\/#primaryimage\"},\"image\":{\"@id\":\"https:\/\/www.mbh.fr\/fr\/services\/vol-passagers\/heliski\/#primaryimage\"},\"thumbnailUrl\":\"https:\/\/www.mbh.fr\/wp-content\/uploads\/2020\/12\/ch.png\",\"datePublished\":\"2018-01-25T09:19:02+00:00\",\"dateModified\":\"2025-02-06T14:32:12+00:00\",\"breadcrumb\":{\"@id\":\"https:\/\/www.mbh.fr\/fr\/services\/vol-passagers\/heliski\/#breadcrumb\"},\"inLanguage\":\"fr-FR\",\"potentialAction\":[{\"@type\":\"ReadAction\",\"target\":[\"https:\/\/www.mbh.fr\/fr\/services\/vol-passagers\/heliski\/\"]}]},{\"@type\":\"ImageObject\",\"inLanguage\":\"fr-FR\",\"@id\":\"https:\/\/www.mbh.fr\/fr\/services\/vol-passagers\/heliski\/#primaryimage\",\"url\":\"https:\/\/www.mbh.fr\/wp-content\/uploads\/2020\/12\/ch.png\",\"contentUrl\":\"https:\/\/www.mbh.fr\/wp-content\/uploads\/2020\/12\/ch.png\"},{\"@type\":\"BreadcrumbList\",\"@id\":\"https:\/\/www.mbh.fr\/fr\/services\/vol-passagers\/heliski\/#breadcrumb\",\"itemListElement\":[{\"@type\":\"ListItem\",\"position\":1,\"name\":\"Accueil\",\"item\":\"https:\/\/www.mbh.fr\/fr\/\"},{\"@type\":\"ListItem\",\"position\":2,\"name\":\"PRESTATIONS\",\"item\":\"https:\/\/www.mbh.fr\/fr\/services\/\"},{\"@type\":\"ListItem\",\"position\":3,\"name\":\"VOL PASSAGERS\",\"item\":\"https:\/\/www.mbh.fr\/fr\/services\/vol-passagers\/\"},{\"@type\":\"ListItem\",\"position\":4,\"name\":\"H\u00e9liski\"}]},{\"@type\":\"WebSite\",\"@id\":\"https:\/\/www.mbh.fr\/fr\/#website\",\"url\":\"https:\/\/www.mbh.fr\/fr\/\",\"name\":\"Mont-Blanc H\u00e9licopt\u00e8res\",\"description\":\"\",\"publisher\":{\"@id\":\"https:\/\/www.mbh.fr\/fr\/#organization\"},\"potentialAction\":[{\"@type\":\"SearchAction\",\"target\":{\"@type\":\"EntryPoint\",\"urlTemplate\":\"https:\/\/www.mbh.fr\/fr\/?s={search_term_string}\"},\"query-input\":{\"@type\":\"PropertyValueSpecification\",\"valueRequired\":true,\"valueName\":\"search_term_string\"}}],\"inLanguage\":\"fr-FR\"},{\"@type\":\"Organization\",\"@id\":\"https:\/\/www.mbh.fr\/fr\/#organization\",\"name\":\"mont blanc h\u00e9licopt\u00e8res\",\"url\":\"https:\/\/www.mbh.fr\/fr\/\",\"logo\":{\"@type\":\"ImageObject\",\"inLanguage\":\"fr-FR\",\"@id\":\"https:\/\/www.mbh.fr\/fr\/#\/schema\/logo\/image\/\",\"url\":\"\",\"contentUrl\":\"\",\"caption\":\"mont blanc h\u00e9licopt\u00e8res\"},\"image\":{\"@id\":\"https:\/\/www.mbh.fr\/fr\/#\/schema\/logo\/image\/\"},\"sameAs\":[\"https:\/\/www.facebook.com\/MontBlancHelicopteres\/\",\"https:\/\/x.com\/MBHelicopteres\",\"https:\/\/www.instagram.com\/montblanchelicopteres\/\",\"https:\/\/www.linkedin.com\/company\/715290\/\"]}]}<\/script>\n<!-- \/ Yoast SEO plugin. -->","yoast_head_json":{"title":"H\u00e9liski - Mont-Blanc H\u00e9licopt\u00e8res","robots":{"index":"index","follow":"follow","max-snippet":"max-snippet:-1","max-image-preview":"max-image-preview:large","max-video-preview":"max-video-preview:-1"},"canonical":"https:\/\/www.mbh.fr\/fr\/services\/vol-passagers\/heliski\/","og_locale":"fr_FR","og_type":"article","og_title":"H\u00e9liski - Mont-Blanc H\u00e9licopt\u00e8res","og_description":"[vc_row type=\u00a0\u00bbfull_width_section\u00a0\u00bb bg_image=\u00a0\u00bb4835&Prime; parallax_bg=\u00a0\u00bbtrue\u00a0\u00bb top_padding=\u00a0\u00bb200&Prime; bottom_padding=\u00a0\u00bb200&Prime;][vc_column width=\u00a0\u00bb1\/1&Prime;][\/vc_column][\/vc_row][vc_row top_padding=\u00a0\u00bb50&Prime; bottom_padding=\u00a0\u00bb50&Prime;][vc_column el_class=\u00a0\u00bbleft-col-menu-presta\u00a0\u00bb text_align=\u00a0\u00bbcenter\u00a0\u00bb width=\u00a0\u00bb1\/4&Prime;][vc_column_text] Nos prestations [\/vc_column_text][vc_wp_custommenu nav_menu=\u00a0\u00bb861&Prime; el_id=\u00a0\u00bbsticky-menu-prestations\u00a0\u00bb][\/vc_column][vc_column text_align=\u00a0\u00bbcenter\u00a0\u00bb width=\u00a0\u00bb3\/4&Prime;][vc_single_image image=\u00a0\u00bb4473&Prime; img_size=\u00a0\u00bbfull\u00a0\u00bb alignment=\u00a0\u00bbcenter\u00a0\u00bb el_class=\u00a0\u00bbisotype\u00a0\u00bb][vc_column_text] H\u00e9liski [\/vc_column_text][vc_column_text] Cette activit\u00e9 se pratique en Suisse &amp; en Italie uniquement Ski hors-piste pour des sensations hors-normes. Go\u00fbtez au bonheur indicible d\u2019imprimer votre trace sur les pentes majestueuses et fra\u00eeche des Alpes. En qu\u00eate de nouvelles sensations ? Laissez-vous tenter par le ski hors-pistes en compagnie d\u2019un guide, pour vous faire d\u00e9poser au sommet des montagnes en h\u00e9licopt\u00e8re et acc\u00e9der \u00e0 un immense terrain de jeu de poudreuse ou de glaciers. \u00c0 pratiquer avec un guide cette activit\u00e9 vous laisseras des souvenirs \u00e0 vie. Informations pratiques &amp; logistiques\u00a0: Cette activit\u00e9 se pratique uniquement en Suisse et en Italie, de ce fait \u00a0nous nous occupons d\u2019op\u00e9rer le transfert vers le point de d\u00e9part de notre filiales Suisse Eagle Valais (Sion) ou notre partenaire en Italie qui eux op\u00e9reront ensuite la d\u00e9pose H\u00e9liski. A titre informatif Mont Blanc H\u00e9licopt\u00e8res ne peut op\u00e9rer la d\u00e9pose H\u00e9liski \u00e9tant une compagnie a\u00e9rienne Fran\u00e7aise la r\u00e8glementation ne nous autorise uniquement le vol transfert de cette activit\u00e9. Nous contacter pour plus d\u2019informations Au d\u00e9part de\u00a0:\u00a0 Les Arcs, Courchevel, Meg\u00e8ve, Avoriaz, Sion, Gen\u00e8ve [\/vc_column_text][vc_btn [&hellip;]","og_url":"https:\/\/www.mbh.fr\/fr\/services\/vol-passagers\/heliski\/","og_site_name":"Mont-Blanc H\u00e9licopt\u00e8res","article_publisher":"https:\/\/www.facebook.com\/MontBlancHelicopteres\/","article_modified_time":"2025-02-06T14:32:12+00:00","og_image":[{"url":"https:\/\/www.mbh.fr\/wp-content\/uploads\/2020\/12\/ch.png","type":"","width":"","height":""}],"twitter_card":"summary_large_image","twitter_site":"@MBHelicopteres","twitter_misc":{"Dur\u00e9e de lecture estim\u00e9e":"2 minutes"},"schema":{"@context":"https:\/\/schema.org","@graph":[{"@type":"WebPage","@id":"https:\/\/www.mbh.fr\/fr\/services\/vol-passagers\/heliski\/","url":"https:\/\/www.mbh.fr\/fr\/services\/vol-passagers\/heliski\/","name":"H\u00e9liski - Mont-Blanc H\u00e9licopt\u00e8res","isPartOf":{"@id":"https:\/\/www.mbh.fr\/fr\/#website"},"primaryImageOfPage":{"@id":"https:\/\/www.mbh.fr\/fr\/services\/vol-passagers\/heliski\/#primaryimage"},"image":{"@id":"https:\/\/www.mbh.fr\/fr\/services\/vol-passagers\/heliski\/#primaryimage"},"thumbnailUrl":"https:\/\/www.mbh.fr\/wp-content\/uploads\/2020\/12\/ch.png","datePublished":"2018-01-25T09:19:02+00:00","dateModified":"2025-02-06T14:32:12+00:00","breadcrumb":{"@id":"https:\/\/www.mbh.fr\/fr\/services\/vol-passagers\/heliski\/#breadcrumb"},"inLanguage":"fr-FR","potentialAction":[{"@type":"ReadAction","target":["https:\/\/www.mbh.fr\/fr\/services\/vol-passagers\/heliski\/"]}]},{"@type":"ImageObject","inLanguage":"fr-FR","@id":"https:\/\/www.mbh.fr\/fr\/services\/vol-passagers\/heliski\/#primaryimage","url":"https:\/\/www.mbh.fr\/wp-content\/uploads\/2020\/12\/ch.png","contentUrl":"https:\/\/www.mbh.fr\/wp-content\/uploads\/2020\/12\/ch.png"},{"@type":"BreadcrumbList","@id":"https:\/\/www.mbh.fr\/fr\/services\/vol-passagers\/heliski\/#breadcrumb","itemListElement":[{"@type":"ListItem","position":1,"name":"Accueil","item":"https:\/\/www.mbh.fr\/fr\/"},{"@type":"ListItem","position":2,"name":"PRESTATIONS","item":"https:\/\/www.mbh.fr\/fr\/services\/"},{"@type":"ListItem","position":3,"name":"VOL PASSAGERS","item":"https:\/\/www.mbh.fr\/fr\/services\/vol-passagers\/"},{"@type":"ListItem","position":4,"name":"H\u00e9liski"}]},{"@type":"WebSite","@id":"https:\/\/www.mbh.fr\/fr\/#website","url":"https:\/\/www.mbh.fr\/fr\/","name":"Mont-Blanc H\u00e9licopt\u00e8res","description":"","publisher":{"@id":"https:\/\/www.mbh.fr\/fr\/#organization"},"potentialAction":[{"@type":"SearchAction","target":{"@type":"EntryPoint","urlTemplate":"https:\/\/www.mbh.fr\/fr\/?s={search_term_string}"},"query-input":{"@type":"PropertyValueSpecification","valueRequired":true,"valueName":"search_term_string"}}],"inLanguage":"fr-FR"},{"@type":"Organization","@id":"https:\/\/www.mbh.fr\/fr\/#organization","name":"mont blanc h\u00e9licopt\u00e8res","url":"https:\/\/www.mbh.fr\/fr\/","logo":{"@type":"ImageObject","inLanguage":"fr-FR","@id":"https:\/\/www.mbh.fr\/fr\/#\/schema\/logo\/image\/","url":"","contentUrl":"","caption":"mont blanc h\u00e9licopt\u00e8res"},"image":{"@id":"https:\/\/www.mbh.fr\/fr\/#\/schema\/logo\/image\/"},"sameAs":["https:\/\/www.facebook.com\/MontBlancHelicopteres\/","https:\/\/x.com\/MBHelicopteres","https:\/\/www.instagram.com\/montblanchelicopteres\/","https:\/\/www.linkedin.com\/company\/715290\/"]}]}},"_links":{"self":[{"href":"https:\/\/www.mbh.fr\/fr\/wp-json\/wp\/v2\/pages\/2807","targetHints":{"allow":["GET"]}}],"collection":[{"href":"https:\/\/www.mbh.fr\/fr\/wp-json\/wp\/v2\/pages"}],"about":[{"href":"https:\/\/www.mbh.fr\/fr\/wp-json\/wp\/v2\/types\/page"}],"author":[{"embeddable":true,"href":"https:\/\/www.mbh.fr\/fr\/wp-json\/wp\/v2\/users\/7"}],"replies":[{"embeddable":true,"href":"https:\/\/www.mbh.fr\/fr\/wp-json\/wp\/v2\/comments?post=2807"}],"version-history":[{"count":11,"href":"https:\/\/www.mbh.fr\/fr\/wp-json\/wp\/v2\/pages\/2807\/revisions"}],"predecessor-version":[{"id":14109,"href":"https:\/\/www.mbh.fr\/fr\/wp-json\/wp\/v2\/pages\/2807\/revisions\/14109"}],"up":[{"embeddable":true,"href":"https:\/\/www.mbh.fr\/fr\/wp-json\/wp\/v2\/pages\/2801"}],"wp:attachment":[{"href":"https:\/\/www.mbh.fr\/fr\/wp-json\/wp\/v2\/media?parent=2807"}],"curies":[{"name":"wp","href":"https:\/\/api.w.org\/{rel}","templated":true}]}}