{"id":2809,"date":"2018-01-25T10:20:20","date_gmt":"2018-01-25T09:20:20","guid":{"rendered":"http:\/\/www.mbh.fr\/?page_id=2809"},"modified":"2020-12-16T10:22:55","modified_gmt":"2020-12-16T09:22:55","slug":"reprise-de-skieur","status":"publish","type":"page","link":"https:\/\/www.mbh.fr\/fr\/services\/vol-passagers\/reprise-de-skieur\/","title":{"rendered":"Reprise Skieurs"},"content":{"rendered":"<div class=\"wpb-content-wrapper\"><p>[vc_row type=\u00a0\u00bbfull_width_section\u00a0\u00bb bg_image=\u00a0\u00bb4841&Prime; parallax_bg=\u00a0\u00bbtrue\u00a0\u00bb top_padding=\u00a0\u00bb200&Prime; bottom_padding=\u00a0\u00bb200&Prime;][vc_column width=\u00a0\u00bb1\/1&Prime;][\/vc_column][\/vc_row][vc_row top_padding=\u00a0\u00bb50&Prime; bottom_padding=\u00a0\u00bb50&Prime;][vc_column el_class=\u00a0\u00bbleft-col-menu-presta\u00a0\u00bb text_align=\u00a0\u00bbcenter\u00a0\u00bb width=\u00a0\u00bb1\/4&Prime;][vc_column_text]<\/p>\n<h3>Nos <strong>prestations<\/strong><\/h3>\n<p>[\/vc_column_text][vc_wp_custommenu nav_menu=\u00a0\u00bb861&Prime; el_id=\u00a0\u00bbsticky-menu-prestations\u00a0\u00bb][\/vc_column][vc_column text_align=\u00a0\u00bbcenter\u00a0\u00bb width=\u00a0\u00bb3\/4&Prime;][vc_single_image image=\u00a0\u00bb4473&Prime; img_size=\u00a0\u00bbfull\u00a0\u00bb alignment=\u00a0\u00bbcenter\u00a0\u00bb el_class=\u00a0\u00bbisotype\u00a0\u00bb][vc_column_text]<\/p>\n<h2 style=\"text-align: center;\">Reprise\u00a0<strong>skieurs<\/strong><\/h2>\n<p>[\/vc_column_text][vc_column_text]<\/p>\n<p style=\"text-align: center;\"><img loading=\"lazy\" decoding=\"async\" class=\"alignnone wp-image-8585\" src=\"https:\/\/www.mbh.fr\/wp-content\/uploads\/2020\/12\/Drapeau_France.png\" alt=\"\" width=\"20\" height=\"13\" srcset=\"https:\/\/www.mbh.fr\/wp-content\/uploads\/2020\/12\/Drapeau_France.png 800w, https:\/\/www.mbh.fr\/wp-content\/uploads\/2020\/12\/Drapeau_France-768x512.png 768w, https:\/\/www.mbh.fr\/wp-content\/uploads\/2020\/12\/Drapeau_France-600x400.png 600w\" sizes=\"auto, (max-width: 20px) 100vw, 20px\" \/>\u00a0 Cette activit\u00e9 se pratique en France uniquement <img loading=\"lazy\" decoding=\"async\" class=\"alignnone wp-image-8585\" src=\"https:\/\/www.mbh.fr\/wp-content\/uploads\/2020\/12\/Drapeau_France.png\" alt=\"\" width=\"20\" height=\"13\" srcset=\"https:\/\/www.mbh.fr\/wp-content\/uploads\/2020\/12\/Drapeau_France.png 800w, https:\/\/www.mbh.fr\/wp-content\/uploads\/2020\/12\/Drapeau_France-768x512.png 768w, https:\/\/www.mbh.fr\/wp-content\/uploads\/2020\/12\/Drapeau_France-600x400.png 600w\" sizes=\"auto, (max-width: 20px) 100vw, 20px\" \/><\/p>\n<p style=\"text-align: center;\"><strong>Pour tous les amateurs de ski hors-piste et de sensations fortes,<\/strong> venez profiter de nos h\u00e9licopt\u00e8res pour venir vous chercher apr\u00e8s votre descente et vous rapprocher de votre prochaine destination\u00a0:<\/p>\n<p style=\"text-align: center;\"><strong>Domaine skiable\u00a0:<\/strong>\u00a0 <a href=\"https:\/\/www.mbh.fr\/fr\/nos-bases\/les-arcs\/\">Les Arcs<\/a>, <a href=\"https:\/\/www.mbh.fr\/fr\/nos-bases\/courchevel\/\">Courchevel<\/a>, <a href=\"https:\/\/www.mbh.fr\/fr\/nos-bases\/megeve\/\">Meg\u00e8ve<\/a>, <a href=\"https:\/\/www.mbh.fr\/fr\/nos-bases\/avoriaz\/\">Avoriaz<\/a>, La Rosi\u00e8re, La Plagne, Tignes &amp; Val d&rsquo;Is\u00e8res<\/p>\n<p><a href=\"https:\/\/www.mbh.fr\/wp-content\/uploads\/2020\/08\/Fiche_DZ-Reprise-skieurs_Heliski.pdf\" target=\"_blank\" rel=\"noopener noreferrer\">T\u00e9l\u00e9charger notre fiche destinations et contact pour chaque domaine ici !<\/a>[\/vc_column_text][vc_btn title=\u00a0\u00bbContactez-nous\u00a0\u00bb color=\u00a0\u00bbblack\u00a0\u00bb size=\u00a0\u00bblg\u00a0\u00bb align=\u00a0\u00bbcenter\u00a0\u00bb i_align=\u00a0\u00bbright\u00a0\u00bb i_icon_fontawesome=\u00a0\u00bbfa fa-angle-right\u00a0\u00bb add_icon=\u00a0\u00bbtrue\u00a0\u00bb link=\u00a0\u00bburl:https%3A%2F%2Fwww.mbh.fr%2Ffr%2Fcontact%2F||target:%20_blank|\u00a0\u00bb][\/vc_column][\/vc_row][vc_row top_padding=\u00a0\u00bb50&Prime; bottom_padding=\u00a0\u00bb50&Prime;][vc_column text_align=\u00a0\u00bbcenter\u00a0\u00bb width=\u00a0\u00bb1\/4&Prime;][\/vc_column][vc_column width=\u00a0\u00bb3\/4&Prime;]<div class=\"gallery-style-2\">\n\t\t<style type=\"text\/css\">\n\t\t\t#gallery-1 {\n\t\t\t\tmargin: auto;\n\t\t\t}\n\t\t\t#gallery-1 .gallery-item {\n\t\t\t\tfloat: left;\n\t\t\t\tmargin-top: 10px;\n\t\t\t\ttext-align: center;\n\t\t\t\twidth: 50%;\n\t\t\t}\n\t\t\t#gallery-1 img {\n\t\t\t\tborder: 2px solid #cfcfcf;\n\t\t\t}\n\t\t\t#gallery-1 .gallery-caption {\n\t\t\t\tmargin-left: 0;\n\t\t\t}\n\t\t\t\/* see gallery_shortcode() in wp-includes\/media.php *\/\n\t\t<\/style>\n\t\t<div id='gallery-1' class='gallery galleryid-2809 gallery-columns-2 gallery-size-thumbnail'><dl class='gallery-item'>\n\t\t\t<dt class='gallery-icon landscape'>\n\t\t\t\t<a rel=\"prettyPhoto[pp_gal]\" href='https:\/\/www.mbh.fr\/wp-content\/uploads\/2019\/02\/reprise-bottom-1.jpg'><img loading=\"lazy\" decoding=\"async\" width=\"600\" height=\"600\" src=\"https:\/\/www.mbh.fr\/wp-content\/uploads\/2019\/02\/reprise-bottom-1-600x600.jpg\" class=\"attachment-thumbnail size-thumbnail\" alt=\"\" srcset=\"https:\/\/www.mbh.fr\/wp-content\/uploads\/2019\/02\/reprise-bottom-1-600x600.jpg 600w, https:\/\/www.mbh.fr\/wp-content\/uploads\/2019\/02\/reprise-bottom-1-80x80.jpg 80w, https:\/\/www.mbh.fr\/wp-content\/uploads\/2019\/02\/reprise-bottom-1-500x500.jpg 500w, https:\/\/www.mbh.fr\/wp-content\/uploads\/2019\/02\/reprise-bottom-1-1000x1000.jpg 1000w\" sizes=\"auto, (max-width: 600px) 100vw, 600px\" \/><\/a>\n\t\t\t<\/dt><\/dl><dl class='gallery-item'>\n\t\t\t<dt class='gallery-icon landscape'>\n\t\t\t\t<a rel=\"prettyPhoto[pp_gal]\" href='https:\/\/www.mbh.fr\/wp-content\/uploads\/2019\/02\/reprise-bottom-2.jpg'><img loading=\"lazy\" decoding=\"async\" width=\"600\" height=\"600\" src=\"https:\/\/www.mbh.fr\/wp-content\/uploads\/2019\/02\/reprise-bottom-2-600x600.jpg\" class=\"attachment-thumbnail size-thumbnail\" alt=\"\" srcset=\"https:\/\/www.mbh.fr\/wp-content\/uploads\/2019\/02\/reprise-bottom-2-600x600.jpg 600w, https:\/\/www.mbh.fr\/wp-content\/uploads\/2019\/02\/reprise-bottom-2-80x80.jpg 80w, https:\/\/www.mbh.fr\/wp-content\/uploads\/2019\/02\/reprise-bottom-2-500x500.jpg 500w, https:\/\/www.mbh.fr\/wp-content\/uploads\/2019\/02\/reprise-bottom-2-1000x1000.jpg 1000w\" sizes=\"auto, (max-width: 600px) 100vw, 600px\" \/><\/a>\n\t\t\t<\/dt><\/dl><br style=\"clear: both\" \/>\n\t\t<\/div>\n<\/div>[\/vc_column][\/vc_row]<\/p>\n<\/div>","protected":false},"excerpt":{"rendered":"<p>[vc_row type=\u00a0\u00bbfull_width_section\u00a0\u00bb bg_image=\u00a0\u00bb4841&Prime; parallax_bg=\u00a0\u00bbtrue\u00a0\u00bb top_padding=\u00a0\u00bb200&Prime; bottom_padding=\u00a0\u00bb200&Prime;][vc_column width=\u00a0\u00bb1\/1&Prime;][\/vc_column][\/vc_row][vc_row top_padding=\u00a0\u00bb50&Prime; bottom_padding=\u00a0\u00bb50&Prime;][vc_column el_class=\u00a0\u00bbleft-col-menu-presta\u00a0\u00bb text_align=\u00a0\u00bbcenter\u00a0\u00bb width=\u00a0\u00bb1\/4&Prime;][vc_column_text] Nos prestations [\/vc_column_text][vc_wp_custommenu nav_menu=\u00a0\u00bb861&Prime; el_id=\u00a0\u00bbsticky-menu-prestations\u00a0\u00bb][\/vc_column][vc_column text_align=\u00a0\u00bbcenter\u00a0\u00bb width=\u00a0\u00bb3\/4&Prime;][vc_single_image image=\u00a0\u00bb4473&Prime; img_size=\u00a0\u00bbfull\u00a0\u00bb alignment=\u00a0\u00bbcenter\u00a0\u00bb el_class=\u00a0\u00bbisotype\u00a0\u00bb][vc_column_text] Reprise\u00a0skieurs [\/vc_column_text][vc_column_text] \u00a0 Cette activit\u00e9 se pratique en France uniquement Pour tous les amateurs de ski hors-piste et de sensations fortes, venez profiter de nos h\u00e9licopt\u00e8res pour venir vous chercher apr\u00e8s votre descente et vous rapprocher de votre prochaine destination\u00a0: Domaine skiable\u00a0:\u00a0 Les Arcs, Courchevel, Meg\u00e8ve, Avoriaz, La Rosi\u00e8re, La Plagne, Tignes &amp; Val d&rsquo;Is\u00e8res T\u00e9l\u00e9charger notre fiche destinations et contact pour chaque domaine ici ![\/vc_column_text][vc_btn title=\u00a0\u00bbContactez-nous\u00a0\u00bb color=\u00a0\u00bbblack\u00a0\u00bb size=\u00a0\u00bblg\u00a0\u00bb align=\u00a0\u00bbcenter\u00a0\u00bb i_align=\u00a0\u00bbright\u00a0\u00bb i_icon_fontawesome=\u00a0\u00bbfa fa-angle-right\u00a0\u00bb add_icon=\u00a0\u00bbtrue\u00a0\u00bb link=\u00a0\u00bburl:https%3A%2F%2Fwww.mbh.fr%2Ffr%2Fcontact%2F||target:%20_blank|\u00a0\u00bb][\/vc_column][\/vc_row][vc_row top_padding=\u00a0\u00bb50&Prime; bottom_padding=\u00a0\u00bb50&Prime;][vc_column text_align=\u00a0\u00bbcenter\u00a0\u00bb width=\u00a0\u00bb1\/4&Prime;][\/vc_column][vc_column width=\u00a0\u00bb3\/4&Prime;][\/vc_column][\/vc_row]<\/p>\n","protected":false},"author":7,"featured_media":0,"parent":2801,"menu_order":0,"comment_status":"closed","ping_status":"closed","template":"","meta":{"_acf_changed":false,"footnotes":""},"class_list":["post-2809","page","type-page","status-publish","hentry"],"acf":[],"yoast_head":"<!-- This site is optimized with the Yoast SEO plugin v26.9 - https:\/\/yoast.com\/product\/yoast-seo-wordpress\/ -->\n<title>Reprise Skieurs - Mont-Blanc H\u00e9licopt\u00e8res<\/title>\n<meta name=\"robots\" content=\"index, follow, max-snippet:-1, max-image-preview:large, max-video-preview:-1\" \/>\n<link rel=\"canonical\" href=\"https:\/\/www.mbh.fr\/fr\/services\/vol-passagers\/reprise-de-skieur\/\" \/>\n<meta property=\"og:locale\" content=\"fr_FR\" \/>\n<meta property=\"og:type\" content=\"article\" \/>\n<meta property=\"og:title\" content=\"Reprise Skieurs - Mont-Blanc H\u00e9licopt\u00e8res\" \/>\n<meta property=\"og:description\" content=\"[vc_row type=\u00a0\u00bbfull_width_section\u00a0\u00bb bg_image=\u00a0\u00bb4841&Prime; parallax_bg=\u00a0\u00bbtrue\u00a0\u00bb top_padding=\u00a0\u00bb200&Prime; bottom_padding=\u00a0\u00bb200&Prime;][vc_column width=\u00a0\u00bb1\/1&Prime;][\/vc_column][\/vc_row][vc_row top_padding=\u00a0\u00bb50&Prime; bottom_padding=\u00a0\u00bb50&Prime;][vc_column el_class=\u00a0\u00bbleft-col-menu-presta\u00a0\u00bb text_align=\u00a0\u00bbcenter\u00a0\u00bb width=\u00a0\u00bb1\/4&Prime;][vc_column_text] Nos prestations [\/vc_column_text][vc_wp_custommenu nav_menu=\u00a0\u00bb861&Prime; el_id=\u00a0\u00bbsticky-menu-prestations\u00a0\u00bb][\/vc_column][vc_column text_align=\u00a0\u00bbcenter\u00a0\u00bb width=\u00a0\u00bb3\/4&Prime;][vc_single_image image=\u00a0\u00bb4473&Prime; img_size=\u00a0\u00bbfull\u00a0\u00bb alignment=\u00a0\u00bbcenter\u00a0\u00bb el_class=\u00a0\u00bbisotype\u00a0\u00bb][vc_column_text] Reprise\u00a0skieurs [\/vc_column_text][vc_column_text] \u00a0 Cette activit\u00e9 se pratique en France uniquement Pour tous les amateurs de ski hors-piste et de sensations fortes, venez profiter de nos h\u00e9licopt\u00e8res pour venir vous chercher apr\u00e8s votre descente et vous rapprocher de votre prochaine destination\u00a0: Domaine skiable\u00a0:\u00a0 Les Arcs, Courchevel, Meg\u00e8ve, Avoriaz, La Rosi\u00e8re, La Plagne, Tignes &amp; Val d&rsquo;Is\u00e8res T\u00e9l\u00e9charger notre fiche destinations et contact pour chaque domaine ici ![\/vc_column_text][vc_btn title=\u00a0\u00bbContactez-nous\u00a0\u00bb color=\u00a0\u00bbblack\u00a0\u00bb size=\u00a0\u00bblg\u00a0\u00bb align=\u00a0\u00bbcenter\u00a0\u00bb i_align=\u00a0\u00bbright\u00a0\u00bb i_icon_fontawesome=\u00a0\u00bbfa fa-angle-right\u00a0\u00bb add_icon=\u00a0\u00bbtrue\u00a0\u00bb link=\u00a0\u00bburl:https%3A%2F%2Fwww.mbh.fr%2Ffr%2Fcontact%2F||target:%20_blank|\u00a0\u00bb][\/vc_column][\/vc_row][vc_row top_padding=\u00a0\u00bb50&Prime; bottom_padding=\u00a0\u00bb50&Prime;][vc_column text_align=\u00a0\u00bbcenter\u00a0\u00bb width=\u00a0\u00bb1\/4&Prime;][\/vc_column][vc_column width=\u00a0\u00bb3\/4&Prime;][\/vc_column][\/vc_row]\" \/>\n<meta property=\"og:url\" content=\"https:\/\/www.mbh.fr\/fr\/services\/vol-passagers\/reprise-de-skieur\/\" \/>\n<meta property=\"og:site_name\" content=\"Mont-Blanc H\u00e9licopt\u00e8res\" \/>\n<meta property=\"article:publisher\" content=\"https:\/\/www.facebook.com\/MontBlancHelicopteres\/\" \/>\n<meta property=\"article:modified_time\" content=\"2020-12-16T09:22:55+00:00\" \/>\n<meta property=\"og:image\" content=\"https:\/\/www.mbh.fr\/wp-content\/uploads\/2020\/12\/Drapeau_France.png\" \/>\n<meta name=\"twitter:card\" content=\"summary_large_image\" \/>\n<meta name=\"twitter:site\" content=\"@MBHelicopteres\" \/>\n<meta name=\"twitter:label1\" content=\"Dur\u00e9e de lecture estim\u00e9e\" \/>\n\t<meta name=\"twitter:data1\" content=\"1 minute\" \/>\n<script type=\"application\/ld+json\" class=\"yoast-schema-graph\">{\"@context\":\"https:\/\/schema.org\",\"@graph\":[{\"@type\":\"WebPage\",\"@id\":\"https:\/\/www.mbh.fr\/fr\/services\/vol-passagers\/reprise-de-skieur\/\",\"url\":\"https:\/\/www.mbh.fr\/fr\/services\/vol-passagers\/reprise-de-skieur\/\",\"name\":\"Reprise Skieurs - Mont-Blanc H\u00e9licopt\u00e8res\",\"isPartOf\":{\"@id\":\"https:\/\/www.mbh.fr\/fr\/#website\"},\"primaryImageOfPage\":{\"@id\":\"https:\/\/www.mbh.fr\/fr\/services\/vol-passagers\/reprise-de-skieur\/#primaryimage\"},\"image\":{\"@id\":\"https:\/\/www.mbh.fr\/fr\/services\/vol-passagers\/reprise-de-skieur\/#primaryimage\"},\"thumbnailUrl\":\"https:\/\/www.mbh.fr\/wp-content\/uploads\/2020\/12\/Drapeau_France.png\",\"datePublished\":\"2018-01-25T09:20:20+00:00\",\"dateModified\":\"2020-12-16T09:22:55+00:00\",\"breadcrumb\":{\"@id\":\"https:\/\/www.mbh.fr\/fr\/services\/vol-passagers\/reprise-de-skieur\/#breadcrumb\"},\"inLanguage\":\"fr-FR\",\"potentialAction\":[{\"@type\":\"ReadAction\",\"target\":[\"https:\/\/www.mbh.fr\/fr\/services\/vol-passagers\/reprise-de-skieur\/\"]}]},{\"@type\":\"ImageObject\",\"inLanguage\":\"fr-FR\",\"@id\":\"https:\/\/www.mbh.fr\/fr\/services\/vol-passagers\/reprise-de-skieur\/#primaryimage\",\"url\":\"https:\/\/www.mbh.fr\/wp-content\/uploads\/2020\/12\/Drapeau_France.png\",\"contentUrl\":\"https:\/\/www.mbh.fr\/wp-content\/uploads\/2020\/12\/Drapeau_France.png\"},{\"@type\":\"BreadcrumbList\",\"@id\":\"https:\/\/www.mbh.fr\/fr\/services\/vol-passagers\/reprise-de-skieur\/#breadcrumb\",\"itemListElement\":[{\"@type\":\"ListItem\",\"position\":1,\"name\":\"Accueil\",\"item\":\"https:\/\/www.mbh.fr\/fr\/\"},{\"@type\":\"ListItem\",\"position\":2,\"name\":\"PRESTATIONS\",\"item\":\"https:\/\/www.mbh.fr\/fr\/services\/\"},{\"@type\":\"ListItem\",\"position\":3,\"name\":\"VOL PASSAGERS\",\"item\":\"https:\/\/www.mbh.fr\/fr\/services\/vol-passagers\/\"},{\"@type\":\"ListItem\",\"position\":4,\"name\":\"Reprise Skieurs\"}]},{\"@type\":\"WebSite\",\"@id\":\"https:\/\/www.mbh.fr\/fr\/#website\",\"url\":\"https:\/\/www.mbh.fr\/fr\/\",\"name\":\"Mont-Blanc H\u00e9licopt\u00e8res\",\"description\":\"\",\"publisher\":{\"@id\":\"https:\/\/www.mbh.fr\/fr\/#organization\"},\"potentialAction\":[{\"@type\":\"SearchAction\",\"target\":{\"@type\":\"EntryPoint\",\"urlTemplate\":\"https:\/\/www.mbh.fr\/fr\/?s={search_term_string}\"},\"query-input\":{\"@type\":\"PropertyValueSpecification\",\"valueRequired\":true,\"valueName\":\"search_term_string\"}}],\"inLanguage\":\"fr-FR\"},{\"@type\":\"Organization\",\"@id\":\"https:\/\/www.mbh.fr\/fr\/#organization\",\"name\":\"mont blanc h\u00e9licopt\u00e8res\",\"url\":\"https:\/\/www.mbh.fr\/fr\/\",\"logo\":{\"@type\":\"ImageObject\",\"inLanguage\":\"fr-FR\",\"@id\":\"https:\/\/www.mbh.fr\/fr\/#\/schema\/logo\/image\/\",\"url\":\"\",\"contentUrl\":\"\",\"caption\":\"mont blanc h\u00e9licopt\u00e8res\"},\"image\":{\"@id\":\"https:\/\/www.mbh.fr\/fr\/#\/schema\/logo\/image\/\"},\"sameAs\":[\"https:\/\/www.facebook.com\/MontBlancHelicopteres\/\",\"https:\/\/x.com\/MBHelicopteres\",\"https:\/\/www.instagram.com\/montblanchelicopteres\/\",\"https:\/\/www.linkedin.com\/company\/715290\/\"]}]}<\/script>\n<!-- \/ Yoast SEO plugin. -->","yoast_head_json":{"title":"Reprise Skieurs - Mont-Blanc H\u00e9licopt\u00e8res","robots":{"index":"index","follow":"follow","max-snippet":"max-snippet:-1","max-image-preview":"max-image-preview:large","max-video-preview":"max-video-preview:-1"},"canonical":"https:\/\/www.mbh.fr\/fr\/services\/vol-passagers\/reprise-de-skieur\/","og_locale":"fr_FR","og_type":"article","og_title":"Reprise Skieurs - Mont-Blanc H\u00e9licopt\u00e8res","og_description":"[vc_row type=\u00a0\u00bbfull_width_section\u00a0\u00bb bg_image=\u00a0\u00bb4841&Prime; parallax_bg=\u00a0\u00bbtrue\u00a0\u00bb top_padding=\u00a0\u00bb200&Prime; bottom_padding=\u00a0\u00bb200&Prime;][vc_column width=\u00a0\u00bb1\/1&Prime;][\/vc_column][\/vc_row][vc_row top_padding=\u00a0\u00bb50&Prime; bottom_padding=\u00a0\u00bb50&Prime;][vc_column el_class=\u00a0\u00bbleft-col-menu-presta\u00a0\u00bb text_align=\u00a0\u00bbcenter\u00a0\u00bb width=\u00a0\u00bb1\/4&Prime;][vc_column_text] Nos prestations [\/vc_column_text][vc_wp_custommenu nav_menu=\u00a0\u00bb861&Prime; el_id=\u00a0\u00bbsticky-menu-prestations\u00a0\u00bb][\/vc_column][vc_column text_align=\u00a0\u00bbcenter\u00a0\u00bb width=\u00a0\u00bb3\/4&Prime;][vc_single_image image=\u00a0\u00bb4473&Prime; img_size=\u00a0\u00bbfull\u00a0\u00bb alignment=\u00a0\u00bbcenter\u00a0\u00bb el_class=\u00a0\u00bbisotype\u00a0\u00bb][vc_column_text] Reprise\u00a0skieurs [\/vc_column_text][vc_column_text] \u00a0 Cette activit\u00e9 se pratique en France uniquement Pour tous les amateurs de ski hors-piste et de sensations fortes, venez profiter de nos h\u00e9licopt\u00e8res pour venir vous chercher apr\u00e8s votre descente et vous rapprocher de votre prochaine destination\u00a0: Domaine skiable\u00a0:\u00a0 Les Arcs, Courchevel, Meg\u00e8ve, Avoriaz, La Rosi\u00e8re, La Plagne, Tignes &amp; Val d&rsquo;Is\u00e8res T\u00e9l\u00e9charger notre fiche destinations et contact pour chaque domaine ici ![\/vc_column_text][vc_btn title=\u00a0\u00bbContactez-nous\u00a0\u00bb color=\u00a0\u00bbblack\u00a0\u00bb size=\u00a0\u00bblg\u00a0\u00bb align=\u00a0\u00bbcenter\u00a0\u00bb i_align=\u00a0\u00bbright\u00a0\u00bb i_icon_fontawesome=\u00a0\u00bbfa fa-angle-right\u00a0\u00bb add_icon=\u00a0\u00bbtrue\u00a0\u00bb link=\u00a0\u00bburl:https%3A%2F%2Fwww.mbh.fr%2Ffr%2Fcontact%2F||target:%20_blank|\u00a0\u00bb][\/vc_column][\/vc_row][vc_row top_padding=\u00a0\u00bb50&Prime; bottom_padding=\u00a0\u00bb50&Prime;][vc_column text_align=\u00a0\u00bbcenter\u00a0\u00bb width=\u00a0\u00bb1\/4&Prime;][\/vc_column][vc_column width=\u00a0\u00bb3\/4&Prime;][\/vc_column][\/vc_row]","og_url":"https:\/\/www.mbh.fr\/fr\/services\/vol-passagers\/reprise-de-skieur\/","og_site_name":"Mont-Blanc H\u00e9licopt\u00e8res","article_publisher":"https:\/\/www.facebook.com\/MontBlancHelicopteres\/","article_modified_time":"2020-12-16T09:22:55+00:00","og_image":[{"url":"https:\/\/www.mbh.fr\/wp-content\/uploads\/2020\/12\/Drapeau_France.png","type":"","width":"","height":""}],"twitter_card":"summary_large_image","twitter_site":"@MBHelicopteres","twitter_misc":{"Dur\u00e9e de lecture estim\u00e9e":"1 minute"},"schema":{"@context":"https:\/\/schema.org","@graph":[{"@type":"WebPage","@id":"https:\/\/www.mbh.fr\/fr\/services\/vol-passagers\/reprise-de-skieur\/","url":"https:\/\/www.mbh.fr\/fr\/services\/vol-passagers\/reprise-de-skieur\/","name":"Reprise Skieurs - Mont-Blanc H\u00e9licopt\u00e8res","isPartOf":{"@id":"https:\/\/www.mbh.fr\/fr\/#website"},"primaryImageOfPage":{"@id":"https:\/\/www.mbh.fr\/fr\/services\/vol-passagers\/reprise-de-skieur\/#primaryimage"},"image":{"@id":"https:\/\/www.mbh.fr\/fr\/services\/vol-passagers\/reprise-de-skieur\/#primaryimage"},"thumbnailUrl":"https:\/\/www.mbh.fr\/wp-content\/uploads\/2020\/12\/Drapeau_France.png","datePublished":"2018-01-25T09:20:20+00:00","dateModified":"2020-12-16T09:22:55+00:00","breadcrumb":{"@id":"https:\/\/www.mbh.fr\/fr\/services\/vol-passagers\/reprise-de-skieur\/#breadcrumb"},"inLanguage":"fr-FR","potentialAction":[{"@type":"ReadAction","target":["https:\/\/www.mbh.fr\/fr\/services\/vol-passagers\/reprise-de-skieur\/"]}]},{"@type":"ImageObject","inLanguage":"fr-FR","@id":"https:\/\/www.mbh.fr\/fr\/services\/vol-passagers\/reprise-de-skieur\/#primaryimage","url":"https:\/\/www.mbh.fr\/wp-content\/uploads\/2020\/12\/Drapeau_France.png","contentUrl":"https:\/\/www.mbh.fr\/wp-content\/uploads\/2020\/12\/Drapeau_France.png"},{"@type":"BreadcrumbList","@id":"https:\/\/www.mbh.fr\/fr\/services\/vol-passagers\/reprise-de-skieur\/#breadcrumb","itemListElement":[{"@type":"ListItem","position":1,"name":"Accueil","item":"https:\/\/www.mbh.fr\/fr\/"},{"@type":"ListItem","position":2,"name":"PRESTATIONS","item":"https:\/\/www.mbh.fr\/fr\/services\/"},{"@type":"ListItem","position":3,"name":"VOL PASSAGERS","item":"https:\/\/www.mbh.fr\/fr\/services\/vol-passagers\/"},{"@type":"ListItem","position":4,"name":"Reprise Skieurs"}]},{"@type":"WebSite","@id":"https:\/\/www.mbh.fr\/fr\/#website","url":"https:\/\/www.mbh.fr\/fr\/","name":"Mont-Blanc H\u00e9licopt\u00e8res","description":"","publisher":{"@id":"https:\/\/www.mbh.fr\/fr\/#organization"},"potentialAction":[{"@type":"SearchAction","target":{"@type":"EntryPoint","urlTemplate":"https:\/\/www.mbh.fr\/fr\/?s={search_term_string}"},"query-input":{"@type":"PropertyValueSpecification","valueRequired":true,"valueName":"search_term_string"}}],"inLanguage":"fr-FR"},{"@type":"Organization","@id":"https:\/\/www.mbh.fr\/fr\/#organization","name":"mont blanc h\u00e9licopt\u00e8res","url":"https:\/\/www.mbh.fr\/fr\/","logo":{"@type":"ImageObject","inLanguage":"fr-FR","@id":"https:\/\/www.mbh.fr\/fr\/#\/schema\/logo\/image\/","url":"","contentUrl":"","caption":"mont blanc h\u00e9licopt\u00e8res"},"image":{"@id":"https:\/\/www.mbh.fr\/fr\/#\/schema\/logo\/image\/"},"sameAs":["https:\/\/www.facebook.com\/MontBlancHelicopteres\/","https:\/\/x.com\/MBHelicopteres","https:\/\/www.instagram.com\/montblanchelicopteres\/","https:\/\/www.linkedin.com\/company\/715290\/"]}]}},"_links":{"self":[{"href":"https:\/\/www.mbh.fr\/fr\/wp-json\/wp\/v2\/pages\/2809","targetHints":{"allow":["GET"]}}],"collection":[{"href":"https:\/\/www.mbh.fr\/fr\/wp-json\/wp\/v2\/pages"}],"about":[{"href":"https:\/\/www.mbh.fr\/fr\/wp-json\/wp\/v2\/types\/page"}],"author":[{"embeddable":true,"href":"https:\/\/www.mbh.fr\/fr\/wp-json\/wp\/v2\/users\/7"}],"replies":[{"embeddable":true,"href":"https:\/\/www.mbh.fr\/fr\/wp-json\/wp\/v2\/comments?post=2809"}],"version-history":[{"count":7,"href":"https:\/\/www.mbh.fr\/fr\/wp-json\/wp\/v2\/pages\/2809\/revisions"}],"predecessor-version":[{"id":8595,"href":"https:\/\/www.mbh.fr\/fr\/wp-json\/wp\/v2\/pages\/2809\/revisions\/8595"}],"up":[{"embeddable":true,"href":"https:\/\/www.mbh.fr\/fr\/wp-json\/wp\/v2\/pages\/2801"}],"wp:attachment":[{"href":"https:\/\/www.mbh.fr\/fr\/wp-json\/wp\/v2\/media?parent=2809"}],"curies":[{"name":"wp","href":"https:\/\/api.w.org\/{rel}","templated":true}]}}