{"id":2810,"date":"2018-01-25T10:19:57","date_gmt":"2018-01-25T09:19:57","guid":{"rendered":"http:\/\/www.mbh.fr\/?page_id=2810"},"modified":"2024-06-17T12:03:47","modified_gmt":"2024-06-17T10:03:47","slug":"vols-initiation","status":"publish","type":"page","link":"https:\/\/www.mbh.fr\/fr\/services\/vol-passagers\/vols-initiation\/","title":{"rendered":"Vol Initiation"},"content":{"rendered":"<div class=\"wpb-content-wrapper\"><p>[vc_row type=\u00a0\u00bbfull_width_section\u00a0\u00bb bg_image=\u00a0\u00bb5025&Prime; parallax_bg=\u00a0\u00bbtrue\u00a0\u00bb top_padding=\u00a0\u00bb200&Prime; bottom_padding=\u00a0\u00bb200&Prime;][vc_column width=\u00a0\u00bb1\/1&Prime;][\/vc_column][\/vc_row][vc_row top_padding=\u00a0\u00bb50&Prime; bottom_padding=\u00a0\u00bb50&Prime;][vc_column el_class=\u00a0\u00bbleft-col-menu-presta\u00a0\u00bb text_align=\u00a0\u00bbcenter\u00a0\u00bb width=\u00a0\u00bb1\/4&Prime;][vc_column_text]<\/p>\n<h3>Nos <strong>prestations<\/strong><\/h3>\n<p>[\/vc_column_text][vc_wp_custommenu nav_menu=\u00a0\u00bb861&Prime; el_id=\u00a0\u00bbsticky-menu-prestations\u00a0\u00bb][\/vc_column][vc_column text_align=\u00a0\u00bbcenter\u00a0\u00bb width=\u00a0\u00bb3\/4&Prime;][vc_single_image image=\u00a0\u00bb4473&Prime; img_size=\u00a0\u00bbfull\u00a0\u00bb alignment=\u00a0\u00bbcenter\u00a0\u00bb el_class=\u00a0\u00bbisotype\u00a0\u00bb][vc_column_text]<\/p>\n<h2 style=\"text-align: center;\">Vol\u00a0<strong>initiation<\/strong><\/h2>\n<p>[\/vc_column_text][vc_column_text]<\/p>\n<p style=\"text-align: center;\"><strong>Vous en avez r\u00eav\u00e9, nous l\u2019avons fait !<\/strong><\/p>\n<p style=\"text-align: center;\">Apr\u00e8s un petit briefing th\u00e9orique de 30 min, vous vous installerez dans la cabine avec l\u2019un de nos pilote instructeur exp\u00e9riment\u00e9 afin de vous expliquer les instruments et le fonctionnement des commandes de vol. C\u2019est d\u00e9sormais \u00e0 vous de piloter en double commande au c\u00f4t\u00e9 d&rsquo;un instructeur professionnel et de prendre de la hauteur.<\/p>\n<p style=\"text-align: center;\">D\u00e9couvrez les sensations du pilotage, une exp\u00e9rience hors du commun !<\/p>\n<p style=\"text-align: center;\">\u00c0 r\u00e9aliser pour soi m\u00eame ou \u00e0 offrir pour faire preuve d\u2019originalit\u00e9.<\/p>\n<p style=\"text-align: center;\"><strong>Au d\u00e9part de\u00a0:<\/strong> <a href=\"https:\/\/www.mbh.fr\/fr\/nos-bases\/paris\/\">Paris<\/a>, <a href=\"https:\/\/www.mbh.fr\/fr\/nos-bases\/geneve-aeroport\/\">Gen\u00e8ve<\/a>, <a href=\"https:\/\/www.mbh.fr\/fr\/nos-bases\/megeve\/\">Meg\u00e8ve<\/a>, <a href=\"https:\/\/heligo.aero\/fr\/176-vannes\">Vannes<\/a><\/p>\n<p>[\/vc_column_text][vc_btn title=\u00a0\u00bbR\u00e9servez votre initiation\u00a0\u00bb color=\u00a0\u00bbblack\u00a0\u00bb size=\u00a0\u00bblg\u00a0\u00bb align=\u00a0\u00bbcenter\u00a0\u00bb i_align=\u00a0\u00bbright\u00a0\u00bb i_icon_fontawesome=\u00a0\u00bb\u00a0\u00bb add_icon=\u00a0\u00bbtrue\u00a0\u00bb link=\u00a0\u00bburl:https%3A%2F%2Fheligo.aero%2Ffr%2F22-vol-d-initiation|target:_blank\u00a0\u00bb][\/vc_column][\/vc_row][vc_row top_padding=\u00a0\u00bb50&Prime; bottom_padding=\u00a0\u00bb50&Prime;][vc_column text_align=\u00a0\u00bbcenter\u00a0\u00bb width=\u00a0\u00bb1\/4&Prime;][\/vc_column][vc_column width=\u00a0\u00bb3\/4&Prime;]<div class=\"gallery-style-2\">\n\t\t<style type=\"text\/css\">\n\t\t\t#gallery-1 {\n\t\t\t\tmargin: auto;\n\t\t\t}\n\t\t\t#gallery-1 .gallery-item {\n\t\t\t\tfloat: left;\n\t\t\t\tmargin-top: 10px;\n\t\t\t\ttext-align: center;\n\t\t\t\twidth: 50%;\n\t\t\t}\n\t\t\t#gallery-1 img {\n\t\t\t\tborder: 2px solid #cfcfcf;\n\t\t\t}\n\t\t\t#gallery-1 .gallery-caption {\n\t\t\t\tmargin-left: 0;\n\t\t\t}\n\t\t\t\/* see gallery_shortcode() in wp-includes\/media.php *\/\n\t\t<\/style>\n\t\t<div id='gallery-1' class='gallery galleryid-2810 gallery-columns-2 gallery-size-thumbnail'><dl class='gallery-item'>\n\t\t\t<dt class='gallery-icon landscape'>\n\t\t\t\t<a rel=\"prettyPhoto[pp_gal]\" href='https:\/\/www.mbh.fr\/wp-content\/uploads\/2019\/02\/initiation-bottom-1.jpg'><img loading=\"lazy\" decoding=\"async\" width=\"600\" height=\"600\" src=\"https:\/\/www.mbh.fr\/wp-content\/uploads\/2019\/02\/initiation-bottom-1-600x600.jpg\" class=\"attachment-thumbnail size-thumbnail\" alt=\"\" srcset=\"https:\/\/www.mbh.fr\/wp-content\/uploads\/2019\/02\/initiation-bottom-1-600x600.jpg 600w, https:\/\/www.mbh.fr\/wp-content\/uploads\/2019\/02\/initiation-bottom-1-80x80.jpg 80w, https:\/\/www.mbh.fr\/wp-content\/uploads\/2019\/02\/initiation-bottom-1-500x500.jpg 500w\" sizes=\"auto, (max-width: 600px) 100vw, 600px\" \/><\/a>\n\t\t\t<\/dt><\/dl><dl class='gallery-item'>\n\t\t\t<dt class='gallery-icon portrait'>\n\t\t\t\t<a rel=\"prettyPhoto[pp_gal]\" href='https:\/\/www.mbh.fr\/wp-content\/uploads\/2019\/02\/initiation-bottom-2.jpg'><img loading=\"lazy\" decoding=\"async\" width=\"600\" height=\"600\" src=\"https:\/\/www.mbh.fr\/wp-content\/uploads\/2019\/02\/initiation-bottom-2-600x600.jpg\" class=\"attachment-thumbnail size-thumbnail\" alt=\"\" srcset=\"https:\/\/www.mbh.fr\/wp-content\/uploads\/2019\/02\/initiation-bottom-2-600x600.jpg 600w, https:\/\/www.mbh.fr\/wp-content\/uploads\/2019\/02\/initiation-bottom-2-80x80.jpg 80w, https:\/\/www.mbh.fr\/wp-content\/uploads\/2019\/02\/initiation-bottom-2-500x500.jpg 500w\" sizes=\"auto, (max-width: 600px) 100vw, 600px\" \/><\/a>\n\t\t\t<\/dt><\/dl><br style=\"clear: both\" \/>\n\t\t<\/div>\n<\/div>[\/vc_column][\/vc_row]<\/p>\n<\/div>","protected":false},"excerpt":{"rendered":"<p>[vc_row type=\u00a0\u00bbfull_width_section\u00a0\u00bb bg_image=\u00a0\u00bb5025&Prime; parallax_bg=\u00a0\u00bbtrue\u00a0\u00bb top_padding=\u00a0\u00bb200&Prime; bottom_padding=\u00a0\u00bb200&Prime;][vc_column width=\u00a0\u00bb1\/1&Prime;][\/vc_column][\/vc_row][vc_row top_padding=\u00a0\u00bb50&Prime; bottom_padding=\u00a0\u00bb50&Prime;][vc_column el_class=\u00a0\u00bbleft-col-menu-presta\u00a0\u00bb text_align=\u00a0\u00bbcenter\u00a0\u00bb width=\u00a0\u00bb1\/4&Prime;][vc_column_text] Nos prestations [\/vc_column_text][vc_wp_custommenu nav_menu=\u00a0\u00bb861&Prime; el_id=\u00a0\u00bbsticky-menu-prestations\u00a0\u00bb][\/vc_column][vc_column text_align=\u00a0\u00bbcenter\u00a0\u00bb width=\u00a0\u00bb3\/4&Prime;][vc_single_image image=\u00a0\u00bb4473&Prime; img_size=\u00a0\u00bbfull\u00a0\u00bb alignment=\u00a0\u00bbcenter\u00a0\u00bb el_class=\u00a0\u00bbisotype\u00a0\u00bb][vc_column_text] Vol\u00a0initiation [\/vc_column_text][vc_column_text] Vous en avez r\u00eav\u00e9, nous l\u2019avons fait ! Apr\u00e8s un petit briefing th\u00e9orique de 30 min, vous vous installerez dans la cabine avec l\u2019un de nos pilote instructeur exp\u00e9riment\u00e9 afin de vous expliquer les instruments et le fonctionnement des commandes de vol. C\u2019est d\u00e9sormais \u00e0 vous de piloter en double commande au c\u00f4t\u00e9 d&rsquo;un instructeur professionnel et de prendre de la hauteur. D\u00e9couvrez les sensations du pilotage, une exp\u00e9rience hors du commun ! \u00c0 r\u00e9aliser pour soi m\u00eame ou \u00e0 offrir pour faire preuve d\u2019originalit\u00e9. Au d\u00e9part de\u00a0: Paris, Gen\u00e8ve, Meg\u00e8ve, Vannes [\/vc_column_text][vc_btn title=\u00a0\u00bbR\u00e9servez votre initiation\u00a0\u00bb color=\u00a0\u00bbblack\u00a0\u00bb size=\u00a0\u00bblg\u00a0\u00bb align=\u00a0\u00bbcenter\u00a0\u00bb i_align=\u00a0\u00bbright\u00a0\u00bb i_icon_fontawesome=\u00a0\u00bb\u00a0\u00bb add_icon=\u00a0\u00bbtrue\u00a0\u00bb link=\u00a0\u00bburl:https%3A%2F%2Fheligo.aero%2Ffr%2F22-vol-d-initiation|target:_blank\u00a0\u00bb][\/vc_column][\/vc_row][vc_row top_padding=\u00a0\u00bb50&Prime; bottom_padding=\u00a0\u00bb50&Prime;][vc_column text_align=\u00a0\u00bbcenter\u00a0\u00bb width=\u00a0\u00bb1\/4&Prime;][\/vc_column][vc_column width=\u00a0\u00bb3\/4&Prime;][\/vc_column][\/vc_row]<\/p>\n","protected":false},"author":7,"featured_media":0,"parent":2801,"menu_order":0,"comment_status":"closed","ping_status":"closed","template":"","meta":{"_acf_changed":false,"footnotes":""},"class_list":["post-2810","page","type-page","status-publish","hentry"],"acf":[],"yoast_head":"<!-- This site is optimized with the Yoast SEO plugin v26.9 - https:\/\/yoast.com\/product\/yoast-seo-wordpress\/ -->\n<title>Vol Initiation - Mont-Blanc H\u00e9licopt\u00e8res<\/title>\n<meta name=\"robots\" content=\"index, follow, max-snippet:-1, max-image-preview:large, max-video-preview:-1\" \/>\n<link rel=\"canonical\" href=\"https:\/\/www.mbh.fr\/fr\/services\/vol-passagers\/vols-initiation\/\" \/>\n<meta property=\"og:locale\" content=\"fr_FR\" \/>\n<meta property=\"og:type\" content=\"article\" \/>\n<meta property=\"og:title\" content=\"Vol Initiation - Mont-Blanc H\u00e9licopt\u00e8res\" \/>\n<meta property=\"og:description\" content=\"[vc_row type=\u00a0\u00bbfull_width_section\u00a0\u00bb bg_image=\u00a0\u00bb5025&Prime; parallax_bg=\u00a0\u00bbtrue\u00a0\u00bb top_padding=\u00a0\u00bb200&Prime; bottom_padding=\u00a0\u00bb200&Prime;][vc_column width=\u00a0\u00bb1\/1&Prime;][\/vc_column][\/vc_row][vc_row top_padding=\u00a0\u00bb50&Prime; bottom_padding=\u00a0\u00bb50&Prime;][vc_column el_class=\u00a0\u00bbleft-col-menu-presta\u00a0\u00bb text_align=\u00a0\u00bbcenter\u00a0\u00bb width=\u00a0\u00bb1\/4&Prime;][vc_column_text] Nos prestations [\/vc_column_text][vc_wp_custommenu nav_menu=\u00a0\u00bb861&Prime; el_id=\u00a0\u00bbsticky-menu-prestations\u00a0\u00bb][\/vc_column][vc_column text_align=\u00a0\u00bbcenter\u00a0\u00bb width=\u00a0\u00bb3\/4&Prime;][vc_single_image image=\u00a0\u00bb4473&Prime; img_size=\u00a0\u00bbfull\u00a0\u00bb alignment=\u00a0\u00bbcenter\u00a0\u00bb el_class=\u00a0\u00bbisotype\u00a0\u00bb][vc_column_text] Vol\u00a0initiation [\/vc_column_text][vc_column_text] Vous en avez r\u00eav\u00e9, nous l\u2019avons fait ! Apr\u00e8s un petit briefing th\u00e9orique de 30 min, vous vous installerez dans la cabine avec l\u2019un de nos pilote instructeur exp\u00e9riment\u00e9 afin de vous expliquer les instruments et le fonctionnement des commandes de vol. C\u2019est d\u00e9sormais \u00e0 vous de piloter en double commande au c\u00f4t\u00e9 d&rsquo;un instructeur professionnel et de prendre de la hauteur. D\u00e9couvrez les sensations du pilotage, une exp\u00e9rience hors du commun ! \u00c0 r\u00e9aliser pour soi m\u00eame ou \u00e0 offrir pour faire preuve d\u2019originalit\u00e9. Au d\u00e9part de\u00a0: Paris, Gen\u00e8ve, Meg\u00e8ve, Vannes [\/vc_column_text][vc_btn title=\u00a0\u00bbR\u00e9servez votre initiation\u00a0\u00bb color=\u00a0\u00bbblack\u00a0\u00bb size=\u00a0\u00bblg\u00a0\u00bb align=\u00a0\u00bbcenter\u00a0\u00bb i_align=\u00a0\u00bbright\u00a0\u00bb i_icon_fontawesome=\u00a0\u00bb\u00a0\u00bb add_icon=\u00a0\u00bbtrue\u00a0\u00bb link=\u00a0\u00bburl:https%3A%2F%2Fheligo.aero%2Ffr%2F22-vol-d-initiation|target:_blank\u00a0\u00bb][\/vc_column][\/vc_row][vc_row top_padding=\u00a0\u00bb50&Prime; bottom_padding=\u00a0\u00bb50&Prime;][vc_column text_align=\u00a0\u00bbcenter\u00a0\u00bb width=\u00a0\u00bb1\/4&Prime;][\/vc_column][vc_column width=\u00a0\u00bb3\/4&Prime;][\/vc_column][\/vc_row]\" \/>\n<meta property=\"og:url\" content=\"https:\/\/www.mbh.fr\/fr\/services\/vol-passagers\/vols-initiation\/\" \/>\n<meta property=\"og:site_name\" content=\"Mont-Blanc H\u00e9licopt\u00e8res\" \/>\n<meta property=\"article:publisher\" content=\"https:\/\/www.facebook.com\/MontBlancHelicopteres\/\" \/>\n<meta property=\"article:modified_time\" content=\"2024-06-17T10:03:47+00:00\" \/>\n<meta name=\"twitter:card\" content=\"summary_large_image\" \/>\n<meta name=\"twitter:site\" content=\"@MBHelicopteres\" \/>\n<meta name=\"twitter:label1\" content=\"Dur\u00e9e de lecture estim\u00e9e\" \/>\n\t<meta name=\"twitter:data1\" content=\"2 minutes\" \/>\n<script type=\"application\/ld+json\" class=\"yoast-schema-graph\">{\"@context\":\"https:\/\/schema.org\",\"@graph\":[{\"@type\":\"WebPage\",\"@id\":\"https:\/\/www.mbh.fr\/fr\/services\/vol-passagers\/vols-initiation\/\",\"url\":\"https:\/\/www.mbh.fr\/fr\/services\/vol-passagers\/vols-initiation\/\",\"name\":\"Vol Initiation - Mont-Blanc H\u00e9licopt\u00e8res\",\"isPartOf\":{\"@id\":\"https:\/\/www.mbh.fr\/fr\/#website\"},\"datePublished\":\"2018-01-25T09:19:57+00:00\",\"dateModified\":\"2024-06-17T10:03:47+00:00\",\"breadcrumb\":{\"@id\":\"https:\/\/www.mbh.fr\/fr\/services\/vol-passagers\/vols-initiation\/#breadcrumb\"},\"inLanguage\":\"fr-FR\",\"potentialAction\":[{\"@type\":\"ReadAction\",\"target\":[\"https:\/\/www.mbh.fr\/fr\/services\/vol-passagers\/vols-initiation\/\"]}]},{\"@type\":\"BreadcrumbList\",\"@id\":\"https:\/\/www.mbh.fr\/fr\/services\/vol-passagers\/vols-initiation\/#breadcrumb\",\"itemListElement\":[{\"@type\":\"ListItem\",\"position\":1,\"name\":\"Accueil\",\"item\":\"https:\/\/www.mbh.fr\/fr\/\"},{\"@type\":\"ListItem\",\"position\":2,\"name\":\"PRESTATIONS\",\"item\":\"https:\/\/www.mbh.fr\/fr\/services\/\"},{\"@type\":\"ListItem\",\"position\":3,\"name\":\"VOL PASSAGERS\",\"item\":\"https:\/\/www.mbh.fr\/fr\/services\/vol-passagers\/\"},{\"@type\":\"ListItem\",\"position\":4,\"name\":\"Vol Initiation\"}]},{\"@type\":\"WebSite\",\"@id\":\"https:\/\/www.mbh.fr\/fr\/#website\",\"url\":\"https:\/\/www.mbh.fr\/fr\/\",\"name\":\"Mont-Blanc H\u00e9licopt\u00e8res\",\"description\":\"\",\"publisher\":{\"@id\":\"https:\/\/www.mbh.fr\/fr\/#organization\"},\"potentialAction\":[{\"@type\":\"SearchAction\",\"target\":{\"@type\":\"EntryPoint\",\"urlTemplate\":\"https:\/\/www.mbh.fr\/fr\/?s={search_term_string}\"},\"query-input\":{\"@type\":\"PropertyValueSpecification\",\"valueRequired\":true,\"valueName\":\"search_term_string\"}}],\"inLanguage\":\"fr-FR\"},{\"@type\":\"Organization\",\"@id\":\"https:\/\/www.mbh.fr\/fr\/#organization\",\"name\":\"mont blanc h\u00e9licopt\u00e8res\",\"url\":\"https:\/\/www.mbh.fr\/fr\/\",\"logo\":{\"@type\":\"ImageObject\",\"inLanguage\":\"fr-FR\",\"@id\":\"https:\/\/www.mbh.fr\/fr\/#\/schema\/logo\/image\/\",\"url\":\"\",\"contentUrl\":\"\",\"caption\":\"mont blanc h\u00e9licopt\u00e8res\"},\"image\":{\"@id\":\"https:\/\/www.mbh.fr\/fr\/#\/schema\/logo\/image\/\"},\"sameAs\":[\"https:\/\/www.facebook.com\/MontBlancHelicopteres\/\",\"https:\/\/x.com\/MBHelicopteres\",\"https:\/\/www.instagram.com\/montblanchelicopteres\/\",\"https:\/\/www.linkedin.com\/company\/715290\/\"]}]}<\/script>\n<!-- \/ Yoast SEO plugin. -->","yoast_head_json":{"title":"Vol Initiation - Mont-Blanc H\u00e9licopt\u00e8res","robots":{"index":"index","follow":"follow","max-snippet":"max-snippet:-1","max-image-preview":"max-image-preview:large","max-video-preview":"max-video-preview:-1"},"canonical":"https:\/\/www.mbh.fr\/fr\/services\/vol-passagers\/vols-initiation\/","og_locale":"fr_FR","og_type":"article","og_title":"Vol Initiation - Mont-Blanc H\u00e9licopt\u00e8res","og_description":"[vc_row type=\u00a0\u00bbfull_width_section\u00a0\u00bb bg_image=\u00a0\u00bb5025&Prime; parallax_bg=\u00a0\u00bbtrue\u00a0\u00bb top_padding=\u00a0\u00bb200&Prime; bottom_padding=\u00a0\u00bb200&Prime;][vc_column width=\u00a0\u00bb1\/1&Prime;][\/vc_column][\/vc_row][vc_row top_padding=\u00a0\u00bb50&Prime; bottom_padding=\u00a0\u00bb50&Prime;][vc_column el_class=\u00a0\u00bbleft-col-menu-presta\u00a0\u00bb text_align=\u00a0\u00bbcenter\u00a0\u00bb width=\u00a0\u00bb1\/4&Prime;][vc_column_text] Nos prestations [\/vc_column_text][vc_wp_custommenu nav_menu=\u00a0\u00bb861&Prime; el_id=\u00a0\u00bbsticky-menu-prestations\u00a0\u00bb][\/vc_column][vc_column text_align=\u00a0\u00bbcenter\u00a0\u00bb width=\u00a0\u00bb3\/4&Prime;][vc_single_image image=\u00a0\u00bb4473&Prime; img_size=\u00a0\u00bbfull\u00a0\u00bb alignment=\u00a0\u00bbcenter\u00a0\u00bb el_class=\u00a0\u00bbisotype\u00a0\u00bb][vc_column_text] Vol\u00a0initiation [\/vc_column_text][vc_column_text] Vous en avez r\u00eav\u00e9, nous l\u2019avons fait ! Apr\u00e8s un petit briefing th\u00e9orique de 30 min, vous vous installerez dans la cabine avec l\u2019un de nos pilote instructeur exp\u00e9riment\u00e9 afin de vous expliquer les instruments et le fonctionnement des commandes de vol. C\u2019est d\u00e9sormais \u00e0 vous de piloter en double commande au c\u00f4t\u00e9 d&rsquo;un instructeur professionnel et de prendre de la hauteur. D\u00e9couvrez les sensations du pilotage, une exp\u00e9rience hors du commun ! \u00c0 r\u00e9aliser pour soi m\u00eame ou \u00e0 offrir pour faire preuve d\u2019originalit\u00e9. Au d\u00e9part de\u00a0: Paris, Gen\u00e8ve, Meg\u00e8ve, Vannes [\/vc_column_text][vc_btn title=\u00a0\u00bbR\u00e9servez votre initiation\u00a0\u00bb color=\u00a0\u00bbblack\u00a0\u00bb size=\u00a0\u00bblg\u00a0\u00bb align=\u00a0\u00bbcenter\u00a0\u00bb i_align=\u00a0\u00bbright\u00a0\u00bb i_icon_fontawesome=\u00a0\u00bb\u00a0\u00bb add_icon=\u00a0\u00bbtrue\u00a0\u00bb link=\u00a0\u00bburl:https%3A%2F%2Fheligo.aero%2Ffr%2F22-vol-d-initiation|target:_blank\u00a0\u00bb][\/vc_column][\/vc_row][vc_row top_padding=\u00a0\u00bb50&Prime; bottom_padding=\u00a0\u00bb50&Prime;][vc_column text_align=\u00a0\u00bbcenter\u00a0\u00bb width=\u00a0\u00bb1\/4&Prime;][\/vc_column][vc_column width=\u00a0\u00bb3\/4&Prime;][\/vc_column][\/vc_row]","og_url":"https:\/\/www.mbh.fr\/fr\/services\/vol-passagers\/vols-initiation\/","og_site_name":"Mont-Blanc H\u00e9licopt\u00e8res","article_publisher":"https:\/\/www.facebook.com\/MontBlancHelicopteres\/","article_modified_time":"2024-06-17T10:03:47+00:00","twitter_card":"summary_large_image","twitter_site":"@MBHelicopteres","twitter_misc":{"Dur\u00e9e de lecture estim\u00e9e":"2 minutes"},"schema":{"@context":"https:\/\/schema.org","@graph":[{"@type":"WebPage","@id":"https:\/\/www.mbh.fr\/fr\/services\/vol-passagers\/vols-initiation\/","url":"https:\/\/www.mbh.fr\/fr\/services\/vol-passagers\/vols-initiation\/","name":"Vol Initiation - Mont-Blanc H\u00e9licopt\u00e8res","isPartOf":{"@id":"https:\/\/www.mbh.fr\/fr\/#website"},"datePublished":"2018-01-25T09:19:57+00:00","dateModified":"2024-06-17T10:03:47+00:00","breadcrumb":{"@id":"https:\/\/www.mbh.fr\/fr\/services\/vol-passagers\/vols-initiation\/#breadcrumb"},"inLanguage":"fr-FR","potentialAction":[{"@type":"ReadAction","target":["https:\/\/www.mbh.fr\/fr\/services\/vol-passagers\/vols-initiation\/"]}]},{"@type":"BreadcrumbList","@id":"https:\/\/www.mbh.fr\/fr\/services\/vol-passagers\/vols-initiation\/#breadcrumb","itemListElement":[{"@type":"ListItem","position":1,"name":"Accueil","item":"https:\/\/www.mbh.fr\/fr\/"},{"@type":"ListItem","position":2,"name":"PRESTATIONS","item":"https:\/\/www.mbh.fr\/fr\/services\/"},{"@type":"ListItem","position":3,"name":"VOL PASSAGERS","item":"https:\/\/www.mbh.fr\/fr\/services\/vol-passagers\/"},{"@type":"ListItem","position":4,"name":"Vol Initiation"}]},{"@type":"WebSite","@id":"https:\/\/www.mbh.fr\/fr\/#website","url":"https:\/\/www.mbh.fr\/fr\/","name":"Mont-Blanc H\u00e9licopt\u00e8res","description":"","publisher":{"@id":"https:\/\/www.mbh.fr\/fr\/#organization"},"potentialAction":[{"@type":"SearchAction","target":{"@type":"EntryPoint","urlTemplate":"https:\/\/www.mbh.fr\/fr\/?s={search_term_string}"},"query-input":{"@type":"PropertyValueSpecification","valueRequired":true,"valueName":"search_term_string"}}],"inLanguage":"fr-FR"},{"@type":"Organization","@id":"https:\/\/www.mbh.fr\/fr\/#organization","name":"mont blanc h\u00e9licopt\u00e8res","url":"https:\/\/www.mbh.fr\/fr\/","logo":{"@type":"ImageObject","inLanguage":"fr-FR","@id":"https:\/\/www.mbh.fr\/fr\/#\/schema\/logo\/image\/","url":"","contentUrl":"","caption":"mont blanc h\u00e9licopt\u00e8res"},"image":{"@id":"https:\/\/www.mbh.fr\/fr\/#\/schema\/logo\/image\/"},"sameAs":["https:\/\/www.facebook.com\/MontBlancHelicopteres\/","https:\/\/x.com\/MBHelicopteres","https:\/\/www.instagram.com\/montblanchelicopteres\/","https:\/\/www.linkedin.com\/company\/715290\/"]}]}},"_links":{"self":[{"href":"https:\/\/www.mbh.fr\/fr\/wp-json\/wp\/v2\/pages\/2810","targetHints":{"allow":["GET"]}}],"collection":[{"href":"https:\/\/www.mbh.fr\/fr\/wp-json\/wp\/v2\/pages"}],"about":[{"href":"https:\/\/www.mbh.fr\/fr\/wp-json\/wp\/v2\/types\/page"}],"author":[{"embeddable":true,"href":"https:\/\/www.mbh.fr\/fr\/wp-json\/wp\/v2\/users\/7"}],"replies":[{"embeddable":true,"href":"https:\/\/www.mbh.fr\/fr\/wp-json\/wp\/v2\/comments?post=2810"}],"version-history":[{"count":8,"href":"https:\/\/www.mbh.fr\/fr\/wp-json\/wp\/v2\/pages\/2810\/revisions"}],"predecessor-version":[{"id":14068,"href":"https:\/\/www.mbh.fr\/fr\/wp-json\/wp\/v2\/pages\/2810\/revisions\/14068"}],"up":[{"embeddable":true,"href":"https:\/\/www.mbh.fr\/fr\/wp-json\/wp\/v2\/pages\/2801"}],"wp:attachment":[{"href":"https:\/\/www.mbh.fr\/fr\/wp-json\/wp\/v2\/media?parent=2810"}],"curies":[{"name":"wp","href":"https:\/\/api.w.org\/{rel}","templated":true}]}}