{"id":2811,"date":"2018-01-25T10:20:27","date_gmt":"2018-01-25T09:20:27","guid":{"rendered":"http:\/\/www.mbh.fr\/?page_id=2811"},"modified":"2024-03-04T12:08:08","modified_gmt":"2024-03-04T11:08:08","slug":"vols-touristiques","status":"publish","type":"page","link":"https:\/\/www.mbh.fr\/fr\/services\/vol-passagers\/vols-touristiques\/","title":{"rendered":"Vols Touristiques"},"content":{"rendered":"<div class=\"wpb-content-wrapper\"><p>[vc_row type=\u00a0\u00bbfull_width_section\u00a0\u00bb bg_image=\u00a0\u00bb4844&Prime; parallax_bg=\u00a0\u00bbtrue\u00a0\u00bb top_padding=\u00a0\u00bb200&Prime; bottom_padding=\u00a0\u00bb200&Prime;][vc_column width=\u00a0\u00bb1\/1&Prime;][\/vc_column][\/vc_row][vc_row top_padding=\u00a0\u00bb50&Prime; bottom_padding=\u00a0\u00bb50&Prime;][vc_column el_class=\u00a0\u00bbleft-col-menu-presta\u00a0\u00bb text_align=\u00a0\u00bbcenter\u00a0\u00bb width=\u00a0\u00bb1\/4&Prime;][vc_column_text]<\/p>\n<h3>Nos <strong>prestations<\/strong><\/h3>\n<p>[\/vc_column_text][vc_wp_custommenu nav_menu=\u00a0\u00bb861&Prime; el_id=\u00a0\u00bbsticky-menu-prestations\u00a0\u00bb][\/vc_column][vc_column text_align=\u00a0\u00bbcenter\u00a0\u00bb width=\u00a0\u00bb3\/4&Prime;][vc_single_image image=\u00a0\u00bb4473&Prime; img_size=\u00a0\u00bbfull\u00a0\u00bb alignment=\u00a0\u00bbcenter\u00a0\u00bb el_class=\u00a0\u00bbisotype\u00a0\u00bb][vc_column_text]<\/p>\n<h1 style=\"text-align: center;\">Vols\u00a0<strong>touristiques en H\u00e9licopt\u00e8re<\/strong><\/h1>\n<p>[\/vc_column_text][vc_column_text]<\/p>\n<p style=\"text-align: center;\"><strong>Lors d\u2019une exp\u00e9rience singuli\u00e8re et hors du commun envolez-vous \u00e0 bord d&rsquo;un h\u00e9licopt\u00e8re, pour d\u00e9couvrir, depuis les airs, des paysages grandioses parmi les plus beaux d\u2019Europe.<\/strong><\/p>\n<p>Nos circuits soigneusement con\u00e7us vous offrent une perspective a\u00e9rienne in\u00e9dite sur des destinations embl\u00e9matiques.<\/p>\n<p>Explorez les joyaux cach\u00e9s de chaque ville que nous desservons, depuis les sommets majestueux jusqu&rsquo;aux panoramas urbains \u00e9poustouflants. Notre flotte d&rsquo;h\u00e9licopt\u00e8res modernes, pilot\u00e9e par des experts passionn\u00e9s, vous assure une exp\u00e9rience s\u00fbre et m\u00e9morable.<\/p>\n<p>Chez nous, chaque vol est une immersion dans l&rsquo;\u00e9l\u00e9gance du voyage a\u00e9rien. Notre passion pour l&rsquo;a\u00e9ronautique se traduit par des itin\u00e9raires captivants, des vues \u00e0 couper le souffle et un service exceptionnel. Contemplez des sommets majestueux, des panoramas sur les cha\u00eenes du Cervin ou du <a href=\"https:\/\/www.mbh.fr\/fr\/services\/vol-passagers\/vols-touristiques\/tour-mont-blanc\/\">Mont-Blanc<\/a>, des points de vue magiques sur le lac L\u00e9man ou d\u2019Annecy, des paysages culturels autour des Ch\u00e2teaux de Versailles ou encore Chantilly\u2026 nous sommes \u00e0 votre disposition pour vous emmener dans les plus beaux endroits de notre pays.<\/p>\n<p>Que vous soyez un amateur de sensations fortes cherchant l&rsquo;adr\u00e9naline du vol en h\u00e9licopt\u00e8re ou un explorateur en qu\u00eate de nouvelles perspectives, nos circuits ont quelque chose \u00e0 offrir \u00e0 chacun. Vivez l&rsquo;excitation de voir le monde d&rsquo;en haut avec Mont Blanc H\u00e9licopt\u00e8res, o\u00f9 chaque vol est une aventure, et chaque moment est inoubliable.<\/p>\n<p style=\"text-align: center;\">Nos \u00e9quipes sont \u00e0 votre disposition pour r\u00e9pondre \u00e0 toutes vos demandes, 7j \/ 7, 365 jours par an, alors n\u2019h\u00e9sitez plus, <a href=\"https:\/\/www.mbh.fr\/fr\/contact\/\">contactez-nous<\/a>.<\/p>\n<p style=\"text-align: center;\"><strong>Nos principales bases\u00a0:<\/strong> <a href=\"https:\/\/www.mbh.fr\/fr\/nos-bases\/paris\/\">Paris<\/a>,\u00a0<a href=\"https:\/\/www.mbh.fr\/fr\/nos-bases\/geneve-aeroport\/\">Gen\u00e8ve<\/a>, <a href=\"https:\/\/www.mbh.fr\/fr\/nos-bases\/annemasse\/\">Annemasse<\/a>, <a href=\"https:\/\/www.mbh.fr\/fr\/nos-bases\/megeve\/\">Meg\u00e8ve<\/a>, <a href=\"https:\/\/www.mbh.fr\/fr\/nos-bases\/courchevel\/\">Courchevel<\/a>, <a href=\"https:\/\/www.mbh.fr\/fr\/nos-bases\/les-arcs\/\">Les Arcs<\/a>,\u00a0<a href=\"https:\/\/www.mbh.fr\/fr\/nos-bases\/gap\/\">Gap<\/a>,\u00a0<a href=\"https:\/\/www.mbh.fr\/fr\/nos-bases\/grenoble\/\">Grenoble<\/a>&#8230;<\/p>\n<p style=\"text-align: center;\"><strong>Retrouvez tous nos vols en h\u00e9licopt\u00e8re sur notre boutique en ligne <a href=\"https:\/\/heligo.aero\/fr\/\">HELIGO.AERO<\/a>.<\/strong><\/p>\n<p><a href=\"https:\/\/heligo.aero\/fr\/\"><img loading=\"lazy\" decoding=\"async\" class=\"wp-image-13956 aligncenter\" src=\"https:\/\/www.mbh.fr\/wp-content\/uploads\/2024\/03\/HELIGO_LOGO_GRIS_CMJN-1-1000x305.webp\" alt=\"\" width=\"493\" height=\"150\" srcset=\"https:\/\/www.mbh.fr\/wp-content\/uploads\/2024\/03\/HELIGO_LOGO_GRIS_CMJN-1-1000x305.webp 1000w, https:\/\/www.mbh.fr\/wp-content\/uploads\/2024\/03\/HELIGO_LOGO_GRIS_CMJN-1-1500x458.webp 1500w, https:\/\/www.mbh.fr\/wp-content\/uploads\/2024\/03\/HELIGO_LOGO_GRIS_CMJN-1-768x234.webp 768w, https:\/\/www.mbh.fr\/wp-content\/uploads\/2024\/03\/HELIGO_LOGO_GRIS_CMJN-1-1536x469.webp 1536w, https:\/\/www.mbh.fr\/wp-content\/uploads\/2024\/03\/HELIGO_LOGO_GRIS_CMJN-1-jpg.webp 1609w\" sizes=\"auto, (max-width: 493px) 100vw, 493px\" \/><\/a>[\/vc_column_text][vc_btn title=\u00a0\u00bbD\u00e9couvrez nos circuits\u00a0\u00bb color=\u00a0\u00bbblack\u00a0\u00bb size=\u00a0\u00bblg\u00a0\u00bb align=\u00a0\u00bbcenter\u00a0\u00bb i_align=\u00a0\u00bbright\u00a0\u00bb i_icon_fontawesome=\u00a0\u00bb\u00a0\u00bb add_icon=\u00a0\u00bbtrue\u00a0\u00bb link=\u00a0\u00bburl:https%3A%2F%2Fheligo.aero%2Ffr%2F13-vols-panoramiques|target:_blank\u00a0\u00bb][\/vc_column][\/vc_row][vc_row top_padding=\u00a0\u00bb50&Prime; bottom_padding=\u00a0\u00bb50&Prime;][vc_column text_align=\u00a0\u00bbcenter\u00a0\u00bb width=\u00a0\u00bb1\/4&Prime;][\/vc_column][vc_column width=\u00a0\u00bb3\/4&Prime;]<div class=\"gallery-style-2\">\n\t\t<style type=\"text\/css\">\n\t\t\t#gallery-1 {\n\t\t\t\tmargin: auto;\n\t\t\t}\n\t\t\t#gallery-1 .gallery-item {\n\t\t\t\tfloat: left;\n\t\t\t\tmargin-top: 10px;\n\t\t\t\ttext-align: center;\n\t\t\t\twidth: 33%;\n\t\t\t}\n\t\t\t#gallery-1 img {\n\t\t\t\tborder: 2px solid #cfcfcf;\n\t\t\t}\n\t\t\t#gallery-1 .gallery-caption {\n\t\t\t\tmargin-left: 0;\n\t\t\t}\n\t\t\t\/* see gallery_shortcode() in wp-includes\/media.php *\/\n\t\t<\/style>\n\t\t<div id='gallery-1' class='gallery galleryid-2811 gallery-columns-3 gallery-size-thumbnail'><dl class='gallery-item'>\n\t\t\t<dt class='gallery-icon portrait'>\n\t\t\t\t<a rel=\"prettyPhoto[pp_gal]\" href='https:\/\/www.mbh.fr\/wp-content\/uploads\/2019\/02\/touristique-bottom-3.jpg'><img loading=\"lazy\" decoding=\"async\" width=\"600\" height=\"600\" src=\"https:\/\/www.mbh.fr\/wp-content\/uploads\/2019\/02\/touristique-bottom-3-600x600.jpg\" class=\"attachment-thumbnail size-thumbnail\" alt=\"\" srcset=\"https:\/\/www.mbh.fr\/wp-content\/uploads\/2019\/02\/touristique-bottom-3-600x600.jpg 600w, https:\/\/www.mbh.fr\/wp-content\/uploads\/2019\/02\/touristique-bottom-3-80x80.jpg 80w, https:\/\/www.mbh.fr\/wp-content\/uploads\/2019\/02\/touristique-bottom-3-500x500.jpg 500w, https:\/\/www.mbh.fr\/wp-content\/uploads\/2019\/02\/touristique-bottom-3-1000x1000.jpg 1000w\" sizes=\"auto, (max-width: 600px) 100vw, 600px\" \/><\/a>\n\t\t\t<\/dt><\/dl><dl class='gallery-item'>\n\t\t\t<dt class='gallery-icon landscape'>\n\t\t\t\t<a rel=\"prettyPhoto[pp_gal]\" href='https:\/\/www.mbh.fr\/wp-content\/uploads\/2019\/02\/touristique-bottom-2.jpg'><img loading=\"lazy\" decoding=\"async\" width=\"600\" height=\"600\" src=\"https:\/\/www.mbh.fr\/wp-content\/uploads\/2019\/02\/touristique-bottom-2-600x600.jpg\" class=\"attachment-thumbnail size-thumbnail\" alt=\"\" srcset=\"https:\/\/www.mbh.fr\/wp-content\/uploads\/2019\/02\/touristique-bottom-2-600x600.jpg 600w, https:\/\/www.mbh.fr\/wp-content\/uploads\/2019\/02\/touristique-bottom-2-80x80.jpg 80w, https:\/\/www.mbh.fr\/wp-content\/uploads\/2019\/02\/touristique-bottom-2-500x500.jpg 500w, https:\/\/www.mbh.fr\/wp-content\/uploads\/2019\/02\/touristique-bottom-2-1000x1000.jpg 1000w\" sizes=\"auto, (max-width: 600px) 100vw, 600px\" \/><\/a>\n\t\t\t<\/dt><\/dl><dl class='gallery-item'>\n\t\t\t<dt class='gallery-icon landscape'>\n\t\t\t\t<a rel=\"prettyPhoto[pp_gal]\" href='https:\/\/www.mbh.fr\/wp-content\/uploads\/2019\/02\/touristique-bottom-1.jpg'><img loading=\"lazy\" decoding=\"async\" width=\"600\" height=\"600\" src=\"https:\/\/www.mbh.fr\/wp-content\/uploads\/2019\/02\/touristique-bottom-1-600x600.jpg\" class=\"attachment-thumbnail size-thumbnail\" alt=\"\" srcset=\"https:\/\/www.mbh.fr\/wp-content\/uploads\/2019\/02\/touristique-bottom-1-600x600.jpg 600w, https:\/\/www.mbh.fr\/wp-content\/uploads\/2019\/02\/touristique-bottom-1-80x80.jpg 80w, https:\/\/www.mbh.fr\/wp-content\/uploads\/2019\/02\/touristique-bottom-1-500x500.jpg 500w, https:\/\/www.mbh.fr\/wp-content\/uploads\/2019\/02\/touristique-bottom-1-1000x1000.jpg 1000w\" sizes=\"auto, (max-width: 600px) 100vw, 600px\" \/><\/a>\n\t\t\t<\/dt><\/dl><br style=\"clear: both\" \/>\n\t\t<\/div>\n<\/div>[\/vc_column][\/vc_row]<\/p>\n<\/div>","protected":false},"excerpt":{"rendered":"<p>[vc_row type=\u00a0\u00bbfull_width_section\u00a0\u00bb bg_image=\u00a0\u00bb4844&Prime; parallax_bg=\u00a0\u00bbtrue\u00a0\u00bb top_padding=\u00a0\u00bb200&Prime; bottom_padding=\u00a0\u00bb200&Prime;][vc_column width=\u00a0\u00bb1\/1&Prime;][\/vc_column][\/vc_row][vc_row top_padding=\u00a0\u00bb50&Prime; bottom_padding=\u00a0\u00bb50&Prime;][vc_column el_class=\u00a0\u00bbleft-col-menu-presta\u00a0\u00bb text_align=\u00a0\u00bbcenter\u00a0\u00bb width=\u00a0\u00bb1\/4&Prime;][vc_column_text] Nos prestations [\/vc_column_text][vc_wp_custommenu nav_menu=\u00a0\u00bb861&Prime; el_id=\u00a0\u00bbsticky-menu-prestations\u00a0\u00bb][\/vc_column][vc_column text_align=\u00a0\u00bbcenter\u00a0\u00bb width=\u00a0\u00bb3\/4&Prime;][vc_single_image image=\u00a0\u00bb4473&Prime; img_size=\u00a0\u00bbfull\u00a0\u00bb alignment=\u00a0\u00bbcenter\u00a0\u00bb el_class=\u00a0\u00bbisotype\u00a0\u00bb][vc_column_text] Vols\u00a0touristiques en H\u00e9licopt\u00e8re [\/vc_column_text][vc_column_text] Lors d\u2019une exp\u00e9rience singuli\u00e8re et hors du commun envolez-vous \u00e0 bord d&rsquo;un h\u00e9licopt\u00e8re, pour d\u00e9couvrir, depuis les airs, des paysages grandioses parmi les plus beaux d\u2019Europe. Nos circuits soigneusement con\u00e7us vous offrent une perspective a\u00e9rienne in\u00e9dite sur des destinations embl\u00e9matiques. Explorez les joyaux cach\u00e9s de chaque ville que nous desservons, depuis les sommets majestueux jusqu&rsquo;aux panoramas urbains \u00e9poustouflants. Notre flotte d&rsquo;h\u00e9licopt\u00e8res modernes, pilot\u00e9e par des experts passionn\u00e9s, vous assure une exp\u00e9rience s\u00fbre et m\u00e9morable. Chez nous, chaque vol est une immersion dans l&rsquo;\u00e9l\u00e9gance du voyage a\u00e9rien. Notre passion pour l&rsquo;a\u00e9ronautique se traduit par des itin\u00e9raires captivants, des vues \u00e0 couper le souffle et un service exceptionnel. Contemplez des sommets majestueux, des panoramas sur les cha\u00eenes du Cervin ou du Mont-Blanc, des points de vue magiques sur le lac L\u00e9man ou d\u2019Annecy, des paysages culturels autour des Ch\u00e2teaux de Versailles ou encore Chantilly\u2026 nous sommes \u00e0 votre disposition pour vous emmener dans les plus beaux endroits de notre pays. Que vous soyez un amateur de sensations fortes cherchant l&rsquo;adr\u00e9naline du vol en h\u00e9licopt\u00e8re ou [&hellip;]<\/p>\n","protected":false},"author":7,"featured_media":0,"parent":2801,"menu_order":0,"comment_status":"closed","ping_status":"closed","template":"","meta":{"_acf_changed":false,"footnotes":""},"class_list":["post-2811","page","type-page","status-publish","hentry"],"acf":[],"yoast_head":"<!-- This site is optimized with the Yoast SEO plugin v26.9 - https:\/\/yoast.com\/product\/yoast-seo-wordpress\/ -->\n<title>Vols Touristiques - Mont-Blanc H\u00e9licopt\u00e8res<\/title>\n<meta name=\"description\" content=\"Profitez d&#039;un bapt\u00eame en h\u00e9licopt\u00e8re et d\u00e9couvrez de sublimes paysages. Un cadeau original qui fera sensation ! Une activit\u00e9 \u00e0 partager !\" \/>\n<meta name=\"robots\" content=\"index, follow, max-snippet:-1, max-image-preview:large, max-video-preview:-1\" \/>\n<link rel=\"canonical\" href=\"https:\/\/www.mbh.fr\/fr\/services\/vol-passagers\/vols-touristiques\/\" \/>\n<meta property=\"og:locale\" content=\"fr_FR\" \/>\n<meta property=\"og:type\" content=\"article\" \/>\n<meta property=\"og:title\" content=\"Vols Touristiques - Mont-Blanc H\u00e9licopt\u00e8res\" \/>\n<meta property=\"og:description\" content=\"Profitez d&#039;un bapt\u00eame en h\u00e9licopt\u00e8re et d\u00e9couvrez de sublimes paysages. Un cadeau original qui fera sensation ! Une activit\u00e9 \u00e0 partager !\" \/>\n<meta property=\"og:url\" content=\"https:\/\/www.mbh.fr\/fr\/services\/vol-passagers\/vols-touristiques\/\" \/>\n<meta property=\"og:site_name\" content=\"Mont-Blanc H\u00e9licopt\u00e8res\" \/>\n<meta property=\"article:publisher\" content=\"https:\/\/www.facebook.com\/MontBlancHelicopteres\/\" \/>\n<meta property=\"article:modified_time\" content=\"2024-03-04T11:08:08+00:00\" \/>\n<meta property=\"og:image\" content=\"https:\/\/www.mbh.fr\/wp-content\/uploads\/2024\/03\/HELIGO_LOGO_GRIS_CMJN-1-1000x305.webp\" \/>\n<meta name=\"twitter:card\" content=\"summary_large_image\" \/>\n<meta name=\"twitter:site\" content=\"@MBHelicopteres\" \/>\n<meta name=\"twitter:label1\" content=\"Dur\u00e9e de lecture estim\u00e9e\" \/>\n\t<meta name=\"twitter:data1\" content=\"2 minutes\" \/>\n<script type=\"application\/ld+json\" class=\"yoast-schema-graph\">{\"@context\":\"https:\/\/schema.org\",\"@graph\":[{\"@type\":\"WebPage\",\"@id\":\"https:\/\/www.mbh.fr\/fr\/services\/vol-passagers\/vols-touristiques\/\",\"url\":\"https:\/\/www.mbh.fr\/fr\/services\/vol-passagers\/vols-touristiques\/\",\"name\":\"Vols Touristiques - Mont-Blanc H\u00e9licopt\u00e8res\",\"isPartOf\":{\"@id\":\"https:\/\/www.mbh.fr\/fr\/#website\"},\"primaryImageOfPage\":{\"@id\":\"https:\/\/www.mbh.fr\/fr\/services\/vol-passagers\/vols-touristiques\/#primaryimage\"},\"image\":{\"@id\":\"https:\/\/www.mbh.fr\/fr\/services\/vol-passagers\/vols-touristiques\/#primaryimage\"},\"thumbnailUrl\":\"https:\/\/www.mbh.fr\/wp-content\/uploads\/2024\/03\/HELIGO_LOGO_GRIS_CMJN-1-1000x305.webp\",\"datePublished\":\"2018-01-25T09:20:27+00:00\",\"dateModified\":\"2024-03-04T11:08:08+00:00\",\"description\":\"Profitez d'un bapt\u00eame en h\u00e9licopt\u00e8re et d\u00e9couvrez de sublimes paysages. Un cadeau original qui fera sensation ! Une activit\u00e9 \u00e0 partager !\",\"breadcrumb\":{\"@id\":\"https:\/\/www.mbh.fr\/fr\/services\/vol-passagers\/vols-touristiques\/#breadcrumb\"},\"inLanguage\":\"fr-FR\",\"potentialAction\":[{\"@type\":\"ReadAction\",\"target\":[\"https:\/\/www.mbh.fr\/fr\/services\/vol-passagers\/vols-touristiques\/\"]}]},{\"@type\":\"ImageObject\",\"inLanguage\":\"fr-FR\",\"@id\":\"https:\/\/www.mbh.fr\/fr\/services\/vol-passagers\/vols-touristiques\/#primaryimage\",\"url\":\"https:\/\/www.mbh.fr\/wp-content\/uploads\/2024\/03\/HELIGO_LOGO_GRIS_CMJN-1-1000x305.webp\",\"contentUrl\":\"https:\/\/www.mbh.fr\/wp-content\/uploads\/2024\/03\/HELIGO_LOGO_GRIS_CMJN-1-1000x305.webp\"},{\"@type\":\"BreadcrumbList\",\"@id\":\"https:\/\/www.mbh.fr\/fr\/services\/vol-passagers\/vols-touristiques\/#breadcrumb\",\"itemListElement\":[{\"@type\":\"ListItem\",\"position\":1,\"name\":\"Accueil\",\"item\":\"https:\/\/www.mbh.fr\/fr\/\"},{\"@type\":\"ListItem\",\"position\":2,\"name\":\"PRESTATIONS\",\"item\":\"https:\/\/www.mbh.fr\/fr\/services\/\"},{\"@type\":\"ListItem\",\"position\":3,\"name\":\"VOL PASSAGERS\",\"item\":\"https:\/\/www.mbh.fr\/fr\/services\/vol-passagers\/\"},{\"@type\":\"ListItem\",\"position\":4,\"name\":\"Vols Touristiques\"}]},{\"@type\":\"WebSite\",\"@id\":\"https:\/\/www.mbh.fr\/fr\/#website\",\"url\":\"https:\/\/www.mbh.fr\/fr\/\",\"name\":\"Mont-Blanc H\u00e9licopt\u00e8res\",\"description\":\"\",\"publisher\":{\"@id\":\"https:\/\/www.mbh.fr\/fr\/#organization\"},\"potentialAction\":[{\"@type\":\"SearchAction\",\"target\":{\"@type\":\"EntryPoint\",\"urlTemplate\":\"https:\/\/www.mbh.fr\/fr\/?s={search_term_string}\"},\"query-input\":{\"@type\":\"PropertyValueSpecification\",\"valueRequired\":true,\"valueName\":\"search_term_string\"}}],\"inLanguage\":\"fr-FR\"},{\"@type\":\"Organization\",\"@id\":\"https:\/\/www.mbh.fr\/fr\/#organization\",\"name\":\"mont blanc h\u00e9licopt\u00e8res\",\"url\":\"https:\/\/www.mbh.fr\/fr\/\",\"logo\":{\"@type\":\"ImageObject\",\"inLanguage\":\"fr-FR\",\"@id\":\"https:\/\/www.mbh.fr\/fr\/#\/schema\/logo\/image\/\",\"url\":\"\",\"contentUrl\":\"\",\"caption\":\"mont blanc h\u00e9licopt\u00e8res\"},\"image\":{\"@id\":\"https:\/\/www.mbh.fr\/fr\/#\/schema\/logo\/image\/\"},\"sameAs\":[\"https:\/\/www.facebook.com\/MontBlancHelicopteres\/\",\"https:\/\/x.com\/MBHelicopteres\",\"https:\/\/www.instagram.com\/montblanchelicopteres\/\",\"https:\/\/www.linkedin.com\/company\/715290\/\"]}]}<\/script>\n<!-- \/ Yoast SEO plugin. -->","yoast_head_json":{"title":"Vols Touristiques - Mont-Blanc H\u00e9licopt\u00e8res","description":"Profitez d'un bapt\u00eame en h\u00e9licopt\u00e8re et d\u00e9couvrez de sublimes paysages. Un cadeau original qui fera sensation ! Une activit\u00e9 \u00e0 partager !","robots":{"index":"index","follow":"follow","max-snippet":"max-snippet:-1","max-image-preview":"max-image-preview:large","max-video-preview":"max-video-preview:-1"},"canonical":"https:\/\/www.mbh.fr\/fr\/services\/vol-passagers\/vols-touristiques\/","og_locale":"fr_FR","og_type":"article","og_title":"Vols Touristiques - Mont-Blanc H\u00e9licopt\u00e8res","og_description":"Profitez d'un bapt\u00eame en h\u00e9licopt\u00e8re et d\u00e9couvrez de sublimes paysages. Un cadeau original qui fera sensation ! Une activit\u00e9 \u00e0 partager !","og_url":"https:\/\/www.mbh.fr\/fr\/services\/vol-passagers\/vols-touristiques\/","og_site_name":"Mont-Blanc H\u00e9licopt\u00e8res","article_publisher":"https:\/\/www.facebook.com\/MontBlancHelicopteres\/","article_modified_time":"2024-03-04T11:08:08+00:00","og_image":[{"url":"https:\/\/www.mbh.fr\/wp-content\/uploads\/2024\/03\/HELIGO_LOGO_GRIS_CMJN-1-1000x305.webp","type":"","width":"","height":""}],"twitter_card":"summary_large_image","twitter_site":"@MBHelicopteres","twitter_misc":{"Dur\u00e9e de lecture estim\u00e9e":"2 minutes"},"schema":{"@context":"https:\/\/schema.org","@graph":[{"@type":"WebPage","@id":"https:\/\/www.mbh.fr\/fr\/services\/vol-passagers\/vols-touristiques\/","url":"https:\/\/www.mbh.fr\/fr\/services\/vol-passagers\/vols-touristiques\/","name":"Vols Touristiques - Mont-Blanc H\u00e9licopt\u00e8res","isPartOf":{"@id":"https:\/\/www.mbh.fr\/fr\/#website"},"primaryImageOfPage":{"@id":"https:\/\/www.mbh.fr\/fr\/services\/vol-passagers\/vols-touristiques\/#primaryimage"},"image":{"@id":"https:\/\/www.mbh.fr\/fr\/services\/vol-passagers\/vols-touristiques\/#primaryimage"},"thumbnailUrl":"https:\/\/www.mbh.fr\/wp-content\/uploads\/2024\/03\/HELIGO_LOGO_GRIS_CMJN-1-1000x305.webp","datePublished":"2018-01-25T09:20:27+00:00","dateModified":"2024-03-04T11:08:08+00:00","description":"Profitez d'un bapt\u00eame en h\u00e9licopt\u00e8re et d\u00e9couvrez de sublimes paysages. Un cadeau original qui fera sensation ! Une activit\u00e9 \u00e0 partager !","breadcrumb":{"@id":"https:\/\/www.mbh.fr\/fr\/services\/vol-passagers\/vols-touristiques\/#breadcrumb"},"inLanguage":"fr-FR","potentialAction":[{"@type":"ReadAction","target":["https:\/\/www.mbh.fr\/fr\/services\/vol-passagers\/vols-touristiques\/"]}]},{"@type":"ImageObject","inLanguage":"fr-FR","@id":"https:\/\/www.mbh.fr\/fr\/services\/vol-passagers\/vols-touristiques\/#primaryimage","url":"https:\/\/www.mbh.fr\/wp-content\/uploads\/2024\/03\/HELIGO_LOGO_GRIS_CMJN-1-1000x305.webp","contentUrl":"https:\/\/www.mbh.fr\/wp-content\/uploads\/2024\/03\/HELIGO_LOGO_GRIS_CMJN-1-1000x305.webp"},{"@type":"BreadcrumbList","@id":"https:\/\/www.mbh.fr\/fr\/services\/vol-passagers\/vols-touristiques\/#breadcrumb","itemListElement":[{"@type":"ListItem","position":1,"name":"Accueil","item":"https:\/\/www.mbh.fr\/fr\/"},{"@type":"ListItem","position":2,"name":"PRESTATIONS","item":"https:\/\/www.mbh.fr\/fr\/services\/"},{"@type":"ListItem","position":3,"name":"VOL PASSAGERS","item":"https:\/\/www.mbh.fr\/fr\/services\/vol-passagers\/"},{"@type":"ListItem","position":4,"name":"Vols Touristiques"}]},{"@type":"WebSite","@id":"https:\/\/www.mbh.fr\/fr\/#website","url":"https:\/\/www.mbh.fr\/fr\/","name":"Mont-Blanc H\u00e9licopt\u00e8res","description":"","publisher":{"@id":"https:\/\/www.mbh.fr\/fr\/#organization"},"potentialAction":[{"@type":"SearchAction","target":{"@type":"EntryPoint","urlTemplate":"https:\/\/www.mbh.fr\/fr\/?s={search_term_string}"},"query-input":{"@type":"PropertyValueSpecification","valueRequired":true,"valueName":"search_term_string"}}],"inLanguage":"fr-FR"},{"@type":"Organization","@id":"https:\/\/www.mbh.fr\/fr\/#organization","name":"mont blanc h\u00e9licopt\u00e8res","url":"https:\/\/www.mbh.fr\/fr\/","logo":{"@type":"ImageObject","inLanguage":"fr-FR","@id":"https:\/\/www.mbh.fr\/fr\/#\/schema\/logo\/image\/","url":"","contentUrl":"","caption":"mont blanc h\u00e9licopt\u00e8res"},"image":{"@id":"https:\/\/www.mbh.fr\/fr\/#\/schema\/logo\/image\/"},"sameAs":["https:\/\/www.facebook.com\/MontBlancHelicopteres\/","https:\/\/x.com\/MBHelicopteres","https:\/\/www.instagram.com\/montblanchelicopteres\/","https:\/\/www.linkedin.com\/company\/715290\/"]}]}},"_links":{"self":[{"href":"https:\/\/www.mbh.fr\/fr\/wp-json\/wp\/v2\/pages\/2811","targetHints":{"allow":["GET"]}}],"collection":[{"href":"https:\/\/www.mbh.fr\/fr\/wp-json\/wp\/v2\/pages"}],"about":[{"href":"https:\/\/www.mbh.fr\/fr\/wp-json\/wp\/v2\/types\/page"}],"author":[{"embeddable":true,"href":"https:\/\/www.mbh.fr\/fr\/wp-json\/wp\/v2\/users\/7"}],"replies":[{"embeddable":true,"href":"https:\/\/www.mbh.fr\/fr\/wp-json\/wp\/v2\/comments?post=2811"}],"version-history":[{"count":16,"href":"https:\/\/www.mbh.fr\/fr\/wp-json\/wp\/v2\/pages\/2811\/revisions"}],"predecessor-version":[{"id":13961,"href":"https:\/\/www.mbh.fr\/fr\/wp-json\/wp\/v2\/pages\/2811\/revisions\/13961"}],"up":[{"embeddable":true,"href":"https:\/\/www.mbh.fr\/fr\/wp-json\/wp\/v2\/pages\/2801"}],"wp:attachment":[{"href":"https:\/\/www.mbh.fr\/fr\/wp-json\/wp\/v2\/media?parent=2811"}],"curies":[{"name":"wp","href":"https:\/\/api.w.org\/{rel}","templated":true}]}}