{"id":2813,"date":"2018-01-25T10:20:47","date_gmt":"2018-01-25T09:20:47","guid":{"rendered":"http:\/\/www.mbh.fr\/?page_id=2813"},"modified":"2026-03-13T14:52:41","modified_gmt":"2026-03-13T13:52:41","slug":"vols-vip","status":"publish","type":"page","link":"https:\/\/www.mbh.fr\/fr\/services\/vol-passagers\/vols-vip\/","title":{"rendered":"Vols VIP \/ Taxi"},"content":{"rendered":"<div class=\"wpb-content-wrapper\"><p>[vc_row type=\u00a0\u00bbfull_width_section\u00a0\u00bb bg_image=\u00a0\u00bb4899&Prime; parallax_bg=\u00a0\u00bbtrue\u00a0\u00bb top_padding=\u00a0\u00bb200&Prime; bottom_padding=\u00a0\u00bb200&Prime;][vc_column width=\u00a0\u00bb1\/1&Prime;][\/vc_column][\/vc_row][vc_row top_padding=\u00a0\u00bb50&Prime; bottom_padding=\u00a0\u00bb50&Prime;][vc_column el_class=\u00a0\u00bbleft-col-menu-presta\u00a0\u00bb text_align=\u00a0\u00bbcenter\u00a0\u00bb width=\u00a0\u00bb1\/4&Prime;][vc_column_text]<\/p>\n<h3>Nos <strong>prestations<\/strong><\/h3>\n<p>[\/vc_column_text][vc_wp_custommenu nav_menu=\u00a0\u00bb861&Prime; el_id=\u00a0\u00bbsticky-menu-prestations\u00a0\u00bb][\/vc_column][vc_column text_align=\u00a0\u00bbcenter\u00a0\u00bb width=\u00a0\u00bb3\/4&Prime;][vc_single_image image=\u00a0\u00bb4473&Prime; img_size=\u00a0\u00bbfull\u00a0\u00bb alignment=\u00a0\u00bbcenter\u00a0\u00bb el_class=\u00a0\u00bbisotype\u00a0\u00bb][vc_column_text]<\/p>\n<h1 style=\"text-align: center;\">Vols <strong>Taxis \/ <\/strong><strong>VIP <\/strong><strong>en H\u00e9licopt\u00e8re<\/strong><\/h1>\n<p>[\/vc_column_text][vc_column_text]<\/p>\n<h3 style=\"text-align: center;\"><strong>Notre m\u00e9tier est de vous emmener l\u00e0 o\u00f9 vous le d\u00e9sirez en toute s\u00e9curit\u00e9 et dans le plus grand confort. <\/strong><\/h3>\n<p style=\"text-align: center;\">Profitez de nos appareils polyvalents, performants et parfaitement entretenus. Accompagn\u00e9 par un personnel qualifi\u00e9 et attentionn\u00e9, vous trouverez une r\u00e9ponse adapt\u00e9e \u00e0 votre demande et \u00e0 vos exigences.<\/p>\n<h1><strong>Vols Transferts en H\u00e9licopt\u00e8re<\/strong><\/h1>\n<h3><em>D\u00e9placez-vous avec \u00e9l\u00e9gance et rapidit\u00e9<\/em><\/h3>\n<p>Nos vols transferts en h\u00e9licopt\u00e8re, offrent un moyen exclusif et efficace de rejoindre votre destination. Nos transferts en h\u00e9licopt\u00e8re vous permettent de contourner le trafic et d&rsquo;atteindre votre lieu de choix avec une efficacit\u00e9 in\u00e9gal\u00e9e. Profitez de vues panoramiques exceptionnelles pendant que nous vous transportons avec s\u00e9curit\u00e9 et confort.<\/p>\n<h3><em>Alliance de confort et de commodit\u00e9<\/em><\/h3>\n<p>Nos vols taxis en h\u00e9licopt\u00e8re vous offrent une solution de transport personnalis\u00e9e, combinant le luxe, la flexibilit\u00e9 et la praticit\u00e9. Voyagez selon votre horaire, \u00e0 votre mani\u00e8re.<\/p>\n<p>Nos vols VIP en h\u00e9licopt\u00e8re sont con\u00e7us pour r\u00e9pondre \u00e0 vos besoins sp\u00e9cifiques. Que ce soit pour des d\u00e9placements d&rsquo;affaires urgents ou des escapades personnelles, notre flotte d&rsquo;h\u00e9licopt\u00e8res offre la flexibilit\u00e9 dont vous avez besoin. Montez \u00e0 bord et laissez-vous transporter vers votre destination sereinement.<\/p>\n<p style=\"text-align: center;\"><strong>Au d\u00e9part notamment de :\u00a0<\/strong><a href=\"https:\/\/www.mbh.fr\/fr\/nos-bases\/paris\/\">Paris<\/a>,\u00a0<a href=\"https:\/\/www.mbh.fr\/fr\/nos-bases\/geneve-aeroport\/\">Gen\u00e8ve<\/a>, <a href=\"https:\/\/www.mbh.fr\/fr\/nos-bases\/annemasse\/\">Annemasse<\/a>, <a href=\"https:\/\/www.mbh.fr\/fr\/nos-bases\/megeve\/\">Meg\u00e8ve<\/a>, M\u00e9ribel, Val d&rsquo;Is\u00e8re, Val Thorens, <a href=\"https:\/\/www.mbh.fr\/fr\/nos-bases\/courchevel\/\">Courchevel<\/a>, <a href=\"https:\/\/www.mbh.fr\/fr\/nos-bases\/les-arcs\/\">Les Arcs<\/a>, <a href=\"https:\/\/www.mbh.fr\/fr\/nos-bases\/avoriaz\/\">Avoriaz<\/a>, <a href=\"https:\/\/www.mbh.fr\/fr\/nos-bases\/lyon-bron\/\">Lyon<\/a>, <a href=\"https:\/\/www.mbh.fr\/fr\/nos-bases\/gap\/\">Gap<\/a>, <a href=\"https:\/\/www.mbh.fr\/fr\/nos-bases\/grenoble\/\">Grenoble<\/a>&#8230;<\/p>\n<p style=\"text-align: center;\"><strong>Retrouvez toutes nos villes de d\u00e9parts et destinations <a href=\"https:\/\/www.mbh.fr\/fr\/nos-bases\/\">ici<\/a>.<\/strong><\/p>\n<p>[\/vc_column_text][vc_btn title=\u00a0\u00bbR\u00e9server un vol transfert\u00a0\u00bb color=\u00a0\u00bbblack\u00a0\u00bb i_align=\u00a0\u00bbright\u00a0\u00bb i_icon_fontawesome=\u00a0\u00bb\u00a0\u00bb css=\u00a0\u00bb\u00a0\u00bb add_icon=\u00a0\u00bbtrue\u00a0\u00bb link=\u00a0\u00bburl:https%3A%2F%2Fwww.mbh.fr%2Ffr%2Fcontact%2F|target:_blank\u00a0\u00bb][\/vc_column][\/vc_row][vc_row top_padding=\u00a0\u00bb50&Prime; bottom_padding=\u00a0\u00bb50&Prime;][vc_column text_align=\u00a0\u00bbcenter\u00a0\u00bb width=\u00a0\u00bb1\/4&Prime;][\/vc_column][vc_column width=\u00a0\u00bb3\/4&Prime;]<div class=\"gallery-style-2\">\n\t\t<style type=\"text\/css\">\n\t\t\t#gallery-1 {\n\t\t\t\tmargin: auto;\n\t\t\t}\n\t\t\t#gallery-1 .gallery-item {\n\t\t\t\tfloat: left;\n\t\t\t\tmargin-top: 10px;\n\t\t\t\ttext-align: center;\n\t\t\t\twidth: 25%;\n\t\t\t}\n\t\t\t#gallery-1 img {\n\t\t\t\tborder: 2px solid #cfcfcf;\n\t\t\t}\n\t\t\t#gallery-1 .gallery-caption {\n\t\t\t\tmargin-left: 0;\n\t\t\t}\n\t\t\t\/* see gallery_shortcode() in wp-includes\/media.php *\/\n\t\t<\/style>\n\t\t<div id='gallery-1' class='gallery galleryid-2813 gallery-columns-4 gallery-size-thumbnail'><dl class='gallery-item'>\n\t\t\t<dt class='gallery-icon landscape'>\n\t\t\t\t<a rel=\"prettyPhoto[pp_gal]\" href='https:\/\/www.mbh.fr\/wp-content\/uploads\/2026\/03\/Tournage-laccident-du-piano-Megeve-photo-5-scaled.jpg'><img loading=\"lazy\" decoding=\"async\" width=\"600\" height=\"600\" src=\"https:\/\/www.mbh.fr\/wp-content\/uploads\/2026\/03\/Tournage-laccident-du-piano-Megeve-photo-5-600x600.jpg\" class=\"attachment-thumbnail size-thumbnail\" alt=\"\" srcset=\"https:\/\/www.mbh.fr\/wp-content\/uploads\/2026\/03\/Tournage-laccident-du-piano-Megeve-photo-5-600x600.jpg 600w, https:\/\/www.mbh.fr\/wp-content\/uploads\/2026\/03\/Tournage-laccident-du-piano-Megeve-photo-5-80x80.jpg 80w, https:\/\/www.mbh.fr\/wp-content\/uploads\/2026\/03\/Tournage-laccident-du-piano-Megeve-photo-5-500x500.jpg 500w, https:\/\/www.mbh.fr\/wp-content\/uploads\/2026\/03\/Tournage-laccident-du-piano-Megeve-photo-5-1000x1000.jpg 1000w\" sizes=\"auto, (max-width: 600px) 100vw, 600px\" \/><\/a>\n\t\t\t<\/dt><\/dl><dl class='gallery-item'>\n\t\t\t<dt class='gallery-icon landscape'>\n\t\t\t\t<a rel=\"prettyPhoto[pp_gal]\" href='https:\/\/www.mbh.fr\/wp-content\/uploads\/2026\/03\/ACH145_Interior_1-scaled.jpg'><img loading=\"lazy\" decoding=\"async\" width=\"600\" height=\"600\" src=\"https:\/\/www.mbh.fr\/wp-content\/uploads\/2026\/03\/ACH145_Interior_1-600x600.jpg\" class=\"attachment-thumbnail size-thumbnail\" alt=\"\" srcset=\"https:\/\/www.mbh.fr\/wp-content\/uploads\/2026\/03\/ACH145_Interior_1-600x600.jpg 600w, https:\/\/www.mbh.fr\/wp-content\/uploads\/2026\/03\/ACH145_Interior_1-80x80.jpg 80w, https:\/\/www.mbh.fr\/wp-content\/uploads\/2026\/03\/ACH145_Interior_1-500x500.jpg 500w, https:\/\/www.mbh.fr\/wp-content\/uploads\/2026\/03\/ACH145_Interior_1-1000x1000.jpg 1000w\" sizes=\"auto, (max-width: 600px) 100vw, 600px\" \/><\/a>\n\t\t\t<\/dt><\/dl><dl class='gallery-item'>\n\t\t\t<dt class='gallery-icon landscape'>\n\t\t\t\t<a rel=\"prettyPhoto[pp_gal]\" href='https:\/\/www.mbh.fr\/wp-content\/uploads\/2026\/03\/ACH145_Interior_4-scaled.jpg'><img loading=\"lazy\" decoding=\"async\" width=\"600\" height=\"600\" src=\"https:\/\/www.mbh.fr\/wp-content\/uploads\/2026\/03\/ACH145_Interior_4-600x600.jpg\" class=\"attachment-thumbnail size-thumbnail\" alt=\"\" srcset=\"https:\/\/www.mbh.fr\/wp-content\/uploads\/2026\/03\/ACH145_Interior_4-600x600.jpg 600w, https:\/\/www.mbh.fr\/wp-content\/uploads\/2026\/03\/ACH145_Interior_4-80x80.jpg 80w, https:\/\/www.mbh.fr\/wp-content\/uploads\/2026\/03\/ACH145_Interior_4-500x500.jpg 500w, https:\/\/www.mbh.fr\/wp-content\/uploads\/2026\/03\/ACH145_Interior_4-1000x1000.jpg 1000w\" sizes=\"auto, (max-width: 600px) 100vw, 600px\" \/><\/a>\n\t\t\t<\/dt><\/dl><dl class='gallery-item'>\n\t\t\t<dt class='gallery-icon landscape'>\n\t\t\t\t<a rel=\"prettyPhoto[pp_gal]\" href='https:\/\/www.mbh.fr\/wp-content\/uploads\/2026\/03\/ACH145_Interior_2-scaled.jpg'><img loading=\"lazy\" decoding=\"async\" width=\"600\" height=\"600\" src=\"https:\/\/www.mbh.fr\/wp-content\/uploads\/2026\/03\/ACH145_Interior_2-600x600.jpg\" class=\"attachment-thumbnail size-thumbnail\" alt=\"\" srcset=\"https:\/\/www.mbh.fr\/wp-content\/uploads\/2026\/03\/ACH145_Interior_2-600x600.jpg 600w, https:\/\/www.mbh.fr\/wp-content\/uploads\/2026\/03\/ACH145_Interior_2-80x80.jpg 80w, https:\/\/www.mbh.fr\/wp-content\/uploads\/2026\/03\/ACH145_Interior_2-500x500.jpg 500w, https:\/\/www.mbh.fr\/wp-content\/uploads\/2026\/03\/ACH145_Interior_2-1000x1000.jpg 1000w\" sizes=\"auto, (max-width: 600px) 100vw, 600px\" \/><\/a>\n\t\t\t<\/dt><\/dl><br style=\"clear: both\" \/>\n\t\t<\/div>\n<\/div>[\/vc_column][\/vc_row]<\/p>\n<\/div>","protected":false},"excerpt":{"rendered":"<p>[vc_row type=\u00a0\u00bbfull_width_section\u00a0\u00bb bg_image=\u00a0\u00bb4899&Prime; parallax_bg=\u00a0\u00bbtrue\u00a0\u00bb top_padding=\u00a0\u00bb200&Prime; bottom_padding=\u00a0\u00bb200&Prime;][vc_column width=\u00a0\u00bb1\/1&Prime;][\/vc_column][\/vc_row][vc_row top_padding=\u00a0\u00bb50&Prime; bottom_padding=\u00a0\u00bb50&Prime;][vc_column el_class=\u00a0\u00bbleft-col-menu-presta\u00a0\u00bb text_align=\u00a0\u00bbcenter\u00a0\u00bb width=\u00a0\u00bb1\/4&Prime;][vc_column_text] Nos prestations [\/vc_column_text][vc_wp_custommenu nav_menu=\u00a0\u00bb861&Prime; el_id=\u00a0\u00bbsticky-menu-prestations\u00a0\u00bb][\/vc_column][vc_column text_align=\u00a0\u00bbcenter\u00a0\u00bb width=\u00a0\u00bb3\/4&Prime;][vc_single_image image=\u00a0\u00bb4473&Prime; img_size=\u00a0\u00bbfull\u00a0\u00bb alignment=\u00a0\u00bbcenter\u00a0\u00bb el_class=\u00a0\u00bbisotype\u00a0\u00bb][vc_column_text] Vols Taxis \/ VIP en H\u00e9licopt\u00e8re [\/vc_column_text][vc_column_text] Notre m\u00e9tier est de vous emmener l\u00e0 o\u00f9 vous le d\u00e9sirez en toute s\u00e9curit\u00e9 et dans le plus grand confort. Profitez de nos appareils polyvalents, performants et parfaitement entretenus. Accompagn\u00e9 par un personnel qualifi\u00e9 et attentionn\u00e9, vous trouverez une r\u00e9ponse adapt\u00e9e \u00e0 votre demande et \u00e0 vos exigences. Vols Transferts en H\u00e9licopt\u00e8re D\u00e9placez-vous avec \u00e9l\u00e9gance et rapidit\u00e9 Nos vols transferts en h\u00e9licopt\u00e8re, offrent un moyen exclusif et efficace de rejoindre votre destination. Nos transferts en h\u00e9licopt\u00e8re vous permettent de contourner le trafic et d&rsquo;atteindre votre lieu de choix avec une efficacit\u00e9 in\u00e9gal\u00e9e. Profitez de vues panoramiques exceptionnelles pendant que nous vous transportons avec s\u00e9curit\u00e9 et confort. Alliance de confort et de commodit\u00e9 Nos vols taxis en h\u00e9licopt\u00e8re vous offrent une solution de transport personnalis\u00e9e, combinant le luxe, la flexibilit\u00e9 et la praticit\u00e9. Voyagez selon votre horaire, \u00e0 votre mani\u00e8re. Nos vols VIP en h\u00e9licopt\u00e8re sont con\u00e7us pour r\u00e9pondre \u00e0 vos besoins sp\u00e9cifiques. Que ce soit pour des d\u00e9placements d&rsquo;affaires urgents ou des escapades personnelles, notre flotte d&rsquo;h\u00e9licopt\u00e8res offre la flexibilit\u00e9 [&hellip;]<\/p>\n","protected":false},"author":7,"featured_media":11525,"parent":2801,"menu_order":0,"comment_status":"closed","ping_status":"closed","template":"","meta":{"_acf_changed":false,"footnotes":""},"class_list":["post-2813","page","type-page","status-publish","has-post-thumbnail","hentry"],"acf":[],"yoast_head":"<!-- This site is optimized with the Yoast SEO plugin v26.9 - https:\/\/yoast.com\/product\/yoast-seo-wordpress\/ -->\n<title>Vol Taxi \/ VIP en H\u00e9licopt\u00e8re - D\u00e9placement professionnel ou priv\u00e9<\/title>\n<meta name=\"description\" content=\"Profitez de nos vols Taxis \/ VIP en h\u00e9licopt\u00e8re, pour tous vos d\u00e9placements professionnels ou priv\u00e9s en France et en Europe.\" \/>\n<meta name=\"robots\" content=\"index, follow, max-snippet:-1, max-image-preview:large, max-video-preview:-1\" \/>\n<link rel=\"canonical\" href=\"https:\/\/www.mbh.fr\/fr\/services\/vol-passagers\/vols-vip\/\" \/>\n<meta property=\"og:locale\" content=\"fr_FR\" \/>\n<meta property=\"og:type\" content=\"article\" \/>\n<meta property=\"og:title\" content=\"Vol Taxi \/ VIP en H\u00e9licopt\u00e8re - D\u00e9placement professionnel ou priv\u00e9\" \/>\n<meta property=\"og:description\" content=\"Profitez de nos vols Taxis \/ VIP en h\u00e9licopt\u00e8re, pour tous vos d\u00e9placements professionnels ou priv\u00e9s en France et en Europe.\" \/>\n<meta property=\"og:url\" content=\"https:\/\/www.mbh.fr\/fr\/services\/vol-passagers\/vols-vip\/\" \/>\n<meta property=\"og:site_name\" content=\"Mont-Blanc H\u00e9licopt\u00e8res\" \/>\n<meta property=\"article:publisher\" content=\"https:\/\/www.facebook.com\/MontBlancHelicopteres\/\" \/>\n<meta property=\"article:modified_time\" content=\"2026-03-13T13:52:41+00:00\" \/>\n<meta property=\"og:image\" content=\"https:\/\/www.mbh.fr\/wp-content\/uploads\/2022\/05\/photo2_histoire.jpg\" \/>\n\t<meta property=\"og:image:width\" content=\"1500\" \/>\n\t<meta property=\"og:image:height\" content=\"1000\" \/>\n\t<meta property=\"og:image:type\" content=\"image\/jpeg\" \/>\n<meta name=\"twitter:card\" content=\"summary_large_image\" \/>\n<meta name=\"twitter:site\" content=\"@MBHelicopteres\" \/>\n<meta name=\"twitter:label1\" content=\"Dur\u00e9e de lecture estim\u00e9e\" \/>\n\t<meta name=\"twitter:data1\" content=\"2 minutes\" \/>\n<script type=\"application\/ld+json\" class=\"yoast-schema-graph\">{\"@context\":\"https:\/\/schema.org\",\"@graph\":[{\"@type\":\"WebPage\",\"@id\":\"https:\/\/www.mbh.fr\/fr\/services\/vol-passagers\/vols-vip\/\",\"url\":\"https:\/\/www.mbh.fr\/fr\/services\/vol-passagers\/vols-vip\/\",\"name\":\"Vol Taxi \/ VIP en H\u00e9licopt\u00e8re - D\u00e9placement professionnel ou priv\u00e9\",\"isPartOf\":{\"@id\":\"https:\/\/www.mbh.fr\/fr\/#website\"},\"primaryImageOfPage\":{\"@id\":\"https:\/\/www.mbh.fr\/fr\/services\/vol-passagers\/vols-vip\/#primaryimage\"},\"image\":{\"@id\":\"https:\/\/www.mbh.fr\/fr\/services\/vol-passagers\/vols-vip\/#primaryimage\"},\"thumbnailUrl\":\"https:\/\/www.mbh.fr\/wp-content\/uploads\/2022\/05\/photo2_histoire.jpg\",\"datePublished\":\"2018-01-25T09:20:47+00:00\",\"dateModified\":\"2026-03-13T13:52:41+00:00\",\"description\":\"Profitez de nos vols Taxis \/ VIP en h\u00e9licopt\u00e8re, pour tous vos d\u00e9placements professionnels ou priv\u00e9s en France et en Europe.\",\"breadcrumb\":{\"@id\":\"https:\/\/www.mbh.fr\/fr\/services\/vol-passagers\/vols-vip\/#breadcrumb\"},\"inLanguage\":\"fr-FR\",\"potentialAction\":[{\"@type\":\"ReadAction\",\"target\":[\"https:\/\/www.mbh.fr\/fr\/services\/vol-passagers\/vols-vip\/\"]}]},{\"@type\":\"ImageObject\",\"inLanguage\":\"fr-FR\",\"@id\":\"https:\/\/www.mbh.fr\/fr\/services\/vol-passagers\/vols-vip\/#primaryimage\",\"url\":\"https:\/\/www.mbh.fr\/wp-content\/uploads\/2022\/05\/photo2_histoire.jpg\",\"contentUrl\":\"https:\/\/www.mbh.fr\/wp-content\/uploads\/2022\/05\/photo2_histoire.jpg\",\"width\":1500,\"height\":1000},{\"@type\":\"BreadcrumbList\",\"@id\":\"https:\/\/www.mbh.fr\/fr\/services\/vol-passagers\/vols-vip\/#breadcrumb\",\"itemListElement\":[{\"@type\":\"ListItem\",\"position\":1,\"name\":\"Accueil\",\"item\":\"https:\/\/www.mbh.fr\/fr\/\"},{\"@type\":\"ListItem\",\"position\":2,\"name\":\"PRESTATIONS\",\"item\":\"https:\/\/www.mbh.fr\/fr\/services\/\"},{\"@type\":\"ListItem\",\"position\":3,\"name\":\"VOL PASSAGERS\",\"item\":\"https:\/\/www.mbh.fr\/fr\/services\/vol-passagers\/\"},{\"@type\":\"ListItem\",\"position\":4,\"name\":\"Vols VIP \/ Taxi\"}]},{\"@type\":\"WebSite\",\"@id\":\"https:\/\/www.mbh.fr\/fr\/#website\",\"url\":\"https:\/\/www.mbh.fr\/fr\/\",\"name\":\"Mont-Blanc H\u00e9licopt\u00e8res\",\"description\":\"\",\"publisher\":{\"@id\":\"https:\/\/www.mbh.fr\/fr\/#organization\"},\"potentialAction\":[{\"@type\":\"SearchAction\",\"target\":{\"@type\":\"EntryPoint\",\"urlTemplate\":\"https:\/\/www.mbh.fr\/fr\/?s={search_term_string}\"},\"query-input\":{\"@type\":\"PropertyValueSpecification\",\"valueRequired\":true,\"valueName\":\"search_term_string\"}}],\"inLanguage\":\"fr-FR\"},{\"@type\":\"Organization\",\"@id\":\"https:\/\/www.mbh.fr\/fr\/#organization\",\"name\":\"mont blanc h\u00e9licopt\u00e8res\",\"url\":\"https:\/\/www.mbh.fr\/fr\/\",\"logo\":{\"@type\":\"ImageObject\",\"inLanguage\":\"fr-FR\",\"@id\":\"https:\/\/www.mbh.fr\/fr\/#\/schema\/logo\/image\/\",\"url\":\"\",\"contentUrl\":\"\",\"caption\":\"mont blanc h\u00e9licopt\u00e8res\"},\"image\":{\"@id\":\"https:\/\/www.mbh.fr\/fr\/#\/schema\/logo\/image\/\"},\"sameAs\":[\"https:\/\/www.facebook.com\/MontBlancHelicopteres\/\",\"https:\/\/x.com\/MBHelicopteres\",\"https:\/\/www.instagram.com\/montblanchelicopteres\/\",\"https:\/\/www.linkedin.com\/company\/715290\/\"]}]}<\/script>\n<!-- \/ Yoast SEO plugin. -->","yoast_head_json":{"title":"Vol Taxi \/ VIP en H\u00e9licopt\u00e8re - D\u00e9placement professionnel ou priv\u00e9","description":"Profitez de nos vols Taxis \/ VIP en h\u00e9licopt\u00e8re, pour tous vos d\u00e9placements professionnels ou priv\u00e9s en France et en Europe.","robots":{"index":"index","follow":"follow","max-snippet":"max-snippet:-1","max-image-preview":"max-image-preview:large","max-video-preview":"max-video-preview:-1"},"canonical":"https:\/\/www.mbh.fr\/fr\/services\/vol-passagers\/vols-vip\/","og_locale":"fr_FR","og_type":"article","og_title":"Vol Taxi \/ VIP en H\u00e9licopt\u00e8re - D\u00e9placement professionnel ou priv\u00e9","og_description":"Profitez de nos vols Taxis \/ VIP en h\u00e9licopt\u00e8re, pour tous vos d\u00e9placements professionnels ou priv\u00e9s en France et en Europe.","og_url":"https:\/\/www.mbh.fr\/fr\/services\/vol-passagers\/vols-vip\/","og_site_name":"Mont-Blanc H\u00e9licopt\u00e8res","article_publisher":"https:\/\/www.facebook.com\/MontBlancHelicopteres\/","article_modified_time":"2026-03-13T13:52:41+00:00","og_image":[{"width":1500,"height":1000,"url":"https:\/\/www.mbh.fr\/wp-content\/uploads\/2022\/05\/photo2_histoire.jpg","type":"image\/jpeg"}],"twitter_card":"summary_large_image","twitter_site":"@MBHelicopteres","twitter_misc":{"Dur\u00e9e de lecture estim\u00e9e":"2 minutes"},"schema":{"@context":"https:\/\/schema.org","@graph":[{"@type":"WebPage","@id":"https:\/\/www.mbh.fr\/fr\/services\/vol-passagers\/vols-vip\/","url":"https:\/\/www.mbh.fr\/fr\/services\/vol-passagers\/vols-vip\/","name":"Vol Taxi \/ VIP en H\u00e9licopt\u00e8re - D\u00e9placement professionnel ou priv\u00e9","isPartOf":{"@id":"https:\/\/www.mbh.fr\/fr\/#website"},"primaryImageOfPage":{"@id":"https:\/\/www.mbh.fr\/fr\/services\/vol-passagers\/vols-vip\/#primaryimage"},"image":{"@id":"https:\/\/www.mbh.fr\/fr\/services\/vol-passagers\/vols-vip\/#primaryimage"},"thumbnailUrl":"https:\/\/www.mbh.fr\/wp-content\/uploads\/2022\/05\/photo2_histoire.jpg","datePublished":"2018-01-25T09:20:47+00:00","dateModified":"2026-03-13T13:52:41+00:00","description":"Profitez de nos vols Taxis \/ VIP en h\u00e9licopt\u00e8re, pour tous vos d\u00e9placements professionnels ou priv\u00e9s en France et en Europe.","breadcrumb":{"@id":"https:\/\/www.mbh.fr\/fr\/services\/vol-passagers\/vols-vip\/#breadcrumb"},"inLanguage":"fr-FR","potentialAction":[{"@type":"ReadAction","target":["https:\/\/www.mbh.fr\/fr\/services\/vol-passagers\/vols-vip\/"]}]},{"@type":"ImageObject","inLanguage":"fr-FR","@id":"https:\/\/www.mbh.fr\/fr\/services\/vol-passagers\/vols-vip\/#primaryimage","url":"https:\/\/www.mbh.fr\/wp-content\/uploads\/2022\/05\/photo2_histoire.jpg","contentUrl":"https:\/\/www.mbh.fr\/wp-content\/uploads\/2022\/05\/photo2_histoire.jpg","width":1500,"height":1000},{"@type":"BreadcrumbList","@id":"https:\/\/www.mbh.fr\/fr\/services\/vol-passagers\/vols-vip\/#breadcrumb","itemListElement":[{"@type":"ListItem","position":1,"name":"Accueil","item":"https:\/\/www.mbh.fr\/fr\/"},{"@type":"ListItem","position":2,"name":"PRESTATIONS","item":"https:\/\/www.mbh.fr\/fr\/services\/"},{"@type":"ListItem","position":3,"name":"VOL PASSAGERS","item":"https:\/\/www.mbh.fr\/fr\/services\/vol-passagers\/"},{"@type":"ListItem","position":4,"name":"Vols VIP \/ Taxi"}]},{"@type":"WebSite","@id":"https:\/\/www.mbh.fr\/fr\/#website","url":"https:\/\/www.mbh.fr\/fr\/","name":"Mont-Blanc H\u00e9licopt\u00e8res","description":"","publisher":{"@id":"https:\/\/www.mbh.fr\/fr\/#organization"},"potentialAction":[{"@type":"SearchAction","target":{"@type":"EntryPoint","urlTemplate":"https:\/\/www.mbh.fr\/fr\/?s={search_term_string}"},"query-input":{"@type":"PropertyValueSpecification","valueRequired":true,"valueName":"search_term_string"}}],"inLanguage":"fr-FR"},{"@type":"Organization","@id":"https:\/\/www.mbh.fr\/fr\/#organization","name":"mont blanc h\u00e9licopt\u00e8res","url":"https:\/\/www.mbh.fr\/fr\/","logo":{"@type":"ImageObject","inLanguage":"fr-FR","@id":"https:\/\/www.mbh.fr\/fr\/#\/schema\/logo\/image\/","url":"","contentUrl":"","caption":"mont blanc h\u00e9licopt\u00e8res"},"image":{"@id":"https:\/\/www.mbh.fr\/fr\/#\/schema\/logo\/image\/"},"sameAs":["https:\/\/www.facebook.com\/MontBlancHelicopteres\/","https:\/\/x.com\/MBHelicopteres","https:\/\/www.instagram.com\/montblanchelicopteres\/","https:\/\/www.linkedin.com\/company\/715290\/"]}]}},"_links":{"self":[{"href":"https:\/\/www.mbh.fr\/fr\/wp-json\/wp\/v2\/pages\/2813","targetHints":{"allow":["GET"]}}],"collection":[{"href":"https:\/\/www.mbh.fr\/fr\/wp-json\/wp\/v2\/pages"}],"about":[{"href":"https:\/\/www.mbh.fr\/fr\/wp-json\/wp\/v2\/types\/page"}],"author":[{"embeddable":true,"href":"https:\/\/www.mbh.fr\/fr\/wp-json\/wp\/v2\/users\/7"}],"replies":[{"embeddable":true,"href":"https:\/\/www.mbh.fr\/fr\/wp-json\/wp\/v2\/comments?post=2813"}],"version-history":[{"count":22,"href":"https:\/\/www.mbh.fr\/fr\/wp-json\/wp\/v2\/pages\/2813\/revisions"}],"predecessor-version":[{"id":14585,"href":"https:\/\/www.mbh.fr\/fr\/wp-json\/wp\/v2\/pages\/2813\/revisions\/14585"}],"up":[{"embeddable":true,"href":"https:\/\/www.mbh.fr\/fr\/wp-json\/wp\/v2\/pages\/2801"}],"wp:featuredmedia":[{"embeddable":true,"href":"https:\/\/www.mbh.fr\/fr\/wp-json\/wp\/v2\/media\/11525"}],"wp:attachment":[{"href":"https:\/\/www.mbh.fr\/fr\/wp-json\/wp\/v2\/media?parent=2813"}],"curies":[{"name":"wp","href":"https:\/\/api.w.org\/{rel}","templated":true}]}}