{"id":2826,"date":"2018-01-25T10:25:45","date_gmt":"2018-01-25T09:25:45","guid":{"rendered":"http:\/\/www.mbh.fr\/?page_id=2826"},"modified":"2023-10-16T16:49:14","modified_gmt":"2023-10-16T14:49:14","slug":"maintenance","status":"publish","type":"page","link":"https:\/\/www.mbh.fr\/fr\/services\/maintenance\/","title":{"rendered":"MAINTENANCE"},"content":{"rendered":"<div class=\"wpb-content-wrapper\"><p>[vc_row][vc_column width=\u00a0\u00bb1\/2&Prime;][vc_column_text]<\/p>\n<p id=\"tw-target-text\" class=\"tw-data-text tw-ta tw-text-small\" dir=\"ltr\" data-placeholder=\"Traduction\"><strong><span lang=\"fr\">L&rsquo;un des plus grands groupes d&rsquo;h\u00e9licopt\u00e8res ind\u00e9pendants au monde, avec 5 sites MRO EASA en Europe et en Guyane. \u00a0<\/span><\/strong><\/p>\n<p class=\"tw-data-text tw-ta tw-text-small\" dir=\"ltr\" data-placeholder=\"Traduction\"><strong><span lang=\"fr\">Nos priorit\u00e9s sont la S\u00e9curit\u00e9 et le Service.<\/span><\/strong><\/p>\n<p>[\/vc_column_text][vc_row_inner][vc_column_inner]<div class=\"minti_list wpb_content_element color-grey circlearrow show_separator\" style=\"\">\n<ul>\n<li>Part 145 EASA<\/li>\n<li>Maintenance composant EASA<\/li>\n<li>Maintenance moteur EASA<\/li>\n<li>Personnalisation : VIP, SAMU, Travail A\u00e9rien, Levage, Off Shore<br \/>\n<em>\u00a0 \u00a0 \u00a0Peinture<br \/>\n<\/em><em>\u00a0 \u00a0 \u00a0Avionique<br \/>\n<\/em><i>\u00a0 \u00a0 \u00a0Mat\u00e9riaux\u00a0composites<\/i><\/li>\n<li>Support technique<\/li>\n<li>Vendeur de contrat Airbus PBH &amp; moteur Safran SBH<\/li>\n<li>Part M (G+I) \/ CAMO EASA<\/li>\n<li>Modification \/ STC<\/li>\n<li>Documentation EASA<\/li>\n<li>Revendeur de moteur d&rsquo;occasion<\/li>\n<\/ul>\n<\/div>[\/vc_column_inner][\/vc_row_inner][vc_row_inner][vc_column_inner width=\u00a0\u00bb2\/3&Prime;][vc_btn title=\u00a0\u00bbCertificat Maintenance HBG France\u00a0\u00bb style=\u00a0\u00bbclassic\u00a0\u00bb shape=\u00a0\u00bbsquare\u00a0\u00bb color=\u00a0\u00bbwhite\u00a0\u00bb size=\u00a0\u00bbsm\u00a0\u00bb align=\u00a0\u00bbleft\u00a0\u00bb i_icon_fontawesome=\u00a0\u00bb\u00a0\u00bb button_block=\u00a0\u00bbtrue\u00a0\u00bb add_icon=\u00a0\u00bbtrue\u00a0\u00bb link=\u00a0\u00bburl:https%3A%2F%2Fwww.mbh.fr%2Fwp-content%2Fuploads%2F2022%2F02%2F2021-12-17-Certificat-dAgrement-PART-145-Rev.-11.pdf|target:_blank\u00a0\u00bb][vc_btn title=\u00a0\u00bbCertificat Navigabilit\u00e9 HBG France\u00a0\u00bb style=\u00a0\u00bbclassic\u00a0\u00bb shape=\u00a0\u00bbsquare\u00a0\u00bb color=\u00a0\u00bbwhite\u00a0\u00bb size=\u00a0\u00bbsm\u00a0\u00bb align=\u00a0\u00bbleft\u00a0\u00bb i_icon_fontawesome=\u00a0\u00bb\u00a0\u00bb button_block=\u00a0\u00bbtrue\u00a0\u00bb add_icon=\u00a0\u00bbtrue\u00a0\u00bb link=\u00a0\u00bburl:https%3A%2F%2Fwww.mbh.fr%2Fwp-content%2Fuploads%2F2022%2F02%2FFRCAMO0056_CERTIF_20210324_REV1.pdf|target:_blank\u00a0\u00bb][\/vc_column_inner][vc_column_inner width=\u00a0\u00bb1\/3&Prime;][\/vc_column_inner][\/vc_row_inner][\/vc_column][vc_column width=\u00a0\u00bb1\/2&Prime;][vc_single_image image=\u00a0\u00bb1069&Prime; img_size=\u00a0\u00bblarge\u00a0\u00bb][vc_row_inner][vc_column_inner width=\u00a0\u00bb1\/2&Prime;][vc_single_image image=\u00a0\u00bb232&Prime; img_size=\u00a0\u00bbfull\u00a0\u00bb alignment=\u00a0\u00bbcenter\u00a0\u00bb style=\u00a0\u00bbvc_box_border_circle\u00a0\u00bb][\/vc_column_inner][vc_column_inner width=\u00a0\u00bb1\/2&Prime;][vc_single_image image=\u00a0\u00bb1024&Prime; img_size=\u00a0\u00bbfull\u00a0\u00bb alignment=\u00a0\u00bbcenter\u00a0\u00bb style=\u00a0\u00bbvc_box_border_circle\u00a0\u00bb][\/vc_column_inner][\/vc_row_inner][vc_row_inner][vc_column_inner width=\u00a0\u00bb1\/2&Prime;][vc_single_image image=\u00a0\u00bb1377&Prime; img_size=\u00a0\u00bblarge\u00a0\u00bb alignment=\u00a0\u00bbcenter\u00a0\u00bb style=\u00a0\u00bbvc_box_border_circle\u00a0\u00bb][\/vc_column_inner][vc_column_inner width=\u00a0\u00bb1\/2&Prime;][vc_single_image image=\u00a0\u00bb1376&Prime; alignment=\u00a0\u00bbcenter\u00a0\u00bb style=\u00a0\u00bbvc_box_border_circle\u00a0\u00bb onclick=\u00a0\u00bbcustom_link\u00a0\u00bb img_link_target=\u00a0\u00bb_blank\u00a0\u00bb link=\u00a0\u00bbhttp:\/\/www.hdf.fr\/fr\/maintenance\u00a0\u00bb][\/vc_column_inner][\/vc_row_inner][\/vc_column][\/vc_row][vc_row top_padding=\u00a0\u00bb35&Prime; bottom_padding=\u00a0\u00bb35&Prime;][vc_column width=\u00a0\u00bb1\/1&Prime;]<div class=\"newdivider align-center\" style=\"border-bottom-style: solid; border-color: #f8f8f8; border-bottom-width: 1px; margin-top: 0; margin-bottom: 0; width: 50%; \"><\/div><div class=\"clear\"><\/div>[\/vc_column][\/vc_row][vc_row][vc_column width=\u00a0\u00bb1\/1&Prime;][vc_btn title=\u00a0\u00bbD\u00e9couvrez notre Flotte\u00a0\u00bb align=\u00a0\u00bbcenter\u00a0\u00bb i_align=\u00a0\u00bbright\u00a0\u00bb i_icon_fontawesome=\u00a0\u00bbfas fa-angle-right\u00a0\u00bb add_icon=\u00a0\u00bbtrue\u00a0\u00bb link=\u00a0\u00bburl:https%3A%2F%2Fwww.mbh.fr%2Ffr%2Fflotte%2F|||\u00a0\u00bb][vc_empty_space height=\u00a0\u00bb30px\u00a0\u00bb][\/vc_column][\/vc_row][vc_row][vc_column width=\u00a0\u00bb1\/3&Prime;][vc_single_image image=\u00a0\u00bb232&Prime; img_size=\u00a0\u00bbfull\u00a0\u00bb alignment=\u00a0\u00bbcenter\u00a0\u00bb style=\u00a0\u00bbvc_box_border_circle\u00a0\u00bb][\/vc_column][vc_column width=\u00a0\u00bb1\/3&Prime;][vc_single_image image=\u00a0\u00bb234&Prime; img_size=\u00a0\u00bbfull\u00a0\u00bb alignment=\u00a0\u00bbcenter\u00a0\u00bb style=\u00a0\u00bbvc_box_border_circle\u00a0\u00bb][\/vc_column][vc_column width=\u00a0\u00bb1\/3&Prime;][vc_single_image image=\u00a0\u00bb235&Prime; img_size=\u00a0\u00bbfull\u00a0\u00bb alignment=\u00a0\u00bbcenter\u00a0\u00bb style=\u00a0\u00bbvc_box_border_circle\u00a0\u00bb][\/vc_column][\/vc_row]<\/p>\n<\/div>","protected":false},"excerpt":{"rendered":"<p>[vc_row][vc_column width=\u00a0\u00bb1\/2&Prime;][vc_column_text] L&rsquo;un des plus grands groupes d&rsquo;h\u00e9licopt\u00e8res ind\u00e9pendants au monde, avec 5 sites MRO EASA en Europe et en Guyane. \u00a0 Nos priorit\u00e9s sont la S\u00e9curit\u00e9 et le Service. [\/vc_column_text][vc_row_inner][vc_column_inner][\/vc_column_inner][\/vc_row_inner][vc_row_inner][vc_column_inner width=\u00a0\u00bb2\/3&Prime;][vc_btn title=\u00a0\u00bbCertificat Maintenance HBG France\u00a0\u00bb style=\u00a0\u00bbclassic\u00a0\u00bb shape=\u00a0\u00bbsquare\u00a0\u00bb color=\u00a0\u00bbwhite\u00a0\u00bb size=\u00a0\u00bbsm\u00a0\u00bb align=\u00a0\u00bbleft\u00a0\u00bb i_icon_fontawesome=\u00a0\u00bb\u00a0\u00bb button_block=\u00a0\u00bbtrue\u00a0\u00bb add_icon=\u00a0\u00bbtrue\u00a0\u00bb link=\u00a0\u00bburl:https%3A%2F%2Fwww.mbh.fr%2Fwp-content%2Fuploads%2F2022%2F02%2F2021-12-17-Certificat-dAgrement-PART-145-Rev.-11.pdf|target:_blank\u00a0\u00bb][vc_btn title=\u00a0\u00bbCertificat Navigabilit\u00e9 HBG France\u00a0\u00bb style=\u00a0\u00bbclassic\u00a0\u00bb shape=\u00a0\u00bbsquare\u00a0\u00bb color=\u00a0\u00bbwhite\u00a0\u00bb size=\u00a0\u00bbsm\u00a0\u00bb align=\u00a0\u00bbleft\u00a0\u00bb i_icon_fontawesome=\u00a0\u00bb\u00a0\u00bb button_block=\u00a0\u00bbtrue\u00a0\u00bb add_icon=\u00a0\u00bbtrue\u00a0\u00bb link=\u00a0\u00bburl:https%3A%2F%2Fwww.mbh.fr%2Fwp-content%2Fuploads%2F2022%2F02%2FFRCAMO0056_CERTIF_20210324_REV1.pdf|target:_blank\u00a0\u00bb][\/vc_column_inner][vc_column_inner width=\u00a0\u00bb1\/3&Prime;][\/vc_column_inner][\/vc_row_inner][\/vc_column][vc_column width=\u00a0\u00bb1\/2&Prime;][vc_single_image image=\u00a0\u00bb1069&Prime; img_size=\u00a0\u00bblarge\u00a0\u00bb][vc_row_inner][vc_column_inner width=\u00a0\u00bb1\/2&Prime;][vc_single_image image=\u00a0\u00bb232&Prime; img_size=\u00a0\u00bbfull\u00a0\u00bb alignment=\u00a0\u00bbcenter\u00a0\u00bb style=\u00a0\u00bbvc_box_border_circle\u00a0\u00bb][\/vc_column_inner][vc_column_inner width=\u00a0\u00bb1\/2&Prime;][vc_single_image image=\u00a0\u00bb1024&Prime; img_size=\u00a0\u00bbfull\u00a0\u00bb alignment=\u00a0\u00bbcenter\u00a0\u00bb style=\u00a0\u00bbvc_box_border_circle\u00a0\u00bb][\/vc_column_inner][\/vc_row_inner][vc_row_inner][vc_column_inner width=\u00a0\u00bb1\/2&Prime;][vc_single_image image=\u00a0\u00bb1377&Prime; img_size=\u00a0\u00bblarge\u00a0\u00bb alignment=\u00a0\u00bbcenter\u00a0\u00bb style=\u00a0\u00bbvc_box_border_circle\u00a0\u00bb][\/vc_column_inner][vc_column_inner width=\u00a0\u00bb1\/2&Prime;][vc_single_image image=\u00a0\u00bb1376&Prime; alignment=\u00a0\u00bbcenter\u00a0\u00bb style=\u00a0\u00bbvc_box_border_circle\u00a0\u00bb onclick=\u00a0\u00bbcustom_link\u00a0\u00bb img_link_target=\u00a0\u00bb_blank\u00a0\u00bb link=\u00a0\u00bbhttp:\/\/www.hdf.fr\/fr\/maintenance\u00a0\u00bb][\/vc_column_inner][\/vc_row_inner][\/vc_column][\/vc_row][vc_row top_padding=\u00a0\u00bb35&Prime; bottom_padding=\u00a0\u00bb35&Prime;][vc_column width=\u00a0\u00bb1\/1&Prime;][\/vc_column][\/vc_row][vc_row][vc_column width=\u00a0\u00bb1\/1&Prime;][vc_btn title=\u00a0\u00bbD\u00e9couvrez notre Flotte\u00a0\u00bb align=\u00a0\u00bbcenter\u00a0\u00bb i_align=\u00a0\u00bbright\u00a0\u00bb i_icon_fontawesome=\u00a0\u00bbfas fa-angle-right\u00a0\u00bb add_icon=\u00a0\u00bbtrue\u00a0\u00bb link=\u00a0\u00bburl:https%3A%2F%2Fwww.mbh.fr%2Ffr%2Fflotte%2F|||\u00a0\u00bb][vc_empty_space height=\u00a0\u00bb30px\u00a0\u00bb][\/vc_column][\/vc_row][vc_row][vc_column width=\u00a0\u00bb1\/3&Prime;][vc_single_image image=\u00a0\u00bb232&Prime; img_size=\u00a0\u00bbfull\u00a0\u00bb alignment=\u00a0\u00bbcenter\u00a0\u00bb style=\u00a0\u00bbvc_box_border_circle\u00a0\u00bb][\/vc_column][vc_column width=\u00a0\u00bb1\/3&Prime;][vc_single_image image=\u00a0\u00bb234&Prime; img_size=\u00a0\u00bbfull\u00a0\u00bb alignment=\u00a0\u00bbcenter\u00a0\u00bb style=\u00a0\u00bbvc_box_border_circle\u00a0\u00bb][\/vc_column][vc_column width=\u00a0\u00bb1\/3&Prime;][vc_single_image image=\u00a0\u00bb235&Prime; img_size=\u00a0\u00bbfull\u00a0\u00bb alignment=\u00a0\u00bbcenter\u00a0\u00bb style=\u00a0\u00bbvc_box_border_circle\u00a0\u00bb][\/vc_column][\/vc_row]<\/p>\n","protected":false},"author":7,"featured_media":0,"parent":1600,"menu_order":20,"comment_status":"closed","ping_status":"closed","template":"","meta":{"_acf_changed":false,"footnotes":""},"class_list":["post-2826","page","type-page","status-publish","hentry"],"acf":[],"yoast_head":"<!-- This site is optimized with the Yoast SEO plugin v26.9 - https:\/\/yoast.com\/product\/yoast-seo-wordpress\/ -->\n<title>Maintenance H\u00e9licopt\u00e8re - Mont-Blanc H\u00e9licopt\u00e8res<\/title>\n<meta name=\"description\" content=\"Nous nous occupons de la maintenance de nos 70 h\u00e9licopt\u00e8res, nous penons aussi en charge les h\u00e9licopt\u00e8res des particuliers.\" \/>\n<meta name=\"robots\" content=\"index, follow, max-snippet:-1, max-image-preview:large, max-video-preview:-1\" \/>\n<link rel=\"canonical\" href=\"https:\/\/www.mbh.fr\/fr\/services\/maintenance\/\" \/>\n<meta property=\"og:locale\" content=\"fr_FR\" \/>\n<meta property=\"og:type\" content=\"article\" \/>\n<meta property=\"og:title\" content=\"Maintenance H\u00e9licopt\u00e8re - Mont-Blanc H\u00e9licopt\u00e8res\" \/>\n<meta property=\"og:description\" content=\"Nous nous occupons de la maintenance de nos 70 h\u00e9licopt\u00e8res, nous penons aussi en charge les h\u00e9licopt\u00e8res des particuliers.\" \/>\n<meta property=\"og:url\" content=\"https:\/\/www.mbh.fr\/fr\/services\/maintenance\/\" \/>\n<meta property=\"og:site_name\" content=\"Mont-Blanc H\u00e9licopt\u00e8res\" \/>\n<meta property=\"article:publisher\" content=\"https:\/\/www.facebook.com\/MontBlancHelicopteres\/\" \/>\n<meta property=\"article:modified_time\" content=\"2023-10-16T14:49:14+00:00\" \/>\n<meta name=\"twitter:card\" content=\"summary_large_image\" \/>\n<meta name=\"twitter:site\" content=\"@MBHelicopteres\" \/>\n<meta name=\"twitter:label1\" content=\"Dur\u00e9e de lecture estim\u00e9e\" \/>\n\t<meta name=\"twitter:data1\" content=\"1 minute\" \/>\n<script type=\"application\/ld+json\" class=\"yoast-schema-graph\">{\"@context\":\"https:\/\/schema.org\",\"@graph\":[{\"@type\":\"WebPage\",\"@id\":\"https:\/\/www.mbh.fr\/fr\/services\/maintenance\/\",\"url\":\"https:\/\/www.mbh.fr\/fr\/services\/maintenance\/\",\"name\":\"Maintenance H\u00e9licopt\u00e8re - Mont-Blanc H\u00e9licopt\u00e8res\",\"isPartOf\":{\"@id\":\"https:\/\/www.mbh.fr\/fr\/#website\"},\"datePublished\":\"2018-01-25T09:25:45+00:00\",\"dateModified\":\"2023-10-16T14:49:14+00:00\",\"description\":\"Nous nous occupons de la maintenance de nos 70 h\u00e9licopt\u00e8res, nous penons aussi en charge les h\u00e9licopt\u00e8res des particuliers.\",\"breadcrumb\":{\"@id\":\"https:\/\/www.mbh.fr\/fr\/services\/maintenance\/#breadcrumb\"},\"inLanguage\":\"fr-FR\",\"potentialAction\":[{\"@type\":\"ReadAction\",\"target\":[\"https:\/\/www.mbh.fr\/fr\/services\/maintenance\/\"]}]},{\"@type\":\"BreadcrumbList\",\"@id\":\"https:\/\/www.mbh.fr\/fr\/services\/maintenance\/#breadcrumb\",\"itemListElement\":[{\"@type\":\"ListItem\",\"position\":1,\"name\":\"Accueil\",\"item\":\"https:\/\/www.mbh.fr\/fr\/\"},{\"@type\":\"ListItem\",\"position\":2,\"name\":\"PRESTATIONS\",\"item\":\"https:\/\/www.mbh.fr\/fr\/services\/\"},{\"@type\":\"ListItem\",\"position\":3,\"name\":\"MAINTENANCE\"}]},{\"@type\":\"WebSite\",\"@id\":\"https:\/\/www.mbh.fr\/fr\/#website\",\"url\":\"https:\/\/www.mbh.fr\/fr\/\",\"name\":\"Mont-Blanc H\u00e9licopt\u00e8res\",\"description\":\"\",\"publisher\":{\"@id\":\"https:\/\/www.mbh.fr\/fr\/#organization\"},\"potentialAction\":[{\"@type\":\"SearchAction\",\"target\":{\"@type\":\"EntryPoint\",\"urlTemplate\":\"https:\/\/www.mbh.fr\/fr\/?s={search_term_string}\"},\"query-input\":{\"@type\":\"PropertyValueSpecification\",\"valueRequired\":true,\"valueName\":\"search_term_string\"}}],\"inLanguage\":\"fr-FR\"},{\"@type\":\"Organization\",\"@id\":\"https:\/\/www.mbh.fr\/fr\/#organization\",\"name\":\"mont blanc h\u00e9licopt\u00e8res\",\"url\":\"https:\/\/www.mbh.fr\/fr\/\",\"logo\":{\"@type\":\"ImageObject\",\"inLanguage\":\"fr-FR\",\"@id\":\"https:\/\/www.mbh.fr\/fr\/#\/schema\/logo\/image\/\",\"url\":\"\",\"contentUrl\":\"\",\"caption\":\"mont blanc h\u00e9licopt\u00e8res\"},\"image\":{\"@id\":\"https:\/\/www.mbh.fr\/fr\/#\/schema\/logo\/image\/\"},\"sameAs\":[\"https:\/\/www.facebook.com\/MontBlancHelicopteres\/\",\"https:\/\/x.com\/MBHelicopteres\",\"https:\/\/www.instagram.com\/montblanchelicopteres\/\",\"https:\/\/www.linkedin.com\/company\/715290\/\"]}]}<\/script>\n<!-- \/ Yoast SEO plugin. -->","yoast_head_json":{"title":"Maintenance H\u00e9licopt\u00e8re - Mont-Blanc H\u00e9licopt\u00e8res","description":"Nous nous occupons de la maintenance de nos 70 h\u00e9licopt\u00e8res, nous penons aussi en charge les h\u00e9licopt\u00e8res des particuliers.","robots":{"index":"index","follow":"follow","max-snippet":"max-snippet:-1","max-image-preview":"max-image-preview:large","max-video-preview":"max-video-preview:-1"},"canonical":"https:\/\/www.mbh.fr\/fr\/services\/maintenance\/","og_locale":"fr_FR","og_type":"article","og_title":"Maintenance H\u00e9licopt\u00e8re - Mont-Blanc H\u00e9licopt\u00e8res","og_description":"Nous nous occupons de la maintenance de nos 70 h\u00e9licopt\u00e8res, nous penons aussi en charge les h\u00e9licopt\u00e8res des particuliers.","og_url":"https:\/\/www.mbh.fr\/fr\/services\/maintenance\/","og_site_name":"Mont-Blanc H\u00e9licopt\u00e8res","article_publisher":"https:\/\/www.facebook.com\/MontBlancHelicopteres\/","article_modified_time":"2023-10-16T14:49:14+00:00","twitter_card":"summary_large_image","twitter_site":"@MBHelicopteres","twitter_misc":{"Dur\u00e9e de lecture estim\u00e9e":"1 minute"},"schema":{"@context":"https:\/\/schema.org","@graph":[{"@type":"WebPage","@id":"https:\/\/www.mbh.fr\/fr\/services\/maintenance\/","url":"https:\/\/www.mbh.fr\/fr\/services\/maintenance\/","name":"Maintenance H\u00e9licopt\u00e8re - Mont-Blanc H\u00e9licopt\u00e8res","isPartOf":{"@id":"https:\/\/www.mbh.fr\/fr\/#website"},"datePublished":"2018-01-25T09:25:45+00:00","dateModified":"2023-10-16T14:49:14+00:00","description":"Nous nous occupons de la maintenance de nos 70 h\u00e9licopt\u00e8res, nous penons aussi en charge les h\u00e9licopt\u00e8res des particuliers.","breadcrumb":{"@id":"https:\/\/www.mbh.fr\/fr\/services\/maintenance\/#breadcrumb"},"inLanguage":"fr-FR","potentialAction":[{"@type":"ReadAction","target":["https:\/\/www.mbh.fr\/fr\/services\/maintenance\/"]}]},{"@type":"BreadcrumbList","@id":"https:\/\/www.mbh.fr\/fr\/services\/maintenance\/#breadcrumb","itemListElement":[{"@type":"ListItem","position":1,"name":"Accueil","item":"https:\/\/www.mbh.fr\/fr\/"},{"@type":"ListItem","position":2,"name":"PRESTATIONS","item":"https:\/\/www.mbh.fr\/fr\/services\/"},{"@type":"ListItem","position":3,"name":"MAINTENANCE"}]},{"@type":"WebSite","@id":"https:\/\/www.mbh.fr\/fr\/#website","url":"https:\/\/www.mbh.fr\/fr\/","name":"Mont-Blanc H\u00e9licopt\u00e8res","description":"","publisher":{"@id":"https:\/\/www.mbh.fr\/fr\/#organization"},"potentialAction":[{"@type":"SearchAction","target":{"@type":"EntryPoint","urlTemplate":"https:\/\/www.mbh.fr\/fr\/?s={search_term_string}"},"query-input":{"@type":"PropertyValueSpecification","valueRequired":true,"valueName":"search_term_string"}}],"inLanguage":"fr-FR"},{"@type":"Organization","@id":"https:\/\/www.mbh.fr\/fr\/#organization","name":"mont blanc h\u00e9licopt\u00e8res","url":"https:\/\/www.mbh.fr\/fr\/","logo":{"@type":"ImageObject","inLanguage":"fr-FR","@id":"https:\/\/www.mbh.fr\/fr\/#\/schema\/logo\/image\/","url":"","contentUrl":"","caption":"mont blanc h\u00e9licopt\u00e8res"},"image":{"@id":"https:\/\/www.mbh.fr\/fr\/#\/schema\/logo\/image\/"},"sameAs":["https:\/\/www.facebook.com\/MontBlancHelicopteres\/","https:\/\/x.com\/MBHelicopteres","https:\/\/www.instagram.com\/montblanchelicopteres\/","https:\/\/www.linkedin.com\/company\/715290\/"]}]}},"_links":{"self":[{"href":"https:\/\/www.mbh.fr\/fr\/wp-json\/wp\/v2\/pages\/2826","targetHints":{"allow":["GET"]}}],"collection":[{"href":"https:\/\/www.mbh.fr\/fr\/wp-json\/wp\/v2\/pages"}],"about":[{"href":"https:\/\/www.mbh.fr\/fr\/wp-json\/wp\/v2\/types\/page"}],"author":[{"embeddable":true,"href":"https:\/\/www.mbh.fr\/fr\/wp-json\/wp\/v2\/users\/7"}],"replies":[{"embeddable":true,"href":"https:\/\/www.mbh.fr\/fr\/wp-json\/wp\/v2\/comments?post=2826"}],"version-history":[{"count":7,"href":"https:\/\/www.mbh.fr\/fr\/wp-json\/wp\/v2\/pages\/2826\/revisions"}],"predecessor-version":[{"id":11189,"href":"https:\/\/www.mbh.fr\/fr\/wp-json\/wp\/v2\/pages\/2826\/revisions\/11189"}],"up":[{"embeddable":true,"href":"https:\/\/www.mbh.fr\/fr\/wp-json\/wp\/v2\/pages\/1600"}],"wp:attachment":[{"href":"https:\/\/www.mbh.fr\/fr\/wp-json\/wp\/v2\/media?parent=2826"}],"curies":[{"name":"wp","href":"https:\/\/api.w.org\/{rel}","templated":true}]}}