{"id":2828,"date":"2018-01-25T10:25:55","date_gmt":"2018-01-25T09:25:55","guid":{"rendered":"http:\/\/www.mbh.fr\/?page_id=2828"},"modified":"2024-03-04T11:14:17","modified_gmt":"2024-03-04T10:14:17","slug":"formation-pilotage-helicoptere","status":"publish","type":"page","link":"https:\/\/www.mbh.fr\/fr\/services\/formation-pilotage-helicoptere\/","title":{"rendered":"Formations au Pilotage d&rsquo;H\u00e9licopt\u00e8re"},"content":{"rendered":"<div class=\"wpb-content-wrapper\"><p>[vc_row type=\u00a0\u00bbfull_width_section\u00a0\u00bb bg_image=\u00a0\u00bb4829&Prime; parallax_bg=\u00a0\u00bbtrue\u00a0\u00bb top_padding=\u00a0\u00bb200&Prime; bottom_padding=\u00a0\u00bb200&Prime;][vc_column width=\u00a0\u00bb1\/1&Prime;][\/vc_column][\/vc_row][vc_row top_padding=\u00a0\u00bb50&Prime; bottom_padding=\u00a0\u00bb50&Prime;][vc_column el_class=\u00a0\u00bbleft-col-menu-presta\u00a0\u00bb text_align=\u00a0\u00bbcenter\u00a0\u00bb width=\u00a0\u00bb1\/4&Prime;][vc_column_text]<\/p>\n<h3>Nos <strong>prestations<\/strong><\/h3>\n<p>[\/vc_column_text][vc_wp_custommenu nav_menu=\u00a0\u00bb861&Prime; el_id=\u00a0\u00bbsticky-menu-prestations\u00a0\u00bb][\/vc_column][vc_column text_align=\u00a0\u00bbcenter\u00a0\u00bb width=\u00a0\u00bb3\/4&Prime;][vc_single_image image=\u00a0\u00bb4473&Prime; img_size=\u00a0\u00bbfull\u00a0\u00bb alignment=\u00a0\u00bbcenter\u00a0\u00bb el_class=\u00a0\u00bbisotype\u00a0\u00bb][vc_column_text]<\/p>\n<h1 style=\"text-align: center;\"><strong>Formation au Pilotage d&rsquo;H\u00e9licopt\u00e8re<\/strong><\/h1>\n<p>[\/vc_column_text][vc_column_text]<\/p>\n<p style=\"text-align: center;\"><strong>Passionn\u00e9(e) d\u2019h\u00e9licopt\u00e8re et d\u00e9sireux(se) d\u2019obtenir une licence priv\u00e9e ou devenir futur(e) pilote professionnel(le)\u00a0?<\/strong> Nos instructeurs chevronn\u00e9s de notre \u00e9cole vous accompagnent afin de r\u00e9aliser votre projet.<\/p>\n<p>Nous sommes d\u00e9di\u00e9s \u00e0 faire d\u00e9coller votre r\u00eave de devenir pilote d&rsquo;h\u00e9licopt\u00e8re, que ce soit pour le plaisir personnel ou pour une carri\u00e8re professionnelle captivante.<\/p>\n<h3>Devenir Pilote d&rsquo;H\u00e9licopt\u00e8re avec Expertise<\/h3>\n<p>Chez <a href=\"https:\/\/fhato.net\/fr\/\">FHATO<\/a>, notre \u00e9cole de pilotage d&rsquo;h\u00e9licopt\u00e8re, nous offrons des formations de pointe pour vous guider \u00e0 travers chaque \u00e9tape de votre parcours vers le ciel. Nos instructeurs hautement qualifi\u00e9s vous fourniront les connaissances et les comp\u00e9tences n\u00e9cessaires pour exceller en tant que pilote priv\u00e9 ou professionnel.<\/p>\n<h3>Cours de Pilotage d&rsquo;H\u00e9licopt\u00e8re Adapt\u00e9s \u00e0 Vos Besoins<\/h3>\n<p>Que vous soyez novice ou que vous cherchiez \u00e0 perfectionner vos comp\u00e9tences existantes, nos programmes de formation flexibles sont con\u00e7us pour r\u00e9pondre \u00e0 vos besoins sp\u00e9cifiques. De la navigation a\u00e9rienne \u00e0 la gestion des situations d&rsquo;urgence, nous couvrons tous les aspects du pilotage d&rsquo;h\u00e9licopt\u00e8res.<\/p>\n<h3>Formations au pilotage certifi\u00e9es QUALIOPI<\/h3>\n<p>Cette certification vous permet de b\u00e9n\u00e9ficier d&rsquo;aides financi\u00e8res cons\u00e9quentes sur l&rsquo;ensemble du catalogue (PPL, CPL, QT, VDN&#8230;), pour votre projet de formation de pilote au sein de notre ATO. De plus, Nos bases \u00e9coles\u00a0disposent d&rsquo;une flotte d&rsquo;h\u00e9licopt\u00e8res modernes, garantissant une exp\u00e9rience d&rsquo;apprentissage immersive et s\u00e9curis\u00e9e. Nous nous engageons \u00e0 vous fournir un environnement propice \u00e0 la croissance et \u00e0 l&rsquo;acquisition de comp\u00e9tences de pilotage exceptionnelles.<\/p>\n<h3>D\u00e9marrez Votre Aventure A\u00e9rienne Aujourd&rsquo;hui !<\/h3>\n<p>Rejoignez-nous chez <a href=\"https:\/\/fhato.net\/fr\/\">FHATO<\/a> et prenez les commandes de votre avenir a\u00e9rien. Explorez nos programmes de formation, d\u00e9couvrez nos instructeurs passionn\u00e9s, et commencez votre voyage vers le ciel d\u00e8s aujourd&rsquo;hui.<\/p>\n<p>Ne r\u00eavez plus de voler, faites-le avec <a href=\"https:\/\/fhato.net\/fr\/\">FHATO<\/a>.<\/p>\n<p style=\"text-align: center;\"><strong><a href=\"https:\/\/fhato.net\/fr\/\"><img loading=\"lazy\" decoding=\"async\" class=\"wp-image-13948 aligncenter\" src=\"https:\/\/www.mbh.fr\/wp-content\/uploads\/2024\/03\/FHATO_LOGO_02_NOIR_CMJN-1000x274.webp\" alt=\"\" width=\"285\" height=\"78\" srcset=\"https:\/\/www.mbh.fr\/wp-content\/uploads\/2024\/03\/FHATO_LOGO_02_NOIR_CMJN-1000x274.webp 1000w, https:\/\/www.mbh.fr\/wp-content\/uploads\/2024\/03\/FHATO_LOGO_02_NOIR_CMJN-1500x411.webp 1500w, https:\/\/www.mbh.fr\/wp-content\/uploads\/2024\/03\/FHATO_LOGO_02_NOIR_CMJN-768x210.webp 768w, https:\/\/www.mbh.fr\/wp-content\/uploads\/2024\/03\/FHATO_LOGO_02_NOIR_CMJN-1536x421.webp 1536w, https:\/\/www.mbh.fr\/wp-content\/uploads\/2024\/03\/FHATO_LOGO_02_NOIR_CMJN-2048x561.webp 2048w\" sizes=\"auto, (max-width: 285px) 100vw, 285px\" \/><\/a><\/strong><\/p>\n<p style=\"text-align: center;\"><strong>Centre\u00a0de formation\u00a0:<\/strong>\u00a0 <a href=\"https:\/\/www.mbh.fr\/fr\/base-mont-blanc-helicopter-transfer-vip\/geneva-airport\/\">Gen\u00e8ve<\/a>, <a href=\"https:\/\/www.eaglevalais.ch\/\">Sion<\/a>, <a href=\"https:\/\/www.mbh.fr\/fr\/base-mont-blanc-helicopter-transfer-vip\/heliport-de-paris\/\">Paris<\/a>, <a href=\"https:\/\/www.mbh.fr\/fr\/nos-bases\/grenoble\/\" target=\"_blank\" rel=\"noopener noreferrer\">Grenoble<\/a>, Annemasse et <a href=\"https:\/\/hdf.fr\/\">Gap<\/a>.<\/p>\n<p>[\/vc_column_text][vc_row_inner][vc_column_inner width=\u00a0\u00bb1\/3&Prime;]<div class=\"box clearfix style-2 wpb_content_element align-left \" style=\"padding: 20px; \">\n<h2 class=\"p1\"><span class=\"s1\">Licence Pilote Priv\u00e9<\/span><\/h2>\n<p class=\"p1\"><em><span class=\"s1\">PPL<\/span><\/em><\/p>\n<p><a href=\"https:\/\/www.mbh.fr\/fr\/services\/formation-pilotage-helicoptere\/licence-pilote-prive\/\">Lire plus<\/a><\/div>[\/vc_column_inner][vc_column_inner width=\u00a0\u00bb1\/3&Prime;]<div class=\"box clearfix style-2 wpb_content_element align-left \" style=\"padding: 20px; \">\n<h2 class=\"p1\"><span class=\"s1\">Pilote Commercial<\/span><\/h2>\n<p class=\"p1\"><em><span class=\"s1\">CPL<\/span><\/em><\/p>\n<p><a href=\"https:\/\/www.mbh.fr\/fr\/services\/formation-pilotage-helicoptere\/licence-pilote-commercial\/\">Lire plus<\/a><\/div>[\/vc_column_inner][vc_column_inner width=\u00a0\u00bb1\/3&Prime;]<div class=\"box clearfix style-2 wpb_content_element align-left \" style=\"padding: 20px; \">\n<h2 class=\"p1\"><span class=\"s1\">Qualification Type<\/span><\/h2>\n<p class=\"p1\"><em><span class=\"s1\">QT<\/span><\/em><\/p>\n<p><a href=\"https:\/\/www.mbh.fr\/fr\/services\/formation-pilotage-helicoptere\/type-rating\/\">Lire plus<\/a><\/div>[\/vc_column_inner][\/vc_row_inner]<div class=\"spacer\" style=\"height: 40px;\"><\/div>[vc_btn title=\u00a0\u00bbContactez-nous\u00a0\u00bb color=\u00a0\u00bbblack\u00a0\u00bb size=\u00a0\u00bblg\u00a0\u00bb align=\u00a0\u00bbcenter\u00a0\u00bb i_align=\u00a0\u00bbright\u00a0\u00bb i_icon_fontawesome=\u00a0\u00bbfas fa-angle-right\u00a0\u00bb add_icon=\u00a0\u00bbtrue\u00a0\u00bb link=\u00a0\u00bburl:https%3A%2F%2Fwww.mbh.fr%2Ffr%2Fcontact%2F|||\u00a0\u00bb][\/vc_column][\/vc_row][vc_row top_padding=\u00a0\u00bb50&Prime; bottom_padding=\u00a0\u00bb50&Prime;][vc_column text_align=\u00a0\u00bbcenter\u00a0\u00bb width=\u00a0\u00bb1\/4&Prime;][\/vc_column][vc_column width=\u00a0\u00bb3\/4&Prime;]<div class=\"gallery-style-2\">\n\t\t<style type=\"text\/css\">\n\t\t\t#gallery-1 {\n\t\t\t\tmargin: auto;\n\t\t\t}\n\t\t\t#gallery-1 .gallery-item {\n\t\t\t\tfloat: left;\n\t\t\t\tmargin-top: 10px;\n\t\t\t\ttext-align: center;\n\t\t\t\twidth: 33%;\n\t\t\t}\n\t\t\t#gallery-1 img {\n\t\t\t\tborder: 2px solid #cfcfcf;\n\t\t\t}\n\t\t\t#gallery-1 .gallery-caption {\n\t\t\t\tmargin-left: 0;\n\t\t\t}\n\t\t\t\/* see gallery_shortcode() in wp-includes\/media.php *\/\n\t\t<\/style>\n\t\t<div id='gallery-1' class='gallery galleryid-2828 gallery-columns-3 gallery-size-thumbnail'><dl class='gallery-item'>\n\t\t\t<dt class='gallery-icon landscape'>\n\t\t\t\t<a rel=\"prettyPhoto[pp_gal]\" href='https:\/\/www.mbh.fr\/wp-content\/uploads\/2019\/02\/formation-bottom-3.jpg'><img loading=\"lazy\" decoding=\"async\" width=\"600\" height=\"600\" src=\"https:\/\/www.mbh.fr\/wp-content\/uploads\/2019\/02\/formation-bottom-3-600x600.jpg\" class=\"attachment-thumbnail size-thumbnail\" alt=\"\" srcset=\"https:\/\/www.mbh.fr\/wp-content\/uploads\/2019\/02\/formation-bottom-3-600x600.jpg 600w, https:\/\/www.mbh.fr\/wp-content\/uploads\/2019\/02\/formation-bottom-3-80x80.jpg 80w, https:\/\/www.mbh.fr\/wp-content\/uploads\/2019\/02\/formation-bottom-3-500x500.jpg 500w, https:\/\/www.mbh.fr\/wp-content\/uploads\/2019\/02\/formation-bottom-3-1000x1000.jpg 1000w\" sizes=\"auto, (max-width: 600px) 100vw, 600px\" \/><\/a>\n\t\t\t<\/dt><\/dl><dl class='gallery-item'>\n\t\t\t<dt class='gallery-icon landscape'>\n\t\t\t\t<a rel=\"prettyPhoto[pp_gal]\" href='https:\/\/www.mbh.fr\/wp-content\/uploads\/2019\/02\/formation-bottom-2.jpg'><img loading=\"lazy\" decoding=\"async\" width=\"600\" height=\"600\" src=\"https:\/\/www.mbh.fr\/wp-content\/uploads\/2019\/02\/formation-bottom-2-600x600.jpg\" class=\"attachment-thumbnail size-thumbnail\" alt=\"\" srcset=\"https:\/\/www.mbh.fr\/wp-content\/uploads\/2019\/02\/formation-bottom-2-600x600.jpg 600w, https:\/\/www.mbh.fr\/wp-content\/uploads\/2019\/02\/formation-bottom-2-80x80.jpg 80w, https:\/\/www.mbh.fr\/wp-content\/uploads\/2019\/02\/formation-bottom-2-500x500.jpg 500w, https:\/\/www.mbh.fr\/wp-content\/uploads\/2019\/02\/formation-bottom-2-1000x1000.jpg 1000w\" sizes=\"auto, (max-width: 600px) 100vw, 600px\" \/><\/a>\n\t\t\t<\/dt><\/dl><dl class='gallery-item'>\n\t\t\t<dt class='gallery-icon landscape'>\n\t\t\t\t<a rel=\"prettyPhoto[pp_gal]\" href='https:\/\/www.mbh.fr\/wp-content\/uploads\/2019\/02\/formation-bottom-1.jpg'><img loading=\"lazy\" decoding=\"async\" width=\"600\" height=\"600\" src=\"https:\/\/www.mbh.fr\/wp-content\/uploads\/2019\/02\/formation-bottom-1-600x600.jpg\" class=\"attachment-thumbnail size-thumbnail\" alt=\"\" srcset=\"https:\/\/www.mbh.fr\/wp-content\/uploads\/2019\/02\/formation-bottom-1-600x600.jpg 600w, https:\/\/www.mbh.fr\/wp-content\/uploads\/2019\/02\/formation-bottom-1-80x80.jpg 80w, https:\/\/www.mbh.fr\/wp-content\/uploads\/2019\/02\/formation-bottom-1-500x500.jpg 500w, https:\/\/www.mbh.fr\/wp-content\/uploads\/2019\/02\/formation-bottom-1-1000x1000.jpg 1000w\" sizes=\"auto, (max-width: 600px) 100vw, 600px\" \/><\/a>\n\t\t\t<\/dt><\/dl><br style=\"clear: both\" \/>\n\t\t<\/div>\n<\/div>[\/vc_column][\/vc_row]<\/p>\n<\/div>","protected":false},"excerpt":{"rendered":"<p>[vc_row type=\u00a0\u00bbfull_width_section\u00a0\u00bb bg_image=\u00a0\u00bb4829&Prime; parallax_bg=\u00a0\u00bbtrue\u00a0\u00bb top_padding=\u00a0\u00bb200&Prime; bottom_padding=\u00a0\u00bb200&Prime;][vc_column width=\u00a0\u00bb1\/1&Prime;][\/vc_column][\/vc_row][vc_row top_padding=\u00a0\u00bb50&Prime; bottom_padding=\u00a0\u00bb50&Prime;][vc_column el_class=\u00a0\u00bbleft-col-menu-presta\u00a0\u00bb text_align=\u00a0\u00bbcenter\u00a0\u00bb width=\u00a0\u00bb1\/4&Prime;][vc_column_text] Nos prestations [\/vc_column_text][vc_wp_custommenu nav_menu=\u00a0\u00bb861&Prime; el_id=\u00a0\u00bbsticky-menu-prestations\u00a0\u00bb][\/vc_column][vc_column text_align=\u00a0\u00bbcenter\u00a0\u00bb width=\u00a0\u00bb3\/4&Prime;][vc_single_image image=\u00a0\u00bb4473&Prime; img_size=\u00a0\u00bbfull\u00a0\u00bb alignment=\u00a0\u00bbcenter\u00a0\u00bb el_class=\u00a0\u00bbisotype\u00a0\u00bb][vc_column_text] Formation au Pilotage d&rsquo;H\u00e9licopt\u00e8re [\/vc_column_text][vc_column_text] Passionn\u00e9(e) d\u2019h\u00e9licopt\u00e8re et d\u00e9sireux(se) d\u2019obtenir une licence priv\u00e9e ou devenir futur(e) pilote professionnel(le)\u00a0? Nos instructeurs chevronn\u00e9s de notre \u00e9cole vous accompagnent afin de r\u00e9aliser votre projet. Nous sommes d\u00e9di\u00e9s \u00e0 faire d\u00e9coller votre r\u00eave de devenir pilote d&rsquo;h\u00e9licopt\u00e8re, que ce soit pour le plaisir personnel ou pour une carri\u00e8re professionnelle captivante. Devenir Pilote d&rsquo;H\u00e9licopt\u00e8re avec Expertise Chez FHATO, notre \u00e9cole de pilotage d&rsquo;h\u00e9licopt\u00e8re, nous offrons des formations de pointe pour vous guider \u00e0 travers chaque \u00e9tape de votre parcours vers le ciel. Nos instructeurs hautement qualifi\u00e9s vous fourniront les connaissances et les comp\u00e9tences n\u00e9cessaires pour exceller en tant que pilote priv\u00e9 ou professionnel. Cours de Pilotage d&rsquo;H\u00e9licopt\u00e8re Adapt\u00e9s \u00e0 Vos Besoins Que vous soyez novice ou que vous cherchiez \u00e0 perfectionner vos comp\u00e9tences existantes, nos programmes de formation flexibles sont con\u00e7us pour r\u00e9pondre \u00e0 vos besoins sp\u00e9cifiques. De la navigation a\u00e9rienne \u00e0 la gestion des situations d&rsquo;urgence, nous couvrons tous les aspects du pilotage d&rsquo;h\u00e9licopt\u00e8res. Formations au pilotage certifi\u00e9es QUALIOPI Cette certification vous permet de b\u00e9n\u00e9ficier d&rsquo;aides financi\u00e8res cons\u00e9quentes sur l&rsquo;ensemble du [&hellip;]<\/p>\n","protected":false},"author":7,"featured_media":0,"parent":1600,"menu_order":30,"comment_status":"closed","ping_status":"closed","template":"","meta":{"_acf_changed":false,"footnotes":""},"class_list":["post-2828","page","type-page","status-publish","hentry"],"acf":[],"yoast_head":"<!-- This site is optimized with the Yoast SEO plugin v26.9 - https:\/\/yoast.com\/product\/yoast-seo-wordpress\/ -->\n<title>Formation au Pilotage d&#039;H\u00e9licopt\u00e8re - Devenez Pilote d&#039;H\u00e9licopt\u00e8re<\/title>\n<meta name=\"description\" content=\"Obtenez votre licence de pilote priv\u00e9 ou professionnel avec notre \u00e9cole de pilotage FHATO. Toutes nos formations sont certifi\u00e9es QUALIOPI.\" \/>\n<meta name=\"robots\" content=\"index, follow, max-snippet:-1, max-image-preview:large, max-video-preview:-1\" \/>\n<link rel=\"canonical\" href=\"https:\/\/www.mbh.fr\/fr\/services\/formation-pilotage-helicoptere\/\" \/>\n<meta property=\"og:locale\" content=\"fr_FR\" \/>\n<meta property=\"og:type\" content=\"article\" \/>\n<meta property=\"og:title\" content=\"Formation au Pilotage d&#039;H\u00e9licopt\u00e8re - Devenez Pilote d&#039;H\u00e9licopt\u00e8re\" \/>\n<meta property=\"og:description\" content=\"Obtenez votre licence de pilote priv\u00e9 ou professionnel avec notre \u00e9cole de pilotage FHATO. Toutes nos formations sont certifi\u00e9es QUALIOPI.\" \/>\n<meta property=\"og:url\" content=\"https:\/\/www.mbh.fr\/fr\/services\/formation-pilotage-helicoptere\/\" \/>\n<meta property=\"og:site_name\" content=\"Mont-Blanc H\u00e9licopt\u00e8res\" \/>\n<meta property=\"article:publisher\" content=\"https:\/\/www.facebook.com\/MontBlancHelicopteres\/\" \/>\n<meta property=\"article:modified_time\" content=\"2024-03-04T10:14:17+00:00\" \/>\n<meta property=\"og:image\" content=\"https:\/\/www.mbh.fr\/wp-content\/uploads\/2024\/03\/FHATO_LOGO_02_NOIR_CMJN-1000x274.webp\" \/>\n<meta name=\"twitter:card\" content=\"summary_large_image\" \/>\n<meta name=\"twitter:site\" content=\"@MBHelicopteres\" \/>\n<meta name=\"twitter:label1\" content=\"Dur\u00e9e de lecture estim\u00e9e\" \/>\n\t<meta name=\"twitter:data1\" content=\"3 minutes\" \/>\n<script type=\"application\/ld+json\" class=\"yoast-schema-graph\">{\"@context\":\"https:\/\/schema.org\",\"@graph\":[{\"@type\":\"WebPage\",\"@id\":\"https:\/\/www.mbh.fr\/fr\/services\/formation-pilotage-helicoptere\/\",\"url\":\"https:\/\/www.mbh.fr\/fr\/services\/formation-pilotage-helicoptere\/\",\"name\":\"Formation au Pilotage d'H\u00e9licopt\u00e8re - Devenez Pilote d'H\u00e9licopt\u00e8re\",\"isPartOf\":{\"@id\":\"https:\/\/www.mbh.fr\/fr\/#website\"},\"primaryImageOfPage\":{\"@id\":\"https:\/\/www.mbh.fr\/fr\/services\/formation-pilotage-helicoptere\/#primaryimage\"},\"image\":{\"@id\":\"https:\/\/www.mbh.fr\/fr\/services\/formation-pilotage-helicoptere\/#primaryimage\"},\"thumbnailUrl\":\"https:\/\/www.mbh.fr\/wp-content\/uploads\/2024\/03\/FHATO_LOGO_02_NOIR_CMJN-1000x274.webp\",\"datePublished\":\"2018-01-25T09:25:55+00:00\",\"dateModified\":\"2024-03-04T10:14:17+00:00\",\"description\":\"Obtenez votre licence de pilote priv\u00e9 ou professionnel avec notre \u00e9cole de pilotage FHATO. Toutes nos formations sont certifi\u00e9es QUALIOPI.\",\"breadcrumb\":{\"@id\":\"https:\/\/www.mbh.fr\/fr\/services\/formation-pilotage-helicoptere\/#breadcrumb\"},\"inLanguage\":\"fr-FR\",\"potentialAction\":[{\"@type\":\"ReadAction\",\"target\":[\"https:\/\/www.mbh.fr\/fr\/services\/formation-pilotage-helicoptere\/\"]}]},{\"@type\":\"ImageObject\",\"inLanguage\":\"fr-FR\",\"@id\":\"https:\/\/www.mbh.fr\/fr\/services\/formation-pilotage-helicoptere\/#primaryimage\",\"url\":\"https:\/\/www.mbh.fr\/wp-content\/uploads\/2024\/03\/FHATO_LOGO_02_NOIR_CMJN-1000x274.webp\",\"contentUrl\":\"https:\/\/www.mbh.fr\/wp-content\/uploads\/2024\/03\/FHATO_LOGO_02_NOIR_CMJN-1000x274.webp\"},{\"@type\":\"BreadcrumbList\",\"@id\":\"https:\/\/www.mbh.fr\/fr\/services\/formation-pilotage-helicoptere\/#breadcrumb\",\"itemListElement\":[{\"@type\":\"ListItem\",\"position\":1,\"name\":\"Accueil\",\"item\":\"https:\/\/www.mbh.fr\/fr\/\"},{\"@type\":\"ListItem\",\"position\":2,\"name\":\"PRESTATIONS\",\"item\":\"https:\/\/www.mbh.fr\/fr\/services\/\"},{\"@type\":\"ListItem\",\"position\":3,\"name\":\"Formations au Pilotage d&rsquo;H\u00e9licopt\u00e8re\"}]},{\"@type\":\"WebSite\",\"@id\":\"https:\/\/www.mbh.fr\/fr\/#website\",\"url\":\"https:\/\/www.mbh.fr\/fr\/\",\"name\":\"Mont-Blanc H\u00e9licopt\u00e8res\",\"description\":\"\",\"publisher\":{\"@id\":\"https:\/\/www.mbh.fr\/fr\/#organization\"},\"potentialAction\":[{\"@type\":\"SearchAction\",\"target\":{\"@type\":\"EntryPoint\",\"urlTemplate\":\"https:\/\/www.mbh.fr\/fr\/?s={search_term_string}\"},\"query-input\":{\"@type\":\"PropertyValueSpecification\",\"valueRequired\":true,\"valueName\":\"search_term_string\"}}],\"inLanguage\":\"fr-FR\"},{\"@type\":\"Organization\",\"@id\":\"https:\/\/www.mbh.fr\/fr\/#organization\",\"name\":\"mont blanc h\u00e9licopt\u00e8res\",\"url\":\"https:\/\/www.mbh.fr\/fr\/\",\"logo\":{\"@type\":\"ImageObject\",\"inLanguage\":\"fr-FR\",\"@id\":\"https:\/\/www.mbh.fr\/fr\/#\/schema\/logo\/image\/\",\"url\":\"\",\"contentUrl\":\"\",\"caption\":\"mont blanc h\u00e9licopt\u00e8res\"},\"image\":{\"@id\":\"https:\/\/www.mbh.fr\/fr\/#\/schema\/logo\/image\/\"},\"sameAs\":[\"https:\/\/www.facebook.com\/MontBlancHelicopteres\/\",\"https:\/\/x.com\/MBHelicopteres\",\"https:\/\/www.instagram.com\/montblanchelicopteres\/\",\"https:\/\/www.linkedin.com\/company\/715290\/\"]}]}<\/script>\n<!-- \/ Yoast SEO plugin. -->","yoast_head_json":{"title":"Formation au Pilotage d'H\u00e9licopt\u00e8re - Devenez Pilote d'H\u00e9licopt\u00e8re","description":"Obtenez votre licence de pilote priv\u00e9 ou professionnel avec notre \u00e9cole de pilotage FHATO. Toutes nos formations sont certifi\u00e9es QUALIOPI.","robots":{"index":"index","follow":"follow","max-snippet":"max-snippet:-1","max-image-preview":"max-image-preview:large","max-video-preview":"max-video-preview:-1"},"canonical":"https:\/\/www.mbh.fr\/fr\/services\/formation-pilotage-helicoptere\/","og_locale":"fr_FR","og_type":"article","og_title":"Formation au Pilotage d'H\u00e9licopt\u00e8re - Devenez Pilote d'H\u00e9licopt\u00e8re","og_description":"Obtenez votre licence de pilote priv\u00e9 ou professionnel avec notre \u00e9cole de pilotage FHATO. Toutes nos formations sont certifi\u00e9es QUALIOPI.","og_url":"https:\/\/www.mbh.fr\/fr\/services\/formation-pilotage-helicoptere\/","og_site_name":"Mont-Blanc H\u00e9licopt\u00e8res","article_publisher":"https:\/\/www.facebook.com\/MontBlancHelicopteres\/","article_modified_time":"2024-03-04T10:14:17+00:00","og_image":[{"url":"https:\/\/www.mbh.fr\/wp-content\/uploads\/2024\/03\/FHATO_LOGO_02_NOIR_CMJN-1000x274.webp","type":"","width":"","height":""}],"twitter_card":"summary_large_image","twitter_site":"@MBHelicopteres","twitter_misc":{"Dur\u00e9e de lecture estim\u00e9e":"3 minutes"},"schema":{"@context":"https:\/\/schema.org","@graph":[{"@type":"WebPage","@id":"https:\/\/www.mbh.fr\/fr\/services\/formation-pilotage-helicoptere\/","url":"https:\/\/www.mbh.fr\/fr\/services\/formation-pilotage-helicoptere\/","name":"Formation au Pilotage d'H\u00e9licopt\u00e8re - Devenez Pilote d'H\u00e9licopt\u00e8re","isPartOf":{"@id":"https:\/\/www.mbh.fr\/fr\/#website"},"primaryImageOfPage":{"@id":"https:\/\/www.mbh.fr\/fr\/services\/formation-pilotage-helicoptere\/#primaryimage"},"image":{"@id":"https:\/\/www.mbh.fr\/fr\/services\/formation-pilotage-helicoptere\/#primaryimage"},"thumbnailUrl":"https:\/\/www.mbh.fr\/wp-content\/uploads\/2024\/03\/FHATO_LOGO_02_NOIR_CMJN-1000x274.webp","datePublished":"2018-01-25T09:25:55+00:00","dateModified":"2024-03-04T10:14:17+00:00","description":"Obtenez votre licence de pilote priv\u00e9 ou professionnel avec notre \u00e9cole de pilotage FHATO. Toutes nos formations sont certifi\u00e9es QUALIOPI.","breadcrumb":{"@id":"https:\/\/www.mbh.fr\/fr\/services\/formation-pilotage-helicoptere\/#breadcrumb"},"inLanguage":"fr-FR","potentialAction":[{"@type":"ReadAction","target":["https:\/\/www.mbh.fr\/fr\/services\/formation-pilotage-helicoptere\/"]}]},{"@type":"ImageObject","inLanguage":"fr-FR","@id":"https:\/\/www.mbh.fr\/fr\/services\/formation-pilotage-helicoptere\/#primaryimage","url":"https:\/\/www.mbh.fr\/wp-content\/uploads\/2024\/03\/FHATO_LOGO_02_NOIR_CMJN-1000x274.webp","contentUrl":"https:\/\/www.mbh.fr\/wp-content\/uploads\/2024\/03\/FHATO_LOGO_02_NOIR_CMJN-1000x274.webp"},{"@type":"BreadcrumbList","@id":"https:\/\/www.mbh.fr\/fr\/services\/formation-pilotage-helicoptere\/#breadcrumb","itemListElement":[{"@type":"ListItem","position":1,"name":"Accueil","item":"https:\/\/www.mbh.fr\/fr\/"},{"@type":"ListItem","position":2,"name":"PRESTATIONS","item":"https:\/\/www.mbh.fr\/fr\/services\/"},{"@type":"ListItem","position":3,"name":"Formations au Pilotage d&rsquo;H\u00e9licopt\u00e8re"}]},{"@type":"WebSite","@id":"https:\/\/www.mbh.fr\/fr\/#website","url":"https:\/\/www.mbh.fr\/fr\/","name":"Mont-Blanc H\u00e9licopt\u00e8res","description":"","publisher":{"@id":"https:\/\/www.mbh.fr\/fr\/#organization"},"potentialAction":[{"@type":"SearchAction","target":{"@type":"EntryPoint","urlTemplate":"https:\/\/www.mbh.fr\/fr\/?s={search_term_string}"},"query-input":{"@type":"PropertyValueSpecification","valueRequired":true,"valueName":"search_term_string"}}],"inLanguage":"fr-FR"},{"@type":"Organization","@id":"https:\/\/www.mbh.fr\/fr\/#organization","name":"mont blanc h\u00e9licopt\u00e8res","url":"https:\/\/www.mbh.fr\/fr\/","logo":{"@type":"ImageObject","inLanguage":"fr-FR","@id":"https:\/\/www.mbh.fr\/fr\/#\/schema\/logo\/image\/","url":"","contentUrl":"","caption":"mont blanc h\u00e9licopt\u00e8res"},"image":{"@id":"https:\/\/www.mbh.fr\/fr\/#\/schema\/logo\/image\/"},"sameAs":["https:\/\/www.facebook.com\/MontBlancHelicopteres\/","https:\/\/x.com\/MBHelicopteres","https:\/\/www.instagram.com\/montblanchelicopteres\/","https:\/\/www.linkedin.com\/company\/715290\/"]}]}},"_links":{"self":[{"href":"https:\/\/www.mbh.fr\/fr\/wp-json\/wp\/v2\/pages\/2828","targetHints":{"allow":["GET"]}}],"collection":[{"href":"https:\/\/www.mbh.fr\/fr\/wp-json\/wp\/v2\/pages"}],"about":[{"href":"https:\/\/www.mbh.fr\/fr\/wp-json\/wp\/v2\/types\/page"}],"author":[{"embeddable":true,"href":"https:\/\/www.mbh.fr\/fr\/wp-json\/wp\/v2\/users\/7"}],"replies":[{"embeddable":true,"href":"https:\/\/www.mbh.fr\/fr\/wp-json\/wp\/v2\/comments?post=2828"}],"version-history":[{"count":19,"href":"https:\/\/www.mbh.fr\/fr\/wp-json\/wp\/v2\/pages\/2828\/revisions"}],"predecessor-version":[{"id":13307,"href":"https:\/\/www.mbh.fr\/fr\/wp-json\/wp\/v2\/pages\/2828\/revisions\/13307"}],"up":[{"embeddable":true,"href":"https:\/\/www.mbh.fr\/fr\/wp-json\/wp\/v2\/pages\/1600"}],"wp:attachment":[{"href":"https:\/\/www.mbh.fr\/fr\/wp-json\/wp\/v2\/media?parent=2828"}],"curies":[{"name":"wp","href":"https:\/\/api.w.org\/{rel}","templated":true}]}}