{"id":2829,"date":"2018-01-25T10:26:57","date_gmt":"2018-01-25T09:26:57","guid":{"rendered":"http:\/\/www.mbh.fr\/?page_id=2829"},"modified":"2020-05-12T18:46:30","modified_gmt":"2020-05-12T16:46:30","slug":"vol-de-nuit-vfr","status":"publish","type":"page","link":"https:\/\/www.mbh.fr\/fr\/services\/formation-pilotage-helicoptere\/vol-de-nuit-vfr\/","title":{"rendered":"VOL DE NUIT VFR"},"content":{"rendered":"<div class=\"wpb-content-wrapper\"><p>[vc_row][vc_column width=\u00a0\u00bb1\/2&Prime;][vc_column_text]<span lang=\"fr\">L&rsquo;autorisation de vol de nuit vous permet de continuer un vol pendant que la nuit a\u00e9ronautique a commenc\u00e9 ou de d\u00e9coller avant le lever du soleil<\/span><\/p>\n<h2>PRE REQUIS<\/h2>\n<p id=\"tw-target-text\" class=\"tw-data-text tw-ta tw-text-small\" dir=\"ltr\" data-placeholder=\"Traduction\"><span lang=\"fr\">Avoir au moins 100h de vol dont 60h en CBD et 20h en vol de navigation<\/span><\/p>\n<h2>FORMATION<\/h2>\n<p id=\"tw-target-text\" class=\"tw-data-text tw-ta tw-text-small\" dir=\"ltr\" data-placeholder=\"Traduction\"><span lang=\"fr\">5 h de vol de nuit avec simulation de vol aux instruments sans visibilit\u00e9 (VSV) <\/span><\/p>\n<p class=\"tw-data-text tw-ta tw-text-small\" dir=\"ltr\" data-placeholder=\"Traduction\"><span lang=\"fr\">5 d\u00e9collages et atterrissages<\/span><\/p>\n<p>[\/vc_column_text][\/vc_column][vc_column width=\u00a0\u00bb1\/2&Prime;]<div class=\"single_image wpb_content_element align-left    \" data-animation=\"none\" data-delay=\"0\"><img loading=\"lazy\" decoding=\"async\" width=\"2000\" height=\"1470\" src=\"https:\/\/www.mbh.fr\/wp-content\/uploads\/2017\/10\/training.jpg\" class=\"attachment-full\" alt=\"\" title=\"training\" srcset=\"https:\/\/www.mbh.fr\/wp-content\/uploads\/2017\/10\/training.jpg 2000w, https:\/\/www.mbh.fr\/wp-content\/uploads\/2017\/10\/training-1000x735.jpg 1000w, https:\/\/www.mbh.fr\/wp-content\/uploads\/2017\/10\/training-1500x1103.jpg 1500w, https:\/\/www.mbh.fr\/wp-content\/uploads\/2017\/10\/training-768x564.jpg 768w, https:\/\/www.mbh.fr\/wp-content\/uploads\/2017\/10\/training-1536x1129.jpg 1536w\" sizes=\"auto, (max-width: 2000px) 100vw, 2000px\" \/><\/div>[\/vc_column][\/vc_row]<\/p>\n<\/div>","protected":false},"excerpt":{"rendered":"<p>[vc_row][vc_column width=\u00a0\u00bb1\/2&Prime;][vc_column_text]L&rsquo;autorisation de vol de nuit vous permet de continuer un vol pendant que la nuit a\u00e9ronautique a commenc\u00e9 ou de d\u00e9coller avant le lever du soleil PRE REQUIS Avoir au moins 100h de vol dont 60h en CBD et 20h en vol de navigation FORMATION 5 h de vol de nuit avec simulation de vol aux instruments sans visibilit\u00e9 (VSV) 5 d\u00e9collages et atterrissages [\/vc_column_text][\/vc_column][vc_column width=\u00a0\u00bb1\/2&Prime;][\/vc_column][\/vc_row]<\/p>\n","protected":false},"author":7,"featured_media":0,"parent":2828,"menu_order":0,"comment_status":"closed","ping_status":"closed","template":"","meta":{"_acf_changed":false,"footnotes":""},"class_list":["post-2829","page","type-page","status-publish","hentry"],"acf":[],"yoast_head":"<!-- This site is optimized with the Yoast SEO plugin v26.9 - https:\/\/yoast.com\/product\/yoast-seo-wordpress\/ -->\n<title>VOL DE NUIT VFR - Mont-Blanc H\u00e9licopt\u00e8res<\/title>\n<meta name=\"robots\" content=\"index, follow, max-snippet:-1, max-image-preview:large, max-video-preview:-1\" \/>\n<link rel=\"canonical\" href=\"https:\/\/www.mbh.fr\/fr\/services\/formation-pilotage-helicoptere\/vol-de-nuit-vfr\/\" \/>\n<meta property=\"og:locale\" content=\"fr_FR\" \/>\n<meta property=\"og:type\" content=\"article\" \/>\n<meta property=\"og:title\" content=\"VOL DE NUIT VFR - Mont-Blanc H\u00e9licopt\u00e8res\" \/>\n<meta property=\"og:description\" content=\"[vc_row][vc_column width=\u00a0\u00bb1\/2&Prime;][vc_column_text]L&rsquo;autorisation de vol de nuit vous permet de continuer un vol pendant que la nuit a\u00e9ronautique a commenc\u00e9 ou de d\u00e9coller avant le lever du soleil PRE REQUIS Avoir au moins 100h de vol dont 60h en CBD et 20h en vol de navigation FORMATION 5 h de vol de nuit avec simulation de vol aux instruments sans visibilit\u00e9 (VSV) 5 d\u00e9collages et atterrissages [\/vc_column_text][\/vc_column][vc_column width=\u00a0\u00bb1\/2&Prime;][\/vc_column][\/vc_row]\" \/>\n<meta property=\"og:url\" content=\"https:\/\/www.mbh.fr\/fr\/services\/formation-pilotage-helicoptere\/vol-de-nuit-vfr\/\" \/>\n<meta property=\"og:site_name\" content=\"Mont-Blanc H\u00e9licopt\u00e8res\" \/>\n<meta property=\"article:publisher\" content=\"https:\/\/www.facebook.com\/MontBlancHelicopteres\/\" \/>\n<meta property=\"article:modified_time\" content=\"2020-05-12T16:46:30+00:00\" \/>\n<meta name=\"twitter:card\" content=\"summary_large_image\" \/>\n<meta name=\"twitter:site\" content=\"@MBHelicopteres\" \/>\n<script type=\"application\/ld+json\" class=\"yoast-schema-graph\">{\"@context\":\"https:\/\/schema.org\",\"@graph\":[{\"@type\":\"WebPage\",\"@id\":\"https:\/\/www.mbh.fr\/fr\/services\/formation-pilotage-helicoptere\/vol-de-nuit-vfr\/\",\"url\":\"https:\/\/www.mbh.fr\/fr\/services\/formation-pilotage-helicoptere\/vol-de-nuit-vfr\/\",\"name\":\"VOL DE NUIT VFR - Mont-Blanc H\u00e9licopt\u00e8res\",\"isPartOf\":{\"@id\":\"https:\/\/www.mbh.fr\/fr\/#website\"},\"datePublished\":\"2018-01-25T09:26:57+00:00\",\"dateModified\":\"2020-05-12T16:46:30+00:00\",\"breadcrumb\":{\"@id\":\"https:\/\/www.mbh.fr\/fr\/services\/formation-pilotage-helicoptere\/vol-de-nuit-vfr\/#breadcrumb\"},\"inLanguage\":\"fr-FR\",\"potentialAction\":[{\"@type\":\"ReadAction\",\"target\":[\"https:\/\/www.mbh.fr\/fr\/services\/formation-pilotage-helicoptere\/vol-de-nuit-vfr\/\"]}]},{\"@type\":\"BreadcrumbList\",\"@id\":\"https:\/\/www.mbh.fr\/fr\/services\/formation-pilotage-helicoptere\/vol-de-nuit-vfr\/#breadcrumb\",\"itemListElement\":[{\"@type\":\"ListItem\",\"position\":1,\"name\":\"Accueil\",\"item\":\"https:\/\/www.mbh.fr\/fr\/\"},{\"@type\":\"ListItem\",\"position\":2,\"name\":\"PRESTATIONS\",\"item\":\"https:\/\/www.mbh.fr\/fr\/services\/\"},{\"@type\":\"ListItem\",\"position\":3,\"name\":\"Formations au Pilotage d&rsquo;H\u00e9licopt\u00e8re\",\"item\":\"https:\/\/www.mbh.fr\/fr\/services\/formation-pilotage-helicoptere\/\"},{\"@type\":\"ListItem\",\"position\":4,\"name\":\"VOL DE NUIT VFR\"}]},{\"@type\":\"WebSite\",\"@id\":\"https:\/\/www.mbh.fr\/fr\/#website\",\"url\":\"https:\/\/www.mbh.fr\/fr\/\",\"name\":\"Mont-Blanc H\u00e9licopt\u00e8res\",\"description\":\"\",\"publisher\":{\"@id\":\"https:\/\/www.mbh.fr\/fr\/#organization\"},\"potentialAction\":[{\"@type\":\"SearchAction\",\"target\":{\"@type\":\"EntryPoint\",\"urlTemplate\":\"https:\/\/www.mbh.fr\/fr\/?s={search_term_string}\"},\"query-input\":{\"@type\":\"PropertyValueSpecification\",\"valueRequired\":true,\"valueName\":\"search_term_string\"}}],\"inLanguage\":\"fr-FR\"},{\"@type\":\"Organization\",\"@id\":\"https:\/\/www.mbh.fr\/fr\/#organization\",\"name\":\"mont blanc h\u00e9licopt\u00e8res\",\"url\":\"https:\/\/www.mbh.fr\/fr\/\",\"logo\":{\"@type\":\"ImageObject\",\"inLanguage\":\"fr-FR\",\"@id\":\"https:\/\/www.mbh.fr\/fr\/#\/schema\/logo\/image\/\",\"url\":\"\",\"contentUrl\":\"\",\"caption\":\"mont blanc h\u00e9licopt\u00e8res\"},\"image\":{\"@id\":\"https:\/\/www.mbh.fr\/fr\/#\/schema\/logo\/image\/\"},\"sameAs\":[\"https:\/\/www.facebook.com\/MontBlancHelicopteres\/\",\"https:\/\/x.com\/MBHelicopteres\",\"https:\/\/www.instagram.com\/montblanchelicopteres\/\",\"https:\/\/www.linkedin.com\/company\/715290\/\"]}]}<\/script>\n<!-- \/ Yoast SEO plugin. -->","yoast_head_json":{"title":"VOL DE NUIT VFR - Mont-Blanc H\u00e9licopt\u00e8res","robots":{"index":"index","follow":"follow","max-snippet":"max-snippet:-1","max-image-preview":"max-image-preview:large","max-video-preview":"max-video-preview:-1"},"canonical":"https:\/\/www.mbh.fr\/fr\/services\/formation-pilotage-helicoptere\/vol-de-nuit-vfr\/","og_locale":"fr_FR","og_type":"article","og_title":"VOL DE NUIT VFR - Mont-Blanc H\u00e9licopt\u00e8res","og_description":"[vc_row][vc_column width=\u00a0\u00bb1\/2&Prime;][vc_column_text]L&rsquo;autorisation de vol de nuit vous permet de continuer un vol pendant que la nuit a\u00e9ronautique a commenc\u00e9 ou de d\u00e9coller avant le lever du soleil PRE REQUIS Avoir au moins 100h de vol dont 60h en CBD et 20h en vol de navigation FORMATION 5 h de vol de nuit avec simulation de vol aux instruments sans visibilit\u00e9 (VSV) 5 d\u00e9collages et atterrissages [\/vc_column_text][\/vc_column][vc_column width=\u00a0\u00bb1\/2&Prime;][\/vc_column][\/vc_row]","og_url":"https:\/\/www.mbh.fr\/fr\/services\/formation-pilotage-helicoptere\/vol-de-nuit-vfr\/","og_site_name":"Mont-Blanc H\u00e9licopt\u00e8res","article_publisher":"https:\/\/www.facebook.com\/MontBlancHelicopteres\/","article_modified_time":"2020-05-12T16:46:30+00:00","twitter_card":"summary_large_image","twitter_site":"@MBHelicopteres","schema":{"@context":"https:\/\/schema.org","@graph":[{"@type":"WebPage","@id":"https:\/\/www.mbh.fr\/fr\/services\/formation-pilotage-helicoptere\/vol-de-nuit-vfr\/","url":"https:\/\/www.mbh.fr\/fr\/services\/formation-pilotage-helicoptere\/vol-de-nuit-vfr\/","name":"VOL DE NUIT VFR - Mont-Blanc H\u00e9licopt\u00e8res","isPartOf":{"@id":"https:\/\/www.mbh.fr\/fr\/#website"},"datePublished":"2018-01-25T09:26:57+00:00","dateModified":"2020-05-12T16:46:30+00:00","breadcrumb":{"@id":"https:\/\/www.mbh.fr\/fr\/services\/formation-pilotage-helicoptere\/vol-de-nuit-vfr\/#breadcrumb"},"inLanguage":"fr-FR","potentialAction":[{"@type":"ReadAction","target":["https:\/\/www.mbh.fr\/fr\/services\/formation-pilotage-helicoptere\/vol-de-nuit-vfr\/"]}]},{"@type":"BreadcrumbList","@id":"https:\/\/www.mbh.fr\/fr\/services\/formation-pilotage-helicoptere\/vol-de-nuit-vfr\/#breadcrumb","itemListElement":[{"@type":"ListItem","position":1,"name":"Accueil","item":"https:\/\/www.mbh.fr\/fr\/"},{"@type":"ListItem","position":2,"name":"PRESTATIONS","item":"https:\/\/www.mbh.fr\/fr\/services\/"},{"@type":"ListItem","position":3,"name":"Formations au Pilotage d&rsquo;H\u00e9licopt\u00e8re","item":"https:\/\/www.mbh.fr\/fr\/services\/formation-pilotage-helicoptere\/"},{"@type":"ListItem","position":4,"name":"VOL DE NUIT VFR"}]},{"@type":"WebSite","@id":"https:\/\/www.mbh.fr\/fr\/#website","url":"https:\/\/www.mbh.fr\/fr\/","name":"Mont-Blanc H\u00e9licopt\u00e8res","description":"","publisher":{"@id":"https:\/\/www.mbh.fr\/fr\/#organization"},"potentialAction":[{"@type":"SearchAction","target":{"@type":"EntryPoint","urlTemplate":"https:\/\/www.mbh.fr\/fr\/?s={search_term_string}"},"query-input":{"@type":"PropertyValueSpecification","valueRequired":true,"valueName":"search_term_string"}}],"inLanguage":"fr-FR"},{"@type":"Organization","@id":"https:\/\/www.mbh.fr\/fr\/#organization","name":"mont blanc h\u00e9licopt\u00e8res","url":"https:\/\/www.mbh.fr\/fr\/","logo":{"@type":"ImageObject","inLanguage":"fr-FR","@id":"https:\/\/www.mbh.fr\/fr\/#\/schema\/logo\/image\/","url":"","contentUrl":"","caption":"mont blanc h\u00e9licopt\u00e8res"},"image":{"@id":"https:\/\/www.mbh.fr\/fr\/#\/schema\/logo\/image\/"},"sameAs":["https:\/\/www.facebook.com\/MontBlancHelicopteres\/","https:\/\/x.com\/MBHelicopteres","https:\/\/www.instagram.com\/montblanchelicopteres\/","https:\/\/www.linkedin.com\/company\/715290\/"]}]}},"_links":{"self":[{"href":"https:\/\/www.mbh.fr\/fr\/wp-json\/wp\/v2\/pages\/2829","targetHints":{"allow":["GET"]}}],"collection":[{"href":"https:\/\/www.mbh.fr\/fr\/wp-json\/wp\/v2\/pages"}],"about":[{"href":"https:\/\/www.mbh.fr\/fr\/wp-json\/wp\/v2\/types\/page"}],"author":[{"embeddable":true,"href":"https:\/\/www.mbh.fr\/fr\/wp-json\/wp\/v2\/users\/7"}],"replies":[{"embeddable":true,"href":"https:\/\/www.mbh.fr\/fr\/wp-json\/wp\/v2\/comments?post=2829"}],"version-history":[{"count":1,"href":"https:\/\/www.mbh.fr\/fr\/wp-json\/wp\/v2\/pages\/2829\/revisions"}],"predecessor-version":[{"id":7576,"href":"https:\/\/www.mbh.fr\/fr\/wp-json\/wp\/v2\/pages\/2829\/revisions\/7576"}],"up":[{"embeddable":true,"href":"https:\/\/www.mbh.fr\/fr\/wp-json\/wp\/v2\/pages\/2828"}],"wp:attachment":[{"href":"https:\/\/www.mbh.fr\/fr\/wp-json\/wp\/v2\/media?parent=2829"}],"curies":[{"name":"wp","href":"https:\/\/api.w.org\/{rel}","templated":true}]}}