{"id":2830,"date":"2018-01-25T10:27:42","date_gmt":"2018-01-25T09:27:42","guid":{"rendered":"http:\/\/www.mbh.fr\/?page_id=2830"},"modified":"2018-02-11T20:50:24","modified_gmt":"2018-02-11T19:50:24","slug":"licence-pilote-prive","status":"publish","type":"page","link":"https:\/\/www.mbh.fr\/fr\/services\/formation-pilotage-helicoptere\/licence-pilote-prive\/","title":{"rendered":"LICENCE PILOTE PRIVE"},"content":{"rendered":"<div class=\"wpb-content-wrapper\"><p>[vc_row][vc_column width=\u00a0\u00bb1\/2&Prime;][vc_single_image image=\u00a0\u00bb147&Prime; img_size=\u00a0\u00bblarge\u00a0\u00bb][\/vc_column][vc_column width=\u00a0\u00bb1\/2&Prime;][vc_column_text]<\/p>\n<h2 class=\"p1\"><span class=\"s1\">Pre Requis<\/span><\/h2>\n<ul class=\"ul1\">\n<li class=\"li1\"><span class=\"s1\">16 ans pour d\u00e9buter une formation PPLH<\/span><\/li>\n<li class=\"li1\"><span class=\"s1\">17 ans pour passer le test pratique PPLH<\/span><\/li>\n<li class=\"li1\"><span class=\"s1\">D\u00e9tenir une classe m\u00e9dicale 1 ou 2<\/span><\/li>\n<\/ul>\n<h2 class=\"p1\"><span class=\"s1\">Formation<\/span><\/h2>\n<p id=\"tw-target-text\" class=\"tw-data-text tw-ta tw-text-small\" dir=\"ltr\" data-placeholder=\"Traduction\"><span lang=\"fr\"><strong>Th\u00e9orie<\/strong> &#8211; L&rsquo;examen de connaissances th\u00e9oriques peut \u00eatre pr\u00e9par\u00e9 en auto-apprentissage sur votre propre temps ou par le biais de la formation assist\u00e9e par ordinateur avec 10% du programme th\u00e9orique couvert en salle de classe et pendant les briefings et d\u00e9briefings avant et apr\u00e8s chaque instruction de vol. <\/span><\/p>\n<p class=\"tw-data-text tw-ta tw-text-small\" dir=\"ltr\" data-placeholder=\"Traduction\"><span lang=\"fr\"><strong>Instruction de vol (45h)<\/strong> &#8211; 35h de double instruction (ou 29h si le candidat d\u00e9tient un PPL Avion avec au moins 60h de pilotage) et 10h de temps de vol solo supervis\u00e9\u00a0<\/span><\/p>\n<p class=\"tw-data-text tw-ta tw-text-small\" dir=\"ltr\" data-placeholder=\"Traduction\"><span lang=\"fr\">Tarifs : sur demande <\/span><\/p>\n<p class=\"tw-data-text tw-ta tw-text-small\" dir=\"ltr\" data-placeholder=\"Traduction\"><span lang=\"fr\">Bient\u00f4t<\/span><\/p>\n<p>[\/vc_column_text][\/vc_column][\/vc_row]<\/p>\n<\/div>","protected":false},"excerpt":{"rendered":"<p>[vc_row][vc_column width=\u00a0\u00bb1\/2&Prime;][vc_single_image image=\u00a0\u00bb147&Prime; img_size=\u00a0\u00bblarge\u00a0\u00bb][\/vc_column][vc_column width=\u00a0\u00bb1\/2&Prime;][vc_column_text] Pre Requis 16 ans pour d\u00e9buter une formation PPLH 17 ans pour passer le test pratique PPLH D\u00e9tenir une classe m\u00e9dicale 1 ou 2 Formation Th\u00e9orie &#8211; L&rsquo;examen de connaissances th\u00e9oriques peut \u00eatre pr\u00e9par\u00e9 en auto-apprentissage sur votre propre temps ou par le biais de la formation assist\u00e9e par ordinateur avec 10% du programme th\u00e9orique couvert en salle de classe et pendant les briefings et d\u00e9briefings avant et apr\u00e8s chaque instruction de vol. Instruction de vol (45h) &#8211; 35h de double instruction (ou 29h si le candidat d\u00e9tient un PPL Avion avec au moins 60h de pilotage) et 10h de temps de vol solo supervis\u00e9\u00a0 Tarifs : sur demande Bient\u00f4t [\/vc_column_text][\/vc_column][\/vc_row]<\/p>\n","protected":false},"author":7,"featured_media":0,"parent":2828,"menu_order":10,"comment_status":"closed","ping_status":"closed","template":"","meta":{"_acf_changed":false,"footnotes":""},"class_list":["post-2830","page","type-page","status-publish","hentry"],"acf":[],"yoast_head":"<!-- This site is optimized with the Yoast SEO plugin v26.9 - https:\/\/yoast.com\/product\/yoast-seo-wordpress\/ -->\n<title>LICENCE PILOTE PRIVE - Mont-Blanc H\u00e9licopt\u00e8res<\/title>\n<meta name=\"robots\" content=\"index, follow, max-snippet:-1, max-image-preview:large, max-video-preview:-1\" \/>\n<link rel=\"canonical\" href=\"https:\/\/www.mbh.fr\/fr\/services\/formation-pilotage-helicoptere\/licence-pilote-prive\/\" \/>\n<meta property=\"og:locale\" content=\"fr_FR\" \/>\n<meta property=\"og:type\" content=\"article\" \/>\n<meta property=\"og:title\" content=\"LICENCE PILOTE PRIVE - Mont-Blanc H\u00e9licopt\u00e8res\" \/>\n<meta property=\"og:description\" content=\"[vc_row][vc_column width=\u00a0\u00bb1\/2&Prime;][vc_single_image image=\u00a0\u00bb147&Prime; img_size=\u00a0\u00bblarge\u00a0\u00bb][\/vc_column][vc_column width=\u00a0\u00bb1\/2&Prime;][vc_column_text] Pre Requis 16 ans pour d\u00e9buter une formation PPLH 17 ans pour passer le test pratique PPLH D\u00e9tenir une classe m\u00e9dicale 1 ou 2 Formation Th\u00e9orie &#8211; L&rsquo;examen de connaissances th\u00e9oriques peut \u00eatre pr\u00e9par\u00e9 en auto-apprentissage sur votre propre temps ou par le biais de la formation assist\u00e9e par ordinateur avec 10% du programme th\u00e9orique couvert en salle de classe et pendant les briefings et d\u00e9briefings avant et apr\u00e8s chaque instruction de vol. Instruction de vol (45h) &#8211; 35h de double instruction (ou 29h si le candidat d\u00e9tient un PPL Avion avec au moins 60h de pilotage) et 10h de temps de vol solo supervis\u00e9\u00a0 Tarifs : sur demande Bient\u00f4t [\/vc_column_text][\/vc_column][\/vc_row]\" \/>\n<meta property=\"og:url\" content=\"https:\/\/www.mbh.fr\/fr\/services\/formation-pilotage-helicoptere\/licence-pilote-prive\/\" \/>\n<meta property=\"og:site_name\" content=\"Mont-Blanc H\u00e9licopt\u00e8res\" \/>\n<meta property=\"article:publisher\" content=\"https:\/\/www.facebook.com\/MontBlancHelicopteres\/\" \/>\n<meta property=\"article:modified_time\" content=\"2018-02-11T19:50:24+00:00\" \/>\n<meta name=\"twitter:card\" content=\"summary_large_image\" \/>\n<meta name=\"twitter:site\" content=\"@MBHelicopteres\" \/>\n<meta name=\"twitter:label1\" content=\"Dur\u00e9e de lecture estim\u00e9e\" \/>\n\t<meta name=\"twitter:data1\" content=\"1 minute\" \/>\n<script type=\"application\/ld+json\" class=\"yoast-schema-graph\">{\"@context\":\"https:\/\/schema.org\",\"@graph\":[{\"@type\":\"WebPage\",\"@id\":\"https:\/\/www.mbh.fr\/fr\/services\/formation-pilotage-helicoptere\/licence-pilote-prive\/\",\"url\":\"https:\/\/www.mbh.fr\/fr\/services\/formation-pilotage-helicoptere\/licence-pilote-prive\/\",\"name\":\"LICENCE PILOTE PRIVE - Mont-Blanc H\u00e9licopt\u00e8res\",\"isPartOf\":{\"@id\":\"https:\/\/www.mbh.fr\/fr\/#website\"},\"datePublished\":\"2018-01-25T09:27:42+00:00\",\"dateModified\":\"2018-02-11T19:50:24+00:00\",\"breadcrumb\":{\"@id\":\"https:\/\/www.mbh.fr\/fr\/services\/formation-pilotage-helicoptere\/licence-pilote-prive\/#breadcrumb\"},\"inLanguage\":\"fr-FR\",\"potentialAction\":[{\"@type\":\"ReadAction\",\"target\":[\"https:\/\/www.mbh.fr\/fr\/services\/formation-pilotage-helicoptere\/licence-pilote-prive\/\"]}]},{\"@type\":\"BreadcrumbList\",\"@id\":\"https:\/\/www.mbh.fr\/fr\/services\/formation-pilotage-helicoptere\/licence-pilote-prive\/#breadcrumb\",\"itemListElement\":[{\"@type\":\"ListItem\",\"position\":1,\"name\":\"Accueil\",\"item\":\"https:\/\/www.mbh.fr\/fr\/\"},{\"@type\":\"ListItem\",\"position\":2,\"name\":\"PRESTATIONS\",\"item\":\"https:\/\/www.mbh.fr\/fr\/services\/\"},{\"@type\":\"ListItem\",\"position\":3,\"name\":\"Formations au Pilotage d&rsquo;H\u00e9licopt\u00e8re\",\"item\":\"https:\/\/www.mbh.fr\/fr\/services\/formation-pilotage-helicoptere\/\"},{\"@type\":\"ListItem\",\"position\":4,\"name\":\"LICENCE PILOTE PRIVE\"}]},{\"@type\":\"WebSite\",\"@id\":\"https:\/\/www.mbh.fr\/fr\/#website\",\"url\":\"https:\/\/www.mbh.fr\/fr\/\",\"name\":\"Mont-Blanc H\u00e9licopt\u00e8res\",\"description\":\"\",\"publisher\":{\"@id\":\"https:\/\/www.mbh.fr\/fr\/#organization\"},\"potentialAction\":[{\"@type\":\"SearchAction\",\"target\":{\"@type\":\"EntryPoint\",\"urlTemplate\":\"https:\/\/www.mbh.fr\/fr\/?s={search_term_string}\"},\"query-input\":{\"@type\":\"PropertyValueSpecification\",\"valueRequired\":true,\"valueName\":\"search_term_string\"}}],\"inLanguage\":\"fr-FR\"},{\"@type\":\"Organization\",\"@id\":\"https:\/\/www.mbh.fr\/fr\/#organization\",\"name\":\"mont blanc h\u00e9licopt\u00e8res\",\"url\":\"https:\/\/www.mbh.fr\/fr\/\",\"logo\":{\"@type\":\"ImageObject\",\"inLanguage\":\"fr-FR\",\"@id\":\"https:\/\/www.mbh.fr\/fr\/#\/schema\/logo\/image\/\",\"url\":\"\",\"contentUrl\":\"\",\"caption\":\"mont blanc h\u00e9licopt\u00e8res\"},\"image\":{\"@id\":\"https:\/\/www.mbh.fr\/fr\/#\/schema\/logo\/image\/\"},\"sameAs\":[\"https:\/\/www.facebook.com\/MontBlancHelicopteres\/\",\"https:\/\/x.com\/MBHelicopteres\",\"https:\/\/www.instagram.com\/montblanchelicopteres\/\",\"https:\/\/www.linkedin.com\/company\/715290\/\"]}]}<\/script>\n<!-- \/ Yoast SEO plugin. -->","yoast_head_json":{"title":"LICENCE PILOTE PRIVE - Mont-Blanc H\u00e9licopt\u00e8res","robots":{"index":"index","follow":"follow","max-snippet":"max-snippet:-1","max-image-preview":"max-image-preview:large","max-video-preview":"max-video-preview:-1"},"canonical":"https:\/\/www.mbh.fr\/fr\/services\/formation-pilotage-helicoptere\/licence-pilote-prive\/","og_locale":"fr_FR","og_type":"article","og_title":"LICENCE PILOTE PRIVE - Mont-Blanc H\u00e9licopt\u00e8res","og_description":"[vc_row][vc_column width=\u00a0\u00bb1\/2&Prime;][vc_single_image image=\u00a0\u00bb147&Prime; img_size=\u00a0\u00bblarge\u00a0\u00bb][\/vc_column][vc_column width=\u00a0\u00bb1\/2&Prime;][vc_column_text] Pre Requis 16 ans pour d\u00e9buter une formation PPLH 17 ans pour passer le test pratique PPLH D\u00e9tenir une classe m\u00e9dicale 1 ou 2 Formation Th\u00e9orie &#8211; L&rsquo;examen de connaissances th\u00e9oriques peut \u00eatre pr\u00e9par\u00e9 en auto-apprentissage sur votre propre temps ou par le biais de la formation assist\u00e9e par ordinateur avec 10% du programme th\u00e9orique couvert en salle de classe et pendant les briefings et d\u00e9briefings avant et apr\u00e8s chaque instruction de vol. Instruction de vol (45h) &#8211; 35h de double instruction (ou 29h si le candidat d\u00e9tient un PPL Avion avec au moins 60h de pilotage) et 10h de temps de vol solo supervis\u00e9\u00a0 Tarifs : sur demande Bient\u00f4t [\/vc_column_text][\/vc_column][\/vc_row]","og_url":"https:\/\/www.mbh.fr\/fr\/services\/formation-pilotage-helicoptere\/licence-pilote-prive\/","og_site_name":"Mont-Blanc H\u00e9licopt\u00e8res","article_publisher":"https:\/\/www.facebook.com\/MontBlancHelicopteres\/","article_modified_time":"2018-02-11T19:50:24+00:00","twitter_card":"summary_large_image","twitter_site":"@MBHelicopteres","twitter_misc":{"Dur\u00e9e de lecture estim\u00e9e":"1 minute"},"schema":{"@context":"https:\/\/schema.org","@graph":[{"@type":"WebPage","@id":"https:\/\/www.mbh.fr\/fr\/services\/formation-pilotage-helicoptere\/licence-pilote-prive\/","url":"https:\/\/www.mbh.fr\/fr\/services\/formation-pilotage-helicoptere\/licence-pilote-prive\/","name":"LICENCE PILOTE PRIVE - Mont-Blanc H\u00e9licopt\u00e8res","isPartOf":{"@id":"https:\/\/www.mbh.fr\/fr\/#website"},"datePublished":"2018-01-25T09:27:42+00:00","dateModified":"2018-02-11T19:50:24+00:00","breadcrumb":{"@id":"https:\/\/www.mbh.fr\/fr\/services\/formation-pilotage-helicoptere\/licence-pilote-prive\/#breadcrumb"},"inLanguage":"fr-FR","potentialAction":[{"@type":"ReadAction","target":["https:\/\/www.mbh.fr\/fr\/services\/formation-pilotage-helicoptere\/licence-pilote-prive\/"]}]},{"@type":"BreadcrumbList","@id":"https:\/\/www.mbh.fr\/fr\/services\/formation-pilotage-helicoptere\/licence-pilote-prive\/#breadcrumb","itemListElement":[{"@type":"ListItem","position":1,"name":"Accueil","item":"https:\/\/www.mbh.fr\/fr\/"},{"@type":"ListItem","position":2,"name":"PRESTATIONS","item":"https:\/\/www.mbh.fr\/fr\/services\/"},{"@type":"ListItem","position":3,"name":"Formations au Pilotage d&rsquo;H\u00e9licopt\u00e8re","item":"https:\/\/www.mbh.fr\/fr\/services\/formation-pilotage-helicoptere\/"},{"@type":"ListItem","position":4,"name":"LICENCE PILOTE PRIVE"}]},{"@type":"WebSite","@id":"https:\/\/www.mbh.fr\/fr\/#website","url":"https:\/\/www.mbh.fr\/fr\/","name":"Mont-Blanc H\u00e9licopt\u00e8res","description":"","publisher":{"@id":"https:\/\/www.mbh.fr\/fr\/#organization"},"potentialAction":[{"@type":"SearchAction","target":{"@type":"EntryPoint","urlTemplate":"https:\/\/www.mbh.fr\/fr\/?s={search_term_string}"},"query-input":{"@type":"PropertyValueSpecification","valueRequired":true,"valueName":"search_term_string"}}],"inLanguage":"fr-FR"},{"@type":"Organization","@id":"https:\/\/www.mbh.fr\/fr\/#organization","name":"mont blanc h\u00e9licopt\u00e8res","url":"https:\/\/www.mbh.fr\/fr\/","logo":{"@type":"ImageObject","inLanguage":"fr-FR","@id":"https:\/\/www.mbh.fr\/fr\/#\/schema\/logo\/image\/","url":"","contentUrl":"","caption":"mont blanc h\u00e9licopt\u00e8res"},"image":{"@id":"https:\/\/www.mbh.fr\/fr\/#\/schema\/logo\/image\/"},"sameAs":["https:\/\/www.facebook.com\/MontBlancHelicopteres\/","https:\/\/x.com\/MBHelicopteres","https:\/\/www.instagram.com\/montblanchelicopteres\/","https:\/\/www.linkedin.com\/company\/715290\/"]}]}},"_links":{"self":[{"href":"https:\/\/www.mbh.fr\/fr\/wp-json\/wp\/v2\/pages\/2830","targetHints":{"allow":["GET"]}}],"collection":[{"href":"https:\/\/www.mbh.fr\/fr\/wp-json\/wp\/v2\/pages"}],"about":[{"href":"https:\/\/www.mbh.fr\/fr\/wp-json\/wp\/v2\/types\/page"}],"author":[{"embeddable":true,"href":"https:\/\/www.mbh.fr\/fr\/wp-json\/wp\/v2\/users\/7"}],"replies":[{"embeddable":true,"href":"https:\/\/www.mbh.fr\/fr\/wp-json\/wp\/v2\/comments?post=2830"}],"version-history":[{"count":1,"href":"https:\/\/www.mbh.fr\/fr\/wp-json\/wp\/v2\/pages\/2830\/revisions"}],"predecessor-version":[{"id":2853,"href":"https:\/\/www.mbh.fr\/fr\/wp-json\/wp\/v2\/pages\/2830\/revisions\/2853"}],"up":[{"embeddable":true,"href":"https:\/\/www.mbh.fr\/fr\/wp-json\/wp\/v2\/pages\/2828"}],"wp:attachment":[{"href":"https:\/\/www.mbh.fr\/fr\/wp-json\/wp\/v2\/media?parent=2830"}],"curies":[{"name":"wp","href":"https:\/\/api.w.org\/{rel}","templated":true}]}}