{"id":2836,"date":"2018-01-25T10:31:55","date_gmt":"2018-01-25T09:31:55","guid":{"rendered":"http:\/\/www.mbh.fr\/?page_id=2836"},"modified":"2020-06-02T15:35:09","modified_gmt":"2020-06-02T13:35:09","slug":"secours-en-montagne","status":"publish","type":"page","link":"https:\/\/www.mbh.fr\/fr\/services\/secours\/secours-en-montagne\/","title":{"rendered":"SECOURS EN MONTAGNE"},"content":{"rendered":"<div class=\"wpb-content-wrapper\"><p>[vc_row][vc_column width=\u00a0\u00bb1\/2&Prime;][vc_column_text]<\/p>\n<p id=\"tw-target-text\" class=\"tw-data-text tw-ta tw-text-small\" dir=\"ltr\" data-placeholder=\"Traduction\"><span lang=\"fr\">MBH est depuis 1990 le partenaire \u00abs\u00e9curit\u00e9\u00bb en montagne. <\/span><\/p>\n<p class=\"tw-data-text tw-ta tw-text-small\" dir=\"ltr\" data-placeholder=\"Traduction\"><span lang=\"fr\">En effet, en vertu de la loi n \u00b0 85-30 du 9 janvier 1985, dite \u00abMontagne\u00bb, Mont Blanc H\u00e9licopt\u00e8res assure le secours a\u00e9rien m\u00e9dical \u00e0 la demande des collectivit\u00e9s locales concern\u00e9es. <\/span><\/p>\n<p class=\"tw-data-text tw-ta tw-text-small\" dir=\"ltr\" data-placeholder=\"Traduction\"><span lang=\"fr\">Concr\u00e8tement nos \u00e9quipes, comprenant un m\u00e9decin, interviennent en compl\u00e9ment des services de s\u00e9curit\u00e9 des pistes, afin de traiter et d&rsquo;\u00e9vacuer les victimes des accidents de ski les plus graves vers l&rsquo;\u00e9tablissement m\u00e9dical le plus appropri\u00e9. <\/span><\/p>\n<p class=\"tw-data-text tw-ta tw-text-small\" dir=\"ltr\" data-placeholder=\"Traduction\"><span lang=\"fr\">Nous intervenons \u00e9galement r\u00e9guli\u00e8rement \u00e0 la demande des services de s\u00e9curit\u00e9 des pistes afin de proc\u00e9der \u00e0 la mise en place de plans de d\u00e9clenchement et d&rsquo;intervention en cas d&rsquo;avalanche (PIDA: Plans d&rsquo;Intervention et de D\u00e9clenchement des Avalanches). <\/span><\/p>\n<p class=\"tw-data-text tw-ta tw-text-small\" dir=\"ltr\" data-placeholder=\"Traduction\"><span lang=\"fr\">En effet, dans un contexte de fortes chutes de neige, il convient de d\u00e9gager tous les passages consid\u00e9r\u00e9s comme zone d&rsquo;avalanche. Pour ce faire, certains PIDA pr\u00e9voient de larguer des charges explosives par h\u00e9licopt\u00e8re m\u00eame dans les zones les plus inaccessibles. <\/span><\/p>\n<p class=\"tw-data-text tw-ta tw-text-small\" dir=\"ltr\" data-placeholder=\"Traduction\"><span lang=\"fr\">Dans le cadre des op\u00e9rations de sauvetage sur piste, Mont Blanc H\u00e9licopt\u00e8res a men\u00e9 plus de 50 000 missions de secours en montagne \u00e0 ce jour. <\/span><\/p>\n<p class=\"tw-data-text tw-ta tw-text-small\" dir=\"ltr\" data-placeholder=\"Traduction\"><strong><span lang=\"fr\">Les stations couvertes par un h\u00e9licopt\u00e8re \u00ab\u00a0MBH\u00a0\u00bb pour le sauvetage en montagne sont le domaine skiable des Portes du Soleil et du Grand Massif.<\/span><\/strong><\/p>\n<p>Pour nous contacter :\u00a0<a href=\"http:\/\/www.mbh.fr\/contact\/?lang=fr\">Contact<\/a>[\/vc_column_text]<div class=\"single_image wpb_content_element align-left    \" data-animation=\"none\" data-delay=\"0\"><\/div><div class=\"single_image wpb_content_element align-left    \" data-animation=\"none\" data-delay=\"0\"><\/div><div class=\"single_image wpb_content_element align-left    \" data-animation=\"none\" data-delay=\"0\"><\/div>[\/vc_column][vc_column width=\u00a0\u00bb1\/2&Prime;]<div class=\"single_image wpb_content_element align-left    \" data-animation=\"none\" data-delay=\"0\"><img loading=\"lazy\" decoding=\"async\" width=\"1333\" height=\"2000\" src=\"https:\/\/www.mbh.fr\/wp-content\/uploads\/2020\/03\/alt-helicoptere-avoriaz-secours-montagne-piste-ski-scaled.jpg\" class=\"attachment-full\" alt=\"H\u00e9licopt\u00e8re Avoriaz secours en montagne\" title=\"\u00a9MATTHIEU_VITR\u00c9_MBH_2018_SELECTION_SITE\" \/><\/div><div class=\"single_image wpb_content_element align-left    \" data-animation=\"none\" data-delay=\"0\"><\/div><div class=\"single_image wpb_content_element align-left    \" data-animation=\"none\" data-delay=\"0\"><\/div><div class=\"single_image wpb_content_element align-left    \" data-animation=\"none\" data-delay=\"0\"><\/div><div class=\"single_image wpb_content_element align-left    \" data-animation=\"none\" data-delay=\"0\"><\/div><div class=\"single_image wpb_content_element align-left    \" data-animation=\"none\" data-delay=\"0\"><\/div>[vc_column_text]\u00a9 Photos Matthieu Vitr\u00e9[\/vc_column_text][\/vc_column][\/vc_row]<\/p>\n<\/div>","protected":false},"excerpt":{"rendered":"<p>[vc_row][vc_column width=\u00a0\u00bb1\/2&Prime;][vc_column_text] MBH est depuis 1990 le partenaire \u00abs\u00e9curit\u00e9\u00bb en montagne. En effet, en vertu de la loi n \u00b0 85-30 du 9 janvier 1985, dite \u00abMontagne\u00bb, Mont Blanc H\u00e9licopt\u00e8res assure le secours a\u00e9rien m\u00e9dical \u00e0 la demande des collectivit\u00e9s locales concern\u00e9es. Concr\u00e8tement nos \u00e9quipes, comprenant un m\u00e9decin, interviennent en compl\u00e9ment des services de s\u00e9curit\u00e9 des pistes, afin de traiter et d&rsquo;\u00e9vacuer les victimes des accidents de ski les plus graves vers l&rsquo;\u00e9tablissement m\u00e9dical le plus appropri\u00e9. Nous intervenons \u00e9galement r\u00e9guli\u00e8rement \u00e0 la demande des services de s\u00e9curit\u00e9 des pistes afin de proc\u00e9der \u00e0 la mise en place de plans de d\u00e9clenchement et d&rsquo;intervention en cas d&rsquo;avalanche (PIDA: Plans d&rsquo;Intervention et de D\u00e9clenchement des Avalanches). En effet, dans un contexte de fortes chutes de neige, il convient de d\u00e9gager tous les passages consid\u00e9r\u00e9s comme zone d&rsquo;avalanche. Pour ce faire, certains PIDA pr\u00e9voient de larguer des charges explosives par h\u00e9licopt\u00e8re m\u00eame dans les zones les plus inaccessibles. Dans le cadre des op\u00e9rations de sauvetage sur piste, Mont Blanc H\u00e9licopt\u00e8res a men\u00e9 plus de 50 000 missions de secours en montagne \u00e0 ce jour. Les stations couvertes par un h\u00e9licopt\u00e8re \u00ab\u00a0MBH\u00a0\u00bb pour le sauvetage en montagne sont le domaine skiable des Portes [&hellip;]<\/p>\n","protected":false},"author":7,"featured_media":0,"parent":2834,"menu_order":0,"comment_status":"closed","ping_status":"closed","template":"","meta":{"_acf_changed":false,"footnotes":""},"class_list":["post-2836","page","type-page","status-publish","hentry"],"acf":[],"yoast_head":"<!-- This site is optimized with the Yoast SEO plugin v26.9 - https:\/\/yoast.com\/product\/yoast-seo-wordpress\/ -->\n<title>SECOURS EN MONTAGNE - Mont-Blanc H\u00e9licopt\u00e8res<\/title>\n<meta name=\"robots\" content=\"index, follow, max-snippet:-1, max-image-preview:large, max-video-preview:-1\" \/>\n<link rel=\"canonical\" href=\"https:\/\/www.mbh.fr\/fr\/services\/secours\/secours-en-montagne\/\" \/>\n<meta property=\"og:locale\" content=\"fr_FR\" \/>\n<meta property=\"og:type\" content=\"article\" \/>\n<meta property=\"og:title\" content=\"SECOURS EN MONTAGNE - Mont-Blanc H\u00e9licopt\u00e8res\" \/>\n<meta property=\"og:description\" content=\"[vc_row][vc_column width=\u00a0\u00bb1\/2&Prime;][vc_column_text] MBH est depuis 1990 le partenaire \u00abs\u00e9curit\u00e9\u00bb en montagne. En effet, en vertu de la loi n \u00b0 85-30 du 9 janvier 1985, dite \u00abMontagne\u00bb, Mont Blanc H\u00e9licopt\u00e8res assure le secours a\u00e9rien m\u00e9dical \u00e0 la demande des collectivit\u00e9s locales concern\u00e9es. Concr\u00e8tement nos \u00e9quipes, comprenant un m\u00e9decin, interviennent en compl\u00e9ment des services de s\u00e9curit\u00e9 des pistes, afin de traiter et d&rsquo;\u00e9vacuer les victimes des accidents de ski les plus graves vers l&rsquo;\u00e9tablissement m\u00e9dical le plus appropri\u00e9. Nous intervenons \u00e9galement r\u00e9guli\u00e8rement \u00e0 la demande des services de s\u00e9curit\u00e9 des pistes afin de proc\u00e9der \u00e0 la mise en place de plans de d\u00e9clenchement et d&rsquo;intervention en cas d&rsquo;avalanche (PIDA: Plans d&rsquo;Intervention et de D\u00e9clenchement des Avalanches). En effet, dans un contexte de fortes chutes de neige, il convient de d\u00e9gager tous les passages consid\u00e9r\u00e9s comme zone d&rsquo;avalanche. Pour ce faire, certains PIDA pr\u00e9voient de larguer des charges explosives par h\u00e9licopt\u00e8re m\u00eame dans les zones les plus inaccessibles. Dans le cadre des op\u00e9rations de sauvetage sur piste, Mont Blanc H\u00e9licopt\u00e8res a men\u00e9 plus de 50 000 missions de secours en montagne \u00e0 ce jour. Les stations couvertes par un h\u00e9licopt\u00e8re \u00ab\u00a0MBH\u00a0\u00bb pour le sauvetage en montagne sont le domaine skiable des Portes [&hellip;]\" \/>\n<meta property=\"og:url\" content=\"https:\/\/www.mbh.fr\/fr\/services\/secours\/secours-en-montagne\/\" \/>\n<meta property=\"og:site_name\" content=\"Mont-Blanc H\u00e9licopt\u00e8res\" \/>\n<meta property=\"article:publisher\" content=\"https:\/\/www.facebook.com\/MontBlancHelicopteres\/\" \/>\n<meta property=\"article:modified_time\" content=\"2020-06-02T13:35:09+00:00\" \/>\n<meta name=\"twitter:card\" content=\"summary_large_image\" \/>\n<meta name=\"twitter:site\" content=\"@MBHelicopteres\" \/>\n<meta name=\"twitter:label1\" content=\"Dur\u00e9e de lecture estim\u00e9e\" \/>\n\t<meta name=\"twitter:data1\" content=\"1 minute\" \/>\n<script type=\"application\/ld+json\" class=\"yoast-schema-graph\">{\"@context\":\"https:\/\/schema.org\",\"@graph\":[{\"@type\":\"WebPage\",\"@id\":\"https:\/\/www.mbh.fr\/fr\/services\/secours\/secours-en-montagne\/\",\"url\":\"https:\/\/www.mbh.fr\/fr\/services\/secours\/secours-en-montagne\/\",\"name\":\"SECOURS EN MONTAGNE - Mont-Blanc H\u00e9licopt\u00e8res\",\"isPartOf\":{\"@id\":\"https:\/\/www.mbh.fr\/fr\/#website\"},\"datePublished\":\"2018-01-25T09:31:55+00:00\",\"dateModified\":\"2020-06-02T13:35:09+00:00\",\"breadcrumb\":{\"@id\":\"https:\/\/www.mbh.fr\/fr\/services\/secours\/secours-en-montagne\/#breadcrumb\"},\"inLanguage\":\"fr-FR\",\"potentialAction\":[{\"@type\":\"ReadAction\",\"target\":[\"https:\/\/www.mbh.fr\/fr\/services\/secours\/secours-en-montagne\/\"]}]},{\"@type\":\"BreadcrumbList\",\"@id\":\"https:\/\/www.mbh.fr\/fr\/services\/secours\/secours-en-montagne\/#breadcrumb\",\"itemListElement\":[{\"@type\":\"ListItem\",\"position\":1,\"name\":\"Accueil\",\"item\":\"https:\/\/www.mbh.fr\/fr\/\"},{\"@type\":\"ListItem\",\"position\":2,\"name\":\"PRESTATIONS\",\"item\":\"https:\/\/www.mbh.fr\/fr\/services\/\"},{\"@type\":\"ListItem\",\"position\":3,\"name\":\"SECOURS\",\"item\":\"https:\/\/www.mbh.fr\/fr\/services\/secours\/\"},{\"@type\":\"ListItem\",\"position\":4,\"name\":\"SECOURS EN MONTAGNE\"}]},{\"@type\":\"WebSite\",\"@id\":\"https:\/\/www.mbh.fr\/fr\/#website\",\"url\":\"https:\/\/www.mbh.fr\/fr\/\",\"name\":\"Mont-Blanc H\u00e9licopt\u00e8res\",\"description\":\"\",\"publisher\":{\"@id\":\"https:\/\/www.mbh.fr\/fr\/#organization\"},\"potentialAction\":[{\"@type\":\"SearchAction\",\"target\":{\"@type\":\"EntryPoint\",\"urlTemplate\":\"https:\/\/www.mbh.fr\/fr\/?s={search_term_string}\"},\"query-input\":{\"@type\":\"PropertyValueSpecification\",\"valueRequired\":true,\"valueName\":\"search_term_string\"}}],\"inLanguage\":\"fr-FR\"},{\"@type\":\"Organization\",\"@id\":\"https:\/\/www.mbh.fr\/fr\/#organization\",\"name\":\"mont blanc h\u00e9licopt\u00e8res\",\"url\":\"https:\/\/www.mbh.fr\/fr\/\",\"logo\":{\"@type\":\"ImageObject\",\"inLanguage\":\"fr-FR\",\"@id\":\"https:\/\/www.mbh.fr\/fr\/#\/schema\/logo\/image\/\",\"url\":\"\",\"contentUrl\":\"\",\"caption\":\"mont blanc h\u00e9licopt\u00e8res\"},\"image\":{\"@id\":\"https:\/\/www.mbh.fr\/fr\/#\/schema\/logo\/image\/\"},\"sameAs\":[\"https:\/\/www.facebook.com\/MontBlancHelicopteres\/\",\"https:\/\/x.com\/MBHelicopteres\",\"https:\/\/www.instagram.com\/montblanchelicopteres\/\",\"https:\/\/www.linkedin.com\/company\/715290\/\"]}]}<\/script>\n<!-- \/ Yoast SEO plugin. -->","yoast_head_json":{"title":"SECOURS EN MONTAGNE - Mont-Blanc H\u00e9licopt\u00e8res","robots":{"index":"index","follow":"follow","max-snippet":"max-snippet:-1","max-image-preview":"max-image-preview:large","max-video-preview":"max-video-preview:-1"},"canonical":"https:\/\/www.mbh.fr\/fr\/services\/secours\/secours-en-montagne\/","og_locale":"fr_FR","og_type":"article","og_title":"SECOURS EN MONTAGNE - Mont-Blanc H\u00e9licopt\u00e8res","og_description":"[vc_row][vc_column width=\u00a0\u00bb1\/2&Prime;][vc_column_text] MBH est depuis 1990 le partenaire \u00abs\u00e9curit\u00e9\u00bb en montagne. En effet, en vertu de la loi n \u00b0 85-30 du 9 janvier 1985, dite \u00abMontagne\u00bb, Mont Blanc H\u00e9licopt\u00e8res assure le secours a\u00e9rien m\u00e9dical \u00e0 la demande des collectivit\u00e9s locales concern\u00e9es. Concr\u00e8tement nos \u00e9quipes, comprenant un m\u00e9decin, interviennent en compl\u00e9ment des services de s\u00e9curit\u00e9 des pistes, afin de traiter et d&rsquo;\u00e9vacuer les victimes des accidents de ski les plus graves vers l&rsquo;\u00e9tablissement m\u00e9dical le plus appropri\u00e9. Nous intervenons \u00e9galement r\u00e9guli\u00e8rement \u00e0 la demande des services de s\u00e9curit\u00e9 des pistes afin de proc\u00e9der \u00e0 la mise en place de plans de d\u00e9clenchement et d&rsquo;intervention en cas d&rsquo;avalanche (PIDA: Plans d&rsquo;Intervention et de D\u00e9clenchement des Avalanches). En effet, dans un contexte de fortes chutes de neige, il convient de d\u00e9gager tous les passages consid\u00e9r\u00e9s comme zone d&rsquo;avalanche. Pour ce faire, certains PIDA pr\u00e9voient de larguer des charges explosives par h\u00e9licopt\u00e8re m\u00eame dans les zones les plus inaccessibles. Dans le cadre des op\u00e9rations de sauvetage sur piste, Mont Blanc H\u00e9licopt\u00e8res a men\u00e9 plus de 50 000 missions de secours en montagne \u00e0 ce jour. Les stations couvertes par un h\u00e9licopt\u00e8re \u00ab\u00a0MBH\u00a0\u00bb pour le sauvetage en montagne sont le domaine skiable des Portes [&hellip;]","og_url":"https:\/\/www.mbh.fr\/fr\/services\/secours\/secours-en-montagne\/","og_site_name":"Mont-Blanc H\u00e9licopt\u00e8res","article_publisher":"https:\/\/www.facebook.com\/MontBlancHelicopteres\/","article_modified_time":"2020-06-02T13:35:09+00:00","twitter_card":"summary_large_image","twitter_site":"@MBHelicopteres","twitter_misc":{"Dur\u00e9e de lecture estim\u00e9e":"1 minute"},"schema":{"@context":"https:\/\/schema.org","@graph":[{"@type":"WebPage","@id":"https:\/\/www.mbh.fr\/fr\/services\/secours\/secours-en-montagne\/","url":"https:\/\/www.mbh.fr\/fr\/services\/secours\/secours-en-montagne\/","name":"SECOURS EN MONTAGNE - Mont-Blanc H\u00e9licopt\u00e8res","isPartOf":{"@id":"https:\/\/www.mbh.fr\/fr\/#website"},"datePublished":"2018-01-25T09:31:55+00:00","dateModified":"2020-06-02T13:35:09+00:00","breadcrumb":{"@id":"https:\/\/www.mbh.fr\/fr\/services\/secours\/secours-en-montagne\/#breadcrumb"},"inLanguage":"fr-FR","potentialAction":[{"@type":"ReadAction","target":["https:\/\/www.mbh.fr\/fr\/services\/secours\/secours-en-montagne\/"]}]},{"@type":"BreadcrumbList","@id":"https:\/\/www.mbh.fr\/fr\/services\/secours\/secours-en-montagne\/#breadcrumb","itemListElement":[{"@type":"ListItem","position":1,"name":"Accueil","item":"https:\/\/www.mbh.fr\/fr\/"},{"@type":"ListItem","position":2,"name":"PRESTATIONS","item":"https:\/\/www.mbh.fr\/fr\/services\/"},{"@type":"ListItem","position":3,"name":"SECOURS","item":"https:\/\/www.mbh.fr\/fr\/services\/secours\/"},{"@type":"ListItem","position":4,"name":"SECOURS EN MONTAGNE"}]},{"@type":"WebSite","@id":"https:\/\/www.mbh.fr\/fr\/#website","url":"https:\/\/www.mbh.fr\/fr\/","name":"Mont-Blanc H\u00e9licopt\u00e8res","description":"","publisher":{"@id":"https:\/\/www.mbh.fr\/fr\/#organization"},"potentialAction":[{"@type":"SearchAction","target":{"@type":"EntryPoint","urlTemplate":"https:\/\/www.mbh.fr\/fr\/?s={search_term_string}"},"query-input":{"@type":"PropertyValueSpecification","valueRequired":true,"valueName":"search_term_string"}}],"inLanguage":"fr-FR"},{"@type":"Organization","@id":"https:\/\/www.mbh.fr\/fr\/#organization","name":"mont blanc h\u00e9licopt\u00e8res","url":"https:\/\/www.mbh.fr\/fr\/","logo":{"@type":"ImageObject","inLanguage":"fr-FR","@id":"https:\/\/www.mbh.fr\/fr\/#\/schema\/logo\/image\/","url":"","contentUrl":"","caption":"mont blanc h\u00e9licopt\u00e8res"},"image":{"@id":"https:\/\/www.mbh.fr\/fr\/#\/schema\/logo\/image\/"},"sameAs":["https:\/\/www.facebook.com\/MontBlancHelicopteres\/","https:\/\/x.com\/MBHelicopteres","https:\/\/www.instagram.com\/montblanchelicopteres\/","https:\/\/www.linkedin.com\/company\/715290\/"]}]}},"_links":{"self":[{"href":"https:\/\/www.mbh.fr\/fr\/wp-json\/wp\/v2\/pages\/2836","targetHints":{"allow":["GET"]}}],"collection":[{"href":"https:\/\/www.mbh.fr\/fr\/wp-json\/wp\/v2\/pages"}],"about":[{"href":"https:\/\/www.mbh.fr\/fr\/wp-json\/wp\/v2\/types\/page"}],"author":[{"embeddable":true,"href":"https:\/\/www.mbh.fr\/fr\/wp-json\/wp\/v2\/users\/7"}],"replies":[{"embeddable":true,"href":"https:\/\/www.mbh.fr\/fr\/wp-json\/wp\/v2\/comments?post=2836"}],"version-history":[{"count":1,"href":"https:\/\/www.mbh.fr\/fr\/wp-json\/wp\/v2\/pages\/2836\/revisions"}],"predecessor-version":[{"id":7637,"href":"https:\/\/www.mbh.fr\/fr\/wp-json\/wp\/v2\/pages\/2836\/revisions\/7637"}],"up":[{"embeddable":true,"href":"https:\/\/www.mbh.fr\/fr\/wp-json\/wp\/v2\/pages\/2834"}],"wp:attachment":[{"href":"https:\/\/www.mbh.fr\/fr\/wp-json\/wp\/v2\/media?parent=2836"}],"curies":[{"name":"wp","href":"https:\/\/api.w.org\/{rel}","templated":true}]}}