{"id":2860,"date":"2018-01-25T10:36:48","date_gmt":"2018-01-25T09:36:48","guid":{"rendered":"http:\/\/www.mbh.fr\/?page_id=2860"},"modified":"2025-10-13T14:18:38","modified_gmt":"2025-10-13T12:18:38","slug":"flotte","status":"publish","type":"page","link":"https:\/\/www.mbh.fr\/fr\/flotte\/","title":{"rendered":"FLOTTE"},"content":{"rendered":"<div class=\"wpb-content-wrapper\"><p>[vc_row][vc_column width=\u00a0\u00bb1\/1&Prime;][vc_column_text]<\/p>\n<h2 style=\"text-align: center;\">NOTRE FLOTTE H\u00c9LICOPT\u00c8RES<\/h2>\n<h4 style=\"text-align: center;\">NOUS DISPOSONS DE 30 H\u00c9LICOPT\u00c8RES MONO ET BITURBINES DE DERNI\u00c8RES G\u00c9N\u00c9RATIONS.<\/h4>\n<p style=\"text-align: center;\">Tous ces appareils sont d\u00e9ploy\u00e9s sur l&rsquo;ensemble de nos bases, afin de r\u00e9pondre au mieux \u00e0 tous les besoins. Pouvant accueillir entre 3 et 6 passagers, ils sont entretenus par des m\u00e9caniciens exp\u00e9riment\u00e9s de nos ateliers de maintenance. La grande diversit\u00e9 de notre flotte nous permet de vous proposer un appareil adapt\u00e9 \u00e0 chaque type de vol : transport de passagers, cours de pilotage, travail a\u00e9rien, transport sanitaire, lutte contre les feux de for\u00eat&#8230;<\/p>\n<p>[\/vc_column_text][vc_single_image image=\u00a0\u00bb232&Prime; img_size=\u00a0\u00bbfull\u00a0\u00bb alignment=\u00a0\u00bbcenter\u00a0\u00bb style=\u00a0\u00bbvc_box_circle_2&Prime;][vc_row_inner][vc_column_inner width=\u00a0\u00bb1\/3&Prime;][vc_column_text]<\/p>\n<h3 style=\"text-align: center;\"><strong>H125<\/strong><\/h3>\n<p>[\/vc_column_text][vc_hoverbox image=\u00a0\u00bb10047&Prime; primary_title=\u00a0\u00bb\u00a0\u00bb hover_title=\u00a0\u00bbSp\u00e9cificit\u00e9s\u00a0\u00bb]<strong>Mod\u00e8le<\/strong> : H125<br \/>\n<strong>Moteur<\/strong> : Mono-moteur<br \/>\n<strong>Vitesse maximale<\/strong> : 220 km\/h<br \/>\n<strong>Autonomie<\/strong> : 550 km<br \/>\n<strong>Nombre de passagers<\/strong> : 5<br \/>\n<strong>Site web du constructeur : <a href=\"https:\/\/www.airbus.com\/en\/products-services\/helicopters\/civil-helicopters\/h125\">Consulter<\/a><\/strong><br \/>\n<strong>Fiche technique compl\u00e8te : <a href=\"https:\/\/www.mbh.fr\/wp-content\/uploads\/2020\/01\/Fiche_AS350.pdf\" target=\"_blank\" rel=\"noopener noreferrer\">Consulter<\/a><\/strong><\/p>\n<p>[\/vc_hoverbox][\/vc_column_inner][vc_column_inner width=\u00a0\u00bb1\/3&Prime;][vc_column_text]<\/p>\n<h3 style=\"text-align: center;\"><strong>AS355<\/strong><\/h3>\n<p>[\/vc_column_text][vc_hoverbox image=\u00a0\u00bb6546&Prime; primary_title=\u00a0\u00bb\u00a0\u00bb hover_title=\u00a0\u00bbSp\u00e9cificit\u00e9s\u00a0\u00bb]<strong>Mod\u00e8le<\/strong> : AS355 N<br \/>\n<strong>Moteur<\/strong> : Bimoteur<br \/>\n<strong>Vitesse maximale<\/strong> : 220 km\/h<br \/>\n<strong>Autonomie<\/strong> : 550 km<br \/>\n<strong>Nombre de passagers<\/strong> : 5<br \/>\n<strong>Site web du constructeur : <a href=\"https:\/\/www.airbus.com\/en\/products-services\/helicopters\/civil-helicopters\/h125\">Consulter<\/a><\/strong><br \/>\n<strong>Fiche technique compl\u00e8te : <a href=\"https:\/\/www.mbh.fr\/wp-content\/uploads\/2020\/01\/Fiche_AS355-N.pdf\" target=\"_blank\" rel=\"noopener noreferrer\">Consulter<\/a><\/strong><\/p>\n<p>&nbsp;<\/p>\n<p>[\/vc_hoverbox][\/vc_column_inner][vc_column_inner width=\u00a0\u00bb1\/3&Prime;][vc_column_text]<\/p>\n<h3 style=\"text-align: center;\"><strong>AS365<\/strong><\/h3>\n<p>[\/vc_column_text][vc_hoverbox image=\u00a0\u00bb6619&Prime; primary_title=\u00a0\u00bb\u00a0\u00bb hover_title=\u00a0\u00bbSp\u00e9cificit\u00e9s\u00a0\u00bb]<strong>Mod\u00e8le<\/strong> : AS365<br \/>\n<strong>Moteur<\/strong> : Bimoteur<br \/>\n<strong>Vitesse maximale<\/strong> : 250 km\/h<br \/>\n<strong>Autonomie<\/strong> : 625 km<br \/>\n<strong>Nombre de passagers<\/strong> : 7<br \/>\n<strong>Site web du constructeur : <\/strong><a href=\"https:\/\/www.airbus.com\/en\/products-services\/helicopters\/civil-helicopters\/h155\"><strong>Consulter<\/strong><\/a><br \/>\n<strong style=\"visibility: hidden;\">o<\/strong>[\/vc_hoverbox][\/vc_column_inner][\/vc_row_inner][vc_row_inner][vc_column_inner width=\u00a0\u00bb1\/2&Prime;][vc_column_text]<\/p>\n<h3 style=\"text-align: center;\"><strong>H135<\/strong><\/h3>\n<p>[\/vc_column_text][vc_hoverbox image=\u00a0\u00bb8121&Prime; primary_title=\u00a0\u00bb\u00a0\u00bb hover_title=\u00a0\u00bbSp\u00e9cificit\u00e9s\u00a0\u00bb]<strong>Mod\u00e8le<\/strong> : H135<br \/>\n<strong>Moteur<\/strong> : Bimoteur<br \/>\n<strong>Vitesse maximale<\/strong> : 240 km\/h<br \/>\n<strong>Autonomie<\/strong> : 600 km<br \/>\n<strong>Nombre de passagers<\/strong> : 6<br \/>\n<strong>Site web du constructeur :<a href=\"https:\/\/www.airbus.com\/en\/products-services\/helicopters\/civil-helicopters\/h135\">Consulter<\/a><\/strong><br \/>\n<strong>Fiche technique compl\u00e8te : <a href=\"https:\/\/www.mbh.fr\/wp-content\/uploads\/2020\/01\/Fiche_EC135.pdf\">Consulter<\/a><\/strong><\/p>\n<p>[\/vc_hoverbox][\/vc_column_inner][vc_column_inner width=\u00a0\u00bb1\/2&Prime;][vc_column_text]<\/p>\n<h3 style=\"text-align: center;\"><strong>H145<\/strong><\/h3>\n<p>[\/vc_column_text][vc_hoverbox image=\u00a0\u00bb14400&Prime; primary_title=\u00a0\u00bb\u00a0\u00bb hover_title=\u00a0\u00bbSp\u00e9cificit\u00e9s\u00a0\u00bb]<strong>Mod\u00e8le<\/strong> : H145<br \/>\n<strong>Moteur<\/strong> : Bimoteur<br \/>\n<strong>Vitesse maximale<\/strong> : 240 km\/h<br \/>\n<strong>Autonomie<\/strong> : 650 km<br \/>\n<strong>Nombre de passagers<\/strong> : jusqu&rsquo;\u00e0 10<br \/>\n<strong>Site web du constructeur :<a href=\"https:\/\/www.airbus.com\/en\/products-services\/helicopters\/civil-helicopters\/h145\">Consulter<\/a><\/strong>[\/vc_hoverbox][\/vc_column_inner][\/vc_row_inner][\/vc_column][\/vc_row][vc_row top_padding=\u00a0\u00bb35&Prime; bottom_padding=\u00a0\u00bb35&Prime;][vc_column width=\u00a0\u00bb1\/2&Prime;][vc_column_text]<\/p>\n<p style=\"text-align: center;\"><strong>Documents Techniques Airbus<\/strong><br \/>\n<em>Civil Range<\/em><\/p>\n<p>[\/vc_column_text][vc_btn title=\u00a0\u00bbConsulter\u00a0\u00bb color=\u00a0\u00bbblack\u00a0\u00bb size=\u00a0\u00bblg\u00a0\u00bb align=\u00a0\u00bbcenter\u00a0\u00bb link=\u00a0\u00bburl:http%3A%2F%2Fwww.mbh.fr%2Fwp-content%2Fuploads%2F2017%2F12%2Fairbus-comparaison.pdf||target:%20_blank|\u00a0\u00bb][\/vc_column][vc_column width=\u00a0\u00bb1\/2&Prime;][vc_column_text]<\/p>\n<p style=\"text-align: center;\"><strong>Documents Techniques Airbus<\/strong><br \/>\n<em>Private and Business<\/em><\/p>\n<p>[\/vc_column_text][vc_btn title=\u00a0\u00bbConsulter\u00a0\u00bb color=\u00a0\u00bbblack\u00a0\u00bb size=\u00a0\u00bblg\u00a0\u00bb align=\u00a0\u00bbcenter\u00a0\u00bb link=\u00a0\u00bburl:http%3A%2F%2Fwww.mbh.fr%2Fwp-content%2Fuploads%2F2017%2F12%2Fairbus-comparaison2.pdf||target:%20_blank|\u00a0\u00bb][\/vc_column][\/vc_row][vc_row][vc_column width=\u00a0\u00bb1\/1&Prime;][vc_single_image image=\u00a0\u00bb235&Prime; img_size=\u00a0\u00bbfull\u00a0\u00bb alignment=\u00a0\u00bbcenter\u00a0\u00bb style=\u00a0\u00bbvc_box_circle_2&Prime;][\/vc_column][\/vc_row][vc_row][vc_column width=\u00a0\u00bb1\/1&Prime;][vc_row_inner][vc_column_inner width=\u00a0\u00bb1\/3&Prime;][vc_column_text]<\/p>\n<h3 style=\"text-align: center;\"><strong>R22<\/strong><\/h3>\n<p>[\/vc_column_text][vc_hoverbox image=\u00a0\u00bb6565&Prime; primary_title=\u00a0\u00bb\u00a0\u00bb hover_title=\u00a0\u00bbSp\u00e9cificit\u00e9s\u00a0\u00bb]<strong>Mod\u00e8le<\/strong> : R22 Beta II<br \/>\n<strong>Moteur<\/strong> : Mono-moteur<br \/>\n<strong>Vitesse maximale<\/strong> : 150 km\/h<br \/>\n<strong>Autonomie<\/strong> : 375 km<br \/>\n<strong>Nombre de passagers<\/strong> : 1<br \/>\n<strong>Site web du constructeur : <a href=\"https:\/\/robinsonheli.com\/r22-beta-ii-helicopter\/\">Consulter<\/a><\/strong><\/p>\n<p>[\/vc_hoverbox][\/vc_column_inner][vc_column_inner width=\u00a0\u00bb1\/3&Prime;][vc_column_text]<\/p>\n<h3 style=\"text-align: center;\"><strong>R44<\/strong><\/h3>\n<p>[\/vc_column_text][vc_hoverbox image=\u00a0\u00bb8118&Prime; primary_title=\u00a0\u00bb\u00a0\u00bb hover_title=\u00a0\u00bbSp\u00e9cificit\u00e9s\u00a0\u00bb]<strong>Mod\u00e8le<\/strong> : R44 Raven II<br \/>\n<strong>Moteur<\/strong> : Mono-moteur<br \/>\n<strong>Vitesse maximale<\/strong> : 200 km\/h<br \/>\n<strong>Autonomie<\/strong> : 500 km<br \/>\n<strong>Nombre de passagers<\/strong> : 3<br \/>\n<strong>Site web du constructeur : <a href=\"https:\/\/robinsonheli.com\/r44-raven-ii-clipper-ii-helicopters\/\">Consulter<\/a><\/strong>[\/vc_hoverbox][\/vc_column_inner][vc_column_inner width=\u00a0\u00bb1\/3&Prime;][\/vc_column_inner][\/vc_row_inner][vc_single_image image=\u00a0\u00bb9217&Prime; img_size=\u00a0\u00bbfull\u00a0\u00bb alignment=\u00a0\u00bbcenter\u00a0\u00bb style=\u00a0\u00bbvc_box_shadow\u00a0\u00bb][vc_row_inner][vc_column_inner width=\u00a0\u00bb1\/3&Prime;][vc_column_text]<\/p>\n<h3 style=\"text-align: center;\"><strong>Cabri G2<\/strong><\/h3>\n<p>[\/vc_column_text][vc_hoverbox image=\u00a0\u00bb9204&Prime; primary_title=\u00a0\u00bb\u00a0\u00bb hover_title=\u00a0\u00bbSp\u00e9cificit\u00e9s\u00a0\u00bb]<strong>Mod\u00e8le<\/strong> : Cabri G2<br \/>\n<strong>Moteur<\/strong> : Mono-moteur<br \/>\n<strong>Vitesse maximale<\/strong> : 185\u00a0km\/h<br \/>\n<strong>Autonomie<\/strong> : 700\u00a0km<br \/>\n<strong>Equipage<\/strong>\u00a0: 1 passager et 1 pilote<br \/>\n<strong>Site web du constructeur : <a href=\"https:\/\/www.guimbal.com\/\">Consulter<\/a><\/strong>[\/vc_hoverbox][\/vc_column_inner][vc_column_inner width=\u00a0\u00bb1\/3&Prime;][\/vc_column_inner][\/vc_row_inner][\/vc_column][\/vc_row][vc_row top_padding=\u00a0\u00bb35&Prime; bottom_padding=\u00a0\u00bb35&Prime;][vc_column width=\u00a0\u00bb1\/1&Prime;]<div class=\"newdivider align-center\" style=\"border-bottom-style: solid; border-color: #f8f8f8; border-bottom-width: 1px; margin-top: 0; margin-bottom: 0; width: 50%; \"><\/div><div class=\"clear\"><\/div>[\/vc_column][\/vc_row]<\/p>\n<\/div>","protected":false},"excerpt":{"rendered":"<p>[vc_row][vc_column width=\u00a0\u00bb1\/1&Prime;][vc_column_text] NOTRE FLOTTE H\u00c9LICOPT\u00c8RES NOUS DISPOSONS DE 30 H\u00c9LICOPT\u00c8RES MONO ET BITURBINES DE DERNI\u00c8RES G\u00c9N\u00c9RATIONS. Tous ces appareils sont d\u00e9ploy\u00e9s sur l&rsquo;ensemble de nos bases, afin de r\u00e9pondre au mieux \u00e0 tous les besoins. Pouvant accueillir entre 3 et 6 passagers, ils sont entretenus par des m\u00e9caniciens exp\u00e9riment\u00e9s de nos ateliers de maintenance. La grande diversit\u00e9 de notre flotte nous permet de vous proposer un appareil adapt\u00e9 \u00e0 chaque type de vol : transport de passagers, cours de pilotage, travail a\u00e9rien, transport sanitaire, lutte contre les feux de for\u00eat&#8230; [\/vc_column_text][vc_single_image image=\u00a0\u00bb232&Prime; img_size=\u00a0\u00bbfull\u00a0\u00bb alignment=\u00a0\u00bbcenter\u00a0\u00bb style=\u00a0\u00bbvc_box_circle_2&Prime;][vc_row_inner][vc_column_inner width=\u00a0\u00bb1\/3&Prime;][vc_column_text] H125 [\/vc_column_text][vc_hoverbox image=\u00a0\u00bb10047&Prime; primary_title=\u00a0\u00bb\u00a0\u00bb hover_title=\u00a0\u00bbSp\u00e9cificit\u00e9s\u00a0\u00bb]Mod\u00e8le : H125 Moteur : Mono-moteur Vitesse maximale : 220 km\/h Autonomie : 550 km Nombre de passagers : 5 Site web du constructeur : Consulter Fiche technique compl\u00e8te : Consulter [\/vc_hoverbox][\/vc_column_inner][vc_column_inner width=\u00a0\u00bb1\/3&Prime;][vc_column_text] AS355 [\/vc_column_text][vc_hoverbox image=\u00a0\u00bb6546&Prime; primary_title=\u00a0\u00bb\u00a0\u00bb hover_title=\u00a0\u00bbSp\u00e9cificit\u00e9s\u00a0\u00bb]Mod\u00e8le : AS355 N Moteur : Bimoteur Vitesse maximale : 220 km\/h Autonomie : 550 km Nombre de passagers : 5 Site web du constructeur : Consulter Fiche technique compl\u00e8te : Consulter &nbsp; [\/vc_hoverbox][\/vc_column_inner][vc_column_inner width=\u00a0\u00bb1\/3&Prime;][vc_column_text] AS365 [\/vc_column_text][vc_hoverbox image=\u00a0\u00bb6619&Prime; primary_title=\u00a0\u00bb\u00a0\u00bb hover_title=\u00a0\u00bbSp\u00e9cificit\u00e9s\u00a0\u00bb]Mod\u00e8le : AS365 Moteur : Bimoteur Vitesse maximale : 250 km\/h Autonomie : 625 km Nombre de passagers : 7 Site web du constructeur [&hellip;]<\/p>\n","protected":false},"author":7,"featured_media":0,"parent":0,"menu_order":30,"comment_status":"closed","ping_status":"closed","template":"","meta":{"_acf_changed":false,"footnotes":""},"class_list":["post-2860","page","type-page","status-publish","hentry"],"acf":[],"yoast_head":"<!-- This site is optimized with the Yoast SEO plugin v26.9 - https:\/\/yoast.com\/product\/yoast-seo-wordpress\/ -->\n<title>Notre Flotte H\u00e9licopt\u00e8res - Mont-Blanc H\u00e9licopt\u00e8res<\/title>\n<meta name=\"description\" content=\"Nous disposons de 30 h\u00e9licopt\u00e8res mono et biturbines de serni\u00e8res g\u00e9n\u00e9rations.Toutes ces machines sont d\u00e9ploy\u00e9es sur l&#039;ensemble de nos bases.\" \/>\n<meta name=\"robots\" content=\"index, follow, max-snippet:-1, max-image-preview:large, max-video-preview:-1\" \/>\n<link rel=\"canonical\" href=\"https:\/\/www.mbh.fr\/fr\/flotte\/\" \/>\n<meta property=\"og:locale\" content=\"fr_FR\" \/>\n<meta property=\"og:type\" content=\"article\" \/>\n<meta property=\"og:title\" content=\"Notre Flotte H\u00e9licopt\u00e8res - Mont-Blanc H\u00e9licopt\u00e8res\" \/>\n<meta property=\"og:description\" content=\"Nous disposons de 30 h\u00e9licopt\u00e8res mono et biturbines de serni\u00e8res g\u00e9n\u00e9rations.Toutes ces machines sont d\u00e9ploy\u00e9es sur l&#039;ensemble de nos bases.\" \/>\n<meta property=\"og:url\" content=\"https:\/\/www.mbh.fr\/fr\/flotte\/\" \/>\n<meta property=\"og:site_name\" content=\"Mont-Blanc H\u00e9licopt\u00e8res\" \/>\n<meta property=\"article:publisher\" content=\"https:\/\/www.facebook.com\/MontBlancHelicopteres\/\" \/>\n<meta property=\"article:modified_time\" content=\"2025-10-13T12:18:38+00:00\" \/>\n<meta name=\"twitter:card\" content=\"summary_large_image\" \/>\n<meta name=\"twitter:site\" content=\"@MBHelicopteres\" \/>\n<meta name=\"twitter:label1\" content=\"Dur\u00e9e de lecture estim\u00e9e\" \/>\n\t<meta name=\"twitter:data1\" content=\"5 minutes\" \/>\n<script type=\"application\/ld+json\" class=\"yoast-schema-graph\">{\"@context\":\"https:\/\/schema.org\",\"@graph\":[{\"@type\":\"WebPage\",\"@id\":\"https:\/\/www.mbh.fr\/fr\/flotte\/\",\"url\":\"https:\/\/www.mbh.fr\/fr\/flotte\/\",\"name\":\"Notre Flotte H\u00e9licopt\u00e8res - Mont-Blanc H\u00e9licopt\u00e8res\",\"isPartOf\":{\"@id\":\"https:\/\/www.mbh.fr\/fr\/#website\"},\"datePublished\":\"2018-01-25T09:36:48+00:00\",\"dateModified\":\"2025-10-13T12:18:38+00:00\",\"description\":\"Nous disposons de 30 h\u00e9licopt\u00e8res mono et biturbines de serni\u00e8res g\u00e9n\u00e9rations.Toutes ces machines sont d\u00e9ploy\u00e9es sur l'ensemble de nos bases.\",\"breadcrumb\":{\"@id\":\"https:\/\/www.mbh.fr\/fr\/flotte\/#breadcrumb\"},\"inLanguage\":\"fr-FR\",\"potentialAction\":[{\"@type\":\"ReadAction\",\"target\":[\"https:\/\/www.mbh.fr\/fr\/flotte\/\"]}]},{\"@type\":\"BreadcrumbList\",\"@id\":\"https:\/\/www.mbh.fr\/fr\/flotte\/#breadcrumb\",\"itemListElement\":[{\"@type\":\"ListItem\",\"position\":1,\"name\":\"Accueil\",\"item\":\"https:\/\/www.mbh.fr\/fr\/\"},{\"@type\":\"ListItem\",\"position\":2,\"name\":\"FLOTTE\"}]},{\"@type\":\"WebSite\",\"@id\":\"https:\/\/www.mbh.fr\/fr\/#website\",\"url\":\"https:\/\/www.mbh.fr\/fr\/\",\"name\":\"Mont-Blanc H\u00e9licopt\u00e8res\",\"description\":\"\",\"publisher\":{\"@id\":\"https:\/\/www.mbh.fr\/fr\/#organization\"},\"potentialAction\":[{\"@type\":\"SearchAction\",\"target\":{\"@type\":\"EntryPoint\",\"urlTemplate\":\"https:\/\/www.mbh.fr\/fr\/?s={search_term_string}\"},\"query-input\":{\"@type\":\"PropertyValueSpecification\",\"valueRequired\":true,\"valueName\":\"search_term_string\"}}],\"inLanguage\":\"fr-FR\"},{\"@type\":\"Organization\",\"@id\":\"https:\/\/www.mbh.fr\/fr\/#organization\",\"name\":\"mont blanc h\u00e9licopt\u00e8res\",\"url\":\"https:\/\/www.mbh.fr\/fr\/\",\"logo\":{\"@type\":\"ImageObject\",\"inLanguage\":\"fr-FR\",\"@id\":\"https:\/\/www.mbh.fr\/fr\/#\/schema\/logo\/image\/\",\"url\":\"\",\"contentUrl\":\"\",\"caption\":\"mont blanc h\u00e9licopt\u00e8res\"},\"image\":{\"@id\":\"https:\/\/www.mbh.fr\/fr\/#\/schema\/logo\/image\/\"},\"sameAs\":[\"https:\/\/www.facebook.com\/MontBlancHelicopteres\/\",\"https:\/\/x.com\/MBHelicopteres\",\"https:\/\/www.instagram.com\/montblanchelicopteres\/\",\"https:\/\/www.linkedin.com\/company\/715290\/\"]}]}<\/script>\n<!-- \/ Yoast SEO plugin. -->","yoast_head_json":{"title":"Notre Flotte H\u00e9licopt\u00e8res - Mont-Blanc H\u00e9licopt\u00e8res","description":"Nous disposons de 30 h\u00e9licopt\u00e8res mono et biturbines de serni\u00e8res g\u00e9n\u00e9rations.Toutes ces machines sont d\u00e9ploy\u00e9es sur l'ensemble de nos bases.","robots":{"index":"index","follow":"follow","max-snippet":"max-snippet:-1","max-image-preview":"max-image-preview:large","max-video-preview":"max-video-preview:-1"},"canonical":"https:\/\/www.mbh.fr\/fr\/flotte\/","og_locale":"fr_FR","og_type":"article","og_title":"Notre Flotte H\u00e9licopt\u00e8res - Mont-Blanc H\u00e9licopt\u00e8res","og_description":"Nous disposons de 30 h\u00e9licopt\u00e8res mono et biturbines de serni\u00e8res g\u00e9n\u00e9rations.Toutes ces machines sont d\u00e9ploy\u00e9es sur l'ensemble de nos bases.","og_url":"https:\/\/www.mbh.fr\/fr\/flotte\/","og_site_name":"Mont-Blanc H\u00e9licopt\u00e8res","article_publisher":"https:\/\/www.facebook.com\/MontBlancHelicopteres\/","article_modified_time":"2025-10-13T12:18:38+00:00","twitter_card":"summary_large_image","twitter_site":"@MBHelicopteres","twitter_misc":{"Dur\u00e9e de lecture estim\u00e9e":"5 minutes"},"schema":{"@context":"https:\/\/schema.org","@graph":[{"@type":"WebPage","@id":"https:\/\/www.mbh.fr\/fr\/flotte\/","url":"https:\/\/www.mbh.fr\/fr\/flotte\/","name":"Notre Flotte H\u00e9licopt\u00e8res - Mont-Blanc H\u00e9licopt\u00e8res","isPartOf":{"@id":"https:\/\/www.mbh.fr\/fr\/#website"},"datePublished":"2018-01-25T09:36:48+00:00","dateModified":"2025-10-13T12:18:38+00:00","description":"Nous disposons de 30 h\u00e9licopt\u00e8res mono et biturbines de serni\u00e8res g\u00e9n\u00e9rations.Toutes ces machines sont d\u00e9ploy\u00e9es sur l'ensemble de nos bases.","breadcrumb":{"@id":"https:\/\/www.mbh.fr\/fr\/flotte\/#breadcrumb"},"inLanguage":"fr-FR","potentialAction":[{"@type":"ReadAction","target":["https:\/\/www.mbh.fr\/fr\/flotte\/"]}]},{"@type":"BreadcrumbList","@id":"https:\/\/www.mbh.fr\/fr\/flotte\/#breadcrumb","itemListElement":[{"@type":"ListItem","position":1,"name":"Accueil","item":"https:\/\/www.mbh.fr\/fr\/"},{"@type":"ListItem","position":2,"name":"FLOTTE"}]},{"@type":"WebSite","@id":"https:\/\/www.mbh.fr\/fr\/#website","url":"https:\/\/www.mbh.fr\/fr\/","name":"Mont-Blanc H\u00e9licopt\u00e8res","description":"","publisher":{"@id":"https:\/\/www.mbh.fr\/fr\/#organization"},"potentialAction":[{"@type":"SearchAction","target":{"@type":"EntryPoint","urlTemplate":"https:\/\/www.mbh.fr\/fr\/?s={search_term_string}"},"query-input":{"@type":"PropertyValueSpecification","valueRequired":true,"valueName":"search_term_string"}}],"inLanguage":"fr-FR"},{"@type":"Organization","@id":"https:\/\/www.mbh.fr\/fr\/#organization","name":"mont blanc h\u00e9licopt\u00e8res","url":"https:\/\/www.mbh.fr\/fr\/","logo":{"@type":"ImageObject","inLanguage":"fr-FR","@id":"https:\/\/www.mbh.fr\/fr\/#\/schema\/logo\/image\/","url":"","contentUrl":"","caption":"mont blanc h\u00e9licopt\u00e8res"},"image":{"@id":"https:\/\/www.mbh.fr\/fr\/#\/schema\/logo\/image\/"},"sameAs":["https:\/\/www.facebook.com\/MontBlancHelicopteres\/","https:\/\/x.com\/MBHelicopteres","https:\/\/www.instagram.com\/montblanchelicopteres\/","https:\/\/www.linkedin.com\/company\/715290\/"]}]}},"_links":{"self":[{"href":"https:\/\/www.mbh.fr\/fr\/wp-json\/wp\/v2\/pages\/2860","targetHints":{"allow":["GET"]}}],"collection":[{"href":"https:\/\/www.mbh.fr\/fr\/wp-json\/wp\/v2\/pages"}],"about":[{"href":"https:\/\/www.mbh.fr\/fr\/wp-json\/wp\/v2\/types\/page"}],"author":[{"embeddable":true,"href":"https:\/\/www.mbh.fr\/fr\/wp-json\/wp\/v2\/users\/7"}],"replies":[{"embeddable":true,"href":"https:\/\/www.mbh.fr\/fr\/wp-json\/wp\/v2\/comments?post=2860"}],"version-history":[{"count":33,"href":"https:\/\/www.mbh.fr\/fr\/wp-json\/wp\/v2\/pages\/2860\/revisions"}],"predecessor-version":[{"id":14419,"href":"https:\/\/www.mbh.fr\/fr\/wp-json\/wp\/v2\/pages\/2860\/revisions\/14419"}],"wp:attachment":[{"href":"https:\/\/www.mbh.fr\/fr\/wp-json\/wp\/v2\/media?parent=2860"}],"curies":[{"name":"wp","href":"https:\/\/api.w.org\/{rel}","templated":true}]}}