{"id":2918,"date":"2018-01-25T10:50:06","date_gmt":"2018-01-25T09:50:06","guid":{"rendered":"http:\/\/www.mbh.fr\/?page_id=2918"},"modified":"2025-06-20T11:00:35","modified_gmt":"2025-06-20T09:00:35","slug":"toussus-le-noble","status":"publish","type":"page","link":"https:\/\/www.mbh.fr\/fr\/nos-bases\/toussus-le-noble\/","title":{"rendered":"PARIS-SACLAY-VERSAILLES"},"content":{"rendered":"<div class=\"wpb-content-wrapper\"><p>[vc_row type=\u00a0\u00bbfull_width_section\u00a0\u00bb bg_image=\u00a0\u00bb11093&Prime; top_padding=\u00a0\u00bb200&Prime; bottom_padding=\u00a0\u00bb200&Prime;][vc_column width=\u00a0\u00bb1\/2&Prime;][\/vc_column][vc_column width=\u00a0\u00bb1\/2&Prime;][\/vc_column][\/vc_row][vc_row top_padding=\u00a0\u00bb50&Prime; bottom_padding=\u00a0\u00bb50&Prime; class=\u00a0\u00bbbase-content\u00a0\u00bb][vc_column width=\u00a0\u00bb2\/3&Prime;][vc_column_text]<\/p>\n<h1 class=\"p1\">Vols H\u00e9licopt\u00e8re <strong>au d\u00e9part de Paris-Saclay-Versailles<br \/>\n<\/strong><\/h1>\n<p>[\/vc_column_text][vc_column_text]<\/p>\n<h2>D\u00e9couvrez les plus beaux Ch\u00e2teaux de la r\u00e9gion<\/h2>\n<p>[\/vc_column_text][vc_column_text]<\/p>\n<h3>Vols touristiques, \u00e9cole de pilotage et services premium \u00e0 deux pas de Paris<\/h3>\n<p>[\/vc_column_text]<div class=\"newdivider align-left\" style=\"border-bottom-style: solid; border-color: #eeeeee; border-bottom-width: 4px; margin-top: 25px; margin-bottom: 25px; width: 10%; \"><\/div><div class=\"clear\"><\/div>[vc_row_inner][vc_column_inner width=\u00a0\u00bb2\/3&Prime;][vc_column_text]Situ\u00e9e au c\u0153ur de l\u2019a\u00e9roport de Paris-Saclay-Versailles (Toussus-le-Noble), notre base h\u00e9licopt\u00e8re vous propose une exp\u00e9rience a\u00e9rienne unique : Survolez les merveilles d\u2019\u00cele-de-France comme le Ch\u00e2teau de Versailles, la vall\u00e9e de Chevreuse, les ch\u00e2teaux des Yvelines, le ch\u00e2teau de la Madeleine, le ch\u00e2teau de Dampierre, le ch\u00e2teau de Breteuil ou encore l\u2019abbaye des Vaux de Cernay lors de vols touristiques panoramiques.<\/p>\n<p>Offrez-vous un moment d\u2019exception avec nos vols gastronomiques vers les plus grands restaurants \u00e9toil\u00e9s.<\/p>\n<p>Profitez de transferts en h\u00e9licopt\u00e8re rapides et confortables vers ou depuis Paris et la r\u00e9gion. Un vol sur mesure adapt\u00e9 \u00e0 vos besoins.<\/p>\n<p>\ud83c\udf93 \u00c9cole de pilotage <a href=\"https:\/\/fhato.net\/fr\/paris-toussus\/\">FHATO<\/a> agr\u00e9\u00e9e, formations PPL(H), CPL(H) &amp; qualifications<br \/>\nNotre base est aussi une \u00e9cole de pilotage professionnelle certifi\u00e9e par la DGAC \/ EASA, formant les pilotes de demain gr\u00e2ce \u00e0 un encadrement de haut niveau :<\/p>\n<p>Licence de pilote priv\u00e9 PPL(H) pour voler en loisir<br \/>\nLicence de pilote professionnel CPL(H) pour faire carri\u00e8re dans l\u2019aviation et devenir pilote h\u00e9licopt\u00e8re.<br \/>\nQualifications compl\u00e9mentaires : vol de nuit qualifications de type, formation instructeur FI(H), h\u00e9litreuillage,&#8230;etc.<\/p>\n<p>Nous mettons \u00e0 votre disposition une flotte moderne et adapt\u00e9e \u00e0 l\u2019entra\u00eenement, des instructeurs exp\u00e9riment\u00e9s et un environnement id\u00e9al \u00e0 proximit\u00e9 imm\u00e9diate de Paris.<\/p>\n<p>Envie de vous mettre dans la peau d&rsquo;un pilote le temps d&rsquo;un instant ? R\u00e9servez un vol d&rsquo;initiation au pilotage en double commande avec un instructeur et vivez un moment de r\u00eave : d\u00e9collage, prise de commandes, vol et atterrissage proche de la capitale ![\/vc_column_text][\/vc_column_inner][vc_column_inner width=\u00a0\u00bb1\/3&Prime;][\/vc_column_inner][\/vc_row_inner][\/vc_column][vc_column width=\u00a0\u00bb1\/3&Prime;]<div class=\"minti_boxedholder   clearfix\" style=\"padding: 20px; margin: 0px 0px 20px 0px; background-color: #f8f8f8; border-width: 1; border-color: #eeeeee; \">[vc_column_text]<strong>A\u00e9roport de Paris-Saclay-Versailles<br \/>\n<\/strong>78117 &#8211; Toussus-le-Noble[\/vc_column_text][vc_btn title=\u00a0\u00bbGoogle Map\u00a0\u00bb style=\u00a0\u00bbclassic\u00a0\u00bb shape=\u00a0\u00bbsquare\u00a0\u00bb color=\u00a0\u00bbwhite\u00a0\u00bb size=\u00a0\u00bbsm\u00a0\u00bb align=\u00a0\u00bbleft\u00a0\u00bb i_icon_fontawesome=\u00a0\u00bbfar fa-map\u00a0\u00bb css=\u00a0\u00bb.vc_custom_1639474235578{margin-top: 10px !important;margin-bottom: 10px !important;}\u00a0\u00bb add_icon=\u00a0\u00bbtrue\u00a0\u00bb link=\u00a0\u00bburl:https%3A%2F%2Fgoo.gl%2Fmaps%2FmAh9xfQSFFCGNzzD8|target:_blank\u00a0\u00bb][vc_btn title=\u00a0\u00bb+33 (0)4 50 92 78 00 (OPS)\u00a0\u00bb style=\u00a0\u00bbclassic\u00a0\u00bb shape=\u00a0\u00bbsquare\u00a0\u00bb color=\u00a0\u00bbwhite\u00a0\u00bb size=\u00a0\u00bbsm\u00a0\u00bb i_icon_fontawesome=\u00a0\u00bbfas fa-phone\u00a0\u00bb css=\u00a0\u00bb.vc_custom_1748447409175{margin-bottom: 10px !important;}\u00a0\u00bb add_icon=\u00a0\u00bbtrue\u00a0\u00bb link=\u00a0\u00bburl:tel%3A0033139564434|||\u00a0\u00bb][vc_btn title=\u00a0\u00bb+33 6 01 39 80 81&Prime; style=\u00a0\u00bbclassic\u00a0\u00bb shape=\u00a0\u00bbsquare\u00a0\u00bb color=\u00a0\u00bbwhite\u00a0\u00bb size=\u00a0\u00bbsm\u00a0\u00bb i_icon_fontawesome=\u00a0\u00bbfas fa-mobile-alt\u00a0\u00bb css=\u00a0\u00bb.vc_custom_1594633855426{margin-bottom: 10px !important;}\u00a0\u00bb add_icon=\u00a0\u00bbtrue\u00a0\u00bb link=\u00a0\u00bburl:tel%3A0033601398060|||\u00a0\u00bb][vc_btn title=\u00a0\u00bbparis@mbh.fr\u00a0\u00bb style=\u00a0\u00bbclassic\u00a0\u00bb shape=\u00a0\u00bbsquare\u00a0\u00bb color=\u00a0\u00bbwhite\u00a0\u00bb size=\u00a0\u00bbsm\u00a0\u00bb align=\u00a0\u00bbleft\u00a0\u00bb i_icon_fontawesome=\u00a0\u00bbfar fa-envelope\u00a0\u00bb css=\u00a0\u00bb.vc_custom_1586181117642{margin-bottom: 0px !important;}\u00a0\u00bb add_icon=\u00a0\u00bbtrue\u00a0\u00bb link=\u00a0\u00bburl:mailto%3Aparis%40mbh.fr|||\u00a0\u00bb]<\/div><div class=\"minti_boxedholder specs color-light clearfix\" style=\"padding: 20px; margin: 50px 0 0 0; background-color: #0a0a0a; border-color: #f8f8f8; \">[vc_column_text]<\/p>\n<h3>H\u00e9licopt\u00e8res<\/h3>\n<p>[\/vc_column_text]<div class=\"minti_list wpb_content_element color-grey circlearrow show_separator\" style=\"\">\n<ul>\n<li>Mono Turbine : <a href=\"http:\/\/www.mbh.fr\/flotte\">AS350<\/a><\/li>\n<li>Bi Turbine : <a href=\"http:\/\/www.mbh.fr\/flotte\">AS355N<\/a>, <a href=\"http:\/\/www.mbh.fr\/flotte\">EC135<\/a><\/li>\n<li>Piston : <a href=\"http:\/\/www.mbh.fr\/flotte\">R22, R44<\/a><\/li>\n<\/ul>\n<\/div><\/div>[\/vc_column][\/vc_row][vc_row][vc_column width=\u00a0\u00bb1\/2&Prime;]<a href=\"https:\/\/www.mbh.fr\/fr\/nos-bases\/toussus-le-noble\/transferts-helicoptere-vols-prives-toussus\/\" target=\"_self\" class=\"catimage wpb_content_element color-light\" style=\"height: 300px;;\">\n\t\t\t<span style=\"background-image: url(https:\/\/www.mbh.fr\/wp-content\/uploads\/2021\/12\/mbh-paris_decouvertes.jpg); height: 300px;;\"><\/span>\n\t\t\t<div class=\"catimage-overlay clearfix\" style=\"height: 300px;;\">\n\t\t\t\t<div class=\"catimage-text\">Transferts h\u00e9licopt\u00e8re &amp; vols priv\u00e9s Toussus-le-Noble<\/div>\n\t\t\t<\/div><\/a>[\/vc_column][vc_column width=\u00a0\u00bb1\/2&Prime;]<a href=\"https:\/\/www.mbh.fr\/fr\/nos-bases\/toussus-le-noble\/vols-touristiques-toussus-le-noble\/\" target=\"_self\" class=\"catimage wpb_content_element color-light\" style=\"height: 300px;;\">\n\t\t\t<span style=\"background-image: url(https:\/\/www.mbh.fr\/wp-content\/uploads\/2022\/03\/toussus-3.jpg); height: 300px;;\"><\/span>\n\t\t\t<div class=\"catimage-overlay clearfix\" style=\"height: 300px;;\">\n\t\t\t\t<div class=\"catimage-text\">Vols panoramiques Paris-Saclay-Versailles<\/div>\n\t\t\t<\/div><\/a>[\/vc_column][\/vc_row][vc_row][vc_column width=\u00a0\u00bb1\/1&Prime;][vc_empty_space height=\u00a0\u00bb50px\u00a0\u00bb]<div class=\"newdivider align-center\" style=\"border-bottom-style: solid; border-color: #eeeeee; border-bottom-width: 4px; margin-top: 25px; margin-bottom: 25px; width: 10%; \"><\/div><div class=\"clear\"><\/div>[vc_column_text]<\/p>\n<h2 style=\"text-align: center;\"><strong>R\u00e9servez votre vol<\/strong> au d\u00e9part de <strong>Paris-Saclay-Versailles<\/strong><\/h2>\n<p>[\/vc_column_text][vc_empty_space height=\u00a0\u00bb25px\u00a0\u00bb][vc_btn title=\u00a0\u00bbR\u00e9server sur heligo.aero\u00a0\u00bb shape=\u00a0\u00bbsquare\u00a0\u00bb color=\u00a0\u00bbblack\u00a0\u00bb align=\u00a0\u00bbcenter\u00a0\u00bb i_align=\u00a0\u00bbright\u00a0\u00bb i_icon_fontawesome=\u00a0\u00bbfas fa-sign-out-alt\u00a0\u00bb add_icon=\u00a0\u00bbtrue\u00a0\u00bb link=\u00a0\u00bburl:https%3A%2F%2Fheligo.aero%2Ffr%2Frecherche%3Fcontroller%3Dsearch%26s%3Dtoussus|target:_blank\u00a0\u00bb]<div class=\"newdivider align-center\" style=\"border-bottom-style: solid; border-color: #eeeeee; border-bottom-width: 4px; margin-top: 25px; margin-bottom: 25px; width: 10%; \"><\/div><div class=\"clear\"><\/div>[\/vc_column][\/vc_row][vc_row top_padding=\u00a0\u00bb50&Prime; bottom_padding=\u00a0\u00bb50&Prime;][vc_column width=\u00a0\u00bb2\/3&Prime;][vc_gmaps link=\u00a0\u00bb#E-8_JTNDaWZyYW1lJTIwc3JjJTNEJTIyaHR0cHMlM0ElMkYlMkZ3d3cuZ29vZ2xlLmNvbSUyRm1hcHMlMkZlbWJlZCUzRnBiJTNEJTIxMW0xOCUyMTFtMTIlMjExbTMlMjExZDI2MzAuNzE0OTU3OTAwMDI2NSUyMTJkMi4xMTYzMTAzMTU5ODcxNzYzJTIxM2Q0OC43NDkxNDE1MTYzNDYzMiUyMTJtMyUyMTFmMCUyMTJmMCUyMTNmMCUyMTNtMiUyMTFpMTAyNCUyMTJpNzY4JTIxNGYxMy4xJTIxM20zJTIxMW0yJTIxMXMweDQ3ZTY3ZjEwOTJkNDRiYzElMjUzQTB4Yzg2Mzk0YjdkMjhhZGM2ZSUyMTJzTW9udC1CbGFuYyUyNTIwSGVsaWNvcHQlMjVDMyUyNUE4cmVzJTI1MjBQYXJpcyUyMTVlMCUyMTNtMiUyMTFzZnIlMjEyc2ZyJTIxNHYxNjM5NDc0Mjg3Nzk0JTIxNW0yJTIxMXNmciUyMTJzZnIlMjIlMjB3aWR0aCUzRCUyMjYwMCUyMiUyMGhlaWdodCUzRCUyMjQ1MCUyMiUyMHN0eWxlJTNEJTIyYm9yZGVyJTNBMCUzQiUyMiUyMGFsbG93ZnVsbHNjcmVlbiUzRCUyMiUyMiUyMGxvYWRpbmclM0QlMjJsYXp5JTIyJTNFJTNDJTJGaWZyYW1lJTNF\u00a0\u00bb size=\u00a0\u00bb350&Prime;][\/vc_column][vc_column width=\u00a0\u00bb1\/3&Prime;][vc_btn title=\u00a0\u00bbM\u00e9t\u00e9o Toussus-le-Noble\u00a0\u00bb style=\u00a0\u00bbclassic\u00a0\u00bb shape=\u00a0\u00bbsquare\u00a0\u00bb color=\u00a0\u00bbwhite\u00a0\u00bb size=\u00a0\u00bbsm\u00a0\u00bb align=\u00a0\u00bbleft\u00a0\u00bb i_icon_fontawesome=\u00a0\u00bbfas fa-sun\u00a0\u00bb css=\u00a0\u00bb.vc_custom_1639131555912{margin-bottom: 10px !important;}\u00a0\u00bb button_block=\u00a0\u00bbtrue\u00a0\u00bb add_icon=\u00a0\u00bbtrue\u00a0\u00bb link=\u00a0\u00bburl:https%3A%2F%2Fmeteofrance.com%2Fprevisions-meteo-france%2Ftoussus-le-noble%2F78117|target:_blank\u00a0\u00bb][vc_btn title=\u00a0\u00bbCarte Pilote\u00a0\u00bb style=\u00a0\u00bbclassic\u00a0\u00bb shape=\u00a0\u00bbsquare\u00a0\u00bb color=\u00a0\u00bbwhite\u00a0\u00bb size=\u00a0\u00bbsm\u00a0\u00bb align=\u00a0\u00bbleft\u00a0\u00bb i_icon_fontawesome=\u00a0\u00bbfar fa-map\u00a0\u00bb css=\u00a0\u00bb.vc_custom_1639131615593{margin-bottom: 10px !important;}\u00a0\u00bb button_block=\u00a0\u00bbtrue\u00a0\u00bb add_icon=\u00a0\u00bbtrue\u00a0\u00bb link=\u00a0\u00bburl:http%3A%2F%2Fwww.mbh.fr%2Fwp-content%2Fuploads%2F2017%2F11%2FAD-2.LFPN-toussus.pdf|target:_blank\u00a0\u00bb][vc_btn title=\u00a0\u00bbSite A\u00e9roport\u00a0\u00bb style=\u00a0\u00bbclassic\u00a0\u00bb shape=\u00a0\u00bbsquare\u00a0\u00bb color=\u00a0\u00bbwhite\u00a0\u00bb size=\u00a0\u00bbsm\u00a0\u00bb align=\u00a0\u00bbleft\u00a0\u00bb i_icon_fontawesome=\u00a0\u00bbfas fa-plane-departure\u00a0\u00bb css=\u00a0\u00bb.vc_custom_1639131691115{margin-bottom: 10px !important;}\u00a0\u00bb button_block=\u00a0\u00bbtrue\u00a0\u00bb add_icon=\u00a0\u00bbtrue\u00a0\u00bb link=\u00a0\u00bburl:https%3A%2F%2Fwww.parisaeroport.fr%2Fentreprises%2Faviation-d-affaires%2Fpresentation-aerodromes-aviation-generale%2Ftoussus-le-noble|target:_blank\u00a0\u00bb][\/vc_column][\/vc_row]<\/p>\n<\/div>","protected":false},"excerpt":{"rendered":"<p>[vc_row type=\u00a0\u00bbfull_width_section\u00a0\u00bb bg_image=\u00a0\u00bb11093&Prime; top_padding=\u00a0\u00bb200&Prime; bottom_padding=\u00a0\u00bb200&Prime;][vc_column width=\u00a0\u00bb1\/2&Prime;][\/vc_column][vc_column width=\u00a0\u00bb1\/2&Prime;][\/vc_column][\/vc_row][vc_row top_padding=\u00a0\u00bb50&Prime; bottom_padding=\u00a0\u00bb50&Prime; class=\u00a0\u00bbbase-content\u00a0\u00bb][vc_column width=\u00a0\u00bb2\/3&Prime;][vc_column_text] Vols H\u00e9licopt\u00e8re au d\u00e9part de Paris-Saclay-Versailles [\/vc_column_text][vc_column_text] D\u00e9couvrez les plus beaux Ch\u00e2teaux de la r\u00e9gion [\/vc_column_text][vc_column_text] Vols touristiques, \u00e9cole de pilotage et services premium \u00e0 deux pas de Paris [\/vc_column_text][vc_row_inner][vc_column_inner width=\u00a0\u00bb2\/3&Prime;][vc_column_text]Situ\u00e9e au c\u0153ur de l\u2019a\u00e9roport de Paris-Saclay-Versailles (Toussus-le-Noble), notre base h\u00e9licopt\u00e8re vous propose une exp\u00e9rience a\u00e9rienne unique : Survolez les merveilles d\u2019\u00cele-de-France comme le Ch\u00e2teau de Versailles, la vall\u00e9e de Chevreuse, les ch\u00e2teaux des Yvelines, le ch\u00e2teau de la Madeleine, le ch\u00e2teau de Dampierre, le ch\u00e2teau de Breteuil ou encore l\u2019abbaye des Vaux de Cernay lors de vols touristiques panoramiques. Offrez-vous un moment d\u2019exception avec nos vols gastronomiques vers les plus grands restaurants \u00e9toil\u00e9s. Profitez de transferts en h\u00e9licopt\u00e8re rapides et confortables vers ou depuis Paris et la r\u00e9gion. Un vol sur mesure adapt\u00e9 \u00e0 vos besoins. \ud83c\udf93 \u00c9cole de pilotage FHATO agr\u00e9\u00e9e, formations PPL(H), CPL(H) &amp; qualifications Notre base est aussi une \u00e9cole de pilotage professionnelle certifi\u00e9e par la DGAC \/ EASA, formant les pilotes de demain gr\u00e2ce \u00e0 un encadrement de haut niveau : Licence de pilote priv\u00e9 PPL(H) pour voler en loisir Licence de pilote professionnel CPL(H) pour faire carri\u00e8re dans l\u2019aviation et devenir pilote h\u00e9licopt\u00e8re. [&hellip;]<\/p>\n","protected":false},"author":7,"featured_media":0,"parent":2896,"menu_order":20,"comment_status":"closed","ping_status":"closed","template":"page-base.php","meta":{"_acf_changed":false,"footnotes":""},"class_list":["post-2918","page","type-page","status-publish","hentry"],"acf":[],"yoast_head":"<!-- This site is optimized with the Yoast SEO plugin v26.9 - https:\/\/yoast.com\/product\/yoast-seo-wordpress\/ -->\n<title>Base de PARIS-SACLAY-VERSAILLES - Mont-Blanc H\u00e9licopt\u00e8res<\/title>\n<meta name=\"description\" content=\"Envolez-vous pour un vol en h\u00e9licopt\u00e8re autour de Paris ! Admirer le Ch\u00e2teau de Versailles ou le Ch\u00e2teau de la vall\u00e9e de Chevreuse.\" \/>\n<meta name=\"robots\" content=\"index, follow, max-snippet:-1, max-image-preview:large, max-video-preview:-1\" \/>\n<link rel=\"canonical\" href=\"https:\/\/www.mbh.fr\/fr\/nos-bases\/toussus-le-noble\/\" \/>\n<meta property=\"og:locale\" content=\"fr_FR\" \/>\n<meta property=\"og:type\" content=\"article\" \/>\n<meta property=\"og:title\" content=\"Base de PARIS-SACLAY-VERSAILLES - Mont-Blanc H\u00e9licopt\u00e8res\" \/>\n<meta property=\"og:description\" content=\"Envolez-vous pour un vol en h\u00e9licopt\u00e8re autour de Paris ! Admirer le Ch\u00e2teau de Versailles ou le Ch\u00e2teau de la vall\u00e9e de Chevreuse.\" \/>\n<meta property=\"og:url\" content=\"https:\/\/www.mbh.fr\/fr\/nos-bases\/toussus-le-noble\/\" \/>\n<meta property=\"og:site_name\" content=\"Mont-Blanc H\u00e9licopt\u00e8res\" \/>\n<meta property=\"article:publisher\" content=\"https:\/\/www.facebook.com\/MontBlancHelicopteres\/\" \/>\n<meta property=\"article:modified_time\" content=\"2025-06-20T09:00:35+00:00\" \/>\n<meta name=\"twitter:card\" content=\"summary_large_image\" \/>\n<meta name=\"twitter:site\" content=\"@MBHelicopteres\" \/>\n<meta name=\"twitter:label1\" content=\"Dur\u00e9e de lecture estim\u00e9e\" \/>\n\t<meta name=\"twitter:data1\" content=\"4 minutes\" \/>\n<script type=\"application\/ld+json\" class=\"yoast-schema-graph\">{\"@context\":\"https:\/\/schema.org\",\"@graph\":[{\"@type\":\"WebPage\",\"@id\":\"https:\/\/www.mbh.fr\/fr\/nos-bases\/toussus-le-noble\/\",\"url\":\"https:\/\/www.mbh.fr\/fr\/nos-bases\/toussus-le-noble\/\",\"name\":\"Base de PARIS-SACLAY-VERSAILLES - Mont-Blanc H\u00e9licopt\u00e8res\",\"isPartOf\":{\"@id\":\"https:\/\/www.mbh.fr\/fr\/#website\"},\"datePublished\":\"2018-01-25T09:50:06+00:00\",\"dateModified\":\"2025-06-20T09:00:35+00:00\",\"description\":\"Envolez-vous pour un vol en h\u00e9licopt\u00e8re autour de Paris ! Admirer le Ch\u00e2teau de Versailles ou le Ch\u00e2teau de la vall\u00e9e de Chevreuse.\",\"breadcrumb\":{\"@id\":\"https:\/\/www.mbh.fr\/fr\/nos-bases\/toussus-le-noble\/#breadcrumb\"},\"inLanguage\":\"fr-FR\",\"potentialAction\":[{\"@type\":\"ReadAction\",\"target\":[\"https:\/\/www.mbh.fr\/fr\/nos-bases\/toussus-le-noble\/\"]}]},{\"@type\":\"BreadcrumbList\",\"@id\":\"https:\/\/www.mbh.fr\/fr\/nos-bases\/toussus-le-noble\/#breadcrumb\",\"itemListElement\":[{\"@type\":\"ListItem\",\"position\":1,\"name\":\"Accueil\",\"item\":\"https:\/\/www.mbh.fr\/fr\/\"},{\"@type\":\"ListItem\",\"position\":2,\"name\":\"NOS BASES\",\"item\":\"https:\/\/www.mbh.fr\/fr\/nos-bases\/\"},{\"@type\":\"ListItem\",\"position\":3,\"name\":\"PARIS-SACLAY-VERSAILLES\"}]},{\"@type\":\"WebSite\",\"@id\":\"https:\/\/www.mbh.fr\/fr\/#website\",\"url\":\"https:\/\/www.mbh.fr\/fr\/\",\"name\":\"Mont-Blanc H\u00e9licopt\u00e8res\",\"description\":\"\",\"publisher\":{\"@id\":\"https:\/\/www.mbh.fr\/fr\/#organization\"},\"potentialAction\":[{\"@type\":\"SearchAction\",\"target\":{\"@type\":\"EntryPoint\",\"urlTemplate\":\"https:\/\/www.mbh.fr\/fr\/?s={search_term_string}\"},\"query-input\":{\"@type\":\"PropertyValueSpecification\",\"valueRequired\":true,\"valueName\":\"search_term_string\"}}],\"inLanguage\":\"fr-FR\"},{\"@type\":\"Organization\",\"@id\":\"https:\/\/www.mbh.fr\/fr\/#organization\",\"name\":\"mont blanc h\u00e9licopt\u00e8res\",\"url\":\"https:\/\/www.mbh.fr\/fr\/\",\"logo\":{\"@type\":\"ImageObject\",\"inLanguage\":\"fr-FR\",\"@id\":\"https:\/\/www.mbh.fr\/fr\/#\/schema\/logo\/image\/\",\"url\":\"\",\"contentUrl\":\"\",\"caption\":\"mont blanc h\u00e9licopt\u00e8res\"},\"image\":{\"@id\":\"https:\/\/www.mbh.fr\/fr\/#\/schema\/logo\/image\/\"},\"sameAs\":[\"https:\/\/www.facebook.com\/MontBlancHelicopteres\/\",\"https:\/\/x.com\/MBHelicopteres\",\"https:\/\/www.instagram.com\/montblanchelicopteres\/\",\"https:\/\/www.linkedin.com\/company\/715290\/\"]}]}<\/script>\n<!-- \/ Yoast SEO plugin. -->","yoast_head_json":{"title":"Base de PARIS-SACLAY-VERSAILLES - Mont-Blanc H\u00e9licopt\u00e8res","description":"Envolez-vous pour un vol en h\u00e9licopt\u00e8re autour de Paris ! Admirer le Ch\u00e2teau de Versailles ou le Ch\u00e2teau de la vall\u00e9e de Chevreuse.","robots":{"index":"index","follow":"follow","max-snippet":"max-snippet:-1","max-image-preview":"max-image-preview:large","max-video-preview":"max-video-preview:-1"},"canonical":"https:\/\/www.mbh.fr\/fr\/nos-bases\/toussus-le-noble\/","og_locale":"fr_FR","og_type":"article","og_title":"Base de PARIS-SACLAY-VERSAILLES - Mont-Blanc H\u00e9licopt\u00e8res","og_description":"Envolez-vous pour un vol en h\u00e9licopt\u00e8re autour de Paris ! Admirer le Ch\u00e2teau de Versailles ou le Ch\u00e2teau de la vall\u00e9e de Chevreuse.","og_url":"https:\/\/www.mbh.fr\/fr\/nos-bases\/toussus-le-noble\/","og_site_name":"Mont-Blanc H\u00e9licopt\u00e8res","article_publisher":"https:\/\/www.facebook.com\/MontBlancHelicopteres\/","article_modified_time":"2025-06-20T09:00:35+00:00","twitter_card":"summary_large_image","twitter_site":"@MBHelicopteres","twitter_misc":{"Dur\u00e9e de lecture estim\u00e9e":"4 minutes"},"schema":{"@context":"https:\/\/schema.org","@graph":[{"@type":"WebPage","@id":"https:\/\/www.mbh.fr\/fr\/nos-bases\/toussus-le-noble\/","url":"https:\/\/www.mbh.fr\/fr\/nos-bases\/toussus-le-noble\/","name":"Base de PARIS-SACLAY-VERSAILLES - Mont-Blanc H\u00e9licopt\u00e8res","isPartOf":{"@id":"https:\/\/www.mbh.fr\/fr\/#website"},"datePublished":"2018-01-25T09:50:06+00:00","dateModified":"2025-06-20T09:00:35+00:00","description":"Envolez-vous pour un vol en h\u00e9licopt\u00e8re autour de Paris ! Admirer le Ch\u00e2teau de Versailles ou le Ch\u00e2teau de la vall\u00e9e de Chevreuse.","breadcrumb":{"@id":"https:\/\/www.mbh.fr\/fr\/nos-bases\/toussus-le-noble\/#breadcrumb"},"inLanguage":"fr-FR","potentialAction":[{"@type":"ReadAction","target":["https:\/\/www.mbh.fr\/fr\/nos-bases\/toussus-le-noble\/"]}]},{"@type":"BreadcrumbList","@id":"https:\/\/www.mbh.fr\/fr\/nos-bases\/toussus-le-noble\/#breadcrumb","itemListElement":[{"@type":"ListItem","position":1,"name":"Accueil","item":"https:\/\/www.mbh.fr\/fr\/"},{"@type":"ListItem","position":2,"name":"NOS BASES","item":"https:\/\/www.mbh.fr\/fr\/nos-bases\/"},{"@type":"ListItem","position":3,"name":"PARIS-SACLAY-VERSAILLES"}]},{"@type":"WebSite","@id":"https:\/\/www.mbh.fr\/fr\/#website","url":"https:\/\/www.mbh.fr\/fr\/","name":"Mont-Blanc H\u00e9licopt\u00e8res","description":"","publisher":{"@id":"https:\/\/www.mbh.fr\/fr\/#organization"},"potentialAction":[{"@type":"SearchAction","target":{"@type":"EntryPoint","urlTemplate":"https:\/\/www.mbh.fr\/fr\/?s={search_term_string}"},"query-input":{"@type":"PropertyValueSpecification","valueRequired":true,"valueName":"search_term_string"}}],"inLanguage":"fr-FR"},{"@type":"Organization","@id":"https:\/\/www.mbh.fr\/fr\/#organization","name":"mont blanc h\u00e9licopt\u00e8res","url":"https:\/\/www.mbh.fr\/fr\/","logo":{"@type":"ImageObject","inLanguage":"fr-FR","@id":"https:\/\/www.mbh.fr\/fr\/#\/schema\/logo\/image\/","url":"","contentUrl":"","caption":"mont blanc h\u00e9licopt\u00e8res"},"image":{"@id":"https:\/\/www.mbh.fr\/fr\/#\/schema\/logo\/image\/"},"sameAs":["https:\/\/www.facebook.com\/MontBlancHelicopteres\/","https:\/\/x.com\/MBHelicopteres","https:\/\/www.instagram.com\/montblanchelicopteres\/","https:\/\/www.linkedin.com\/company\/715290\/"]}]}},"_links":{"self":[{"href":"https:\/\/www.mbh.fr\/fr\/wp-json\/wp\/v2\/pages\/2918","targetHints":{"allow":["GET"]}}],"collection":[{"href":"https:\/\/www.mbh.fr\/fr\/wp-json\/wp\/v2\/pages"}],"about":[{"href":"https:\/\/www.mbh.fr\/fr\/wp-json\/wp\/v2\/types\/page"}],"author":[{"embeddable":true,"href":"https:\/\/www.mbh.fr\/fr\/wp-json\/wp\/v2\/users\/7"}],"replies":[{"embeddable":true,"href":"https:\/\/www.mbh.fr\/fr\/wp-json\/wp\/v2\/comments?post=2918"}],"version-history":[{"count":17,"href":"https:\/\/www.mbh.fr\/fr\/wp-json\/wp\/v2\/pages\/2918\/revisions"}],"predecessor-version":[{"id":14312,"href":"https:\/\/www.mbh.fr\/fr\/wp-json\/wp\/v2\/pages\/2918\/revisions\/14312"}],"up":[{"embeddable":true,"href":"https:\/\/www.mbh.fr\/fr\/wp-json\/wp\/v2\/pages\/2896"}],"wp:attachment":[{"href":"https:\/\/www.mbh.fr\/fr\/wp-json\/wp\/v2\/media?parent=2918"}],"curies":[{"name":"wp","href":"https:\/\/api.w.org\/{rel}","templated":true}]}}