{"id":2952,"date":"2018-01-25T10:53:31","date_gmt":"2018-01-25T09:53:31","guid":{"rendered":"http:\/\/www.mbh.fr\/?page_id=2952"},"modified":"2024-06-17T09:48:06","modified_gmt":"2024-06-17T07:48:06","slug":"grenoble","status":"publish","type":"page","link":"https:\/\/www.mbh.fr\/fr\/nos-bases\/grenoble\/","title":{"rendered":"GRENOBLE"},"content":{"rendered":"<div class=\"wpb-content-wrapper\"><p>[vc_row bg_image=\u00a0\u00bb11061&Prime; top_padding=\u00a0\u00bb200&Prime; bottom_padding=\u00a0\u00bb200&Prime;][vc_column width=\u00a0\u00bb1\/2&Prime;][\/vc_column][vc_column width=\u00a0\u00bb1\/2&Prime;][\/vc_column][\/vc_row][vc_row top_padding=\u00a0\u00bb50&Prime; bottom_padding=\u00a0\u00bb50&Prime; class=\u00a0\u00bbbase-content\u00a0\u00bb][vc_column width=\u00a0\u00bb2\/3&Prime;][vc_column_text]<\/p>\n<h1 class=\"p1\">Vols H\u00e9licopt\u00e8re <strong>au d\u00e9part de Grenoble<\/strong><\/h1>\n<p>[\/vc_column_text]<div class=\"newdivider align-left\" style=\"border-bottom-style: solid; border-color: #eeeeee; border-bottom-width: 4px; margin-top: 25px; margin-bottom: 25px; width: 10%; \"><\/div><div class=\"clear\"><\/div>[vc_row_inner][vc_column_inner width=\u00a0\u00bb1\/2&Prime;][vc_column_text]Au d\u00e9part de Grenoble, vivez une exp\u00e9rience inoubliable lors d&rsquo;une escapade a\u00e9rienne en h\u00e9licopt\u00e8re. D\u00e9couvrez les plus beaux sommets de la r\u00e9gion : Le Versoud, la vall\u00e9e de Gr\u00e9sivaudan ou encore le Grand Pic de Belledone ! Contemplez les paysages m\u00e9l\u00e9s au vert des arbres et au gris des sommets qui l&rsquo;entourent.<\/p>\n<p>Profitez \u00e9galement de nos services de transferts en h\u00e9licopt\u00e8re vers ou depuis la ville de Grenoble.[\/vc_column_text][\/vc_column_inner][vc_column_inner width=\u00a0\u00bb1\/2&Prime;][\/vc_column_inner][\/vc_row_inner][\/vc_column][vc_column width=\u00a0\u00bb1\/3&Prime;]<div class=\"minti_boxedholder   clearfix\" style=\"padding: 20px; margin: 0px 0px 20px 0px; background-color: #f8f8f8; border-width: 1; border-color: #eeeeee; \">[vc_column_text]<\/p>\n<p class=\"p1\"><span class=\"s1\"><strong>A\u00e9rodrome du Versoud<\/strong><br \/>\n38420 Dom\u00e8ne<\/span><\/p>\n<p>[\/vc_column_text][vc_btn title=\u00a0\u00bbGoogle Map\u00a0\u00bb style=\u00a0\u00bbclassic\u00a0\u00bb shape=\u00a0\u00bbsquare\u00a0\u00bb color=\u00a0\u00bbwhite\u00a0\u00bb size=\u00a0\u00bbsm\u00a0\u00bb align=\u00a0\u00bbleft\u00a0\u00bb i_icon_fontawesome=\u00a0\u00bbfar fa-map\u00a0\u00bb css=\u00a0\u00bb.vc_custom_1638437506860{margin-top: 10px !important;margin-bottom: 10px !important;}\u00a0\u00bb add_icon=\u00a0\u00bbtrue\u00a0\u00bb link=\u00a0\u00bburl:https%3A%2F%2Fgoo.gl%2Fmaps%2FxPVwwFCZQBJ2|target:_blank\u00a0\u00bb][vc_btn title=\u00a0\u00bb+33 4 76 77 37 45&Prime; style=\u00a0\u00bbclassic\u00a0\u00bb shape=\u00a0\u00bbsquare\u00a0\u00bb color=\u00a0\u00bbwhite\u00a0\u00bb size=\u00a0\u00bbsm\u00a0\u00bb i_icon_fontawesome=\u00a0\u00bbfas fa-phone\u00a0\u00bb css=\u00a0\u00bb.vc_custom_1638437533366{margin-bottom: 10px !important;}\u00a0\u00bb add_icon=\u00a0\u00bbtrue\u00a0\u00bb link=\u00a0\u00bburl:tel%3A0476773745&Prime;][vc_btn title=\u00a0\u00bbgrenoble@mbh.fr\u00a0\u00bb style=\u00a0\u00bbclassic\u00a0\u00bb shape=\u00a0\u00bbsquare\u00a0\u00bb color=\u00a0\u00bbwhite\u00a0\u00bb size=\u00a0\u00bbsm\u00a0\u00bb i_icon_fontawesome=\u00a0\u00bbfar fa-envelope\u00a0\u00bb css=\u00a0\u00bb.vc_custom_1638437547486{margin-bottom: 10px !important;}\u00a0\u00bb add_icon=\u00a0\u00bbtrue\u00a0\u00bb link=\u00a0\u00bburl:mailto%3Agrenoble%40mbh.fr|target:_blank\u00a0\u00bb]<\/div><div class=\"minti_boxedholder specs color-light clearfix\" style=\"padding: 20px; margin: 50px 0 0 0; background-color: #0a0a0a; border-color: #f8f8f8; \">[vc_column_text]<\/p>\n<h3>H\u00e9licopt\u00e8res<\/h3>\n<p>[\/vc_column_text]<div class=\"minti_list wpb_content_element color-grey circlearrow show_separator\" style=\"\">\n<ul>\n<li class=\"\">Mono Turbine : <a href=\"https:\/\/www.mbh.fr\/flotte\">AS350<\/a><\/li>\n<li class=\"\">Bi Turbine : <a href=\"https:\/\/www.mbh.fr\/flotte\">AS355N<\/a>, <a href=\"https:\/\/www.mbh.fr\/flotte\">EC135<\/a><\/li>\n<\/ul>\n<\/div><\/div>[\/vc_column][\/vc_row][vc_row][vc_column width=\u00a0\u00bb1\/2&Prime;]<a href=\"https:\/\/www.mbh.fr\/fr\/nos-bases\/grenoble\/transferts-helicoptere-vols-prives-grenoble\/\" target=\"_self\" class=\"catimage wpb_content_element color-light\" style=\"height: 300px;;\">\n\t\t\t<span style=\"background-image: url(https:\/\/www.mbh.fr\/wp-content\/uploads\/2021\/11\/mbh-courchevel_taxi-A.jpg); height: 300px;;\"><\/span>\n\t\t\t<div class=\"catimage-overlay clearfix\" style=\"height: 300px;;\">\n\t\t\t\t<div class=\"catimage-text\">Transferts h\u00e9licopt\u00e8re &amp; vols priv\u00e9s Grenoble<\/div>\n\t\t\t<\/div><\/a>[\/vc_column][vc_column width=\u00a0\u00bb1\/2&Prime;]<a href=\"https:\/\/www.mbh.fr\/fr\/nos-bases\/grenoble\/vols-touristiques-grenoble-2\/\" target=\"_self\" class=\"catimage wpb_content_element color-light\" style=\"height: 300px;;\">\n\t\t\t<span style=\"background-image: url(https:\/\/www.mbh.fr\/wp-content\/uploads\/2022\/03\/Belledone-et-Lac-du-Crozet-scaled.jpeg); height: 300px;;\"><\/span>\n\t\t\t<div class=\"catimage-overlay clearfix\" style=\"height: 300px;;\">\n\t\t\t\t<div class=\"catimage-text\">Escapades a\u00e9riennes \u00e0 Grenoble<\/div>\n\t\t\t<\/div><\/a>[\/vc_column][\/vc_row][vc_row][vc_column width=\u00a0\u00bb1\/1&Prime;][vc_empty_space height=\u00a0\u00bb50px\u00a0\u00bb]<div class=\"newdivider align-center\" style=\"border-bottom-style: solid; border-color: #eeeeee; border-bottom-width: 4px; margin-top: 25px; margin-bottom: 25px; width: 10%; \"><\/div><div class=\"clear\"><\/div>[vc_column_text]<\/p>\n<h2 style=\"text-align: center;\"><strong>R\u00e9servez votre vol<\/strong> au d\u00e9part de Grenoble<\/h2>\n<p>[\/vc_column_text][vc_empty_space height=\u00a0\u00bb25px\u00a0\u00bb][vc_btn title=\u00a0\u00bbR\u00e9server sur heligo.aero\u00a0\u00bb shape=\u00a0\u00bbsquare\u00a0\u00bb color=\u00a0\u00bbblack\u00a0\u00bb align=\u00a0\u00bbcenter\u00a0\u00bb i_align=\u00a0\u00bbright\u00a0\u00bb i_icon_fontawesome=\u00a0\u00bbfas fa-sign-out-alt\u00a0\u00bb add_icon=\u00a0\u00bbtrue\u00a0\u00bb link=\u00a0\u00bburl:https%3A%2F%2Fheligo.aero%2Ffr%2Frecherche%3Fcontroller%3Dsearch%26s%3Dgrenoble|target:_blank\u00a0\u00bb]<div class=\"newdivider align-center\" style=\"border-bottom-style: solid; border-color: #eeeeee; border-bottom-width: 4px; margin-top: 25px; margin-bottom: 25px; width: 10%; \"><\/div><div class=\"clear\"><\/div>[\/vc_column][\/vc_row][vc_row top_padding=\u00a0\u00bb50&Prime; bottom_padding=\u00a0\u00bb50&Prime;][vc_column width=\u00a0\u00bb2\/3&Prime;][vc_gmaps link=\u00a0\u00bb#E-8_JTNDaWZyYW1lJTIwc3JjJTNEJTIyaHR0cHMlM0ElMkYlMkZ3d3cuZ29vZ2xlLmNvbSUyRm1hcHMlMkZlbWJlZCUzRnBiJTNEJTIxMW0xOCUyMTFtMTIlMjExbTMlMjExZDI4MTAuNTIyOTMzODMzMjIzMyUyMTJkNS44NDc1NjA4MTU1NDkxNjYlMjEzZDQ1LjIxNjk4ODQ3OTA5ODc0NSUyMTJtMyUyMTFmMCUyMTJmMCUyMTNmMCUyMTNtMiUyMTFpMTAyNCUyMTJpNzY4JTIxNGYxMy4xJTIxM20zJTIxMW0yJTIxMXMweDQ3OGE1ZWQ2NTRlNzhlZmIlMjUzQTB4MzMyMDdiMDA0Zjc1YTIzNSUyMTJzQWVyb2Ryb21lJTJCR3Jlbm9ibGUlMkJMZSUyQlZlcnNvdWQlMjE1ZTAlMjEzbTIlMjExc2ZyJTIxMnNmciUyMTR2MTU2MjY2MDIyNTU2NCUyMTVtMiUyMTFzZnIlMjEyc2ZyJTIyJTIwd2lkdGglM0QlMjI2MDAlMjIlMjBoZWlnaHQlM0QlMjI0NTAlMjIlMjBmcmFtZWJvcmRlciUzRCUyMjAlMjIlMjBzdHlsZSUzRCUyMmJvcmRlciUzQTAlMjIlMjBhbGxvd2Z1bGxzY3JlZW4lM0UlM0MlMkZpZnJhbWUlM0U=\u00a0\u00bb][\/vc_column][vc_column width=\u00a0\u00bb1\/3&Prime;][vc_btn title=\u00a0\u00bbMeteo\u00a0\u00bb style=\u00a0\u00bbclassic\u00a0\u00bb shape=\u00a0\u00bbsquare\u00a0\u00bb color=\u00a0\u00bbwhite\u00a0\u00bb size=\u00a0\u00bbsm\u00a0\u00bb align=\u00a0\u00bbleft\u00a0\u00bb i_icon_fontawesome=\u00a0\u00bbfas fa-sun\u00a0\u00bb css=\u00a0\u00bb.vc_custom_1585732934969{margin-bottom: 10px !important;}\u00a0\u00bb button_block=\u00a0\u00bbtrue\u00a0\u00bb add_icon=\u00a0\u00bbtrue\u00a0\u00bb link=\u00a0\u00bburl:http%3A%2F%2Fwww.meteofrance.com%2Fprevisions-meteo-france%2Fle-versoud%2F38420||target:%20_blank|\u00a0\u00bb][vc_btn title=\u00a0\u00bbPilot Map\u00a0\u00bb style=\u00a0\u00bbclassic\u00a0\u00bb shape=\u00a0\u00bbsquare\u00a0\u00bb color=\u00a0\u00bbwhite\u00a0\u00bb size=\u00a0\u00bbsm\u00a0\u00bb align=\u00a0\u00bbleft\u00a0\u00bb i_icon_fontawesome=\u00a0\u00bbfar fa-map\u00a0\u00bb css=\u00a0\u00bb.vc_custom_1585732946287{margin-bottom: 10px !important;}\u00a0\u00bb button_block=\u00a0\u00bbtrue\u00a0\u00bb add_icon=\u00a0\u00bbtrue\u00a0\u00bb link=\u00a0\u00bburl:http%3A%2F%2Fwww.mbh.fr%2Fwp-content%2Fuploads%2F2017%2F11%2FAD-2.LFLG-grenoble.pdf||target:%20_blank|\u00a0\u00bb][\/vc_column][\/vc_row]<\/p>\n<\/div>","protected":false},"excerpt":{"rendered":"<p>[vc_row bg_image=\u00a0\u00bb11061&Prime; top_padding=\u00a0\u00bb200&Prime; bottom_padding=\u00a0\u00bb200&Prime;][vc_column width=\u00a0\u00bb1\/2&Prime;][\/vc_column][vc_column width=\u00a0\u00bb1\/2&Prime;][\/vc_column][\/vc_row][vc_row top_padding=\u00a0\u00bb50&Prime; bottom_padding=\u00a0\u00bb50&Prime; class=\u00a0\u00bbbase-content\u00a0\u00bb][vc_column width=\u00a0\u00bb2\/3&Prime;][vc_column_text] Vols H\u00e9licopt\u00e8re au d\u00e9part de Grenoble [\/vc_column_text][vc_row_inner][vc_column_inner width=\u00a0\u00bb1\/2&Prime;][vc_column_text]Au d\u00e9part de Grenoble, vivez une exp\u00e9rience inoubliable lors d&rsquo;une escapade a\u00e9rienne en h\u00e9licopt\u00e8re. D\u00e9couvrez les plus beaux sommets de la r\u00e9gion : Le Versoud, la vall\u00e9e de Gr\u00e9sivaudan ou encore le Grand Pic de Belledone ! Contemplez les paysages m\u00e9l\u00e9s au vert des arbres et au gris des sommets qui l&rsquo;entourent. Profitez \u00e9galement de nos services de transferts en h\u00e9licopt\u00e8re vers ou depuis la ville de Grenoble.[\/vc_column_text][\/vc_column_inner][vc_column_inner width=\u00a0\u00bb1\/2&Prime;][\/vc_column_inner][\/vc_row_inner][\/vc_column][vc_column width=\u00a0\u00bb1\/3&Prime;][\/vc_column][\/vc_row][vc_row][vc_column width=\u00a0\u00bb1\/2&Prime;][\/vc_column][vc_column width=\u00a0\u00bb1\/2&Prime;][\/vc_column][\/vc_row][vc_row][vc_column width=\u00a0\u00bb1\/1&Prime;][vc_empty_space height=\u00a0\u00bb50px\u00a0\u00bb][vc_column_text] R\u00e9servez votre vol au d\u00e9part de Grenoble [\/vc_column_text][vc_empty_space height=\u00a0\u00bb25px\u00a0\u00bb][vc_btn title=\u00a0\u00bbR\u00e9server sur heligo.aero\u00a0\u00bb shape=\u00a0\u00bbsquare\u00a0\u00bb color=\u00a0\u00bbblack\u00a0\u00bb align=\u00a0\u00bbcenter\u00a0\u00bb i_align=\u00a0\u00bbright\u00a0\u00bb i_icon_fontawesome=\u00a0\u00bbfas fa-sign-out-alt\u00a0\u00bb add_icon=\u00a0\u00bbtrue\u00a0\u00bb link=\u00a0\u00bburl:https%3A%2F%2Fheligo.aero%2Ffr%2Frecherche%3Fcontroller%3Dsearch%26s%3Dgrenoble|target:_blank\u00a0\u00bb][\/vc_column][\/vc_row][vc_row top_padding=\u00a0\u00bb50&Prime; bottom_padding=\u00a0\u00bb50&Prime;][vc_column width=\u00a0\u00bb2\/3&Prime;][vc_gmaps link=\u00a0\u00bb#E-8_JTNDaWZyYW1lJTIwc3JjJTNEJTIyaHR0cHMlM0ElMkYlMkZ3d3cuZ29vZ2xlLmNvbSUyRm1hcHMlMkZlbWJlZCUzRnBiJTNEJTIxMW0xOCUyMTFtMTIlMjExbTMlMjExZDI4MTAuNTIyOTMzODMzMjIzMyUyMTJkNS44NDc1NjA4MTU1NDkxNjYlMjEzZDQ1LjIxNjk4ODQ3OTA5ODc0NSUyMTJtMyUyMTFmMCUyMTJmMCUyMTNmMCUyMTNtMiUyMTFpMTAyNCUyMTJpNzY4JTIxNGYxMy4xJTIxM20zJTIxMW0yJTIxMXMweDQ3OGE1ZWQ2NTRlNzhlZmIlMjUzQTB4MzMyMDdiMDA0Zjc1YTIzNSUyMTJzQWVyb2Ryb21lJTJCR3Jlbm9ibGUlMkJMZSUyQlZlcnNvdWQlMjE1ZTAlMjEzbTIlMjExc2ZyJTIxMnNmciUyMTR2MTU2MjY2MDIyNTU2NCUyMTVtMiUyMTFzZnIlMjEyc2ZyJTIyJTIwd2lkdGglM0QlMjI2MDAlMjIlMjBoZWlnaHQlM0QlMjI0NTAlMjIlMjBmcmFtZWJvcmRlciUzRCUyMjAlMjIlMjBzdHlsZSUzRCUyMmJvcmRlciUzQTAlMjIlMjBhbGxvd2Z1bGxzY3JlZW4lM0UlM0MlMkZpZnJhbWUlM0U=\u00a0\u00bb][\/vc_column][vc_column width=\u00a0\u00bb1\/3&Prime;][vc_btn title=\u00a0\u00bbMeteo\u00a0\u00bb style=\u00a0\u00bbclassic\u00a0\u00bb shape=\u00a0\u00bbsquare\u00a0\u00bb color=\u00a0\u00bbwhite\u00a0\u00bb size=\u00a0\u00bbsm\u00a0\u00bb align=\u00a0\u00bbleft\u00a0\u00bb i_icon_fontawesome=\u00a0\u00bbfas fa-sun\u00a0\u00bb css=\u00a0\u00bb.vc_custom_1585732934969{margin-bottom: 10px !important;}\u00a0\u00bb button_block=\u00a0\u00bbtrue\u00a0\u00bb add_icon=\u00a0\u00bbtrue\u00a0\u00bb link=\u00a0\u00bburl:http%3A%2F%2Fwww.meteofrance.com%2Fprevisions-meteo-france%2Fle-versoud%2F38420||target:%20_blank|\u00a0\u00bb][vc_btn title=\u00a0\u00bbPilot Map\u00a0\u00bb style=\u00a0\u00bbclassic\u00a0\u00bb shape=\u00a0\u00bbsquare\u00a0\u00bb color=\u00a0\u00bbwhite\u00a0\u00bb size=\u00a0\u00bbsm\u00a0\u00bb align=\u00a0\u00bbleft\u00a0\u00bb i_icon_fontawesome=\u00a0\u00bbfar fa-map\u00a0\u00bb css=\u00a0\u00bb.vc_custom_1585732946287{margin-bottom: 10px !important;}\u00a0\u00bb button_block=\u00a0\u00bbtrue\u00a0\u00bb add_icon=\u00a0\u00bbtrue\u00a0\u00bb link=\u00a0\u00bburl:http%3A%2F%2Fwww.mbh.fr%2Fwp-content%2Fuploads%2F2017%2F11%2FAD-2.LFLG-grenoble.pdf||target:%20_blank|\u00a0\u00bb][\/vc_column][\/vc_row]<\/p>\n","protected":false},"author":7,"featured_media":0,"parent":2896,"menu_order":160,"comment_status":"closed","ping_status":"closed","template":"page-base.php","meta":{"_acf_changed":false,"footnotes":""},"class_list":["post-2952","page","type-page","status-publish","hentry"],"acf":[],"yoast_head":"<!-- This site is optimized with the Yoast SEO plugin v26.9 - https:\/\/yoast.com\/product\/yoast-seo-wordpress\/ -->\n<title>Base de GRENOBLE - Mont-Blanc H\u00e9licopt\u00e8res<\/title>\n<meta name=\"description\" content=\"Vivez une exp\u00e9rience inoubliable lors d&#039;un vol panoramique, d\u00e9couvrez les plus beaux sommets de la r\u00e9gion : Le Versoud, la vall\u00e9e de Gr\u00e9sivaudan...\" \/>\n<meta name=\"robots\" content=\"index, follow, max-snippet:-1, max-image-preview:large, max-video-preview:-1\" \/>\n<link rel=\"canonical\" href=\"https:\/\/www.mbh.fr\/fr\/nos-bases\/grenoble\/\" \/>\n<meta property=\"og:locale\" content=\"fr_FR\" \/>\n<meta property=\"og:type\" content=\"article\" \/>\n<meta property=\"og:title\" content=\"Base de GRENOBLE - Mont-Blanc H\u00e9licopt\u00e8res\" \/>\n<meta property=\"og:description\" content=\"Vivez une exp\u00e9rience inoubliable lors d&#039;un vol panoramique, d\u00e9couvrez les plus beaux sommets de la r\u00e9gion : Le Versoud, la vall\u00e9e de Gr\u00e9sivaudan...\" \/>\n<meta property=\"og:url\" content=\"https:\/\/www.mbh.fr\/fr\/nos-bases\/grenoble\/\" \/>\n<meta property=\"og:site_name\" content=\"Mont-Blanc H\u00e9licopt\u00e8res\" \/>\n<meta property=\"article:publisher\" content=\"https:\/\/www.facebook.com\/MontBlancHelicopteres\/\" \/>\n<meta property=\"article:modified_time\" content=\"2024-06-17T07:48:06+00:00\" \/>\n<meta name=\"twitter:card\" content=\"summary_large_image\" \/>\n<meta name=\"twitter:site\" content=\"@MBHelicopteres\" \/>\n<meta name=\"twitter:label1\" content=\"Dur\u00e9e de lecture estim\u00e9e\" \/>\n\t<meta name=\"twitter:data1\" content=\"2 minutes\" \/>\n<script type=\"application\/ld+json\" class=\"yoast-schema-graph\">{\"@context\":\"https:\/\/schema.org\",\"@graph\":[{\"@type\":\"WebPage\",\"@id\":\"https:\/\/www.mbh.fr\/fr\/nos-bases\/grenoble\/\",\"url\":\"https:\/\/www.mbh.fr\/fr\/nos-bases\/grenoble\/\",\"name\":\"Base de GRENOBLE - Mont-Blanc H\u00e9licopt\u00e8res\",\"isPartOf\":{\"@id\":\"https:\/\/www.mbh.fr\/fr\/#website\"},\"datePublished\":\"2018-01-25T09:53:31+00:00\",\"dateModified\":\"2024-06-17T07:48:06+00:00\",\"description\":\"Vivez une exp\u00e9rience inoubliable lors d'un vol panoramique, d\u00e9couvrez les plus beaux sommets de la r\u00e9gion : Le Versoud, la vall\u00e9e de Gr\u00e9sivaudan...\",\"breadcrumb\":{\"@id\":\"https:\/\/www.mbh.fr\/fr\/nos-bases\/grenoble\/#breadcrumb\"},\"inLanguage\":\"fr-FR\",\"potentialAction\":[{\"@type\":\"ReadAction\",\"target\":[\"https:\/\/www.mbh.fr\/fr\/nos-bases\/grenoble\/\"]}]},{\"@type\":\"BreadcrumbList\",\"@id\":\"https:\/\/www.mbh.fr\/fr\/nos-bases\/grenoble\/#breadcrumb\",\"itemListElement\":[{\"@type\":\"ListItem\",\"position\":1,\"name\":\"Accueil\",\"item\":\"https:\/\/www.mbh.fr\/fr\/\"},{\"@type\":\"ListItem\",\"position\":2,\"name\":\"NOS BASES\",\"item\":\"https:\/\/www.mbh.fr\/fr\/nos-bases\/\"},{\"@type\":\"ListItem\",\"position\":3,\"name\":\"GRENOBLE\"}]},{\"@type\":\"WebSite\",\"@id\":\"https:\/\/www.mbh.fr\/fr\/#website\",\"url\":\"https:\/\/www.mbh.fr\/fr\/\",\"name\":\"Mont-Blanc H\u00e9licopt\u00e8res\",\"description\":\"\",\"publisher\":{\"@id\":\"https:\/\/www.mbh.fr\/fr\/#organization\"},\"potentialAction\":[{\"@type\":\"SearchAction\",\"target\":{\"@type\":\"EntryPoint\",\"urlTemplate\":\"https:\/\/www.mbh.fr\/fr\/?s={search_term_string}\"},\"query-input\":{\"@type\":\"PropertyValueSpecification\",\"valueRequired\":true,\"valueName\":\"search_term_string\"}}],\"inLanguage\":\"fr-FR\"},{\"@type\":\"Organization\",\"@id\":\"https:\/\/www.mbh.fr\/fr\/#organization\",\"name\":\"mont blanc h\u00e9licopt\u00e8res\",\"url\":\"https:\/\/www.mbh.fr\/fr\/\",\"logo\":{\"@type\":\"ImageObject\",\"inLanguage\":\"fr-FR\",\"@id\":\"https:\/\/www.mbh.fr\/fr\/#\/schema\/logo\/image\/\",\"url\":\"\",\"contentUrl\":\"\",\"caption\":\"mont blanc h\u00e9licopt\u00e8res\"},\"image\":{\"@id\":\"https:\/\/www.mbh.fr\/fr\/#\/schema\/logo\/image\/\"},\"sameAs\":[\"https:\/\/www.facebook.com\/MontBlancHelicopteres\/\",\"https:\/\/x.com\/MBHelicopteres\",\"https:\/\/www.instagram.com\/montblanchelicopteres\/\",\"https:\/\/www.linkedin.com\/company\/715290\/\"]}]}<\/script>\n<!-- \/ Yoast SEO plugin. -->","yoast_head_json":{"title":"Base de GRENOBLE - Mont-Blanc H\u00e9licopt\u00e8res","description":"Vivez une exp\u00e9rience inoubliable lors d'un vol panoramique, d\u00e9couvrez les plus beaux sommets de la r\u00e9gion : Le Versoud, la vall\u00e9e de Gr\u00e9sivaudan...","robots":{"index":"index","follow":"follow","max-snippet":"max-snippet:-1","max-image-preview":"max-image-preview:large","max-video-preview":"max-video-preview:-1"},"canonical":"https:\/\/www.mbh.fr\/fr\/nos-bases\/grenoble\/","og_locale":"fr_FR","og_type":"article","og_title":"Base de GRENOBLE - Mont-Blanc H\u00e9licopt\u00e8res","og_description":"Vivez une exp\u00e9rience inoubliable lors d'un vol panoramique, d\u00e9couvrez les plus beaux sommets de la r\u00e9gion : Le Versoud, la vall\u00e9e de Gr\u00e9sivaudan...","og_url":"https:\/\/www.mbh.fr\/fr\/nos-bases\/grenoble\/","og_site_name":"Mont-Blanc H\u00e9licopt\u00e8res","article_publisher":"https:\/\/www.facebook.com\/MontBlancHelicopteres\/","article_modified_time":"2024-06-17T07:48:06+00:00","twitter_card":"summary_large_image","twitter_site":"@MBHelicopteres","twitter_misc":{"Dur\u00e9e de lecture estim\u00e9e":"2 minutes"},"schema":{"@context":"https:\/\/schema.org","@graph":[{"@type":"WebPage","@id":"https:\/\/www.mbh.fr\/fr\/nos-bases\/grenoble\/","url":"https:\/\/www.mbh.fr\/fr\/nos-bases\/grenoble\/","name":"Base de GRENOBLE - Mont-Blanc H\u00e9licopt\u00e8res","isPartOf":{"@id":"https:\/\/www.mbh.fr\/fr\/#website"},"datePublished":"2018-01-25T09:53:31+00:00","dateModified":"2024-06-17T07:48:06+00:00","description":"Vivez une exp\u00e9rience inoubliable lors d'un vol panoramique, d\u00e9couvrez les plus beaux sommets de la r\u00e9gion : Le Versoud, la vall\u00e9e de Gr\u00e9sivaudan...","breadcrumb":{"@id":"https:\/\/www.mbh.fr\/fr\/nos-bases\/grenoble\/#breadcrumb"},"inLanguage":"fr-FR","potentialAction":[{"@type":"ReadAction","target":["https:\/\/www.mbh.fr\/fr\/nos-bases\/grenoble\/"]}]},{"@type":"BreadcrumbList","@id":"https:\/\/www.mbh.fr\/fr\/nos-bases\/grenoble\/#breadcrumb","itemListElement":[{"@type":"ListItem","position":1,"name":"Accueil","item":"https:\/\/www.mbh.fr\/fr\/"},{"@type":"ListItem","position":2,"name":"NOS BASES","item":"https:\/\/www.mbh.fr\/fr\/nos-bases\/"},{"@type":"ListItem","position":3,"name":"GRENOBLE"}]},{"@type":"WebSite","@id":"https:\/\/www.mbh.fr\/fr\/#website","url":"https:\/\/www.mbh.fr\/fr\/","name":"Mont-Blanc H\u00e9licopt\u00e8res","description":"","publisher":{"@id":"https:\/\/www.mbh.fr\/fr\/#organization"},"potentialAction":[{"@type":"SearchAction","target":{"@type":"EntryPoint","urlTemplate":"https:\/\/www.mbh.fr\/fr\/?s={search_term_string}"},"query-input":{"@type":"PropertyValueSpecification","valueRequired":true,"valueName":"search_term_string"}}],"inLanguage":"fr-FR"},{"@type":"Organization","@id":"https:\/\/www.mbh.fr\/fr\/#organization","name":"mont blanc h\u00e9licopt\u00e8res","url":"https:\/\/www.mbh.fr\/fr\/","logo":{"@type":"ImageObject","inLanguage":"fr-FR","@id":"https:\/\/www.mbh.fr\/fr\/#\/schema\/logo\/image\/","url":"","contentUrl":"","caption":"mont blanc h\u00e9licopt\u00e8res"},"image":{"@id":"https:\/\/www.mbh.fr\/fr\/#\/schema\/logo\/image\/"},"sameAs":["https:\/\/www.facebook.com\/MontBlancHelicopteres\/","https:\/\/x.com\/MBHelicopteres","https:\/\/www.instagram.com\/montblanchelicopteres\/","https:\/\/www.linkedin.com\/company\/715290\/"]}]}},"_links":{"self":[{"href":"https:\/\/www.mbh.fr\/fr\/wp-json\/wp\/v2\/pages\/2952","targetHints":{"allow":["GET"]}}],"collection":[{"href":"https:\/\/www.mbh.fr\/fr\/wp-json\/wp\/v2\/pages"}],"about":[{"href":"https:\/\/www.mbh.fr\/fr\/wp-json\/wp\/v2\/types\/page"}],"author":[{"embeddable":true,"href":"https:\/\/www.mbh.fr\/fr\/wp-json\/wp\/v2\/users\/7"}],"replies":[{"embeddable":true,"href":"https:\/\/www.mbh.fr\/fr\/wp-json\/wp\/v2\/comments?post=2952"}],"version-history":[{"count":22,"href":"https:\/\/www.mbh.fr\/fr\/wp-json\/wp\/v2\/pages\/2952\/revisions"}],"predecessor-version":[{"id":14061,"href":"https:\/\/www.mbh.fr\/fr\/wp-json\/wp\/v2\/pages\/2952\/revisions\/14061"}],"up":[{"embeddable":true,"href":"https:\/\/www.mbh.fr\/fr\/wp-json\/wp\/v2\/pages\/2896"}],"wp:attachment":[{"href":"https:\/\/www.mbh.fr\/fr\/wp-json\/wp\/v2\/media?parent=2952"}],"curies":[{"name":"wp","href":"https:\/\/api.w.org\/{rel}","templated":true}]}}