{"id":2962,"date":"2018-01-25T10:54:31","date_gmt":"2018-01-25T09:54:31","guid":{"rendered":"http:\/\/www.mbh.fr\/?page_id=2962"},"modified":"2019-10-16T14:32:46","modified_gmt":"2019-10-16T12:32:46","slug":"mentions-legales","status":"publish","type":"page","link":"https:\/\/www.mbh.fr\/fr\/mentions-legales\/","title":{"rendered":"MENTIONS LEGALES"},"content":{"rendered":"<div class=\"wpb-content-wrapper\"><p>[vc_row][vc_column width=\u00a0\u00bb1\/2&Prime;][vc_column_text]<strong>\u00c9diteur du site<\/strong><\/p>\n<p>Le site <a href=\"http:\/\/www.mbh.fr\">www.mbh.fr<\/a> est la propri\u00e9t\u00e9 de la soci\u00e9t\u00e9 HBG FRANCE.<br \/>\nSi\u00e8ge social\u00a0:\u00a019 Rue Germain Sommeiller<br \/>\n74100 Annemasse \u2013 France<\/p>\n<p>Soci\u00e9t\u00e9 Anonyme<br \/>\nCapital Social : 7.191.734,96\u20ac<\/p>\n<p>TVA : FR 50 320 228 570<br \/>\nSIRET : 320 228 570 00042 \/ Thonon RCS<br \/>\nCode APE (NAF) : 5110Z<\/p>\n<p>Le directeur de la publication est Sarah Verdan<strong>,<\/strong> ayant la qualit\u00e9 de Responsable communication et marketing de la soci\u00e9t\u00e9 HBG FRANCE.<\/p>\n<p>&nbsp;<\/p>\n<p><strong>H\u00e9bergeur du site<\/strong><\/p>\n<p>Soci\u00e9t\u00e9\u00a0: Agence Komix<br \/>\nSi\u00e8ge social\u00a0: 498 Route des \u00c9tangs, 74150 Rumilly<br \/>\nT\u00e9l\u00e9phone\u00a0: <a class=\"fl r-iEhmHBNUcmJQ\" title=\"Appeler avec Hangouts\" href=\"https:\/\/www.google.fr\/search?source=hp&amp;ei=4wynXf2jH4K7gweszpDIDQ&amp;q=komix&amp;oq=komix&amp;gs_l=psy-ab.3..0l3j0i30l7.150.981..1102...0.0..0.58.253.5......0....1..gws-wiz.......0i131j0i10.wyr9NqZBS6M&amp;ved=0ahUKEwi9oarj46DlAhWC3eAKHSwnBNkQ4dUDCAU&amp;uact=5#\" data-ved=\"2ahUKEwjF1IPk46DlAhUG0uAKHUBcANAQkAgoADAnegQICxAP\" data-rtid=\"iEhmHBNUcmJQ\" data-pstn-out-call-url=\"\" data-number=\"+33456343060\">04 56 34 30 60<\/a><br \/>\nSite web\u00a0: <a href=\"https:\/\/www.komix.fr\/\">www.komix.fr\/<\/a><\/p>\n<p>&nbsp;<\/p>\n<p><strong>Politique de protection des donn\u00e9es personnelles<\/strong><\/p>\n<p>Le responsable du traitement des informations \u00e0 caract\u00e8re personnel est Sarah Verdan.<\/p>\n<p>Le pr\u00e9sent site et le traitement des donn\u00e9es \u00e0 caract\u00e8re personnel qui en d\u00e9coule ont fait l\u2019objet d\u2019une d\u00e9claration aupr\u00e8s de la CNIL sous le num\u00e9ro 2178757\u00a0 (<strong>Loi n\u00b0 78-17)<\/strong><\/p>\n<p>En conformit\u00e9 avec l\u2019article 3 de la loi \u00ab\u00a0Informatique et Libert\u00e9s\u00a0\u00bb du 6 Janvier 1978, vous disposez d\u2019un droit d\u2019acc\u00e8s, de modification, de rectification et de suppression des donn\u00e9es personnelles qui vous concernent. Vous pouvez exercer ce droit par simple demande par email ou par courrier.<\/p>\n<p>Le site <a href=\"https:\/\/www.mbh.fr\">www.mbh.fr<\/a> fait usage de cookies qui permettent les fonctionnalit\u00e9s suivantes\u00a0: <strong>un cookie concernant la mise en cache de l\u2019identifiant de l\u2019espace pro pour une dur\u00e9e de 2h pour vous permettre de consulter cet espace librement durant cette dur\u00e9e sans vous reconnecter.<\/strong> Si votre navigateur le permet, vous pouvez d\u00e9sactiver \u00e0 tout moment ces cookies. Cependant nous vous informons qu\u2019une telle d\u00e9sactivation pourrait limiter votre exp\u00e9rience utilisateur en emp\u00eachant le bon fonctionnement de certains services.<\/p>\n<p>&nbsp;<\/p>\n<p><strong>Contenu du site et propri\u00e9t\u00e9 intellectuelle<\/strong><\/p>\n<p>Les informations fournies sur <a href=\"https:\/\/www.mbh.fr\/\">www.mbh.fr <\/a>le sont \u00e0 titre informatif.<\/p>\n<p>HBG France ne saurait garantir l\u2019exactitude, la compl\u00e9tude, l\u2019actualit\u00e9 des informations diffus\u00e9es sur le site. Les informations de ce site peuvent contenir des inexactitudes techniques ou des erreurs typographiques. Ces informations peuvent \u00eatre p\u00e9riodiquement modifi\u00e9es et les modifications seront incorpor\u00e9es dans les nouvelles \u00e9ditions.<br \/>\nHBG France peut, \u00e0 tout moment, sans pr\u00e9avis, apporter des am\u00e9liorations ou des changements aux produits, aux programmes ou aux services d\u00e9crits sur ce site.<\/p>\n<p>Toute reproduction, repr\u00e9sentation, modification, publication, transmission, d\u00e9naturation, totale ou partielle du site ou de son contenu, par quelque proc\u00e9d\u00e9 que ce soit, et sur quelque support que ce soit est interdite.<\/p>\n<p>Toute exploitation non autoris\u00e9e du site ou de son contenu, des informations qui y sont divulgu\u00e9es engagerait la responsabilit\u00e9 de l\u2019utilisateur et constituerait une contrefa\u00e7on sanctionn\u00e9e par les articles L 335-2 et suivants du Code de la Propri\u00e9t\u00e9 Intellectuelle.<\/p>\n<p>Il en est de m\u00eame des bases de donn\u00e9es figurant, le cas \u00e9ch\u00e9ant, sur le site <a href=\"https:\/\/www.mbh.fr\/\">www.mbh.fr<\/a> qui sont prot\u00e9g\u00e9es par les dispositions de la loi du 1er juillet 1998 portant transposition dans le Code de la Propri\u00e9t\u00e9 Intellectuelle de la Directive Europ\u00e9enne du 11 mars 1996 relative \u00e0 la protection juridique des bases de donn\u00e9es. A ce titre, toute reproduction ou extraction engagerait la responsabilit\u00e9 de l\u2019utilisateur.<\/p>\n<p>Le site <a href=\"https:\/\/www.mbh.fr\/\">www.mbh.fr<\/a> donne acc\u00e8s \u00e0 d\u2019autres sites via des liens hypertextes. HBG France n\u2019\u00e9tant pas le gestionnaire de ces sites, il ne peut en contr\u00f4ler le contenu. En cons\u00e9quence, HBG France ne pourra en aucun cas \u00eatre tenu pour responsable du contenu des sites ainsi accessibles, ou des \u00e9ventuelles collectes et transmission de donn\u00e9es personnelles, installation de cookies ou tout autre proc\u00e9d\u00e9 tendant aux m\u00eames fins, effectu\u00e9s par ces sites.<\/p>\n<p>&nbsp;<\/p>\n<p>Ce site est optimis\u00e9 pour un \u00e9cran de r\u00e9solution <strong>1024 x\u00a0768<\/strong> et pour <strong>Microsoft Internet Explorer\u00ae 9.0 et\u00a0 sup\u00e9rieures, Firefox 25.0 et sup\u00e9rieures, Safari 6.0 (Mac OS uniquement) et sup\u00e9rieures, Chrome 31.0 et sup\u00e9rieures.<\/strong><\/p>\n<p>&nbsp;<\/p>\n<p><strong>Cr\u00e9dits photos<\/strong><\/p>\n<p>HBG Group<\/p>\n<p>&nbsp;<\/p>\n<p><strong>Conception et r\u00e9alisation du site<\/strong><\/p>\n<p>Agence KOMIX[\/vc_column_text][vc_btn title=\u00a0\u00bb04 50 92 78 00&Prime; style=\u00a0\u00bbclassic\u00a0\u00bb shape=\u00a0\u00bbsquare\u00a0\u00bb color=\u00a0\u00bbwhite\u00a0\u00bb size=\u00a0\u00bbsm\u00a0\u00bb align=\u00a0\u00bbleft\u00a0\u00bb i_icon_fontawesome=\u00a0\u00bbfa fa-phone\u00a0\u00bb add_icon=\u00a0\u00bbtrue\u00a0\u00bb link=\u00a0\u00bburl:tel%3A0450927800|||\u00a0\u00bb css=\u00a0\u00bb.vc_custom_1518726571743{margin-top: 0px !important;margin-bottom: 10px !important;}\u00a0\u00bb][vc_btn title=\u00a0\u00bbinfo@mbh.fr\u00a0\u00bb style=\u00a0\u00bbclassic\u00a0\u00bb shape=\u00a0\u00bbsquare\u00a0\u00bb color=\u00a0\u00bbwhite\u00a0\u00bb size=\u00a0\u00bbsm\u00a0\u00bb align=\u00a0\u00bbleft\u00a0\u00bb i_icon_fontawesome=\u00a0\u00bbfa fa-envelope\u00a0\u00bb add_icon=\u00a0\u00bbtrue\u00a0\u00bb link=\u00a0\u00bburl:mailto%3Ainfo%40mbh.fr|||\u00a0\u00bb][\/vc_column][vc_column width=\u00a0\u00bb1\/2&Prime;]<div class=\"single_image wpb_content_element align-left    \" data-animation=\"none\" data-delay=\"0\"><img loading=\"lazy\" decoding=\"async\" width=\"2000\" height=\"1333\" src=\"https:\/\/www.mbh.fr\/wp-content\/uploads\/2017\/10\/7U1B8683.jpg\" class=\"attachment-full\" alt=\"\" title=\"7U1B8683\" srcset=\"https:\/\/www.mbh.fr\/wp-content\/uploads\/2017\/10\/7U1B8683.jpg 2000w, https:\/\/www.mbh.fr\/wp-content\/uploads\/2017\/10\/7U1B8683-1000x667.jpg 1000w, https:\/\/www.mbh.fr\/wp-content\/uploads\/2017\/10\/7U1B8683-1500x1000.jpg 1500w, https:\/\/www.mbh.fr\/wp-content\/uploads\/2017\/10\/7U1B8683-768x512.jpg 768w, https:\/\/www.mbh.fr\/wp-content\/uploads\/2017\/10\/7U1B8683-1536x1024.jpg 1536w, https:\/\/www.mbh.fr\/wp-content\/uploads\/2017\/10\/7U1B8683-600x400.jpg 600w\" sizes=\"auto, (max-width: 2000px) 100vw, 2000px\" \/><\/div>[\/vc_column][\/vc_row]<\/p>\n<\/div>","protected":false},"excerpt":{"rendered":"<p>[vc_row][vc_column width=\u00a0\u00bb1\/2&Prime;][vc_column_text]\u00c9diteur du site Le site www.mbh.fr est la propri\u00e9t\u00e9 de la soci\u00e9t\u00e9 HBG FRANCE. Si\u00e8ge social\u00a0:\u00a019 Rue Germain Sommeiller 74100 Annemasse \u2013 France Soci\u00e9t\u00e9 Anonyme Capital Social : 7.191.734,96\u20ac TVA : FR 50 320 228 570 SIRET : 320 228 570 00042 \/ Thonon RCS Code APE (NAF) : 5110Z Le directeur de la publication est Sarah Verdan, ayant la qualit\u00e9 de Responsable communication et marketing de la soci\u00e9t\u00e9 HBG FRANCE. &nbsp; H\u00e9bergeur du site Soci\u00e9t\u00e9\u00a0: Agence Komix Si\u00e8ge social\u00a0: 498 Route des \u00c9tangs, 74150 Rumilly T\u00e9l\u00e9phone\u00a0: 04 56 34 30 60 Site web\u00a0: www.komix.fr\/ &nbsp; Politique de protection des donn\u00e9es personnelles Le responsable du traitement des informations \u00e0 caract\u00e8re personnel est Sarah Verdan. Le pr\u00e9sent site et le traitement des donn\u00e9es \u00e0 caract\u00e8re personnel qui en d\u00e9coule ont fait l\u2019objet d\u2019une d\u00e9claration aupr\u00e8s de la CNIL sous le num\u00e9ro 2178757\u00a0 (Loi n\u00b0 78-17) En conformit\u00e9 avec l\u2019article 3 de la loi \u00ab\u00a0Informatique et Libert\u00e9s\u00a0\u00bb du 6 Janvier 1978, vous disposez d\u2019un droit d\u2019acc\u00e8s, de modification, de rectification et de suppression des donn\u00e9es personnelles qui vous concernent. Vous pouvez exercer ce droit par simple demande par email ou par courrier. Le site www.mbh.fr fait usage de cookies qui permettent [&hellip;]<\/p>\n","protected":false},"author":7,"featured_media":0,"parent":0,"menu_order":99,"comment_status":"closed","ping_status":"closed","template":"","meta":{"_acf_changed":false,"footnotes":""},"class_list":["post-2962","page","type-page","status-publish","hentry"],"acf":[],"yoast_head":"<!-- This site is optimized with the Yoast SEO plugin v26.9 - https:\/\/yoast.com\/product\/yoast-seo-wordpress\/ -->\n<title>MENTIONS LEGALES - Mont-Blanc H\u00e9licopt\u00e8res<\/title>\n<meta name=\"robots\" content=\"index, follow, max-snippet:-1, max-image-preview:large, max-video-preview:-1\" \/>\n<link rel=\"canonical\" href=\"https:\/\/www.mbh.fr\/fr\/mentions-legales\/\" \/>\n<meta property=\"og:locale\" content=\"fr_FR\" \/>\n<meta property=\"og:type\" content=\"article\" \/>\n<meta property=\"og:title\" content=\"MENTIONS LEGALES - Mont-Blanc H\u00e9licopt\u00e8res\" \/>\n<meta property=\"og:description\" content=\"[vc_row][vc_column width=\u00a0\u00bb1\/2&Prime;][vc_column_text]\u00c9diteur du site Le site www.mbh.fr est la propri\u00e9t\u00e9 de la soci\u00e9t\u00e9 HBG FRANCE. Si\u00e8ge social\u00a0:\u00a019 Rue Germain Sommeiller 74100 Annemasse \u2013 France Soci\u00e9t\u00e9 Anonyme Capital Social : 7.191.734,96\u20ac TVA : FR 50 320 228 570 SIRET : 320 228 570 00042 \/ Thonon RCS Code APE (NAF) : 5110Z Le directeur de la publication est Sarah Verdan, ayant la qualit\u00e9 de Responsable communication et marketing de la soci\u00e9t\u00e9 HBG FRANCE. &nbsp; H\u00e9bergeur du site Soci\u00e9t\u00e9\u00a0: Agence Komix Si\u00e8ge social\u00a0: 498 Route des \u00c9tangs, 74150 Rumilly T\u00e9l\u00e9phone\u00a0: 04 56 34 30 60 Site web\u00a0: www.komix.fr\/ &nbsp; Politique de protection des donn\u00e9es personnelles Le responsable du traitement des informations \u00e0 caract\u00e8re personnel est Sarah Verdan. Le pr\u00e9sent site et le traitement des donn\u00e9es \u00e0 caract\u00e8re personnel qui en d\u00e9coule ont fait l\u2019objet d\u2019une d\u00e9claration aupr\u00e8s de la CNIL sous le num\u00e9ro 2178757\u00a0 (Loi n\u00b0 78-17) En conformit\u00e9 avec l\u2019article 3 de la loi \u00ab\u00a0Informatique et Libert\u00e9s\u00a0\u00bb du 6 Janvier 1978, vous disposez d\u2019un droit d\u2019acc\u00e8s, de modification, de rectification et de suppression des donn\u00e9es personnelles qui vous concernent. Vous pouvez exercer ce droit par simple demande par email ou par courrier. Le site www.mbh.fr fait usage de cookies qui permettent [&hellip;]\" \/>\n<meta property=\"og:url\" content=\"https:\/\/www.mbh.fr\/fr\/mentions-legales\/\" \/>\n<meta property=\"og:site_name\" content=\"Mont-Blanc H\u00e9licopt\u00e8res\" \/>\n<meta property=\"article:publisher\" content=\"https:\/\/www.facebook.com\/MontBlancHelicopteres\/\" \/>\n<meta property=\"article:modified_time\" content=\"2019-10-16T12:32:46+00:00\" \/>\n<meta name=\"twitter:card\" content=\"summary_large_image\" \/>\n<meta name=\"twitter:site\" content=\"@MBHelicopteres\" \/>\n<meta name=\"twitter:label1\" content=\"Dur\u00e9e de lecture estim\u00e9e\" \/>\n\t<meta name=\"twitter:data1\" content=\"4 minutes\" \/>\n<script type=\"application\/ld+json\" class=\"yoast-schema-graph\">{\"@context\":\"https:\/\/schema.org\",\"@graph\":[{\"@type\":\"WebPage\",\"@id\":\"https:\/\/www.mbh.fr\/fr\/mentions-legales\/\",\"url\":\"https:\/\/www.mbh.fr\/fr\/mentions-legales\/\",\"name\":\"MENTIONS LEGALES - Mont-Blanc H\u00e9licopt\u00e8res\",\"isPartOf\":{\"@id\":\"https:\/\/www.mbh.fr\/fr\/#website\"},\"datePublished\":\"2018-01-25T09:54:31+00:00\",\"dateModified\":\"2019-10-16T12:32:46+00:00\",\"breadcrumb\":{\"@id\":\"https:\/\/www.mbh.fr\/fr\/mentions-legales\/#breadcrumb\"},\"inLanguage\":\"fr-FR\",\"potentialAction\":[{\"@type\":\"ReadAction\",\"target\":[\"https:\/\/www.mbh.fr\/fr\/mentions-legales\/\"]}]},{\"@type\":\"BreadcrumbList\",\"@id\":\"https:\/\/www.mbh.fr\/fr\/mentions-legales\/#breadcrumb\",\"itemListElement\":[{\"@type\":\"ListItem\",\"position\":1,\"name\":\"Accueil\",\"item\":\"https:\/\/www.mbh.fr\/fr\/\"},{\"@type\":\"ListItem\",\"position\":2,\"name\":\"MENTIONS LEGALES\"}]},{\"@type\":\"WebSite\",\"@id\":\"https:\/\/www.mbh.fr\/fr\/#website\",\"url\":\"https:\/\/www.mbh.fr\/fr\/\",\"name\":\"Mont-Blanc H\u00e9licopt\u00e8res\",\"description\":\"\",\"publisher\":{\"@id\":\"https:\/\/www.mbh.fr\/fr\/#organization\"},\"potentialAction\":[{\"@type\":\"SearchAction\",\"target\":{\"@type\":\"EntryPoint\",\"urlTemplate\":\"https:\/\/www.mbh.fr\/fr\/?s={search_term_string}\"},\"query-input\":{\"@type\":\"PropertyValueSpecification\",\"valueRequired\":true,\"valueName\":\"search_term_string\"}}],\"inLanguage\":\"fr-FR\"},{\"@type\":\"Organization\",\"@id\":\"https:\/\/www.mbh.fr\/fr\/#organization\",\"name\":\"mont blanc h\u00e9licopt\u00e8res\",\"url\":\"https:\/\/www.mbh.fr\/fr\/\",\"logo\":{\"@type\":\"ImageObject\",\"inLanguage\":\"fr-FR\",\"@id\":\"https:\/\/www.mbh.fr\/fr\/#\/schema\/logo\/image\/\",\"url\":\"\",\"contentUrl\":\"\",\"caption\":\"mont blanc h\u00e9licopt\u00e8res\"},\"image\":{\"@id\":\"https:\/\/www.mbh.fr\/fr\/#\/schema\/logo\/image\/\"},\"sameAs\":[\"https:\/\/www.facebook.com\/MontBlancHelicopteres\/\",\"https:\/\/x.com\/MBHelicopteres\",\"https:\/\/www.instagram.com\/montblanchelicopteres\/\",\"https:\/\/www.linkedin.com\/company\/715290\/\"]}]}<\/script>\n<!-- \/ Yoast SEO plugin. -->","yoast_head_json":{"title":"MENTIONS LEGALES - Mont-Blanc H\u00e9licopt\u00e8res","robots":{"index":"index","follow":"follow","max-snippet":"max-snippet:-1","max-image-preview":"max-image-preview:large","max-video-preview":"max-video-preview:-1"},"canonical":"https:\/\/www.mbh.fr\/fr\/mentions-legales\/","og_locale":"fr_FR","og_type":"article","og_title":"MENTIONS LEGALES - Mont-Blanc H\u00e9licopt\u00e8res","og_description":"[vc_row][vc_column width=\u00a0\u00bb1\/2&Prime;][vc_column_text]\u00c9diteur du site Le site www.mbh.fr est la propri\u00e9t\u00e9 de la soci\u00e9t\u00e9 HBG FRANCE. Si\u00e8ge social\u00a0:\u00a019 Rue Germain Sommeiller 74100 Annemasse \u2013 France Soci\u00e9t\u00e9 Anonyme Capital Social : 7.191.734,96\u20ac TVA : FR 50 320 228 570 SIRET : 320 228 570 00042 \/ Thonon RCS Code APE (NAF) : 5110Z Le directeur de la publication est Sarah Verdan, ayant la qualit\u00e9 de Responsable communication et marketing de la soci\u00e9t\u00e9 HBG FRANCE. &nbsp; H\u00e9bergeur du site Soci\u00e9t\u00e9\u00a0: Agence Komix Si\u00e8ge social\u00a0: 498 Route des \u00c9tangs, 74150 Rumilly T\u00e9l\u00e9phone\u00a0: 04 56 34 30 60 Site web\u00a0: www.komix.fr\/ &nbsp; Politique de protection des donn\u00e9es personnelles Le responsable du traitement des informations \u00e0 caract\u00e8re personnel est Sarah Verdan. Le pr\u00e9sent site et le traitement des donn\u00e9es \u00e0 caract\u00e8re personnel qui en d\u00e9coule ont fait l\u2019objet d\u2019une d\u00e9claration aupr\u00e8s de la CNIL sous le num\u00e9ro 2178757\u00a0 (Loi n\u00b0 78-17) En conformit\u00e9 avec l\u2019article 3 de la loi \u00ab\u00a0Informatique et Libert\u00e9s\u00a0\u00bb du 6 Janvier 1978, vous disposez d\u2019un droit d\u2019acc\u00e8s, de modification, de rectification et de suppression des donn\u00e9es personnelles qui vous concernent. Vous pouvez exercer ce droit par simple demande par email ou par courrier. Le site www.mbh.fr fait usage de cookies qui permettent [&hellip;]","og_url":"https:\/\/www.mbh.fr\/fr\/mentions-legales\/","og_site_name":"Mont-Blanc H\u00e9licopt\u00e8res","article_publisher":"https:\/\/www.facebook.com\/MontBlancHelicopteres\/","article_modified_time":"2019-10-16T12:32:46+00:00","twitter_card":"summary_large_image","twitter_site":"@MBHelicopteres","twitter_misc":{"Dur\u00e9e de lecture estim\u00e9e":"4 minutes"},"schema":{"@context":"https:\/\/schema.org","@graph":[{"@type":"WebPage","@id":"https:\/\/www.mbh.fr\/fr\/mentions-legales\/","url":"https:\/\/www.mbh.fr\/fr\/mentions-legales\/","name":"MENTIONS LEGALES - Mont-Blanc H\u00e9licopt\u00e8res","isPartOf":{"@id":"https:\/\/www.mbh.fr\/fr\/#website"},"datePublished":"2018-01-25T09:54:31+00:00","dateModified":"2019-10-16T12:32:46+00:00","breadcrumb":{"@id":"https:\/\/www.mbh.fr\/fr\/mentions-legales\/#breadcrumb"},"inLanguage":"fr-FR","potentialAction":[{"@type":"ReadAction","target":["https:\/\/www.mbh.fr\/fr\/mentions-legales\/"]}]},{"@type":"BreadcrumbList","@id":"https:\/\/www.mbh.fr\/fr\/mentions-legales\/#breadcrumb","itemListElement":[{"@type":"ListItem","position":1,"name":"Accueil","item":"https:\/\/www.mbh.fr\/fr\/"},{"@type":"ListItem","position":2,"name":"MENTIONS LEGALES"}]},{"@type":"WebSite","@id":"https:\/\/www.mbh.fr\/fr\/#website","url":"https:\/\/www.mbh.fr\/fr\/","name":"Mont-Blanc H\u00e9licopt\u00e8res","description":"","publisher":{"@id":"https:\/\/www.mbh.fr\/fr\/#organization"},"potentialAction":[{"@type":"SearchAction","target":{"@type":"EntryPoint","urlTemplate":"https:\/\/www.mbh.fr\/fr\/?s={search_term_string}"},"query-input":{"@type":"PropertyValueSpecification","valueRequired":true,"valueName":"search_term_string"}}],"inLanguage":"fr-FR"},{"@type":"Organization","@id":"https:\/\/www.mbh.fr\/fr\/#organization","name":"mont blanc h\u00e9licopt\u00e8res","url":"https:\/\/www.mbh.fr\/fr\/","logo":{"@type":"ImageObject","inLanguage":"fr-FR","@id":"https:\/\/www.mbh.fr\/fr\/#\/schema\/logo\/image\/","url":"","contentUrl":"","caption":"mont blanc h\u00e9licopt\u00e8res"},"image":{"@id":"https:\/\/www.mbh.fr\/fr\/#\/schema\/logo\/image\/"},"sameAs":["https:\/\/www.facebook.com\/MontBlancHelicopteres\/","https:\/\/x.com\/MBHelicopteres","https:\/\/www.instagram.com\/montblanchelicopteres\/","https:\/\/www.linkedin.com\/company\/715290\/"]}]}},"_links":{"self":[{"href":"https:\/\/www.mbh.fr\/fr\/wp-json\/wp\/v2\/pages\/2962","targetHints":{"allow":["GET"]}}],"collection":[{"href":"https:\/\/www.mbh.fr\/fr\/wp-json\/wp\/v2\/pages"}],"about":[{"href":"https:\/\/www.mbh.fr\/fr\/wp-json\/wp\/v2\/types\/page"}],"author":[{"embeddable":true,"href":"https:\/\/www.mbh.fr\/fr\/wp-json\/wp\/v2\/users\/7"}],"replies":[{"embeddable":true,"href":"https:\/\/www.mbh.fr\/fr\/wp-json\/wp\/v2\/comments?post=2962"}],"version-history":[{"count":4,"href":"https:\/\/www.mbh.fr\/fr\/wp-json\/wp\/v2\/pages\/2962\/revisions"}],"predecessor-version":[{"id":5934,"href":"https:\/\/www.mbh.fr\/fr\/wp-json\/wp\/v2\/pages\/2962\/revisions\/5934"}],"wp:attachment":[{"href":"https:\/\/www.mbh.fr\/fr\/wp-json\/wp\/v2\/media?parent=2962"}],"curies":[{"name":"wp","href":"https:\/\/api.w.org\/{rel}","templated":true}]}}