{"id":5938,"date":"2019-10-16T15:26:31","date_gmt":"2019-10-16T13:26:31","guid":{"rendered":"https:\/\/www.mbh.fr\/?page_id=5938"},"modified":"2025-07-16T16:56:46","modified_gmt":"2025-07-16T14:56:46","slug":"avoriaz","status":"publish","type":"page","link":"https:\/\/www.mbh.fr\/fr\/nos-bases\/avoriaz\/","title":{"rendered":"AVORIAZ"},"content":{"rendered":"<div class=\"wpb-content-wrapper\"><p>[vc_row type=\u00a0\u00bbfull_width_section\u00a0\u00bb bg_image=\u00a0\u00bb11112&Prime; top_padding=\u00a0\u00bb200&Prime; bottom_padding=\u00a0\u00bb200&Prime;][vc_column width=\u00a0\u00bb1\/1&Prime;][\/vc_column][\/vc_row][vc_row top_padding=\u00a0\u00bb50&Prime; bottom_padding=\u00a0\u00bb50&Prime; class=\u00a0\u00bbbase-content\u00a0\u00bb][vc_column width=\u00a0\u00bb2\/3&Prime;][vc_column_text]<\/p>\n<h1 class=\"p1\">Base H\u00e9licopt\u00e8re<strong>\u00a0d&rsquo;Avoriaz<\/strong><\/h1>\n<p>[\/vc_column_text][vc_column_text]<\/p>\n<h2>Base de Secours en Montagne<\/h2>\n<p>[\/vc_column_text]<div class=\"newdivider align-left\" style=\"border-bottom-style: solid; border-color: #eeeeee; border-bottom-width: 4px; margin-top: 25px; margin-bottom: 25px; width: 10%; \"><\/div><div class=\"clear\"><\/div>[vc_row_inner][vc_column_inner width=\u00a0\u00bb2\/3&Prime;][vc_column_text]Notre base de secours \u00e0 Avoriaz, assure des interventions rapides et m\u00e9dicalis\u00e9es en montagne. Sp\u00e9cialis\u00e9e dans le sauvetage en altitude et la pr\u00e9vention des avalanches, elle garantit la s\u00e9curit\u00e9 des skieurs et snowboardeurs dans les domaines skiables des Portes du Soleil, du Grands Massif et du Chablais.[\/vc_column_text][\/vc_column_inner][vc_column_inner width=\u00a0\u00bb1\/3&Prime;][vc_single_image image=\u00a0\u00bb6178&Prime; img_size=\u00a0\u00bbmedium\u00a0\u00bb][\/vc_column_inner][\/vc_row_inner][\/vc_column][vc_column width=\u00a0\u00bb1\/3&Prime;]<div class=\"minti_boxedholder   clearfix\" style=\"padding: 20px; margin: 0px 0px 20px 0px; background-color: #f8f8f8; border-width: 1; border-color: #eeeeee; \">[vc_column_text]<strong>Avoriaz Altiport<br \/>\n<\/strong>Golf d&rsquo;Avoriaz &#8211; Col de la Joux Verte<br \/>\nRoute d&rsquo;Avoriaz, 74110 Morzine[\/vc_column_text][vc_btn title=\u00a0\u00bbGoogle Map\u00a0\u00bb style=\u00a0\u00bbclassic\u00a0\u00bb shape=\u00a0\u00bbsquare\u00a0\u00bb color=\u00a0\u00bbwhite\u00a0\u00bb size=\u00a0\u00bbsm\u00a0\u00bb align=\u00a0\u00bbleft\u00a0\u00bb i_icon_fontawesome=\u00a0\u00bbfar fa-map\u00a0\u00bb css=\u00a0\u00bb.vc_custom_1585570031524{margin-top: 10px !important;margin-bottom: 10px !important;}\u00a0\u00bb add_icon=\u00a0\u00bbtrue\u00a0\u00bb link=\u00a0\u00bburl:https%3A%2F%2Fgoo.gl%2Fmaps%2FxSupBycDobs||target:%20_blank|\u00a0\u00bb][vc_btn title=\u00a0\u00bb+33 4 50 92 78 00 (OPS)\u00a0\u00bb style=\u00a0\u00bbclassic\u00a0\u00bb shape=\u00a0\u00bbsquare\u00a0\u00bb color=\u00a0\u00bbwhite\u00a0\u00bb size=\u00a0\u00bbsm\u00a0\u00bb i_icon_fontawesome=\u00a0\u00bbfas fa-phone\u00a0\u00bb css=\u00a0\u00bb.vc_custom_1585569825020{margin-bottom: 10px !important;}\u00a0\u00bb add_icon=\u00a0\u00bbtrue\u00a0\u00bb link=\u00a0\u00bburl:tel%3A0450927800|||\u00a0\u00bb][vc_btn title=\u00a0\u00bbinfo@mbh.fr\u00a0\u00bb style=\u00a0\u00bbclassic\u00a0\u00bb shape=\u00a0\u00bbsquare\u00a0\u00bb color=\u00a0\u00bbwhite\u00a0\u00bb size=\u00a0\u00bbsm\u00a0\u00bb align=\u00a0\u00bbleft\u00a0\u00bb i_icon_fontawesome=\u00a0\u00bbfar fa-envelope\u00a0\u00bb css=\u00a0\u00bb.vc_custom_1585572405975{margin-bottom: 0px !important;}\u00a0\u00bb add_icon=\u00a0\u00bbtrue\u00a0\u00bb link=\u00a0\u00bburl:mailto%3Ainfo%40mbh.fr|||\u00a0\u00bb]<\/div><div class=\"minti_boxedholder specs color-light clearfix\" style=\"padding: 20px; margin: 50px 0 0 0; background-color: #0a0a0a; border-color: #f8f8f8; \">[vc_column_text]<\/p>\n<h3>H\u00e9licopt\u00e8res<\/h3>\n<p>[\/vc_column_text]<div class=\"minti_list wpb_content_element color-grey circlearrow show_separator\" style=\"\">\n<ul>\n<li>Mono Turbine : <a href=\"https:\/\/www.mbh.fr\/fr\/flotte\/\">AS350<\/a><\/li>\n<li>Bi Turbine : <a href=\"https:\/\/www.mbh.fr\/fr\/flotte\/\">AS355N<\/a>, <a href=\"https:\/\/www.mbh.fr\/fr\/flotte\/\">EC135<\/a><\/li>\n<\/ul>\n<\/div><\/div>[\/vc_column][\/vc_row][vc_row][vc_column width=\u00a0\u00bb1\/1&Prime;]<a href=\"https:\/\/www.mbh.fr\/fr\/nos-bases\/avoriaz\/secours-en-montagne-avoriaz\/\" target=\"_self\" class=\"catimage wpb_content_element color-light\" style=\"height: 300px;;\">\n\t\t\t<span style=\"background-image: url(https:\/\/www.mbh.fr\/wp-content\/uploads\/2020\/03\/alt-helicoptere-avoriaz-secours-montagne-piste-ski-scaled.jpg); height: 300px;;\"><\/span>\n\t\t\t<div class=\"catimage-overlay clearfix\" style=\"height: 300px;;\">\n\t\t\t\t<div class=\"catimage-text\">Secours en montagne Avoriaz<\/div>\n\t\t\t<\/div><\/a>[\/vc_column][\/vc_row][vc_row][vc_column width=\u00a0\u00bb1\/1&Prime;][vc_empty_space height=\u00a0\u00bb50px\u00a0\u00bb][vc_btn title=\u00a0\u00bbNous contacter\u00a0\u00bb shape=\u00a0\u00bbsquare\u00a0\u00bb color=\u00a0\u00bbblack\u00a0\u00bb align=\u00a0\u00bbcenter\u00a0\u00bb i_align=\u00a0\u00bbright\u00a0\u00bb i_icon_fontawesome=\u00a0\u00bbfas fa-sign-out-alt\u00a0\u00bb add_icon=\u00a0\u00bbtrue\u00a0\u00bb link=\u00a0\u00bburl:https%3A%2F%2Fwww.mbh.fr%2Ffr%2Fcontact%2F%3Frecipient%3DAvoriaz\u00a0\u00bb]<div class=\"newdivider align-center\" style=\"border-bottom-style: solid; border-color: #eeeeee; border-bottom-width: 4px; margin-top: 25px; margin-bottom: 25px; width: 10%; \"><\/div><div class=\"clear\"><\/div>[\/vc_column][\/vc_row][vc_row top_padding=\u00a0\u00bb50&Prime; bottom_padding=\u00a0\u00bb50&Prime;][vc_column width=\u00a0\u00bb2\/3&Prime;][vc_gmaps link=\u00a0\u00bb#E-8_JTNDaWZyYW1lJTIwc3JjJTNEJTIyaHR0cHMlM0ElMkYlMkZ3d3cuZ29vZ2xlLmNvbSUyRm1hcHMlMkZlbWJlZCUzRnBiJTNEJTIxMW0xNCUyMTFtOCUyMTFtMyUyMTFkMTEwNDYuMDczMzEyODE3MDg3JTIxMmQ2Ljc1OTE0NTMlMjEzZDQ2LjIwMDE0MyUyMTNtMiUyMTFpMTAyNCUyMTJpNzY4JTIxNGYxMy4xJTIxM20zJTIxMW0yJTIxMXMweDAlMjUzQTB4MjViMGYwMGFjYTI0YmNlNyUyMTJzTW9udCUyNTIwQmxhbmMlMjUyMEglMjVDMyUyNUE5bGljb3B0JTI1QzMlMjVBOHJlcyUyMTVlMCUyMTNtMiUyMTFzZnIlMjEyc2ZyJTIxNHYxNTcxMjM3MTg5OTk0JTIxNW0yJTIxMXNmciUyMTJzZnIlMjIlMjB3aWR0aCUzRCUyMjYwMCUyMiUyMGhlaWdodCUzRCUyMjQ1MCUyMiUyMGZyYW1lYm9yZGVyJTNEJTIyMCUyMiUyMHN0eWxlJTNEJTIyYm9yZGVyJTNBMCUzQiUyMiUyMGFsbG93ZnVsbHNjcmVlbiUzRCUyMiUyMiUzRSUzQyUyRmlmcmFtZSUzRQ==\u00a0\u00bb size=\u00a0\u00bb350&Prime;][\/vc_column][vc_column width=\u00a0\u00bb1\/3&Prime;][vc_btn title=\u00a0\u00bbM\u00e9t\u00e9o Avoriaz\u00a0\u00bb style=\u00a0\u00bbclassic\u00a0\u00bb shape=\u00a0\u00bbsquare\u00a0\u00bb color=\u00a0\u00bbwhite\u00a0\u00bb size=\u00a0\u00bbsm\u00a0\u00bb align=\u00a0\u00bbleft\u00a0\u00bb i_icon_fontawesome=\u00a0\u00bbfas fa-sun\u00a0\u00bb css=\u00a0\u00bb.vc_custom_1585572423517{margin-bottom: 10px !important;}\u00a0\u00bb add_icon=\u00a0\u00bbtrue\u00a0\u00bb link=\u00a0\u00bburl:http%3A%2F%2Fwww.meteofrance.com%2Fprevisions-meteo-montagne%2Favoriaz%2F74110||target:%20_blank|\u00a0\u00bb][vc_btn title=\u00a0\u00bbSite de la ville d&rsquo;Avoriaz\u00a0\u00bb style=\u00a0\u00bbclassic\u00a0\u00bb shape=\u00a0\u00bbsquare\u00a0\u00bb color=\u00a0\u00bbwhite\u00a0\u00bb size=\u00a0\u00bbsm\u00a0\u00bb align=\u00a0\u00bbleft\u00a0\u00bb i_icon_fontawesome=\u00a0\u00bbfas fa-external-link-alt\u00a0\u00bb css=\u00a0\u00bb.vc_custom_1585572435291{margin-bottom: 10px !important;}\u00a0\u00bb add_icon=\u00a0\u00bbtrue\u00a0\u00bb link=\u00a0\u00bburl:https%3A%2F%2Fwww.morzine-avoriaz.com%2F||target:%20_blank|\u00a0\u00bb][vc_btn title=\u00a0\u00bbWebcam\u00a0\u00bb style=\u00a0\u00bbclassic\u00a0\u00bb shape=\u00a0\u00bbsquare\u00a0\u00bb color=\u00a0\u00bbwhite\u00a0\u00bb size=\u00a0\u00bbsm\u00a0\u00bb align=\u00a0\u00bbleft\u00a0\u00bb i_icon_fontawesome=\u00a0\u00bbfas fa-video\u00a0\u00bb css=\u00a0\u00bb.vc_custom_1585569970484{margin-bottom: 10px !important;}\u00a0\u00bb add_icon=\u00a0\u00bbtrue\u00a0\u00bb link=\u00a0\u00bburl:https%3A%2F%2Fwww.avoriaz.com%2Ffr%2Flive%2Fwebcams||target:%20_blank|\u00a0\u00bb][\/vc_column][\/vc_row]<\/p>\n<\/div>","protected":false},"excerpt":{"rendered":"<p>[vc_row type=\u00a0\u00bbfull_width_section\u00a0\u00bb bg_image=\u00a0\u00bb11112&Prime; top_padding=\u00a0\u00bb200&Prime; bottom_padding=\u00a0\u00bb200&Prime;][vc_column width=\u00a0\u00bb1\/1&Prime;][\/vc_column][\/vc_row][vc_row top_padding=\u00a0\u00bb50&Prime; bottom_padding=\u00a0\u00bb50&Prime; class=\u00a0\u00bbbase-content\u00a0\u00bb][vc_column width=\u00a0\u00bb2\/3&Prime;][vc_column_text] Base H\u00e9licopt\u00e8re\u00a0d&rsquo;Avoriaz [\/vc_column_text][vc_column_text] Base de Secours en Montagne [\/vc_column_text][vc_row_inner][vc_column_inner width=\u00a0\u00bb2\/3&Prime;][vc_column_text]Notre base de secours \u00e0 Avoriaz, assure des interventions rapides et m\u00e9dicalis\u00e9es en montagne. Sp\u00e9cialis\u00e9e dans le sauvetage en altitude et la pr\u00e9vention des avalanches, elle garantit la s\u00e9curit\u00e9 des skieurs et snowboardeurs dans les domaines skiables des Portes du Soleil, du Grands Massif et du Chablais.[\/vc_column_text][\/vc_column_inner][vc_column_inner width=\u00a0\u00bb1\/3&Prime;][vc_single_image image=\u00a0\u00bb6178&Prime; img_size=\u00a0\u00bbmedium\u00a0\u00bb][\/vc_column_inner][\/vc_row_inner][\/vc_column][vc_column width=\u00a0\u00bb1\/3&Prime;][\/vc_column][\/vc_row][vc_row][vc_column width=\u00a0\u00bb1\/1&Prime;][\/vc_column][\/vc_row][vc_row][vc_column width=\u00a0\u00bb1\/1&Prime;][vc_empty_space height=\u00a0\u00bb50px\u00a0\u00bb][vc_btn title=\u00a0\u00bbNous contacter\u00a0\u00bb shape=\u00a0\u00bbsquare\u00a0\u00bb color=\u00a0\u00bbblack\u00a0\u00bb align=\u00a0\u00bbcenter\u00a0\u00bb i_align=\u00a0\u00bbright\u00a0\u00bb i_icon_fontawesome=\u00a0\u00bbfas fa-sign-out-alt\u00a0\u00bb add_icon=\u00a0\u00bbtrue\u00a0\u00bb link=\u00a0\u00bburl:https%3A%2F%2Fwww.mbh.fr%2Ffr%2Fcontact%2F%3Frecipient%3DAvoriaz\u00a0\u00bb][\/vc_column][\/vc_row][vc_row top_padding=\u00a0\u00bb50&Prime; bottom_padding=\u00a0\u00bb50&Prime;][vc_column width=\u00a0\u00bb2\/3&Prime;][vc_gmaps link=\u00a0\u00bb#E-8_JTNDaWZyYW1lJTIwc3JjJTNEJTIyaHR0cHMlM0ElMkYlMkZ3d3cuZ29vZ2xlLmNvbSUyRm1hcHMlMkZlbWJlZCUzRnBiJTNEJTIxMW0xNCUyMTFtOCUyMTFtMyUyMTFkMTEwNDYuMDczMzEyODE3MDg3JTIxMmQ2Ljc1OTE0NTMlMjEzZDQ2LjIwMDE0MyUyMTNtMiUyMTFpMTAyNCUyMTJpNzY4JTIxNGYxMy4xJTIxM20zJTIxMW0yJTIxMXMweDAlMjUzQTB4MjViMGYwMGFjYTI0YmNlNyUyMTJzTW9udCUyNTIwQmxhbmMlMjUyMEglMjVDMyUyNUE5bGljb3B0JTI1QzMlMjVBOHJlcyUyMTVlMCUyMTNtMiUyMTFzZnIlMjEyc2ZyJTIxNHYxNTcxMjM3MTg5OTk0JTIxNW0yJTIxMXNmciUyMTJzZnIlMjIlMjB3aWR0aCUzRCUyMjYwMCUyMiUyMGhlaWdodCUzRCUyMjQ1MCUyMiUyMGZyYW1lYm9yZGVyJTNEJTIyMCUyMiUyMHN0eWxlJTNEJTIyYm9yZGVyJTNBMCUzQiUyMiUyMGFsbG93ZnVsbHNjcmVlbiUzRCUyMiUyMiUzRSUzQyUyRmlmcmFtZSUzRQ==\u00a0\u00bb size=\u00a0\u00bb350&Prime;][\/vc_column][vc_column width=\u00a0\u00bb1\/3&Prime;][vc_btn title=\u00a0\u00bbM\u00e9t\u00e9o Avoriaz\u00a0\u00bb style=\u00a0\u00bbclassic\u00a0\u00bb shape=\u00a0\u00bbsquare\u00a0\u00bb color=\u00a0\u00bbwhite\u00a0\u00bb size=\u00a0\u00bbsm\u00a0\u00bb align=\u00a0\u00bbleft\u00a0\u00bb i_icon_fontawesome=\u00a0\u00bbfas fa-sun\u00a0\u00bb css=\u00a0\u00bb.vc_custom_1585572423517{margin-bottom: 10px !important;}\u00a0\u00bb add_icon=\u00a0\u00bbtrue\u00a0\u00bb link=\u00a0\u00bburl:http%3A%2F%2Fwww.meteofrance.com%2Fprevisions-meteo-montagne%2Favoriaz%2F74110||target:%20_blank|\u00a0\u00bb][vc_btn title=\u00a0\u00bbSite de la ville d&rsquo;Avoriaz\u00a0\u00bb style=\u00a0\u00bbclassic\u00a0\u00bb shape=\u00a0\u00bbsquare\u00a0\u00bb color=\u00a0\u00bbwhite\u00a0\u00bb size=\u00a0\u00bbsm\u00a0\u00bb align=\u00a0\u00bbleft\u00a0\u00bb i_icon_fontawesome=\u00a0\u00bbfas fa-external-link-alt\u00a0\u00bb css=\u00a0\u00bb.vc_custom_1585572435291{margin-bottom: 10px !important;}\u00a0\u00bb add_icon=\u00a0\u00bbtrue\u00a0\u00bb link=\u00a0\u00bburl:https%3A%2F%2Fwww.morzine-avoriaz.com%2F||target:%20_blank|\u00a0\u00bb][vc_btn title=\u00a0\u00bbWebcam\u00a0\u00bb style=\u00a0\u00bbclassic\u00a0\u00bb shape=\u00a0\u00bbsquare\u00a0\u00bb color=\u00a0\u00bbwhite\u00a0\u00bb size=\u00a0\u00bbsm\u00a0\u00bb align=\u00a0\u00bbleft\u00a0\u00bb i_icon_fontawesome=\u00a0\u00bbfas fa-video\u00a0\u00bb css=\u00a0\u00bb.vc_custom_1585569970484{margin-bottom: 10px !important;}\u00a0\u00bb add_icon=\u00a0\u00bbtrue\u00a0\u00bb link=\u00a0\u00bburl:https%3A%2F%2Fwww.avoriaz.com%2Ffr%2Flive%2Fwebcams||target:%20_blank|\u00a0\u00bb][\/vc_column][\/vc_row]<\/p>\n","protected":false},"author":5,"featured_media":0,"parent":2896,"menu_order":0,"comment_status":"closed","ping_status":"closed","template":"page-base.php","meta":{"_acf_changed":false,"footnotes":""},"class_list":["post-5938","page","type-page","status-publish","hentry"],"acf":[],"yoast_head":"<!-- This site is optimized with the Yoast SEO plugin v26.9 - https:\/\/yoast.com\/product\/yoast-seo-wordpress\/ -->\n<title>Base d&#039;AVORIAZ - Mont-Blanc H\u00e9licopt\u00e8res<\/title>\n<meta name=\"description\" content=\"La base Mont Blanc H\u00e9licopt\u00e8res d&#039;Avoriaz, assure le secours en montagne sur les pistes de ski des Portes du Soleil et du Grand Massif.\" \/>\n<meta name=\"robots\" content=\"index, follow, max-snippet:-1, max-image-preview:large, max-video-preview:-1\" \/>\n<link rel=\"canonical\" href=\"https:\/\/www.mbh.fr\/fr\/nos-bases\/avoriaz\/\" \/>\n<meta property=\"og:locale\" content=\"fr_FR\" \/>\n<meta property=\"og:type\" content=\"article\" \/>\n<meta property=\"og:title\" content=\"Base d&#039;AVORIAZ - Mont-Blanc H\u00e9licopt\u00e8res\" \/>\n<meta property=\"og:description\" content=\"La base Mont Blanc H\u00e9licopt\u00e8res d&#039;Avoriaz, assure le secours en montagne sur les pistes de ski des Portes du Soleil et du Grand Massif.\" \/>\n<meta property=\"og:url\" content=\"https:\/\/www.mbh.fr\/fr\/nos-bases\/avoriaz\/\" \/>\n<meta property=\"og:site_name\" content=\"Mont-Blanc H\u00e9licopt\u00e8res\" \/>\n<meta property=\"article:publisher\" content=\"https:\/\/www.facebook.com\/MontBlancHelicopteres\/\" \/>\n<meta property=\"article:modified_time\" content=\"2025-07-16T14:56:46+00:00\" \/>\n<meta name=\"twitter:card\" content=\"summary_large_image\" \/>\n<meta name=\"twitter:site\" content=\"@MBHelicopteres\" \/>\n<meta name=\"twitter:label1\" content=\"Dur\u00e9e de lecture estim\u00e9e\" \/>\n\t<meta name=\"twitter:data1\" content=\"2 minutes\" \/>\n<script type=\"application\/ld+json\" class=\"yoast-schema-graph\">{\"@context\":\"https:\/\/schema.org\",\"@graph\":[{\"@type\":\"WebPage\",\"@id\":\"https:\/\/www.mbh.fr\/fr\/nos-bases\/avoriaz\/\",\"url\":\"https:\/\/www.mbh.fr\/fr\/nos-bases\/avoriaz\/\",\"name\":\"Base d'AVORIAZ - Mont-Blanc H\u00e9licopt\u00e8res\",\"isPartOf\":{\"@id\":\"https:\/\/www.mbh.fr\/fr\/#website\"},\"datePublished\":\"2019-10-16T13:26:31+00:00\",\"dateModified\":\"2025-07-16T14:56:46+00:00\",\"description\":\"La base Mont Blanc H\u00e9licopt\u00e8res d'Avoriaz, assure le secours en montagne sur les pistes de ski des Portes du Soleil et du Grand Massif.\",\"breadcrumb\":{\"@id\":\"https:\/\/www.mbh.fr\/fr\/nos-bases\/avoriaz\/#breadcrumb\"},\"inLanguage\":\"fr-FR\",\"potentialAction\":[{\"@type\":\"ReadAction\",\"target\":[\"https:\/\/www.mbh.fr\/fr\/nos-bases\/avoriaz\/\"]}]},{\"@type\":\"BreadcrumbList\",\"@id\":\"https:\/\/www.mbh.fr\/fr\/nos-bases\/avoriaz\/#breadcrumb\",\"itemListElement\":[{\"@type\":\"ListItem\",\"position\":1,\"name\":\"Accueil\",\"item\":\"https:\/\/www.mbh.fr\/fr\/\"},{\"@type\":\"ListItem\",\"position\":2,\"name\":\"NOS BASES\",\"item\":\"https:\/\/www.mbh.fr\/fr\/nos-bases\/\"},{\"@type\":\"ListItem\",\"position\":3,\"name\":\"AVORIAZ\"}]},{\"@type\":\"WebSite\",\"@id\":\"https:\/\/www.mbh.fr\/fr\/#website\",\"url\":\"https:\/\/www.mbh.fr\/fr\/\",\"name\":\"Mont-Blanc H\u00e9licopt\u00e8res\",\"description\":\"\",\"publisher\":{\"@id\":\"https:\/\/www.mbh.fr\/fr\/#organization\"},\"potentialAction\":[{\"@type\":\"SearchAction\",\"target\":{\"@type\":\"EntryPoint\",\"urlTemplate\":\"https:\/\/www.mbh.fr\/fr\/?s={search_term_string}\"},\"query-input\":{\"@type\":\"PropertyValueSpecification\",\"valueRequired\":true,\"valueName\":\"search_term_string\"}}],\"inLanguage\":\"fr-FR\"},{\"@type\":\"Organization\",\"@id\":\"https:\/\/www.mbh.fr\/fr\/#organization\",\"name\":\"mont blanc h\u00e9licopt\u00e8res\",\"url\":\"https:\/\/www.mbh.fr\/fr\/\",\"logo\":{\"@type\":\"ImageObject\",\"inLanguage\":\"fr-FR\",\"@id\":\"https:\/\/www.mbh.fr\/fr\/#\/schema\/logo\/image\/\",\"url\":\"\",\"contentUrl\":\"\",\"caption\":\"mont blanc h\u00e9licopt\u00e8res\"},\"image\":{\"@id\":\"https:\/\/www.mbh.fr\/fr\/#\/schema\/logo\/image\/\"},\"sameAs\":[\"https:\/\/www.facebook.com\/MontBlancHelicopteres\/\",\"https:\/\/x.com\/MBHelicopteres\",\"https:\/\/www.instagram.com\/montblanchelicopteres\/\",\"https:\/\/www.linkedin.com\/company\/715290\/\"]}]}<\/script>\n<!-- \/ Yoast SEO plugin. -->","yoast_head_json":{"title":"Base d'AVORIAZ - Mont-Blanc H\u00e9licopt\u00e8res","description":"La base Mont Blanc H\u00e9licopt\u00e8res d'Avoriaz, assure le secours en montagne sur les pistes de ski des Portes du Soleil et du Grand Massif.","robots":{"index":"index","follow":"follow","max-snippet":"max-snippet:-1","max-image-preview":"max-image-preview:large","max-video-preview":"max-video-preview:-1"},"canonical":"https:\/\/www.mbh.fr\/fr\/nos-bases\/avoriaz\/","og_locale":"fr_FR","og_type":"article","og_title":"Base d'AVORIAZ - Mont-Blanc H\u00e9licopt\u00e8res","og_description":"La base Mont Blanc H\u00e9licopt\u00e8res d'Avoriaz, assure le secours en montagne sur les pistes de ski des Portes du Soleil et du Grand Massif.","og_url":"https:\/\/www.mbh.fr\/fr\/nos-bases\/avoriaz\/","og_site_name":"Mont-Blanc H\u00e9licopt\u00e8res","article_publisher":"https:\/\/www.facebook.com\/MontBlancHelicopteres\/","article_modified_time":"2025-07-16T14:56:46+00:00","twitter_card":"summary_large_image","twitter_site":"@MBHelicopteres","twitter_misc":{"Dur\u00e9e de lecture estim\u00e9e":"2 minutes"},"schema":{"@context":"https:\/\/schema.org","@graph":[{"@type":"WebPage","@id":"https:\/\/www.mbh.fr\/fr\/nos-bases\/avoriaz\/","url":"https:\/\/www.mbh.fr\/fr\/nos-bases\/avoriaz\/","name":"Base d'AVORIAZ - Mont-Blanc H\u00e9licopt\u00e8res","isPartOf":{"@id":"https:\/\/www.mbh.fr\/fr\/#website"},"datePublished":"2019-10-16T13:26:31+00:00","dateModified":"2025-07-16T14:56:46+00:00","description":"La base Mont Blanc H\u00e9licopt\u00e8res d'Avoriaz, assure le secours en montagne sur les pistes de ski des Portes du Soleil et du Grand Massif.","breadcrumb":{"@id":"https:\/\/www.mbh.fr\/fr\/nos-bases\/avoriaz\/#breadcrumb"},"inLanguage":"fr-FR","potentialAction":[{"@type":"ReadAction","target":["https:\/\/www.mbh.fr\/fr\/nos-bases\/avoriaz\/"]}]},{"@type":"BreadcrumbList","@id":"https:\/\/www.mbh.fr\/fr\/nos-bases\/avoriaz\/#breadcrumb","itemListElement":[{"@type":"ListItem","position":1,"name":"Accueil","item":"https:\/\/www.mbh.fr\/fr\/"},{"@type":"ListItem","position":2,"name":"NOS BASES","item":"https:\/\/www.mbh.fr\/fr\/nos-bases\/"},{"@type":"ListItem","position":3,"name":"AVORIAZ"}]},{"@type":"WebSite","@id":"https:\/\/www.mbh.fr\/fr\/#website","url":"https:\/\/www.mbh.fr\/fr\/","name":"Mont-Blanc H\u00e9licopt\u00e8res","description":"","publisher":{"@id":"https:\/\/www.mbh.fr\/fr\/#organization"},"potentialAction":[{"@type":"SearchAction","target":{"@type":"EntryPoint","urlTemplate":"https:\/\/www.mbh.fr\/fr\/?s={search_term_string}"},"query-input":{"@type":"PropertyValueSpecification","valueRequired":true,"valueName":"search_term_string"}}],"inLanguage":"fr-FR"},{"@type":"Organization","@id":"https:\/\/www.mbh.fr\/fr\/#organization","name":"mont blanc h\u00e9licopt\u00e8res","url":"https:\/\/www.mbh.fr\/fr\/","logo":{"@type":"ImageObject","inLanguage":"fr-FR","@id":"https:\/\/www.mbh.fr\/fr\/#\/schema\/logo\/image\/","url":"","contentUrl":"","caption":"mont blanc h\u00e9licopt\u00e8res"},"image":{"@id":"https:\/\/www.mbh.fr\/fr\/#\/schema\/logo\/image\/"},"sameAs":["https:\/\/www.facebook.com\/MontBlancHelicopteres\/","https:\/\/x.com\/MBHelicopteres","https:\/\/www.instagram.com\/montblanchelicopteres\/","https:\/\/www.linkedin.com\/company\/715290\/"]}]}},"_links":{"self":[{"href":"https:\/\/www.mbh.fr\/fr\/wp-json\/wp\/v2\/pages\/5938","targetHints":{"allow":["GET"]}}],"collection":[{"href":"https:\/\/www.mbh.fr\/fr\/wp-json\/wp\/v2\/pages"}],"about":[{"href":"https:\/\/www.mbh.fr\/fr\/wp-json\/wp\/v2\/types\/page"}],"author":[{"embeddable":true,"href":"https:\/\/www.mbh.fr\/fr\/wp-json\/wp\/v2\/users\/5"}],"replies":[{"embeddable":true,"href":"https:\/\/www.mbh.fr\/fr\/wp-json\/wp\/v2\/comments?post=5938"}],"version-history":[{"count":19,"href":"https:\/\/www.mbh.fr\/fr\/wp-json\/wp\/v2\/pages\/5938\/revisions"}],"predecessor-version":[{"id":14351,"href":"https:\/\/www.mbh.fr\/fr\/wp-json\/wp\/v2\/pages\/5938\/revisions\/14351"}],"up":[{"embeddable":true,"href":"https:\/\/www.mbh.fr\/fr\/wp-json\/wp\/v2\/pages\/2896"}],"wp:attachment":[{"href":"https:\/\/www.mbh.fr\/fr\/wp-json\/wp\/v2\/media?parent=5938"}],"curies":[{"name":"wp","href":"https:\/\/api.w.org\/{rel}","templated":true}]}}