{"id":9014,"date":"2021-06-29T15:41:27","date_gmt":"2021-06-29T13:41:27","guid":{"rendered":"https:\/\/www.mbh.fr\/?page_id=9014"},"modified":"2023-09-12T17:08:51","modified_gmt":"2023-09-12T15:08:51","slug":"nos-bases-est","status":"publish","type":"page","link":"https:\/\/www.mbh.fr\/fr\/nos-bases-est\/","title":{"rendered":"Nos bases &#8211; Est"},"content":{"rendered":"<div class=\"wpb-content-wrapper\"><p>[vc_row type=\u00a0\u00bbfull_width_section\u00a0\u00bb bg_image=\u00a0\u00bb8935&Prime; top_padding=\u00a0\u00bb150&Prime; bottom_padding=\u00a0\u00bb150&Prime;][vc_column width=\u00a0\u00bb1\/1&Prime;][\/vc_column][\/vc_row][vc_row][vc_column width=\u00a0\u00bb1\/1&Prime;]<div class=\"spacer\" style=\"height: 40px;\"><\/div>[vc_single_image image=\u00a0\u00bb4473&Prime; img_size=\u00a0\u00bb120&#215;120&Prime; alignment=\u00a0\u00bbcenter\u00a0\u00bb el_class=\u00a0\u00bbisotype\u00a0\u00bb][vc_column_text]<\/p>\n<h2 style=\"text-align: center;\">NOS BASES <strong>EST<\/strong><\/h2>\n<p>[\/vc_column_text][vc_custom_heading text=\u00a0\u00bbSurvolez une r\u00e9gion de caract\u00e8re entre vignes, ch\u00e2teaux et sommets enneig\u00e9s, vus du ciel !\u00a0\u00bb font_container=\u00a0\u00bbtag:p|font_size:22px|text_align:center\u00a0\u00bb use_theme_fonts=\u00a0\u00bbyes\u00a0\u00bb][\/vc_column][\/vc_row][vc_row][vc_column el_class=\u00a0\u00bbkomix-base&#8211;details\u00a0\u00bb width=\u00a0\u00bb1\/1&Prime;][vc_single_image image=\u00a0\u00bb8914&Prime; img_size=\u00a0\u00bb\u00a0\u00bb alignment=\u00a0\u00bbcenter\u00a0\u00bb]<div class=\"minti_carousel  grab-false dots\" data-columns=\"1\" data-tabletcolumns=\"1\" data-nav=\"true\" data-pagination=\"false\" data-autoplay=\"true\" data-animationtime=\"8000\">[vc_column_text]<\/p>\n<h2 style=\"text-align: center;\">Le Massif de Belledonne et ses balcons 20 min sur Cabri G2 au d\u00e9part de Grenoble (vol privatif pour 1 personne)<\/h2>\n<p style=\"text-align: center;\">Vivez une exp\u00e9rience inoubliable lors d&rsquo;un vol en h\u00e9licopt\u00e8re de 20 minutes au dessus des fabuleux massifs de la r\u00e9gion grenobloise !<\/p>\n<p><a href=\"https:\/\/heligo.aero\/fr\/grenoble\/1-161-le-massif-de-belledonne-et-ses-balcons-20-min-en-cabri-g2-au-depart-de-grenoble-vol-privatif-pour-1-personne.html#\/29-contact_base-grenoble_aerodrome_du_versoud_04_76_77_37_45_grenoblembhfr\" target=\"_blank\" rel=\"noopener\">En savoir plus<\/a>[\/vc_column_text][vc_column_text]<\/p>\n<h2 style=\"text-align: center;\">Le Massif de Belledonne et ses balcons 20 min sur R44 au d\u00e9part de Grenoble (vol privatif pour 2 personnes)<\/h2>\n<p style=\"text-align: center;\">Vivez une exp\u00e9rience inoubliable lors d&rsquo;un vol en h\u00e9licopt\u00e8re de 20 minutes au dessus des fabuleux massifs de la r\u00e9gion grenobloise !<\/p>\n<p><a href=\"https:\/\/heligo.aero\/fr\/grenoble\/2-2-le-massif-de-belledonne-et-ses-balcons-20-min-en-r44-au-depart-de-grenoble-vol-privatif-pour-2-personnes.html#\/29-contact_base-grenoble_aerodrome_du_versoud_04_76_77_37_45_grenoblembhfr\" target=\"_blank\" rel=\"noopener\">En savoir plus<\/a>[\/vc_column_text][vc_column_text]<\/p>\n<h2 style=\"text-align: center;\">Vol panoramique de 30 min sur R44 au d\u00e9part de Grenoble (vol privatif pour 2 personnes)<\/h2>\n<p style=\"text-align: center;\">Vivez une exp\u00e9rience inoubliable lors d&rsquo;un vol en h\u00e9licopt\u00e8re de 30 minutes au dessus des fabuleux massifs de la r\u00e9gion grenobloise !<\/p>\n<p><a href=\"https:\/\/heligo.aero\/fr\/grenoble\/31-30-vol-panoramique-de-30-min-sur-r44-au-depart-de-grenoble-vol-privatif-pour-2-personnes.html#\/29-contact_base-grenoble_aerodrome_du_versoud_04_76_77_37_45_grenoblembhfr\" target=\"_blank\" rel=\"noopener\">En savoir plus<\/a>[\/vc_column_text][vc_column_text]<\/p>\n<h2 style=\"text-align: center;\">Vol panoramique de 15 min en AS350 au d\u00e9part de Grenoble (vol privatif pour 1 \u00e0 5 personnes)<\/h2>\n<p style=\"text-align: center;\">Vivez une exp\u00e9rience inoubliable lors d&rsquo;un vol en h\u00e9licopt\u00e8re de 15 minutes au dessus des fabuleux massifs de la r\u00e9gion grenobloise !<\/p>\n<p><a href=\"https:\/\/heligo.aero\/fr\/grenoble\/6-6-vol-panoramique-de-15-min-en-as350-au-depart-de-grenoble-vol-privatif-pour-1-a-5-personnes.html#\/29-contact_base-grenoble_aerodrome_du_versoud_04_76_77_37_45_grenoblembhfr\" target=\"_blank\" rel=\"noopener\">En savoir plus<\/a>[\/vc_column_text][vc_column_text]<\/p>\n<h2 style=\"text-align: center;\">Vol panoramique de 30 min en AS350 au d\u00e9part de Grenoble (vol privatif pour 1 \u00e0 5 personnes)<\/h2>\n<p style=\"text-align: center;\">Vivez une exp\u00e9rience inoubliable lors d&rsquo;un vol en h\u00e9licopt\u00e8re de 30 minutes au dessus des fabuleux massifs de la r\u00e9gion grenobloise !<\/p>\n<p><a href=\"https:\/\/heligo.aero\/fr\/grenoble\/4-4-vol-panoramique-de-30-min-en-as350-au-depart-de-grenoble-vol-privatif-pour-1-a-5-personnes.html#\/29-contact_base-grenoble_aerodrome_du_versoud_04_76_77_37_45_grenoblembhfr\" target=\"_blank\" rel=\"noopener\">En savoir plus<\/a>[\/vc_column_text]<\/div>[vc_btn title=\u00a0\u00bbVols Grenoble\u00a0\u00bb style=\u00a0\u00bbflat\u00a0\u00bb shape=\u00a0\u00bbsquare\u00a0\u00bb color=\u00a0\u00bbdefault\u00a0\u00bb align=\u00a0\u00bbcenter\u00a0\u00bb link=\u00a0\u00bburl:https%3A%2F%2Fheligo.aero%2Ffr%2F126-grenoble|target:_blank\u00a0\u00bb][\/vc_column][\/vc_row][vc_row][vc_column el_class=\u00a0\u00bbkomix-base&#8211;details\u00a0\u00bb width=\u00a0\u00bb1\/4&Prime;][\/vc_column][vc_column width=\u00a0\u00bb1\/4&Prime;][\/vc_column][\/vc_row]<\/p>\n<\/div>","protected":false},"excerpt":{"rendered":"<p>[vc_row type=\u00a0\u00bbfull_width_section\u00a0\u00bb bg_image=\u00a0\u00bb8935&Prime; top_padding=\u00a0\u00bb150&Prime; bottom_padding=\u00a0\u00bb150&Prime;][vc_column width=\u00a0\u00bb1\/1&Prime;][\/vc_column][\/vc_row][vc_row][vc_column width=\u00a0\u00bb1\/1&Prime;][vc_single_image image=\u00a0\u00bb4473&Prime; img_size=\u00a0\u00bb120&#215;120&Prime; alignment=\u00a0\u00bbcenter\u00a0\u00bb el_class=\u00a0\u00bbisotype\u00a0\u00bb][vc_column_text] NOS BASES EST [\/vc_column_text][vc_custom_heading text=\u00a0\u00bbSurvolez une r\u00e9gion de caract\u00e8re entre vignes, ch\u00e2teaux et sommets enneig\u00e9s, vus du ciel !\u00a0\u00bb font_container=\u00a0\u00bbtag:p|font_size:22px|text_align:center\u00a0\u00bb use_theme_fonts=\u00a0\u00bbyes\u00a0\u00bb][\/vc_column][\/vc_row][vc_row][vc_column el_class=\u00a0\u00bbkomix-base&#8211;details\u00a0\u00bb width=\u00a0\u00bb1\/1&Prime;][vc_single_image image=\u00a0\u00bb8914&Prime; img_size=\u00a0\u00bb\u00a0\u00bb alignment=\u00a0\u00bbcenter\u00a0\u00bb][vc_btn title=\u00a0\u00bbVols Grenoble\u00a0\u00bb style=\u00a0\u00bbflat\u00a0\u00bb shape=\u00a0\u00bbsquare\u00a0\u00bb color=\u00a0\u00bbdefault\u00a0\u00bb align=\u00a0\u00bbcenter\u00a0\u00bb link=\u00a0\u00bburl:https%3A%2F%2Fheligo.aero%2Ffr%2F126-grenoble|target:_blank\u00a0\u00bb][\/vc_column][\/vc_row][vc_row][vc_column el_class=\u00a0\u00bbkomix-base&#8211;details\u00a0\u00bb width=\u00a0\u00bb1\/4&Prime;][\/vc_column][vc_column width=\u00a0\u00bb1\/4&Prime;][\/vc_column][\/vc_row]<\/p>\n","protected":false},"author":7,"featured_media":0,"parent":0,"menu_order":0,"comment_status":"closed","ping_status":"closed","template":"","meta":{"_acf_changed":false,"footnotes":""},"class_list":["post-9014","page","type-page","status-publish","hentry"],"acf":[],"yoast_head":"<!-- This site is optimized with the Yoast SEO plugin v26.9 - https:\/\/yoast.com\/product\/yoast-seo-wordpress\/ -->\n<title>Nos bases - Est - Mont-Blanc H\u00e9licopt\u00e8res<\/title>\n<meta name=\"robots\" content=\"index, follow, max-snippet:-1, max-image-preview:large, max-video-preview:-1\" \/>\n<link rel=\"canonical\" href=\"https:\/\/www.mbh.fr\/fr\/nos-bases-est\/\" \/>\n<meta property=\"og:locale\" content=\"fr_FR\" \/>\n<meta property=\"og:type\" content=\"article\" \/>\n<meta property=\"og:title\" content=\"Nos bases - Est - Mont-Blanc H\u00e9licopt\u00e8res\" \/>\n<meta property=\"og:description\" content=\"[vc_row type=\u00a0\u00bbfull_width_section\u00a0\u00bb bg_image=\u00a0\u00bb8935&Prime; top_padding=\u00a0\u00bb150&Prime; bottom_padding=\u00a0\u00bb150&Prime;][vc_column width=\u00a0\u00bb1\/1&Prime;][\/vc_column][\/vc_row][vc_row][vc_column width=\u00a0\u00bb1\/1&Prime;][vc_single_image image=\u00a0\u00bb4473&Prime; img_size=\u00a0\u00bb120&#215;120&Prime; alignment=\u00a0\u00bbcenter\u00a0\u00bb el_class=\u00a0\u00bbisotype\u00a0\u00bb][vc_column_text] NOS BASES EST [\/vc_column_text][vc_custom_heading text=\u00a0\u00bbSurvolez une r\u00e9gion de caract\u00e8re entre vignes, ch\u00e2teaux et sommets enneig\u00e9s, vus du ciel !\u00a0\u00bb font_container=\u00a0\u00bbtag:p|font_size:22px|text_align:center\u00a0\u00bb use_theme_fonts=\u00a0\u00bbyes\u00a0\u00bb][\/vc_column][\/vc_row][vc_row][vc_column el_class=\u00a0\u00bbkomix-base&#8211;details\u00a0\u00bb width=\u00a0\u00bb1\/1&Prime;][vc_single_image image=\u00a0\u00bb8914&Prime; img_size=\u00a0\u00bb\u00a0\u00bb alignment=\u00a0\u00bbcenter\u00a0\u00bb][vc_btn title=\u00a0\u00bbVols Grenoble\u00a0\u00bb style=\u00a0\u00bbflat\u00a0\u00bb shape=\u00a0\u00bbsquare\u00a0\u00bb color=\u00a0\u00bbdefault\u00a0\u00bb align=\u00a0\u00bbcenter\u00a0\u00bb link=\u00a0\u00bburl:https%3A%2F%2Fheligo.aero%2Ffr%2F126-grenoble|target:_blank\u00a0\u00bb][\/vc_column][\/vc_row][vc_row][vc_column el_class=\u00a0\u00bbkomix-base&#8211;details\u00a0\u00bb width=\u00a0\u00bb1\/4&Prime;][\/vc_column][vc_column width=\u00a0\u00bb1\/4&Prime;][\/vc_column][\/vc_row]\" \/>\n<meta property=\"og:url\" content=\"https:\/\/www.mbh.fr\/fr\/nos-bases-est\/\" \/>\n<meta property=\"og:site_name\" content=\"Mont-Blanc H\u00e9licopt\u00e8res\" \/>\n<meta property=\"article:publisher\" content=\"https:\/\/www.facebook.com\/MontBlancHelicopteres\/\" \/>\n<meta property=\"article:modified_time\" content=\"2023-09-12T15:08:51+00:00\" \/>\n<meta name=\"twitter:card\" content=\"summary_large_image\" \/>\n<meta name=\"twitter:site\" content=\"@MBHelicopteres\" \/>\n<meta name=\"twitter:label1\" content=\"Dur\u00e9e de lecture estim\u00e9e\" \/>\n\t<meta name=\"twitter:data1\" content=\"2 minutes\" \/>\n<script type=\"application\/ld+json\" class=\"yoast-schema-graph\">{\"@context\":\"https:\/\/schema.org\",\"@graph\":[{\"@type\":\"WebPage\",\"@id\":\"https:\/\/www.mbh.fr\/fr\/nos-bases-est\/\",\"url\":\"https:\/\/www.mbh.fr\/fr\/nos-bases-est\/\",\"name\":\"Nos bases - Est - Mont-Blanc H\u00e9licopt\u00e8res\",\"isPartOf\":{\"@id\":\"https:\/\/www.mbh.fr\/fr\/#website\"},\"datePublished\":\"2021-06-29T13:41:27+00:00\",\"dateModified\":\"2023-09-12T15:08:51+00:00\",\"breadcrumb\":{\"@id\":\"https:\/\/www.mbh.fr\/fr\/nos-bases-est\/#breadcrumb\"},\"inLanguage\":\"fr-FR\",\"potentialAction\":[{\"@type\":\"ReadAction\",\"target\":[\"https:\/\/www.mbh.fr\/fr\/nos-bases-est\/\"]}]},{\"@type\":\"BreadcrumbList\",\"@id\":\"https:\/\/www.mbh.fr\/fr\/nos-bases-est\/#breadcrumb\",\"itemListElement\":[{\"@type\":\"ListItem\",\"position\":1,\"name\":\"Accueil\",\"item\":\"https:\/\/www.mbh.fr\/fr\/\"},{\"@type\":\"ListItem\",\"position\":2,\"name\":\"Nos bases &#8211; Est\"}]},{\"@type\":\"WebSite\",\"@id\":\"https:\/\/www.mbh.fr\/fr\/#website\",\"url\":\"https:\/\/www.mbh.fr\/fr\/\",\"name\":\"Mont-Blanc H\u00e9licopt\u00e8res\",\"description\":\"\",\"publisher\":{\"@id\":\"https:\/\/www.mbh.fr\/fr\/#organization\"},\"potentialAction\":[{\"@type\":\"SearchAction\",\"target\":{\"@type\":\"EntryPoint\",\"urlTemplate\":\"https:\/\/www.mbh.fr\/fr\/?s={search_term_string}\"},\"query-input\":{\"@type\":\"PropertyValueSpecification\",\"valueRequired\":true,\"valueName\":\"search_term_string\"}}],\"inLanguage\":\"fr-FR\"},{\"@type\":\"Organization\",\"@id\":\"https:\/\/www.mbh.fr\/fr\/#organization\",\"name\":\"mont blanc h\u00e9licopt\u00e8res\",\"url\":\"https:\/\/www.mbh.fr\/fr\/\",\"logo\":{\"@type\":\"ImageObject\",\"inLanguage\":\"fr-FR\",\"@id\":\"https:\/\/www.mbh.fr\/fr\/#\/schema\/logo\/image\/\",\"url\":\"\",\"contentUrl\":\"\",\"caption\":\"mont blanc h\u00e9licopt\u00e8res\"},\"image\":{\"@id\":\"https:\/\/www.mbh.fr\/fr\/#\/schema\/logo\/image\/\"},\"sameAs\":[\"https:\/\/www.facebook.com\/MontBlancHelicopteres\/\",\"https:\/\/x.com\/MBHelicopteres\",\"https:\/\/www.instagram.com\/montblanchelicopteres\/\",\"https:\/\/www.linkedin.com\/company\/715290\/\"]}]}<\/script>\n<!-- \/ Yoast SEO plugin. -->","yoast_head_json":{"title":"Nos bases - Est - Mont-Blanc H\u00e9licopt\u00e8res","robots":{"index":"index","follow":"follow","max-snippet":"max-snippet:-1","max-image-preview":"max-image-preview:large","max-video-preview":"max-video-preview:-1"},"canonical":"https:\/\/www.mbh.fr\/fr\/nos-bases-est\/","og_locale":"fr_FR","og_type":"article","og_title":"Nos bases - Est - Mont-Blanc H\u00e9licopt\u00e8res","og_description":"[vc_row type=\u00a0\u00bbfull_width_section\u00a0\u00bb bg_image=\u00a0\u00bb8935&Prime; top_padding=\u00a0\u00bb150&Prime; bottom_padding=\u00a0\u00bb150&Prime;][vc_column width=\u00a0\u00bb1\/1&Prime;][\/vc_column][\/vc_row][vc_row][vc_column width=\u00a0\u00bb1\/1&Prime;][vc_single_image image=\u00a0\u00bb4473&Prime; img_size=\u00a0\u00bb120&#215;120&Prime; alignment=\u00a0\u00bbcenter\u00a0\u00bb el_class=\u00a0\u00bbisotype\u00a0\u00bb][vc_column_text] NOS BASES EST [\/vc_column_text][vc_custom_heading text=\u00a0\u00bbSurvolez une r\u00e9gion de caract\u00e8re entre vignes, ch\u00e2teaux et sommets enneig\u00e9s, vus du ciel !\u00a0\u00bb font_container=\u00a0\u00bbtag:p|font_size:22px|text_align:center\u00a0\u00bb use_theme_fonts=\u00a0\u00bbyes\u00a0\u00bb][\/vc_column][\/vc_row][vc_row][vc_column el_class=\u00a0\u00bbkomix-base&#8211;details\u00a0\u00bb width=\u00a0\u00bb1\/1&Prime;][vc_single_image image=\u00a0\u00bb8914&Prime; img_size=\u00a0\u00bb\u00a0\u00bb alignment=\u00a0\u00bbcenter\u00a0\u00bb][vc_btn title=\u00a0\u00bbVols Grenoble\u00a0\u00bb style=\u00a0\u00bbflat\u00a0\u00bb shape=\u00a0\u00bbsquare\u00a0\u00bb color=\u00a0\u00bbdefault\u00a0\u00bb align=\u00a0\u00bbcenter\u00a0\u00bb link=\u00a0\u00bburl:https%3A%2F%2Fheligo.aero%2Ffr%2F126-grenoble|target:_blank\u00a0\u00bb][\/vc_column][\/vc_row][vc_row][vc_column el_class=\u00a0\u00bbkomix-base&#8211;details\u00a0\u00bb width=\u00a0\u00bb1\/4&Prime;][\/vc_column][vc_column width=\u00a0\u00bb1\/4&Prime;][\/vc_column][\/vc_row]","og_url":"https:\/\/www.mbh.fr\/fr\/nos-bases-est\/","og_site_name":"Mont-Blanc H\u00e9licopt\u00e8res","article_publisher":"https:\/\/www.facebook.com\/MontBlancHelicopteres\/","article_modified_time":"2023-09-12T15:08:51+00:00","twitter_card":"summary_large_image","twitter_site":"@MBHelicopteres","twitter_misc":{"Dur\u00e9e de lecture estim\u00e9e":"2 minutes"},"schema":{"@context":"https:\/\/schema.org","@graph":[{"@type":"WebPage","@id":"https:\/\/www.mbh.fr\/fr\/nos-bases-est\/","url":"https:\/\/www.mbh.fr\/fr\/nos-bases-est\/","name":"Nos bases - Est - Mont-Blanc H\u00e9licopt\u00e8res","isPartOf":{"@id":"https:\/\/www.mbh.fr\/fr\/#website"},"datePublished":"2021-06-29T13:41:27+00:00","dateModified":"2023-09-12T15:08:51+00:00","breadcrumb":{"@id":"https:\/\/www.mbh.fr\/fr\/nos-bases-est\/#breadcrumb"},"inLanguage":"fr-FR","potentialAction":[{"@type":"ReadAction","target":["https:\/\/www.mbh.fr\/fr\/nos-bases-est\/"]}]},{"@type":"BreadcrumbList","@id":"https:\/\/www.mbh.fr\/fr\/nos-bases-est\/#breadcrumb","itemListElement":[{"@type":"ListItem","position":1,"name":"Accueil","item":"https:\/\/www.mbh.fr\/fr\/"},{"@type":"ListItem","position":2,"name":"Nos bases &#8211; Est"}]},{"@type":"WebSite","@id":"https:\/\/www.mbh.fr\/fr\/#website","url":"https:\/\/www.mbh.fr\/fr\/","name":"Mont-Blanc H\u00e9licopt\u00e8res","description":"","publisher":{"@id":"https:\/\/www.mbh.fr\/fr\/#organization"},"potentialAction":[{"@type":"SearchAction","target":{"@type":"EntryPoint","urlTemplate":"https:\/\/www.mbh.fr\/fr\/?s={search_term_string}"},"query-input":{"@type":"PropertyValueSpecification","valueRequired":true,"valueName":"search_term_string"}}],"inLanguage":"fr-FR"},{"@type":"Organization","@id":"https:\/\/www.mbh.fr\/fr\/#organization","name":"mont blanc h\u00e9licopt\u00e8res","url":"https:\/\/www.mbh.fr\/fr\/","logo":{"@type":"ImageObject","inLanguage":"fr-FR","@id":"https:\/\/www.mbh.fr\/fr\/#\/schema\/logo\/image\/","url":"","contentUrl":"","caption":"mont blanc h\u00e9licopt\u00e8res"},"image":{"@id":"https:\/\/www.mbh.fr\/fr\/#\/schema\/logo\/image\/"},"sameAs":["https:\/\/www.facebook.com\/MontBlancHelicopteres\/","https:\/\/x.com\/MBHelicopteres","https:\/\/www.instagram.com\/montblanchelicopteres\/","https:\/\/www.linkedin.com\/company\/715290\/"]}]}},"_links":{"self":[{"href":"https:\/\/www.mbh.fr\/fr\/wp-json\/wp\/v2\/pages\/9014","targetHints":{"allow":["GET"]}}],"collection":[{"href":"https:\/\/www.mbh.fr\/fr\/wp-json\/wp\/v2\/pages"}],"about":[{"href":"https:\/\/www.mbh.fr\/fr\/wp-json\/wp\/v2\/types\/page"}],"author":[{"embeddable":true,"href":"https:\/\/www.mbh.fr\/fr\/wp-json\/wp\/v2\/users\/7"}],"replies":[{"embeddable":true,"href":"https:\/\/www.mbh.fr\/fr\/wp-json\/wp\/v2\/comments?post=9014"}],"version-history":[{"count":5,"href":"https:\/\/www.mbh.fr\/fr\/wp-json\/wp\/v2\/pages\/9014\/revisions"}],"predecessor-version":[{"id":13293,"href":"https:\/\/www.mbh.fr\/fr\/wp-json\/wp\/v2\/pages\/9014\/revisions\/13293"}],"wp:attachment":[{"href":"https:\/\/www.mbh.fr\/fr\/wp-json\/wp\/v2\/media?parent=9014"}],"curies":[{"name":"wp","href":"https:\/\/api.w.org\/{rel}","templated":true}]}}